{"id":4671,"date":"2018-03-26T09:28:06","date_gmt":"2018-03-26T08:28:06","guid":{"rendered":"https:\/\/woo-themes-plugins.com\/product\/follow-ups-emailing-emarketing-woocommerce-loyalitats-plugin\/"},"modified":"2018-03-26T09:28:06","modified_gmt":"2018-03-26T08:28:06","slug":"follow-ups-emailing-emarketing-woocommerce-loyalitats-plugin","status":"publish","type":"product","link":"https:\/\/woo-themes-plugins.com\/de\/product\/follow-ups-emailing-emarketing-woocommerce-loyalitats-plugin\/","title":{"rendered":"Follow Ups &#8211; eMailing &amp; eMarketing &#8211; WooCommerce Loyalit\u00e4ts-Plugin"},"content":{"rendered":"<p><span id=\"result_box\" class=\"\" lang=\"de\"><span title=\"Follow Ups s'adresse \u00e0 deux publiques diff\u00e9rents, ceux travaillant avec des clients (une boutique de eCommerce en gros) et ceux travaillant \u00e0 fournir de la formation en ligne.\">Follow Ups richtet sich an zwei verschiedene Zielgruppen, an Kunden, die mit Kunden arbeiten (ein eCommerce-Gro\u00dfhandelsgesch\u00e4ft) und an Mitarbeiter, die Online-Schulungen anbieten. <\/span><span title=\"Si j'en parle, c'est que cette extension WooCommerce va nous permettre de mettre en place des automatismes, dans ces deux types de cas.\n\n\">Wenn ich dar\u00fcber spreche, liegt es daran, dass diese Erweiterung von WooCommerce es uns erm\u00f6glicht, in diesen zwei Arten von F\u00e4llen Automatismen einzurichten.<\/p>\n<p><\/span><span title=\"Gr\u00e2ce \u00e0 ce plugin WooCommerce, tu va pouvoir avoir un meilleur engagement de tes clients ou \u00e9tudiants en mettant sur pied des solutions complexes de campagnes d'emailing automatiques le tout bas\u00e9 sur l'historique de chaque client.\n\n\">Dank dieses WooCommerce-Plugins k\u00f6nnen Sie Ihre Kunden oder Studenten besser erreichen, indem Sie komplexe L\u00f6sungen f\u00fcr automatische E-Mail-Kampagnen einrichten, die auf der Geschichte jedes Kunden basieren.<\/p>\n<p><\/span><span title=\"Ce plugin WooCommerce nous permet de :\n\n\u00a0\u00a0\u00a0\u00a0\">Dieses WooCommerce Plugin erlaubt uns:<\/p>\n<p><\/span><span title=\"Utiliser la force qu'est l'email et twitter sur nos clients et prospects\n\u00a0\u00a0\u00a0\u00a0\">Nutzen Sie die St\u00e4rke von E-Mail und Twitter f\u00fcr unsere Kunden und Interessenten<br \/>\n<\/span><span title=\"Suivre avec efficacit\u00e9 le suivi de nos campagnes\n\u00a0\u00a0\u00a0\u00a0\">Beobachten Sie effektiv die \u00dcberwachung unserer Kampagnen<br \/>\n<\/span><span title=\"Automatise le processus de la communication marketing \u00e0 destinations de nos client\n\u00a0\u00a0\u00a0\u00a0\">Automatisiert den Prozess der Marketingkommunikation zu den Zielen unserer Kunden<br \/>\n<\/span><span title=\"Possibilit\u00e9 de ciblage sur ses clients pour se focaliser sur les 20% r\u00e9alisant 80% de notre chiffre d'affaire\n\u00a0\u00a0\u00a0\u00a0\">Kunden sollen sich darauf konzentrieren, dass 20% 80% unseres Umsatzes erreichen<br \/>\n<\/span><span title=\"Possibilit\u00e9 de personnaliser les templates utilis\u00e9s pour l'envoi des courriels, \u00e0 chaque campagne\n\n\">M\u00f6glichkeit, die Vorlagen anzupassen, mit denen E-Mails an jede Kampagne gesendet werden<\/p>\n<p><\/span><span title=\"L'utilisation du levier marketing qu'est l'email est \u00e0 prendre tr\u00e8s au s\u00e9rieux.\">Die Nutzung des Marketing-Hebels E-Mail ist sehr ernst zu nehmen. <\/span><span title=\"De tr\u00e8s nombreuses \u00e9tudes montrent qu'un euro de d\u00e9pens\u00e9 est bien souvent multipli\u00e9 par quarante.\">Zahlreiche Studien zeigen, dass ein Euro der Ausgaben oft mit vierzig multipliziert wird. <\/span><span title=\"Ce n'est pas une blague.\">Das ist kein Witz.<\/span><\/span><\/p>\n","protected":false},"excerpt":{"rendered":"<p><span id=\"result_box\" class=\"\" lang=\"de\">Das WooCommerce Follow Ups-Plugin erm\u00f6glicht es Ihnen, nur den eMarketing-Aspekt Ihrer E-Commerce-Site zu bearbeiten und gleichzeitig eine gro\u00dfe Segmentierung zu erm\u00f6glichen. Eine der St\u00e4rken dieses Plugins ist es, sowohl eine echte Unterst\u00fctzung f\u00fcr E-Mail-Marketing zu bieten, als auch, was heute in Netzwerken kommuniziert werden soll.<\/span><\/p>\n","protected":false},"featured_media":2640,"template":"","meta":{"_monsterinsights_skip_tracking":false,"_monsterinsights_sitenote_active":false,"_monsterinsights_sitenote_note":"","_monsterinsights_sitenote_category":0},"product_cat":[208],"product_tag":[1087,1046,621,1058,1068],"class_list":["post-4671","product","type-product","status-publish","has-post-thumbnail","hentry","product_cat-plugin-woocommerce-de","product_tag-e-mail-marketing-woocommerce-de","product_tag-kunden-und-woocommerce-loyalitat","product_tag-mailchimp-woocommerce-de","product_tag-plugin-emarketing-woocommerce-de","product_tag-soziale-netzwerke-woocommerce","pa_dev-woo-plugin-theme-woocommerce-de","pa_marketplace-woocommerce-woocommerce-com-de"],"yoast_head":"<!-- This site is optimized with the Yoast SEO plugin v23.1 - https:\/\/yoast.com\/wordpress\/plugins\/seo\/ -->\n<title>Folgen Sie Ups - eMailing &amp; eMarketing automatisch f\u00fcr WooCommerce<\/title>\n<meta name=\"description\" content=\"Follow Ups ist das offizielle WooCommerce-Plugin, mit dem wir automatisch E-Mails und Tweets an unsere Kunden und Interessenten senden k\u00f6nnen, w\u00e4hrend wir \u00fcber eine sehr effektive Tracking-Oberfl\u00e4che alles verfolgen k\u00f6nnen. Ein unverzichtbares Plugin, um den Umsatz zu steigern.\" \/>\n<meta name=\"robots\" content=\"index, follow, max-snippet:-1, max-image-preview:large, max-video-preview:-1\" \/>\n<link rel=\"canonical\" href=\"https:\/\/woo-themes-plugins.com\/de\/produkt\/follow-ups-emailing-emarketing-woocommerce-loyalitats-plugin\/\" \/>\n<meta property=\"og:locale\" content=\"de_DE\" \/>\n<meta property=\"og:type\" content=\"article\" \/>\n<meta property=\"og:title\" content=\"Folgen Sie Ups - eMailing &amp; eMarketing automatisch f\u00fcr WooCommerce\" \/>\n<meta property=\"og:description\" content=\"Follow Ups ist das offizielle WooCommerce-Plugin, mit dem wir automatisch E-Mails und Tweets an unsere Kunden und Interessenten senden k\u00f6nnen, w\u00e4hrend wir \u00fcber eine sehr effektive Tracking-Oberfl\u00e4che alles verfolgen k\u00f6nnen. Ein unverzichtbares Plugin, um den Umsatz zu steigern.\" \/>\n<meta property=\"og:url\" content=\"https:\/\/woo-themes-plugins.com\/de\/produkt\/follow-ups-emailing-emarketing-woocommerce-loyalitats-plugin\/\" \/>\n<meta property=\"og:site_name\" content=\"Woo-themes-plugins.com\" \/>\n<meta property=\"og:image\" content=\"https:\/\/woo-themes-plugins.com\/wp-content\/uploads\/sites\/7\/2018\/03\/woo-themes-plugins_woocommerce-follow-ups-plugin-woocommerce.jpg\" \/>\n\t<meta property=\"og:image:width\" content=\"900\" \/>\n\t<meta property=\"og:image:height\" content=\"900\" \/>\n\t<meta property=\"og:image:type\" content=\"image\/jpeg\" \/>\n<meta name=\"twitter:label1\" content=\"Gesch\u00e4tzte Lesezeit\" \/>\n\t<meta name=\"twitter:data1\" content=\"1\u00a0Minute\" \/>\n<script type=\"application\/ld+json\" class=\"yoast-schema-graph\">{\"@context\":\"https:\/\/schema.org\",\"@graph\":[{\"@type\":\"WebPage\",\"@id\":\"https:\/\/woo-themes-plugins.com\/de\/produkt\/follow-ups-emailing-emarketing-woocommerce-loyalitats-plugin\/\",\"url\":\"https:\/\/woo-themes-plugins.com\/de\/produkt\/follow-ups-emailing-emarketing-woocommerce-loyalitats-plugin\/\",\"name\":\"Folgen Sie Ups - eMailing & eMarketing automatisch f\u00fcr WooCommerce\",\"isPartOf\":{\"@id\":\"https:\/\/woo-themes-plugins.com\/it\/#website\"},\"primaryImageOfPage\":{\"@id\":\"https:\/\/woo-themes-plugins.com\/de\/produkt\/follow-ups-emailing-emarketing-woocommerce-loyalitats-plugin\/#primaryimage\"},\"image\":{\"@id\":\"https:\/\/woo-themes-plugins.com\/de\/produkt\/follow-ups-emailing-emarketing-woocommerce-loyalitats-plugin\/#primaryimage\"},\"thumbnailUrl\":\"https:\/\/woo-themes-plugins.com\/wp-content\/uploads\/sites\/7\/2018\/03\/woo-themes-plugins_woocommerce-follow-ups-plugin-woocommerce.jpg\",\"datePublished\":\"2018-03-26T08:28:06+00:00\",\"dateModified\":\"2018-03-26T08:28:06+00:00\",\"description\":\"Follow Ups ist das offizielle WooCommerce-Plugin, mit dem wir automatisch E-Mails und Tweets an unsere Kunden und Interessenten senden k\u00f6nnen, w\u00e4hrend wir \u00fcber eine sehr effektive Tracking-Oberfl\u00e4che alles verfolgen k\u00f6nnen. Ein unverzichtbares Plugin, um den Umsatz zu steigern.\",\"breadcrumb\":{\"@id\":\"https:\/\/woo-themes-plugins.com\/de\/produkt\/follow-ups-emailing-emarketing-woocommerce-loyalitats-plugin\/#breadcrumb\"},\"inLanguage\":\"de\",\"potentialAction\":[{\"@type\":\"ReadAction\",\"target\":[\"https:\/\/woo-themes-plugins.com\/de\/produkt\/follow-ups-emailing-emarketing-woocommerce-loyalitats-plugin\/\"]}]},{\"@type\":\"ImageObject\",\"inLanguage\":\"de\",\"@id\":\"https:\/\/woo-themes-plugins.com\/de\/produkt\/follow-ups-emailing-emarketing-woocommerce-loyalitats-plugin\/#primaryimage\",\"url\":\"https:\/\/woo-themes-plugins.com\/wp-content\/uploads\/sites\/7\/2018\/03\/woo-themes-plugins_woocommerce-follow-ups-plugin-woocommerce.jpg\",\"contentUrl\":\"https:\/\/woo-themes-plugins.com\/wp-content\/uploads\/sites\/7\/2018\/03\/woo-themes-plugins_woocommerce-follow-ups-plugin-woocommerce.jpg\",\"width\":900,\"height\":900},{\"@type\":\"BreadcrumbList\",\"@id\":\"https:\/\/woo-themes-plugins.com\/de\/produkt\/follow-ups-emailing-emarketing-woocommerce-loyalitats-plugin\/#breadcrumb\",\"itemListElement\":[{\"@type\":\"ListItem\",\"position\":1,\"name\":\"Accueil\",\"item\":\"https:\/\/woo-themes-plugins.com\/fr\/\"},{\"@type\":\"ListItem\",\"position\":2,\"name\":\"Shop\",\"item\":\"https:\/\/woo-themes-plugins.com\/shop\/\"},{\"@type\":\"ListItem\",\"position\":3,\"name\":\"Follow Ups &#8211; eMailing &amp; eMarketing &#8211; WooCommerce Loyalit\u00e4ts-Plugin\"}]},{\"@type\":\"WebSite\",\"@id\":\"https:\/\/woo-themes-plugins.com\/it\/#website\",\"url\":\"https:\/\/woo-themes-plugins.com\/it\/\",\"name\":\"Woo-themes-plugins.com\",\"description\":\"Tous les th\u00e8mes et plugins WooCommerce Premium\",\"potentialAction\":[{\"@type\":\"SearchAction\",\"target\":{\"@type\":\"EntryPoint\",\"urlTemplate\":\"https:\/\/woo-themes-plugins.com\/it\/?s={search_term_string}\"},\"query-input\":\"required name=search_term_string\"}],\"inLanguage\":\"de\"}]}<\/script>\n<!-- \/ Yoast SEO plugin. -->","yoast_head_json":{"title":"Folgen Sie Ups - eMailing & eMarketing automatisch f\u00fcr WooCommerce","description":"Follow Ups ist das offizielle WooCommerce-Plugin, mit dem wir automatisch E-Mails und Tweets an unsere Kunden und Interessenten senden k\u00f6nnen, w\u00e4hrend wir \u00fcber eine sehr effektive Tracking-Oberfl\u00e4che alles verfolgen k\u00f6nnen. Ein unverzichtbares Plugin, um den Umsatz zu steigern.","robots":{"index":"index","follow":"follow","max-snippet":"max-snippet:-1","max-image-preview":"max-image-preview:large","max-video-preview":"max-video-preview:-1"},"canonical":"https:\/\/woo-themes-plugins.com\/de\/produkt\/follow-ups-emailing-emarketing-woocommerce-loyalitats-plugin\/","og_locale":"de_DE","og_type":"article","og_title":"Folgen Sie Ups - eMailing & eMarketing automatisch f\u00fcr WooCommerce","og_description":"Follow Ups ist das offizielle WooCommerce-Plugin, mit dem wir automatisch E-Mails und Tweets an unsere Kunden und Interessenten senden k\u00f6nnen, w\u00e4hrend wir \u00fcber eine sehr effektive Tracking-Oberfl\u00e4che alles verfolgen k\u00f6nnen. Ein unverzichtbares Plugin, um den Umsatz zu steigern.","og_url":"https:\/\/woo-themes-plugins.com\/de\/produkt\/follow-ups-emailing-emarketing-woocommerce-loyalitats-plugin\/","og_site_name":"Woo-themes-plugins.com","og_image":[{"width":900,"height":900,"url":"https:\/\/woo-themes-plugins.com\/wp-content\/uploads\/sites\/7\/2018\/03\/woo-themes-plugins_woocommerce-follow-ups-plugin-woocommerce.jpg","type":"image\/jpeg"}],"twitter_misc":{"Gesch\u00e4tzte Lesezeit":"1\u00a0Minute"},"schema":{"@context":"https:\/\/schema.org","@graph":[{"@type":"WebPage","@id":"https:\/\/woo-themes-plugins.com\/de\/produkt\/follow-ups-emailing-emarketing-woocommerce-loyalitats-plugin\/","url":"https:\/\/woo-themes-plugins.com\/de\/produkt\/follow-ups-emailing-emarketing-woocommerce-loyalitats-plugin\/","name":"Folgen Sie Ups - eMailing & eMarketing automatisch f\u00fcr WooCommerce","isPartOf":{"@id":"https:\/\/woo-themes-plugins.com\/it\/#website"},"primaryImageOfPage":{"@id":"https:\/\/woo-themes-plugins.com\/de\/produkt\/follow-ups-emailing-emarketing-woocommerce-loyalitats-plugin\/#primaryimage"},"image":{"@id":"https:\/\/woo-themes-plugins.com\/de\/produkt\/follow-ups-emailing-emarketing-woocommerce-loyalitats-plugin\/#primaryimage"},"thumbnailUrl":"https:\/\/woo-themes-plugins.com\/wp-content\/uploads\/sites\/7\/2018\/03\/woo-themes-plugins_woocommerce-follow-ups-plugin-woocommerce.jpg","datePublished":"2018-03-26T08:28:06+00:00","dateModified":"2018-03-26T08:28:06+00:00","description":"Follow Ups ist das offizielle WooCommerce-Plugin, mit dem wir automatisch E-Mails und Tweets an unsere Kunden und Interessenten senden k\u00f6nnen, w\u00e4hrend wir \u00fcber eine sehr effektive Tracking-Oberfl\u00e4che alles verfolgen k\u00f6nnen. Ein unverzichtbares Plugin, um den Umsatz zu steigern.","breadcrumb":{"@id":"https:\/\/woo-themes-plugins.com\/de\/produkt\/follow-ups-emailing-emarketing-woocommerce-loyalitats-plugin\/#breadcrumb"},"inLanguage":"de","potentialAction":[{"@type":"ReadAction","target":["https:\/\/woo-themes-plugins.com\/de\/produkt\/follow-ups-emailing-emarketing-woocommerce-loyalitats-plugin\/"]}]},{"@type":"ImageObject","inLanguage":"de","@id":"https:\/\/woo-themes-plugins.com\/de\/produkt\/follow-ups-emailing-emarketing-woocommerce-loyalitats-plugin\/#primaryimage","url":"https:\/\/woo-themes-plugins.com\/wp-content\/uploads\/sites\/7\/2018\/03\/woo-themes-plugins_woocommerce-follow-ups-plugin-woocommerce.jpg","contentUrl":"https:\/\/woo-themes-plugins.com\/wp-content\/uploads\/sites\/7\/2018\/03\/woo-themes-plugins_woocommerce-follow-ups-plugin-woocommerce.jpg","width":900,"height":900},{"@type":"BreadcrumbList","@id":"https:\/\/woo-themes-plugins.com\/de\/produkt\/follow-ups-emailing-emarketing-woocommerce-loyalitats-plugin\/#breadcrumb","itemListElement":[{"@type":"ListItem","position":1,"name":"Accueil","item":"https:\/\/woo-themes-plugins.com\/fr\/"},{"@type":"ListItem","position":2,"name":"Shop","item":"https:\/\/woo-themes-plugins.com\/shop\/"},{"@type":"ListItem","position":3,"name":"Follow Ups &#8211; eMailing &amp; eMarketing &#8211; WooCommerce Loyalit\u00e4ts-Plugin"}]},{"@type":"WebSite","@id":"https:\/\/woo-themes-plugins.com\/it\/#website","url":"https:\/\/woo-themes-plugins.com\/it\/","name":"Woo-themes-plugins.com","description":"Tous les th\u00e8mes et plugins WooCommerce Premium","potentialAction":[{"@type":"SearchAction","target":{"@type":"EntryPoint","urlTemplate":"https:\/\/woo-themes-plugins.com\/it\/?s={search_term_string}"},"query-input":"required name=search_term_string"}],"inLanguage":"de"}]}},"_links":{"self":[{"href":"https:\/\/woo-themes-plugins.com\/de\/wp-json\/wp\/v2\/product\/4671","targetHints":{"allow":["GET"]}}],"collection":[{"href":"https:\/\/woo-themes-plugins.com\/de\/wp-json\/wp\/v2\/product"}],"about":[{"href":"https:\/\/woo-themes-plugins.com\/de\/wp-json\/wp\/v2\/types\/product"}],"wp:featuredmedia":[{"embeddable":true,"href":"https:\/\/woo-themes-plugins.com\/de\/wp-json\/wp\/v2\/media\/2640"}],"wp:attachment":[{"href":"https:\/\/woo-themes-plugins.com\/de\/wp-json\/wp\/v2\/media?parent=4671"}],"wp:term":[{"taxonomy":"product_cat","embeddable":true,"href":"https:\/\/woo-themes-plugins.com\/de\/wp-json\/wp\/v2\/product_cat?post=4671"},{"taxonomy":"product_tag","embeddable":true,"href":"https:\/\/woo-themes-plugins.com\/de\/wp-json\/wp\/v2\/product_tag?post=4671"}],"curies":[{"name":"wp","href":"https:\/\/api.w.org\/{rel}","templated":true}]}}