{"id":4673,"date":"2018-03-26T09:35:54","date_gmt":"2018-03-26T08:35:54","guid":{"rendered":"https:\/\/woo-themes-plugins.com\/product\/google-produkt-feed-google-merchant-center-woocommerce-plugin\/"},"modified":"2018-03-26T09:35:54","modified_gmt":"2018-03-26T08:35:54","slug":"google-produkt-feed-google-merchant-center-woocommerce-plugin","status":"publish","type":"product","link":"https:\/\/woo-themes-plugins.com\/de\/product\/google-produkt-feed-google-merchant-center-woocommerce-plugin\/","title":{"rendered":"Google Produkt-Feed &#8211; Google Merchant Center &#8211; WooCommerce-Plugin"},"content":{"rendered":"<p><span id=\"result_box\" class=\"\" lang=\"de\">Dieses WooCommerce-Plugin erm\u00f6glicht es uns, einen Echtzeit-Feed f\u00fcr unsere Produkte zu erstellen, der vom Google Merchant Center gelesen und verstanden werden kann. Dies ist das Minimum, um Werbung f\u00fcr unsere Produkte zu machen.<\/p>\n<p>Diese WooCommerce-Erweiterung f\u00fcr das Google Merchant Center-Management erm\u00f6glicht es uns, zu definieren, was wir in diesem Feed \u00fcbertragen m\u00f6chten, wichtige Google Merchant Center-Produkteintr\u00e4ge hinzuzuf\u00fcgen, die mit einem grundlegenden WooCommerce nicht verf\u00fcgbar sind, und schlie\u00dflich die geltenden Regeln zu definieren. auf der Ebene der Produktkategorie oder des gesamten WooCommerce-Shops.<\/span><\/p>\n","protected":false},"excerpt":{"rendered":"<p><span id=\"result_box\" class=\"\" lang=\"de\">Wie der Name schon sagt, erlaubt dieses Plugin WooCommerce Ihnen einen Echtzeit-Feed f\u00fcr Ihre Produkte bereitzustellen, mit Informationen, die gut laufen. Hier ist ein Plugin, mit dem Ihr WooCommerce-Shop insbesondere in Google Shopping besser erscheinen kann.<\/span><\/p>\n","protected":false},"featured_media":2656,"template":"","meta":{"_monsterinsights_skip_tracking":false,"_monsterinsights_sitenote_active":false,"_monsterinsights_sitenote_note":"","_monsterinsights_sitenote_category":0},"product_cat":[208],"product_tag":[612,600,1114,1097],"class_list":["post-4673","product","type-product","status-publish","has-post-thumbnail","hentry","product_cat-plugin-woocommerce-de","product_tag-google-woocommerce-de","product_tag-google-shopping-woocommerce-de","product_tag-unverzichtbare-woocommerce","product_tag-woocommerce-produkt-produktgruppe-komplementarprodukt-de","pa_dev-woo-plugin-theme-ademti-software-de","pa_marketplace-woocommerce-woocommerce-com-de"],"yoast_head":"<!-- This site is optimized with the Yoast SEO plugin v23.1 - https:\/\/yoast.com\/wordpress\/plugins\/seo\/ -->\n<title>Google Produkt-Feed - Google Merchant Center - WooCommerce-Plugin<\/title>\n<meta name=\"description\" content=\"Geben Sie Ihrer WooCommerce-Website die Chance, die Vorteile des Google Merchant Center zu nutzen. Eine WooCommerce-Erweiterung, die f\u00fcr Sie jeden Tag schnell unverzichtbar wird.\" \/>\n<meta name=\"robots\" content=\"index, follow, max-snippet:-1, max-image-preview:large, max-video-preview:-1\" \/>\n<link rel=\"canonical\" href=\"https:\/\/woo-themes-plugins.com\/de\/produkt\/google-produkt-feed-google-merchant-center-woocommerce-plugin\/\" \/>\n<meta property=\"og:locale\" content=\"de_DE\" \/>\n<meta property=\"og:type\" content=\"article\" \/>\n<meta property=\"og:title\" content=\"Google Produkt-Feed - Google Merchant Center - WooCommerce-Plugin\" \/>\n<meta property=\"og:description\" content=\"Geben Sie Ihrer WooCommerce-Website die Chance, die Vorteile des Google Merchant Center zu nutzen. Eine WooCommerce-Erweiterung, die f\u00fcr Sie jeden Tag schnell unverzichtbar wird.\" \/>\n<meta property=\"og:url\" content=\"https:\/\/woo-themes-plugins.com\/de\/produkt\/google-produkt-feed-google-merchant-center-woocommerce-plugin\/\" \/>\n<meta property=\"og:site_name\" content=\"Woo-themes-plugins.com\" \/>\n<meta property=\"og:image\" content=\"https:\/\/woo-themes-plugins.com\/wp-content\/uploads\/sites\/7\/2018\/03\/woo-themes-plugins_woocommerce-google-product-feed-google-merchant-center-plugin-woocommerce.jpg\" \/>\n\t<meta property=\"og:image:width\" content=\"900\" \/>\n\t<meta property=\"og:image:height\" content=\"900\" \/>\n\t<meta property=\"og:image:type\" content=\"image\/jpeg\" \/>\n<script type=\"application\/ld+json\" class=\"yoast-schema-graph\">{\"@context\":\"https:\/\/schema.org\",\"@graph\":[{\"@type\":\"WebPage\",\"@id\":\"https:\/\/woo-themes-plugins.com\/de\/produkt\/google-produkt-feed-google-merchant-center-woocommerce-plugin\/\",\"url\":\"https:\/\/woo-themes-plugins.com\/de\/produkt\/google-produkt-feed-google-merchant-center-woocommerce-plugin\/\",\"name\":\"Google Produkt-Feed - Google Merchant Center - WooCommerce-Plugin\",\"isPartOf\":{\"@id\":\"https:\/\/woo-themes-plugins.com\/it\/#website\"},\"primaryImageOfPage\":{\"@id\":\"https:\/\/woo-themes-plugins.com\/de\/produkt\/google-produkt-feed-google-merchant-center-woocommerce-plugin\/#primaryimage\"},\"image\":{\"@id\":\"https:\/\/woo-themes-plugins.com\/de\/produkt\/google-produkt-feed-google-merchant-center-woocommerce-plugin\/#primaryimage\"},\"thumbnailUrl\":\"https:\/\/woo-themes-plugins.com\/wp-content\/uploads\/sites\/7\/2018\/03\/woo-themes-plugins_woocommerce-google-product-feed-google-merchant-center-plugin-woocommerce.jpg\",\"datePublished\":\"2018-03-26T08:35:54+00:00\",\"dateModified\":\"2018-03-26T08:35:54+00:00\",\"description\":\"Geben Sie Ihrer WooCommerce-Website die Chance, die Vorteile des Google Merchant Center zu nutzen. Eine WooCommerce-Erweiterung, die f\u00fcr Sie jeden Tag schnell unverzichtbar wird.\",\"breadcrumb\":{\"@id\":\"https:\/\/woo-themes-plugins.com\/de\/produkt\/google-produkt-feed-google-merchant-center-woocommerce-plugin\/#breadcrumb\"},\"inLanguage\":\"de\",\"potentialAction\":[{\"@type\":\"ReadAction\",\"target\":[\"https:\/\/woo-themes-plugins.com\/de\/produkt\/google-produkt-feed-google-merchant-center-woocommerce-plugin\/\"]}]},{\"@type\":\"ImageObject\",\"inLanguage\":\"de\",\"@id\":\"https:\/\/woo-themes-plugins.com\/de\/produkt\/google-produkt-feed-google-merchant-center-woocommerce-plugin\/#primaryimage\",\"url\":\"https:\/\/woo-themes-plugins.com\/wp-content\/uploads\/sites\/7\/2018\/03\/woo-themes-plugins_woocommerce-google-product-feed-google-merchant-center-plugin-woocommerce.jpg\",\"contentUrl\":\"https:\/\/woo-themes-plugins.com\/wp-content\/uploads\/sites\/7\/2018\/03\/woo-themes-plugins_woocommerce-google-product-feed-google-merchant-center-plugin-woocommerce.jpg\",\"width\":900,\"height\":900},{\"@type\":\"BreadcrumbList\",\"@id\":\"https:\/\/woo-themes-plugins.com\/de\/produkt\/google-produkt-feed-google-merchant-center-woocommerce-plugin\/#breadcrumb\",\"itemListElement\":[{\"@type\":\"ListItem\",\"position\":1,\"name\":\"Accueil\",\"item\":\"https:\/\/woo-themes-plugins.com\/fr\/\"},{\"@type\":\"ListItem\",\"position\":2,\"name\":\"Shop\",\"item\":\"https:\/\/woo-themes-plugins.com\/shop\/\"},{\"@type\":\"ListItem\",\"position\":3,\"name\":\"Google Produkt-Feed &#8211; Google Merchant Center &#8211; WooCommerce-Plugin\"}]},{\"@type\":\"WebSite\",\"@id\":\"https:\/\/woo-themes-plugins.com\/it\/#website\",\"url\":\"https:\/\/woo-themes-plugins.com\/it\/\",\"name\":\"Woo-themes-plugins.com\",\"description\":\"Tous les th\u00e8mes et plugins WooCommerce Premium\",\"potentialAction\":[{\"@type\":\"SearchAction\",\"target\":{\"@type\":\"EntryPoint\",\"urlTemplate\":\"https:\/\/woo-themes-plugins.com\/it\/?s={search_term_string}\"},\"query-input\":\"required name=search_term_string\"}],\"inLanguage\":\"de\"}]}<\/script>\n<!-- \/ Yoast SEO plugin. -->","yoast_head_json":{"title":"Google Produkt-Feed - Google Merchant Center - WooCommerce-Plugin","description":"Geben Sie Ihrer WooCommerce-Website die Chance, die Vorteile des Google Merchant Center zu nutzen. Eine WooCommerce-Erweiterung, die f\u00fcr Sie jeden Tag schnell unverzichtbar wird.","robots":{"index":"index","follow":"follow","max-snippet":"max-snippet:-1","max-image-preview":"max-image-preview:large","max-video-preview":"max-video-preview:-1"},"canonical":"https:\/\/woo-themes-plugins.com\/de\/produkt\/google-produkt-feed-google-merchant-center-woocommerce-plugin\/","og_locale":"de_DE","og_type":"article","og_title":"Google Produkt-Feed - Google Merchant Center - WooCommerce-Plugin","og_description":"Geben Sie Ihrer WooCommerce-Website die Chance, die Vorteile des Google Merchant Center zu nutzen. Eine WooCommerce-Erweiterung, die f\u00fcr Sie jeden Tag schnell unverzichtbar wird.","og_url":"https:\/\/woo-themes-plugins.com\/de\/produkt\/google-produkt-feed-google-merchant-center-woocommerce-plugin\/","og_site_name":"Woo-themes-plugins.com","og_image":[{"width":900,"height":900,"url":"https:\/\/woo-themes-plugins.com\/wp-content\/uploads\/sites\/7\/2018\/03\/woo-themes-plugins_woocommerce-google-product-feed-google-merchant-center-plugin-woocommerce.jpg","type":"image\/jpeg"}],"schema":{"@context":"https:\/\/schema.org","@graph":[{"@type":"WebPage","@id":"https:\/\/woo-themes-plugins.com\/de\/produkt\/google-produkt-feed-google-merchant-center-woocommerce-plugin\/","url":"https:\/\/woo-themes-plugins.com\/de\/produkt\/google-produkt-feed-google-merchant-center-woocommerce-plugin\/","name":"Google Produkt-Feed - Google Merchant Center - WooCommerce-Plugin","isPartOf":{"@id":"https:\/\/woo-themes-plugins.com\/it\/#website"},"primaryImageOfPage":{"@id":"https:\/\/woo-themes-plugins.com\/de\/produkt\/google-produkt-feed-google-merchant-center-woocommerce-plugin\/#primaryimage"},"image":{"@id":"https:\/\/woo-themes-plugins.com\/de\/produkt\/google-produkt-feed-google-merchant-center-woocommerce-plugin\/#primaryimage"},"thumbnailUrl":"https:\/\/woo-themes-plugins.com\/wp-content\/uploads\/sites\/7\/2018\/03\/woo-themes-plugins_woocommerce-google-product-feed-google-merchant-center-plugin-woocommerce.jpg","datePublished":"2018-03-26T08:35:54+00:00","dateModified":"2018-03-26T08:35:54+00:00","description":"Geben Sie Ihrer WooCommerce-Website die Chance, die Vorteile des Google Merchant Center zu nutzen. Eine WooCommerce-Erweiterung, die f\u00fcr Sie jeden Tag schnell unverzichtbar wird.","breadcrumb":{"@id":"https:\/\/woo-themes-plugins.com\/de\/produkt\/google-produkt-feed-google-merchant-center-woocommerce-plugin\/#breadcrumb"},"inLanguage":"de","potentialAction":[{"@type":"ReadAction","target":["https:\/\/woo-themes-plugins.com\/de\/produkt\/google-produkt-feed-google-merchant-center-woocommerce-plugin\/"]}]},{"@type":"ImageObject","inLanguage":"de","@id":"https:\/\/woo-themes-plugins.com\/de\/produkt\/google-produkt-feed-google-merchant-center-woocommerce-plugin\/#primaryimage","url":"https:\/\/woo-themes-plugins.com\/wp-content\/uploads\/sites\/7\/2018\/03\/woo-themes-plugins_woocommerce-google-product-feed-google-merchant-center-plugin-woocommerce.jpg","contentUrl":"https:\/\/woo-themes-plugins.com\/wp-content\/uploads\/sites\/7\/2018\/03\/woo-themes-plugins_woocommerce-google-product-feed-google-merchant-center-plugin-woocommerce.jpg","width":900,"height":900},{"@type":"BreadcrumbList","@id":"https:\/\/woo-themes-plugins.com\/de\/produkt\/google-produkt-feed-google-merchant-center-woocommerce-plugin\/#breadcrumb","itemListElement":[{"@type":"ListItem","position":1,"name":"Accueil","item":"https:\/\/woo-themes-plugins.com\/fr\/"},{"@type":"ListItem","position":2,"name":"Shop","item":"https:\/\/woo-themes-plugins.com\/shop\/"},{"@type":"ListItem","position":3,"name":"Google Produkt-Feed &#8211; Google Merchant Center &#8211; WooCommerce-Plugin"}]},{"@type":"WebSite","@id":"https:\/\/woo-themes-plugins.com\/it\/#website","url":"https:\/\/woo-themes-plugins.com\/it\/","name":"Woo-themes-plugins.com","description":"Tous les th\u00e8mes et plugins WooCommerce Premium","potentialAction":[{"@type":"SearchAction","target":{"@type":"EntryPoint","urlTemplate":"https:\/\/woo-themes-plugins.com\/it\/?s={search_term_string}"},"query-input":"required name=search_term_string"}],"inLanguage":"de"}]}},"_links":{"self":[{"href":"https:\/\/woo-themes-plugins.com\/de\/wp-json\/wp\/v2\/product\/4673","targetHints":{"allow":["GET"]}}],"collection":[{"href":"https:\/\/woo-themes-plugins.com\/de\/wp-json\/wp\/v2\/product"}],"about":[{"href":"https:\/\/woo-themes-plugins.com\/de\/wp-json\/wp\/v2\/types\/product"}],"wp:featuredmedia":[{"embeddable":true,"href":"https:\/\/woo-themes-plugins.com\/de\/wp-json\/wp\/v2\/media\/2656"}],"wp:attachment":[{"href":"https:\/\/woo-themes-plugins.com\/de\/wp-json\/wp\/v2\/media?parent=4673"}],"wp:term":[{"taxonomy":"product_cat","embeddable":true,"href":"https:\/\/woo-themes-plugins.com\/de\/wp-json\/wp\/v2\/product_cat?post=4673"},{"taxonomy":"product_tag","embeddable":true,"href":"https:\/\/woo-themes-plugins.com\/de\/wp-json\/wp\/v2\/product_tag?post=4673"}],"curies":[{"name":"wp","href":"https:\/\/api.w.org\/{rel}","templated":true}]}}