{"id":4677,"date":"2018-03-26T09:53:50","date_gmt":"2018-03-26T08:53:50","guid":{"rendered":"https:\/\/woo-themes-plugins.com\/product\/firstdata-woocommerce-zahlungslosung-woocommerce-plugin\/"},"modified":"2018-03-26T09:53:50","modified_gmt":"2018-03-26T08:53:50","slug":"firstdata-woocommerce-zahlungslosung-woocommerce-plugin","status":"publish","type":"product","link":"https:\/\/woo-themes-plugins.com\/de\/product\/firstdata-woocommerce-zahlungslosung-woocommerce-plugin\/","title":{"rendered":"FirstData &#8211; WooCommerce Zahlungsl\u00f6sung &#8211; WooCommerce Plugin"},"content":{"rendered":"<p><span id=\"result_box\" class=\"\" lang=\"de\">Erm\u00f6glichen Sie Ihren Kunden eine noch gr\u00f6\u00dfere Benutzererfahrung auf Ihrer eCommerce WooCommerce-Website, indem Sie Ihr Bankzahlungssystem per Kreditkarte direkt auf Ihrer Website integrieren.<\/p>\n<p>Die Integration des Banking-Teils Ihrer WooCommerce-Website ist wirklich einfach, wenn Sie die richtigen Tools haben. Dar\u00fcber hinaus minimiert die Tatsache, dass der Kunde immer auf Ihrer Website bleibt, die Abbruchrate des Einkaufswagens. Nur positiv mit dieser Erweiterung WooCommerce.<\/p>\n<p>Bei Verwendung des FirstData WooCommerce-Plugins werden drei Zahlungsmethoden akzeptiert:<\/p>\n<p>Zahlung Gateway Payeezy<br \/>\nDie Payeezy-Verbindungs-API<br \/>\nGlobales Zahlungsgateway fr\u00fcher Linkpoint<\/p>\n<p><span class=\"\">Dank FirstData k\u00f6nnen Sie endlich Zahlungen von CB, Amex, Visa, MasterCard und JCL direkt auf Ihrer WooCommerce-Website akzeptieren, und das ist cool.<\/span><\/span><\/p>\n","protected":false},"excerpt":{"rendered":"<p><span id=\"result_box\" class=\"\" lang=\"de\">SkyVerge bietet Ihnen dieses sichere Bank-Zahlungs-Plugin, mit dem Sie die FirstData-Zahlungsl\u00f6sung direkt auf Ihrer eCommerce WooCommerce-Seite auf der Bezahlseite Ihrer Website einrichten k\u00f6nnen!<\/span><\/p>\n","protected":false},"featured_media":2688,"template":"","meta":{"_monsterinsights_skip_tracking":false,"_monsterinsights_sitenote_active":false,"_monsterinsights_sitenote_note":"","_monsterinsights_sitenote_category":0},"product_cat":[208],"product_tag":[1069],"class_list":["post-4677","product","type-product","status-publish","has-post-thumbnail","hentry","product_cat-plugin-woocommerce-de","product_tag-losungszahlung-woocommerce","pa_dev-woo-plugin-theme-skyverge-de","pa_marketplace-woocommerce-woocommerce-com-de"],"yoast_head":"<!-- This site is optimized with the Yoast SEO plugin v23.1 - https:\/\/yoast.com\/wordpress\/plugins\/seo\/ -->\n<title>FirstData - WooCommerce Zahlungsl\u00f6sung - WooCommerce Plugin<\/title>\n<meta name=\"description\" content=\"Offizielles WooCommerce-Plugin zur Verwaltung der FirstData-Bezahll\u00f6sung.\" \/>\n<meta name=\"robots\" content=\"index, follow, max-snippet:-1, max-image-preview:large, max-video-preview:-1\" \/>\n<link rel=\"canonical\" href=\"https:\/\/woo-themes-plugins.com\/de\/produkt\/firstdata-woocommerce-zahlungslosung-woocommerce-plugin\/\" \/>\n<meta property=\"og:locale\" content=\"de_DE\" \/>\n<meta property=\"og:type\" content=\"article\" \/>\n<meta property=\"og:title\" content=\"FirstData - WooCommerce Zahlungsl\u00f6sung - WooCommerce Plugin\" \/>\n<meta property=\"og:description\" content=\"Offizielles WooCommerce-Plugin zur Verwaltung der FirstData-Bezahll\u00f6sung.\" \/>\n<meta property=\"og:url\" content=\"https:\/\/woo-themes-plugins.com\/de\/produkt\/firstdata-woocommerce-zahlungslosung-woocommerce-plugin\/\" \/>\n<meta property=\"og:site_name\" content=\"Woo-themes-plugins.com\" \/>\n<meta property=\"og:image\" content=\"https:\/\/woo-themes-plugins.com\/wp-content\/uploads\/sites\/7\/2018\/03\/woo-themes-plugins_woocommerce-firstdata-payment-plugin-woocommerce.jpg\" \/>\n\t<meta property=\"og:image:width\" content=\"900\" \/>\n\t<meta property=\"og:image:height\" content=\"900\" \/>\n\t<meta property=\"og:image:type\" content=\"image\/jpeg\" \/>\n<meta name=\"twitter:label1\" content=\"Gesch\u00e4tzte Lesezeit\" \/>\n\t<meta name=\"twitter:data1\" content=\"1\u00a0Minute\" \/>\n<script type=\"application\/ld+json\" class=\"yoast-schema-graph\">{\"@context\":\"https:\/\/schema.org\",\"@graph\":[{\"@type\":\"WebPage\",\"@id\":\"https:\/\/woo-themes-plugins.com\/de\/produkt\/firstdata-woocommerce-zahlungslosung-woocommerce-plugin\/\",\"url\":\"https:\/\/woo-themes-plugins.com\/de\/produkt\/firstdata-woocommerce-zahlungslosung-woocommerce-plugin\/\",\"name\":\"FirstData - WooCommerce Zahlungsl\u00f6sung - WooCommerce Plugin\",\"isPartOf\":{\"@id\":\"https:\/\/woo-themes-plugins.com\/it\/#website\"},\"primaryImageOfPage\":{\"@id\":\"https:\/\/woo-themes-plugins.com\/de\/produkt\/firstdata-woocommerce-zahlungslosung-woocommerce-plugin\/#primaryimage\"},\"image\":{\"@id\":\"https:\/\/woo-themes-plugins.com\/de\/produkt\/firstdata-woocommerce-zahlungslosung-woocommerce-plugin\/#primaryimage\"},\"thumbnailUrl\":\"https:\/\/woo-themes-plugins.com\/wp-content\/uploads\/sites\/7\/2018\/03\/woo-themes-plugins_woocommerce-firstdata-payment-plugin-woocommerce.jpg\",\"datePublished\":\"2018-03-26T08:53:50+00:00\",\"dateModified\":\"2018-03-26T08:53:50+00:00\",\"description\":\"Offizielles WooCommerce-Plugin zur Verwaltung der FirstData-Bezahll\u00f6sung.\",\"breadcrumb\":{\"@id\":\"https:\/\/woo-themes-plugins.com\/de\/produkt\/firstdata-woocommerce-zahlungslosung-woocommerce-plugin\/#breadcrumb\"},\"inLanguage\":\"de\",\"potentialAction\":[{\"@type\":\"ReadAction\",\"target\":[\"https:\/\/woo-themes-plugins.com\/de\/produkt\/firstdata-woocommerce-zahlungslosung-woocommerce-plugin\/\"]}]},{\"@type\":\"ImageObject\",\"inLanguage\":\"de\",\"@id\":\"https:\/\/woo-themes-plugins.com\/de\/produkt\/firstdata-woocommerce-zahlungslosung-woocommerce-plugin\/#primaryimage\",\"url\":\"https:\/\/woo-themes-plugins.com\/wp-content\/uploads\/sites\/7\/2018\/03\/woo-themes-plugins_woocommerce-firstdata-payment-plugin-woocommerce.jpg\",\"contentUrl\":\"https:\/\/woo-themes-plugins.com\/wp-content\/uploads\/sites\/7\/2018\/03\/woo-themes-plugins_woocommerce-firstdata-payment-plugin-woocommerce.jpg\",\"width\":900,\"height\":900},{\"@type\":\"BreadcrumbList\",\"@id\":\"https:\/\/woo-themes-plugins.com\/de\/produkt\/firstdata-woocommerce-zahlungslosung-woocommerce-plugin\/#breadcrumb\",\"itemListElement\":[{\"@type\":\"ListItem\",\"position\":1,\"name\":\"Accueil\",\"item\":\"https:\/\/woo-themes-plugins.com\/fr\/\"},{\"@type\":\"ListItem\",\"position\":2,\"name\":\"Shop\",\"item\":\"https:\/\/woo-themes-plugins.com\/shop\/\"},{\"@type\":\"ListItem\",\"position\":3,\"name\":\"FirstData &#8211; WooCommerce Zahlungsl\u00f6sung &#8211; WooCommerce Plugin\"}]},{\"@type\":\"WebSite\",\"@id\":\"https:\/\/woo-themes-plugins.com\/it\/#website\",\"url\":\"https:\/\/woo-themes-plugins.com\/it\/\",\"name\":\"Woo-themes-plugins.com\",\"description\":\"Tous les th\u00e8mes et plugins WooCommerce Premium\",\"potentialAction\":[{\"@type\":\"SearchAction\",\"target\":{\"@type\":\"EntryPoint\",\"urlTemplate\":\"https:\/\/woo-themes-plugins.com\/it\/?s={search_term_string}\"},\"query-input\":\"required name=search_term_string\"}],\"inLanguage\":\"de\"}]}<\/script>\n<!-- \/ Yoast SEO plugin. -->","yoast_head_json":{"title":"FirstData - WooCommerce Zahlungsl\u00f6sung - WooCommerce Plugin","description":"Offizielles WooCommerce-Plugin zur Verwaltung der FirstData-Bezahll\u00f6sung.","robots":{"index":"index","follow":"follow","max-snippet":"max-snippet:-1","max-image-preview":"max-image-preview:large","max-video-preview":"max-video-preview:-1"},"canonical":"https:\/\/woo-themes-plugins.com\/de\/produkt\/firstdata-woocommerce-zahlungslosung-woocommerce-plugin\/","og_locale":"de_DE","og_type":"article","og_title":"FirstData - WooCommerce Zahlungsl\u00f6sung - WooCommerce Plugin","og_description":"Offizielles WooCommerce-Plugin zur Verwaltung der FirstData-Bezahll\u00f6sung.","og_url":"https:\/\/woo-themes-plugins.com\/de\/produkt\/firstdata-woocommerce-zahlungslosung-woocommerce-plugin\/","og_site_name":"Woo-themes-plugins.com","og_image":[{"width":900,"height":900,"url":"https:\/\/woo-themes-plugins.com\/wp-content\/uploads\/sites\/7\/2018\/03\/woo-themes-plugins_woocommerce-firstdata-payment-plugin-woocommerce.jpg","type":"image\/jpeg"}],"twitter_misc":{"Gesch\u00e4tzte Lesezeit":"1\u00a0Minute"},"schema":{"@context":"https:\/\/schema.org","@graph":[{"@type":"WebPage","@id":"https:\/\/woo-themes-plugins.com\/de\/produkt\/firstdata-woocommerce-zahlungslosung-woocommerce-plugin\/","url":"https:\/\/woo-themes-plugins.com\/de\/produkt\/firstdata-woocommerce-zahlungslosung-woocommerce-plugin\/","name":"FirstData - WooCommerce Zahlungsl\u00f6sung - WooCommerce Plugin","isPartOf":{"@id":"https:\/\/woo-themes-plugins.com\/it\/#website"},"primaryImageOfPage":{"@id":"https:\/\/woo-themes-plugins.com\/de\/produkt\/firstdata-woocommerce-zahlungslosung-woocommerce-plugin\/#primaryimage"},"image":{"@id":"https:\/\/woo-themes-plugins.com\/de\/produkt\/firstdata-woocommerce-zahlungslosung-woocommerce-plugin\/#primaryimage"},"thumbnailUrl":"https:\/\/woo-themes-plugins.com\/wp-content\/uploads\/sites\/7\/2018\/03\/woo-themes-plugins_woocommerce-firstdata-payment-plugin-woocommerce.jpg","datePublished":"2018-03-26T08:53:50+00:00","dateModified":"2018-03-26T08:53:50+00:00","description":"Offizielles WooCommerce-Plugin zur Verwaltung der FirstData-Bezahll\u00f6sung.","breadcrumb":{"@id":"https:\/\/woo-themes-plugins.com\/de\/produkt\/firstdata-woocommerce-zahlungslosung-woocommerce-plugin\/#breadcrumb"},"inLanguage":"de","potentialAction":[{"@type":"ReadAction","target":["https:\/\/woo-themes-plugins.com\/de\/produkt\/firstdata-woocommerce-zahlungslosung-woocommerce-plugin\/"]}]},{"@type":"ImageObject","inLanguage":"de","@id":"https:\/\/woo-themes-plugins.com\/de\/produkt\/firstdata-woocommerce-zahlungslosung-woocommerce-plugin\/#primaryimage","url":"https:\/\/woo-themes-plugins.com\/wp-content\/uploads\/sites\/7\/2018\/03\/woo-themes-plugins_woocommerce-firstdata-payment-plugin-woocommerce.jpg","contentUrl":"https:\/\/woo-themes-plugins.com\/wp-content\/uploads\/sites\/7\/2018\/03\/woo-themes-plugins_woocommerce-firstdata-payment-plugin-woocommerce.jpg","width":900,"height":900},{"@type":"BreadcrumbList","@id":"https:\/\/woo-themes-plugins.com\/de\/produkt\/firstdata-woocommerce-zahlungslosung-woocommerce-plugin\/#breadcrumb","itemListElement":[{"@type":"ListItem","position":1,"name":"Accueil","item":"https:\/\/woo-themes-plugins.com\/fr\/"},{"@type":"ListItem","position":2,"name":"Shop","item":"https:\/\/woo-themes-plugins.com\/shop\/"},{"@type":"ListItem","position":3,"name":"FirstData &#8211; WooCommerce Zahlungsl\u00f6sung &#8211; WooCommerce Plugin"}]},{"@type":"WebSite","@id":"https:\/\/woo-themes-plugins.com\/it\/#website","url":"https:\/\/woo-themes-plugins.com\/it\/","name":"Woo-themes-plugins.com","description":"Tous les th\u00e8mes et plugins WooCommerce Premium","potentialAction":[{"@type":"SearchAction","target":{"@type":"EntryPoint","urlTemplate":"https:\/\/woo-themes-plugins.com\/it\/?s={search_term_string}"},"query-input":"required name=search_term_string"}],"inLanguage":"de"}]}},"_links":{"self":[{"href":"https:\/\/woo-themes-plugins.com\/de\/wp-json\/wp\/v2\/product\/4677","targetHints":{"allow":["GET"]}}],"collection":[{"href":"https:\/\/woo-themes-plugins.com\/de\/wp-json\/wp\/v2\/product"}],"about":[{"href":"https:\/\/woo-themes-plugins.com\/de\/wp-json\/wp\/v2\/types\/product"}],"wp:featuredmedia":[{"embeddable":true,"href":"https:\/\/woo-themes-plugins.com\/de\/wp-json\/wp\/v2\/media\/2688"}],"wp:attachment":[{"href":"https:\/\/woo-themes-plugins.com\/de\/wp-json\/wp\/v2\/media?parent=4677"}],"wp:term":[{"taxonomy":"product_cat","embeddable":true,"href":"https:\/\/woo-themes-plugins.com\/de\/wp-json\/wp\/v2\/product_cat?post=4677"},{"taxonomy":"product_tag","embeddable":true,"href":"https:\/\/woo-themes-plugins.com\/de\/wp-json\/wp\/v2\/product_tag?post=4677"}],"curies":[{"name":"wp","href":"https:\/\/api.w.org\/{rel}","templated":true}]}}