{"id":4679,"date":"2018-03-26T10:05:34","date_gmt":"2018-03-26T09:05:34","guid":{"rendered":"https:\/\/woo-themes-plugins.com\/product\/variation-swatches-und-fotos-farbe-und-bilder-als-variation-selector-woocommerce-plugin\/"},"modified":"2018-03-26T10:05:34","modified_gmt":"2018-03-26T09:05:34","slug":"variation-swatches-und-fotos-farbe-und-bilder-als-variation-selector-woocommerce-plugin","status":"publish","type":"product","link":"https:\/\/woo-themes-plugins.com\/de\/product\/variation-swatches-und-fotos-farbe-und-bilder-als-variation-selector-woocommerce-plugin\/","title":{"rendered":"Variation Swatches und Fotos &#8211; Farbe und Bilder als Variation Selector &#8211; WooCommerce Plugin"},"content":{"rendered":"<p><span id=\"result_box\" class=\"\" lang=\"de\">Die Verwendung von Bildern oder Farben als Auswahlschaltfl\u00e4che f\u00fcr eine Produktvariante bietet eine viel bessere M\u00f6glichkeit zur Pr\u00e4sentation der Informationen. Warum? Weil das kognitive Gewicht dieses Klicks viel geringer ist, als wenn es ein Wort w\u00e4re. Wir verstehen sofort, das gleiche T-Shirt in rot, gelb, gr\u00fcn und blau vorgeschlagen, dass dies seine Variationen sind; keine Notwendigkeit, die Information zu interpretieren.<\/p>\n<p>Wenn Sie eine Demo ben\u00f6tigen, um Sie zu \u00fcberzeugen, gehen Sie auf die Seite, wo Sie dieses Plugin herunterladen k\u00f6nnen, Sie k\u00f6nnen auf den Testlink der Demo online zugreifen.<\/span><\/p>\n","protected":false},"excerpt":{"rendered":"<p><span id=\"result_box\" class=\"\" lang=\"de\">Das Auswechseln des Standard-WooCommerce-Variantenselektors durch ein Stichprobenproduktbild ist wirklich besser. Wenn Sie zum Beispiel T-Shirts verkaufen, ist es immer noch cool, die gr\u00fcne Farbe auf dem gr\u00fcnen Dimm-Knopf Ihres Produktes zu sehen, anstatt auf sie klicken zu m\u00fcssen, um das Ergebnis zu sehen.<\/span><\/p>\n","protected":false},"featured_media":2712,"template":"","meta":{"_monsterinsights_skip_tracking":false,"_monsterinsights_sitenote_active":false,"_monsterinsights_sitenote_note":"","_monsterinsights_sitenote_category":0},"product_cat":[208],"product_tag":[1114,1079,1097],"class_list":["post-4679","product","type-product","status-publish","has-post-thumbnail","hentry","product_cat-plugin-woocommerce-de","product_tag-unverzichtbare-woocommerce","product_tag-variation-produkt-woocommerce","product_tag-woocommerce-produkt-produktgruppe-komplementarprodukt-de","pa_dev-woo-plugin-theme-lucas-stark-de","pa_marketplace-woocommerce-woocommerce-com-de"],"yoast_head":"<!-- This site is optimized with the Yoast SEO plugin v23.1 - https:\/\/yoast.com\/wordpress\/plugins\/seo\/ -->\n<title>Variationen Farbfelder und Fotos - Bild Variation Selector<\/title>\n<meta name=\"description\" content=\"Um auf ein Bild eines roten T-Shirts zu tippen, um die rote Variante zu sehen, anstatt auf das Wort &quot;rot&quot; klicken zu m\u00fcssen, ist dies genau das, was diese WooCommerce-Erweiterung bietet. Mit anderen Worten, dieses Plugin ersetzt die Variantenselektoren, die von Miniaturen des so genannten WooCommerce-Produkts erzeugt werden.\" \/>\n<meta name=\"robots\" content=\"index, follow, max-snippet:-1, max-image-preview:large, max-video-preview:-1\" \/>\n<link rel=\"canonical\" href=\"https:\/\/woo-themes-plugins.com\/de\/produkt\/variation-swatches-und-fotos-farbe-und-bilder-als-variation-selector-woocommerce-plugin\/\" \/>\n<meta property=\"og:locale\" content=\"de_DE\" \/>\n<meta property=\"og:type\" content=\"article\" \/>\n<meta property=\"og:title\" content=\"Variationen Farbfelder und Fotos - Bild Variation Selector\" \/>\n<meta property=\"og:description\" content=\"Um auf ein Bild eines roten T-Shirts zu tippen, um die rote Variante zu sehen, anstatt auf das Wort &quot;rot&quot; klicken zu m\u00fcssen, ist dies genau das, was diese WooCommerce-Erweiterung bietet. Mit anderen Worten, dieses Plugin ersetzt die Variantenselektoren, die von Miniaturen des so genannten WooCommerce-Produkts erzeugt werden.\" \/>\n<meta property=\"og:url\" content=\"https:\/\/woo-themes-plugins.com\/de\/produkt\/variation-swatches-und-fotos-farbe-und-bilder-als-variation-selector-woocommerce-plugin\/\" \/>\n<meta property=\"og:site_name\" content=\"Woo-themes-plugins.com\" \/>\n<meta property=\"og:image\" content=\"https:\/\/woo-themes-plugins.com\/wp-content\/uploads\/sites\/7\/2018\/03\/woo-themes-plugins_woocommerce-variation-swatches-and-photos-plugin-woocommerce.jpg\" \/>\n\t<meta property=\"og:image:width\" content=\"900\" \/>\n\t<meta property=\"og:image:height\" content=\"900\" \/>\n\t<meta property=\"og:image:type\" content=\"image\/jpeg\" \/>\n<script type=\"application\/ld+json\" class=\"yoast-schema-graph\">{\"@context\":\"https:\/\/schema.org\",\"@graph\":[{\"@type\":\"WebPage\",\"@id\":\"https:\/\/woo-themes-plugins.com\/de\/produkt\/variation-swatches-und-fotos-farbe-und-bilder-als-variation-selector-woocommerce-plugin\/\",\"url\":\"https:\/\/woo-themes-plugins.com\/de\/produkt\/variation-swatches-und-fotos-farbe-und-bilder-als-variation-selector-woocommerce-plugin\/\",\"name\":\"Variationen Farbfelder und Fotos - Bild Variation Selector\",\"isPartOf\":{\"@id\":\"https:\/\/woo-themes-plugins.com\/it\/#website\"},\"primaryImageOfPage\":{\"@id\":\"https:\/\/woo-themes-plugins.com\/de\/produkt\/variation-swatches-und-fotos-farbe-und-bilder-als-variation-selector-woocommerce-plugin\/#primaryimage\"},\"image\":{\"@id\":\"https:\/\/woo-themes-plugins.com\/de\/produkt\/variation-swatches-und-fotos-farbe-und-bilder-als-variation-selector-woocommerce-plugin\/#primaryimage\"},\"thumbnailUrl\":\"https:\/\/woo-themes-plugins.com\/wp-content\/uploads\/sites\/7\/2018\/03\/woo-themes-plugins_woocommerce-variation-swatches-and-photos-plugin-woocommerce.jpg\",\"datePublished\":\"2018-03-26T09:05:34+00:00\",\"dateModified\":\"2018-03-26T09:05:34+00:00\",\"description\":\"Um auf ein Bild eines roten T-Shirts zu tippen, um die rote Variante zu sehen, anstatt auf das Wort \\\"rot\\\" klicken zu m\u00fcssen, ist dies genau das, was diese WooCommerce-Erweiterung bietet. Mit anderen Worten, dieses Plugin ersetzt die Variantenselektoren, die von Miniaturen des so genannten WooCommerce-Produkts erzeugt werden.\",\"breadcrumb\":{\"@id\":\"https:\/\/woo-themes-plugins.com\/de\/produkt\/variation-swatches-und-fotos-farbe-und-bilder-als-variation-selector-woocommerce-plugin\/#breadcrumb\"},\"inLanguage\":\"de\",\"potentialAction\":[{\"@type\":\"ReadAction\",\"target\":[\"https:\/\/woo-themes-plugins.com\/de\/produkt\/variation-swatches-und-fotos-farbe-und-bilder-als-variation-selector-woocommerce-plugin\/\"]}]},{\"@type\":\"ImageObject\",\"inLanguage\":\"de\",\"@id\":\"https:\/\/woo-themes-plugins.com\/de\/produkt\/variation-swatches-und-fotos-farbe-und-bilder-als-variation-selector-woocommerce-plugin\/#primaryimage\",\"url\":\"https:\/\/woo-themes-plugins.com\/wp-content\/uploads\/sites\/7\/2018\/03\/woo-themes-plugins_woocommerce-variation-swatches-and-photos-plugin-woocommerce.jpg\",\"contentUrl\":\"https:\/\/woo-themes-plugins.com\/wp-content\/uploads\/sites\/7\/2018\/03\/woo-themes-plugins_woocommerce-variation-swatches-and-photos-plugin-woocommerce.jpg\",\"width\":900,\"height\":900},{\"@type\":\"BreadcrumbList\",\"@id\":\"https:\/\/woo-themes-plugins.com\/de\/produkt\/variation-swatches-und-fotos-farbe-und-bilder-als-variation-selector-woocommerce-plugin\/#breadcrumb\",\"itemListElement\":[{\"@type\":\"ListItem\",\"position\":1,\"name\":\"Accueil\",\"item\":\"https:\/\/woo-themes-plugins.com\/fr\/\"},{\"@type\":\"ListItem\",\"position\":2,\"name\":\"Shop\",\"item\":\"https:\/\/woo-themes-plugins.com\/shop\/\"},{\"@type\":\"ListItem\",\"position\":3,\"name\":\"Variation Swatches und Fotos &#8211; Farbe und Bilder als Variation Selector &#8211; WooCommerce Plugin\"}]},{\"@type\":\"WebSite\",\"@id\":\"https:\/\/woo-themes-plugins.com\/it\/#website\",\"url\":\"https:\/\/woo-themes-plugins.com\/it\/\",\"name\":\"Woo-themes-plugins.com\",\"description\":\"Tous les th\u00e8mes et plugins WooCommerce Premium\",\"potentialAction\":[{\"@type\":\"SearchAction\",\"target\":{\"@type\":\"EntryPoint\",\"urlTemplate\":\"https:\/\/woo-themes-plugins.com\/it\/?s={search_term_string}\"},\"query-input\":\"required name=search_term_string\"}],\"inLanguage\":\"de\"}]}<\/script>\n<!-- \/ Yoast SEO plugin. -->","yoast_head_json":{"title":"Variationen Farbfelder und Fotos - Bild Variation Selector","description":"Um auf ein Bild eines roten T-Shirts zu tippen, um die rote Variante zu sehen, anstatt auf das Wort \"rot\" klicken zu m\u00fcssen, ist dies genau das, was diese WooCommerce-Erweiterung bietet. Mit anderen Worten, dieses Plugin ersetzt die Variantenselektoren, die von Miniaturen des so genannten WooCommerce-Produkts erzeugt werden.","robots":{"index":"index","follow":"follow","max-snippet":"max-snippet:-1","max-image-preview":"max-image-preview:large","max-video-preview":"max-video-preview:-1"},"canonical":"https:\/\/woo-themes-plugins.com\/de\/produkt\/variation-swatches-und-fotos-farbe-und-bilder-als-variation-selector-woocommerce-plugin\/","og_locale":"de_DE","og_type":"article","og_title":"Variationen Farbfelder und Fotos - Bild Variation Selector","og_description":"Um auf ein Bild eines roten T-Shirts zu tippen, um die rote Variante zu sehen, anstatt auf das Wort \"rot\" klicken zu m\u00fcssen, ist dies genau das, was diese WooCommerce-Erweiterung bietet. Mit anderen Worten, dieses Plugin ersetzt die Variantenselektoren, die von Miniaturen des so genannten WooCommerce-Produkts erzeugt werden.","og_url":"https:\/\/woo-themes-plugins.com\/de\/produkt\/variation-swatches-und-fotos-farbe-und-bilder-als-variation-selector-woocommerce-plugin\/","og_site_name":"Woo-themes-plugins.com","og_image":[{"width":900,"height":900,"url":"https:\/\/woo-themes-plugins.com\/wp-content\/uploads\/sites\/7\/2018\/03\/woo-themes-plugins_woocommerce-variation-swatches-and-photos-plugin-woocommerce.jpg","type":"image\/jpeg"}],"schema":{"@context":"https:\/\/schema.org","@graph":[{"@type":"WebPage","@id":"https:\/\/woo-themes-plugins.com\/de\/produkt\/variation-swatches-und-fotos-farbe-und-bilder-als-variation-selector-woocommerce-plugin\/","url":"https:\/\/woo-themes-plugins.com\/de\/produkt\/variation-swatches-und-fotos-farbe-und-bilder-als-variation-selector-woocommerce-plugin\/","name":"Variationen Farbfelder und Fotos - Bild Variation Selector","isPartOf":{"@id":"https:\/\/woo-themes-plugins.com\/it\/#website"},"primaryImageOfPage":{"@id":"https:\/\/woo-themes-plugins.com\/de\/produkt\/variation-swatches-und-fotos-farbe-und-bilder-als-variation-selector-woocommerce-plugin\/#primaryimage"},"image":{"@id":"https:\/\/woo-themes-plugins.com\/de\/produkt\/variation-swatches-und-fotos-farbe-und-bilder-als-variation-selector-woocommerce-plugin\/#primaryimage"},"thumbnailUrl":"https:\/\/woo-themes-plugins.com\/wp-content\/uploads\/sites\/7\/2018\/03\/woo-themes-plugins_woocommerce-variation-swatches-and-photos-plugin-woocommerce.jpg","datePublished":"2018-03-26T09:05:34+00:00","dateModified":"2018-03-26T09:05:34+00:00","description":"Um auf ein Bild eines roten T-Shirts zu tippen, um die rote Variante zu sehen, anstatt auf das Wort \"rot\" klicken zu m\u00fcssen, ist dies genau das, was diese WooCommerce-Erweiterung bietet. Mit anderen Worten, dieses Plugin ersetzt die Variantenselektoren, die von Miniaturen des so genannten WooCommerce-Produkts erzeugt werden.","breadcrumb":{"@id":"https:\/\/woo-themes-plugins.com\/de\/produkt\/variation-swatches-und-fotos-farbe-und-bilder-als-variation-selector-woocommerce-plugin\/#breadcrumb"},"inLanguage":"de","potentialAction":[{"@type":"ReadAction","target":["https:\/\/woo-themes-plugins.com\/de\/produkt\/variation-swatches-und-fotos-farbe-und-bilder-als-variation-selector-woocommerce-plugin\/"]}]},{"@type":"ImageObject","inLanguage":"de","@id":"https:\/\/woo-themes-plugins.com\/de\/produkt\/variation-swatches-und-fotos-farbe-und-bilder-als-variation-selector-woocommerce-plugin\/#primaryimage","url":"https:\/\/woo-themes-plugins.com\/wp-content\/uploads\/sites\/7\/2018\/03\/woo-themes-plugins_woocommerce-variation-swatches-and-photos-plugin-woocommerce.jpg","contentUrl":"https:\/\/woo-themes-plugins.com\/wp-content\/uploads\/sites\/7\/2018\/03\/woo-themes-plugins_woocommerce-variation-swatches-and-photos-plugin-woocommerce.jpg","width":900,"height":900},{"@type":"BreadcrumbList","@id":"https:\/\/woo-themes-plugins.com\/de\/produkt\/variation-swatches-und-fotos-farbe-und-bilder-als-variation-selector-woocommerce-plugin\/#breadcrumb","itemListElement":[{"@type":"ListItem","position":1,"name":"Accueil","item":"https:\/\/woo-themes-plugins.com\/fr\/"},{"@type":"ListItem","position":2,"name":"Shop","item":"https:\/\/woo-themes-plugins.com\/shop\/"},{"@type":"ListItem","position":3,"name":"Variation Swatches und Fotos &#8211; Farbe und Bilder als Variation Selector &#8211; WooCommerce Plugin"}]},{"@type":"WebSite","@id":"https:\/\/woo-themes-plugins.com\/it\/#website","url":"https:\/\/woo-themes-plugins.com\/it\/","name":"Woo-themes-plugins.com","description":"Tous les th\u00e8mes et plugins WooCommerce Premium","potentialAction":[{"@type":"SearchAction","target":{"@type":"EntryPoint","urlTemplate":"https:\/\/woo-themes-plugins.com\/it\/?s={search_term_string}"},"query-input":"required name=search_term_string"}],"inLanguage":"de"}]}},"_links":{"self":[{"href":"https:\/\/woo-themes-plugins.com\/de\/wp-json\/wp\/v2\/product\/4679","targetHints":{"allow":["GET"]}}],"collection":[{"href":"https:\/\/woo-themes-plugins.com\/de\/wp-json\/wp\/v2\/product"}],"about":[{"href":"https:\/\/woo-themes-plugins.com\/de\/wp-json\/wp\/v2\/types\/product"}],"wp:featuredmedia":[{"embeddable":true,"href":"https:\/\/woo-themes-plugins.com\/de\/wp-json\/wp\/v2\/media\/2712"}],"wp:attachment":[{"href":"https:\/\/woo-themes-plugins.com\/de\/wp-json\/wp\/v2\/media?parent=4679"}],"wp:term":[{"taxonomy":"product_cat","embeddable":true,"href":"https:\/\/woo-themes-plugins.com\/de\/wp-json\/wp\/v2\/product_cat?post=4679"},{"taxonomy":"product_tag","embeddable":true,"href":"https:\/\/woo-themes-plugins.com\/de\/wp-json\/wp\/v2\/product_tag?post=4679"}],"curies":[{"name":"wp","href":"https:\/\/api.w.org\/{rel}","templated":true}]}}