{"id":4681,"date":"2018-03-26T10:13:58","date_gmt":"2018-03-26T09:13:58","guid":{"rendered":"https:\/\/woo-themes-plugins.com\/product\/produktanbieter-transformer-woocommerce-marketplace-woocommerce-plugin\/"},"modified":"2018-03-26T10:13:58","modified_gmt":"2018-03-26T09:13:58","slug":"produktanbieter-transformer-woocommerce-marketplace-woocommerce-plugin","status":"publish","type":"product","link":"https:\/\/woo-themes-plugins.com\/de\/product\/produktanbieter-transformer-woocommerce-marketplace-woocommerce-plugin\/","title":{"rendered":"Produktanbieter &#8211; Transformer WooCommerce Marketplace &#8211; WooCommerce Plugin"},"content":{"rendered":"<p><span id=\"result_box\" class=\"\" lang=\"de\">Ein Marktplatz ist definitiv eine Art von E-Commerce-Site, die eine Menge Spezifit\u00e4t hat. Aus diesem Grund ist das Plug-in Product Vendors entstanden, mit dem wir einen echten Marktplatz mit WooCommerce aufbauen k\u00f6nnen.<\/p>\n<p>Diese WooCommerce-Erweiterung erm\u00f6glicht es uns, viele Dinge zu tun, wie zum Beispiel alle Arten von Produkten zu verkaufen, Ihnen zu erlauben, Ihre Produkte zus\u00e4tzlich zu denen des Marktplatzes zu verkaufen, Reseller-Verg\u00fctungss\u00e4tze zu definieren, Ihren Wiederverk\u00e4ufern zu erlauben, ihre Produkte direkt zu verwalten. in der WooCommerce-Administrationsoberfl\u00e4che, die Zahlung von Provisionen nur ausl\u00f6sen, wenn die Bestellung versandt wird &#8230; wie Sie selbst sehen k\u00f6nnen, ist die Liste der von diesem Plugin angebotenen Funktionen sehr wichtig. Aus gutem Grund ist ein Marktplatz mehr als nur eine E-Commerce-Site.<\/span><\/p>\n","protected":false},"excerpt":{"rendered":"<p><span id=\"result_box\" class=\"\" lang=\"de\">Mit dem WooCommerce-Produktanbieter-Plugin k\u00f6nnen Sie Ihren WooCommerce-Shop in einen echten Marktplatz verwandeln, auf dem Sie mehrere Anbieter verwalten, Provisionen verwalten und vieles mehr. <span class=\"\">Wenn Sie versuchen, eine E-Commerce-Site nach dem Marketplace-Prinzip einzurichten, m\u00fcssen Sie dieses Plugin mit gr\u00f6\u00dfter Ernsthaftigkeit studieren.<\/span><\/span><\/p>\n","protected":false},"featured_media":2720,"template":"","meta":{"_monsterinsights_skip_tracking":false,"_monsterinsights_sitenote_active":false,"_monsterinsights_sitenote_note":"","_monsterinsights_sitenote_category":0},"product_cat":[208],"product_tag":[1100],"class_list":["post-4681","product","type-product","status-publish","has-post-thumbnail","hentry","product_cat-plugin-woocommerce-de","product_tag-woocommerce-marketplace-de","pa_dev-woo-plugin-theme-woocommerce-de","pa_marketplace-woocommerce-woocommerce-com-de"],"yoast_head":"<!-- This site is optimized with the Yoast SEO plugin v23.1 - https:\/\/yoast.com\/wordpress\/plugins\/seo\/ -->\n<title>Produktanbieter - Verwandle WooCommerce in den Marktplatz<\/title>\n<meta name=\"description\" content=\"Verwandle deine WooCommerce-Seite in einen echten Marktplatz mit mehreren Verk\u00e4ufern, genau das kannst du mit dieser WooCommerce-Erweiterung machen. M\u00f6chten Sie einen Marktplatz mit WooCommerce? Es ist ein Muss-Plugin in diesem Fall, von WooCommerce entwickelt!\" \/>\n<meta name=\"robots\" content=\"index, follow, max-snippet:-1, max-image-preview:large, max-video-preview:-1\" \/>\n<link rel=\"canonical\" href=\"https:\/\/woo-themes-plugins.com\/de\/produkt\/produktanbieter-transformer-woocommerce-marketplace-woocommerce-plugin\/\" \/>\n<meta property=\"og:locale\" content=\"de_DE\" \/>\n<meta property=\"og:type\" content=\"article\" \/>\n<meta property=\"og:title\" content=\"Produktanbieter - Verwandle WooCommerce in den Marktplatz\" \/>\n<meta property=\"og:description\" content=\"Verwandle deine WooCommerce-Seite in einen echten Marktplatz mit mehreren Verk\u00e4ufern, genau das kannst du mit dieser WooCommerce-Erweiterung machen. M\u00f6chten Sie einen Marktplatz mit WooCommerce? Es ist ein Muss-Plugin in diesem Fall, von WooCommerce entwickelt!\" \/>\n<meta property=\"og:url\" content=\"https:\/\/woo-themes-plugins.com\/de\/produkt\/produktanbieter-transformer-woocommerce-marketplace-woocommerce-plugin\/\" \/>\n<meta property=\"og:site_name\" content=\"Woo-themes-plugins.com\" \/>\n<meta property=\"og:image\" content=\"https:\/\/woo-themes-plugins.com\/wp-content\/uploads\/sites\/7\/2018\/03\/woo-themes-plugins_woocommerce-product-vendors-plugin-woocommerce.jpg\" \/>\n\t<meta property=\"og:image:width\" content=\"900\" \/>\n\t<meta property=\"og:image:height\" content=\"900\" \/>\n\t<meta property=\"og:image:type\" content=\"image\/jpeg\" \/>\n<meta name=\"twitter:label1\" content=\"Gesch\u00e4tzte Lesezeit\" \/>\n\t<meta name=\"twitter:data1\" content=\"1\u00a0Minute\" \/>\n<script type=\"application\/ld+json\" class=\"yoast-schema-graph\">{\"@context\":\"https:\/\/schema.org\",\"@graph\":[{\"@type\":\"WebPage\",\"@id\":\"https:\/\/woo-themes-plugins.com\/de\/produkt\/produktanbieter-transformer-woocommerce-marketplace-woocommerce-plugin\/\",\"url\":\"https:\/\/woo-themes-plugins.com\/de\/produkt\/produktanbieter-transformer-woocommerce-marketplace-woocommerce-plugin\/\",\"name\":\"Produktanbieter - Verwandle WooCommerce in den Marktplatz\",\"isPartOf\":{\"@id\":\"https:\/\/woo-themes-plugins.com\/it\/#website\"},\"primaryImageOfPage\":{\"@id\":\"https:\/\/woo-themes-plugins.com\/de\/produkt\/produktanbieter-transformer-woocommerce-marketplace-woocommerce-plugin\/#primaryimage\"},\"image\":{\"@id\":\"https:\/\/woo-themes-plugins.com\/de\/produkt\/produktanbieter-transformer-woocommerce-marketplace-woocommerce-plugin\/#primaryimage\"},\"thumbnailUrl\":\"https:\/\/woo-themes-plugins.com\/wp-content\/uploads\/sites\/7\/2018\/03\/woo-themes-plugins_woocommerce-product-vendors-plugin-woocommerce.jpg\",\"datePublished\":\"2018-03-26T09:13:58+00:00\",\"dateModified\":\"2018-03-26T09:13:58+00:00\",\"description\":\"Verwandle deine WooCommerce-Seite in einen echten Marktplatz mit mehreren Verk\u00e4ufern, genau das kannst du mit dieser WooCommerce-Erweiterung machen. M\u00f6chten Sie einen Marktplatz mit WooCommerce? Es ist ein Muss-Plugin in diesem Fall, von WooCommerce entwickelt!\",\"breadcrumb\":{\"@id\":\"https:\/\/woo-themes-plugins.com\/de\/produkt\/produktanbieter-transformer-woocommerce-marketplace-woocommerce-plugin\/#breadcrumb\"},\"inLanguage\":\"de\",\"potentialAction\":[{\"@type\":\"ReadAction\",\"target\":[\"https:\/\/woo-themes-plugins.com\/de\/produkt\/produktanbieter-transformer-woocommerce-marketplace-woocommerce-plugin\/\"]}]},{\"@type\":\"ImageObject\",\"inLanguage\":\"de\",\"@id\":\"https:\/\/woo-themes-plugins.com\/de\/produkt\/produktanbieter-transformer-woocommerce-marketplace-woocommerce-plugin\/#primaryimage\",\"url\":\"https:\/\/woo-themes-plugins.com\/wp-content\/uploads\/sites\/7\/2018\/03\/woo-themes-plugins_woocommerce-product-vendors-plugin-woocommerce.jpg\",\"contentUrl\":\"https:\/\/woo-themes-plugins.com\/wp-content\/uploads\/sites\/7\/2018\/03\/woo-themes-plugins_woocommerce-product-vendors-plugin-woocommerce.jpg\",\"width\":900,\"height\":900},{\"@type\":\"BreadcrumbList\",\"@id\":\"https:\/\/woo-themes-plugins.com\/de\/produkt\/produktanbieter-transformer-woocommerce-marketplace-woocommerce-plugin\/#breadcrumb\",\"itemListElement\":[{\"@type\":\"ListItem\",\"position\":1,\"name\":\"Accueil\",\"item\":\"https:\/\/woo-themes-plugins.com\/fr\/\"},{\"@type\":\"ListItem\",\"position\":2,\"name\":\"Shop\",\"item\":\"https:\/\/woo-themes-plugins.com\/shop\/\"},{\"@type\":\"ListItem\",\"position\":3,\"name\":\"Produktanbieter &#8211; Transformer WooCommerce Marketplace &#8211; WooCommerce Plugin\"}]},{\"@type\":\"WebSite\",\"@id\":\"https:\/\/woo-themes-plugins.com\/it\/#website\",\"url\":\"https:\/\/woo-themes-plugins.com\/it\/\",\"name\":\"Woo-themes-plugins.com\",\"description\":\"Tous les th\u00e8mes et plugins WooCommerce Premium\",\"potentialAction\":[{\"@type\":\"SearchAction\",\"target\":{\"@type\":\"EntryPoint\",\"urlTemplate\":\"https:\/\/woo-themes-plugins.com\/it\/?s={search_term_string}\"},\"query-input\":\"required name=search_term_string\"}],\"inLanguage\":\"de\"}]}<\/script>\n<!-- \/ Yoast SEO plugin. -->","yoast_head_json":{"title":"Produktanbieter - Verwandle WooCommerce in den Marktplatz","description":"Verwandle deine WooCommerce-Seite in einen echten Marktplatz mit mehreren Verk\u00e4ufern, genau das kannst du mit dieser WooCommerce-Erweiterung machen. M\u00f6chten Sie einen Marktplatz mit WooCommerce? Es ist ein Muss-Plugin in diesem Fall, von WooCommerce entwickelt!","robots":{"index":"index","follow":"follow","max-snippet":"max-snippet:-1","max-image-preview":"max-image-preview:large","max-video-preview":"max-video-preview:-1"},"canonical":"https:\/\/woo-themes-plugins.com\/de\/produkt\/produktanbieter-transformer-woocommerce-marketplace-woocommerce-plugin\/","og_locale":"de_DE","og_type":"article","og_title":"Produktanbieter - Verwandle WooCommerce in den Marktplatz","og_description":"Verwandle deine WooCommerce-Seite in einen echten Marktplatz mit mehreren Verk\u00e4ufern, genau das kannst du mit dieser WooCommerce-Erweiterung machen. M\u00f6chten Sie einen Marktplatz mit WooCommerce? Es ist ein Muss-Plugin in diesem Fall, von WooCommerce entwickelt!","og_url":"https:\/\/woo-themes-plugins.com\/de\/produkt\/produktanbieter-transformer-woocommerce-marketplace-woocommerce-plugin\/","og_site_name":"Woo-themes-plugins.com","og_image":[{"width":900,"height":900,"url":"https:\/\/woo-themes-plugins.com\/wp-content\/uploads\/sites\/7\/2018\/03\/woo-themes-plugins_woocommerce-product-vendors-plugin-woocommerce.jpg","type":"image\/jpeg"}],"twitter_misc":{"Gesch\u00e4tzte Lesezeit":"1\u00a0Minute"},"schema":{"@context":"https:\/\/schema.org","@graph":[{"@type":"WebPage","@id":"https:\/\/woo-themes-plugins.com\/de\/produkt\/produktanbieter-transformer-woocommerce-marketplace-woocommerce-plugin\/","url":"https:\/\/woo-themes-plugins.com\/de\/produkt\/produktanbieter-transformer-woocommerce-marketplace-woocommerce-plugin\/","name":"Produktanbieter - Verwandle WooCommerce in den Marktplatz","isPartOf":{"@id":"https:\/\/woo-themes-plugins.com\/it\/#website"},"primaryImageOfPage":{"@id":"https:\/\/woo-themes-plugins.com\/de\/produkt\/produktanbieter-transformer-woocommerce-marketplace-woocommerce-plugin\/#primaryimage"},"image":{"@id":"https:\/\/woo-themes-plugins.com\/de\/produkt\/produktanbieter-transformer-woocommerce-marketplace-woocommerce-plugin\/#primaryimage"},"thumbnailUrl":"https:\/\/woo-themes-plugins.com\/wp-content\/uploads\/sites\/7\/2018\/03\/woo-themes-plugins_woocommerce-product-vendors-plugin-woocommerce.jpg","datePublished":"2018-03-26T09:13:58+00:00","dateModified":"2018-03-26T09:13:58+00:00","description":"Verwandle deine WooCommerce-Seite in einen echten Marktplatz mit mehreren Verk\u00e4ufern, genau das kannst du mit dieser WooCommerce-Erweiterung machen. M\u00f6chten Sie einen Marktplatz mit WooCommerce? Es ist ein Muss-Plugin in diesem Fall, von WooCommerce entwickelt!","breadcrumb":{"@id":"https:\/\/woo-themes-plugins.com\/de\/produkt\/produktanbieter-transformer-woocommerce-marketplace-woocommerce-plugin\/#breadcrumb"},"inLanguage":"de","potentialAction":[{"@type":"ReadAction","target":["https:\/\/woo-themes-plugins.com\/de\/produkt\/produktanbieter-transformer-woocommerce-marketplace-woocommerce-plugin\/"]}]},{"@type":"ImageObject","inLanguage":"de","@id":"https:\/\/woo-themes-plugins.com\/de\/produkt\/produktanbieter-transformer-woocommerce-marketplace-woocommerce-plugin\/#primaryimage","url":"https:\/\/woo-themes-plugins.com\/wp-content\/uploads\/sites\/7\/2018\/03\/woo-themes-plugins_woocommerce-product-vendors-plugin-woocommerce.jpg","contentUrl":"https:\/\/woo-themes-plugins.com\/wp-content\/uploads\/sites\/7\/2018\/03\/woo-themes-plugins_woocommerce-product-vendors-plugin-woocommerce.jpg","width":900,"height":900},{"@type":"BreadcrumbList","@id":"https:\/\/woo-themes-plugins.com\/de\/produkt\/produktanbieter-transformer-woocommerce-marketplace-woocommerce-plugin\/#breadcrumb","itemListElement":[{"@type":"ListItem","position":1,"name":"Accueil","item":"https:\/\/woo-themes-plugins.com\/fr\/"},{"@type":"ListItem","position":2,"name":"Shop","item":"https:\/\/woo-themes-plugins.com\/shop\/"},{"@type":"ListItem","position":3,"name":"Produktanbieter &#8211; Transformer WooCommerce Marketplace &#8211; WooCommerce Plugin"}]},{"@type":"WebSite","@id":"https:\/\/woo-themes-plugins.com\/it\/#website","url":"https:\/\/woo-themes-plugins.com\/it\/","name":"Woo-themes-plugins.com","description":"Tous les th\u00e8mes et plugins WooCommerce Premium","potentialAction":[{"@type":"SearchAction","target":{"@type":"EntryPoint","urlTemplate":"https:\/\/woo-themes-plugins.com\/it\/?s={search_term_string}"},"query-input":"required name=search_term_string"}],"inLanguage":"de"}]}},"_links":{"self":[{"href":"https:\/\/woo-themes-plugins.com\/de\/wp-json\/wp\/v2\/product\/4681","targetHints":{"allow":["GET"]}}],"collection":[{"href":"https:\/\/woo-themes-plugins.com\/de\/wp-json\/wp\/v2\/product"}],"about":[{"href":"https:\/\/woo-themes-plugins.com\/de\/wp-json\/wp\/v2\/types\/product"}],"wp:featuredmedia":[{"embeddable":true,"href":"https:\/\/woo-themes-plugins.com\/de\/wp-json\/wp\/v2\/media\/2720"}],"wp:attachment":[{"href":"https:\/\/woo-themes-plugins.com\/de\/wp-json\/wp\/v2\/media?parent=4681"}],"wp:term":[{"taxonomy":"product_cat","embeddable":true,"href":"https:\/\/woo-themes-plugins.com\/de\/wp-json\/wp\/v2\/product_cat?post=4681"},{"taxonomy":"product_tag","embeddable":true,"href":"https:\/\/woo-themes-plugins.com\/de\/wp-json\/wp\/v2\/product_tag?post=4681"}],"curies":[{"name":"wp","href":"https:\/\/api.w.org\/{rel}","templated":true}]}}