{"id":4682,"date":"2018-03-26T10:16:53","date_gmt":"2018-03-26T09:16:53","guid":{"rendered":"https:\/\/woo-themes-plugins.com\/product\/woocommerce-tab-manager-anpassung-der-produkt-tabs-woocommerce-plugin\/"},"modified":"2018-03-26T10:16:53","modified_gmt":"2018-03-26T09:16:53","slug":"woocommerce-tab-manager-anpassung-der-produkt-tabs-woocommerce-plugin","status":"publish","type":"product","link":"https:\/\/woo-themes-plugins.com\/de\/product\/woocommerce-tab-manager-anpassung-der-produkt-tabs-woocommerce-plugin\/","title":{"rendered":"WooCommerce Tab Manager &#8211; Anpassung der Produkt Tabs &#8211; WooCommerce Plugin"},"content":{"rendered":"<p><span id=\"result_box\" class=\"\" lang=\"de\">Das Tab-basierte Informations-Pr\u00e4sentationssystem ist besonders in den WooCommerce-Produktseiten relevant. Es erm\u00f6glicht, eine gro\u00dfe Menge an Informationen auf kleinem Raum zu verdichten und dabei die verschiedenen Arten von Informationen zu trennen. So finden wir auf der gleichen Registerkarte beispielsweise nicht die Besonderheiten des Produkts oder Kundenkommentare.<\/p>\n<p>Dieses System ist so gut, dass wir es nach unserem Ermessen wieder verwenden m\u00f6chten, um ein Produktblatt zu erstellen, das zu 100% mit der Art des Produkts \u00fcbereinstimmt, das wir verkaufen besonderen. WooCommerce Tab Manager ist ein WooCommerce-Plugin, das in diesen Rahmen passt. Diese WooCommerce-Erweiterung erm\u00f6glicht es uns, die Kontrolle \u00fcber dieses Tab-System zu \u00fcbernehmen, so dass wir beliebig viele erstellen k\u00f6nnen.<\/span><\/p>\n","protected":false},"excerpt":{"rendered":"<p><span id=\"result_box\" class=\"\" lang=\"de\">Mit dem WooCommerce-Produktanbieter-Plugin k\u00f6nnen Sie Ihren WooCommerce-Shop in einen echten Marktplatz verwandeln, auf dem Sie mehrere Anbieter verwalten, Provisionen verwalten und vieles mehr. Wenn Sie versuchen, eine E-Commerce-Site nach dem Marketplace-Prinzip einzurichten, m\u00fcssen Sie dieses Plugin mit gr\u00f6\u00dfter Ernsthaftigkeit studieren.<\/span><\/p>\n","protected":false},"featured_media":2728,"template":"","meta":{"_monsterinsights_skip_tracking":false,"_monsterinsights_sitenote_active":false,"_monsterinsights_sitenote_note":"","_monsterinsights_sitenote_category":0},"product_cat":[208],"product_tag":[1114],"class_list":["post-4682","product","type-product","status-publish","has-post-thumbnail","hentry","product_cat-plugin-woocommerce-de","product_tag-unverzichtbare-woocommerce","pa_dev-woo-plugin-theme-skyverge-de","pa_marketplace-woocommerce-woocommerce-com-de"],"yoast_head":"<!-- This site is optimized with the Yoast SEO plugin v23.1 - https:\/\/yoast.com\/wordpress\/plugins\/seo\/ -->\n<title>WooCommerce Tab Manager - Anpassung Tabs \/ Tabs Produkt<\/title>\n<meta name=\"description\" content=\"Anpassen der WooCommerce-Registerkarten auf einer Produktseite ist ein Kinderspiel. Schlie\u00dflich sollte ich sagen, dass die Tabs WooCommerce Produktdatenbl\u00e4tter ein Kinderspiel sind ... mit diesem Plugin direkt auf der Website WooCommerce.com verf\u00fcgbar.\" \/>\n<meta name=\"robots\" content=\"index, follow, max-snippet:-1, max-image-preview:large, max-video-preview:-1\" \/>\n<link rel=\"canonical\" href=\"https:\/\/woo-themes-plugins.com\/de\/produkt\/woocommerce-tab-manager-anpassung-der-produkt-tabs-woocommerce-plugin\/\" \/>\n<meta property=\"og:locale\" content=\"de_DE\" \/>\n<meta property=\"og:type\" content=\"article\" \/>\n<meta property=\"og:title\" content=\"WooCommerce Tab Manager - Anpassung Tabs \/ Tabs Produkt\" \/>\n<meta property=\"og:description\" content=\"Anpassen der WooCommerce-Registerkarten auf einer Produktseite ist ein Kinderspiel. Schlie\u00dflich sollte ich sagen, dass die Tabs WooCommerce Produktdatenbl\u00e4tter ein Kinderspiel sind ... mit diesem Plugin direkt auf der Website WooCommerce.com verf\u00fcgbar.\" \/>\n<meta property=\"og:url\" content=\"https:\/\/woo-themes-plugins.com\/de\/produkt\/woocommerce-tab-manager-anpassung-der-produkt-tabs-woocommerce-plugin\/\" \/>\n<meta property=\"og:site_name\" content=\"Woo-themes-plugins.com\" \/>\n<meta property=\"og:image\" content=\"https:\/\/woo-themes-plugins.com\/wp-content\/uploads\/sites\/7\/2018\/03\/woo-themes-plugins_woocommerce-woocommerce-tab-manager-plugin-woocommerce.jpg\" \/>\n\t<meta property=\"og:image:width\" content=\"900\" \/>\n\t<meta property=\"og:image:height\" content=\"900\" \/>\n\t<meta property=\"og:image:type\" content=\"image\/jpeg\" \/>\n<meta name=\"twitter:label1\" content=\"Gesch\u00e4tzte Lesezeit\" \/>\n\t<meta name=\"twitter:data1\" content=\"1\u00a0Minute\" \/>\n<script type=\"application\/ld+json\" class=\"yoast-schema-graph\">{\"@context\":\"https:\/\/schema.org\",\"@graph\":[{\"@type\":\"WebPage\",\"@id\":\"https:\/\/woo-themes-plugins.com\/de\/produkt\/woocommerce-tab-manager-anpassung-der-produkt-tabs-woocommerce-plugin\/\",\"url\":\"https:\/\/woo-themes-plugins.com\/de\/produkt\/woocommerce-tab-manager-anpassung-der-produkt-tabs-woocommerce-plugin\/\",\"name\":\"WooCommerce Tab Manager - Anpassung Tabs \/ Tabs Produkt\",\"isPartOf\":{\"@id\":\"https:\/\/woo-themes-plugins.com\/it\/#website\"},\"primaryImageOfPage\":{\"@id\":\"https:\/\/woo-themes-plugins.com\/de\/produkt\/woocommerce-tab-manager-anpassung-der-produkt-tabs-woocommerce-plugin\/#primaryimage\"},\"image\":{\"@id\":\"https:\/\/woo-themes-plugins.com\/de\/produkt\/woocommerce-tab-manager-anpassung-der-produkt-tabs-woocommerce-plugin\/#primaryimage\"},\"thumbnailUrl\":\"https:\/\/woo-themes-plugins.com\/wp-content\/uploads\/sites\/7\/2018\/03\/woo-themes-plugins_woocommerce-woocommerce-tab-manager-plugin-woocommerce.jpg\",\"datePublished\":\"2018-03-26T09:16:53+00:00\",\"dateModified\":\"2018-03-26T09:16:53+00:00\",\"description\":\"Anpassen der WooCommerce-Registerkarten auf einer Produktseite ist ein Kinderspiel. Schlie\u00dflich sollte ich sagen, dass die Tabs WooCommerce Produktdatenbl\u00e4tter ein Kinderspiel sind ... mit diesem Plugin direkt auf der Website WooCommerce.com verf\u00fcgbar.\",\"breadcrumb\":{\"@id\":\"https:\/\/woo-themes-plugins.com\/de\/produkt\/woocommerce-tab-manager-anpassung-der-produkt-tabs-woocommerce-plugin\/#breadcrumb\"},\"inLanguage\":\"de\",\"potentialAction\":[{\"@type\":\"ReadAction\",\"target\":[\"https:\/\/woo-themes-plugins.com\/de\/produkt\/woocommerce-tab-manager-anpassung-der-produkt-tabs-woocommerce-plugin\/\"]}]},{\"@type\":\"ImageObject\",\"inLanguage\":\"de\",\"@id\":\"https:\/\/woo-themes-plugins.com\/de\/produkt\/woocommerce-tab-manager-anpassung-der-produkt-tabs-woocommerce-plugin\/#primaryimage\",\"url\":\"https:\/\/woo-themes-plugins.com\/wp-content\/uploads\/sites\/7\/2018\/03\/woo-themes-plugins_woocommerce-woocommerce-tab-manager-plugin-woocommerce.jpg\",\"contentUrl\":\"https:\/\/woo-themes-plugins.com\/wp-content\/uploads\/sites\/7\/2018\/03\/woo-themes-plugins_woocommerce-woocommerce-tab-manager-plugin-woocommerce.jpg\",\"width\":900,\"height\":900},{\"@type\":\"BreadcrumbList\",\"@id\":\"https:\/\/woo-themes-plugins.com\/de\/produkt\/woocommerce-tab-manager-anpassung-der-produkt-tabs-woocommerce-plugin\/#breadcrumb\",\"itemListElement\":[{\"@type\":\"ListItem\",\"position\":1,\"name\":\"Accueil\",\"item\":\"https:\/\/woo-themes-plugins.com\/fr\/\"},{\"@type\":\"ListItem\",\"position\":2,\"name\":\"Shop\",\"item\":\"https:\/\/woo-themes-plugins.com\/shop\/\"},{\"@type\":\"ListItem\",\"position\":3,\"name\":\"WooCommerce Tab Manager &#8211; Anpassung der Produkt Tabs &#8211; WooCommerce Plugin\"}]},{\"@type\":\"WebSite\",\"@id\":\"https:\/\/woo-themes-plugins.com\/it\/#website\",\"url\":\"https:\/\/woo-themes-plugins.com\/it\/\",\"name\":\"Woo-themes-plugins.com\",\"description\":\"Tous les th\u00e8mes et plugins WooCommerce Premium\",\"potentialAction\":[{\"@type\":\"SearchAction\",\"target\":{\"@type\":\"EntryPoint\",\"urlTemplate\":\"https:\/\/woo-themes-plugins.com\/it\/?s={search_term_string}\"},\"query-input\":\"required name=search_term_string\"}],\"inLanguage\":\"de\"}]}<\/script>\n<!-- \/ Yoast SEO plugin. -->","yoast_head_json":{"title":"WooCommerce Tab Manager - Anpassung Tabs \/ Tabs Produkt","description":"Anpassen der WooCommerce-Registerkarten auf einer Produktseite ist ein Kinderspiel. Schlie\u00dflich sollte ich sagen, dass die Tabs WooCommerce Produktdatenbl\u00e4tter ein Kinderspiel sind ... mit diesem Plugin direkt auf der Website WooCommerce.com verf\u00fcgbar.","robots":{"index":"index","follow":"follow","max-snippet":"max-snippet:-1","max-image-preview":"max-image-preview:large","max-video-preview":"max-video-preview:-1"},"canonical":"https:\/\/woo-themes-plugins.com\/de\/produkt\/woocommerce-tab-manager-anpassung-der-produkt-tabs-woocommerce-plugin\/","og_locale":"de_DE","og_type":"article","og_title":"WooCommerce Tab Manager - Anpassung Tabs \/ Tabs Produkt","og_description":"Anpassen der WooCommerce-Registerkarten auf einer Produktseite ist ein Kinderspiel. Schlie\u00dflich sollte ich sagen, dass die Tabs WooCommerce Produktdatenbl\u00e4tter ein Kinderspiel sind ... mit diesem Plugin direkt auf der Website WooCommerce.com verf\u00fcgbar.","og_url":"https:\/\/woo-themes-plugins.com\/de\/produkt\/woocommerce-tab-manager-anpassung-der-produkt-tabs-woocommerce-plugin\/","og_site_name":"Woo-themes-plugins.com","og_image":[{"width":900,"height":900,"url":"https:\/\/woo-themes-plugins.com\/wp-content\/uploads\/sites\/7\/2018\/03\/woo-themes-plugins_woocommerce-woocommerce-tab-manager-plugin-woocommerce.jpg","type":"image\/jpeg"}],"twitter_misc":{"Gesch\u00e4tzte Lesezeit":"1\u00a0Minute"},"schema":{"@context":"https:\/\/schema.org","@graph":[{"@type":"WebPage","@id":"https:\/\/woo-themes-plugins.com\/de\/produkt\/woocommerce-tab-manager-anpassung-der-produkt-tabs-woocommerce-plugin\/","url":"https:\/\/woo-themes-plugins.com\/de\/produkt\/woocommerce-tab-manager-anpassung-der-produkt-tabs-woocommerce-plugin\/","name":"WooCommerce Tab Manager - Anpassung Tabs \/ Tabs Produkt","isPartOf":{"@id":"https:\/\/woo-themes-plugins.com\/it\/#website"},"primaryImageOfPage":{"@id":"https:\/\/woo-themes-plugins.com\/de\/produkt\/woocommerce-tab-manager-anpassung-der-produkt-tabs-woocommerce-plugin\/#primaryimage"},"image":{"@id":"https:\/\/woo-themes-plugins.com\/de\/produkt\/woocommerce-tab-manager-anpassung-der-produkt-tabs-woocommerce-plugin\/#primaryimage"},"thumbnailUrl":"https:\/\/woo-themes-plugins.com\/wp-content\/uploads\/sites\/7\/2018\/03\/woo-themes-plugins_woocommerce-woocommerce-tab-manager-plugin-woocommerce.jpg","datePublished":"2018-03-26T09:16:53+00:00","dateModified":"2018-03-26T09:16:53+00:00","description":"Anpassen der WooCommerce-Registerkarten auf einer Produktseite ist ein Kinderspiel. Schlie\u00dflich sollte ich sagen, dass die Tabs WooCommerce Produktdatenbl\u00e4tter ein Kinderspiel sind ... mit diesem Plugin direkt auf der Website WooCommerce.com verf\u00fcgbar.","breadcrumb":{"@id":"https:\/\/woo-themes-plugins.com\/de\/produkt\/woocommerce-tab-manager-anpassung-der-produkt-tabs-woocommerce-plugin\/#breadcrumb"},"inLanguage":"de","potentialAction":[{"@type":"ReadAction","target":["https:\/\/woo-themes-plugins.com\/de\/produkt\/woocommerce-tab-manager-anpassung-der-produkt-tabs-woocommerce-plugin\/"]}]},{"@type":"ImageObject","inLanguage":"de","@id":"https:\/\/woo-themes-plugins.com\/de\/produkt\/woocommerce-tab-manager-anpassung-der-produkt-tabs-woocommerce-plugin\/#primaryimage","url":"https:\/\/woo-themes-plugins.com\/wp-content\/uploads\/sites\/7\/2018\/03\/woo-themes-plugins_woocommerce-woocommerce-tab-manager-plugin-woocommerce.jpg","contentUrl":"https:\/\/woo-themes-plugins.com\/wp-content\/uploads\/sites\/7\/2018\/03\/woo-themes-plugins_woocommerce-woocommerce-tab-manager-plugin-woocommerce.jpg","width":900,"height":900},{"@type":"BreadcrumbList","@id":"https:\/\/woo-themes-plugins.com\/de\/produkt\/woocommerce-tab-manager-anpassung-der-produkt-tabs-woocommerce-plugin\/#breadcrumb","itemListElement":[{"@type":"ListItem","position":1,"name":"Accueil","item":"https:\/\/woo-themes-plugins.com\/fr\/"},{"@type":"ListItem","position":2,"name":"Shop","item":"https:\/\/woo-themes-plugins.com\/shop\/"},{"@type":"ListItem","position":3,"name":"WooCommerce Tab Manager &#8211; Anpassung der Produkt Tabs &#8211; WooCommerce Plugin"}]},{"@type":"WebSite","@id":"https:\/\/woo-themes-plugins.com\/it\/#website","url":"https:\/\/woo-themes-plugins.com\/it\/","name":"Woo-themes-plugins.com","description":"Tous les th\u00e8mes et plugins WooCommerce Premium","potentialAction":[{"@type":"SearchAction","target":{"@type":"EntryPoint","urlTemplate":"https:\/\/woo-themes-plugins.com\/it\/?s={search_term_string}"},"query-input":"required name=search_term_string"}],"inLanguage":"de"}]}},"_links":{"self":[{"href":"https:\/\/woo-themes-plugins.com\/de\/wp-json\/wp\/v2\/product\/4682","targetHints":{"allow":["GET"]}}],"collection":[{"href":"https:\/\/woo-themes-plugins.com\/de\/wp-json\/wp\/v2\/product"}],"about":[{"href":"https:\/\/woo-themes-plugins.com\/de\/wp-json\/wp\/v2\/types\/product"}],"wp:featuredmedia":[{"embeddable":true,"href":"https:\/\/woo-themes-plugins.com\/de\/wp-json\/wp\/v2\/media\/2728"}],"wp:attachment":[{"href":"https:\/\/woo-themes-plugins.com\/de\/wp-json\/wp\/v2\/media?parent=4682"}],"wp:term":[{"taxonomy":"product_cat","embeddable":true,"href":"https:\/\/woo-themes-plugins.com\/de\/wp-json\/wp\/v2\/product_cat?post=4682"},{"taxonomy":"product_tag","embeddable":true,"href":"https:\/\/woo-themes-plugins.com\/de\/wp-json\/wp\/v2\/product_tag?post=4682"}],"curies":[{"name":"wp","href":"https:\/\/api.w.org\/{rel}","templated":true}]}}