{"id":4683,"date":"2018-03-26T10:18:48","date_gmt":"2018-03-26T09:18:48","guid":{"rendered":"https:\/\/woo-themes-plugins.com\/product\/woocommerce-marken-markenmanagement-woocommerce-plugin\/"},"modified":"2018-03-26T10:18:48","modified_gmt":"2018-03-26T09:18:48","slug":"woocommerce-marken-markenmanagement-woocommerce-plugin","status":"publish","type":"product","link":"https:\/\/woo-themes-plugins.com\/de\/product\/woocommerce-marken-markenmanagement-woocommerce-plugin\/","title":{"rendered":"WooCommerce Marken &#8211; Markenmanagement &#8211; WooCommerce Plugin"},"content":{"rendered":"<p><span id=\"result_box\" class=\"\" lang=\"de\">Wie der Name dieser WooCommerce-Erweiterung deutlich macht, bietet es uns die M\u00f6glichkeit, das Markenkonzept zu integrieren und mit ihm zu interagieren. Jede dieser Marken kann eine eigene Produktkategorie mit einem eigenen Namen, einer eigenen Beschreibung und gegebenenfalls einem Logo haben. Mit anderen Worten, dieses WooCommerce-Plugin f\u00fcgt Ihrer WooCommerce-Website eine Markentyptaxonomie hinzu:<\/p>\n<p>M\u00f6glichkeit zum Sortieren und Auflisten aller Marken auf einer speziellen Seite durch Verwendung eines Shortcodes<br \/>\nVorschaubild durch Shortcode<br \/>\nVerwenden eines speziellen Widgets zum Verwalten der Seitenleiste unserer Website<br \/>\nNominative Zuordnung zu einem Produkt<br \/>\nBieten Sie unseren Kunden Marken-Navigation<\/p>\n<p><span class=\"\">Wir m\u00f6gen die M\u00f6glichkeit, eine Seite zu erstellen, die alle Marken enth\u00e4lt, die auf unserer Website WooCommerce verkauft werden;<\/span> <span class=\"\">Dies ist besonders n\u00fctzlich, um den Umfang des Lieferantenkatalogs anzuzeigen.<\/span><\/span><\/p>\n","protected":false},"excerpt":{"rendered":"<p><span id=\"result_box\" class=\"\" lang=\"de\">Sie verkaufen mehrere Marken auf Ihrer E-Commerce-Website WooCommerce m\u00f6chten Sie Ihre Kunden navigieren? Mit WooCommerce Brands ist es einfach. Ein kleines, von WooCommerce entwickeltes Plugin, das seine Aufgabe erf\u00fcllt, n\u00e4mlich ein Klassifizierungssystem basierend auf Produktmarken zu erstellen.<\/span><\/p>\n","protected":false},"featured_media":2736,"template":"","meta":{"_monsterinsights_skip_tracking":false,"_monsterinsights_sitenote_active":false,"_monsterinsights_sitenote_note":"","_monsterinsights_sitenote_category":0},"product_cat":[208],"product_tag":[1041,1104],"class_list":["post-4683","product","type-product","status-publish","has-post-thumbnail","hentry","product_cat-plugin-woocommerce-de","product_tag-erweiterte-suche-woocommerce","product_tag-woocommerce-klassifizierung-und-kategorisierung","pa_dev-woo-plugin-theme-woocommerce-de","pa_marketplace-woocommerce-woocommerce-com-de"],"yoast_head":"<!-- This site is optimized with the Yoast SEO plugin v23.1 - https:\/\/yoast.com\/wordpress\/plugins\/seo\/ -->\n<title>WooCommerce Marken - Markenmanagement - WooCommerce Plugin<\/title>\n<meta name=\"description\" content=\"Ihr Gesch\u00e4ft WooCommerce verkauft verschiedene Marken und Sie m\u00f6chten Ihren Kunden erlauben, direkt durch diese Marken zu bl\u00e4ttern? Entdecken Sie ohne Verz\u00f6gerung die Erweiterung WooCommerce Brands. Speziell entwickelt, um mit mehreren Marken und WooCommerce zu arbeiten.\" \/>\n<meta name=\"robots\" content=\"index, follow, max-snippet:-1, max-image-preview:large, max-video-preview:-1\" \/>\n<link rel=\"canonical\" href=\"https:\/\/woo-themes-plugins.com\/de\/produkt\/woocommerce-marken-markenmanagement-woocommerce-plugin\/\" \/>\n<meta property=\"og:locale\" content=\"de_DE\" \/>\n<meta property=\"og:type\" content=\"article\" \/>\n<meta property=\"og:title\" content=\"WooCommerce Marken - Markenmanagement - WooCommerce Plugin\" \/>\n<meta property=\"og:description\" content=\"Ihr Gesch\u00e4ft WooCommerce verkauft verschiedene Marken und Sie m\u00f6chten Ihren Kunden erlauben, direkt durch diese Marken zu bl\u00e4ttern? Entdecken Sie ohne Verz\u00f6gerung die Erweiterung WooCommerce Brands. Speziell entwickelt, um mit mehreren Marken und WooCommerce zu arbeiten.\" \/>\n<meta property=\"og:url\" content=\"https:\/\/woo-themes-plugins.com\/de\/produkt\/woocommerce-marken-markenmanagement-woocommerce-plugin\/\" \/>\n<meta property=\"og:site_name\" content=\"Woo-themes-plugins.com\" \/>\n<meta property=\"og:image\" content=\"https:\/\/woo-themes-plugins.com\/wp-content\/uploads\/sites\/7\/2018\/03\/woo-themes-plugins_woocommerce-woocommerce-brands-plugin-woocommerce.jpg\" \/>\n\t<meta property=\"og:image:width\" content=\"900\" \/>\n\t<meta property=\"og:image:height\" content=\"900\" \/>\n\t<meta property=\"og:image:type\" content=\"image\/jpeg\" \/>\n<meta name=\"twitter:label1\" content=\"Gesch\u00e4tzte Lesezeit\" \/>\n\t<meta name=\"twitter:data1\" content=\"1\u00a0Minute\" \/>\n<script type=\"application\/ld+json\" class=\"yoast-schema-graph\">{\"@context\":\"https:\/\/schema.org\",\"@graph\":[{\"@type\":\"WebPage\",\"@id\":\"https:\/\/woo-themes-plugins.com\/de\/produkt\/woocommerce-marken-markenmanagement-woocommerce-plugin\/\",\"url\":\"https:\/\/woo-themes-plugins.com\/de\/produkt\/woocommerce-marken-markenmanagement-woocommerce-plugin\/\",\"name\":\"WooCommerce Marken - Markenmanagement - WooCommerce Plugin\",\"isPartOf\":{\"@id\":\"https:\/\/woo-themes-plugins.com\/it\/#website\"},\"primaryImageOfPage\":{\"@id\":\"https:\/\/woo-themes-plugins.com\/de\/produkt\/woocommerce-marken-markenmanagement-woocommerce-plugin\/#primaryimage\"},\"image\":{\"@id\":\"https:\/\/woo-themes-plugins.com\/de\/produkt\/woocommerce-marken-markenmanagement-woocommerce-plugin\/#primaryimage\"},\"thumbnailUrl\":\"https:\/\/woo-themes-plugins.com\/wp-content\/uploads\/sites\/7\/2018\/03\/woo-themes-plugins_woocommerce-woocommerce-brands-plugin-woocommerce.jpg\",\"datePublished\":\"2018-03-26T09:18:48+00:00\",\"dateModified\":\"2018-03-26T09:18:48+00:00\",\"description\":\"Ihr Gesch\u00e4ft WooCommerce verkauft verschiedene Marken und Sie m\u00f6chten Ihren Kunden erlauben, direkt durch diese Marken zu bl\u00e4ttern? Entdecken Sie ohne Verz\u00f6gerung die Erweiterung WooCommerce Brands. Speziell entwickelt, um mit mehreren Marken und WooCommerce zu arbeiten.\",\"breadcrumb\":{\"@id\":\"https:\/\/woo-themes-plugins.com\/de\/produkt\/woocommerce-marken-markenmanagement-woocommerce-plugin\/#breadcrumb\"},\"inLanguage\":\"de\",\"potentialAction\":[{\"@type\":\"ReadAction\",\"target\":[\"https:\/\/woo-themes-plugins.com\/de\/produkt\/woocommerce-marken-markenmanagement-woocommerce-plugin\/\"]}]},{\"@type\":\"ImageObject\",\"inLanguage\":\"de\",\"@id\":\"https:\/\/woo-themes-plugins.com\/de\/produkt\/woocommerce-marken-markenmanagement-woocommerce-plugin\/#primaryimage\",\"url\":\"https:\/\/woo-themes-plugins.com\/wp-content\/uploads\/sites\/7\/2018\/03\/woo-themes-plugins_woocommerce-woocommerce-brands-plugin-woocommerce.jpg\",\"contentUrl\":\"https:\/\/woo-themes-plugins.com\/wp-content\/uploads\/sites\/7\/2018\/03\/woo-themes-plugins_woocommerce-woocommerce-brands-plugin-woocommerce.jpg\",\"width\":900,\"height\":900},{\"@type\":\"BreadcrumbList\",\"@id\":\"https:\/\/woo-themes-plugins.com\/de\/produkt\/woocommerce-marken-markenmanagement-woocommerce-plugin\/#breadcrumb\",\"itemListElement\":[{\"@type\":\"ListItem\",\"position\":1,\"name\":\"Accueil\",\"item\":\"https:\/\/woo-themes-plugins.com\/fr\/\"},{\"@type\":\"ListItem\",\"position\":2,\"name\":\"Shop\",\"item\":\"https:\/\/woo-themes-plugins.com\/shop\/\"},{\"@type\":\"ListItem\",\"position\":3,\"name\":\"WooCommerce Marken &#8211; Markenmanagement &#8211; WooCommerce Plugin\"}]},{\"@type\":\"WebSite\",\"@id\":\"https:\/\/woo-themes-plugins.com\/it\/#website\",\"url\":\"https:\/\/woo-themes-plugins.com\/it\/\",\"name\":\"Woo-themes-plugins.com\",\"description\":\"Tous les th\u00e8mes et plugins WooCommerce Premium\",\"potentialAction\":[{\"@type\":\"SearchAction\",\"target\":{\"@type\":\"EntryPoint\",\"urlTemplate\":\"https:\/\/woo-themes-plugins.com\/it\/?s={search_term_string}\"},\"query-input\":\"required name=search_term_string\"}],\"inLanguage\":\"de\"}]}<\/script>\n<!-- \/ Yoast SEO plugin. -->","yoast_head_json":{"title":"WooCommerce Marken - Markenmanagement - WooCommerce Plugin","description":"Ihr Gesch\u00e4ft WooCommerce verkauft verschiedene Marken und Sie m\u00f6chten Ihren Kunden erlauben, direkt durch diese Marken zu bl\u00e4ttern? Entdecken Sie ohne Verz\u00f6gerung die Erweiterung WooCommerce Brands. Speziell entwickelt, um mit mehreren Marken und WooCommerce zu arbeiten.","robots":{"index":"index","follow":"follow","max-snippet":"max-snippet:-1","max-image-preview":"max-image-preview:large","max-video-preview":"max-video-preview:-1"},"canonical":"https:\/\/woo-themes-plugins.com\/de\/produkt\/woocommerce-marken-markenmanagement-woocommerce-plugin\/","og_locale":"de_DE","og_type":"article","og_title":"WooCommerce Marken - Markenmanagement - WooCommerce Plugin","og_description":"Ihr Gesch\u00e4ft WooCommerce verkauft verschiedene Marken und Sie m\u00f6chten Ihren Kunden erlauben, direkt durch diese Marken zu bl\u00e4ttern? Entdecken Sie ohne Verz\u00f6gerung die Erweiterung WooCommerce Brands. Speziell entwickelt, um mit mehreren Marken und WooCommerce zu arbeiten.","og_url":"https:\/\/woo-themes-plugins.com\/de\/produkt\/woocommerce-marken-markenmanagement-woocommerce-plugin\/","og_site_name":"Woo-themes-plugins.com","og_image":[{"width":900,"height":900,"url":"https:\/\/woo-themes-plugins.com\/wp-content\/uploads\/sites\/7\/2018\/03\/woo-themes-plugins_woocommerce-woocommerce-brands-plugin-woocommerce.jpg","type":"image\/jpeg"}],"twitter_misc":{"Gesch\u00e4tzte Lesezeit":"1\u00a0Minute"},"schema":{"@context":"https:\/\/schema.org","@graph":[{"@type":"WebPage","@id":"https:\/\/woo-themes-plugins.com\/de\/produkt\/woocommerce-marken-markenmanagement-woocommerce-plugin\/","url":"https:\/\/woo-themes-plugins.com\/de\/produkt\/woocommerce-marken-markenmanagement-woocommerce-plugin\/","name":"WooCommerce Marken - Markenmanagement - WooCommerce Plugin","isPartOf":{"@id":"https:\/\/woo-themes-plugins.com\/it\/#website"},"primaryImageOfPage":{"@id":"https:\/\/woo-themes-plugins.com\/de\/produkt\/woocommerce-marken-markenmanagement-woocommerce-plugin\/#primaryimage"},"image":{"@id":"https:\/\/woo-themes-plugins.com\/de\/produkt\/woocommerce-marken-markenmanagement-woocommerce-plugin\/#primaryimage"},"thumbnailUrl":"https:\/\/woo-themes-plugins.com\/wp-content\/uploads\/sites\/7\/2018\/03\/woo-themes-plugins_woocommerce-woocommerce-brands-plugin-woocommerce.jpg","datePublished":"2018-03-26T09:18:48+00:00","dateModified":"2018-03-26T09:18:48+00:00","description":"Ihr Gesch\u00e4ft WooCommerce verkauft verschiedene Marken und Sie m\u00f6chten Ihren Kunden erlauben, direkt durch diese Marken zu bl\u00e4ttern? Entdecken Sie ohne Verz\u00f6gerung die Erweiterung WooCommerce Brands. Speziell entwickelt, um mit mehreren Marken und WooCommerce zu arbeiten.","breadcrumb":{"@id":"https:\/\/woo-themes-plugins.com\/de\/produkt\/woocommerce-marken-markenmanagement-woocommerce-plugin\/#breadcrumb"},"inLanguage":"de","potentialAction":[{"@type":"ReadAction","target":["https:\/\/woo-themes-plugins.com\/de\/produkt\/woocommerce-marken-markenmanagement-woocommerce-plugin\/"]}]},{"@type":"ImageObject","inLanguage":"de","@id":"https:\/\/woo-themes-plugins.com\/de\/produkt\/woocommerce-marken-markenmanagement-woocommerce-plugin\/#primaryimage","url":"https:\/\/woo-themes-plugins.com\/wp-content\/uploads\/sites\/7\/2018\/03\/woo-themes-plugins_woocommerce-woocommerce-brands-plugin-woocommerce.jpg","contentUrl":"https:\/\/woo-themes-plugins.com\/wp-content\/uploads\/sites\/7\/2018\/03\/woo-themes-plugins_woocommerce-woocommerce-brands-plugin-woocommerce.jpg","width":900,"height":900},{"@type":"BreadcrumbList","@id":"https:\/\/woo-themes-plugins.com\/de\/produkt\/woocommerce-marken-markenmanagement-woocommerce-plugin\/#breadcrumb","itemListElement":[{"@type":"ListItem","position":1,"name":"Accueil","item":"https:\/\/woo-themes-plugins.com\/fr\/"},{"@type":"ListItem","position":2,"name":"Shop","item":"https:\/\/woo-themes-plugins.com\/shop\/"},{"@type":"ListItem","position":3,"name":"WooCommerce Marken &#8211; Markenmanagement &#8211; WooCommerce Plugin"}]},{"@type":"WebSite","@id":"https:\/\/woo-themes-plugins.com\/it\/#website","url":"https:\/\/woo-themes-plugins.com\/it\/","name":"Woo-themes-plugins.com","description":"Tous les th\u00e8mes et plugins WooCommerce Premium","potentialAction":[{"@type":"SearchAction","target":{"@type":"EntryPoint","urlTemplate":"https:\/\/woo-themes-plugins.com\/it\/?s={search_term_string}"},"query-input":"required name=search_term_string"}],"inLanguage":"de"}]}},"_links":{"self":[{"href":"https:\/\/woo-themes-plugins.com\/de\/wp-json\/wp\/v2\/product\/4683","targetHints":{"allow":["GET"]}}],"collection":[{"href":"https:\/\/woo-themes-plugins.com\/de\/wp-json\/wp\/v2\/product"}],"about":[{"href":"https:\/\/woo-themes-plugins.com\/de\/wp-json\/wp\/v2\/types\/product"}],"wp:featuredmedia":[{"embeddable":true,"href":"https:\/\/woo-themes-plugins.com\/de\/wp-json\/wp\/v2\/media\/2736"}],"wp:attachment":[{"href":"https:\/\/woo-themes-plugins.com\/de\/wp-json\/wp\/v2\/media?parent=4683"}],"wp:term":[{"taxonomy":"product_cat","embeddable":true,"href":"https:\/\/woo-themes-plugins.com\/de\/wp-json\/wp\/v2\/product_cat?post=4683"},{"taxonomy":"product_tag","embeddable":true,"href":"https:\/\/woo-themes-plugins.com\/de\/wp-json\/wp\/v2\/product_tag?post=4683"}],"curies":[{"name":"wp","href":"https:\/\/api.w.org\/{rel}","templated":true}]}}