{"id":4684,"date":"2018-03-26T10:21:53","date_gmt":"2018-03-26T09:21:53","guid":{"rendered":"https:\/\/woo-themes-plugins.com\/product\/woocommerce-social-login-erstellen-eines-kundenkontos-woocommerce-plugin\/"},"modified":"2018-03-26T10:21:53","modified_gmt":"2018-03-26T09:21:53","slug":"woocommerce-social-login-erstellen-eines-kundenkontos-woocommerce-plugin","status":"publish","type":"product","link":"https:\/\/woo-themes-plugins.com\/de\/product\/woocommerce-social-login-erstellen-eines-kundenkontos-woocommerce-plugin\/","title":{"rendered":"WooCommerce Social Login &#8211; Erstellen eines Kundenkontos &#8211; WooCommerce Plugin"},"content":{"rendered":"<p><span id=\"result_box\" class=\"\" lang=\"de\"><span title=\"Je viens de te le dire, minimiser son taux d'abandon de panier c'est s'int\u00e9resser aux principales raisons d'abandons sur son site.\">Ich habe Ihnen nur gesagt, um seine Abbruchrate des Korbes zu minimieren, sollten Sie an den Hauptgr\u00fcnden interessiert sein, auf seiner Seite aufzugeben. <\/span><span title=\"Bien que ces raisons peuvent \u00eatre nombreuses et parfois d\u00e9pendre totalement de son secteur d'activit\u00e9, il n'en demeure pas moins que de grandes constantes se retrouvent, peut importe le site de eCommerce et peut importe le secteur d'activit\u00e9.\">Obwohl diese Gr\u00fcnde zahlreich sein k\u00f6nnen und manchmal v\u00f6llig von ihrem Gesch\u00e4ftssektor abh\u00e4ngen, bleibt die Tatsache, dass gro\u00dfe Konstanten gefunden werden, unabh\u00e4ngig von der E-Commerce-Site und jedem Sektor der Aktivit\u00e4t. <\/span><span title=\"Un des blocages les plus fort concerne la cr\u00e9ation de compte client.\">Eine der st\u00e4rksten Blockaden ist die Erstellung eines Kundenkontos. <\/span><span title=\"Qui ne s'est pas arr\u00eat\u00e9 au moment de passer commande, lorsqu'il s'est aper\u00e7ue qu'il fallait encore cr\u00e9er un compte sur un \u00e9ni\u00e8me site web.\">Wer nicht bei der Bestellung aufgeh\u00f6rt hat, merkte, dass es notwendig war, ein Konto auf einer anderen Website einzurichten. <\/span><span title=\"Si cela est souvent peut probl\u00e9matique pour les gros sites ayant pignons sur rue depuis longtemps, cela est beaucoup moins vrais pour les boutiques plus modestes.\">W\u00e4hrend dies f\u00fcr gro\u00dfe, lange Zeit etablierte Sites oft problematisch sein kann, trifft dies f\u00fcr kleinere Shops weniger zu. <\/span><span title=\"WooCommerce Social Login est comme son doux nom l'indique, une extension WooCommerce dont le but est de proposer \u00e0 nos clients de se connecter \u00e0 notre site directement avec un compte issue d'un r\u00e9seau social comme Twitter, Facebook ou Instagram, mais aussi de\">WooCommerce Social Login ist, wie der s\u00fc\u00dfe Name schon sagt, eine WooCommerce-Erweiterung, deren Ziel es ist, unseren Kunden zu erm\u00f6glichen, sich direkt mit einem Account eines sozialen Netzwerks wie Twitter, Facebook oder Instagram auf unserer Seite zu verbinden <\/span><span title=\"site tr\u00e8s populaires comme Paypal ou Amazon par exemple.\">sehr beliebte Seite wie Paypal oder Amazon zum Beispiel.<\/span><\/span><\/p>\n","protected":false},"excerpt":{"rendered":"<p><span id=\"result_box\" class=\"\" lang=\"de\">Mit WooCommerce Social Login k\u00f6nnen Sie Ihren Kunden endlich anbieten, ein Konto \u00fcber ihre sozialen Netzwerkkonten zu erstellen. F\u00fcr einige Kunden ist dies einfacher, so dass Sie einen Prozess maximieren k\u00f6nnen, der h\u00e4ufig die Quelle der st\u00e4rksten Quelle f\u00fcr die Aufgabe Ihrer Website ist.<\/span><\/p>\n","protected":false},"featured_media":2744,"template":"","meta":{"_monsterinsights_skip_tracking":false,"_monsterinsights_sitenote_active":false,"_monsterinsights_sitenote_note":"","_monsterinsights_sitenote_category":0},"product_cat":[208],"product_tag":[1068,1114,1049,1103],"class_list":["post-4684","product","type-product","status-publish","has-post-thumbnail","hentry","product_cat-plugin-woocommerce-de","product_tag-soziale-netzwerke-woocommerce","product_tag-unverzichtbare-woocommerce","product_tag-verbesserung-abandon-basket","product_tag-woocommerce-kundenkonto","pa_dev-woo-plugin-theme-skyverge-de","pa_marketplace-woocommerce-woocommerce-com-de"],"yoast_head":"<!-- This site is optimized with the Yoast SEO plugin v23.1 - https:\/\/yoast.com\/wordpress\/plugins\/seo\/ -->\n<title>WooCommerce Social Login - Erstellung eines WooCommerce-Accounts<\/title>\n<meta name=\"description\" content=\"Erlaube die Verbindung zu deiner WooCommerce-Site direkt von seinem Twitter-Account, Facebook, Google+, Amazon, Linked, Instagram, Yahoo und sogar Paypal ist mit WooCommerce Social Login m\u00f6glich, einem essentiellen Plugin, um den Umsatz seiner E-Commerce-Site zu steigern mit dem Web 2.0.\" \/>\n<meta name=\"robots\" content=\"index, follow, max-snippet:-1, max-image-preview:large, max-video-preview:-1\" \/>\n<link rel=\"canonical\" href=\"https:\/\/woo-themes-plugins.com\/de\/produkt\/woocommerce-social-login-erstellen-eines-kundenkontos-woocommerce-plugin\/\" \/>\n<meta property=\"og:locale\" content=\"de_DE\" \/>\n<meta property=\"og:type\" content=\"article\" \/>\n<meta property=\"og:title\" content=\"WooCommerce Social Login - Erstellung eines WooCommerce-Accounts\" \/>\n<meta property=\"og:description\" content=\"Erlaube die Verbindung zu deiner WooCommerce-Site direkt von seinem Twitter-Account, Facebook, Google+, Amazon, Linked, Instagram, Yahoo und sogar Paypal ist mit WooCommerce Social Login m\u00f6glich, einem essentiellen Plugin, um den Umsatz seiner E-Commerce-Site zu steigern mit dem Web 2.0.\" \/>\n<meta property=\"og:url\" content=\"https:\/\/woo-themes-plugins.com\/de\/produkt\/woocommerce-social-login-erstellen-eines-kundenkontos-woocommerce-plugin\/\" \/>\n<meta property=\"og:site_name\" content=\"Woo-themes-plugins.com\" \/>\n<meta property=\"og:image\" content=\"https:\/\/woo-themes-plugins.com\/wp-content\/uploads\/sites\/7\/2018\/03\/woo-themes-plugins_woocommerce-woocommerce-social-login-plugin-woocommerce.jpg\" \/>\n\t<meta property=\"og:image:width\" content=\"900\" \/>\n\t<meta property=\"og:image:height\" content=\"900\" \/>\n\t<meta property=\"og:image:type\" content=\"image\/jpeg\" \/>\n<meta name=\"twitter:label1\" content=\"Gesch\u00e4tzte Lesezeit\" \/>\n\t<meta name=\"twitter:data1\" content=\"1\u00a0Minute\" \/>\n<script type=\"application\/ld+json\" class=\"yoast-schema-graph\">{\"@context\":\"https:\/\/schema.org\",\"@graph\":[{\"@type\":\"WebPage\",\"@id\":\"https:\/\/woo-themes-plugins.com\/de\/produkt\/woocommerce-social-login-erstellen-eines-kundenkontos-woocommerce-plugin\/\",\"url\":\"https:\/\/woo-themes-plugins.com\/de\/produkt\/woocommerce-social-login-erstellen-eines-kundenkontos-woocommerce-plugin\/\",\"name\":\"WooCommerce Social Login - Erstellung eines WooCommerce-Accounts\",\"isPartOf\":{\"@id\":\"https:\/\/woo-themes-plugins.com\/it\/#website\"},\"primaryImageOfPage\":{\"@id\":\"https:\/\/woo-themes-plugins.com\/de\/produkt\/woocommerce-social-login-erstellen-eines-kundenkontos-woocommerce-plugin\/#primaryimage\"},\"image\":{\"@id\":\"https:\/\/woo-themes-plugins.com\/de\/produkt\/woocommerce-social-login-erstellen-eines-kundenkontos-woocommerce-plugin\/#primaryimage\"},\"thumbnailUrl\":\"https:\/\/woo-themes-plugins.com\/wp-content\/uploads\/sites\/7\/2018\/03\/woo-themes-plugins_woocommerce-woocommerce-social-login-plugin-woocommerce.jpg\",\"datePublished\":\"2018-03-26T09:21:53+00:00\",\"dateModified\":\"2018-03-26T09:21:53+00:00\",\"description\":\"Erlaube die Verbindung zu deiner WooCommerce-Site direkt von seinem Twitter-Account, Facebook, Google+, Amazon, Linked, Instagram, Yahoo und sogar Paypal ist mit WooCommerce Social Login m\u00f6glich, einem essentiellen Plugin, um den Umsatz seiner E-Commerce-Site zu steigern mit dem Web 2.0.\",\"breadcrumb\":{\"@id\":\"https:\/\/woo-themes-plugins.com\/de\/produkt\/woocommerce-social-login-erstellen-eines-kundenkontos-woocommerce-plugin\/#breadcrumb\"},\"inLanguage\":\"de\",\"potentialAction\":[{\"@type\":\"ReadAction\",\"target\":[\"https:\/\/woo-themes-plugins.com\/de\/produkt\/woocommerce-social-login-erstellen-eines-kundenkontos-woocommerce-plugin\/\"]}]},{\"@type\":\"ImageObject\",\"inLanguage\":\"de\",\"@id\":\"https:\/\/woo-themes-plugins.com\/de\/produkt\/woocommerce-social-login-erstellen-eines-kundenkontos-woocommerce-plugin\/#primaryimage\",\"url\":\"https:\/\/woo-themes-plugins.com\/wp-content\/uploads\/sites\/7\/2018\/03\/woo-themes-plugins_woocommerce-woocommerce-social-login-plugin-woocommerce.jpg\",\"contentUrl\":\"https:\/\/woo-themes-plugins.com\/wp-content\/uploads\/sites\/7\/2018\/03\/woo-themes-plugins_woocommerce-woocommerce-social-login-plugin-woocommerce.jpg\",\"width\":900,\"height\":900},{\"@type\":\"BreadcrumbList\",\"@id\":\"https:\/\/woo-themes-plugins.com\/de\/produkt\/woocommerce-social-login-erstellen-eines-kundenkontos-woocommerce-plugin\/#breadcrumb\",\"itemListElement\":[{\"@type\":\"ListItem\",\"position\":1,\"name\":\"Accueil\",\"item\":\"https:\/\/woo-themes-plugins.com\/fr\/\"},{\"@type\":\"ListItem\",\"position\":2,\"name\":\"Shop\",\"item\":\"https:\/\/woo-themes-plugins.com\/shop\/\"},{\"@type\":\"ListItem\",\"position\":3,\"name\":\"WooCommerce Social Login &#8211; Erstellen eines Kundenkontos &#8211; WooCommerce Plugin\"}]},{\"@type\":\"WebSite\",\"@id\":\"https:\/\/woo-themes-plugins.com\/it\/#website\",\"url\":\"https:\/\/woo-themes-plugins.com\/it\/\",\"name\":\"Woo-themes-plugins.com\",\"description\":\"Tous les th\u00e8mes et plugins WooCommerce Premium\",\"potentialAction\":[{\"@type\":\"SearchAction\",\"target\":{\"@type\":\"EntryPoint\",\"urlTemplate\":\"https:\/\/woo-themes-plugins.com\/it\/?s={search_term_string}\"},\"query-input\":\"required name=search_term_string\"}],\"inLanguage\":\"de\"}]}<\/script>\n<!-- \/ Yoast SEO plugin. -->","yoast_head_json":{"title":"WooCommerce Social Login - Erstellung eines WooCommerce-Accounts","description":"Erlaube die Verbindung zu deiner WooCommerce-Site direkt von seinem Twitter-Account, Facebook, Google+, Amazon, Linked, Instagram, Yahoo und sogar Paypal ist mit WooCommerce Social Login m\u00f6glich, einem essentiellen Plugin, um den Umsatz seiner E-Commerce-Site zu steigern mit dem Web 2.0.","robots":{"index":"index","follow":"follow","max-snippet":"max-snippet:-1","max-image-preview":"max-image-preview:large","max-video-preview":"max-video-preview:-1"},"canonical":"https:\/\/woo-themes-plugins.com\/de\/produkt\/woocommerce-social-login-erstellen-eines-kundenkontos-woocommerce-plugin\/","og_locale":"de_DE","og_type":"article","og_title":"WooCommerce Social Login - Erstellung eines WooCommerce-Accounts","og_description":"Erlaube die Verbindung zu deiner WooCommerce-Site direkt von seinem Twitter-Account, Facebook, Google+, Amazon, Linked, Instagram, Yahoo und sogar Paypal ist mit WooCommerce Social Login m\u00f6glich, einem essentiellen Plugin, um den Umsatz seiner E-Commerce-Site zu steigern mit dem Web 2.0.","og_url":"https:\/\/woo-themes-plugins.com\/de\/produkt\/woocommerce-social-login-erstellen-eines-kundenkontos-woocommerce-plugin\/","og_site_name":"Woo-themes-plugins.com","og_image":[{"width":900,"height":900,"url":"https:\/\/woo-themes-plugins.com\/wp-content\/uploads\/sites\/7\/2018\/03\/woo-themes-plugins_woocommerce-woocommerce-social-login-plugin-woocommerce.jpg","type":"image\/jpeg"}],"twitter_misc":{"Gesch\u00e4tzte Lesezeit":"1\u00a0Minute"},"schema":{"@context":"https:\/\/schema.org","@graph":[{"@type":"WebPage","@id":"https:\/\/woo-themes-plugins.com\/de\/produkt\/woocommerce-social-login-erstellen-eines-kundenkontos-woocommerce-plugin\/","url":"https:\/\/woo-themes-plugins.com\/de\/produkt\/woocommerce-social-login-erstellen-eines-kundenkontos-woocommerce-plugin\/","name":"WooCommerce Social Login - Erstellung eines WooCommerce-Accounts","isPartOf":{"@id":"https:\/\/woo-themes-plugins.com\/it\/#website"},"primaryImageOfPage":{"@id":"https:\/\/woo-themes-plugins.com\/de\/produkt\/woocommerce-social-login-erstellen-eines-kundenkontos-woocommerce-plugin\/#primaryimage"},"image":{"@id":"https:\/\/woo-themes-plugins.com\/de\/produkt\/woocommerce-social-login-erstellen-eines-kundenkontos-woocommerce-plugin\/#primaryimage"},"thumbnailUrl":"https:\/\/woo-themes-plugins.com\/wp-content\/uploads\/sites\/7\/2018\/03\/woo-themes-plugins_woocommerce-woocommerce-social-login-plugin-woocommerce.jpg","datePublished":"2018-03-26T09:21:53+00:00","dateModified":"2018-03-26T09:21:53+00:00","description":"Erlaube die Verbindung zu deiner WooCommerce-Site direkt von seinem Twitter-Account, Facebook, Google+, Amazon, Linked, Instagram, Yahoo und sogar Paypal ist mit WooCommerce Social Login m\u00f6glich, einem essentiellen Plugin, um den Umsatz seiner E-Commerce-Site zu steigern mit dem Web 2.0.","breadcrumb":{"@id":"https:\/\/woo-themes-plugins.com\/de\/produkt\/woocommerce-social-login-erstellen-eines-kundenkontos-woocommerce-plugin\/#breadcrumb"},"inLanguage":"de","potentialAction":[{"@type":"ReadAction","target":["https:\/\/woo-themes-plugins.com\/de\/produkt\/woocommerce-social-login-erstellen-eines-kundenkontos-woocommerce-plugin\/"]}]},{"@type":"ImageObject","inLanguage":"de","@id":"https:\/\/woo-themes-plugins.com\/de\/produkt\/woocommerce-social-login-erstellen-eines-kundenkontos-woocommerce-plugin\/#primaryimage","url":"https:\/\/woo-themes-plugins.com\/wp-content\/uploads\/sites\/7\/2018\/03\/woo-themes-plugins_woocommerce-woocommerce-social-login-plugin-woocommerce.jpg","contentUrl":"https:\/\/woo-themes-plugins.com\/wp-content\/uploads\/sites\/7\/2018\/03\/woo-themes-plugins_woocommerce-woocommerce-social-login-plugin-woocommerce.jpg","width":900,"height":900},{"@type":"BreadcrumbList","@id":"https:\/\/woo-themes-plugins.com\/de\/produkt\/woocommerce-social-login-erstellen-eines-kundenkontos-woocommerce-plugin\/#breadcrumb","itemListElement":[{"@type":"ListItem","position":1,"name":"Accueil","item":"https:\/\/woo-themes-plugins.com\/fr\/"},{"@type":"ListItem","position":2,"name":"Shop","item":"https:\/\/woo-themes-plugins.com\/shop\/"},{"@type":"ListItem","position":3,"name":"WooCommerce Social Login &#8211; Erstellen eines Kundenkontos &#8211; WooCommerce Plugin"}]},{"@type":"WebSite","@id":"https:\/\/woo-themes-plugins.com\/it\/#website","url":"https:\/\/woo-themes-plugins.com\/it\/","name":"Woo-themes-plugins.com","description":"Tous les th\u00e8mes et plugins WooCommerce Premium","potentialAction":[{"@type":"SearchAction","target":{"@type":"EntryPoint","urlTemplate":"https:\/\/woo-themes-plugins.com\/it\/?s={search_term_string}"},"query-input":"required name=search_term_string"}],"inLanguage":"de"}]}},"_links":{"self":[{"href":"https:\/\/woo-themes-plugins.com\/de\/wp-json\/wp\/v2\/product\/4684","targetHints":{"allow":["GET"]}}],"collection":[{"href":"https:\/\/woo-themes-plugins.com\/de\/wp-json\/wp\/v2\/product"}],"about":[{"href":"https:\/\/woo-themes-plugins.com\/de\/wp-json\/wp\/v2\/types\/product"}],"wp:featuredmedia":[{"embeddable":true,"href":"https:\/\/woo-themes-plugins.com\/de\/wp-json\/wp\/v2\/media\/2744"}],"wp:attachment":[{"href":"https:\/\/woo-themes-plugins.com\/de\/wp-json\/wp\/v2\/media?parent=4684"}],"wp:term":[{"taxonomy":"product_cat","embeddable":true,"href":"https:\/\/woo-themes-plugins.com\/de\/wp-json\/wp\/v2\/product_cat?post=4684"},{"taxonomy":"product_tag","embeddable":true,"href":"https:\/\/woo-themes-plugins.com\/de\/wp-json\/wp\/v2\/product_tag?post=4684"}],"curies":[{"name":"wp","href":"https:\/\/api.w.org\/{rel}","templated":true}]}}