{"id":4685,"date":"2018-03-26T10:38:40","date_gmt":"2018-03-26T09:38:40","guid":{"rendered":"https:\/\/woo-themes-plugins.com\/product\/woocommerce-checkout-add-ons-anpassen-des-purchase-tunnels\/"},"modified":"2018-03-26T10:38:40","modified_gmt":"2018-03-26T09:38:40","slug":"woocommerce-checkout-add-ons-anpassen-des-purchase-tunnels","status":"publish","type":"product","link":"https:\/\/woo-themes-plugins.com\/de\/product\/woocommerce-checkout-add-ons-anpassen-des-purchase-tunnels\/","title":{"rendered":"WooCommerce Checkout Add-Ons &#8211; Anpassen des Purchase Tunnels"},"content":{"rendered":"<p><span id=\"result_box\" class=\"\" lang=\"de\"><span title=\"Lorsqu'il est question de formulaire WooCommerce pour passer commande, il est pas interdit de dire que celui-ci est minimale.\">Wenn es darum geht, WooCommerce Form zu bestellen, ist es nicht verboten zu sagen, dass es minimal ist. <\/span><span title=\"Minimale pas tant dans les informations qu'il contient car apr\u00e8s tout, elles sont bien toutes pr\u00e9sentes.\">Minimal nicht so sehr in den Informationen, die es enth\u00e4lt, denn schlie\u00dflich sind sie alle anwesend. <\/span><span title=\"Je dirais plut\u00f4t minimale dans les possibilit\u00e9s de personnalisation qui nous sont offertes.\">Ich w\u00fcrde sagen, dass die M\u00f6glichkeiten der Anpassung, die uns angeboten werden, eher minimal sind. <\/span><span title=\"Il faut bien le dire, elles sont nulles.\">Es muss gesagt werden, sie sind null. <\/span><span title=\"Si tu souhaites proposer des services compl\u00e9mentaires ou des produits additionnels directement dans le checkout client, cela est purement impossible.\">Wenn Sie zus\u00e4tzliche Dienstleistungen oder zus\u00e4tzliche Produkte direkt im Kunden-Checkout anbieten wollen, ist das schlichtweg unm\u00f6glich. <\/span><span title=\"C'est bien ce que nous propose donc de faire cette extension WooCommerce : proposer des services et produits additionnels directement dans le checkout client.\n\n\">Dies ist, was wir vorschlagen, diese Erweiterung WooCommerce zu tun: bieten Sie zus\u00e4tzliche Dienstleistungen und Produkte direkt in der Kundenkasse.<\/p>\n<p><\/span><span title=\"En fait, cela est un r\u00e9sum\u00e9 bien simpliste de ce que peut faire ce plugin WooCommerce.\">In der Tat ist dies eine sehr einfache Zusammenfassung dessen, was dieses WooCommerce-Plugin tun kann. <\/span><span title=\"Tu vas pouvoir venir cr\u00e9er diff\u00e9rentes conditions de d\u00e9clenchement pour la pr\u00e9sentation de ces diff\u00e9rents produits ou services.\">Sie k\u00f6nnen verschiedene Trigger-Bedingungen f\u00fcr die Pr\u00e4sentation dieser verschiedenen Produkte oder Dienstleistungen erstellen. <\/span><span title=\"Encore mieux, tu vas pouvoir d\u00e9terminer si ces derniers sont facturables ou tout simplement offert au client.\n\n\">Noch besser, Sie k\u00f6nnen feststellen, ob sie abrechenbar sind oder einfach dem Kunden angeboten werden.<\/p>\n<p><\/span><span title=\"Avec ce type d'extension pour WooCommerce, tu vas prendre le contr\u00f4le totale sur ton checkout en permettant aussi \u00e0 ton client d'envoyer par exemple une photo \u00e0 imprimer pour 10\u20ac sur un certain type de t-shirt, ou encore permettre l'\">Bei dieser Art der Erweiterung f\u00fcr WooCommerce, werden Sie volle Kontrolle \u00fcber Ihre Kasse nehmen k\u00f6nnen Ihren Klienten auch ein solches Bild senden f\u00fcr 10 \u20ac auf eine bestimmte Art von Shirt zu drucken, oder lassen Sie das <\/span><span title=\"achat de service sans gestion de stock comme des assurances compl\u00e9mentaires par exemple.\">Kauf von Dienstleistungen ohne Bestandsverwaltung wie zB Zusatzversicherungen. <\/span><span title=\"Checkout add-ons nous permet bien entendu de manipuler toute une vari\u00e9t\u00e9 de champs HTML comme les s\u00e9lecteurs multiples, les zones de texte libre, les checkbox...\">Checkout-Add-Ons erm\u00f6glichen es uns nat\u00fcrlich, eine Vielzahl von HTML-Feldern wie Mehrfachselektoren, freie Textfelder, Checkboxen &#8230;<\/span><\/span><\/p>\n","protected":false},"excerpt":{"rendered":"<p><span id=\"result_box\" class=\"\" lang=\"de\">SkyVerge bietet uns das WooCommerce WooCommerce Checkout-Add-ons-Plugin an, mit dem wir bestimmte Angebote oder Produkte w\u00e4hrend des Kundenumwandlungstunnels hervorheben k\u00f6nnen. Perfekt um zB den Umsatz zu maximieren oder Versandkosten auszul\u00f6sen.<\/p>\n<p>Diese Erweiterung WooCommerce, es ist auch und vor allem die M\u00f6glichkeit, 100% Kunden Umwandlung Tunnel anpassen, was WooCommerce nicht tun kann!<\/span><\/p>\n","protected":false},"featured_media":2752,"template":"","meta":{"_monsterinsights_skip_tracking":false,"_monsterinsights_sitenote_active":false,"_monsterinsights_sitenote_note":"","_monsterinsights_sitenote_category":0},"product_cat":[208],"product_tag":[1044,1097],"class_list":["post-4685","product","type-product","status-publish","has-post-thumbnail","hentry","product_cat-plugin-woocommerce-de","product_tag-umbautunnel-kasse-woocommerce","product_tag-woocommerce-produkt-produktgruppe-komplementarprodukt-de","pa_dev-woo-plugin-theme-skyverge-de","pa_marketplace-woocommerce-woocommerce-com-de"],"yoast_head":"<!-- This site is optimized with the Yoast SEO plugin v23.1 - https:\/\/yoast.com\/wordpress\/plugins\/seo\/ -->\n<title>WooCommerce Checkout Add-Ons - Anpassen des Purchase Tunnels<\/title>\n<meta name=\"description\" content=\"Dieses Plugin ist endlich die M\u00f6glichkeit, uns, WooCommerce Site Administrator, endlich die komplette Hand auf unserem Kunden-Kauf-Tunnel zu bieten. Mit dieser Erweiterung, bietet zus\u00e4tzliche Dienste, f\u00fcgt HTML-Felder hinzu, erm\u00f6glicht das Senden von Dateien ... Kurz gesagt, behandelt alle die Kasse bei 100%\" \/>\n<meta name=\"robots\" content=\"index, follow, max-snippet:-1, max-image-preview:large, max-video-preview:-1\" \/>\n<link rel=\"canonical\" href=\"https:\/\/woo-themes-plugins.com\/de\/produkt\/woocommerce-checkout-add-ons-anpassen-des-purchase-tunnels\/\" \/>\n<meta property=\"og:locale\" content=\"de_DE\" \/>\n<meta property=\"og:type\" content=\"article\" \/>\n<meta property=\"og:title\" content=\"WooCommerce Checkout Add-Ons - Anpassen des Purchase Tunnels\" \/>\n<meta property=\"og:description\" content=\"Dieses Plugin ist endlich die M\u00f6glichkeit, uns, WooCommerce Site Administrator, endlich die komplette Hand auf unserem Kunden-Kauf-Tunnel zu bieten. Mit dieser Erweiterung, bietet zus\u00e4tzliche Dienste, f\u00fcgt HTML-Felder hinzu, erm\u00f6glicht das Senden von Dateien ... Kurz gesagt, behandelt alle die Kasse bei 100%\" \/>\n<meta property=\"og:url\" content=\"https:\/\/woo-themes-plugins.com\/de\/produkt\/woocommerce-checkout-add-ons-anpassen-des-purchase-tunnels\/\" \/>\n<meta property=\"og:site_name\" content=\"Woo-themes-plugins.com\" \/>\n<meta property=\"og:image\" content=\"https:\/\/woo-themes-plugins.com\/wp-content\/uploads\/sites\/7\/2018\/03\/woo-themes-plugins_woocommerce-woocommerce-checkout-add-ons-login-plugin-woocommerce.jpg\" \/>\n\t<meta property=\"og:image:width\" content=\"900\" \/>\n\t<meta property=\"og:image:height\" content=\"900\" \/>\n\t<meta property=\"og:image:type\" content=\"image\/jpeg\" \/>\n<meta name=\"twitter:label1\" content=\"Gesch\u00e4tzte Lesezeit\" \/>\n\t<meta name=\"twitter:data1\" content=\"1\u00a0Minute\" \/>\n<script type=\"application\/ld+json\" class=\"yoast-schema-graph\">{\"@context\":\"https:\/\/schema.org\",\"@graph\":[{\"@type\":\"WebPage\",\"@id\":\"https:\/\/woo-themes-plugins.com\/de\/produkt\/woocommerce-checkout-add-ons-anpassen-des-purchase-tunnels\/\",\"url\":\"https:\/\/woo-themes-plugins.com\/de\/produkt\/woocommerce-checkout-add-ons-anpassen-des-purchase-tunnels\/\",\"name\":\"WooCommerce Checkout Add-Ons - Anpassen des Purchase Tunnels\",\"isPartOf\":{\"@id\":\"https:\/\/woo-themes-plugins.com\/it\/#website\"},\"primaryImageOfPage\":{\"@id\":\"https:\/\/woo-themes-plugins.com\/de\/produkt\/woocommerce-checkout-add-ons-anpassen-des-purchase-tunnels\/#primaryimage\"},\"image\":{\"@id\":\"https:\/\/woo-themes-plugins.com\/de\/produkt\/woocommerce-checkout-add-ons-anpassen-des-purchase-tunnels\/#primaryimage\"},\"thumbnailUrl\":\"https:\/\/woo-themes-plugins.com\/wp-content\/uploads\/sites\/7\/2018\/03\/woo-themes-plugins_woocommerce-woocommerce-checkout-add-ons-login-plugin-woocommerce.jpg\",\"datePublished\":\"2018-03-26T09:38:40+00:00\",\"dateModified\":\"2018-03-26T09:38:40+00:00\",\"description\":\"Dieses Plugin ist endlich die M\u00f6glichkeit, uns, WooCommerce Site Administrator, endlich die komplette Hand auf unserem Kunden-Kauf-Tunnel zu bieten. Mit dieser Erweiterung, bietet zus\u00e4tzliche Dienste, f\u00fcgt HTML-Felder hinzu, erm\u00f6glicht das Senden von Dateien ... Kurz gesagt, behandelt alle die Kasse bei 100%\",\"breadcrumb\":{\"@id\":\"https:\/\/woo-themes-plugins.com\/de\/produkt\/woocommerce-checkout-add-ons-anpassen-des-purchase-tunnels\/#breadcrumb\"},\"inLanguage\":\"de\",\"potentialAction\":[{\"@type\":\"ReadAction\",\"target\":[\"https:\/\/woo-themes-plugins.com\/de\/produkt\/woocommerce-checkout-add-ons-anpassen-des-purchase-tunnels\/\"]}]},{\"@type\":\"ImageObject\",\"inLanguage\":\"de\",\"@id\":\"https:\/\/woo-themes-plugins.com\/de\/produkt\/woocommerce-checkout-add-ons-anpassen-des-purchase-tunnels\/#primaryimage\",\"url\":\"https:\/\/woo-themes-plugins.com\/wp-content\/uploads\/sites\/7\/2018\/03\/woo-themes-plugins_woocommerce-woocommerce-checkout-add-ons-login-plugin-woocommerce.jpg\",\"contentUrl\":\"https:\/\/woo-themes-plugins.com\/wp-content\/uploads\/sites\/7\/2018\/03\/woo-themes-plugins_woocommerce-woocommerce-checkout-add-ons-login-plugin-woocommerce.jpg\",\"width\":900,\"height\":900},{\"@type\":\"BreadcrumbList\",\"@id\":\"https:\/\/woo-themes-plugins.com\/de\/produkt\/woocommerce-checkout-add-ons-anpassen-des-purchase-tunnels\/#breadcrumb\",\"itemListElement\":[{\"@type\":\"ListItem\",\"position\":1,\"name\":\"Accueil\",\"item\":\"https:\/\/woo-themes-plugins.com\/fr\/\"},{\"@type\":\"ListItem\",\"position\":2,\"name\":\"Shop\",\"item\":\"https:\/\/woo-themes-plugins.com\/shop\/\"},{\"@type\":\"ListItem\",\"position\":3,\"name\":\"WooCommerce Checkout Add-Ons &#8211; Anpassen des Purchase Tunnels\"}]},{\"@type\":\"WebSite\",\"@id\":\"https:\/\/woo-themes-plugins.com\/it\/#website\",\"url\":\"https:\/\/woo-themes-plugins.com\/it\/\",\"name\":\"Woo-themes-plugins.com\",\"description\":\"Tous les th\u00e8mes et plugins WooCommerce Premium\",\"potentialAction\":[{\"@type\":\"SearchAction\",\"target\":{\"@type\":\"EntryPoint\",\"urlTemplate\":\"https:\/\/woo-themes-plugins.com\/it\/?s={search_term_string}\"},\"query-input\":\"required name=search_term_string\"}],\"inLanguage\":\"de\"}]}<\/script>\n<!-- \/ Yoast SEO plugin. -->","yoast_head_json":{"title":"WooCommerce Checkout Add-Ons - Anpassen des Purchase Tunnels","description":"Dieses Plugin ist endlich die M\u00f6glichkeit, uns, WooCommerce Site Administrator, endlich die komplette Hand auf unserem Kunden-Kauf-Tunnel zu bieten. Mit dieser Erweiterung, bietet zus\u00e4tzliche Dienste, f\u00fcgt HTML-Felder hinzu, erm\u00f6glicht das Senden von Dateien ... Kurz gesagt, behandelt alle die Kasse bei 100%","robots":{"index":"index","follow":"follow","max-snippet":"max-snippet:-1","max-image-preview":"max-image-preview:large","max-video-preview":"max-video-preview:-1"},"canonical":"https:\/\/woo-themes-plugins.com\/de\/produkt\/woocommerce-checkout-add-ons-anpassen-des-purchase-tunnels\/","og_locale":"de_DE","og_type":"article","og_title":"WooCommerce Checkout Add-Ons - Anpassen des Purchase Tunnels","og_description":"Dieses Plugin ist endlich die M\u00f6glichkeit, uns, WooCommerce Site Administrator, endlich die komplette Hand auf unserem Kunden-Kauf-Tunnel zu bieten. Mit dieser Erweiterung, bietet zus\u00e4tzliche Dienste, f\u00fcgt HTML-Felder hinzu, erm\u00f6glicht das Senden von Dateien ... Kurz gesagt, behandelt alle die Kasse bei 100%","og_url":"https:\/\/woo-themes-plugins.com\/de\/produkt\/woocommerce-checkout-add-ons-anpassen-des-purchase-tunnels\/","og_site_name":"Woo-themes-plugins.com","og_image":[{"width":900,"height":900,"url":"https:\/\/woo-themes-plugins.com\/wp-content\/uploads\/sites\/7\/2018\/03\/woo-themes-plugins_woocommerce-woocommerce-checkout-add-ons-login-plugin-woocommerce.jpg","type":"image\/jpeg"}],"twitter_misc":{"Gesch\u00e4tzte Lesezeit":"1\u00a0Minute"},"schema":{"@context":"https:\/\/schema.org","@graph":[{"@type":"WebPage","@id":"https:\/\/woo-themes-plugins.com\/de\/produkt\/woocommerce-checkout-add-ons-anpassen-des-purchase-tunnels\/","url":"https:\/\/woo-themes-plugins.com\/de\/produkt\/woocommerce-checkout-add-ons-anpassen-des-purchase-tunnels\/","name":"WooCommerce Checkout Add-Ons - Anpassen des Purchase Tunnels","isPartOf":{"@id":"https:\/\/woo-themes-plugins.com\/it\/#website"},"primaryImageOfPage":{"@id":"https:\/\/woo-themes-plugins.com\/de\/produkt\/woocommerce-checkout-add-ons-anpassen-des-purchase-tunnels\/#primaryimage"},"image":{"@id":"https:\/\/woo-themes-plugins.com\/de\/produkt\/woocommerce-checkout-add-ons-anpassen-des-purchase-tunnels\/#primaryimage"},"thumbnailUrl":"https:\/\/woo-themes-plugins.com\/wp-content\/uploads\/sites\/7\/2018\/03\/woo-themes-plugins_woocommerce-woocommerce-checkout-add-ons-login-plugin-woocommerce.jpg","datePublished":"2018-03-26T09:38:40+00:00","dateModified":"2018-03-26T09:38:40+00:00","description":"Dieses Plugin ist endlich die M\u00f6glichkeit, uns, WooCommerce Site Administrator, endlich die komplette Hand auf unserem Kunden-Kauf-Tunnel zu bieten. Mit dieser Erweiterung, bietet zus\u00e4tzliche Dienste, f\u00fcgt HTML-Felder hinzu, erm\u00f6glicht das Senden von Dateien ... Kurz gesagt, behandelt alle die Kasse bei 100%","breadcrumb":{"@id":"https:\/\/woo-themes-plugins.com\/de\/produkt\/woocommerce-checkout-add-ons-anpassen-des-purchase-tunnels\/#breadcrumb"},"inLanguage":"de","potentialAction":[{"@type":"ReadAction","target":["https:\/\/woo-themes-plugins.com\/de\/produkt\/woocommerce-checkout-add-ons-anpassen-des-purchase-tunnels\/"]}]},{"@type":"ImageObject","inLanguage":"de","@id":"https:\/\/woo-themes-plugins.com\/de\/produkt\/woocommerce-checkout-add-ons-anpassen-des-purchase-tunnels\/#primaryimage","url":"https:\/\/woo-themes-plugins.com\/wp-content\/uploads\/sites\/7\/2018\/03\/woo-themes-plugins_woocommerce-woocommerce-checkout-add-ons-login-plugin-woocommerce.jpg","contentUrl":"https:\/\/woo-themes-plugins.com\/wp-content\/uploads\/sites\/7\/2018\/03\/woo-themes-plugins_woocommerce-woocommerce-checkout-add-ons-login-plugin-woocommerce.jpg","width":900,"height":900},{"@type":"BreadcrumbList","@id":"https:\/\/woo-themes-plugins.com\/de\/produkt\/woocommerce-checkout-add-ons-anpassen-des-purchase-tunnels\/#breadcrumb","itemListElement":[{"@type":"ListItem","position":1,"name":"Accueil","item":"https:\/\/woo-themes-plugins.com\/fr\/"},{"@type":"ListItem","position":2,"name":"Shop","item":"https:\/\/woo-themes-plugins.com\/shop\/"},{"@type":"ListItem","position":3,"name":"WooCommerce Checkout Add-Ons &#8211; Anpassen des Purchase Tunnels"}]},{"@type":"WebSite","@id":"https:\/\/woo-themes-plugins.com\/it\/#website","url":"https:\/\/woo-themes-plugins.com\/it\/","name":"Woo-themes-plugins.com","description":"Tous les th\u00e8mes et plugins WooCommerce Premium","potentialAction":[{"@type":"SearchAction","target":{"@type":"EntryPoint","urlTemplate":"https:\/\/woo-themes-plugins.com\/it\/?s={search_term_string}"},"query-input":"required name=search_term_string"}],"inLanguage":"de"}]}},"_links":{"self":[{"href":"https:\/\/woo-themes-plugins.com\/de\/wp-json\/wp\/v2\/product\/4685","targetHints":{"allow":["GET"]}}],"collection":[{"href":"https:\/\/woo-themes-plugins.com\/de\/wp-json\/wp\/v2\/product"}],"about":[{"href":"https:\/\/woo-themes-plugins.com\/de\/wp-json\/wp\/v2\/types\/product"}],"wp:featuredmedia":[{"embeddable":true,"href":"https:\/\/woo-themes-plugins.com\/de\/wp-json\/wp\/v2\/media\/2752"}],"wp:attachment":[{"href":"https:\/\/woo-themes-plugins.com\/de\/wp-json\/wp\/v2\/media?parent=4685"}],"wp:term":[{"taxonomy":"product_cat","embeddable":true,"href":"https:\/\/woo-themes-plugins.com\/de\/wp-json\/wp\/v2\/product_cat?post=4685"},{"taxonomy":"product_tag","embeddable":true,"href":"https:\/\/woo-themes-plugins.com\/de\/wp-json\/wp\/v2\/product_tag?post=4685"}],"curies":[{"name":"wp","href":"https:\/\/api.w.org\/{rel}","templated":true}]}}