{"id":4686,"date":"2018-03-26T10:42:10","date_gmt":"2018-03-26T09:42:10","guid":{"rendered":"https:\/\/woo-themes-plugins.com\/product\/woocommerce-taxamo-europaisches-steuermanagement-woocommerce-plugin\/"},"modified":"2018-03-26T10:42:10","modified_gmt":"2018-03-26T09:42:10","slug":"woocommerce-taxamo-europaisches-steuermanagement-woocommerce-plugin","status":"publish","type":"product","link":"https:\/\/woo-themes-plugins.com\/de\/product\/woocommerce-taxamo-europaisches-steuermanagement-woocommerce-plugin\/","title":{"rendered":"WooCommerce Taxamo &#8211; Europ\u00e4isches Steuermanagement &#8211; WooCommerce Plugin"},"content":{"rendered":"<p><span id=\"result_box\" class=\"\" lang=\"de\">WooCommerce Taxamo ist ein Plugin, das es erm\u00f6glicht, dass Ihre Website mit der Mehrwertsteuerrichtlinie der EU f\u00fcr die Mehrwertsteuer der Europ\u00e4ischen Union kompatibel ist, die es allen EU-B\u00fcrgern erm\u00f6glichen muss, auf jeder Website der EU zu bestellen Europ\u00e4ische Union.<\/p>\n<p>Damit dies f\u00fcr Sie ein Kinderspiel ist, er\u00f6ffnen Sie ein Konto bei Taxamo, einem der Berechnungsdienste f\u00fcr die Mehrwertsteuer in den beliebtesten EU-L\u00e4ndern, und &#8230; voila, c&#8217;est tout! WooCommerce wird sich darum k\u00fcmmern, dass alle im Warenkorb enthaltenen Informationen an Taxamo gesendet werden, wenn unser Kunde offensichtlich angegeben hat, in welchem EU-Land er sich befindet. Sobald diese Informationen gesendet wurden, gibt Taxamo den anrechenbaren Mehrwertsteuersatz f\u00fcr jede der im Einkaufswagen des Kunden enthaltenen Waren zur\u00fcck.<\/p>\n<p>F\u00fcr den Verkauf von digitalen Waren funktioniert Taxamo auch perfekt, indem der geltende Mehrwertsteuersatz nach dem geografischen Standort unseres Endkunden zur\u00fcckgesendet wird.<\/span><\/p>\n","protected":false},"excerpt":{"rendered":"<p><span id=\"result_box\" class=\"\" lang=\"de\">Mit diesem Plugin, Kopf nicht mehr f\u00fcr die Verwaltung von Steuern in den verschiedenen L\u00e4ndern der Europ\u00e4ischen Union. Alles, was Sie tun m\u00fcssen, ist ein Konto bei Taxamo zu er\u00f6ffnen und dieses Plugin zu installieren. Das ist alles.<\/span><\/p>\n","protected":false},"featured_media":2760,"template":"","meta":{"_monsterinsights_skip_tracking":false,"_monsterinsights_sitenote_active":false,"_monsterinsights_sitenote_note":"","_monsterinsights_sitenote_category":0},"product_cat":[208],"product_tag":[1044,1097,1048],"class_list":["post-4686","product","type-product","status-publish","has-post-thumbnail","hentry","product_cat-plugin-woocommerce-de","product_tag-umbautunnel-kasse-woocommerce","product_tag-woocommerce-produkt-produktgruppe-komplementarprodukt-de","product_tag-woocommerce-befehle-exportieren-importieren-de","pa_dev-woo-plugin-theme-woocommerce-de","pa_marketplace-woocommerce-woocommerce-com-de"],"yoast_head":"<!-- This site is optimized with the Yoast SEO plugin v23.1 - https:\/\/yoast.com\/wordpress\/plugins\/seo\/ -->\n<title>WooCommerce Taxamo - Europ\u00e4isches Steuermanagement<\/title>\n<meta name=\"description\" content=\"Wenn Sie Ihre Produkte in der gesamten Europ\u00e4ischen Union verkaufen, m\u00fcssen Sie die EU-Mehrwertsteuer-Mehrwertsteuerrichtlinie von 2015 einhalten. Um Steuern in allen europ\u00e4ischen L\u00e4ndern zu verwalten, verwenden Sie einfach dieses WooCommerce-Plugin. Eine WooCommerce-Erweiterung, die dank des Taxamo-Dienstes aufrechterhalten wird.\" \/>\n<meta name=\"robots\" content=\"index, follow, max-snippet:-1, max-image-preview:large, max-video-preview:-1\" \/>\n<link rel=\"canonical\" href=\"https:\/\/woo-themes-plugins.com\/de\/produkt\/woocommerce-taxamo-europaisches-steuermanagement-woocommerce-plugin\/\" \/>\n<meta property=\"og:locale\" content=\"de_DE\" \/>\n<meta property=\"og:type\" content=\"article\" \/>\n<meta property=\"og:title\" content=\"WooCommerce Taxamo - Europ\u00e4isches Steuermanagement\" \/>\n<meta property=\"og:description\" content=\"Wenn Sie Ihre Produkte in der gesamten Europ\u00e4ischen Union verkaufen, m\u00fcssen Sie die EU-Mehrwertsteuer-Mehrwertsteuerrichtlinie von 2015 einhalten. Um Steuern in allen europ\u00e4ischen L\u00e4ndern zu verwalten, verwenden Sie einfach dieses WooCommerce-Plugin. Eine WooCommerce-Erweiterung, die dank des Taxamo-Dienstes aufrechterhalten wird.\" \/>\n<meta property=\"og:url\" content=\"https:\/\/woo-themes-plugins.com\/de\/produkt\/woocommerce-taxamo-europaisches-steuermanagement-woocommerce-plugin\/\" \/>\n<meta property=\"og:site_name\" content=\"Woo-themes-plugins.com\" \/>\n<meta property=\"og:image\" content=\"https:\/\/woo-themes-plugins.com\/wp-content\/uploads\/sites\/7\/2018\/03\/woo-themes-plugins_woocommerce-woocommerce-taxamo-plugin-woocommerce.jpg\" \/>\n\t<meta property=\"og:image:width\" content=\"900\" \/>\n\t<meta property=\"og:image:height\" content=\"900\" \/>\n\t<meta property=\"og:image:type\" content=\"image\/jpeg\" \/>\n<meta name=\"twitter:label1\" content=\"Gesch\u00e4tzte Lesezeit\" \/>\n\t<meta name=\"twitter:data1\" content=\"1\u00a0Minute\" \/>\n<script type=\"application\/ld+json\" class=\"yoast-schema-graph\">{\"@context\":\"https:\/\/schema.org\",\"@graph\":[{\"@type\":\"WebPage\",\"@id\":\"https:\/\/woo-themes-plugins.com\/de\/produkt\/woocommerce-taxamo-europaisches-steuermanagement-woocommerce-plugin\/\",\"url\":\"https:\/\/woo-themes-plugins.com\/de\/produkt\/woocommerce-taxamo-europaisches-steuermanagement-woocommerce-plugin\/\",\"name\":\"WooCommerce Taxamo - Europ\u00e4isches Steuermanagement\",\"isPartOf\":{\"@id\":\"https:\/\/woo-themes-plugins.com\/it\/#website\"},\"primaryImageOfPage\":{\"@id\":\"https:\/\/woo-themes-plugins.com\/de\/produkt\/woocommerce-taxamo-europaisches-steuermanagement-woocommerce-plugin\/#primaryimage\"},\"image\":{\"@id\":\"https:\/\/woo-themes-plugins.com\/de\/produkt\/woocommerce-taxamo-europaisches-steuermanagement-woocommerce-plugin\/#primaryimage\"},\"thumbnailUrl\":\"https:\/\/woo-themes-plugins.com\/wp-content\/uploads\/sites\/7\/2018\/03\/woo-themes-plugins_woocommerce-woocommerce-taxamo-plugin-woocommerce.jpg\",\"datePublished\":\"2018-03-26T09:42:10+00:00\",\"dateModified\":\"2018-03-26T09:42:10+00:00\",\"description\":\"Wenn Sie Ihre Produkte in der gesamten Europ\u00e4ischen Union verkaufen, m\u00fcssen Sie die EU-Mehrwertsteuer-Mehrwertsteuerrichtlinie von 2015 einhalten. Um Steuern in allen europ\u00e4ischen L\u00e4ndern zu verwalten, verwenden Sie einfach dieses WooCommerce-Plugin. Eine WooCommerce-Erweiterung, die dank des Taxamo-Dienstes aufrechterhalten wird.\",\"breadcrumb\":{\"@id\":\"https:\/\/woo-themes-plugins.com\/de\/produkt\/woocommerce-taxamo-europaisches-steuermanagement-woocommerce-plugin\/#breadcrumb\"},\"inLanguage\":\"de\",\"potentialAction\":[{\"@type\":\"ReadAction\",\"target\":[\"https:\/\/woo-themes-plugins.com\/de\/produkt\/woocommerce-taxamo-europaisches-steuermanagement-woocommerce-plugin\/\"]}]},{\"@type\":\"ImageObject\",\"inLanguage\":\"de\",\"@id\":\"https:\/\/woo-themes-plugins.com\/de\/produkt\/woocommerce-taxamo-europaisches-steuermanagement-woocommerce-plugin\/#primaryimage\",\"url\":\"https:\/\/woo-themes-plugins.com\/wp-content\/uploads\/sites\/7\/2018\/03\/woo-themes-plugins_woocommerce-woocommerce-taxamo-plugin-woocommerce.jpg\",\"contentUrl\":\"https:\/\/woo-themes-plugins.com\/wp-content\/uploads\/sites\/7\/2018\/03\/woo-themes-plugins_woocommerce-woocommerce-taxamo-plugin-woocommerce.jpg\",\"width\":900,\"height\":900},{\"@type\":\"BreadcrumbList\",\"@id\":\"https:\/\/woo-themes-plugins.com\/de\/produkt\/woocommerce-taxamo-europaisches-steuermanagement-woocommerce-plugin\/#breadcrumb\",\"itemListElement\":[{\"@type\":\"ListItem\",\"position\":1,\"name\":\"Accueil\",\"item\":\"https:\/\/woo-themes-plugins.com\/fr\/\"},{\"@type\":\"ListItem\",\"position\":2,\"name\":\"Shop\",\"item\":\"https:\/\/woo-themes-plugins.com\/shop\/\"},{\"@type\":\"ListItem\",\"position\":3,\"name\":\"WooCommerce Taxamo &#8211; Europ\u00e4isches Steuermanagement &#8211; WooCommerce Plugin\"}]},{\"@type\":\"WebSite\",\"@id\":\"https:\/\/woo-themes-plugins.com\/it\/#website\",\"url\":\"https:\/\/woo-themes-plugins.com\/it\/\",\"name\":\"Woo-themes-plugins.com\",\"description\":\"Tous les th\u00e8mes et plugins WooCommerce Premium\",\"potentialAction\":[{\"@type\":\"SearchAction\",\"target\":{\"@type\":\"EntryPoint\",\"urlTemplate\":\"https:\/\/woo-themes-plugins.com\/it\/?s={search_term_string}\"},\"query-input\":\"required name=search_term_string\"}],\"inLanguage\":\"de\"}]}<\/script>\n<!-- \/ Yoast SEO plugin. -->","yoast_head_json":{"title":"WooCommerce Taxamo - Europ\u00e4isches Steuermanagement","description":"Wenn Sie Ihre Produkte in der gesamten Europ\u00e4ischen Union verkaufen, m\u00fcssen Sie die EU-Mehrwertsteuer-Mehrwertsteuerrichtlinie von 2015 einhalten. Um Steuern in allen europ\u00e4ischen L\u00e4ndern zu verwalten, verwenden Sie einfach dieses WooCommerce-Plugin. Eine WooCommerce-Erweiterung, die dank des Taxamo-Dienstes aufrechterhalten wird.","robots":{"index":"index","follow":"follow","max-snippet":"max-snippet:-1","max-image-preview":"max-image-preview:large","max-video-preview":"max-video-preview:-1"},"canonical":"https:\/\/woo-themes-plugins.com\/de\/produkt\/woocommerce-taxamo-europaisches-steuermanagement-woocommerce-plugin\/","og_locale":"de_DE","og_type":"article","og_title":"WooCommerce Taxamo - Europ\u00e4isches Steuermanagement","og_description":"Wenn Sie Ihre Produkte in der gesamten Europ\u00e4ischen Union verkaufen, m\u00fcssen Sie die EU-Mehrwertsteuer-Mehrwertsteuerrichtlinie von 2015 einhalten. Um Steuern in allen europ\u00e4ischen L\u00e4ndern zu verwalten, verwenden Sie einfach dieses WooCommerce-Plugin. Eine WooCommerce-Erweiterung, die dank des Taxamo-Dienstes aufrechterhalten wird.","og_url":"https:\/\/woo-themes-plugins.com\/de\/produkt\/woocommerce-taxamo-europaisches-steuermanagement-woocommerce-plugin\/","og_site_name":"Woo-themes-plugins.com","og_image":[{"width":900,"height":900,"url":"https:\/\/woo-themes-plugins.com\/wp-content\/uploads\/sites\/7\/2018\/03\/woo-themes-plugins_woocommerce-woocommerce-taxamo-plugin-woocommerce.jpg","type":"image\/jpeg"}],"twitter_misc":{"Gesch\u00e4tzte Lesezeit":"1\u00a0Minute"},"schema":{"@context":"https:\/\/schema.org","@graph":[{"@type":"WebPage","@id":"https:\/\/woo-themes-plugins.com\/de\/produkt\/woocommerce-taxamo-europaisches-steuermanagement-woocommerce-plugin\/","url":"https:\/\/woo-themes-plugins.com\/de\/produkt\/woocommerce-taxamo-europaisches-steuermanagement-woocommerce-plugin\/","name":"WooCommerce Taxamo - Europ\u00e4isches Steuermanagement","isPartOf":{"@id":"https:\/\/woo-themes-plugins.com\/it\/#website"},"primaryImageOfPage":{"@id":"https:\/\/woo-themes-plugins.com\/de\/produkt\/woocommerce-taxamo-europaisches-steuermanagement-woocommerce-plugin\/#primaryimage"},"image":{"@id":"https:\/\/woo-themes-plugins.com\/de\/produkt\/woocommerce-taxamo-europaisches-steuermanagement-woocommerce-plugin\/#primaryimage"},"thumbnailUrl":"https:\/\/woo-themes-plugins.com\/wp-content\/uploads\/sites\/7\/2018\/03\/woo-themes-plugins_woocommerce-woocommerce-taxamo-plugin-woocommerce.jpg","datePublished":"2018-03-26T09:42:10+00:00","dateModified":"2018-03-26T09:42:10+00:00","description":"Wenn Sie Ihre Produkte in der gesamten Europ\u00e4ischen Union verkaufen, m\u00fcssen Sie die EU-Mehrwertsteuer-Mehrwertsteuerrichtlinie von 2015 einhalten. Um Steuern in allen europ\u00e4ischen L\u00e4ndern zu verwalten, verwenden Sie einfach dieses WooCommerce-Plugin. Eine WooCommerce-Erweiterung, die dank des Taxamo-Dienstes aufrechterhalten wird.","breadcrumb":{"@id":"https:\/\/woo-themes-plugins.com\/de\/produkt\/woocommerce-taxamo-europaisches-steuermanagement-woocommerce-plugin\/#breadcrumb"},"inLanguage":"de","potentialAction":[{"@type":"ReadAction","target":["https:\/\/woo-themes-plugins.com\/de\/produkt\/woocommerce-taxamo-europaisches-steuermanagement-woocommerce-plugin\/"]}]},{"@type":"ImageObject","inLanguage":"de","@id":"https:\/\/woo-themes-plugins.com\/de\/produkt\/woocommerce-taxamo-europaisches-steuermanagement-woocommerce-plugin\/#primaryimage","url":"https:\/\/woo-themes-plugins.com\/wp-content\/uploads\/sites\/7\/2018\/03\/woo-themes-plugins_woocommerce-woocommerce-taxamo-plugin-woocommerce.jpg","contentUrl":"https:\/\/woo-themes-plugins.com\/wp-content\/uploads\/sites\/7\/2018\/03\/woo-themes-plugins_woocommerce-woocommerce-taxamo-plugin-woocommerce.jpg","width":900,"height":900},{"@type":"BreadcrumbList","@id":"https:\/\/woo-themes-plugins.com\/de\/produkt\/woocommerce-taxamo-europaisches-steuermanagement-woocommerce-plugin\/#breadcrumb","itemListElement":[{"@type":"ListItem","position":1,"name":"Accueil","item":"https:\/\/woo-themes-plugins.com\/fr\/"},{"@type":"ListItem","position":2,"name":"Shop","item":"https:\/\/woo-themes-plugins.com\/shop\/"},{"@type":"ListItem","position":3,"name":"WooCommerce Taxamo &#8211; Europ\u00e4isches Steuermanagement &#8211; WooCommerce Plugin"}]},{"@type":"WebSite","@id":"https:\/\/woo-themes-plugins.com\/it\/#website","url":"https:\/\/woo-themes-plugins.com\/it\/","name":"Woo-themes-plugins.com","description":"Tous les th\u00e8mes et plugins WooCommerce Premium","potentialAction":[{"@type":"SearchAction","target":{"@type":"EntryPoint","urlTemplate":"https:\/\/woo-themes-plugins.com\/it\/?s={search_term_string}"},"query-input":"required name=search_term_string"}],"inLanguage":"de"}]}},"_links":{"self":[{"href":"https:\/\/woo-themes-plugins.com\/de\/wp-json\/wp\/v2\/product\/4686","targetHints":{"allow":["GET"]}}],"collection":[{"href":"https:\/\/woo-themes-plugins.com\/de\/wp-json\/wp\/v2\/product"}],"about":[{"href":"https:\/\/woo-themes-plugins.com\/de\/wp-json\/wp\/v2\/types\/product"}],"wp:featuredmedia":[{"embeddable":true,"href":"https:\/\/woo-themes-plugins.com\/de\/wp-json\/wp\/v2\/media\/2760"}],"wp:attachment":[{"href":"https:\/\/woo-themes-plugins.com\/de\/wp-json\/wp\/v2\/media?parent=4686"}],"wp:term":[{"taxonomy":"product_cat","embeddable":true,"href":"https:\/\/woo-themes-plugins.com\/de\/wp-json\/wp\/v2\/product_cat?post=4686"},{"taxonomy":"product_tag","embeddable":true,"href":"https:\/\/woo-themes-plugins.com\/de\/wp-json\/wp\/v2\/product_tag?post=4686"}],"curies":[{"name":"wp","href":"https:\/\/api.w.org\/{rel}","templated":true}]}}