{"id":4687,"date":"2018-03-26T10:45:06","date_gmt":"2018-03-26T09:45:06","guid":{"rendered":"https:\/\/woo-themes-plugins.com\/product\/paypal-advanced-woocommerce-zahlungslosung-woocommerce-plugin\/"},"modified":"2018-03-26T10:45:06","modified_gmt":"2018-03-26T09:45:06","slug":"paypal-advanced-woocommerce-zahlungslosung-woocommerce-plugin","status":"publish","type":"product","link":"https:\/\/woo-themes-plugins.com\/de\/product\/paypal-advanced-woocommerce-zahlungslosung-woocommerce-plugin\/","title":{"rendered":"PayPal Advanced &#8211; WooCommerce-Zahlungsl\u00f6sung &#8211; WooCommerce-Plugin"},"content":{"rendered":"<p><span id=\"result_box\" class=\"\" lang=\"de\">In der N\u00e4he der Paypal Pro-L\u00f6sung erm\u00f6glicht uns diese WooCommerce-Erweiterung die direkte Integration von WooCommerce in unsere Website mit Kreditkarte. Ihr Kunde muss Ihre Website nicht mehr verlassen, um zu bezahlen. Es bleibt auf Ihrer Website f\u00fcr die gesamte Transaktion, Zahlung inklusive! Dies ist Teil der Empfehlungen, wenn Sie beispielsweise die Conversion-Rate erh\u00f6hen m\u00f6chten.<\/p>\n<p>Die Integration dieses Paypal-Plugins spiegelt sich in der Implementierung eines Checkouts mit Paypal wider, das direkt in Ihre Seiten WooCommerce integriert ist. Das i-T\u00fcpfelchen, keine besondere Sorge \u00fcber die Sicherheit dieser Integration, weil es auf das System der Integration iFrame in WooCommerce gezwungen arbeitet. Paypal k\u00fcmmert sich um alles, damit wir Kreditkarten auf unserer WooCommerce-Website akzeptieren k\u00f6nnen.<\/span><\/p>\n","protected":false},"excerpt":{"rendered":"<p><span id=\"result_box\" class=\"\" lang=\"de\">Paypal Advanced ist eine gro\u00dfartige Zahlungsl\u00f6sung, die es erm\u00f6glicht, das PayPal-Angebot direkt in die Bezahlseite ihrer WooCommerce-Website zu integrieren.<\/span><\/p>\n","protected":false},"featured_media":2768,"template":"","meta":{"_monsterinsights_skip_tracking":false,"_monsterinsights_sitenote_active":false,"_monsterinsights_sitenote_note":"","_monsterinsights_sitenote_category":0},"product_cat":[208],"product_tag":[1069,660,1044],"class_list":["post-4687","product","type-product","status-publish","has-post-thumbnail","hentry","product_cat-plugin-woocommerce-de","product_tag-losungszahlung-woocommerce","product_tag-paypal-woocommerce-de","product_tag-umbautunnel-kasse-woocommerce","pa_dev-woo-plugin-theme-woocommerce-de","pa_marketplace-woocommerce-woocommerce-com-de"],"yoast_head":"<!-- This site is optimized with the Yoast SEO plugin v23.1 - https:\/\/yoast.com\/wordpress\/plugins\/seo\/ -->\n<title>PayPal Advanced - WooCommerce-Zahlungsl\u00f6sung<\/title>\n<meta name=\"description\" content=\"Paypal Advanced wurde von WooCommerce direkt entwickelt und ist die unvermeidliche Erweiterung der Paypal-Integration mit WooCommerce. Der Kunde bleibt auf seiner Website WooCommerce mit seiner Kreditkarte oder seinem Paypal-Konto bezahlen. Eine Zahlungsl\u00f6sung, die mit Paypal in WooCommerce integriert ist.\" \/>\n<meta name=\"robots\" content=\"index, follow, max-snippet:-1, max-image-preview:large, max-video-preview:-1\" \/>\n<link rel=\"canonical\" href=\"https:\/\/woo-themes-plugins.com\/de\/produkt\/paypal-advanced-woocommerce-zahlungslosung-woocommerce-plugin\/\" \/>\n<meta property=\"og:locale\" content=\"de_DE\" \/>\n<meta property=\"og:type\" content=\"article\" \/>\n<meta property=\"og:title\" content=\"PayPal Advanced - WooCommerce-Zahlungsl\u00f6sung\" \/>\n<meta property=\"og:description\" content=\"Paypal Advanced wurde von WooCommerce direkt entwickelt und ist die unvermeidliche Erweiterung der Paypal-Integration mit WooCommerce. Der Kunde bleibt auf seiner Website WooCommerce mit seiner Kreditkarte oder seinem Paypal-Konto bezahlen. Eine Zahlungsl\u00f6sung, die mit Paypal in WooCommerce integriert ist.\" \/>\n<meta property=\"og:url\" content=\"https:\/\/woo-themes-plugins.com\/de\/produkt\/paypal-advanced-woocommerce-zahlungslosung-woocommerce-plugin\/\" \/>\n<meta property=\"og:site_name\" content=\"Woo-themes-plugins.com\" \/>\n<meta property=\"og:image\" content=\"https:\/\/woo-themes-plugins.com\/wp-content\/uploads\/sites\/7\/2018\/03\/woo-themes-plugins_woocommerce-paypal-advanced-plugin-woocommerce.jpg\" \/>\n\t<meta property=\"og:image:width\" content=\"900\" \/>\n\t<meta property=\"og:image:height\" content=\"900\" \/>\n\t<meta property=\"og:image:type\" content=\"image\/jpeg\" \/>\n<meta name=\"twitter:label1\" content=\"Gesch\u00e4tzte Lesezeit\" \/>\n\t<meta name=\"twitter:data1\" content=\"1\u00a0Minute\" \/>\n<script type=\"application\/ld+json\" class=\"yoast-schema-graph\">{\"@context\":\"https:\/\/schema.org\",\"@graph\":[{\"@type\":\"WebPage\",\"@id\":\"https:\/\/woo-themes-plugins.com\/de\/produkt\/paypal-advanced-woocommerce-zahlungslosung-woocommerce-plugin\/\",\"url\":\"https:\/\/woo-themes-plugins.com\/de\/produkt\/paypal-advanced-woocommerce-zahlungslosung-woocommerce-plugin\/\",\"name\":\"PayPal Advanced - WooCommerce-Zahlungsl\u00f6sung\",\"isPartOf\":{\"@id\":\"https:\/\/woo-themes-plugins.com\/it\/#website\"},\"primaryImageOfPage\":{\"@id\":\"https:\/\/woo-themes-plugins.com\/de\/produkt\/paypal-advanced-woocommerce-zahlungslosung-woocommerce-plugin\/#primaryimage\"},\"image\":{\"@id\":\"https:\/\/woo-themes-plugins.com\/de\/produkt\/paypal-advanced-woocommerce-zahlungslosung-woocommerce-plugin\/#primaryimage\"},\"thumbnailUrl\":\"https:\/\/woo-themes-plugins.com\/wp-content\/uploads\/sites\/7\/2018\/03\/woo-themes-plugins_woocommerce-paypal-advanced-plugin-woocommerce.jpg\",\"datePublished\":\"2018-03-26T09:45:06+00:00\",\"dateModified\":\"2018-03-26T09:45:06+00:00\",\"description\":\"Paypal Advanced wurde von WooCommerce direkt entwickelt und ist die unvermeidliche Erweiterung der Paypal-Integration mit WooCommerce. Der Kunde bleibt auf seiner Website WooCommerce mit seiner Kreditkarte oder seinem Paypal-Konto bezahlen. Eine Zahlungsl\u00f6sung, die mit Paypal in WooCommerce integriert ist.\",\"breadcrumb\":{\"@id\":\"https:\/\/woo-themes-plugins.com\/de\/produkt\/paypal-advanced-woocommerce-zahlungslosung-woocommerce-plugin\/#breadcrumb\"},\"inLanguage\":\"de\",\"potentialAction\":[{\"@type\":\"ReadAction\",\"target\":[\"https:\/\/woo-themes-plugins.com\/de\/produkt\/paypal-advanced-woocommerce-zahlungslosung-woocommerce-plugin\/\"]}]},{\"@type\":\"ImageObject\",\"inLanguage\":\"de\",\"@id\":\"https:\/\/woo-themes-plugins.com\/de\/produkt\/paypal-advanced-woocommerce-zahlungslosung-woocommerce-plugin\/#primaryimage\",\"url\":\"https:\/\/woo-themes-plugins.com\/wp-content\/uploads\/sites\/7\/2018\/03\/woo-themes-plugins_woocommerce-paypal-advanced-plugin-woocommerce.jpg\",\"contentUrl\":\"https:\/\/woo-themes-plugins.com\/wp-content\/uploads\/sites\/7\/2018\/03\/woo-themes-plugins_woocommerce-paypal-advanced-plugin-woocommerce.jpg\",\"width\":900,\"height\":900},{\"@type\":\"BreadcrumbList\",\"@id\":\"https:\/\/woo-themes-plugins.com\/de\/produkt\/paypal-advanced-woocommerce-zahlungslosung-woocommerce-plugin\/#breadcrumb\",\"itemListElement\":[{\"@type\":\"ListItem\",\"position\":1,\"name\":\"Accueil\",\"item\":\"https:\/\/woo-themes-plugins.com\/fr\/\"},{\"@type\":\"ListItem\",\"position\":2,\"name\":\"Shop\",\"item\":\"https:\/\/woo-themes-plugins.com\/shop\/\"},{\"@type\":\"ListItem\",\"position\":3,\"name\":\"PayPal Advanced &#8211; WooCommerce-Zahlungsl\u00f6sung &#8211; WooCommerce-Plugin\"}]},{\"@type\":\"WebSite\",\"@id\":\"https:\/\/woo-themes-plugins.com\/it\/#website\",\"url\":\"https:\/\/woo-themes-plugins.com\/it\/\",\"name\":\"Woo-themes-plugins.com\",\"description\":\"Tous les th\u00e8mes et plugins WooCommerce Premium\",\"potentialAction\":[{\"@type\":\"SearchAction\",\"target\":{\"@type\":\"EntryPoint\",\"urlTemplate\":\"https:\/\/woo-themes-plugins.com\/it\/?s={search_term_string}\"},\"query-input\":\"required name=search_term_string\"}],\"inLanguage\":\"de\"}]}<\/script>\n<!-- \/ Yoast SEO plugin. -->","yoast_head_json":{"title":"PayPal Advanced - WooCommerce-Zahlungsl\u00f6sung","description":"Paypal Advanced wurde von WooCommerce direkt entwickelt und ist die unvermeidliche Erweiterung der Paypal-Integration mit WooCommerce. Der Kunde bleibt auf seiner Website WooCommerce mit seiner Kreditkarte oder seinem Paypal-Konto bezahlen. Eine Zahlungsl\u00f6sung, die mit Paypal in WooCommerce integriert ist.","robots":{"index":"index","follow":"follow","max-snippet":"max-snippet:-1","max-image-preview":"max-image-preview:large","max-video-preview":"max-video-preview:-1"},"canonical":"https:\/\/woo-themes-plugins.com\/de\/produkt\/paypal-advanced-woocommerce-zahlungslosung-woocommerce-plugin\/","og_locale":"de_DE","og_type":"article","og_title":"PayPal Advanced - WooCommerce-Zahlungsl\u00f6sung","og_description":"Paypal Advanced wurde von WooCommerce direkt entwickelt und ist die unvermeidliche Erweiterung der Paypal-Integration mit WooCommerce. Der Kunde bleibt auf seiner Website WooCommerce mit seiner Kreditkarte oder seinem Paypal-Konto bezahlen. Eine Zahlungsl\u00f6sung, die mit Paypal in WooCommerce integriert ist.","og_url":"https:\/\/woo-themes-plugins.com\/de\/produkt\/paypal-advanced-woocommerce-zahlungslosung-woocommerce-plugin\/","og_site_name":"Woo-themes-plugins.com","og_image":[{"width":900,"height":900,"url":"https:\/\/woo-themes-plugins.com\/wp-content\/uploads\/sites\/7\/2018\/03\/woo-themes-plugins_woocommerce-paypal-advanced-plugin-woocommerce.jpg","type":"image\/jpeg"}],"twitter_misc":{"Gesch\u00e4tzte Lesezeit":"1\u00a0Minute"},"schema":{"@context":"https:\/\/schema.org","@graph":[{"@type":"WebPage","@id":"https:\/\/woo-themes-plugins.com\/de\/produkt\/paypal-advanced-woocommerce-zahlungslosung-woocommerce-plugin\/","url":"https:\/\/woo-themes-plugins.com\/de\/produkt\/paypal-advanced-woocommerce-zahlungslosung-woocommerce-plugin\/","name":"PayPal Advanced - WooCommerce-Zahlungsl\u00f6sung","isPartOf":{"@id":"https:\/\/woo-themes-plugins.com\/it\/#website"},"primaryImageOfPage":{"@id":"https:\/\/woo-themes-plugins.com\/de\/produkt\/paypal-advanced-woocommerce-zahlungslosung-woocommerce-plugin\/#primaryimage"},"image":{"@id":"https:\/\/woo-themes-plugins.com\/de\/produkt\/paypal-advanced-woocommerce-zahlungslosung-woocommerce-plugin\/#primaryimage"},"thumbnailUrl":"https:\/\/woo-themes-plugins.com\/wp-content\/uploads\/sites\/7\/2018\/03\/woo-themes-plugins_woocommerce-paypal-advanced-plugin-woocommerce.jpg","datePublished":"2018-03-26T09:45:06+00:00","dateModified":"2018-03-26T09:45:06+00:00","description":"Paypal Advanced wurde von WooCommerce direkt entwickelt und ist die unvermeidliche Erweiterung der Paypal-Integration mit WooCommerce. Der Kunde bleibt auf seiner Website WooCommerce mit seiner Kreditkarte oder seinem Paypal-Konto bezahlen. Eine Zahlungsl\u00f6sung, die mit Paypal in WooCommerce integriert ist.","breadcrumb":{"@id":"https:\/\/woo-themes-plugins.com\/de\/produkt\/paypal-advanced-woocommerce-zahlungslosung-woocommerce-plugin\/#breadcrumb"},"inLanguage":"de","potentialAction":[{"@type":"ReadAction","target":["https:\/\/woo-themes-plugins.com\/de\/produkt\/paypal-advanced-woocommerce-zahlungslosung-woocommerce-plugin\/"]}]},{"@type":"ImageObject","inLanguage":"de","@id":"https:\/\/woo-themes-plugins.com\/de\/produkt\/paypal-advanced-woocommerce-zahlungslosung-woocommerce-plugin\/#primaryimage","url":"https:\/\/woo-themes-plugins.com\/wp-content\/uploads\/sites\/7\/2018\/03\/woo-themes-plugins_woocommerce-paypal-advanced-plugin-woocommerce.jpg","contentUrl":"https:\/\/woo-themes-plugins.com\/wp-content\/uploads\/sites\/7\/2018\/03\/woo-themes-plugins_woocommerce-paypal-advanced-plugin-woocommerce.jpg","width":900,"height":900},{"@type":"BreadcrumbList","@id":"https:\/\/woo-themes-plugins.com\/de\/produkt\/paypal-advanced-woocommerce-zahlungslosung-woocommerce-plugin\/#breadcrumb","itemListElement":[{"@type":"ListItem","position":1,"name":"Accueil","item":"https:\/\/woo-themes-plugins.com\/fr\/"},{"@type":"ListItem","position":2,"name":"Shop","item":"https:\/\/woo-themes-plugins.com\/shop\/"},{"@type":"ListItem","position":3,"name":"PayPal Advanced &#8211; WooCommerce-Zahlungsl\u00f6sung &#8211; WooCommerce-Plugin"}]},{"@type":"WebSite","@id":"https:\/\/woo-themes-plugins.com\/it\/#website","url":"https:\/\/woo-themes-plugins.com\/it\/","name":"Woo-themes-plugins.com","description":"Tous les th\u00e8mes et plugins WooCommerce Premium","potentialAction":[{"@type":"SearchAction","target":{"@type":"EntryPoint","urlTemplate":"https:\/\/woo-themes-plugins.com\/it\/?s={search_term_string}"},"query-input":"required name=search_term_string"}],"inLanguage":"de"}]}},"_links":{"self":[{"href":"https:\/\/woo-themes-plugins.com\/de\/wp-json\/wp\/v2\/product\/4687","targetHints":{"allow":["GET"]}}],"collection":[{"href":"https:\/\/woo-themes-plugins.com\/de\/wp-json\/wp\/v2\/product"}],"about":[{"href":"https:\/\/woo-themes-plugins.com\/de\/wp-json\/wp\/v2\/types\/product"}],"wp:featuredmedia":[{"embeddable":true,"href":"https:\/\/woo-themes-plugins.com\/de\/wp-json\/wp\/v2\/media\/2768"}],"wp:attachment":[{"href":"https:\/\/woo-themes-plugins.com\/de\/wp-json\/wp\/v2\/media?parent=4687"}],"wp:term":[{"taxonomy":"product_cat","embeddable":true,"href":"https:\/\/woo-themes-plugins.com\/de\/wp-json\/wp\/v2\/product_cat?post=4687"},{"taxonomy":"product_tag","embeddable":true,"href":"https:\/\/woo-themes-plugins.com\/de\/wp-json\/wp\/v2\/product_tag?post=4687"}],"curies":[{"name":"wp","href":"https:\/\/api.w.org\/{rel}","templated":true}]}}