{"id":4688,"date":"2018-03-26T10:48:25","date_gmt":"2018-03-26T09:48:25","guid":{"rendered":"https:\/\/woo-themes-plugins.com\/product\/erweiterte-benachrichtigungen-benachrichtigungen-emails-bestellungen-und-lager-woocommerce-plugin\/"},"modified":"2018-03-26T10:48:25","modified_gmt":"2018-03-26T09:48:25","slug":"erweiterte-benachrichtigungen-benachrichtigungen-emails-bestellungen-und-lager-woocommerce-plugin","status":"publish","type":"product","link":"https:\/\/woo-themes-plugins.com\/de\/product\/erweiterte-benachrichtigungen-benachrichtigungen-emails-bestellungen-und-lager-woocommerce-plugin\/","title":{"rendered":"Erweiterte Benachrichtigungen &#8211; Benachrichtigungen eMails Bestellungen und Lager &#8211; WooCommerce Plugin"},"content":{"rendered":"<p><span id=\"result_box\" class=\"\" lang=\"de\"><span title=\"L'extension pour WooCommmerce Advanced Notifications nous permet de d\u00e9finir toutes une s\u00e9rie de conditions sur notre stock ou sur nos commandes dans le but d'\u00eatre notifi\u00e9 automatique lorsque survint certains \u00e9v\u00e9nements.\">Die WooCommerce Advanced Notifications-Erweiterung erm\u00f6glicht es uns, eine Vielzahl von Bedingungen f\u00fcr unsere Best\u00e4nde oder Bestellungen festzulegen, um automatisch benachrichtigt zu werden, wenn bestimmte Ereignisse eintreten. <\/span><span title=\"Ces nouvelles notifications WooCommerce seront \u00e0 la fois configurable pour le ou les administrateurs du site WooCommerce, mais aussi au niveau du client, voir m\u00eame directement de votre fournisseur pour d\u00e9clencher un r\u00e9approvisionnement automatique.\">Diese neuen WooCommerce-Benachrichtigungen sind sowohl f\u00fcr den \/ die WooCommerce-Site-Administrator (en) konfigurierbar, als auch auf der Client-Ebene oder sogar direkt von Ihrem Provider, um eine automatische Nachf\u00fcllung auszul\u00f6sen. <\/span><span title=\"Que de possibilit\u00e9s offertes avec ce plugin de notifications par emails pour WooCommerce.\n\n\">Welche M\u00f6glichkeiten bietet dieses E-Mail-Benachrichtigungs-Plugin f\u00fcr WooCommerce?<\/p>\n<p><\/span><span title=\"Apr\u00e8s avoir install\u00e9 et activit\u00e9  cette extension WooCommerce, il te suffit de cr\u00e9er une nouvelle r\u00e8gle de d\u00e9clenchement automatique qui peut prendre n'importe quelle valeur parmi celles-ci :\n\n\u00a0\u00a0\u00a0\u00a0\">Nach der Installation und Aktivierung dieser WooCommerce-Erweiterung m\u00fcssen Sie nur eine neue automatische Ausl\u00f6serregel erstellen, die einen der folgenden Werte annehmen kann:<\/p>\n<p><\/span><span title=\"Atteinte du stock d'alerte\n\u00a0\u00a0\u00a0\u00a0\">Ermitteln des Alert-Bestands<br \/>\n<\/span><span title=\"Stock arriv\u00e9 \u00e0 z\u00e9ro\n\u00a0\u00a0\u00a0\u00a0\">Stock ist bei Null angekommen<br \/>\n<\/span><span title=\"Commande en reliquat\n\u00a0\u00a0\u00a0\u00a0\">Bestellung im R\u00fcckstand<br \/>\n<\/span><span title=\"Arriv\u00e9e d'une nouvelle commande\n\n\">Ankunft einer neuen Bestellung<\/p>\n<p><\/span><span title=\"Il est m\u00eame possible de venir exclure des produits de ces notifications automatiques en ce basant sur diff\u00e9rents crit\u00e8res comme :\n\n\u00a0\u00a0\u00a0\u00a0\">Es ist sogar m\u00f6glich, Produkte aus diesen automatischen Benachrichtigungen auf der Grundlage verschiedener Kriterien auszuschlie\u00dfen:<\/p>\n<p><\/span><span title=\"La cat\u00e9gorie du produit\n\u00a0\u00a0\u00a0\u00a0\">Produktkategorie<br \/>\n<\/span><span title=\"La classe de livraison\n\u00a0\u00a0\u00a0\u00a0\">Lieferklasse<br \/>\n<\/span><span title=\"Notification personnalis\u00e9 au niveau du produit\n\n\">Benutzerdefinierte Benachrichtigung auf Produktebene<\/p>\n<p><\/span><span title=\"Ces notifications par emails, dont le syst\u00e8me repose sur l'envoi d'emails int\u00e9gr\u00e9 \u00e0 WooCommerce, peut \u00eatre personnalis\u00e9 pour permettre d'inclure ou d'exclure certains types d'informations produit comme le prix, la r\u00e9f\u00e9rence interne ou le montant total de\">Diese E-Mail-Benachrichtigungen, die das integrierte E-Mail-Versandsystem von WooCommerce verwenden, k\u00f6nnen angepasst werden, um bestimmte Arten von Produktinformationen wie Preis, interne Referenz oder Gesamtbetrag des Geldes ein- oder auszuschlie\u00dfen. <\/span><span title=\"la commande par exemple.\">die Bestellung zum Beispiel. <\/span><span title=\"De quoi offrir des mails tr\u00e8s personnalis\u00e9s en fonction du destinataire;\">Was bieten sehr personalisierte Mails je nach Empf\u00e4nger; <\/span><span title=\"ton client n'a pas besoin des m\u00eames informations que ton transporteur par exemple.\">Ihr Kunde ben\u00f6tigt beispielsweise nicht die gleichen Informationen wie Ihr Spediteur.<\/span><\/span><\/p>\n","protected":false},"excerpt":{"rendered":"<p><span id=\"result_box\" class=\"\" lang=\"de\">Mit dem WooCommerce Advanced Notification Plugin ist es nun m\u00f6glich, das Standardverhalten von WooCommerce-Benachrichtigungs-E-Mails an den Administrator zu \u00e4ndern. Mit diesem WooCommerce-Plugin ist es m\u00f6glich, eine Liste von Empf\u00e4ngern zu definieren, unabh\u00e4ngig davon, ob sie Teil Ihres Shops sind oder externe Anbieter sind.<\/span><\/p>\n","protected":false},"featured_media":2776,"template":"","meta":{"_monsterinsights_skip_tracking":false,"_monsterinsights_sitenote_active":false,"_monsterinsights_sitenote_note":"","_monsterinsights_sitenote_category":0},"product_cat":[208],"product_tag":[1118,1077],"class_list":["post-4688","product","type-product","status-publish","has-post-thumbnail","hentry","product_cat-plugin-woocommerce-de","product_tag-notifikationen-woocommerce","product_tag-transaktionale-e-mails-woocommerce","pa_dev-woo-plugin-theme-woocommerce-de","pa_marketplace-woocommerce-woocommerce-com-de"],"yoast_head":"<!-- This site is optimized with the Yoast SEO plugin v23.1 - https:\/\/yoast.com\/wordpress\/plugins\/seo\/ -->\n<title>Erweiterte Benachrichtigungen - Benachrichtigungen eMails Bestellungen und Lager<\/title>\n<meta name=\"description\" content=\"Erstellen Sie E-Mail-Benachrichtigungen, wenn der Produktbestand unter einen bestimmten Schwellenwert f\u00e4llt, wenn er Null erreicht hat, Wiederauff\u00fcllungen im Gange sind oder neue Bestellungen vorliegen, dies erm\u00f6glicht Ihnen, dieses WooCommerce-Plugin erweiterte Benachrichtigungen zu machen. Benachrichtigungen f\u00fcr Kunden und Admin.\" \/>\n<meta name=\"robots\" content=\"index, follow, max-snippet:-1, max-image-preview:large, max-video-preview:-1\" \/>\n<link rel=\"canonical\" href=\"https:\/\/woo-themes-plugins.com\/de\/produkt\/erweiterte-benachrichtigungen-benachrichtigungen-emails-bestellungen-und-lager-woocommerce-plugin\/\" \/>\n<meta property=\"og:locale\" content=\"de_DE\" \/>\n<meta property=\"og:type\" content=\"article\" \/>\n<meta property=\"og:title\" content=\"Erweiterte Benachrichtigungen - Benachrichtigungen eMails Bestellungen und Lager\" \/>\n<meta property=\"og:description\" content=\"Erstellen Sie E-Mail-Benachrichtigungen, wenn der Produktbestand unter einen bestimmten Schwellenwert f\u00e4llt, wenn er Null erreicht hat, Wiederauff\u00fcllungen im Gange sind oder neue Bestellungen vorliegen, dies erm\u00f6glicht Ihnen, dieses WooCommerce-Plugin erweiterte Benachrichtigungen zu machen. Benachrichtigungen f\u00fcr Kunden und Admin.\" \/>\n<meta property=\"og:url\" content=\"https:\/\/woo-themes-plugins.com\/de\/produkt\/erweiterte-benachrichtigungen-benachrichtigungen-emails-bestellungen-und-lager-woocommerce-plugin\/\" \/>\n<meta property=\"og:site_name\" content=\"Woo-themes-plugins.com\" \/>\n<meta property=\"og:image\" content=\"https:\/\/woo-themes-plugins.com\/wp-content\/uploads\/sites\/7\/2018\/03\/woo-themes-plugins_woocommerce-advanced-notifications-plugin-woocommerce.jpg\" \/>\n\t<meta property=\"og:image:width\" content=\"900\" \/>\n\t<meta property=\"og:image:height\" content=\"900\" \/>\n\t<meta property=\"og:image:type\" content=\"image\/jpeg\" \/>\n<meta name=\"twitter:label1\" content=\"Gesch\u00e4tzte Lesezeit\" \/>\n\t<meta name=\"twitter:data1\" content=\"1\u00a0Minute\" \/>\n<script type=\"application\/ld+json\" class=\"yoast-schema-graph\">{\"@context\":\"https:\/\/schema.org\",\"@graph\":[{\"@type\":\"WebPage\",\"@id\":\"https:\/\/woo-themes-plugins.com\/de\/produkt\/erweiterte-benachrichtigungen-benachrichtigungen-emails-bestellungen-und-lager-woocommerce-plugin\/\",\"url\":\"https:\/\/woo-themes-plugins.com\/de\/produkt\/erweiterte-benachrichtigungen-benachrichtigungen-emails-bestellungen-und-lager-woocommerce-plugin\/\",\"name\":\"Erweiterte Benachrichtigungen - Benachrichtigungen eMails Bestellungen und Lager\",\"isPartOf\":{\"@id\":\"https:\/\/woo-themes-plugins.com\/it\/#website\"},\"primaryImageOfPage\":{\"@id\":\"https:\/\/woo-themes-plugins.com\/de\/produkt\/erweiterte-benachrichtigungen-benachrichtigungen-emails-bestellungen-und-lager-woocommerce-plugin\/#primaryimage\"},\"image\":{\"@id\":\"https:\/\/woo-themes-plugins.com\/de\/produkt\/erweiterte-benachrichtigungen-benachrichtigungen-emails-bestellungen-und-lager-woocommerce-plugin\/#primaryimage\"},\"thumbnailUrl\":\"https:\/\/woo-themes-plugins.com\/wp-content\/uploads\/sites\/7\/2018\/03\/woo-themes-plugins_woocommerce-advanced-notifications-plugin-woocommerce.jpg\",\"datePublished\":\"2018-03-26T09:48:25+00:00\",\"dateModified\":\"2018-03-26T09:48:25+00:00\",\"description\":\"Erstellen Sie E-Mail-Benachrichtigungen, wenn der Produktbestand unter einen bestimmten Schwellenwert f\u00e4llt, wenn er Null erreicht hat, Wiederauff\u00fcllungen im Gange sind oder neue Bestellungen vorliegen, dies erm\u00f6glicht Ihnen, dieses WooCommerce-Plugin erweiterte Benachrichtigungen zu machen. Benachrichtigungen f\u00fcr Kunden und Admin.\",\"breadcrumb\":{\"@id\":\"https:\/\/woo-themes-plugins.com\/de\/produkt\/erweiterte-benachrichtigungen-benachrichtigungen-emails-bestellungen-und-lager-woocommerce-plugin\/#breadcrumb\"},\"inLanguage\":\"de\",\"potentialAction\":[{\"@type\":\"ReadAction\",\"target\":[\"https:\/\/woo-themes-plugins.com\/de\/produkt\/erweiterte-benachrichtigungen-benachrichtigungen-emails-bestellungen-und-lager-woocommerce-plugin\/\"]}]},{\"@type\":\"ImageObject\",\"inLanguage\":\"de\",\"@id\":\"https:\/\/woo-themes-plugins.com\/de\/produkt\/erweiterte-benachrichtigungen-benachrichtigungen-emails-bestellungen-und-lager-woocommerce-plugin\/#primaryimage\",\"url\":\"https:\/\/woo-themes-plugins.com\/wp-content\/uploads\/sites\/7\/2018\/03\/woo-themes-plugins_woocommerce-advanced-notifications-plugin-woocommerce.jpg\",\"contentUrl\":\"https:\/\/woo-themes-plugins.com\/wp-content\/uploads\/sites\/7\/2018\/03\/woo-themes-plugins_woocommerce-advanced-notifications-plugin-woocommerce.jpg\",\"width\":900,\"height\":900},{\"@type\":\"BreadcrumbList\",\"@id\":\"https:\/\/woo-themes-plugins.com\/de\/produkt\/erweiterte-benachrichtigungen-benachrichtigungen-emails-bestellungen-und-lager-woocommerce-plugin\/#breadcrumb\",\"itemListElement\":[{\"@type\":\"ListItem\",\"position\":1,\"name\":\"Accueil\",\"item\":\"https:\/\/woo-themes-plugins.com\/fr\/\"},{\"@type\":\"ListItem\",\"position\":2,\"name\":\"Shop\",\"item\":\"https:\/\/woo-themes-plugins.com\/shop\/\"},{\"@type\":\"ListItem\",\"position\":3,\"name\":\"Erweiterte Benachrichtigungen &#8211; Benachrichtigungen eMails Bestellungen und Lager &#8211; WooCommerce Plugin\"}]},{\"@type\":\"WebSite\",\"@id\":\"https:\/\/woo-themes-plugins.com\/it\/#website\",\"url\":\"https:\/\/woo-themes-plugins.com\/it\/\",\"name\":\"Woo-themes-plugins.com\",\"description\":\"Tous les th\u00e8mes et plugins WooCommerce Premium\",\"potentialAction\":[{\"@type\":\"SearchAction\",\"target\":{\"@type\":\"EntryPoint\",\"urlTemplate\":\"https:\/\/woo-themes-plugins.com\/it\/?s={search_term_string}\"},\"query-input\":\"required name=search_term_string\"}],\"inLanguage\":\"de\"}]}<\/script>\n<!-- \/ Yoast SEO plugin. -->","yoast_head_json":{"title":"Erweiterte Benachrichtigungen - Benachrichtigungen eMails Bestellungen und Lager","description":"Erstellen Sie E-Mail-Benachrichtigungen, wenn der Produktbestand unter einen bestimmten Schwellenwert f\u00e4llt, wenn er Null erreicht hat, Wiederauff\u00fcllungen im Gange sind oder neue Bestellungen vorliegen, dies erm\u00f6glicht Ihnen, dieses WooCommerce-Plugin erweiterte Benachrichtigungen zu machen. Benachrichtigungen f\u00fcr Kunden und Admin.","robots":{"index":"index","follow":"follow","max-snippet":"max-snippet:-1","max-image-preview":"max-image-preview:large","max-video-preview":"max-video-preview:-1"},"canonical":"https:\/\/woo-themes-plugins.com\/de\/produkt\/erweiterte-benachrichtigungen-benachrichtigungen-emails-bestellungen-und-lager-woocommerce-plugin\/","og_locale":"de_DE","og_type":"article","og_title":"Erweiterte Benachrichtigungen - Benachrichtigungen eMails Bestellungen und Lager","og_description":"Erstellen Sie E-Mail-Benachrichtigungen, wenn der Produktbestand unter einen bestimmten Schwellenwert f\u00e4llt, wenn er Null erreicht hat, Wiederauff\u00fcllungen im Gange sind oder neue Bestellungen vorliegen, dies erm\u00f6glicht Ihnen, dieses WooCommerce-Plugin erweiterte Benachrichtigungen zu machen. Benachrichtigungen f\u00fcr Kunden und Admin.","og_url":"https:\/\/woo-themes-plugins.com\/de\/produkt\/erweiterte-benachrichtigungen-benachrichtigungen-emails-bestellungen-und-lager-woocommerce-plugin\/","og_site_name":"Woo-themes-plugins.com","og_image":[{"width":900,"height":900,"url":"https:\/\/woo-themes-plugins.com\/wp-content\/uploads\/sites\/7\/2018\/03\/woo-themes-plugins_woocommerce-advanced-notifications-plugin-woocommerce.jpg","type":"image\/jpeg"}],"twitter_misc":{"Gesch\u00e4tzte Lesezeit":"1\u00a0Minute"},"schema":{"@context":"https:\/\/schema.org","@graph":[{"@type":"WebPage","@id":"https:\/\/woo-themes-plugins.com\/de\/produkt\/erweiterte-benachrichtigungen-benachrichtigungen-emails-bestellungen-und-lager-woocommerce-plugin\/","url":"https:\/\/woo-themes-plugins.com\/de\/produkt\/erweiterte-benachrichtigungen-benachrichtigungen-emails-bestellungen-und-lager-woocommerce-plugin\/","name":"Erweiterte Benachrichtigungen - Benachrichtigungen eMails Bestellungen und Lager","isPartOf":{"@id":"https:\/\/woo-themes-plugins.com\/it\/#website"},"primaryImageOfPage":{"@id":"https:\/\/woo-themes-plugins.com\/de\/produkt\/erweiterte-benachrichtigungen-benachrichtigungen-emails-bestellungen-und-lager-woocommerce-plugin\/#primaryimage"},"image":{"@id":"https:\/\/woo-themes-plugins.com\/de\/produkt\/erweiterte-benachrichtigungen-benachrichtigungen-emails-bestellungen-und-lager-woocommerce-plugin\/#primaryimage"},"thumbnailUrl":"https:\/\/woo-themes-plugins.com\/wp-content\/uploads\/sites\/7\/2018\/03\/woo-themes-plugins_woocommerce-advanced-notifications-plugin-woocommerce.jpg","datePublished":"2018-03-26T09:48:25+00:00","dateModified":"2018-03-26T09:48:25+00:00","description":"Erstellen Sie E-Mail-Benachrichtigungen, wenn der Produktbestand unter einen bestimmten Schwellenwert f\u00e4llt, wenn er Null erreicht hat, Wiederauff\u00fcllungen im Gange sind oder neue Bestellungen vorliegen, dies erm\u00f6glicht Ihnen, dieses WooCommerce-Plugin erweiterte Benachrichtigungen zu machen. Benachrichtigungen f\u00fcr Kunden und Admin.","breadcrumb":{"@id":"https:\/\/woo-themes-plugins.com\/de\/produkt\/erweiterte-benachrichtigungen-benachrichtigungen-emails-bestellungen-und-lager-woocommerce-plugin\/#breadcrumb"},"inLanguage":"de","potentialAction":[{"@type":"ReadAction","target":["https:\/\/woo-themes-plugins.com\/de\/produkt\/erweiterte-benachrichtigungen-benachrichtigungen-emails-bestellungen-und-lager-woocommerce-plugin\/"]}]},{"@type":"ImageObject","inLanguage":"de","@id":"https:\/\/woo-themes-plugins.com\/de\/produkt\/erweiterte-benachrichtigungen-benachrichtigungen-emails-bestellungen-und-lager-woocommerce-plugin\/#primaryimage","url":"https:\/\/woo-themes-plugins.com\/wp-content\/uploads\/sites\/7\/2018\/03\/woo-themes-plugins_woocommerce-advanced-notifications-plugin-woocommerce.jpg","contentUrl":"https:\/\/woo-themes-plugins.com\/wp-content\/uploads\/sites\/7\/2018\/03\/woo-themes-plugins_woocommerce-advanced-notifications-plugin-woocommerce.jpg","width":900,"height":900},{"@type":"BreadcrumbList","@id":"https:\/\/woo-themes-plugins.com\/de\/produkt\/erweiterte-benachrichtigungen-benachrichtigungen-emails-bestellungen-und-lager-woocommerce-plugin\/#breadcrumb","itemListElement":[{"@type":"ListItem","position":1,"name":"Accueil","item":"https:\/\/woo-themes-plugins.com\/fr\/"},{"@type":"ListItem","position":2,"name":"Shop","item":"https:\/\/woo-themes-plugins.com\/shop\/"},{"@type":"ListItem","position":3,"name":"Erweiterte Benachrichtigungen &#8211; Benachrichtigungen eMails Bestellungen und Lager &#8211; WooCommerce Plugin"}]},{"@type":"WebSite","@id":"https:\/\/woo-themes-plugins.com\/it\/#website","url":"https:\/\/woo-themes-plugins.com\/it\/","name":"Woo-themes-plugins.com","description":"Tous les th\u00e8mes et plugins WooCommerce Premium","potentialAction":[{"@type":"SearchAction","target":{"@type":"EntryPoint","urlTemplate":"https:\/\/woo-themes-plugins.com\/it\/?s={search_term_string}"},"query-input":"required name=search_term_string"}],"inLanguage":"de"}]}},"_links":{"self":[{"href":"https:\/\/woo-themes-plugins.com\/de\/wp-json\/wp\/v2\/product\/4688","targetHints":{"allow":["GET"]}}],"collection":[{"href":"https:\/\/woo-themes-plugins.com\/de\/wp-json\/wp\/v2\/product"}],"about":[{"href":"https:\/\/woo-themes-plugins.com\/de\/wp-json\/wp\/v2\/types\/product"}],"wp:featuredmedia":[{"embeddable":true,"href":"https:\/\/woo-themes-plugins.com\/de\/wp-json\/wp\/v2\/media\/2776"}],"wp:attachment":[{"href":"https:\/\/woo-themes-plugins.com\/de\/wp-json\/wp\/v2\/media?parent=4688"}],"wp:term":[{"taxonomy":"product_cat","embeddable":true,"href":"https:\/\/woo-themes-plugins.com\/de\/wp-json\/wp\/v2\/product_cat?post=4688"},{"taxonomy":"product_tag","embeddable":true,"href":"https:\/\/woo-themes-plugins.com\/de\/wp-json\/wp\/v2\/product_tag?post=4688"}],"curies":[{"name":"wp","href":"https:\/\/api.w.org\/{rel}","templated":true}]}}