{"id":4696,"date":"2018-03-26T13:21:30","date_gmt":"2018-03-26T12:21:30","guid":{"rendered":"https:\/\/woo-themes-plugins.com\/product\/nachbarschaft-elegant-und-responsive-theme-woocommerce-theme\/"},"modified":"2018-03-26T13:21:30","modified_gmt":"2018-03-26T12:21:30","slug":"nachbarschaft-elegant-und-responsive-theme-woocommerce-theme","status":"publish","type":"product","link":"https:\/\/woo-themes-plugins.com\/de\/product\/nachbarschaft-elegant-und-responsive-theme-woocommerce-theme\/","title":{"rendered":"Nachbarschaft &#8211; Elegant und Responsive Theme &#8211; WooCommerce Theme"},"content":{"rendered":"","protected":false},"excerpt":{"rendered":"<p><span id=\"result_box\" class=\"\" lang=\"de\">Basierend auf dem ber\u00fchmten Bootstrap-Framework wurde dieses WooCommerce-Design entworfen, um sowohl ultra-reaktionsschnell zu sein als auch ein Schaufenster zu bieten, um Ihre Produkte hervorzuheben. Das gesamte Thema ist konfigurierbar und anpassbar. Diese gro\u00dfe Flexibilit\u00e4t erkl\u00e4rt teilweise den Grund f\u00fcr seinen gro\u00dfen Erfolg.<\/span><\/p>\n","protected":false},"featured_media":1600,"template":"","meta":{"_monsterinsights_skip_tracking":false,"_monsterinsights_sitenote_active":false,"_monsterinsights_sitenote_note":"","_monsterinsights_sitenote_category":0},"product_cat":[209],"product_tag":[1043,963,1073,1053,1057,1116,1086,1085,1101,1065,1110,1090],"class_list":["post-4696","product","type-product","status-publish","has-post-thumbnail","hentry","product_cat-woocommerce-thema-de","product_tag-anfanger-woocommerce","product_tag-bundle-plugins-premium-de","product_tag-minimalistisches-thema-woocommerce","product_tag-moderne-woocommerce-thema","product_tag-personalisierbare-woocommerce-themen","product_tag-willkommener-installation-ein-klick","product_tag-woocommerce-bekleidungsgeschaft","product_tag-woocommerce-bootstrap-de","product_tag-woocommerce-mehrsprachig-de","product_tag-woocommerce-responsive-de","product_tag-woocommerce-thema-mit-builder-de","product_tag-zoom-produkt-woocommerce-de","pa_dev-woo-plugin-theme-swiftideas-de","pa_marketplace-woocommerce-themeforest-net-de"],"yoast_head":"<!-- This site is optimized with the Yoast SEO plugin v23.1 - https:\/\/yoast.com\/wordpress\/plugins\/seo\/ -->\n<title>Nachbarschaft - Elegant und Responsive Theme - WooCommerce Theme - Woo-themes-plugins.com<\/title>\n<meta name=\"robots\" content=\"index, follow, max-snippet:-1, max-image-preview:large, max-video-preview:-1\" \/>\n<link rel=\"canonical\" href=\"https:\/\/woo-themes-plugins.com\/de\/produkt\/nachbarschaft-elegant-und-responsive-theme-woocommerce-theme\/\" \/>\n<meta property=\"og:locale\" content=\"de_DE\" \/>\n<meta property=\"og:type\" content=\"article\" \/>\n<meta property=\"og:title\" content=\"Nachbarschaft - Elegant und Responsive Theme - WooCommerce Theme - Woo-themes-plugins.com\" \/>\n<meta property=\"og:description\" content=\"Basierend auf dem ber\u00fchmten Bootstrap-Framework wurde dieses WooCommerce-Design entworfen, um sowohl ultra-reaktionsschnell zu sein als auch ein Schaufenster zu bieten, um Ihre Produkte hervorzuheben. Das gesamte Thema ist konfigurierbar und anpassbar. Diese gro\u00dfe Flexibilit\u00e4t erkl\u00e4rt teilweise den Grund f\u00fcr seinen gro\u00dfen Erfolg.\" \/>\n<meta property=\"og:url\" content=\"https:\/\/woo-themes-plugins.com\/de\/produkt\/nachbarschaft-elegant-und-responsive-theme-woocommerce-theme\/\" \/>\n<meta property=\"og:site_name\" content=\"Woo-themes-plugins.com\" \/>\n<meta property=\"og:image\" content=\"https:\/\/woo-themes-plugins.com\/wp-content\/uploads\/sites\/7\/2018\/03\/woo-themes-plugins_neighboorhood-theme-elegant-responsive-theme-woocommerce-fashion-2.jpg\" \/>\n\t<meta property=\"og:image:width\" content=\"1745\" \/>\n\t<meta property=\"og:image:height\" content=\"900\" \/>\n\t<meta property=\"og:image:type\" content=\"image\/jpeg\" \/>\n<script type=\"application\/ld+json\" class=\"yoast-schema-graph\">{\"@context\":\"https:\/\/schema.org\",\"@graph\":[{\"@type\":\"WebPage\",\"@id\":\"https:\/\/woo-themes-plugins.com\/de\/produkt\/nachbarschaft-elegant-und-responsive-theme-woocommerce-theme\/\",\"url\":\"https:\/\/woo-themes-plugins.com\/de\/produkt\/nachbarschaft-elegant-und-responsive-theme-woocommerce-theme\/\",\"name\":\"Nachbarschaft - Elegant und Responsive Theme - WooCommerce Theme - Woo-themes-plugins.com\",\"isPartOf\":{\"@id\":\"https:\/\/woo-themes-plugins.com\/it\/#website\"},\"primaryImageOfPage\":{\"@id\":\"https:\/\/woo-themes-plugins.com\/de\/produkt\/nachbarschaft-elegant-und-responsive-theme-woocommerce-theme\/#primaryimage\"},\"image\":{\"@id\":\"https:\/\/woo-themes-plugins.com\/de\/produkt\/nachbarschaft-elegant-und-responsive-theme-woocommerce-theme\/#primaryimage\"},\"thumbnailUrl\":\"https:\/\/woo-themes-plugins.com\/wp-content\/uploads\/sites\/7\/2018\/03\/woo-themes-plugins_neighboorhood-theme-elegant-responsive-theme-woocommerce-fashion-2.jpg\",\"datePublished\":\"2018-03-26T12:21:30+00:00\",\"dateModified\":\"2018-03-26T12:21:30+00:00\",\"breadcrumb\":{\"@id\":\"https:\/\/woo-themes-plugins.com\/de\/produkt\/nachbarschaft-elegant-und-responsive-theme-woocommerce-theme\/#breadcrumb\"},\"inLanguage\":\"de\",\"potentialAction\":[{\"@type\":\"ReadAction\",\"target\":[\"https:\/\/woo-themes-plugins.com\/de\/produkt\/nachbarschaft-elegant-und-responsive-theme-woocommerce-theme\/\"]}]},{\"@type\":\"ImageObject\",\"inLanguage\":\"de\",\"@id\":\"https:\/\/woo-themes-plugins.com\/de\/produkt\/nachbarschaft-elegant-und-responsive-theme-woocommerce-theme\/#primaryimage\",\"url\":\"https:\/\/woo-themes-plugins.com\/wp-content\/uploads\/sites\/7\/2018\/03\/woo-themes-plugins_neighboorhood-theme-elegant-responsive-theme-woocommerce-fashion-2.jpg\",\"contentUrl\":\"https:\/\/woo-themes-plugins.com\/wp-content\/uploads\/sites\/7\/2018\/03\/woo-themes-plugins_neighboorhood-theme-elegant-responsive-theme-woocommerce-fashion-2.jpg\",\"width\":1745,\"height\":900},{\"@type\":\"BreadcrumbList\",\"@id\":\"https:\/\/woo-themes-plugins.com\/de\/produkt\/nachbarschaft-elegant-und-responsive-theme-woocommerce-theme\/#breadcrumb\",\"itemListElement\":[{\"@type\":\"ListItem\",\"position\":1,\"name\":\"Accueil\",\"item\":\"https:\/\/woo-themes-plugins.com\/fr\/\"},{\"@type\":\"ListItem\",\"position\":2,\"name\":\"Shop\",\"item\":\"https:\/\/woo-themes-plugins.com\/shop\/\"},{\"@type\":\"ListItem\",\"position\":3,\"name\":\"Nachbarschaft &#8211; Elegant und Responsive Theme &#8211; WooCommerce Theme\"}]},{\"@type\":\"WebSite\",\"@id\":\"https:\/\/woo-themes-plugins.com\/it\/#website\",\"url\":\"https:\/\/woo-themes-plugins.com\/it\/\",\"name\":\"Woo-themes-plugins.com\",\"description\":\"Tous les th\u00e8mes et plugins WooCommerce Premium\",\"potentialAction\":[{\"@type\":\"SearchAction\",\"target\":{\"@type\":\"EntryPoint\",\"urlTemplate\":\"https:\/\/woo-themes-plugins.com\/it\/?s={search_term_string}\"},\"query-input\":\"required name=search_term_string\"}],\"inLanguage\":\"de\"}]}<\/script>\n<!-- \/ Yoast SEO plugin. -->","yoast_head_json":{"title":"Nachbarschaft - Elegant und Responsive Theme - WooCommerce Theme - Woo-themes-plugins.com","robots":{"index":"index","follow":"follow","max-snippet":"max-snippet:-1","max-image-preview":"max-image-preview:large","max-video-preview":"max-video-preview:-1"},"canonical":"https:\/\/woo-themes-plugins.com\/de\/produkt\/nachbarschaft-elegant-und-responsive-theme-woocommerce-theme\/","og_locale":"de_DE","og_type":"article","og_title":"Nachbarschaft - Elegant und Responsive Theme - WooCommerce Theme - Woo-themes-plugins.com","og_description":"Basierend auf dem ber\u00fchmten Bootstrap-Framework wurde dieses WooCommerce-Design entworfen, um sowohl ultra-reaktionsschnell zu sein als auch ein Schaufenster zu bieten, um Ihre Produkte hervorzuheben. Das gesamte Thema ist konfigurierbar und anpassbar. Diese gro\u00dfe Flexibilit\u00e4t erkl\u00e4rt teilweise den Grund f\u00fcr seinen gro\u00dfen Erfolg.","og_url":"https:\/\/woo-themes-plugins.com\/de\/produkt\/nachbarschaft-elegant-und-responsive-theme-woocommerce-theme\/","og_site_name":"Woo-themes-plugins.com","og_image":[{"width":1745,"height":900,"url":"https:\/\/woo-themes-plugins.com\/wp-content\/uploads\/sites\/7\/2018\/03\/woo-themes-plugins_neighboorhood-theme-elegant-responsive-theme-woocommerce-fashion-2.jpg","type":"image\/jpeg"}],"schema":{"@context":"https:\/\/schema.org","@graph":[{"@type":"WebPage","@id":"https:\/\/woo-themes-plugins.com\/de\/produkt\/nachbarschaft-elegant-und-responsive-theme-woocommerce-theme\/","url":"https:\/\/woo-themes-plugins.com\/de\/produkt\/nachbarschaft-elegant-und-responsive-theme-woocommerce-theme\/","name":"Nachbarschaft - Elegant und Responsive Theme - WooCommerce Theme - Woo-themes-plugins.com","isPartOf":{"@id":"https:\/\/woo-themes-plugins.com\/it\/#website"},"primaryImageOfPage":{"@id":"https:\/\/woo-themes-plugins.com\/de\/produkt\/nachbarschaft-elegant-und-responsive-theme-woocommerce-theme\/#primaryimage"},"image":{"@id":"https:\/\/woo-themes-plugins.com\/de\/produkt\/nachbarschaft-elegant-und-responsive-theme-woocommerce-theme\/#primaryimage"},"thumbnailUrl":"https:\/\/woo-themes-plugins.com\/wp-content\/uploads\/sites\/7\/2018\/03\/woo-themes-plugins_neighboorhood-theme-elegant-responsive-theme-woocommerce-fashion-2.jpg","datePublished":"2018-03-26T12:21:30+00:00","dateModified":"2018-03-26T12:21:30+00:00","breadcrumb":{"@id":"https:\/\/woo-themes-plugins.com\/de\/produkt\/nachbarschaft-elegant-und-responsive-theme-woocommerce-theme\/#breadcrumb"},"inLanguage":"de","potentialAction":[{"@type":"ReadAction","target":["https:\/\/woo-themes-plugins.com\/de\/produkt\/nachbarschaft-elegant-und-responsive-theme-woocommerce-theme\/"]}]},{"@type":"ImageObject","inLanguage":"de","@id":"https:\/\/woo-themes-plugins.com\/de\/produkt\/nachbarschaft-elegant-und-responsive-theme-woocommerce-theme\/#primaryimage","url":"https:\/\/woo-themes-plugins.com\/wp-content\/uploads\/sites\/7\/2018\/03\/woo-themes-plugins_neighboorhood-theme-elegant-responsive-theme-woocommerce-fashion-2.jpg","contentUrl":"https:\/\/woo-themes-plugins.com\/wp-content\/uploads\/sites\/7\/2018\/03\/woo-themes-plugins_neighboorhood-theme-elegant-responsive-theme-woocommerce-fashion-2.jpg","width":1745,"height":900},{"@type":"BreadcrumbList","@id":"https:\/\/woo-themes-plugins.com\/de\/produkt\/nachbarschaft-elegant-und-responsive-theme-woocommerce-theme\/#breadcrumb","itemListElement":[{"@type":"ListItem","position":1,"name":"Accueil","item":"https:\/\/woo-themes-plugins.com\/fr\/"},{"@type":"ListItem","position":2,"name":"Shop","item":"https:\/\/woo-themes-plugins.com\/shop\/"},{"@type":"ListItem","position":3,"name":"Nachbarschaft &#8211; Elegant und Responsive Theme &#8211; WooCommerce Theme"}]},{"@type":"WebSite","@id":"https:\/\/woo-themes-plugins.com\/it\/#website","url":"https:\/\/woo-themes-plugins.com\/it\/","name":"Woo-themes-plugins.com","description":"Tous les th\u00e8mes et plugins WooCommerce Premium","potentialAction":[{"@type":"SearchAction","target":{"@type":"EntryPoint","urlTemplate":"https:\/\/woo-themes-plugins.com\/it\/?s={search_term_string}"},"query-input":"required name=search_term_string"}],"inLanguage":"de"}]}},"_links":{"self":[{"href":"https:\/\/woo-themes-plugins.com\/de\/wp-json\/wp\/v2\/product\/4696","targetHints":{"allow":["GET"]}}],"collection":[{"href":"https:\/\/woo-themes-plugins.com\/de\/wp-json\/wp\/v2\/product"}],"about":[{"href":"https:\/\/woo-themes-plugins.com\/de\/wp-json\/wp\/v2\/types\/product"}],"wp:featuredmedia":[{"embeddable":true,"href":"https:\/\/woo-themes-plugins.com\/de\/wp-json\/wp\/v2\/media\/1600"}],"wp:attachment":[{"href":"https:\/\/woo-themes-plugins.com\/de\/wp-json\/wp\/v2\/media?parent=4696"}],"wp:term":[{"taxonomy":"product_cat","embeddable":true,"href":"https:\/\/woo-themes-plugins.com\/de\/wp-json\/wp\/v2\/product_cat?post=4696"},{"taxonomy":"product_tag","embeddable":true,"href":"https:\/\/woo-themes-plugins.com\/de\/wp-json\/wp\/v2\/product_tag?post=4696"}],"curies":[{"name":"wp","href":"https:\/\/api.w.org\/{rel}","templated":true}]}}