{"id":2853,"date":"2018-03-26T06:18:07","date_gmt":"2018-03-26T05:18:07","guid":{"rendered":"https:\/\/woo-themes-plugins.com\/product\/aim-de-authorize-net-solucion-de-pago-de-woocommerce-plugin-de-woocommerce\/"},"modified":"2018-03-26T06:18:07","modified_gmt":"2018-03-26T05:18:07","slug":"aim-de-authorize-net-solucion-de-pago-de-woocommerce-plugin-de-woocommerce","status":"publish","type":"product","link":"https:\/\/woo-themes-plugins.com\/es\/product\/aim-de-authorize-net-solucion-de-pago-de-woocommerce-plugin-de-woocommerce\/","title":{"rendered":"AIM de Authorize.net &#8211; Soluci\u00f3n de pago de WooCommerce &#8211; Plugin de WooCommerce"},"content":{"rendered":"<p><span id=\"result_box\" class=\"\" lang=\"es\">Authorize.net AIM quiere ser el complemento de WooCommerce que proporciona la integraci\u00f3n m\u00e1s avanzada que utiliza los servicios de WooCommerce y Authorize.net. Este complemento incluso permite el soporte de Authorize.net eCheck y Accept.js. \u00bfQui\u00e9n lo hace mejor?<\/p>\n<p>Authorize.net es un servicio de pago en l\u00ednea que tiene mucho \u00e9xito, incluida su gran simplicidad de uso junto con una gran seguridad. <span class=\"\">Este complemento de WooCommerce le permite integrar el pago directamente en su sitio de WooCommerce, as\u00ed como la posibilidad de pagar directamente en su interfaz de administraci\u00f3n de WooCommerce.<\/span><\/p>\n<p><span class=\"\">Si este complemento se llama AIM, es la versi\u00f3n de Authorize.net que le permitir\u00e1 ofrecer a sus clientes la oportunidad de permanecer en su sitio de comercio electr\u00f3nico en el momento del pago.<\/span> <span class=\"\">Una ventaja real para reducir el efecto de fricci\u00f3n del formulario de pedido, especialmente aumentado en las interfaces m\u00f3viles.<\/span><\/span><\/p>\n","protected":false},"excerpt":{"rendered":"<p><span id=\"result_box\" class=\"\" lang=\"es\">\u00a1SkyVerge le ofrece este complemento de pago bancario que le permitir\u00e1 configurar la soluci\u00f3n de pago Authorize.net directamente en su sitio de comercio electr\u00f3nico WooCommerce, en la p\u00e1gina de pago de su sitio!<\/span><\/p>\n","protected":false},"featured_media":2459,"template":"","meta":{"_monsterinsights_skip_tracking":false,"_monsterinsights_sitenote_active":false,"_monsterinsights_sitenote_note":"","_monsterinsights_sitenote_category":0},"product_cat":[220],"product_tag":[223,262],"class_list":["post-2853","product","type-product","status-publish","has-post-thumbnail","hentry","product_cat-plugin-woocommerce-es","product_tag-authorize-net-y-woocommerce","product_tag-solucion-pago-woocommerce","pa_dev-woo-plugin-theme-skyverge-es","pa_marketplace-woocommerce-woocommerce-com-es"],"yoast_head":"<!-- This site is optimized with the Yoast SEO plugin v23.1 - https:\/\/yoast.com\/wordpress\/plugins\/seo\/ -->\n<title>AIM de Authorize.net - Soluci\u00f3n de pago de WooCommerce - Plugin de WooCommerce - Woo-themes-plugins.com<\/title>\n<meta name=\"robots\" content=\"index, follow, max-snippet:-1, max-image-preview:large, max-video-preview:-1\" \/>\n<link rel=\"canonical\" href=\"https:\/\/woo-themes-plugins.com\/es\/producto\/aim-de-authorize-net-solucion-de-pago-de-woocommerce-plugin-de-woocommerce\/\" \/>\n<meta property=\"og:locale\" content=\"es_ES\" \/>\n<meta property=\"og:type\" content=\"article\" \/>\n<meta property=\"og:title\" content=\"AIM de Authorize.net - Soluci\u00f3n de pago de WooCommerce - Plugin de WooCommerce - Woo-themes-plugins.com\" \/>\n<meta property=\"og:description\" content=\"\u00a1SkyVerge le ofrece este complemento de pago bancario que le permitir\u00e1 configurar la soluci\u00f3n de pago Authorize.net directamente en su sitio de comercio electr\u00f3nico WooCommerce, en la p\u00e1gina de pago de su sitio!\" \/>\n<meta property=\"og:url\" content=\"https:\/\/woo-themes-plugins.com\/es\/producto\/aim-de-authorize-net-solucion-de-pago-de-woocommerce-plugin-de-woocommerce\/\" \/>\n<meta property=\"og:site_name\" content=\"Woo-themes-plugins.com\" \/>\n<meta property=\"og:image\" content=\"https:\/\/woo-themes-plugins.com\/wp-content\/uploads\/sites\/7\/2018\/03\/woo-themes-plugins_woocommerce-auhtorize-net-plugin-woocommerce.jpg\" \/>\n\t<meta property=\"og:image:width\" content=\"900\" \/>\n\t<meta property=\"og:image:height\" content=\"900\" \/>\n\t<meta property=\"og:image:type\" content=\"image\/jpeg\" \/>\n<meta name=\"twitter:label1\" content=\"Tiempo de lectura\" \/>\n\t<meta name=\"twitter:data1\" content=\"1 minuto\" \/>\n<script type=\"application\/ld+json\" class=\"yoast-schema-graph\">{\"@context\":\"https:\/\/schema.org\",\"@graph\":[{\"@type\":\"WebPage\",\"@id\":\"https:\/\/woo-themes-plugins.com\/es\/producto\/aim-de-authorize-net-solucion-de-pago-de-woocommerce-plugin-de-woocommerce\/\",\"url\":\"https:\/\/woo-themes-plugins.com\/es\/producto\/aim-de-authorize-net-solucion-de-pago-de-woocommerce-plugin-de-woocommerce\/\",\"name\":\"AIM de Authorize.net - Soluci\u00f3n de pago de WooCommerce - Plugin de WooCommerce - Woo-themes-plugins.com\",\"isPartOf\":{\"@id\":\"https:\/\/woo-themes-plugins.com\/it\/#website\"},\"primaryImageOfPage\":{\"@id\":\"https:\/\/woo-themes-plugins.com\/es\/producto\/aim-de-authorize-net-solucion-de-pago-de-woocommerce-plugin-de-woocommerce\/#primaryimage\"},\"image\":{\"@id\":\"https:\/\/woo-themes-plugins.com\/es\/producto\/aim-de-authorize-net-solucion-de-pago-de-woocommerce-plugin-de-woocommerce\/#primaryimage\"},\"thumbnailUrl\":\"https:\/\/woo-themes-plugins.com\/wp-content\/uploads\/sites\/7\/2018\/03\/woo-themes-plugins_woocommerce-auhtorize-net-plugin-woocommerce.jpg\",\"datePublished\":\"2018-03-26T05:18:07+00:00\",\"dateModified\":\"2018-03-26T05:18:07+00:00\",\"breadcrumb\":{\"@id\":\"https:\/\/woo-themes-plugins.com\/es\/producto\/aim-de-authorize-net-solucion-de-pago-de-woocommerce-plugin-de-woocommerce\/#breadcrumb\"},\"inLanguage\":\"es\",\"potentialAction\":[{\"@type\":\"ReadAction\",\"target\":[\"https:\/\/woo-themes-plugins.com\/es\/producto\/aim-de-authorize-net-solucion-de-pago-de-woocommerce-plugin-de-woocommerce\/\"]}]},{\"@type\":\"ImageObject\",\"inLanguage\":\"es\",\"@id\":\"https:\/\/woo-themes-plugins.com\/es\/producto\/aim-de-authorize-net-solucion-de-pago-de-woocommerce-plugin-de-woocommerce\/#primaryimage\",\"url\":\"https:\/\/woo-themes-plugins.com\/wp-content\/uploads\/sites\/7\/2018\/03\/woo-themes-plugins_woocommerce-auhtorize-net-plugin-woocommerce.jpg\",\"contentUrl\":\"https:\/\/woo-themes-plugins.com\/wp-content\/uploads\/sites\/7\/2018\/03\/woo-themes-plugins_woocommerce-auhtorize-net-plugin-woocommerce.jpg\",\"width\":900,\"height\":900},{\"@type\":\"BreadcrumbList\",\"@id\":\"https:\/\/woo-themes-plugins.com\/es\/producto\/aim-de-authorize-net-solucion-de-pago-de-woocommerce-plugin-de-woocommerce\/#breadcrumb\",\"itemListElement\":[{\"@type\":\"ListItem\",\"position\":1,\"name\":\"Accueil\",\"item\":\"https:\/\/woo-themes-plugins.com\/fr\/\"},{\"@type\":\"ListItem\",\"position\":2,\"name\":\"Shop\",\"item\":\"https:\/\/woo-themes-plugins.com\/shop\/\"},{\"@type\":\"ListItem\",\"position\":3,\"name\":\"AIM de Authorize.net &#8211; Soluci\u00f3n de pago de WooCommerce &#8211; Plugin de WooCommerce\"}]},{\"@type\":\"WebSite\",\"@id\":\"https:\/\/woo-themes-plugins.com\/it\/#website\",\"url\":\"https:\/\/woo-themes-plugins.com\/it\/\",\"name\":\"Woo-themes-plugins.com\",\"description\":\"Tous les th\u00e8mes et plugins WooCommerce Premium\",\"potentialAction\":[{\"@type\":\"SearchAction\",\"target\":{\"@type\":\"EntryPoint\",\"urlTemplate\":\"https:\/\/woo-themes-plugins.com\/it\/?s={search_term_string}\"},\"query-input\":\"required name=search_term_string\"}],\"inLanguage\":\"es\"}]}<\/script>\n<!-- \/ Yoast SEO plugin. -->","yoast_head_json":{"title":"AIM de Authorize.net - Soluci\u00f3n de pago de WooCommerce - Plugin de WooCommerce - Woo-themes-plugins.com","robots":{"index":"index","follow":"follow","max-snippet":"max-snippet:-1","max-image-preview":"max-image-preview:large","max-video-preview":"max-video-preview:-1"},"canonical":"https:\/\/woo-themes-plugins.com\/es\/producto\/aim-de-authorize-net-solucion-de-pago-de-woocommerce-plugin-de-woocommerce\/","og_locale":"es_ES","og_type":"article","og_title":"AIM de Authorize.net - Soluci\u00f3n de pago de WooCommerce - Plugin de WooCommerce - Woo-themes-plugins.com","og_description":"\u00a1SkyVerge le ofrece este complemento de pago bancario que le permitir\u00e1 configurar la soluci\u00f3n de pago Authorize.net directamente en su sitio de comercio electr\u00f3nico WooCommerce, en la p\u00e1gina de pago de su sitio!","og_url":"https:\/\/woo-themes-plugins.com\/es\/producto\/aim-de-authorize-net-solucion-de-pago-de-woocommerce-plugin-de-woocommerce\/","og_site_name":"Woo-themes-plugins.com","og_image":[{"width":900,"height":900,"url":"https:\/\/woo-themes-plugins.com\/wp-content\/uploads\/sites\/7\/2018\/03\/woo-themes-plugins_woocommerce-auhtorize-net-plugin-woocommerce.jpg","type":"image\/jpeg"}],"twitter_misc":{"Tiempo de lectura":"1 minuto"},"schema":{"@context":"https:\/\/schema.org","@graph":[{"@type":"WebPage","@id":"https:\/\/woo-themes-plugins.com\/es\/producto\/aim-de-authorize-net-solucion-de-pago-de-woocommerce-plugin-de-woocommerce\/","url":"https:\/\/woo-themes-plugins.com\/es\/producto\/aim-de-authorize-net-solucion-de-pago-de-woocommerce-plugin-de-woocommerce\/","name":"AIM de Authorize.net - Soluci\u00f3n de pago de WooCommerce - Plugin de WooCommerce - Woo-themes-plugins.com","isPartOf":{"@id":"https:\/\/woo-themes-plugins.com\/it\/#website"},"primaryImageOfPage":{"@id":"https:\/\/woo-themes-plugins.com\/es\/producto\/aim-de-authorize-net-solucion-de-pago-de-woocommerce-plugin-de-woocommerce\/#primaryimage"},"image":{"@id":"https:\/\/woo-themes-plugins.com\/es\/producto\/aim-de-authorize-net-solucion-de-pago-de-woocommerce-plugin-de-woocommerce\/#primaryimage"},"thumbnailUrl":"https:\/\/woo-themes-plugins.com\/wp-content\/uploads\/sites\/7\/2018\/03\/woo-themes-plugins_woocommerce-auhtorize-net-plugin-woocommerce.jpg","datePublished":"2018-03-26T05:18:07+00:00","dateModified":"2018-03-26T05:18:07+00:00","breadcrumb":{"@id":"https:\/\/woo-themes-plugins.com\/es\/producto\/aim-de-authorize-net-solucion-de-pago-de-woocommerce-plugin-de-woocommerce\/#breadcrumb"},"inLanguage":"es","potentialAction":[{"@type":"ReadAction","target":["https:\/\/woo-themes-plugins.com\/es\/producto\/aim-de-authorize-net-solucion-de-pago-de-woocommerce-plugin-de-woocommerce\/"]}]},{"@type":"ImageObject","inLanguage":"es","@id":"https:\/\/woo-themes-plugins.com\/es\/producto\/aim-de-authorize-net-solucion-de-pago-de-woocommerce-plugin-de-woocommerce\/#primaryimage","url":"https:\/\/woo-themes-plugins.com\/wp-content\/uploads\/sites\/7\/2018\/03\/woo-themes-plugins_woocommerce-auhtorize-net-plugin-woocommerce.jpg","contentUrl":"https:\/\/woo-themes-plugins.com\/wp-content\/uploads\/sites\/7\/2018\/03\/woo-themes-plugins_woocommerce-auhtorize-net-plugin-woocommerce.jpg","width":900,"height":900},{"@type":"BreadcrumbList","@id":"https:\/\/woo-themes-plugins.com\/es\/producto\/aim-de-authorize-net-solucion-de-pago-de-woocommerce-plugin-de-woocommerce\/#breadcrumb","itemListElement":[{"@type":"ListItem","position":1,"name":"Accueil","item":"https:\/\/woo-themes-plugins.com\/fr\/"},{"@type":"ListItem","position":2,"name":"Shop","item":"https:\/\/woo-themes-plugins.com\/shop\/"},{"@type":"ListItem","position":3,"name":"AIM de Authorize.net &#8211; Soluci\u00f3n de pago de WooCommerce &#8211; Plugin de WooCommerce"}]},{"@type":"WebSite","@id":"https:\/\/woo-themes-plugins.com\/it\/#website","url":"https:\/\/woo-themes-plugins.com\/it\/","name":"Woo-themes-plugins.com","description":"Tous les th\u00e8mes et plugins WooCommerce Premium","potentialAction":[{"@type":"SearchAction","target":{"@type":"EntryPoint","urlTemplate":"https:\/\/woo-themes-plugins.com\/it\/?s={search_term_string}"},"query-input":"required name=search_term_string"}],"inLanguage":"es"}]}},"_links":{"self":[{"href":"https:\/\/woo-themes-plugins.com\/es\/wp-json\/wp\/v2\/product\/2853","targetHints":{"allow":["GET"]}}],"collection":[{"href":"https:\/\/woo-themes-plugins.com\/es\/wp-json\/wp\/v2\/product"}],"about":[{"href":"https:\/\/woo-themes-plugins.com\/es\/wp-json\/wp\/v2\/types\/product"}],"wp:featuredmedia":[{"embeddable":true,"href":"https:\/\/woo-themes-plugins.com\/es\/wp-json\/wp\/v2\/media\/2459"}],"wp:attachment":[{"href":"https:\/\/woo-themes-plugins.com\/es\/wp-json\/wp\/v2\/media?parent=2853"}],"wp:term":[{"taxonomy":"product_cat","embeddable":true,"href":"https:\/\/woo-themes-plugins.com\/es\/wp-json\/wp\/v2\/product_cat?post=2853"},{"taxonomy":"product_tag","embeddable":true,"href":"https:\/\/woo-themes-plugins.com\/es\/wp-json\/wp\/v2\/product_tag?post=2853"}],"curies":[{"name":"wp","href":"https:\/\/api.w.org\/{rel}","templated":true}]}}