{"id":2854,"date":"2018-03-26T06:12:20","date_gmt":"2018-03-26T05:12:20","guid":{"rendered":"https:\/\/woo-themes-plugins.com\/product\/metodo-de-envio-de-usps-plugin-de-entrega-de-woocommerce\/"},"modified":"2018-03-26T06:12:20","modified_gmt":"2018-03-26T05:12:20","slug":"metodo-de-envio-de-usps-plugin-de-entrega-de-woocommerce","status":"publish","type":"product","link":"https:\/\/woo-themes-plugins.com\/es\/product\/metodo-de-envio-de-usps-plugin-de-entrega-de-woocommerce\/","title":{"rendered":"M\u00e9todo de env\u00edo de USPS &#8211; Plugin de entrega de WooCommerce"},"content":{"rendered":"<p><span id=\"result_box\" class=\"\" lang=\"es\">\u00bfVendes a los Estados Unidos de Am\u00e9rica? Entonces definitivamente debes usar los servicios de USPS.<\/p>\n<p>Con esta extensi\u00f3n WooCommerce, podr\u00e1 indicar el precio real a sus clientes, en vivo.<\/p>\n<p>Para beneficiarse de esta caracter\u00edstica, a\u00fan ser\u00e1 necesario cumplir con algunas reglas, como pagar a los clientes en d\u00f3lares estadounidenses, islas v\u00edrgenes o Puerto Ribo. <span class=\"\">El sistema tambi\u00e9n se corta para el mercado estadounidense porque tendr\u00e1 que usar pulgadas y libras como unidad de medida.<\/span> <span class=\"\">Para su informaci\u00f3n, las conversiones de m\u00e9tricas se realizan por s\u00ed mismas si surge la necesidad en su sitio de WooCommerce.<\/span><\/p>\n<p><span class=\"\">Si utiliza los servicios de USPS, este complemento de WooCommerce se debe clasificar en el radio de los complementos esenciales.<\/span><\/span><\/p>\n","protected":false},"excerpt":{"rendered":"<p><span id=\"result_box\" class=\"\" lang=\"es\"><span class=\"\">Complemento oficial de WooCommerce que permite la integraci\u00f3n de la operadora USPS (con sus tarifas, por supuesto) directamente en su sitio eCommerce WooCommerce.<\/span><\/span><\/p>\n","protected":false},"featured_media":2451,"template":"","meta":{"_monsterinsights_skip_tracking":false,"_monsterinsights_sitenote_active":false,"_monsterinsights_sitenote_note":"","_monsterinsights_sitenote_category":0},"product_cat":[220],"product_tag":[834],"class_list":["post-2854","product","type-product","status-publish","has-post-thumbnail","hentry","product_cat-plugin-woocommerce-es","product_tag-entrega-de-woocommerce","pa_dev-woo-plugin-theme-woocommerce-es","pa_marketplace-woocommerce-woocommerce-com-es"],"yoast_head":"<!-- This site is optimized with the Yoast SEO plugin v23.1 - https:\/\/yoast.com\/wordpress\/plugins\/seo\/ -->\n<title>M\u00e9todo de env\u00edo de USPS - Plugin de entrega de WooCommerce - Woo-themes-plugins.com<\/title>\n<meta name=\"robots\" content=\"index, follow, max-snippet:-1, max-image-preview:large, max-video-preview:-1\" \/>\n<link rel=\"canonical\" href=\"https:\/\/woo-themes-plugins.com\/es\/producto\/metodo-de-envio-de-usps-plugin-de-entrega-de-woocommerce\/\" \/>\n<meta property=\"og:locale\" content=\"es_ES\" \/>\n<meta property=\"og:type\" content=\"article\" \/>\n<meta property=\"og:title\" content=\"M\u00e9todo de env\u00edo de USPS - Plugin de entrega de WooCommerce - Woo-themes-plugins.com\" \/>\n<meta property=\"og:description\" content=\"Complemento oficial de WooCommerce que permite la integraci\u00f3n de la operadora USPS (con sus tarifas, por supuesto) directamente en su sitio eCommerce WooCommerce.\" \/>\n<meta property=\"og:url\" content=\"https:\/\/woo-themes-plugins.com\/es\/producto\/metodo-de-envio-de-usps-plugin-de-entrega-de-woocommerce\/\" \/>\n<meta property=\"og:site_name\" content=\"Woo-themes-plugins.com\" \/>\n<meta property=\"og:image\" content=\"https:\/\/woo-themes-plugins.com\/wp-content\/uploads\/sites\/7\/2018\/03\/woo-themes-plugins_woocommerce-usps-shipping-method-plugin-woocommerce.jpg\" \/>\n\t<meta property=\"og:image:width\" content=\"900\" \/>\n\t<meta property=\"og:image:height\" content=\"900\" \/>\n\t<meta property=\"og:image:type\" content=\"image\/jpeg\" \/>\n<meta name=\"twitter:label1\" content=\"Tiempo de lectura\" \/>\n\t<meta name=\"twitter:data1\" content=\"1 minuto\" \/>\n<script type=\"application\/ld+json\" class=\"yoast-schema-graph\">{\"@context\":\"https:\/\/schema.org\",\"@graph\":[{\"@type\":\"WebPage\",\"@id\":\"https:\/\/woo-themes-plugins.com\/es\/producto\/metodo-de-envio-de-usps-plugin-de-entrega-de-woocommerce\/\",\"url\":\"https:\/\/woo-themes-plugins.com\/es\/producto\/metodo-de-envio-de-usps-plugin-de-entrega-de-woocommerce\/\",\"name\":\"M\u00e9todo de env\u00edo de USPS - Plugin de entrega de WooCommerce - Woo-themes-plugins.com\",\"isPartOf\":{\"@id\":\"https:\/\/woo-themes-plugins.com\/it\/#website\"},\"primaryImageOfPage\":{\"@id\":\"https:\/\/woo-themes-plugins.com\/es\/producto\/metodo-de-envio-de-usps-plugin-de-entrega-de-woocommerce\/#primaryimage\"},\"image\":{\"@id\":\"https:\/\/woo-themes-plugins.com\/es\/producto\/metodo-de-envio-de-usps-plugin-de-entrega-de-woocommerce\/#primaryimage\"},\"thumbnailUrl\":\"https:\/\/woo-themes-plugins.com\/wp-content\/uploads\/sites\/7\/2018\/03\/woo-themes-plugins_woocommerce-usps-shipping-method-plugin-woocommerce.jpg\",\"datePublished\":\"2018-03-26T05:12:20+00:00\",\"dateModified\":\"2018-03-26T05:12:20+00:00\",\"breadcrumb\":{\"@id\":\"https:\/\/woo-themes-plugins.com\/es\/producto\/metodo-de-envio-de-usps-plugin-de-entrega-de-woocommerce\/#breadcrumb\"},\"inLanguage\":\"es\",\"potentialAction\":[{\"@type\":\"ReadAction\",\"target\":[\"https:\/\/woo-themes-plugins.com\/es\/producto\/metodo-de-envio-de-usps-plugin-de-entrega-de-woocommerce\/\"]}]},{\"@type\":\"ImageObject\",\"inLanguage\":\"es\",\"@id\":\"https:\/\/woo-themes-plugins.com\/es\/producto\/metodo-de-envio-de-usps-plugin-de-entrega-de-woocommerce\/#primaryimage\",\"url\":\"https:\/\/woo-themes-plugins.com\/wp-content\/uploads\/sites\/7\/2018\/03\/woo-themes-plugins_woocommerce-usps-shipping-method-plugin-woocommerce.jpg\",\"contentUrl\":\"https:\/\/woo-themes-plugins.com\/wp-content\/uploads\/sites\/7\/2018\/03\/woo-themes-plugins_woocommerce-usps-shipping-method-plugin-woocommerce.jpg\",\"width\":900,\"height\":900},{\"@type\":\"BreadcrumbList\",\"@id\":\"https:\/\/woo-themes-plugins.com\/es\/producto\/metodo-de-envio-de-usps-plugin-de-entrega-de-woocommerce\/#breadcrumb\",\"itemListElement\":[{\"@type\":\"ListItem\",\"position\":1,\"name\":\"Accueil\",\"item\":\"https:\/\/woo-themes-plugins.com\/fr\/\"},{\"@type\":\"ListItem\",\"position\":2,\"name\":\"Shop\",\"item\":\"https:\/\/woo-themes-plugins.com\/shop\/\"},{\"@type\":\"ListItem\",\"position\":3,\"name\":\"M\u00e9todo de env\u00edo de USPS &#8211; Plugin de entrega de WooCommerce\"}]},{\"@type\":\"WebSite\",\"@id\":\"https:\/\/woo-themes-plugins.com\/it\/#website\",\"url\":\"https:\/\/woo-themes-plugins.com\/it\/\",\"name\":\"Woo-themes-plugins.com\",\"description\":\"Tous les th\u00e8mes et plugins WooCommerce Premium\",\"potentialAction\":[{\"@type\":\"SearchAction\",\"target\":{\"@type\":\"EntryPoint\",\"urlTemplate\":\"https:\/\/woo-themes-plugins.com\/it\/?s={search_term_string}\"},\"query-input\":\"required name=search_term_string\"}],\"inLanguage\":\"es\"}]}<\/script>\n<!-- \/ Yoast SEO plugin. -->","yoast_head_json":{"title":"M\u00e9todo de env\u00edo de USPS - Plugin de entrega de WooCommerce - Woo-themes-plugins.com","robots":{"index":"index","follow":"follow","max-snippet":"max-snippet:-1","max-image-preview":"max-image-preview:large","max-video-preview":"max-video-preview:-1"},"canonical":"https:\/\/woo-themes-plugins.com\/es\/producto\/metodo-de-envio-de-usps-plugin-de-entrega-de-woocommerce\/","og_locale":"es_ES","og_type":"article","og_title":"M\u00e9todo de env\u00edo de USPS - Plugin de entrega de WooCommerce - Woo-themes-plugins.com","og_description":"Complemento oficial de WooCommerce que permite la integraci\u00f3n de la operadora USPS (con sus tarifas, por supuesto) directamente en su sitio eCommerce WooCommerce.","og_url":"https:\/\/woo-themes-plugins.com\/es\/producto\/metodo-de-envio-de-usps-plugin-de-entrega-de-woocommerce\/","og_site_name":"Woo-themes-plugins.com","og_image":[{"width":900,"height":900,"url":"https:\/\/woo-themes-plugins.com\/wp-content\/uploads\/sites\/7\/2018\/03\/woo-themes-plugins_woocommerce-usps-shipping-method-plugin-woocommerce.jpg","type":"image\/jpeg"}],"twitter_misc":{"Tiempo de lectura":"1 minuto"},"schema":{"@context":"https:\/\/schema.org","@graph":[{"@type":"WebPage","@id":"https:\/\/woo-themes-plugins.com\/es\/producto\/metodo-de-envio-de-usps-plugin-de-entrega-de-woocommerce\/","url":"https:\/\/woo-themes-plugins.com\/es\/producto\/metodo-de-envio-de-usps-plugin-de-entrega-de-woocommerce\/","name":"M\u00e9todo de env\u00edo de USPS - Plugin de entrega de WooCommerce - Woo-themes-plugins.com","isPartOf":{"@id":"https:\/\/woo-themes-plugins.com\/it\/#website"},"primaryImageOfPage":{"@id":"https:\/\/woo-themes-plugins.com\/es\/producto\/metodo-de-envio-de-usps-plugin-de-entrega-de-woocommerce\/#primaryimage"},"image":{"@id":"https:\/\/woo-themes-plugins.com\/es\/producto\/metodo-de-envio-de-usps-plugin-de-entrega-de-woocommerce\/#primaryimage"},"thumbnailUrl":"https:\/\/woo-themes-plugins.com\/wp-content\/uploads\/sites\/7\/2018\/03\/woo-themes-plugins_woocommerce-usps-shipping-method-plugin-woocommerce.jpg","datePublished":"2018-03-26T05:12:20+00:00","dateModified":"2018-03-26T05:12:20+00:00","breadcrumb":{"@id":"https:\/\/woo-themes-plugins.com\/es\/producto\/metodo-de-envio-de-usps-plugin-de-entrega-de-woocommerce\/#breadcrumb"},"inLanguage":"es","potentialAction":[{"@type":"ReadAction","target":["https:\/\/woo-themes-plugins.com\/es\/producto\/metodo-de-envio-de-usps-plugin-de-entrega-de-woocommerce\/"]}]},{"@type":"ImageObject","inLanguage":"es","@id":"https:\/\/woo-themes-plugins.com\/es\/producto\/metodo-de-envio-de-usps-plugin-de-entrega-de-woocommerce\/#primaryimage","url":"https:\/\/woo-themes-plugins.com\/wp-content\/uploads\/sites\/7\/2018\/03\/woo-themes-plugins_woocommerce-usps-shipping-method-plugin-woocommerce.jpg","contentUrl":"https:\/\/woo-themes-plugins.com\/wp-content\/uploads\/sites\/7\/2018\/03\/woo-themes-plugins_woocommerce-usps-shipping-method-plugin-woocommerce.jpg","width":900,"height":900},{"@type":"BreadcrumbList","@id":"https:\/\/woo-themes-plugins.com\/es\/producto\/metodo-de-envio-de-usps-plugin-de-entrega-de-woocommerce\/#breadcrumb","itemListElement":[{"@type":"ListItem","position":1,"name":"Accueil","item":"https:\/\/woo-themes-plugins.com\/fr\/"},{"@type":"ListItem","position":2,"name":"Shop","item":"https:\/\/woo-themes-plugins.com\/shop\/"},{"@type":"ListItem","position":3,"name":"M\u00e9todo de env\u00edo de USPS &#8211; Plugin de entrega de WooCommerce"}]},{"@type":"WebSite","@id":"https:\/\/woo-themes-plugins.com\/it\/#website","url":"https:\/\/woo-themes-plugins.com\/it\/","name":"Woo-themes-plugins.com","description":"Tous les th\u00e8mes et plugins WooCommerce Premium","potentialAction":[{"@type":"SearchAction","target":{"@type":"EntryPoint","urlTemplate":"https:\/\/woo-themes-plugins.com\/it\/?s={search_term_string}"},"query-input":"required name=search_term_string"}],"inLanguage":"es"}]}},"_links":{"self":[{"href":"https:\/\/woo-themes-plugins.com\/es\/wp-json\/wp\/v2\/product\/2854","targetHints":{"allow":["GET"]}}],"collection":[{"href":"https:\/\/woo-themes-plugins.com\/es\/wp-json\/wp\/v2\/product"}],"about":[{"href":"https:\/\/woo-themes-plugins.com\/es\/wp-json\/wp\/v2\/types\/product"}],"wp:featuredmedia":[{"embeddable":true,"href":"https:\/\/woo-themes-plugins.com\/es\/wp-json\/wp\/v2\/media\/2451"}],"wp:attachment":[{"href":"https:\/\/woo-themes-plugins.com\/es\/wp-json\/wp\/v2\/media?parent=2854"}],"wp:term":[{"taxonomy":"product_cat","embeddable":true,"href":"https:\/\/woo-themes-plugins.com\/es\/wp-json\/wp\/v2\/product_cat?post=2854"},{"taxonomy":"product_tag","embeddable":true,"href":"https:\/\/woo-themes-plugins.com\/es\/wp-json\/wp\/v2\/product_tag?post=2854"}],"curies":[{"name":"wp","href":"https:\/\/api.w.org\/{rel}","templated":true}]}}