{"id":2855,"date":"2018-03-26T06:00:37","date_gmt":"2018-03-26T05:00:37","guid":{"rendered":"https:\/\/woo-themes-plugins.com\/product\/woocommerce-customer-order-csv-export-export-orders-clientes-complemento-de-woocommerce\/"},"modified":"2018-03-26T06:00:37","modified_gmt":"2018-03-26T05:00:37","slug":"woocommerce-customer-order-csv-export-export-orders-clientes-complemento-de-woocommerce","status":"publish","type":"product","link":"https:\/\/woo-themes-plugins.com\/es\/product\/woocommerce-customer-order-csv-export-export-orders-clientes-complemento-de-woocommerce\/","title":{"rendered":"WooCommerce Customer \/ Order CSV Export &#8211; Export Orders &amp; amp; Clientes &#8211; Complemento de WooCommerce"},"content":{"rendered":"<p><span id=\"result_box\" class=\"\" lang=\"es\">Aunque WooCommerce ofrece la posibilidad de generar informes, muchos usuarios de comercio electr\u00f3nico a\u00fan necesitan realizar extracciones CSV con regularidad, ya sea para rastrear pedidos, administrar clientes o simplemente para poder leer todos sus datos en Excel.<\/p>\n<p>Esta extensi\u00f3n de WooCommerce tiene como objetivo simplificar el proceso de extracci\u00f3n de datos de WooCommerce permiti\u00e9ndonos hacer una exportaci\u00f3n muy espec\u00edfica, o una exportaci\u00f3n de todo nuestro sitio de WooCommerce. <span class=\"\">Incluso es posible para nosotros definir extracciones autom\u00e1ticas que ser\u00e1n enviadas por FTP, HTTP POST o incluso por correo electr\u00f3nico.<\/span><\/p>\n<p><span class=\"\">Las tareas de extracci\u00f3n est\u00e1n en el fondo de nuestro sitio WooCommerce.<\/span> <span class=\"\">En otras palabras, esto significa que este proceso no tendr\u00e1 prioridad sobre otros, ofreciendo el m\u00e1ximo rendimiento a sus clientes.<\/span> <span class=\"\">Entonces, aunque tenga miles de l\u00edneas para exportar, no se preocupe, no ralentizar\u00e1 nuestro sitio de comercio electr\u00f3nico.<\/span><\/span><\/p>\n","protected":false},"excerpt":{"rendered":"<p><span id=\"result_box\" class=\"\" lang=\"es\">Este complemento de WooCommerce te permitir\u00e1 realizar exportaciones CSV de pedidos y clientes desde tu sitio de WooCommerce.<\/span><\/p>\n","protected":false},"featured_media":2443,"template":"","meta":{"_monsterinsights_skip_tracking":false,"_monsterinsights_sitenote_active":false,"_monsterinsights_sitenote_note":"","_monsterinsights_sitenote_category":0},"product_cat":[220],"product_tag":[231,244,256],"class_list":["post-2855","product","type-product","status-publish","has-post-thumbnail","hentry","product_cat-plugin-woocommerce-es","product_tag-exportar-importar-comandos-de-woocommerce","product_tag-importar-exportar-clientes-de-woocommerce","product_tag-plugin-export-woocommerce-es","pa_dev-woo-plugin-theme-skyverge-es","pa_marketplace-woocommerce-woocommerce-com-es"],"yoast_head":"<!-- This site is optimized with the Yoast SEO plugin v23.1 - https:\/\/yoast.com\/wordpress\/plugins\/seo\/ -->\n<title>Paypal por Braintree - Sistema de pago - Complemento WooCommerce<\/title>\n<meta name=\"description\" content=\"Complemento oficial de WooCommerce y uso gratuito de la soluci\u00f3n Paypal en la p\u00e1gina de pago de su sitio de comercio electr\u00f3nico WooCommerce a trav\u00e9s de los servicios de Braintree.\" \/>\n<meta name=\"robots\" content=\"index, follow, max-snippet:-1, max-image-preview:large, max-video-preview:-1\" \/>\n<link rel=\"canonical\" href=\"https:\/\/woo-themes-plugins.com\/es\/producto\/woocommerce-customer-order-csv-export-export-orders-clientes-complemento-de-woocommerce\/\" \/>\n<meta property=\"og:locale\" content=\"es_ES\" \/>\n<meta property=\"og:type\" content=\"article\" \/>\n<meta property=\"og:title\" content=\"Paypal por Braintree - Sistema de pago - Complemento WooCommerce\" \/>\n<meta property=\"og:description\" content=\"Complemento oficial de WooCommerce y uso gratuito de la soluci\u00f3n Paypal en la p\u00e1gina de pago de su sitio de comercio electr\u00f3nico WooCommerce a trav\u00e9s de los servicios de Braintree.\" \/>\n<meta property=\"og:url\" content=\"https:\/\/woo-themes-plugins.com\/es\/producto\/woocommerce-customer-order-csv-export-export-orders-clientes-complemento-de-woocommerce\/\" \/>\n<meta property=\"og:site_name\" content=\"Woo-themes-plugins.com\" \/>\n<meta property=\"og:image\" content=\"https:\/\/woo-themes-plugins.com\/wp-content\/uploads\/sites\/7\/2018\/03\/woo-themes-plugins_woocommerce-customer-order-csv-export-plugin-woocommerce.jpg\" \/>\n\t<meta property=\"og:image:width\" content=\"900\" \/>\n\t<meta property=\"og:image:height\" content=\"900\" \/>\n\t<meta property=\"og:image:type\" content=\"image\/jpeg\" \/>\n<meta name=\"twitter:label1\" content=\"Tiempo de lectura\" \/>\n\t<meta name=\"twitter:data1\" content=\"1 minuto\" \/>\n<script type=\"application\/ld+json\" class=\"yoast-schema-graph\">{\"@context\":\"https:\/\/schema.org\",\"@graph\":[{\"@type\":\"WebPage\",\"@id\":\"https:\/\/woo-themes-plugins.com\/es\/producto\/woocommerce-customer-order-csv-export-export-orders-clientes-complemento-de-woocommerce\/\",\"url\":\"https:\/\/woo-themes-plugins.com\/es\/producto\/woocommerce-customer-order-csv-export-export-orders-clientes-complemento-de-woocommerce\/\",\"name\":\"Paypal por Braintree - Sistema de pago - Complemento WooCommerce\",\"isPartOf\":{\"@id\":\"https:\/\/woo-themes-plugins.com\/it\/#website\"},\"primaryImageOfPage\":{\"@id\":\"https:\/\/woo-themes-plugins.com\/es\/producto\/woocommerce-customer-order-csv-export-export-orders-clientes-complemento-de-woocommerce\/#primaryimage\"},\"image\":{\"@id\":\"https:\/\/woo-themes-plugins.com\/es\/producto\/woocommerce-customer-order-csv-export-export-orders-clientes-complemento-de-woocommerce\/#primaryimage\"},\"thumbnailUrl\":\"https:\/\/woo-themes-plugins.com\/wp-content\/uploads\/sites\/7\/2018\/03\/woo-themes-plugins_woocommerce-customer-order-csv-export-plugin-woocommerce.jpg\",\"datePublished\":\"2018-03-26T05:00:37+00:00\",\"dateModified\":\"2018-03-26T05:00:37+00:00\",\"description\":\"Complemento oficial de WooCommerce y uso gratuito de la soluci\u00f3n Paypal en la p\u00e1gina de pago de su sitio de comercio electr\u00f3nico WooCommerce a trav\u00e9s de los servicios de Braintree.\",\"breadcrumb\":{\"@id\":\"https:\/\/woo-themes-plugins.com\/es\/producto\/woocommerce-customer-order-csv-export-export-orders-clientes-complemento-de-woocommerce\/#breadcrumb\"},\"inLanguage\":\"es\",\"potentialAction\":[{\"@type\":\"ReadAction\",\"target\":[\"https:\/\/woo-themes-plugins.com\/es\/producto\/woocommerce-customer-order-csv-export-export-orders-clientes-complemento-de-woocommerce\/\"]}]},{\"@type\":\"ImageObject\",\"inLanguage\":\"es\",\"@id\":\"https:\/\/woo-themes-plugins.com\/es\/producto\/woocommerce-customer-order-csv-export-export-orders-clientes-complemento-de-woocommerce\/#primaryimage\",\"url\":\"https:\/\/woo-themes-plugins.com\/wp-content\/uploads\/sites\/7\/2018\/03\/woo-themes-plugins_woocommerce-customer-order-csv-export-plugin-woocommerce.jpg\",\"contentUrl\":\"https:\/\/woo-themes-plugins.com\/wp-content\/uploads\/sites\/7\/2018\/03\/woo-themes-plugins_woocommerce-customer-order-csv-export-plugin-woocommerce.jpg\",\"width\":900,\"height\":900},{\"@type\":\"BreadcrumbList\",\"@id\":\"https:\/\/woo-themes-plugins.com\/es\/producto\/woocommerce-customer-order-csv-export-export-orders-clientes-complemento-de-woocommerce\/#breadcrumb\",\"itemListElement\":[{\"@type\":\"ListItem\",\"position\":1,\"name\":\"Accueil\",\"item\":\"https:\/\/woo-themes-plugins.com\/fr\/\"},{\"@type\":\"ListItem\",\"position\":2,\"name\":\"Shop\",\"item\":\"https:\/\/woo-themes-plugins.com\/shop\/\"},{\"@type\":\"ListItem\",\"position\":3,\"name\":\"WooCommerce Customer \/ Order CSV Export &#8211; Export Orders &amp; amp; Clientes &#8211; Complemento de WooCommerce\"}]},{\"@type\":\"WebSite\",\"@id\":\"https:\/\/woo-themes-plugins.com\/it\/#website\",\"url\":\"https:\/\/woo-themes-plugins.com\/it\/\",\"name\":\"Woo-themes-plugins.com\",\"description\":\"Tous les th\u00e8mes et plugins WooCommerce Premium\",\"potentialAction\":[{\"@type\":\"SearchAction\",\"target\":{\"@type\":\"EntryPoint\",\"urlTemplate\":\"https:\/\/woo-themes-plugins.com\/it\/?s={search_term_string}\"},\"query-input\":\"required name=search_term_string\"}],\"inLanguage\":\"es\"}]}<\/script>\n<!-- \/ Yoast SEO plugin. -->","yoast_head_json":{"title":"Paypal por Braintree - Sistema de pago - Complemento WooCommerce","description":"Complemento oficial de WooCommerce y uso gratuito de la soluci\u00f3n Paypal en la p\u00e1gina de pago de su sitio de comercio electr\u00f3nico WooCommerce a trav\u00e9s de los servicios de Braintree.","robots":{"index":"index","follow":"follow","max-snippet":"max-snippet:-1","max-image-preview":"max-image-preview:large","max-video-preview":"max-video-preview:-1"},"canonical":"https:\/\/woo-themes-plugins.com\/es\/producto\/woocommerce-customer-order-csv-export-export-orders-clientes-complemento-de-woocommerce\/","og_locale":"es_ES","og_type":"article","og_title":"Paypal por Braintree - Sistema de pago - Complemento WooCommerce","og_description":"Complemento oficial de WooCommerce y uso gratuito de la soluci\u00f3n Paypal en la p\u00e1gina de pago de su sitio de comercio electr\u00f3nico WooCommerce a trav\u00e9s de los servicios de Braintree.","og_url":"https:\/\/woo-themes-plugins.com\/es\/producto\/woocommerce-customer-order-csv-export-export-orders-clientes-complemento-de-woocommerce\/","og_site_name":"Woo-themes-plugins.com","og_image":[{"width":900,"height":900,"url":"https:\/\/woo-themes-plugins.com\/wp-content\/uploads\/sites\/7\/2018\/03\/woo-themes-plugins_woocommerce-customer-order-csv-export-plugin-woocommerce.jpg","type":"image\/jpeg"}],"twitter_misc":{"Tiempo de lectura":"1 minuto"},"schema":{"@context":"https:\/\/schema.org","@graph":[{"@type":"WebPage","@id":"https:\/\/woo-themes-plugins.com\/es\/producto\/woocommerce-customer-order-csv-export-export-orders-clientes-complemento-de-woocommerce\/","url":"https:\/\/woo-themes-plugins.com\/es\/producto\/woocommerce-customer-order-csv-export-export-orders-clientes-complemento-de-woocommerce\/","name":"Paypal por Braintree - Sistema de pago - Complemento WooCommerce","isPartOf":{"@id":"https:\/\/woo-themes-plugins.com\/it\/#website"},"primaryImageOfPage":{"@id":"https:\/\/woo-themes-plugins.com\/es\/producto\/woocommerce-customer-order-csv-export-export-orders-clientes-complemento-de-woocommerce\/#primaryimage"},"image":{"@id":"https:\/\/woo-themes-plugins.com\/es\/producto\/woocommerce-customer-order-csv-export-export-orders-clientes-complemento-de-woocommerce\/#primaryimage"},"thumbnailUrl":"https:\/\/woo-themes-plugins.com\/wp-content\/uploads\/sites\/7\/2018\/03\/woo-themes-plugins_woocommerce-customer-order-csv-export-plugin-woocommerce.jpg","datePublished":"2018-03-26T05:00:37+00:00","dateModified":"2018-03-26T05:00:37+00:00","description":"Complemento oficial de WooCommerce y uso gratuito de la soluci\u00f3n Paypal en la p\u00e1gina de pago de su sitio de comercio electr\u00f3nico WooCommerce a trav\u00e9s de los servicios de Braintree.","breadcrumb":{"@id":"https:\/\/woo-themes-plugins.com\/es\/producto\/woocommerce-customer-order-csv-export-export-orders-clientes-complemento-de-woocommerce\/#breadcrumb"},"inLanguage":"es","potentialAction":[{"@type":"ReadAction","target":["https:\/\/woo-themes-plugins.com\/es\/producto\/woocommerce-customer-order-csv-export-export-orders-clientes-complemento-de-woocommerce\/"]}]},{"@type":"ImageObject","inLanguage":"es","@id":"https:\/\/woo-themes-plugins.com\/es\/producto\/woocommerce-customer-order-csv-export-export-orders-clientes-complemento-de-woocommerce\/#primaryimage","url":"https:\/\/woo-themes-plugins.com\/wp-content\/uploads\/sites\/7\/2018\/03\/woo-themes-plugins_woocommerce-customer-order-csv-export-plugin-woocommerce.jpg","contentUrl":"https:\/\/woo-themes-plugins.com\/wp-content\/uploads\/sites\/7\/2018\/03\/woo-themes-plugins_woocommerce-customer-order-csv-export-plugin-woocommerce.jpg","width":900,"height":900},{"@type":"BreadcrumbList","@id":"https:\/\/woo-themes-plugins.com\/es\/producto\/woocommerce-customer-order-csv-export-export-orders-clientes-complemento-de-woocommerce\/#breadcrumb","itemListElement":[{"@type":"ListItem","position":1,"name":"Accueil","item":"https:\/\/woo-themes-plugins.com\/fr\/"},{"@type":"ListItem","position":2,"name":"Shop","item":"https:\/\/woo-themes-plugins.com\/shop\/"},{"@type":"ListItem","position":3,"name":"WooCommerce Customer \/ Order CSV Export &#8211; Export Orders &amp; amp; Clientes &#8211; Complemento de WooCommerce"}]},{"@type":"WebSite","@id":"https:\/\/woo-themes-plugins.com\/it\/#website","url":"https:\/\/woo-themes-plugins.com\/it\/","name":"Woo-themes-plugins.com","description":"Tous les th\u00e8mes et plugins WooCommerce Premium","potentialAction":[{"@type":"SearchAction","target":{"@type":"EntryPoint","urlTemplate":"https:\/\/woo-themes-plugins.com\/it\/?s={search_term_string}"},"query-input":"required name=search_term_string"}],"inLanguage":"es"}]}},"_links":{"self":[{"href":"https:\/\/woo-themes-plugins.com\/es\/wp-json\/wp\/v2\/product\/2855","targetHints":{"allow":["GET"]}}],"collection":[{"href":"https:\/\/woo-themes-plugins.com\/es\/wp-json\/wp\/v2\/product"}],"about":[{"href":"https:\/\/woo-themes-plugins.com\/es\/wp-json\/wp\/v2\/types\/product"}],"wp:featuredmedia":[{"embeddable":true,"href":"https:\/\/woo-themes-plugins.com\/es\/wp-json\/wp\/v2\/media\/2443"}],"wp:attachment":[{"href":"https:\/\/woo-themes-plugins.com\/es\/wp-json\/wp\/v2\/media?parent=2855"}],"wp:term":[{"taxonomy":"product_cat","embeddable":true,"href":"https:\/\/woo-themes-plugins.com\/es\/wp-json\/wp\/v2\/product_cat?post=2855"},{"taxonomy":"product_tag","embeddable":true,"href":"https:\/\/woo-themes-plugins.com\/es\/wp-json\/wp\/v2\/product_tag?post=2855"}],"curies":[{"name":"wp","href":"https:\/\/api.w.org\/{rel}","templated":true}]}}