{"id":2856,"date":"2018-03-26T05:49:12","date_gmt":"2018-03-26T04:49:12","guid":{"rendered":"https:\/\/woo-themes-plugins.com\/product\/paypal-y-cb-by-braintree-sistema-de-pago-plugin-de-woocommerce\/"},"modified":"2018-03-26T05:49:12","modified_gmt":"2018-03-26T04:49:12","slug":"paypal-y-cb-by-braintree-sistema-de-pago-plugin-de-woocommerce","status":"publish","type":"product","link":"https:\/\/woo-themes-plugins.com\/es\/product\/paypal-y-cb-by-braintree-sistema-de-pago-plugin-de-woocommerce\/","title":{"rendered":"Paypal y CB by Braintree &#8211; Sistema de pago &#8211; Plugin de WooCommerce"},"content":{"rendered":"<p><span id=\"result_box\" class=\"\" lang=\"es\"><span title=\"Ce plugin WooCommerce offre une grande vari\u00e9t\u00e9 de fonctionnalit\u00e9 \u00e0 qui veux utiliser Paypal sur son site WooCommerce.\">Este plugin de WooCommerce ofrece una amplia variedad de funcionalidades para quienes desean usar Paypal en su sitio WooCommerce. <\/span><span title=\"Paypal by Braintree est comme son nom l'indique une solution de paiement te proposant d'inclure Paypal sur ton site.\">Paypal por Braintree es como su nombre indica una soluci\u00f3n de pago que propone incluir Paypal en su sitio. <\/span><span title=\"\u00c9trange non ?\">Extra\u00f1o no? <\/span><span title=\"Apr\u00e8s tout, il est possible de le faire nativement avec WooCommerce, non ?\">Despu\u00e9s de todo, es posible hacerlo de forma nativa con WooCommerce, \u00bfverdad? <\/span><span title=\"En fait... Oui et non.\">De hecho &#8230; S\u00ed y no. <\/span><span title=\"Disons que cette extension WooCommerce va bien plus loin en te permettant d'inclure le paiement par Paypal directement sur ton site, mais aussi des moyens de paiements pour cartes bancaires.\">Digamos que esta extensi\u00f3n de WooCommerce va mucho m\u00e1s lejos ya que le permite incluir el pago por Paypal directamente en su sitio, pero tambi\u00e9n los medios de pago para las tarjetas de cr\u00e9dito. <\/span><span title=\"Fini les clients qui sont renvoy\u00e9s sur le site de Paypal pour payer.\">Termin\u00f3 de pagar a los clientes que se devuelven en el sitio de Paypal. <\/span><span title=\"Avec cette extension, vos clients restent sur votre site WooCommerce.\n\n\">Con esta extensi\u00f3n, sus clientes permanecen en su sitio de WooCommerce.<\/p>\n<p><\/span><span title=\"En plus d'offrir une mise en \u0153uvre d\u00e9concertante de simplicit\u00e9, ce plugin WooCommerce te permettra :\n\n\u00a0\u00a0\u00a0\u00a0\">Adem\u00e1s de ofrecer una implementaci\u00f3n desconcertante de la simplicidad, este complemento de WooCommerce te permitir\u00e1:<\/p>\n<p><\/span><span title=\"Accepter toutes les plus grandes cartes de cr\u00e9dits comme Visa, MasterCard, American Express, Discover, Diner's Club et JCB\n\u00a0\u00a0\u00a0\u00a0\">Acepta todas las tarjetas de cr\u00e9dito principales, como Visa, MasterCard, American Express, Discover, Diners Club y JCB.<br \/>\n<\/span><span title=\"Compatible PCI DSS v3.0 SAQ-A\n\u00a0\u00a0\u00a0\u00a0\">Compatible con PCI DSS v3.0 SAQ-A<br \/>\n<\/span><span title=\"Activation au choix du contr\u00f4le AVS ou CVV\n\u00a0\u00a0\u00a0\u00a0\">Activaci\u00f3n opcional del control AVS o CVV<br \/>\n<\/span><span title=\"Processus de renboursement int\u00e9gr\u00e9 \u00e0 l'interface d'administration de WooCommerce\n\u00a0\u00a0\u00a0\u00a0\">Proceso de reembolso integrado con la interfaz de administraci\u00f3n de WooCommerce<br \/>\n<\/span><span title=\"Compatible avec le plugin de paiement recurrant WooCommerce Subscriptions\n\n\">Compatible con el complemento de pago recurrente Suscripciones de WooCommerce<\/p>\n<p><\/span><span title=\"Une fois le plugin d'install\u00e9 sur ton site, la connexion avec Braintree se fera en un clic sur ton interface d'administration WooCommerce.\">Una vez que el complemento est\u00e9 instalado en su sitio, la conexi\u00f3n con Braintree se realizar\u00e1 con un solo clic en su interfaz de administraci\u00f3n WooCommerce. <\/span><span title=\"Cela activera l'ensemble des fonctionnalit\u00e9s que nous venons de lister.\n\n\">Esto activar\u00e1 todas las caracter\u00edsticas que acabamos de enumerar.<\/p>\n<p><\/span><span title=\"Au fait, si tu es habitu\u00e9 aux autres solutions Paypal, tu vas certainement recherch\u00e9 partout o\u00f9 mettre ta cl\u00e9 secrette.\">Por cierto, si est\u00e1 acostumbrado a otras soluciones Paypal, seguramente buscar\u00e1 en todas partes para poner su clave secreta. <\/span><span title=\"Avec Paypal by Braintree, cela est rendu caduc.\">Con Paypal por Braintree, esto es obsoleto.<\/span><\/span><\/p>\n","protected":false},"excerpt":{"rendered":"<p><span id=\"result_box\" class=\"\" lang=\"es\">WooCommerce le ofrece este complemento gratuito y oficial que le permitir\u00e1 configurar un pago a trav\u00e9s de PayPal directamente en su sitio WooCommerce a trav\u00e9s de los servicios de Braintree.<\/span><\/p>\n","protected":false},"featured_media":2435,"template":"","meta":{"_monsterinsights_skip_tracking":false,"_monsterinsights_sitenote_active":false,"_monsterinsights_sitenote_note":"","_monsterinsights_sitenote_category":0},"product_cat":[220],"product_tag":[232,252,262],"class_list":["post-2856","product","type-product","status-publish","has-post-thumbnail","hentry","product_cat-plugin-woocommerce-es","product_tag-extension-gratuita-de-woocommerce","product_tag-paypal-y-woocommerce","product_tag-solucion-pago-woocommerce","pa_dev-woo-plugin-theme-woocommerce-es","pa_marketplace-woocommerce-woocommerce-com-es"],"yoast_head":"<!-- This site is optimized with the Yoast SEO plugin v23.1 - https:\/\/yoast.com\/wordpress\/plugins\/seo\/ -->\n<title>Paypal por Braintree - Sistema de pago - Complemento WooCommerce<\/title>\n<meta name=\"description\" content=\"Complemento oficial de WooCommerce y uso gratuito de la soluci\u00f3n Paypal en la p\u00e1gina de pago de su sitio de comercio electr\u00f3nico WooCommerce a trav\u00e9s de los servicios de Braintree.\" \/>\n<meta name=\"robots\" content=\"index, follow, max-snippet:-1, max-image-preview:large, max-video-preview:-1\" \/>\n<link rel=\"canonical\" href=\"https:\/\/woo-themes-plugins.com\/es\/producto\/paypal-y-cb-by-braintree-sistema-de-pago-plugin-de-woocommerce\/\" \/>\n<meta property=\"og:locale\" content=\"es_ES\" \/>\n<meta property=\"og:type\" content=\"article\" \/>\n<meta property=\"og:title\" content=\"Paypal por Braintree - Sistema de pago - Complemento WooCommerce\" \/>\n<meta property=\"og:description\" content=\"Complemento oficial de WooCommerce y uso gratuito de la soluci\u00f3n Paypal en la p\u00e1gina de pago de su sitio de comercio electr\u00f3nico WooCommerce a trav\u00e9s de los servicios de Braintree.\" \/>\n<meta property=\"og:url\" content=\"https:\/\/woo-themes-plugins.com\/es\/producto\/paypal-y-cb-by-braintree-sistema-de-pago-plugin-de-woocommerce\/\" \/>\n<meta property=\"og:site_name\" content=\"Woo-themes-plugins.com\" \/>\n<meta property=\"og:image\" content=\"https:\/\/woo-themes-plugins.com\/wp-content\/uploads\/sites\/7\/2018\/03\/woo-themes-plugins_woocommerce-paypal-cb-braintree.jpg\" \/>\n\t<meta property=\"og:image:width\" content=\"900\" \/>\n\t<meta property=\"og:image:height\" content=\"900\" \/>\n\t<meta property=\"og:image:type\" content=\"image\/jpeg\" \/>\n<meta name=\"twitter:label1\" content=\"Tiempo de lectura\" \/>\n\t<meta name=\"twitter:data1\" content=\"1 minuto\" \/>\n<script type=\"application\/ld+json\" class=\"yoast-schema-graph\">{\"@context\":\"https:\/\/schema.org\",\"@graph\":[{\"@type\":\"WebPage\",\"@id\":\"https:\/\/woo-themes-plugins.com\/es\/producto\/paypal-y-cb-by-braintree-sistema-de-pago-plugin-de-woocommerce\/\",\"url\":\"https:\/\/woo-themes-plugins.com\/es\/producto\/paypal-y-cb-by-braintree-sistema-de-pago-plugin-de-woocommerce\/\",\"name\":\"Paypal por Braintree - Sistema de pago - Complemento WooCommerce\",\"isPartOf\":{\"@id\":\"https:\/\/woo-themes-plugins.com\/it\/#website\"},\"primaryImageOfPage\":{\"@id\":\"https:\/\/woo-themes-plugins.com\/es\/producto\/paypal-y-cb-by-braintree-sistema-de-pago-plugin-de-woocommerce\/#primaryimage\"},\"image\":{\"@id\":\"https:\/\/woo-themes-plugins.com\/es\/producto\/paypal-y-cb-by-braintree-sistema-de-pago-plugin-de-woocommerce\/#primaryimage\"},\"thumbnailUrl\":\"https:\/\/woo-themes-plugins.com\/wp-content\/uploads\/sites\/7\/2018\/03\/woo-themes-plugins_woocommerce-paypal-cb-braintree.jpg\",\"datePublished\":\"2018-03-26T04:49:12+00:00\",\"dateModified\":\"2018-03-26T04:49:12+00:00\",\"description\":\"Complemento oficial de WooCommerce y uso gratuito de la soluci\u00f3n Paypal en la p\u00e1gina de pago de su sitio de comercio electr\u00f3nico WooCommerce a trav\u00e9s de los servicios de Braintree.\",\"breadcrumb\":{\"@id\":\"https:\/\/woo-themes-plugins.com\/es\/producto\/paypal-y-cb-by-braintree-sistema-de-pago-plugin-de-woocommerce\/#breadcrumb\"},\"inLanguage\":\"es\",\"potentialAction\":[{\"@type\":\"ReadAction\",\"target\":[\"https:\/\/woo-themes-plugins.com\/es\/producto\/paypal-y-cb-by-braintree-sistema-de-pago-plugin-de-woocommerce\/\"]}]},{\"@type\":\"ImageObject\",\"inLanguage\":\"es\",\"@id\":\"https:\/\/woo-themes-plugins.com\/es\/producto\/paypal-y-cb-by-braintree-sistema-de-pago-plugin-de-woocommerce\/#primaryimage\",\"url\":\"https:\/\/woo-themes-plugins.com\/wp-content\/uploads\/sites\/7\/2018\/03\/woo-themes-plugins_woocommerce-paypal-cb-braintree.jpg\",\"contentUrl\":\"https:\/\/woo-themes-plugins.com\/wp-content\/uploads\/sites\/7\/2018\/03\/woo-themes-plugins_woocommerce-paypal-cb-braintree.jpg\",\"width\":900,\"height\":900},{\"@type\":\"BreadcrumbList\",\"@id\":\"https:\/\/woo-themes-plugins.com\/es\/producto\/paypal-y-cb-by-braintree-sistema-de-pago-plugin-de-woocommerce\/#breadcrumb\",\"itemListElement\":[{\"@type\":\"ListItem\",\"position\":1,\"name\":\"Accueil\",\"item\":\"https:\/\/woo-themes-plugins.com\/fr\/\"},{\"@type\":\"ListItem\",\"position\":2,\"name\":\"Shop\",\"item\":\"https:\/\/woo-themes-plugins.com\/shop\/\"},{\"@type\":\"ListItem\",\"position\":3,\"name\":\"Paypal y CB by Braintree &#8211; Sistema de pago &#8211; Plugin de WooCommerce\"}]},{\"@type\":\"WebSite\",\"@id\":\"https:\/\/woo-themes-plugins.com\/it\/#website\",\"url\":\"https:\/\/woo-themes-plugins.com\/it\/\",\"name\":\"Woo-themes-plugins.com\",\"description\":\"Tous les th\u00e8mes et plugins WooCommerce Premium\",\"potentialAction\":[{\"@type\":\"SearchAction\",\"target\":{\"@type\":\"EntryPoint\",\"urlTemplate\":\"https:\/\/woo-themes-plugins.com\/it\/?s={search_term_string}\"},\"query-input\":\"required name=search_term_string\"}],\"inLanguage\":\"es\"}]}<\/script>\n<!-- \/ Yoast SEO plugin. -->","yoast_head_json":{"title":"Paypal por Braintree - Sistema de pago - Complemento WooCommerce","description":"Complemento oficial de WooCommerce y uso gratuito de la soluci\u00f3n Paypal en la p\u00e1gina de pago de su sitio de comercio electr\u00f3nico WooCommerce a trav\u00e9s de los servicios de Braintree.","robots":{"index":"index","follow":"follow","max-snippet":"max-snippet:-1","max-image-preview":"max-image-preview:large","max-video-preview":"max-video-preview:-1"},"canonical":"https:\/\/woo-themes-plugins.com\/es\/producto\/paypal-y-cb-by-braintree-sistema-de-pago-plugin-de-woocommerce\/","og_locale":"es_ES","og_type":"article","og_title":"Paypal por Braintree - Sistema de pago - Complemento WooCommerce","og_description":"Complemento oficial de WooCommerce y uso gratuito de la soluci\u00f3n Paypal en la p\u00e1gina de pago de su sitio de comercio electr\u00f3nico WooCommerce a trav\u00e9s de los servicios de Braintree.","og_url":"https:\/\/woo-themes-plugins.com\/es\/producto\/paypal-y-cb-by-braintree-sistema-de-pago-plugin-de-woocommerce\/","og_site_name":"Woo-themes-plugins.com","og_image":[{"width":900,"height":900,"url":"https:\/\/woo-themes-plugins.com\/wp-content\/uploads\/sites\/7\/2018\/03\/woo-themes-plugins_woocommerce-paypal-cb-braintree.jpg","type":"image\/jpeg"}],"twitter_misc":{"Tiempo de lectura":"1 minuto"},"schema":{"@context":"https:\/\/schema.org","@graph":[{"@type":"WebPage","@id":"https:\/\/woo-themes-plugins.com\/es\/producto\/paypal-y-cb-by-braintree-sistema-de-pago-plugin-de-woocommerce\/","url":"https:\/\/woo-themes-plugins.com\/es\/producto\/paypal-y-cb-by-braintree-sistema-de-pago-plugin-de-woocommerce\/","name":"Paypal por Braintree - Sistema de pago - Complemento WooCommerce","isPartOf":{"@id":"https:\/\/woo-themes-plugins.com\/it\/#website"},"primaryImageOfPage":{"@id":"https:\/\/woo-themes-plugins.com\/es\/producto\/paypal-y-cb-by-braintree-sistema-de-pago-plugin-de-woocommerce\/#primaryimage"},"image":{"@id":"https:\/\/woo-themes-plugins.com\/es\/producto\/paypal-y-cb-by-braintree-sistema-de-pago-plugin-de-woocommerce\/#primaryimage"},"thumbnailUrl":"https:\/\/woo-themes-plugins.com\/wp-content\/uploads\/sites\/7\/2018\/03\/woo-themes-plugins_woocommerce-paypal-cb-braintree.jpg","datePublished":"2018-03-26T04:49:12+00:00","dateModified":"2018-03-26T04:49:12+00:00","description":"Complemento oficial de WooCommerce y uso gratuito de la soluci\u00f3n Paypal en la p\u00e1gina de pago de su sitio de comercio electr\u00f3nico WooCommerce a trav\u00e9s de los servicios de Braintree.","breadcrumb":{"@id":"https:\/\/woo-themes-plugins.com\/es\/producto\/paypal-y-cb-by-braintree-sistema-de-pago-plugin-de-woocommerce\/#breadcrumb"},"inLanguage":"es","potentialAction":[{"@type":"ReadAction","target":["https:\/\/woo-themes-plugins.com\/es\/producto\/paypal-y-cb-by-braintree-sistema-de-pago-plugin-de-woocommerce\/"]}]},{"@type":"ImageObject","inLanguage":"es","@id":"https:\/\/woo-themes-plugins.com\/es\/producto\/paypal-y-cb-by-braintree-sistema-de-pago-plugin-de-woocommerce\/#primaryimage","url":"https:\/\/woo-themes-plugins.com\/wp-content\/uploads\/sites\/7\/2018\/03\/woo-themes-plugins_woocommerce-paypal-cb-braintree.jpg","contentUrl":"https:\/\/woo-themes-plugins.com\/wp-content\/uploads\/sites\/7\/2018\/03\/woo-themes-plugins_woocommerce-paypal-cb-braintree.jpg","width":900,"height":900},{"@type":"BreadcrumbList","@id":"https:\/\/woo-themes-plugins.com\/es\/producto\/paypal-y-cb-by-braintree-sistema-de-pago-plugin-de-woocommerce\/#breadcrumb","itemListElement":[{"@type":"ListItem","position":1,"name":"Accueil","item":"https:\/\/woo-themes-plugins.com\/fr\/"},{"@type":"ListItem","position":2,"name":"Shop","item":"https:\/\/woo-themes-plugins.com\/shop\/"},{"@type":"ListItem","position":3,"name":"Paypal y CB by Braintree &#8211; Sistema de pago &#8211; Plugin de WooCommerce"}]},{"@type":"WebSite","@id":"https:\/\/woo-themes-plugins.com\/it\/#website","url":"https:\/\/woo-themes-plugins.com\/it\/","name":"Woo-themes-plugins.com","description":"Tous les th\u00e8mes et plugins WooCommerce Premium","potentialAction":[{"@type":"SearchAction","target":{"@type":"EntryPoint","urlTemplate":"https:\/\/woo-themes-plugins.com\/it\/?s={search_term_string}"},"query-input":"required name=search_term_string"}],"inLanguage":"es"}]}},"_links":{"self":[{"href":"https:\/\/woo-themes-plugins.com\/es\/wp-json\/wp\/v2\/product\/2856","targetHints":{"allow":["GET"]}}],"collection":[{"href":"https:\/\/woo-themes-plugins.com\/es\/wp-json\/wp\/v2\/product"}],"about":[{"href":"https:\/\/woo-themes-plugins.com\/es\/wp-json\/wp\/v2\/types\/product"}],"wp:featuredmedia":[{"embeddable":true,"href":"https:\/\/woo-themes-plugins.com\/es\/wp-json\/wp\/v2\/media\/2435"}],"wp:attachment":[{"href":"https:\/\/woo-themes-plugins.com\/es\/wp-json\/wp\/v2\/media?parent=2856"}],"wp:term":[{"taxonomy":"product_cat","embeddable":true,"href":"https:\/\/woo-themes-plugins.com\/es\/wp-json\/wp\/v2\/product_cat?post=2856"},{"taxonomy":"product_tag","embeddable":true,"href":"https:\/\/woo-themes-plugins.com\/es\/wp-json\/wp\/v2\/product_tag?post=2856"}],"curies":[{"name":"wp","href":"https:\/\/api.w.org\/{rel}","templated":true}]}}