{"id":2857,"date":"2018-03-26T05:44:16","date_gmt":"2018-03-26T04:44:16","guid":{"rendered":"https:\/\/woo-themes-plugins.com\/product\/pasarela-de-pago-payfast-solucion-de-pago-woocommerce-complemento-woocommerce\/"},"modified":"2018-03-26T05:44:16","modified_gmt":"2018-03-26T04:44:16","slug":"pasarela-de-pago-payfast-solucion-de-pago-woocommerce-complemento-woocommerce","status":"publish","type":"product","link":"https:\/\/woo-themes-plugins.com\/es\/product\/pasarela-de-pago-payfast-solucion-de-pago-woocommerce-complemento-woocommerce\/","title":{"rendered":"Pasarela de pago PayFast &#8211; Soluci\u00f3n de pago WooCommerce &#8211; Complemento WooCommerce"},"content":{"rendered":"<p><span id=\"result_box\" class=\"\" lang=\"es\">Payfast es una de las soluciones existentes en WooCommerce para introducir un concepto de pago flexible en su sitio web de comercio electr\u00f3nico. Por flexibilidad escuchamos que este complemento de WooCommerce le permitir\u00e1 aceptar pagos de tipos de suscripci\u00f3n, dep\u00f3sito de dep\u00f3sito o en modo de preorden. Para informaci\u00f3n, PayFast es un banco sudafricano.<\/p>\n<p>Si est\u00e1 buscando un complemento que le permita configurar suscripciones en su sitio WooCommerce, le recomiendo que descubra la suscripci\u00f3n a WooCommerce.<\/span><\/p>\n","protected":false},"excerpt":{"rendered":"<p><span id=\"result_box\" class=\"\" lang=\"es\">WooCommerce le ofrece este complemento oficial que le permitir\u00e1 configurar la soluci\u00f3n de pago PayFast Payment Gateway directamente en su sitio web eCommerce WooCommerce.<\/span><\/p>\n","protected":false},"featured_media":2427,"template":"","meta":{"_monsterinsights_skip_tracking":false,"_monsterinsights_sitenote_active":false,"_monsterinsights_sitenote_note":"","_monsterinsights_sitenote_category":0},"product_cat":[220],"product_tag":[232,262],"class_list":["post-2857","product","type-product","status-publish","has-post-thumbnail","hentry","product_cat-plugin-woocommerce-es","product_tag-extension-gratuita-de-woocommerce","product_tag-solucion-pago-woocommerce","pa_dev-woo-plugin-theme-woocommerce-es","pa_marketplace-woocommerce-woocommerce-com-es"],"yoast_head":"<!-- This site is optimized with the Yoast SEO plugin v23.1 - https:\/\/yoast.com\/wordpress\/plugins\/seo\/ -->\n<title>PayFast Payment Gateway - Soluci\u00f3n de pago WooCommerce<\/title>\n<meta name=\"description\" content=\"Complemento oficial de WooCommerce para la administraci\u00f3n de la soluci\u00f3n de pago Payfast.\" \/>\n<meta name=\"robots\" content=\"index, follow, max-snippet:-1, max-image-preview:large, max-video-preview:-1\" \/>\n<link rel=\"canonical\" href=\"https:\/\/woo-themes-plugins.com\/es\/producto\/pasarela-de-pago-payfast-solucion-de-pago-woocommerce-complemento-woocommerce\/\" \/>\n<meta property=\"og:locale\" content=\"es_ES\" \/>\n<meta property=\"og:type\" content=\"article\" \/>\n<meta property=\"og:title\" content=\"PayFast Payment Gateway - Soluci\u00f3n de pago WooCommerce\" \/>\n<meta property=\"og:description\" content=\"Complemento oficial de WooCommerce para la administraci\u00f3n de la soluci\u00f3n de pago Payfast.\" \/>\n<meta property=\"og:url\" content=\"https:\/\/woo-themes-plugins.com\/es\/producto\/pasarela-de-pago-payfast-solucion-de-pago-woocommerce-complemento-woocommerce\/\" \/>\n<meta property=\"og:site_name\" content=\"Woo-themes-plugins.com\" \/>\n<meta property=\"og:image\" content=\"https:\/\/woo-themes-plugins.com\/wp-content\/uploads\/sites\/7\/2018\/03\/woo-themes-plugins_woocommerce-fast-paiement-gateway-1.jpg\" \/>\n\t<meta property=\"og:image:width\" content=\"900\" \/>\n\t<meta property=\"og:image:height\" content=\"900\" \/>\n\t<meta property=\"og:image:type\" content=\"image\/jpeg\" \/>\n<script type=\"application\/ld+json\" class=\"yoast-schema-graph\">{\"@context\":\"https:\/\/schema.org\",\"@graph\":[{\"@type\":\"WebPage\",\"@id\":\"https:\/\/woo-themes-plugins.com\/es\/producto\/pasarela-de-pago-payfast-solucion-de-pago-woocommerce-complemento-woocommerce\/\",\"url\":\"https:\/\/woo-themes-plugins.com\/es\/producto\/pasarela-de-pago-payfast-solucion-de-pago-woocommerce-complemento-woocommerce\/\",\"name\":\"PayFast Payment Gateway - Soluci\u00f3n de pago WooCommerce\",\"isPartOf\":{\"@id\":\"https:\/\/woo-themes-plugins.com\/it\/#website\"},\"primaryImageOfPage\":{\"@id\":\"https:\/\/woo-themes-plugins.com\/es\/producto\/pasarela-de-pago-payfast-solucion-de-pago-woocommerce-complemento-woocommerce\/#primaryimage\"},\"image\":{\"@id\":\"https:\/\/woo-themes-plugins.com\/es\/producto\/pasarela-de-pago-payfast-solucion-de-pago-woocommerce-complemento-woocommerce\/#primaryimage\"},\"thumbnailUrl\":\"https:\/\/woo-themes-plugins.com\/wp-content\/uploads\/sites\/7\/2018\/03\/woo-themes-plugins_woocommerce-fast-paiement-gateway-1.jpg\",\"datePublished\":\"2018-03-26T04:44:16+00:00\",\"dateModified\":\"2018-03-26T04:44:16+00:00\",\"description\":\"Complemento oficial de WooCommerce para la administraci\u00f3n de la soluci\u00f3n de pago Payfast.\",\"breadcrumb\":{\"@id\":\"https:\/\/woo-themes-plugins.com\/es\/producto\/pasarela-de-pago-payfast-solucion-de-pago-woocommerce-complemento-woocommerce\/#breadcrumb\"},\"inLanguage\":\"es\",\"potentialAction\":[{\"@type\":\"ReadAction\",\"target\":[\"https:\/\/woo-themes-plugins.com\/es\/producto\/pasarela-de-pago-payfast-solucion-de-pago-woocommerce-complemento-woocommerce\/\"]}]},{\"@type\":\"ImageObject\",\"inLanguage\":\"es\",\"@id\":\"https:\/\/woo-themes-plugins.com\/es\/producto\/pasarela-de-pago-payfast-solucion-de-pago-woocommerce-complemento-woocommerce\/#primaryimage\",\"url\":\"https:\/\/woo-themes-plugins.com\/wp-content\/uploads\/sites\/7\/2018\/03\/woo-themes-plugins_woocommerce-fast-paiement-gateway-1.jpg\",\"contentUrl\":\"https:\/\/woo-themes-plugins.com\/wp-content\/uploads\/sites\/7\/2018\/03\/woo-themes-plugins_woocommerce-fast-paiement-gateway-1.jpg\",\"width\":900,\"height\":900},{\"@type\":\"BreadcrumbList\",\"@id\":\"https:\/\/woo-themes-plugins.com\/es\/producto\/pasarela-de-pago-payfast-solucion-de-pago-woocommerce-complemento-woocommerce\/#breadcrumb\",\"itemListElement\":[{\"@type\":\"ListItem\",\"position\":1,\"name\":\"Accueil\",\"item\":\"https:\/\/woo-themes-plugins.com\/fr\/\"},{\"@type\":\"ListItem\",\"position\":2,\"name\":\"Shop\",\"item\":\"https:\/\/woo-themes-plugins.com\/shop\/\"},{\"@type\":\"ListItem\",\"position\":3,\"name\":\"Pasarela de pago PayFast &#8211; Soluci\u00f3n de pago WooCommerce &#8211; Complemento WooCommerce\"}]},{\"@type\":\"WebSite\",\"@id\":\"https:\/\/woo-themes-plugins.com\/it\/#website\",\"url\":\"https:\/\/woo-themes-plugins.com\/it\/\",\"name\":\"Woo-themes-plugins.com\",\"description\":\"Tous les th\u00e8mes et plugins WooCommerce Premium\",\"potentialAction\":[{\"@type\":\"SearchAction\",\"target\":{\"@type\":\"EntryPoint\",\"urlTemplate\":\"https:\/\/woo-themes-plugins.com\/it\/?s={search_term_string}\"},\"query-input\":\"required name=search_term_string\"}],\"inLanguage\":\"es\"}]}<\/script>\n<!-- \/ Yoast SEO plugin. -->","yoast_head_json":{"title":"PayFast Payment Gateway - Soluci\u00f3n de pago WooCommerce","description":"Complemento oficial de WooCommerce para la administraci\u00f3n de la soluci\u00f3n de pago Payfast.","robots":{"index":"index","follow":"follow","max-snippet":"max-snippet:-1","max-image-preview":"max-image-preview:large","max-video-preview":"max-video-preview:-1"},"canonical":"https:\/\/woo-themes-plugins.com\/es\/producto\/pasarela-de-pago-payfast-solucion-de-pago-woocommerce-complemento-woocommerce\/","og_locale":"es_ES","og_type":"article","og_title":"PayFast Payment Gateway - Soluci\u00f3n de pago WooCommerce","og_description":"Complemento oficial de WooCommerce para la administraci\u00f3n de la soluci\u00f3n de pago Payfast.","og_url":"https:\/\/woo-themes-plugins.com\/es\/producto\/pasarela-de-pago-payfast-solucion-de-pago-woocommerce-complemento-woocommerce\/","og_site_name":"Woo-themes-plugins.com","og_image":[{"width":900,"height":900,"url":"https:\/\/woo-themes-plugins.com\/wp-content\/uploads\/sites\/7\/2018\/03\/woo-themes-plugins_woocommerce-fast-paiement-gateway-1.jpg","type":"image\/jpeg"}],"schema":{"@context":"https:\/\/schema.org","@graph":[{"@type":"WebPage","@id":"https:\/\/woo-themes-plugins.com\/es\/producto\/pasarela-de-pago-payfast-solucion-de-pago-woocommerce-complemento-woocommerce\/","url":"https:\/\/woo-themes-plugins.com\/es\/producto\/pasarela-de-pago-payfast-solucion-de-pago-woocommerce-complemento-woocommerce\/","name":"PayFast Payment Gateway - Soluci\u00f3n de pago WooCommerce","isPartOf":{"@id":"https:\/\/woo-themes-plugins.com\/it\/#website"},"primaryImageOfPage":{"@id":"https:\/\/woo-themes-plugins.com\/es\/producto\/pasarela-de-pago-payfast-solucion-de-pago-woocommerce-complemento-woocommerce\/#primaryimage"},"image":{"@id":"https:\/\/woo-themes-plugins.com\/es\/producto\/pasarela-de-pago-payfast-solucion-de-pago-woocommerce-complemento-woocommerce\/#primaryimage"},"thumbnailUrl":"https:\/\/woo-themes-plugins.com\/wp-content\/uploads\/sites\/7\/2018\/03\/woo-themes-plugins_woocommerce-fast-paiement-gateway-1.jpg","datePublished":"2018-03-26T04:44:16+00:00","dateModified":"2018-03-26T04:44:16+00:00","description":"Complemento oficial de WooCommerce para la administraci\u00f3n de la soluci\u00f3n de pago Payfast.","breadcrumb":{"@id":"https:\/\/woo-themes-plugins.com\/es\/producto\/pasarela-de-pago-payfast-solucion-de-pago-woocommerce-complemento-woocommerce\/#breadcrumb"},"inLanguage":"es","potentialAction":[{"@type":"ReadAction","target":["https:\/\/woo-themes-plugins.com\/es\/producto\/pasarela-de-pago-payfast-solucion-de-pago-woocommerce-complemento-woocommerce\/"]}]},{"@type":"ImageObject","inLanguage":"es","@id":"https:\/\/woo-themes-plugins.com\/es\/producto\/pasarela-de-pago-payfast-solucion-de-pago-woocommerce-complemento-woocommerce\/#primaryimage","url":"https:\/\/woo-themes-plugins.com\/wp-content\/uploads\/sites\/7\/2018\/03\/woo-themes-plugins_woocommerce-fast-paiement-gateway-1.jpg","contentUrl":"https:\/\/woo-themes-plugins.com\/wp-content\/uploads\/sites\/7\/2018\/03\/woo-themes-plugins_woocommerce-fast-paiement-gateway-1.jpg","width":900,"height":900},{"@type":"BreadcrumbList","@id":"https:\/\/woo-themes-plugins.com\/es\/producto\/pasarela-de-pago-payfast-solucion-de-pago-woocommerce-complemento-woocommerce\/#breadcrumb","itemListElement":[{"@type":"ListItem","position":1,"name":"Accueil","item":"https:\/\/woo-themes-plugins.com\/fr\/"},{"@type":"ListItem","position":2,"name":"Shop","item":"https:\/\/woo-themes-plugins.com\/shop\/"},{"@type":"ListItem","position":3,"name":"Pasarela de pago PayFast &#8211; Soluci\u00f3n de pago WooCommerce &#8211; Complemento WooCommerce"}]},{"@type":"WebSite","@id":"https:\/\/woo-themes-plugins.com\/it\/#website","url":"https:\/\/woo-themes-plugins.com\/it\/","name":"Woo-themes-plugins.com","description":"Tous les th\u00e8mes et plugins WooCommerce Premium","potentialAction":[{"@type":"SearchAction","target":{"@type":"EntryPoint","urlTemplate":"https:\/\/woo-themes-plugins.com\/it\/?s={search_term_string}"},"query-input":"required name=search_term_string"}],"inLanguage":"es"}]}},"_links":{"self":[{"href":"https:\/\/woo-themes-plugins.com\/es\/wp-json\/wp\/v2\/product\/2857","targetHints":{"allow":["GET"]}}],"collection":[{"href":"https:\/\/woo-themes-plugins.com\/es\/wp-json\/wp\/v2\/product"}],"about":[{"href":"https:\/\/woo-themes-plugins.com\/es\/wp-json\/wp\/v2\/types\/product"}],"wp:featuredmedia":[{"embeddable":true,"href":"https:\/\/woo-themes-plugins.com\/es\/wp-json\/wp\/v2\/media\/2427"}],"wp:attachment":[{"href":"https:\/\/woo-themes-plugins.com\/es\/wp-json\/wp\/v2\/media?parent=2857"}],"wp:term":[{"taxonomy":"product_cat","embeddable":true,"href":"https:\/\/woo-themes-plugins.com\/es\/wp-json\/wp\/v2\/product_cat?post=2857"},{"taxonomy":"product_tag","embeddable":true,"href":"https:\/\/woo-themes-plugins.com\/es\/wp-json\/wp\/v2\/product_tag?post=2857"}],"curies":[{"name":"wp","href":"https:\/\/api.w.org\/{rel}","templated":true}]}}