{"id":2858,"date":"2018-03-26T05:37:50","date_gmt":"2018-03-26T04:37:50","guid":{"rendered":"https:\/\/woo-themes-plugins.com\/product\/woocommerce-google-analytics-estadisticas-y-analytics-plugin-de-woocommerce\/"},"modified":"2018-03-26T05:37:50","modified_gmt":"2018-03-26T04:37:50","slug":"woocommerce-google-analytics-estadisticas-y-analytics-plugin-de-woocommerce","status":"publish","type":"product","link":"https:\/\/woo-themes-plugins.com\/es\/product\/woocommerce-google-analytics-estadisticas-y-analytics-plugin-de-woocommerce\/","title":{"rendered":"WooCommerce Google Analytics &#8211; Estad\u00edsticas y Analytics &#8211; Plugin de WooCommerce"},"content":{"rendered":"<p><span id=\"result_box\" class=\"\" lang=\"es\">Obtenga acceso gratuito a los datos maestros de Google Analytics con esta extensi\u00f3n de WooCommerce.<\/p>\n<p>Con esta extensi\u00f3n gratuita de Google Analytics WooCommerce, podr\u00e1 conocer los canales que le brindan clientes, como motores de b\u00fasqueda o sitios de referencia, por ejemplo. Esto le permitir\u00e1 enfocarse en aquellos que le reportan la mayor cantidad de visitantes. Pero eso, por supuesto, no se detiene all\u00ed. <span class=\"\">Despu\u00e9s de todo, estamos hablando de WooCommerce, por lo que podr\u00e1 descubrir los lugares en su sitio que le hacen perder la mayor cantidad de dinero.<\/span> Esto ser\u00e1 posible mediante el an\u00e1lisis del flujo de usuarios de sus p\u00e1ginas de productos a sus p\u00e1ginas de pago. <span class=\"\">Para comprender a\u00fan m\u00e1s a sus clientes, podr\u00e1 verificar los ingresos generados por los canales o determinar qu\u00e9 buscan los clientes en su sitio.<\/span><\/p>\n<p><span class=\"\">Una extensi\u00f3n gratuita para WooCommerce que es claramente parte de las extensiones esenciales de WooCommerce.<\/span><\/span><\/p>\n","protected":false},"excerpt":{"rendered":"<p><span id=\"result_box\" class=\"\" lang=\"es\">El complemento gratuito Google Analytics WooCommerce es ofrecido por los desarrolladores de WooCommerce. Este complemento le permitir\u00e1 configurar el seguimiento de Google Analytics en su sitio eCommerce WooCommerce. Perfecto para aprender todo sobre eCommerce directamente en sus informes de Google Analytics.<\/span><\/p>\n","protected":false},"featured_media":2411,"template":"","meta":{"_monsterinsights_skip_tracking":false,"_monsterinsights_sitenote_active":false,"_monsterinsights_sitenote_note":"","_monsterinsights_sitenote_category":0},"product_cat":[220],"product_tag":[239,232,242],"class_list":["post-2858","product","type-product","status-publish","has-post-thumbnail","hentry","product_cat-plugin-woocommerce-es","product_tag-complemento-de-google-analytics-woocommerce","product_tag-extension-gratuita-de-woocommerce","product_tag-woocommerce-indispensable","pa_dev-woo-plugin-theme-woocommerce-es","pa_marketplace-woocommerce-woocommerce-com-es"],"yoast_head":"<!-- This site is optimized with the Yoast SEO plugin v23.1 - https:\/\/yoast.com\/wordpress\/plugins\/seo\/ -->\n<title>WooCommerce Google Analytics - Estad\u00edsticas y an\u00e1lisis - Complemento<\/title>\n<meta name=\"description\" content=\"\u00bfNecesitas configurar Google Analytics en tu sitio de WooCommerce? WooCommerce Google Analytics, gratis, es el complemento desarrollado por el mismo equipo que WooCommerce. Solo tiene que instalar Google Analytics WooCommerce y ver sus ventas en Google Analytics directamente.\" \/>\n<meta name=\"robots\" content=\"index, follow, max-snippet:-1, max-image-preview:large, max-video-preview:-1\" \/>\n<link rel=\"canonical\" href=\"https:\/\/woo-themes-plugins.com\/es\/producto\/woocommerce-google-analytics-estadisticas-y-analytics-plugin-de-woocommerce\/\" \/>\n<meta property=\"og:locale\" content=\"es_ES\" \/>\n<meta property=\"og:type\" content=\"article\" \/>\n<meta property=\"og:title\" content=\"WooCommerce Google Analytics - Estad\u00edsticas y an\u00e1lisis - Complemento\" \/>\n<meta property=\"og:description\" content=\"\u00bfNecesitas configurar Google Analytics en tu sitio de WooCommerce? WooCommerce Google Analytics, gratis, es el complemento desarrollado por el mismo equipo que WooCommerce. Solo tiene que instalar Google Analytics WooCommerce y ver sus ventas en Google Analytics directamente.\" \/>\n<meta property=\"og:url\" content=\"https:\/\/woo-themes-plugins.com\/es\/producto\/woocommerce-google-analytics-estadisticas-y-analytics-plugin-de-woocommerce\/\" \/>\n<meta property=\"og:site_name\" content=\"Woo-themes-plugins.com\" \/>\n<meta property=\"og:image\" content=\"https:\/\/woo-themes-plugins.com\/wp-content\/uploads\/sites\/7\/2018\/03\/woo-themes-plugins_woocommerce-google-analytics.jpg\" \/>\n\t<meta property=\"og:image:width\" content=\"900\" \/>\n\t<meta property=\"og:image:height\" content=\"900\" \/>\n\t<meta property=\"og:image:type\" content=\"image\/jpeg\" \/>\n<meta name=\"twitter:label1\" content=\"Tiempo de lectura\" \/>\n\t<meta name=\"twitter:data1\" content=\"1 minuto\" \/>\n<script type=\"application\/ld+json\" class=\"yoast-schema-graph\">{\"@context\":\"https:\/\/schema.org\",\"@graph\":[{\"@type\":\"WebPage\",\"@id\":\"https:\/\/woo-themes-plugins.com\/es\/producto\/woocommerce-google-analytics-estadisticas-y-analytics-plugin-de-woocommerce\/\",\"url\":\"https:\/\/woo-themes-plugins.com\/es\/producto\/woocommerce-google-analytics-estadisticas-y-analytics-plugin-de-woocommerce\/\",\"name\":\"WooCommerce Google Analytics - Estad\u00edsticas y an\u00e1lisis - Complemento\",\"isPartOf\":{\"@id\":\"https:\/\/woo-themes-plugins.com\/it\/#website\"},\"primaryImageOfPage\":{\"@id\":\"https:\/\/woo-themes-plugins.com\/es\/producto\/woocommerce-google-analytics-estadisticas-y-analytics-plugin-de-woocommerce\/#primaryimage\"},\"image\":{\"@id\":\"https:\/\/woo-themes-plugins.com\/es\/producto\/woocommerce-google-analytics-estadisticas-y-analytics-plugin-de-woocommerce\/#primaryimage\"},\"thumbnailUrl\":\"https:\/\/woo-themes-plugins.com\/wp-content\/uploads\/sites\/7\/2018\/03\/woo-themes-plugins_woocommerce-google-analytics.jpg\",\"datePublished\":\"2018-03-26T04:37:50+00:00\",\"dateModified\":\"2018-03-26T04:37:50+00:00\",\"description\":\"\u00bfNecesitas configurar Google Analytics en tu sitio de WooCommerce? WooCommerce Google Analytics, gratis, es el complemento desarrollado por el mismo equipo que WooCommerce. Solo tiene que instalar Google Analytics WooCommerce y ver sus ventas en Google Analytics directamente.\",\"breadcrumb\":{\"@id\":\"https:\/\/woo-themes-plugins.com\/es\/producto\/woocommerce-google-analytics-estadisticas-y-analytics-plugin-de-woocommerce\/#breadcrumb\"},\"inLanguage\":\"es\",\"potentialAction\":[{\"@type\":\"ReadAction\",\"target\":[\"https:\/\/woo-themes-plugins.com\/es\/producto\/woocommerce-google-analytics-estadisticas-y-analytics-plugin-de-woocommerce\/\"]}]},{\"@type\":\"ImageObject\",\"inLanguage\":\"es\",\"@id\":\"https:\/\/woo-themes-plugins.com\/es\/producto\/woocommerce-google-analytics-estadisticas-y-analytics-plugin-de-woocommerce\/#primaryimage\",\"url\":\"https:\/\/woo-themes-plugins.com\/wp-content\/uploads\/sites\/7\/2018\/03\/woo-themes-plugins_woocommerce-google-analytics.jpg\",\"contentUrl\":\"https:\/\/woo-themes-plugins.com\/wp-content\/uploads\/sites\/7\/2018\/03\/woo-themes-plugins_woocommerce-google-analytics.jpg\",\"width\":900,\"height\":900},{\"@type\":\"BreadcrumbList\",\"@id\":\"https:\/\/woo-themes-plugins.com\/es\/producto\/woocommerce-google-analytics-estadisticas-y-analytics-plugin-de-woocommerce\/#breadcrumb\",\"itemListElement\":[{\"@type\":\"ListItem\",\"position\":1,\"name\":\"Accueil\",\"item\":\"https:\/\/woo-themes-plugins.com\/fr\/\"},{\"@type\":\"ListItem\",\"position\":2,\"name\":\"Shop\",\"item\":\"https:\/\/woo-themes-plugins.com\/shop\/\"},{\"@type\":\"ListItem\",\"position\":3,\"name\":\"WooCommerce Google Analytics &#8211; Estad\u00edsticas y Analytics &#8211; Plugin de WooCommerce\"}]},{\"@type\":\"WebSite\",\"@id\":\"https:\/\/woo-themes-plugins.com\/it\/#website\",\"url\":\"https:\/\/woo-themes-plugins.com\/it\/\",\"name\":\"Woo-themes-plugins.com\",\"description\":\"Tous les th\u00e8mes et plugins WooCommerce Premium\",\"potentialAction\":[{\"@type\":\"SearchAction\",\"target\":{\"@type\":\"EntryPoint\",\"urlTemplate\":\"https:\/\/woo-themes-plugins.com\/it\/?s={search_term_string}\"},\"query-input\":\"required name=search_term_string\"}],\"inLanguage\":\"es\"}]}<\/script>\n<!-- \/ Yoast SEO plugin. -->","yoast_head_json":{"title":"WooCommerce Google Analytics - Estad\u00edsticas y an\u00e1lisis - Complemento","description":"\u00bfNecesitas configurar Google Analytics en tu sitio de WooCommerce? WooCommerce Google Analytics, gratis, es el complemento desarrollado por el mismo equipo que WooCommerce. Solo tiene que instalar Google Analytics WooCommerce y ver sus ventas en Google Analytics directamente.","robots":{"index":"index","follow":"follow","max-snippet":"max-snippet:-1","max-image-preview":"max-image-preview:large","max-video-preview":"max-video-preview:-1"},"canonical":"https:\/\/woo-themes-plugins.com\/es\/producto\/woocommerce-google-analytics-estadisticas-y-analytics-plugin-de-woocommerce\/","og_locale":"es_ES","og_type":"article","og_title":"WooCommerce Google Analytics - Estad\u00edsticas y an\u00e1lisis - Complemento","og_description":"\u00bfNecesitas configurar Google Analytics en tu sitio de WooCommerce? WooCommerce Google Analytics, gratis, es el complemento desarrollado por el mismo equipo que WooCommerce. Solo tiene que instalar Google Analytics WooCommerce y ver sus ventas en Google Analytics directamente.","og_url":"https:\/\/woo-themes-plugins.com\/es\/producto\/woocommerce-google-analytics-estadisticas-y-analytics-plugin-de-woocommerce\/","og_site_name":"Woo-themes-plugins.com","og_image":[{"width":900,"height":900,"url":"https:\/\/woo-themes-plugins.com\/wp-content\/uploads\/sites\/7\/2018\/03\/woo-themes-plugins_woocommerce-google-analytics.jpg","type":"image\/jpeg"}],"twitter_misc":{"Tiempo de lectura":"1 minuto"},"schema":{"@context":"https:\/\/schema.org","@graph":[{"@type":"WebPage","@id":"https:\/\/woo-themes-plugins.com\/es\/producto\/woocommerce-google-analytics-estadisticas-y-analytics-plugin-de-woocommerce\/","url":"https:\/\/woo-themes-plugins.com\/es\/producto\/woocommerce-google-analytics-estadisticas-y-analytics-plugin-de-woocommerce\/","name":"WooCommerce Google Analytics - Estad\u00edsticas y an\u00e1lisis - Complemento","isPartOf":{"@id":"https:\/\/woo-themes-plugins.com\/it\/#website"},"primaryImageOfPage":{"@id":"https:\/\/woo-themes-plugins.com\/es\/producto\/woocommerce-google-analytics-estadisticas-y-analytics-plugin-de-woocommerce\/#primaryimage"},"image":{"@id":"https:\/\/woo-themes-plugins.com\/es\/producto\/woocommerce-google-analytics-estadisticas-y-analytics-plugin-de-woocommerce\/#primaryimage"},"thumbnailUrl":"https:\/\/woo-themes-plugins.com\/wp-content\/uploads\/sites\/7\/2018\/03\/woo-themes-plugins_woocommerce-google-analytics.jpg","datePublished":"2018-03-26T04:37:50+00:00","dateModified":"2018-03-26T04:37:50+00:00","description":"\u00bfNecesitas configurar Google Analytics en tu sitio de WooCommerce? WooCommerce Google Analytics, gratis, es el complemento desarrollado por el mismo equipo que WooCommerce. Solo tiene que instalar Google Analytics WooCommerce y ver sus ventas en Google Analytics directamente.","breadcrumb":{"@id":"https:\/\/woo-themes-plugins.com\/es\/producto\/woocommerce-google-analytics-estadisticas-y-analytics-plugin-de-woocommerce\/#breadcrumb"},"inLanguage":"es","potentialAction":[{"@type":"ReadAction","target":["https:\/\/woo-themes-plugins.com\/es\/producto\/woocommerce-google-analytics-estadisticas-y-analytics-plugin-de-woocommerce\/"]}]},{"@type":"ImageObject","inLanguage":"es","@id":"https:\/\/woo-themes-plugins.com\/es\/producto\/woocommerce-google-analytics-estadisticas-y-analytics-plugin-de-woocommerce\/#primaryimage","url":"https:\/\/woo-themes-plugins.com\/wp-content\/uploads\/sites\/7\/2018\/03\/woo-themes-plugins_woocommerce-google-analytics.jpg","contentUrl":"https:\/\/woo-themes-plugins.com\/wp-content\/uploads\/sites\/7\/2018\/03\/woo-themes-plugins_woocommerce-google-analytics.jpg","width":900,"height":900},{"@type":"BreadcrumbList","@id":"https:\/\/woo-themes-plugins.com\/es\/producto\/woocommerce-google-analytics-estadisticas-y-analytics-plugin-de-woocommerce\/#breadcrumb","itemListElement":[{"@type":"ListItem","position":1,"name":"Accueil","item":"https:\/\/woo-themes-plugins.com\/fr\/"},{"@type":"ListItem","position":2,"name":"Shop","item":"https:\/\/woo-themes-plugins.com\/shop\/"},{"@type":"ListItem","position":3,"name":"WooCommerce Google Analytics &#8211; Estad\u00edsticas y Analytics &#8211; Plugin de WooCommerce"}]},{"@type":"WebSite","@id":"https:\/\/woo-themes-plugins.com\/it\/#website","url":"https:\/\/woo-themes-plugins.com\/it\/","name":"Woo-themes-plugins.com","description":"Tous les th\u00e8mes et plugins WooCommerce Premium","potentialAction":[{"@type":"SearchAction","target":{"@type":"EntryPoint","urlTemplate":"https:\/\/woo-themes-plugins.com\/it\/?s={search_term_string}"},"query-input":"required name=search_term_string"}],"inLanguage":"es"}]}},"_links":{"self":[{"href":"https:\/\/woo-themes-plugins.com\/es\/wp-json\/wp\/v2\/product\/2858","targetHints":{"allow":["GET"]}}],"collection":[{"href":"https:\/\/woo-themes-plugins.com\/es\/wp-json\/wp\/v2\/product"}],"about":[{"href":"https:\/\/woo-themes-plugins.com\/es\/wp-json\/wp\/v2\/types\/product"}],"wp:featuredmedia":[{"embeddable":true,"href":"https:\/\/woo-themes-plugins.com\/es\/wp-json\/wp\/v2\/media\/2411"}],"wp:attachment":[{"href":"https:\/\/woo-themes-plugins.com\/es\/wp-json\/wp\/v2\/media?parent=2858"}],"wp:term":[{"taxonomy":"product_cat","embeddable":true,"href":"https:\/\/woo-themes-plugins.com\/es\/wp-json\/wp\/v2\/product_cat?post=2858"},{"taxonomy":"product_tag","embeddable":true,"href":"https:\/\/woo-themes-plugins.com\/es\/wp-json\/wp\/v2\/product_tag?post=2858"}],"curies":[{"name":"wp","href":"https:\/\/api.w.org\/{rel}","templated":true}]}}