{"id":2859,"date":"2018-03-26T05:32:48","date_gmt":"2018-03-26T04:32:48","guid":{"rendered":"https:\/\/woo-themes-plugins.com\/product\/suscripcion-de-woocommerce-pago-por-desplazamiento-plugin-de-woocommerce\/"},"modified":"2018-04-09T18:05:33","modified_gmt":"2018-04-09T17:05:33","slug":"suscripcion-de-woocommerce-pago-por-desplazamiento-plugin-de-woocommerce","status":"publish","type":"product","link":"https:\/\/woo-themes-plugins.com\/es\/product\/suscripcion-de-woocommerce-pago-por-desplazamiento-plugin-de-woocommerce\/","title":{"rendered":"Suscripci\u00f3n de WooCommerce &#8211; Pago por desplazamiento &#8211; Plugin de WooCommerce"},"content":{"rendered":"<p><span id=\"result_box\" class=\"\" lang=\"es\">El comercio es, por definici\u00f3n, fluctuante. \u00bfC\u00f3mo pronosticar el nivel de sus ventas de un mes a otro? Demasiados factores pueden influir en las ventas de un mes en los dem\u00e1s para estar seguro cuando su volumen de negocios a fin de mes. \u00bfQu\u00e9 pasa si te dije que hay una soluci\u00f3n? \u00a1Configurando una suscripci\u00f3n! Una suscripci\u00f3n es la certeza de conocer su facturaci\u00f3n por adelantado.<\/span><\/p>\n","protected":false},"excerpt":{"rendered":"<p><span id=\"result_box\" class=\"\" lang=\"es\">El complemento de suscripci\u00f3n WooCommerce le permitir\u00e1 configurar un sistema de pago recurrente en su sitio de comercio electr\u00f3nico WooCommerce, como una suscripci\u00f3n a su tienda, por ejemplo.<\/span><\/p>\n","protected":false},"featured_media":2403,"template":"","meta":{"_monsterinsights_skip_tracking":false,"_monsterinsights_sitenote_active":false,"_monsterinsights_sitenote_note":"","_monsterinsights_sitenote_category":0},"product_cat":[220],"product_tag":[262,294,242],"class_list":["post-2859","product","type-product","status-publish","has-post-thumbnail","hentry","product_cat-plugin-woocommerce-es","product_tag-solucion-pago-woocommerce","product_tag-tienda-woocommerce-sports","product_tag-woocommerce-indispensable","pa_dev-woo-plugin-theme-woocommerce-es","pa_marketplace-woocommerce-woocommerce-com-es"],"yoast_head":"<!-- This site is optimized with the Yoast SEO plugin v23.1 - https:\/\/yoast.com\/wordpress\/plugins\/seo\/ -->\n<title>Suscripci\u00f3n a WooCommerce - Pago peri\u00f3dico - Complemento de WooCommerce<\/title>\n<meta name=\"description\" content=\"El complemento de WooCommerce para administrar pagos recurrentes en su sitio de comercio electr\u00f3nico, o dicho de otro modo, este complemento le permitir\u00e1 configurar una suscripci\u00f3n en su sitio de WooCommerce.\" \/>\n<meta name=\"robots\" content=\"index, follow, max-snippet:-1, max-image-preview:large, max-video-preview:-1\" \/>\n<link rel=\"canonical\" href=\"https:\/\/woo-themes-plugins.com\/es\/producto\/suscripcion-de-woocommerce-pago-por-desplazamiento-plugin-de-woocommerce\/\" \/>\n<meta property=\"og:locale\" content=\"es_ES\" \/>\n<meta property=\"og:type\" content=\"article\" \/>\n<meta property=\"og:title\" content=\"Suscripci\u00f3n a WooCommerce - Pago peri\u00f3dico - Complemento de WooCommerce\" \/>\n<meta property=\"og:description\" content=\"El complemento de WooCommerce para administrar pagos recurrentes en su sitio de comercio electr\u00f3nico, o dicho de otro modo, este complemento le permitir\u00e1 configurar una suscripci\u00f3n en su sitio de WooCommerce.\" \/>\n<meta property=\"og:url\" content=\"https:\/\/woo-themes-plugins.com\/es\/producto\/suscripcion-de-woocommerce-pago-por-desplazamiento-plugin-de-woocommerce\/\" \/>\n<meta property=\"og:site_name\" content=\"Woo-themes-plugins.com\" \/>\n<meta property=\"article:modified_time\" content=\"2018-04-09T17:05:33+00:00\" \/>\n<meta property=\"og:image\" content=\"https:\/\/woo-themes-plugins.com\/wp-content\/uploads\/sites\/7\/2018\/03\/woo-themes-plugins_woocommerce-subscription-payement.jpg\" \/>\n\t<meta property=\"og:image:width\" content=\"900\" \/>\n\t<meta property=\"og:image:height\" content=\"900\" \/>\n\t<meta property=\"og:image:type\" content=\"image\/jpeg\" \/>\n<script type=\"application\/ld+json\" class=\"yoast-schema-graph\">{\"@context\":\"https:\/\/schema.org\",\"@graph\":[{\"@type\":\"WebPage\",\"@id\":\"https:\/\/woo-themes-plugins.com\/es\/producto\/suscripcion-de-woocommerce-pago-por-desplazamiento-plugin-de-woocommerce\/\",\"url\":\"https:\/\/woo-themes-plugins.com\/es\/producto\/suscripcion-de-woocommerce-pago-por-desplazamiento-plugin-de-woocommerce\/\",\"name\":\"Suscripci\u00f3n a WooCommerce - Pago peri\u00f3dico - Complemento de WooCommerce\",\"isPartOf\":{\"@id\":\"https:\/\/woo-themes-plugins.com\/it\/#website\"},\"primaryImageOfPage\":{\"@id\":\"https:\/\/woo-themes-plugins.com\/es\/producto\/suscripcion-de-woocommerce-pago-por-desplazamiento-plugin-de-woocommerce\/#primaryimage\"},\"image\":{\"@id\":\"https:\/\/woo-themes-plugins.com\/es\/producto\/suscripcion-de-woocommerce-pago-por-desplazamiento-plugin-de-woocommerce\/#primaryimage\"},\"thumbnailUrl\":\"https:\/\/woo-themes-plugins.com\/wp-content\/uploads\/sites\/7\/2018\/03\/woo-themes-plugins_woocommerce-subscription-payement.jpg\",\"datePublished\":\"2018-03-26T04:32:48+00:00\",\"dateModified\":\"2018-04-09T17:05:33+00:00\",\"description\":\"El complemento de WooCommerce para administrar pagos recurrentes en su sitio de comercio electr\u00f3nico, o dicho de otro modo, este complemento le permitir\u00e1 configurar una suscripci\u00f3n en su sitio de WooCommerce.\",\"breadcrumb\":{\"@id\":\"https:\/\/woo-themes-plugins.com\/es\/producto\/suscripcion-de-woocommerce-pago-por-desplazamiento-plugin-de-woocommerce\/#breadcrumb\"},\"inLanguage\":\"es\",\"potentialAction\":[{\"@type\":\"ReadAction\",\"target\":[\"https:\/\/woo-themes-plugins.com\/es\/producto\/suscripcion-de-woocommerce-pago-por-desplazamiento-plugin-de-woocommerce\/\"]}]},{\"@type\":\"ImageObject\",\"inLanguage\":\"es\",\"@id\":\"https:\/\/woo-themes-plugins.com\/es\/producto\/suscripcion-de-woocommerce-pago-por-desplazamiento-plugin-de-woocommerce\/#primaryimage\",\"url\":\"https:\/\/woo-themes-plugins.com\/wp-content\/uploads\/sites\/7\/2018\/03\/woo-themes-plugins_woocommerce-subscription-payement.jpg\",\"contentUrl\":\"https:\/\/woo-themes-plugins.com\/wp-content\/uploads\/sites\/7\/2018\/03\/woo-themes-plugins_woocommerce-subscription-payement.jpg\",\"width\":900,\"height\":900},{\"@type\":\"BreadcrumbList\",\"@id\":\"https:\/\/woo-themes-plugins.com\/es\/producto\/suscripcion-de-woocommerce-pago-por-desplazamiento-plugin-de-woocommerce\/#breadcrumb\",\"itemListElement\":[{\"@type\":\"ListItem\",\"position\":1,\"name\":\"Accueil\",\"item\":\"https:\/\/woo-themes-plugins.com\/fr\/\"},{\"@type\":\"ListItem\",\"position\":2,\"name\":\"Shop\",\"item\":\"https:\/\/woo-themes-plugins.com\/shop\/\"},{\"@type\":\"ListItem\",\"position\":3,\"name\":\"Suscripci\u00f3n de WooCommerce &#8211; Pago por desplazamiento &#8211; Plugin de WooCommerce\"}]},{\"@type\":\"WebSite\",\"@id\":\"https:\/\/woo-themes-plugins.com\/it\/#website\",\"url\":\"https:\/\/woo-themes-plugins.com\/it\/\",\"name\":\"Woo-themes-plugins.com\",\"description\":\"Tous les th\u00e8mes et plugins WooCommerce Premium\",\"potentialAction\":[{\"@type\":\"SearchAction\",\"target\":{\"@type\":\"EntryPoint\",\"urlTemplate\":\"https:\/\/woo-themes-plugins.com\/it\/?s={search_term_string}\"},\"query-input\":\"required name=search_term_string\"}],\"inLanguage\":\"es\"}]}<\/script>\n<!-- \/ Yoast SEO plugin. -->","yoast_head_json":{"title":"Suscripci\u00f3n a WooCommerce - Pago peri\u00f3dico - Complemento de WooCommerce","description":"El complemento de WooCommerce para administrar pagos recurrentes en su sitio de comercio electr\u00f3nico, o dicho de otro modo, este complemento le permitir\u00e1 configurar una suscripci\u00f3n en su sitio de WooCommerce.","robots":{"index":"index","follow":"follow","max-snippet":"max-snippet:-1","max-image-preview":"max-image-preview:large","max-video-preview":"max-video-preview:-1"},"canonical":"https:\/\/woo-themes-plugins.com\/es\/producto\/suscripcion-de-woocommerce-pago-por-desplazamiento-plugin-de-woocommerce\/","og_locale":"es_ES","og_type":"article","og_title":"Suscripci\u00f3n a WooCommerce - Pago peri\u00f3dico - Complemento de WooCommerce","og_description":"El complemento de WooCommerce para administrar pagos recurrentes en su sitio de comercio electr\u00f3nico, o dicho de otro modo, este complemento le permitir\u00e1 configurar una suscripci\u00f3n en su sitio de WooCommerce.","og_url":"https:\/\/woo-themes-plugins.com\/es\/producto\/suscripcion-de-woocommerce-pago-por-desplazamiento-plugin-de-woocommerce\/","og_site_name":"Woo-themes-plugins.com","article_modified_time":"2018-04-09T17:05:33+00:00","og_image":[{"width":900,"height":900,"url":"https:\/\/woo-themes-plugins.com\/wp-content\/uploads\/sites\/7\/2018\/03\/woo-themes-plugins_woocommerce-subscription-payement.jpg","type":"image\/jpeg"}],"schema":{"@context":"https:\/\/schema.org","@graph":[{"@type":"WebPage","@id":"https:\/\/woo-themes-plugins.com\/es\/producto\/suscripcion-de-woocommerce-pago-por-desplazamiento-plugin-de-woocommerce\/","url":"https:\/\/woo-themes-plugins.com\/es\/producto\/suscripcion-de-woocommerce-pago-por-desplazamiento-plugin-de-woocommerce\/","name":"Suscripci\u00f3n a WooCommerce - Pago peri\u00f3dico - Complemento de WooCommerce","isPartOf":{"@id":"https:\/\/woo-themes-plugins.com\/it\/#website"},"primaryImageOfPage":{"@id":"https:\/\/woo-themes-plugins.com\/es\/producto\/suscripcion-de-woocommerce-pago-por-desplazamiento-plugin-de-woocommerce\/#primaryimage"},"image":{"@id":"https:\/\/woo-themes-plugins.com\/es\/producto\/suscripcion-de-woocommerce-pago-por-desplazamiento-plugin-de-woocommerce\/#primaryimage"},"thumbnailUrl":"https:\/\/woo-themes-plugins.com\/wp-content\/uploads\/sites\/7\/2018\/03\/woo-themes-plugins_woocommerce-subscription-payement.jpg","datePublished":"2018-03-26T04:32:48+00:00","dateModified":"2018-04-09T17:05:33+00:00","description":"El complemento de WooCommerce para administrar pagos recurrentes en su sitio de comercio electr\u00f3nico, o dicho de otro modo, este complemento le permitir\u00e1 configurar una suscripci\u00f3n en su sitio de WooCommerce.","breadcrumb":{"@id":"https:\/\/woo-themes-plugins.com\/es\/producto\/suscripcion-de-woocommerce-pago-por-desplazamiento-plugin-de-woocommerce\/#breadcrumb"},"inLanguage":"es","potentialAction":[{"@type":"ReadAction","target":["https:\/\/woo-themes-plugins.com\/es\/producto\/suscripcion-de-woocommerce-pago-por-desplazamiento-plugin-de-woocommerce\/"]}]},{"@type":"ImageObject","inLanguage":"es","@id":"https:\/\/woo-themes-plugins.com\/es\/producto\/suscripcion-de-woocommerce-pago-por-desplazamiento-plugin-de-woocommerce\/#primaryimage","url":"https:\/\/woo-themes-plugins.com\/wp-content\/uploads\/sites\/7\/2018\/03\/woo-themes-plugins_woocommerce-subscription-payement.jpg","contentUrl":"https:\/\/woo-themes-plugins.com\/wp-content\/uploads\/sites\/7\/2018\/03\/woo-themes-plugins_woocommerce-subscription-payement.jpg","width":900,"height":900},{"@type":"BreadcrumbList","@id":"https:\/\/woo-themes-plugins.com\/es\/producto\/suscripcion-de-woocommerce-pago-por-desplazamiento-plugin-de-woocommerce\/#breadcrumb","itemListElement":[{"@type":"ListItem","position":1,"name":"Accueil","item":"https:\/\/woo-themes-plugins.com\/fr\/"},{"@type":"ListItem","position":2,"name":"Shop","item":"https:\/\/woo-themes-plugins.com\/shop\/"},{"@type":"ListItem","position":3,"name":"Suscripci\u00f3n de WooCommerce &#8211; Pago por desplazamiento &#8211; Plugin de WooCommerce"}]},{"@type":"WebSite","@id":"https:\/\/woo-themes-plugins.com\/it\/#website","url":"https:\/\/woo-themes-plugins.com\/it\/","name":"Woo-themes-plugins.com","description":"Tous les th\u00e8mes et plugins WooCommerce Premium","potentialAction":[{"@type":"SearchAction","target":{"@type":"EntryPoint","urlTemplate":"https:\/\/woo-themes-plugins.com\/it\/?s={search_term_string}"},"query-input":"required name=search_term_string"}],"inLanguage":"es"}]}},"_links":{"self":[{"href":"https:\/\/woo-themes-plugins.com\/es\/wp-json\/wp\/v2\/product\/2859","targetHints":{"allow":["GET"]}}],"collection":[{"href":"https:\/\/woo-themes-plugins.com\/es\/wp-json\/wp\/v2\/product"}],"about":[{"href":"https:\/\/woo-themes-plugins.com\/es\/wp-json\/wp\/v2\/types\/product"}],"wp:featuredmedia":[{"embeddable":true,"href":"https:\/\/woo-themes-plugins.com\/es\/wp-json\/wp\/v2\/media\/2403"}],"wp:attachment":[{"href":"https:\/\/woo-themes-plugins.com\/es\/wp-json\/wp\/v2\/media?parent=2859"}],"wp:term":[{"taxonomy":"product_cat","embeddable":true,"href":"https:\/\/woo-themes-plugins.com\/es\/wp-json\/wp\/v2\/product_cat?post=2859"},{"taxonomy":"product_tag","embeddable":true,"href":"https:\/\/woo-themes-plugins.com\/es\/wp-json\/wp\/v2\/product_tag?post=2859"}],"curies":[{"name":"wp","href":"https:\/\/api.w.org\/{rel}","templated":true}]}}