{"id":2860,"date":"2018-03-24T07:06:49","date_gmt":"2018-03-24T06:06:49","guid":{"rendered":"https:\/\/woo-themes-plugins.com\/product\/complementos-de-productos-producto-personalizable-para-clientes-complemento-de-woocommerce\/"},"modified":"2018-03-24T07:06:49","modified_gmt":"2018-03-24T06:06:49","slug":"complementos-de-productos-producto-personalizable-para-clientes-complemento-de-woocommerce","status":"publish","type":"product","link":"https:\/\/woo-themes-plugins.com\/es\/product\/complementos-de-productos-producto-personalizable-para-clientes-complemento-de-woocommerce\/","title":{"rendered":"Complementos de productos &#8211; Producto personalizable para clientes &#8211; Complemento de WooCommerce"},"content":{"rendered":"<p><span id=\"result_box\" class=\"\" lang=\"es\"><span title=\"Product add-ons est un plugin officiel WooCommerce qui permettra \u00e0 tes clients de personnaliser leurs produits en ajoutant de nouvelles options comme un champ texte, une liste d\u00e9roulante de choix ou encore des choix par boutons radios.\">Producto complementos es una WooCommerce oficial plugin que permitir\u00e1 a sus clientes personalizar sus productos mediante la adici\u00f3n de nuevas caracter\u00edsticas como un campo de texto, una lista desplegable de opciones u opciones de botones de radio. <\/span><span title=\"Cette extension WooCommerce a \u00e9t\u00e9 pr\u00e9vue pour rendre de nombreux services comme par exemple l'ajout d'un message, une donation, un texte ou une image \u00e0 graver au laser sur un produit, un message \u00e0 imprimer sur un t-shirt...\">Se esperaba que esta extensi\u00f3n WooCommerce hacer muchos servicios, tales como la adici\u00f3n de un mensaje, un regalo, un texto o una imagen de grabado l\u00e1ser sobre un producto, un mensaje a ser impreso en una camiseta &#8230; <\/span><span title=\"la liste est longue.\">la lista es larga <\/span><span title=\"Ce plugin WooCommerce sera particuli\u00e8rement utile lorsque ton produit n\u00e9cessitera une entr\u00e9e de la part de ton client.\n\n\">Este complemento de WooCommerce ser\u00e1 especialmente \u00fatil cuando su producto requiera una entrada de su cliente.<\/p>\n<p><\/span><span title=\"Cette extension WooCommerce supporte diff\u00e9rents types de champs comme les champs texte, les s\u00e9lections multiples, les s\u00e9lections par radio boutons, un champ prix libre ou encore un champ d'envoi de fichier par le client.\n\n\">WooCommerce Esta extensi\u00f3n es compatible con varios campos tales como campos de texto, m\u00faltiples selecciones, selecciones de botones de radio, un campo de precio libre o un campo de carga de archivos por parte del cliente.<\/p>\n<p><\/span><span title=\"Product Add-ons peut \u00eatre activ\u00e9 pour toute ta boutique WooCommerce ou seulement sur des produits cibl\u00e9s.\">Los complementos de productos se pueden activar para toda su tienda WooCommerce o solo en productos espec\u00edficos. <\/span><span title=\"Pratique.\">La pr\u00e1ctica. <\/span><span title=\"Bien entendu, cette extension est compatible avec WooCommerce Subscription, l'un des plugins phare de WooCommerce.\n\n\">Por supuesto, esta extensi\u00f3n es compatible con WooCommerce suscripci\u00f3n, uno de los buque insignia de plugins WooCommerce.<\/p>\n<p><\/span><span title=\"Une fois le plugin activ\u00e9 et configur\u00e9, les nouveaux champs apparaitrons juste en dessous de la description courte, avant le bouton d'ajout au panier.\">Una vez que el complemento est\u00e9 activado y configurado, los nuevos campos aparecer\u00e1n justo debajo de la breve descripci\u00f3n, antes del bot\u00f3n Agregar al carrito.<\/span><\/span><\/p>\n","protected":false},"excerpt":{"rendered":"<p><span id=\"result_box\" class=\"\" lang=\"es\">El complemento Complementos de productos, desarrollado por WooCommerce.com, le permitir\u00e1 introducir en sus productos \u00e1reas que su cliente deber\u00e1 completar para personalizar. B\u00e1sicamente, si tiene un producto y propone quemar, imprimir, dibujar, imprimir un mensaje o una imagen, entonces este es el complemento que necesita.<\/span><\/p>\n","protected":false},"featured_media":242,"template":"","meta":{"_monsterinsights_skip_tracking":false,"_monsterinsights_sitenote_active":false,"_monsterinsights_sitenote_note":"","_monsterinsights_sitenote_category":0},"product_cat":[220],"product_tag":[262],"class_list":["post-2860","product","type-product","status-publish","has-post-thumbnail","hentry","product_cat-plugin-woocommerce-es","product_tag-solucion-pago-woocommerce","pa_dev-woo-plugin-theme-woocommerce-es","pa_marketplace-woocommerce-woocommerce-com-es"],"yoast_head":"<!-- This site is optimized with the Yoast SEO plugin v23.1 - https:\/\/yoast.com\/wordpress\/plugins\/seo\/ -->\n<title>Amazon Pay - Soluci\u00f3n de pago de WooCommerce - Plugin de WooCommerce<\/title>\n<meta name=\"description\" content=\"El complemento WooCommerce para administrar la soluci\u00f3n de pago Stripe.\" \/>\n<meta name=\"robots\" content=\"index, follow, max-snippet:-1, max-image-preview:large, max-video-preview:-1\" \/>\n<link rel=\"canonical\" href=\"https:\/\/woo-themes-plugins.com\/es\/producto\/complementos-de-productos-producto-personalizable-para-clientes-complemento-de-woocommerce\/\" \/>\n<meta property=\"og:locale\" content=\"es_ES\" \/>\n<meta property=\"og:type\" content=\"article\" \/>\n<meta property=\"og:title\" content=\"Amazon Pay - Soluci\u00f3n de pago de WooCommerce - Plugin de WooCommerce\" \/>\n<meta property=\"og:description\" content=\"El complemento WooCommerce para administrar la soluci\u00f3n de pago Stripe.\" \/>\n<meta property=\"og:url\" content=\"https:\/\/woo-themes-plugins.com\/es\/producto\/complementos-de-productos-producto-personalizable-para-clientes-complemento-de-woocommerce\/\" \/>\n<meta property=\"og:site_name\" content=\"Woo-themes-plugins.com\" \/>\n<meta property=\"og:image\" content=\"https:\/\/woo-themes-plugins.com\/wp-content\/uploads\/sites\/7\/2018\/03\/product-add-ons-woocommerce.jpg\" \/>\n\t<meta property=\"og:image:width\" content=\"1024\" \/>\n\t<meta property=\"og:image:height\" content=\"512\" \/>\n\t<meta property=\"og:image:type\" content=\"image\/jpeg\" \/>\n<meta name=\"twitter:label1\" content=\"Tiempo de lectura\" \/>\n\t<meta name=\"twitter:data1\" content=\"1 minuto\" \/>\n<script type=\"application\/ld+json\" class=\"yoast-schema-graph\">{\"@context\":\"https:\/\/schema.org\",\"@graph\":[{\"@type\":\"WebPage\",\"@id\":\"https:\/\/woo-themes-plugins.com\/es\/producto\/complementos-de-productos-producto-personalizable-para-clientes-complemento-de-woocommerce\/\",\"url\":\"https:\/\/woo-themes-plugins.com\/es\/producto\/complementos-de-productos-producto-personalizable-para-clientes-complemento-de-woocommerce\/\",\"name\":\"Amazon Pay - Soluci\u00f3n de pago de WooCommerce - Plugin de WooCommerce\",\"isPartOf\":{\"@id\":\"https:\/\/woo-themes-plugins.com\/it\/#website\"},\"primaryImageOfPage\":{\"@id\":\"https:\/\/woo-themes-plugins.com\/es\/producto\/complementos-de-productos-producto-personalizable-para-clientes-complemento-de-woocommerce\/#primaryimage\"},\"image\":{\"@id\":\"https:\/\/woo-themes-plugins.com\/es\/producto\/complementos-de-productos-producto-personalizable-para-clientes-complemento-de-woocommerce\/#primaryimage\"},\"thumbnailUrl\":\"https:\/\/woo-themes-plugins.com\/wp-content\/uploads\/sites\/7\/2018\/03\/product-add-ons-woocommerce.jpg\",\"datePublished\":\"2018-03-24T06:06:49+00:00\",\"dateModified\":\"2018-03-24T06:06:49+00:00\",\"description\":\"El complemento WooCommerce para administrar la soluci\u00f3n de pago Stripe.\",\"breadcrumb\":{\"@id\":\"https:\/\/woo-themes-plugins.com\/es\/producto\/complementos-de-productos-producto-personalizable-para-clientes-complemento-de-woocommerce\/#breadcrumb\"},\"inLanguage\":\"es\",\"potentialAction\":[{\"@type\":\"ReadAction\",\"target\":[\"https:\/\/woo-themes-plugins.com\/es\/producto\/complementos-de-productos-producto-personalizable-para-clientes-complemento-de-woocommerce\/\"]}]},{\"@type\":\"ImageObject\",\"inLanguage\":\"es\",\"@id\":\"https:\/\/woo-themes-plugins.com\/es\/producto\/complementos-de-productos-producto-personalizable-para-clientes-complemento-de-woocommerce\/#primaryimage\",\"url\":\"https:\/\/woo-themes-plugins.com\/wp-content\/uploads\/sites\/7\/2018\/03\/product-add-ons-woocommerce.jpg\",\"contentUrl\":\"https:\/\/woo-themes-plugins.com\/wp-content\/uploads\/sites\/7\/2018\/03\/product-add-ons-woocommerce.jpg\",\"width\":1024,\"height\":512},{\"@type\":\"BreadcrumbList\",\"@id\":\"https:\/\/woo-themes-plugins.com\/es\/producto\/complementos-de-productos-producto-personalizable-para-clientes-complemento-de-woocommerce\/#breadcrumb\",\"itemListElement\":[{\"@type\":\"ListItem\",\"position\":1,\"name\":\"Accueil\",\"item\":\"https:\/\/woo-themes-plugins.com\/fr\/\"},{\"@type\":\"ListItem\",\"position\":2,\"name\":\"Shop\",\"item\":\"https:\/\/woo-themes-plugins.com\/shop\/\"},{\"@type\":\"ListItem\",\"position\":3,\"name\":\"Complementos de productos &#8211; Producto personalizable para clientes &#8211; Complemento de WooCommerce\"}]},{\"@type\":\"WebSite\",\"@id\":\"https:\/\/woo-themes-plugins.com\/it\/#website\",\"url\":\"https:\/\/woo-themes-plugins.com\/it\/\",\"name\":\"Woo-themes-plugins.com\",\"description\":\"Tous les th\u00e8mes et plugins WooCommerce Premium\",\"potentialAction\":[{\"@type\":\"SearchAction\",\"target\":{\"@type\":\"EntryPoint\",\"urlTemplate\":\"https:\/\/woo-themes-plugins.com\/it\/?s={search_term_string}\"},\"query-input\":\"required name=search_term_string\"}],\"inLanguage\":\"es\"}]}<\/script>\n<!-- \/ Yoast SEO plugin. -->","yoast_head_json":{"title":"Amazon Pay - Soluci\u00f3n de pago de WooCommerce - Plugin de WooCommerce","description":"El complemento WooCommerce para administrar la soluci\u00f3n de pago Stripe.","robots":{"index":"index","follow":"follow","max-snippet":"max-snippet:-1","max-image-preview":"max-image-preview:large","max-video-preview":"max-video-preview:-1"},"canonical":"https:\/\/woo-themes-plugins.com\/es\/producto\/complementos-de-productos-producto-personalizable-para-clientes-complemento-de-woocommerce\/","og_locale":"es_ES","og_type":"article","og_title":"Amazon Pay - Soluci\u00f3n de pago de WooCommerce - Plugin de WooCommerce","og_description":"El complemento WooCommerce para administrar la soluci\u00f3n de pago Stripe.","og_url":"https:\/\/woo-themes-plugins.com\/es\/producto\/complementos-de-productos-producto-personalizable-para-clientes-complemento-de-woocommerce\/","og_site_name":"Woo-themes-plugins.com","og_image":[{"width":1024,"height":512,"url":"https:\/\/woo-themes-plugins.com\/wp-content\/uploads\/sites\/7\/2018\/03\/product-add-ons-woocommerce.jpg","type":"image\/jpeg"}],"twitter_misc":{"Tiempo de lectura":"1 minuto"},"schema":{"@context":"https:\/\/schema.org","@graph":[{"@type":"WebPage","@id":"https:\/\/woo-themes-plugins.com\/es\/producto\/complementos-de-productos-producto-personalizable-para-clientes-complemento-de-woocommerce\/","url":"https:\/\/woo-themes-plugins.com\/es\/producto\/complementos-de-productos-producto-personalizable-para-clientes-complemento-de-woocommerce\/","name":"Amazon Pay - Soluci\u00f3n de pago de WooCommerce - Plugin de WooCommerce","isPartOf":{"@id":"https:\/\/woo-themes-plugins.com\/it\/#website"},"primaryImageOfPage":{"@id":"https:\/\/woo-themes-plugins.com\/es\/producto\/complementos-de-productos-producto-personalizable-para-clientes-complemento-de-woocommerce\/#primaryimage"},"image":{"@id":"https:\/\/woo-themes-plugins.com\/es\/producto\/complementos-de-productos-producto-personalizable-para-clientes-complemento-de-woocommerce\/#primaryimage"},"thumbnailUrl":"https:\/\/woo-themes-plugins.com\/wp-content\/uploads\/sites\/7\/2018\/03\/product-add-ons-woocommerce.jpg","datePublished":"2018-03-24T06:06:49+00:00","dateModified":"2018-03-24T06:06:49+00:00","description":"El complemento WooCommerce para administrar la soluci\u00f3n de pago Stripe.","breadcrumb":{"@id":"https:\/\/woo-themes-plugins.com\/es\/producto\/complementos-de-productos-producto-personalizable-para-clientes-complemento-de-woocommerce\/#breadcrumb"},"inLanguage":"es","potentialAction":[{"@type":"ReadAction","target":["https:\/\/woo-themes-plugins.com\/es\/producto\/complementos-de-productos-producto-personalizable-para-clientes-complemento-de-woocommerce\/"]}]},{"@type":"ImageObject","inLanguage":"es","@id":"https:\/\/woo-themes-plugins.com\/es\/producto\/complementos-de-productos-producto-personalizable-para-clientes-complemento-de-woocommerce\/#primaryimage","url":"https:\/\/woo-themes-plugins.com\/wp-content\/uploads\/sites\/7\/2018\/03\/product-add-ons-woocommerce.jpg","contentUrl":"https:\/\/woo-themes-plugins.com\/wp-content\/uploads\/sites\/7\/2018\/03\/product-add-ons-woocommerce.jpg","width":1024,"height":512},{"@type":"BreadcrumbList","@id":"https:\/\/woo-themes-plugins.com\/es\/producto\/complementos-de-productos-producto-personalizable-para-clientes-complemento-de-woocommerce\/#breadcrumb","itemListElement":[{"@type":"ListItem","position":1,"name":"Accueil","item":"https:\/\/woo-themes-plugins.com\/fr\/"},{"@type":"ListItem","position":2,"name":"Shop","item":"https:\/\/woo-themes-plugins.com\/shop\/"},{"@type":"ListItem","position":3,"name":"Complementos de productos &#8211; Producto personalizable para clientes &#8211; Complemento de WooCommerce"}]},{"@type":"WebSite","@id":"https:\/\/woo-themes-plugins.com\/it\/#website","url":"https:\/\/woo-themes-plugins.com\/it\/","name":"Woo-themes-plugins.com","description":"Tous les th\u00e8mes et plugins WooCommerce Premium","potentialAction":[{"@type":"SearchAction","target":{"@type":"EntryPoint","urlTemplate":"https:\/\/woo-themes-plugins.com\/it\/?s={search_term_string}"},"query-input":"required name=search_term_string"}],"inLanguage":"es"}]}},"_links":{"self":[{"href":"https:\/\/woo-themes-plugins.com\/es\/wp-json\/wp\/v2\/product\/2860","targetHints":{"allow":["GET"]}}],"collection":[{"href":"https:\/\/woo-themes-plugins.com\/es\/wp-json\/wp\/v2\/product"}],"about":[{"href":"https:\/\/woo-themes-plugins.com\/es\/wp-json\/wp\/v2\/types\/product"}],"wp:featuredmedia":[{"embeddable":true,"href":"https:\/\/woo-themes-plugins.com\/es\/wp-json\/wp\/v2\/media\/242"}],"wp:attachment":[{"href":"https:\/\/woo-themes-plugins.com\/es\/wp-json\/wp\/v2\/media?parent=2860"}],"wp:term":[{"taxonomy":"product_cat","embeddable":true,"href":"https:\/\/woo-themes-plugins.com\/es\/wp-json\/wp\/v2\/product_cat?post=2860"},{"taxonomy":"product_tag","embeddable":true,"href":"https:\/\/woo-themes-plugins.com\/es\/wp-json\/wp\/v2\/product_tag?post=2860"}],"curies":[{"name":"wp","href":"https:\/\/api.w.org\/{rel}","templated":true}]}}