{"id":2862,"date":"2018-03-24T06:44:17","date_gmt":"2018-03-24T05:44:17","guid":{"rendered":"https:\/\/woo-themes-plugins.com\/product\/amazon-pay-solucion-de-pago-de-woocommerce-plugin-de-woocommerce\/"},"modified":"2018-03-24T06:44:17","modified_gmt":"2018-03-24T05:44:17","slug":"amazon-pay-solucion-de-pago-de-woocommerce-plugin-de-woocommerce","status":"publish","type":"product","link":"https:\/\/woo-themes-plugins.com\/es\/product\/amazon-pay-solucion-de-pago-de-woocommerce-plugin-de-woocommerce\/","title":{"rendered":"Amazon Pay &#8211; Soluci\u00f3n de pago de WooCommerce &#8211; Plugin de WooCommerce"},"content":{"rendered":"<p><span id=\"result_box\" class=\"\" lang=\"es\">Este plugin de Amazon Pay WooCommerce permitir\u00e1 que millones de clientes de Amazon utilicen la informaci\u00f3n de su cuenta de cliente (informaci\u00f3n de pago y env\u00edo) directamente en su sitio de comercio electr\u00f3nico.<\/p>\n<p>Con este complemento de WooCommerce, sus clientes solo necesitar\u00e1n conectarse a su sitio usando su ID de Amazon, y todo lo dem\u00e1s se complementar\u00e1 autom\u00e1ticamente. <span class=\"\">Este plugin traer\u00e1 una ventaja real en t\u00e9rminos de experiencia del cliente al momento del pago, conocido por ser el lugar de su sitio de comercio electr\u00f3nico en el que perdemos la mayor cantidad de clientes.<\/span><\/p>\n<p><span class=\"\">Adem\u00e1s, este plugin de Amazon te permitir\u00e1 acceder a funciones adicionales como:<\/span><\/p>\n<p><span class=\"\">Protecci\u00f3n antifraude de Amazon<\/span><br \/>\n<span class=\"\">Pedidos enviados a Amazon Payments<\/span><br \/>\n<span class=\"\">Widget adaptado a m\u00f3viles y tabletas<\/span><br \/>\n<span class=\"\">Los clientes permanecen en su sitio durante el proceso de pago<\/span><br \/>\n<span class=\"\">Soporte para pagos recurrentes gracias al complemento de Suscripciones de WooCommerce<\/span><\/span><\/p>\n","protected":false},"excerpt":{"rendered":"<p><span id=\"result_box\" class=\"\" lang=\"es\">El plugin de Amazon Pay le permitir\u00e1 integrar la soluci\u00f3n de pago del mismo nombre con su sitio eCommerce WooCommerce.<\/span><\/p>\n","protected":false},"featured_media":228,"template":"","meta":{"_monsterinsights_skip_tracking":false,"_monsterinsights_sitenote_active":false,"_monsterinsights_sitenote_note":"","_monsterinsights_sitenote_category":0},"product_cat":[220],"product_tag":[232,262],"class_list":["post-2862","product","type-product","status-publish","has-post-thumbnail","hentry","product_cat-plugin-woocommerce-es","product_tag-extension-gratuita-de-woocommerce","product_tag-solucion-pago-woocommerce","pa_dev-woo-plugin-theme-woocommerce-es","pa_marketplace-woocommerce-woocommerce-com-es"],"yoast_head":"<!-- This site is optimized with the Yoast SEO plugin v23.1 - https:\/\/yoast.com\/wordpress\/plugins\/seo\/ -->\n<title>Amazon Pay - Soluci\u00f3n de pago de WooCommerce - Plugin de WooCommerce<\/title>\n<meta name=\"description\" content=\"El complemento WooCommerce para administrar la soluci\u00f3n de pago Stripe.\" \/>\n<meta name=\"robots\" content=\"index, follow, max-snippet:-1, max-image-preview:large, max-video-preview:-1\" \/>\n<link rel=\"canonical\" href=\"https:\/\/woo-themes-plugins.com\/es\/producto\/amazon-pay-solucion-de-pago-de-woocommerce-plugin-de-woocommerce\/\" \/>\n<meta property=\"og:locale\" content=\"es_ES\" \/>\n<meta property=\"og:type\" content=\"article\" \/>\n<meta property=\"og:title\" content=\"Amazon Pay - Soluci\u00f3n de pago de WooCommerce - Plugin de WooCommerce\" \/>\n<meta property=\"og:description\" content=\"El complemento WooCommerce para administrar la soluci\u00f3n de pago Stripe.\" \/>\n<meta property=\"og:url\" content=\"https:\/\/woo-themes-plugins.com\/es\/producto\/amazon-pay-solucion-de-pago-de-woocommerce-plugin-de-woocommerce\/\" \/>\n<meta property=\"og:site_name\" content=\"Woo-themes-plugins.com\" \/>\n<meta property=\"og:image\" content=\"https:\/\/woo-themes-plugins.com\/wp-content\/uploads\/sites\/7\/2018\/03\/Amazon-pay.png\" \/>\n\t<meta property=\"og:image:width\" content=\"800\" \/>\n\t<meta property=\"og:image:height\" content=\"600\" \/>\n\t<meta property=\"og:image:type\" content=\"image\/png\" \/>\n<meta name=\"twitter:label1\" content=\"Tiempo de lectura\" \/>\n\t<meta name=\"twitter:data1\" content=\"1 minuto\" \/>\n<script type=\"application\/ld+json\" class=\"yoast-schema-graph\">{\"@context\":\"https:\/\/schema.org\",\"@graph\":[{\"@type\":\"WebPage\",\"@id\":\"https:\/\/woo-themes-plugins.com\/es\/producto\/amazon-pay-solucion-de-pago-de-woocommerce-plugin-de-woocommerce\/\",\"url\":\"https:\/\/woo-themes-plugins.com\/es\/producto\/amazon-pay-solucion-de-pago-de-woocommerce-plugin-de-woocommerce\/\",\"name\":\"Amazon Pay - Soluci\u00f3n de pago de WooCommerce - Plugin de WooCommerce\",\"isPartOf\":{\"@id\":\"https:\/\/woo-themes-plugins.com\/it\/#website\"},\"primaryImageOfPage\":{\"@id\":\"https:\/\/woo-themes-plugins.com\/es\/producto\/amazon-pay-solucion-de-pago-de-woocommerce-plugin-de-woocommerce\/#primaryimage\"},\"image\":{\"@id\":\"https:\/\/woo-themes-plugins.com\/es\/producto\/amazon-pay-solucion-de-pago-de-woocommerce-plugin-de-woocommerce\/#primaryimage\"},\"thumbnailUrl\":\"https:\/\/woo-themes-plugins.com\/wp-content\/uploads\/sites\/7\/2018\/03\/Amazon-pay.png\",\"datePublished\":\"2018-03-24T05:44:17+00:00\",\"dateModified\":\"2018-03-24T05:44:17+00:00\",\"description\":\"El complemento WooCommerce para administrar la soluci\u00f3n de pago Stripe.\",\"breadcrumb\":{\"@id\":\"https:\/\/woo-themes-plugins.com\/es\/producto\/amazon-pay-solucion-de-pago-de-woocommerce-plugin-de-woocommerce\/#breadcrumb\"},\"inLanguage\":\"es\",\"potentialAction\":[{\"@type\":\"ReadAction\",\"target\":[\"https:\/\/woo-themes-plugins.com\/es\/producto\/amazon-pay-solucion-de-pago-de-woocommerce-plugin-de-woocommerce\/\"]}]},{\"@type\":\"ImageObject\",\"inLanguage\":\"es\",\"@id\":\"https:\/\/woo-themes-plugins.com\/es\/producto\/amazon-pay-solucion-de-pago-de-woocommerce-plugin-de-woocommerce\/#primaryimage\",\"url\":\"https:\/\/woo-themes-plugins.com\/wp-content\/uploads\/sites\/7\/2018\/03\/Amazon-pay.png\",\"contentUrl\":\"https:\/\/woo-themes-plugins.com\/wp-content\/uploads\/sites\/7\/2018\/03\/Amazon-pay.png\",\"width\":800,\"height\":600},{\"@type\":\"BreadcrumbList\",\"@id\":\"https:\/\/woo-themes-plugins.com\/es\/producto\/amazon-pay-solucion-de-pago-de-woocommerce-plugin-de-woocommerce\/#breadcrumb\",\"itemListElement\":[{\"@type\":\"ListItem\",\"position\":1,\"name\":\"Accueil\",\"item\":\"https:\/\/woo-themes-plugins.com\/fr\/\"},{\"@type\":\"ListItem\",\"position\":2,\"name\":\"Shop\",\"item\":\"https:\/\/woo-themes-plugins.com\/shop\/\"},{\"@type\":\"ListItem\",\"position\":3,\"name\":\"Amazon Pay &#8211; Soluci\u00f3n de pago de WooCommerce &#8211; Plugin de WooCommerce\"}]},{\"@type\":\"WebSite\",\"@id\":\"https:\/\/woo-themes-plugins.com\/it\/#website\",\"url\":\"https:\/\/woo-themes-plugins.com\/it\/\",\"name\":\"Woo-themes-plugins.com\",\"description\":\"Tous les th\u00e8mes et plugins WooCommerce Premium\",\"potentialAction\":[{\"@type\":\"SearchAction\",\"target\":{\"@type\":\"EntryPoint\",\"urlTemplate\":\"https:\/\/woo-themes-plugins.com\/it\/?s={search_term_string}\"},\"query-input\":\"required name=search_term_string\"}],\"inLanguage\":\"es\"}]}<\/script>\n<!-- \/ Yoast SEO plugin. -->","yoast_head_json":{"title":"Amazon Pay - Soluci\u00f3n de pago de WooCommerce - Plugin de WooCommerce","description":"El complemento WooCommerce para administrar la soluci\u00f3n de pago Stripe.","robots":{"index":"index","follow":"follow","max-snippet":"max-snippet:-1","max-image-preview":"max-image-preview:large","max-video-preview":"max-video-preview:-1"},"canonical":"https:\/\/woo-themes-plugins.com\/es\/producto\/amazon-pay-solucion-de-pago-de-woocommerce-plugin-de-woocommerce\/","og_locale":"es_ES","og_type":"article","og_title":"Amazon Pay - Soluci\u00f3n de pago de WooCommerce - Plugin de WooCommerce","og_description":"El complemento WooCommerce para administrar la soluci\u00f3n de pago Stripe.","og_url":"https:\/\/woo-themes-plugins.com\/es\/producto\/amazon-pay-solucion-de-pago-de-woocommerce-plugin-de-woocommerce\/","og_site_name":"Woo-themes-plugins.com","og_image":[{"width":800,"height":600,"url":"https:\/\/woo-themes-plugins.com\/wp-content\/uploads\/sites\/7\/2018\/03\/Amazon-pay.png","type":"image\/png"}],"twitter_misc":{"Tiempo de lectura":"1 minuto"},"schema":{"@context":"https:\/\/schema.org","@graph":[{"@type":"WebPage","@id":"https:\/\/woo-themes-plugins.com\/es\/producto\/amazon-pay-solucion-de-pago-de-woocommerce-plugin-de-woocommerce\/","url":"https:\/\/woo-themes-plugins.com\/es\/producto\/amazon-pay-solucion-de-pago-de-woocommerce-plugin-de-woocommerce\/","name":"Amazon Pay - Soluci\u00f3n de pago de WooCommerce - Plugin de WooCommerce","isPartOf":{"@id":"https:\/\/woo-themes-plugins.com\/it\/#website"},"primaryImageOfPage":{"@id":"https:\/\/woo-themes-plugins.com\/es\/producto\/amazon-pay-solucion-de-pago-de-woocommerce-plugin-de-woocommerce\/#primaryimage"},"image":{"@id":"https:\/\/woo-themes-plugins.com\/es\/producto\/amazon-pay-solucion-de-pago-de-woocommerce-plugin-de-woocommerce\/#primaryimage"},"thumbnailUrl":"https:\/\/woo-themes-plugins.com\/wp-content\/uploads\/sites\/7\/2018\/03\/Amazon-pay.png","datePublished":"2018-03-24T05:44:17+00:00","dateModified":"2018-03-24T05:44:17+00:00","description":"El complemento WooCommerce para administrar la soluci\u00f3n de pago Stripe.","breadcrumb":{"@id":"https:\/\/woo-themes-plugins.com\/es\/producto\/amazon-pay-solucion-de-pago-de-woocommerce-plugin-de-woocommerce\/#breadcrumb"},"inLanguage":"es","potentialAction":[{"@type":"ReadAction","target":["https:\/\/woo-themes-plugins.com\/es\/producto\/amazon-pay-solucion-de-pago-de-woocommerce-plugin-de-woocommerce\/"]}]},{"@type":"ImageObject","inLanguage":"es","@id":"https:\/\/woo-themes-plugins.com\/es\/producto\/amazon-pay-solucion-de-pago-de-woocommerce-plugin-de-woocommerce\/#primaryimage","url":"https:\/\/woo-themes-plugins.com\/wp-content\/uploads\/sites\/7\/2018\/03\/Amazon-pay.png","contentUrl":"https:\/\/woo-themes-plugins.com\/wp-content\/uploads\/sites\/7\/2018\/03\/Amazon-pay.png","width":800,"height":600},{"@type":"BreadcrumbList","@id":"https:\/\/woo-themes-plugins.com\/es\/producto\/amazon-pay-solucion-de-pago-de-woocommerce-plugin-de-woocommerce\/#breadcrumb","itemListElement":[{"@type":"ListItem","position":1,"name":"Accueil","item":"https:\/\/woo-themes-plugins.com\/fr\/"},{"@type":"ListItem","position":2,"name":"Shop","item":"https:\/\/woo-themes-plugins.com\/shop\/"},{"@type":"ListItem","position":3,"name":"Amazon Pay &#8211; Soluci\u00f3n de pago de WooCommerce &#8211; Plugin de WooCommerce"}]},{"@type":"WebSite","@id":"https:\/\/woo-themes-plugins.com\/it\/#website","url":"https:\/\/woo-themes-plugins.com\/it\/","name":"Woo-themes-plugins.com","description":"Tous les th\u00e8mes et plugins WooCommerce Premium","potentialAction":[{"@type":"SearchAction","target":{"@type":"EntryPoint","urlTemplate":"https:\/\/woo-themes-plugins.com\/it\/?s={search_term_string}"},"query-input":"required name=search_term_string"}],"inLanguage":"es"}]}},"_links":{"self":[{"href":"https:\/\/woo-themes-plugins.com\/es\/wp-json\/wp\/v2\/product\/2862","targetHints":{"allow":["GET"]}}],"collection":[{"href":"https:\/\/woo-themes-plugins.com\/es\/wp-json\/wp\/v2\/product"}],"about":[{"href":"https:\/\/woo-themes-plugins.com\/es\/wp-json\/wp\/v2\/types\/product"}],"wp:featuredmedia":[{"embeddable":true,"href":"https:\/\/woo-themes-plugins.com\/es\/wp-json\/wp\/v2\/media\/228"}],"wp:attachment":[{"href":"https:\/\/woo-themes-plugins.com\/es\/wp-json\/wp\/v2\/media?parent=2862"}],"wp:term":[{"taxonomy":"product_cat","embeddable":true,"href":"https:\/\/woo-themes-plugins.com\/es\/wp-json\/wp\/v2\/product_cat?post=2862"},{"taxonomy":"product_tag","embeddable":true,"href":"https:\/\/woo-themes-plugins.com\/es\/wp-json\/wp\/v2\/product_tag?post=2862"}],"curies":[{"name":"wp","href":"https:\/\/api.w.org\/{rel}","templated":true}]}}