{"id":2863,"date":"2018-03-23T20:13:19","date_gmt":"2018-03-23T19:13:19","guid":{"rendered":"https:\/\/woo-themes-plugins.com\/product\/stripe-solucion-de-pago-woocommerce-plugin-de-woocommerce\/"},"modified":"2018-03-23T20:13:19","modified_gmt":"2018-03-23T19:13:19","slug":"stripe-solucion-de-pago-woocommerce-plugin-de-woocommerce","status":"publish","type":"product","link":"https:\/\/woo-themes-plugins.com\/es\/product\/stripe-solucion-de-pago-woocommerce-plugin-de-woocommerce\/","title":{"rendered":"Stripe &#8211; Soluci\u00f3n de pago WooCommerce &#8211; Plugin de WooCommerce"},"content":{"rendered":"<p><span id=\"result_box\" class=\"\" lang=\"es\">El complemento de WooCommerce Stripe le permitir\u00e1 aceptar pagos bancarios directamente en la p\u00e1gina de pago de su sitio web o dispositivo m\u00f3vil. Con el complemento WooCommerce Stripe, sus clientes permanecen en su sitio de comercio electr\u00f3nico durante todo el proceso de pago, sin que se los redireccione a la p\u00e1gina de pago del banco. Esto se ha demostrado, este tipo de operaci\u00f3n aumenta la credibilidad del sitio a los ojos de los clientes, y por lo tanto, naturalmente aumenta las ventas.<\/p>\n<p><span class=\"\">Stripe es un m\u00e9todo simple para aceptar pagos bancarios directamente en su sitio WooCommerce.<\/span> <span class=\"\">Tendr\u00e1 que crear una cuenta en Stripe pero esto es gratis y sin costo y costos ocultos.<\/span> <span class=\"\">Stripe es utilizado por cientos de miles de sitios de comercio electr\u00f3nico de todo el mundo.<\/span> <span class=\"\">Con m\u00e1s de 25 pa\u00edses diferentes administrados por esta soluci\u00f3n bancaria, esto se entiende f\u00e1cilmente.<\/span> <span class=\"\">Adem\u00e1s de eso, Strip acepta no menos de 135 monedas diferentes.<\/span><\/p>\n<p><span class=\"\">Este complemento de WooCommerce es gratuito.<\/span><\/span><\/p>\n","protected":false},"excerpt":{"rendered":"<p><span id=\"result_box\" class=\"\" lang=\"es\">El complemento Stripe le permitir\u00e1 integrar la soluci\u00f3n de pago del mismo nombre con su sitio eCommerce WooCommerce.<\/span><\/p>\n","protected":false},"featured_media":219,"template":"","meta":{"_monsterinsights_skip_tracking":false,"_monsterinsights_sitenote_active":false,"_monsterinsights_sitenote_note":"","_monsterinsights_sitenote_category":0},"product_cat":[220],"product_tag":[232,262],"class_list":["post-2863","product","type-product","status-publish","has-post-thumbnail","hentry","product_cat-plugin-woocommerce-es","product_tag-extension-gratuita-de-woocommerce","product_tag-solucion-pago-woocommerce","pa_dev-woo-plugin-theme-woocommerce-es","pa_marketplace-woocommerce-woocommerce-com-es"],"yoast_head":"<!-- This site is optimized with the Yoast SEO plugin v23.1 - https:\/\/yoast.com\/wordpress\/plugins\/seo\/ -->\n<title>Stripe - Soluci\u00f3n de pago WooCommerce - Plugin de WooCommerce<\/title>\n<meta name=\"description\" content=\"El complemento WooCommerce para administrar la soluci\u00f3n de pago Stripe.\" \/>\n<meta name=\"robots\" content=\"index, follow, max-snippet:-1, max-image-preview:large, max-video-preview:-1\" \/>\n<link rel=\"canonical\" href=\"https:\/\/woo-themes-plugins.com\/es\/producto\/stripe-solucion-de-pago-woocommerce-plugin-de-woocommerce\/\" \/>\n<meta property=\"og:locale\" content=\"es_ES\" \/>\n<meta property=\"og:type\" content=\"article\" \/>\n<meta property=\"og:title\" content=\"Stripe - Soluci\u00f3n de pago WooCommerce - Plugin de WooCommerce\" \/>\n<meta property=\"og:description\" content=\"El complemento WooCommerce para administrar la soluci\u00f3n de pago Stripe.\" \/>\n<meta property=\"og:url\" content=\"https:\/\/woo-themes-plugins.com\/es\/producto\/stripe-solucion-de-pago-woocommerce-plugin-de-woocommerce\/\" \/>\n<meta property=\"og:site_name\" content=\"Woo-themes-plugins.com\" \/>\n<meta property=\"og:image\" content=\"https:\/\/woo-themes-plugins.com\/wp-content\/uploads\/sites\/7\/2018\/03\/stripe.jpg\" \/>\n\t<meta property=\"og:image:width\" content=\"1024\" \/>\n\t<meta property=\"og:image:height\" content=\"512\" \/>\n\t<meta property=\"og:image:type\" content=\"image\/jpeg\" \/>\n<meta name=\"twitter:label1\" content=\"Tiempo de lectura\" \/>\n\t<meta name=\"twitter:data1\" content=\"1 minuto\" \/>\n<script type=\"application\/ld+json\" class=\"yoast-schema-graph\">{\"@context\":\"https:\/\/schema.org\",\"@graph\":[{\"@type\":\"WebPage\",\"@id\":\"https:\/\/woo-themes-plugins.com\/es\/producto\/stripe-solucion-de-pago-woocommerce-plugin-de-woocommerce\/\",\"url\":\"https:\/\/woo-themes-plugins.com\/es\/producto\/stripe-solucion-de-pago-woocommerce-plugin-de-woocommerce\/\",\"name\":\"Stripe - Soluci\u00f3n de pago WooCommerce - Plugin de WooCommerce\",\"isPartOf\":{\"@id\":\"https:\/\/woo-themes-plugins.com\/it\/#website\"},\"primaryImageOfPage\":{\"@id\":\"https:\/\/woo-themes-plugins.com\/es\/producto\/stripe-solucion-de-pago-woocommerce-plugin-de-woocommerce\/#primaryimage\"},\"image\":{\"@id\":\"https:\/\/woo-themes-plugins.com\/es\/producto\/stripe-solucion-de-pago-woocommerce-plugin-de-woocommerce\/#primaryimage\"},\"thumbnailUrl\":\"https:\/\/woo-themes-plugins.com\/wp-content\/uploads\/sites\/7\/2018\/03\/stripe.jpg\",\"datePublished\":\"2018-03-23T19:13:19+00:00\",\"dateModified\":\"2018-03-23T19:13:19+00:00\",\"description\":\"El complemento WooCommerce para administrar la soluci\u00f3n de pago Stripe.\",\"breadcrumb\":{\"@id\":\"https:\/\/woo-themes-plugins.com\/es\/producto\/stripe-solucion-de-pago-woocommerce-plugin-de-woocommerce\/#breadcrumb\"},\"inLanguage\":\"es\",\"potentialAction\":[{\"@type\":\"ReadAction\",\"target\":[\"https:\/\/woo-themes-plugins.com\/es\/producto\/stripe-solucion-de-pago-woocommerce-plugin-de-woocommerce\/\"]}]},{\"@type\":\"ImageObject\",\"inLanguage\":\"es\",\"@id\":\"https:\/\/woo-themes-plugins.com\/es\/producto\/stripe-solucion-de-pago-woocommerce-plugin-de-woocommerce\/#primaryimage\",\"url\":\"https:\/\/woo-themes-plugins.com\/wp-content\/uploads\/sites\/7\/2018\/03\/stripe.jpg\",\"contentUrl\":\"https:\/\/woo-themes-plugins.com\/wp-content\/uploads\/sites\/7\/2018\/03\/stripe.jpg\",\"width\":1024,\"height\":512},{\"@type\":\"BreadcrumbList\",\"@id\":\"https:\/\/woo-themes-plugins.com\/es\/producto\/stripe-solucion-de-pago-woocommerce-plugin-de-woocommerce\/#breadcrumb\",\"itemListElement\":[{\"@type\":\"ListItem\",\"position\":1,\"name\":\"Accueil\",\"item\":\"https:\/\/woo-themes-plugins.com\/fr\/\"},{\"@type\":\"ListItem\",\"position\":2,\"name\":\"Shop\",\"item\":\"https:\/\/woo-themes-plugins.com\/shop\/\"},{\"@type\":\"ListItem\",\"position\":3,\"name\":\"Stripe &#8211; Soluci\u00f3n de pago WooCommerce &#8211; Plugin de WooCommerce\"}]},{\"@type\":\"WebSite\",\"@id\":\"https:\/\/woo-themes-plugins.com\/it\/#website\",\"url\":\"https:\/\/woo-themes-plugins.com\/it\/\",\"name\":\"Woo-themes-plugins.com\",\"description\":\"Tous les th\u00e8mes et plugins WooCommerce Premium\",\"potentialAction\":[{\"@type\":\"SearchAction\",\"target\":{\"@type\":\"EntryPoint\",\"urlTemplate\":\"https:\/\/woo-themes-plugins.com\/it\/?s={search_term_string}\"},\"query-input\":\"required name=search_term_string\"}],\"inLanguage\":\"es\"}]}<\/script>\n<!-- \/ Yoast SEO plugin. -->","yoast_head_json":{"title":"Stripe - Soluci\u00f3n de pago WooCommerce - Plugin de WooCommerce","description":"El complemento WooCommerce para administrar la soluci\u00f3n de pago Stripe.","robots":{"index":"index","follow":"follow","max-snippet":"max-snippet:-1","max-image-preview":"max-image-preview:large","max-video-preview":"max-video-preview:-1"},"canonical":"https:\/\/woo-themes-plugins.com\/es\/producto\/stripe-solucion-de-pago-woocommerce-plugin-de-woocommerce\/","og_locale":"es_ES","og_type":"article","og_title":"Stripe - Soluci\u00f3n de pago WooCommerce - Plugin de WooCommerce","og_description":"El complemento WooCommerce para administrar la soluci\u00f3n de pago Stripe.","og_url":"https:\/\/woo-themes-plugins.com\/es\/producto\/stripe-solucion-de-pago-woocommerce-plugin-de-woocommerce\/","og_site_name":"Woo-themes-plugins.com","og_image":[{"width":1024,"height":512,"url":"https:\/\/woo-themes-plugins.com\/wp-content\/uploads\/sites\/7\/2018\/03\/stripe.jpg","type":"image\/jpeg"}],"twitter_misc":{"Tiempo de lectura":"1 minuto"},"schema":{"@context":"https:\/\/schema.org","@graph":[{"@type":"WebPage","@id":"https:\/\/woo-themes-plugins.com\/es\/producto\/stripe-solucion-de-pago-woocommerce-plugin-de-woocommerce\/","url":"https:\/\/woo-themes-plugins.com\/es\/producto\/stripe-solucion-de-pago-woocommerce-plugin-de-woocommerce\/","name":"Stripe - Soluci\u00f3n de pago WooCommerce - Plugin de WooCommerce","isPartOf":{"@id":"https:\/\/woo-themes-plugins.com\/it\/#website"},"primaryImageOfPage":{"@id":"https:\/\/woo-themes-plugins.com\/es\/producto\/stripe-solucion-de-pago-woocommerce-plugin-de-woocommerce\/#primaryimage"},"image":{"@id":"https:\/\/woo-themes-plugins.com\/es\/producto\/stripe-solucion-de-pago-woocommerce-plugin-de-woocommerce\/#primaryimage"},"thumbnailUrl":"https:\/\/woo-themes-plugins.com\/wp-content\/uploads\/sites\/7\/2018\/03\/stripe.jpg","datePublished":"2018-03-23T19:13:19+00:00","dateModified":"2018-03-23T19:13:19+00:00","description":"El complemento WooCommerce para administrar la soluci\u00f3n de pago Stripe.","breadcrumb":{"@id":"https:\/\/woo-themes-plugins.com\/es\/producto\/stripe-solucion-de-pago-woocommerce-plugin-de-woocommerce\/#breadcrumb"},"inLanguage":"es","potentialAction":[{"@type":"ReadAction","target":["https:\/\/woo-themes-plugins.com\/es\/producto\/stripe-solucion-de-pago-woocommerce-plugin-de-woocommerce\/"]}]},{"@type":"ImageObject","inLanguage":"es","@id":"https:\/\/woo-themes-plugins.com\/es\/producto\/stripe-solucion-de-pago-woocommerce-plugin-de-woocommerce\/#primaryimage","url":"https:\/\/woo-themes-plugins.com\/wp-content\/uploads\/sites\/7\/2018\/03\/stripe.jpg","contentUrl":"https:\/\/woo-themes-plugins.com\/wp-content\/uploads\/sites\/7\/2018\/03\/stripe.jpg","width":1024,"height":512},{"@type":"BreadcrumbList","@id":"https:\/\/woo-themes-plugins.com\/es\/producto\/stripe-solucion-de-pago-woocommerce-plugin-de-woocommerce\/#breadcrumb","itemListElement":[{"@type":"ListItem","position":1,"name":"Accueil","item":"https:\/\/woo-themes-plugins.com\/fr\/"},{"@type":"ListItem","position":2,"name":"Shop","item":"https:\/\/woo-themes-plugins.com\/shop\/"},{"@type":"ListItem","position":3,"name":"Stripe &#8211; Soluci\u00f3n de pago WooCommerce &#8211; Plugin de WooCommerce"}]},{"@type":"WebSite","@id":"https:\/\/woo-themes-plugins.com\/it\/#website","url":"https:\/\/woo-themes-plugins.com\/it\/","name":"Woo-themes-plugins.com","description":"Tous les th\u00e8mes et plugins WooCommerce Premium","potentialAction":[{"@type":"SearchAction","target":{"@type":"EntryPoint","urlTemplate":"https:\/\/woo-themes-plugins.com\/it\/?s={search_term_string}"},"query-input":"required name=search_term_string"}],"inLanguage":"es"}]}},"_links":{"self":[{"href":"https:\/\/woo-themes-plugins.com\/es\/wp-json\/wp\/v2\/product\/2863","targetHints":{"allow":["GET"]}}],"collection":[{"href":"https:\/\/woo-themes-plugins.com\/es\/wp-json\/wp\/v2\/product"}],"about":[{"href":"https:\/\/woo-themes-plugins.com\/es\/wp-json\/wp\/v2\/types\/product"}],"wp:featuredmedia":[{"embeddable":true,"href":"https:\/\/woo-themes-plugins.com\/es\/wp-json\/wp\/v2\/media\/219"}],"wp:attachment":[{"href":"https:\/\/woo-themes-plugins.com\/es\/wp-json\/wp\/v2\/media?parent=2863"}],"wp:term":[{"taxonomy":"product_cat","embeddable":true,"href":"https:\/\/woo-themes-plugins.com\/es\/wp-json\/wp\/v2\/product_cat?post=2863"},{"taxonomy":"product_tag","embeddable":true,"href":"https:\/\/woo-themes-plugins.com\/es\/wp-json\/wp\/v2\/product_tag?post=2863"}],"curies":[{"name":"wp","href":"https:\/\/api.w.org\/{rel}","templated":true}]}}