{"id":5052,"date":"2018-03-27T08:45:07","date_gmt":"2018-03-27T07:45:07","guid":{"rendered":"https:\/\/woo-themes-plugins.com\/product\/retro-tema-vintage-woocommerce-tema-de-paquete-simple-receptivo-y-premium\/"},"modified":"2018-03-27T08:45:07","modified_gmt":"2018-03-27T07:45:07","slug":"retro-tema-vintage-woocommerce-tema-de-paquete-simple-receptivo-y-premium","status":"publish","type":"product","link":"https:\/\/woo-themes-plugins.com\/es\/product\/retro-tema-vintage-woocommerce-tema-de-paquete-simple-receptivo-y-premium\/","title":{"rendered":"Retro &#8211; Tema Vintage WooCommerce &#8211; Tema de paquete simple, receptivo y premium"},"content":{"rendered":"","protected":false},"excerpt":{"rendered":"<p><span id=\"result_box\" class=\"\" lang=\"es\">Por mi parte, cuando me gusta un tema de WooCommerce, tambi\u00e9n debo admitir que me encanta que est\u00e9 acompa\u00f1ado de complementos premium, siempre es un ahorro interesante. Por supuesto, su tema debe actualizarse a menudo. Con Retro, estamos lidiando con un tema de WooCommerce que pone todo en el lado vintage con una poderosa interfaz de administraci\u00f3n y personalizaci\u00f3n. <span class=\"\">La representaci\u00f3n es realmente interesante y sus posibilidades de personalizaci\u00f3n ofrecen una amplia gama de posibilidades.<\/span> <span class=\"\">Lo mejor de todo, \u00a14 complementos premium de eCommerce incluidos!<\/span><\/span><\/p>\n","protected":false},"featured_media":446,"template":"","meta":{"_monsterinsights_skip_tracking":false,"_monsterinsights_sitenote_active":false,"_monsterinsights_sitenote_note":"","_monsterinsights_sitenote_category":0},"product_cat":[221],"product_tag":[300,275,299,224,229,306,265,264,263,301,303,287],"class_list":["post-5052","product","type-product","status-publish","has-post-thumbnail","hentry","product_cat-tema-de-woocommerce","product_tag-control-deslizante-woocommerce-y-revolution","product_tag-el-tema-de-la-vendimia-de-woocommerce","product_tag-instalacion-de-woocommerce-un-clic","product_tag-paquete-de-complementos-premium","product_tag-principiante-woocommerce","product_tag-responsive-woocommerce","product_tag-tema-de-woocommerce-con-blog","product_tag-tema-woocommerce-y-ajax","product_tag-temas-personalizables-de-woocommerce","product_tag-woocommerce-visual-composer-es","product_tag-woocommerce-multilingual","product_tag-woocommerce-y-joyeria","pa_dev-woo-plugin-theme-olegnax-es","pa_marketplace-woocommerce-themeforest-net-es"],"yoast_head":"<!-- This site is optimized with the Yoast SEO plugin v23.1 - https:\/\/yoast.com\/wordpress\/plugins\/seo\/ -->\n<title>Retro - Tema Vintage WooCommerce - Tema de paquete simple, receptivo y premium - Woo-themes-plugins.com<\/title>\n<meta name=\"robots\" content=\"index, follow, max-snippet:-1, max-image-preview:large, max-video-preview:-1\" \/>\n<link rel=\"canonical\" href=\"https:\/\/woo-themes-plugins.com\/es\/producto\/retro-tema-vintage-woocommerce-tema-de-paquete-simple-receptivo-y-premium\/\" \/>\n<meta property=\"og:locale\" content=\"es_ES\" \/>\n<meta property=\"og:type\" content=\"article\" \/>\n<meta property=\"og:title\" content=\"Retro - Tema Vintage WooCommerce - Tema de paquete simple, receptivo y premium - Woo-themes-plugins.com\" \/>\n<meta property=\"og:description\" content=\"Por mi parte, cuando me gusta un tema de WooCommerce, tambi\u00e9n debo admitir que me encanta que est\u00e9 acompa\u00f1ado de complementos premium, siempre es un ahorro interesante. Por supuesto, su tema debe actualizarse a menudo. Con Retro, estamos lidiando con un tema de WooCommerce que pone todo en el lado vintage con una poderosa interfaz de administraci\u00f3n y personalizaci\u00f3n. La representaci\u00f3n es realmente interesante y sus posibilidades de personalizaci\u00f3n ofrecen una amplia gama de posibilidades. Lo mejor de todo, \u00a14 complementos premium de eCommerce incluidos!\" \/>\n<meta property=\"og:url\" content=\"https:\/\/woo-themes-plugins.com\/es\/producto\/retro-tema-vintage-woocommerce-tema-de-paquete-simple-receptivo-y-premium\/\" \/>\n<meta property=\"og:site_name\" content=\"Woo-themes-plugins.com\" \/>\n<meta property=\"og:image\" content=\"https:\/\/woo-themes-plugins.com\/wp-content\/uploads\/sites\/7\/2018\/03\/woo-themes-plugins-retro-theme-woocommerce-vvintage-theme-simple-responsive-bundle-premium.jpeg\" \/>\n\t<meta property=\"og:image:width\" content=\"590\" \/>\n\t<meta property=\"og:image:height\" content=\"300\" \/>\n\t<meta property=\"og:image:type\" content=\"image\/jpeg\" \/>\n<script type=\"application\/ld+json\" class=\"yoast-schema-graph\">{\"@context\":\"https:\/\/schema.org\",\"@graph\":[{\"@type\":\"WebPage\",\"@id\":\"https:\/\/woo-themes-plugins.com\/es\/producto\/retro-tema-vintage-woocommerce-tema-de-paquete-simple-receptivo-y-premium\/\",\"url\":\"https:\/\/woo-themes-plugins.com\/es\/producto\/retro-tema-vintage-woocommerce-tema-de-paquete-simple-receptivo-y-premium\/\",\"name\":\"Retro - Tema Vintage WooCommerce - Tema de paquete simple, receptivo y premium - Woo-themes-plugins.com\",\"isPartOf\":{\"@id\":\"https:\/\/woo-themes-plugins.com\/it\/#website\"},\"primaryImageOfPage\":{\"@id\":\"https:\/\/woo-themes-plugins.com\/es\/producto\/retro-tema-vintage-woocommerce-tema-de-paquete-simple-receptivo-y-premium\/#primaryimage\"},\"image\":{\"@id\":\"https:\/\/woo-themes-plugins.com\/es\/producto\/retro-tema-vintage-woocommerce-tema-de-paquete-simple-receptivo-y-premium\/#primaryimage\"},\"thumbnailUrl\":\"https:\/\/woo-themes-plugins.com\/wp-content\/uploads\/sites\/7\/2018\/03\/woo-themes-plugins-retro-theme-woocommerce-vvintage-theme-simple-responsive-bundle-premium.jpeg\",\"datePublished\":\"2018-03-27T07:45:07+00:00\",\"dateModified\":\"2018-03-27T07:45:07+00:00\",\"breadcrumb\":{\"@id\":\"https:\/\/woo-themes-plugins.com\/es\/producto\/retro-tema-vintage-woocommerce-tema-de-paquete-simple-receptivo-y-premium\/#breadcrumb\"},\"inLanguage\":\"es\",\"potentialAction\":[{\"@type\":\"ReadAction\",\"target\":[\"https:\/\/woo-themes-plugins.com\/es\/producto\/retro-tema-vintage-woocommerce-tema-de-paquete-simple-receptivo-y-premium\/\"]}]},{\"@type\":\"ImageObject\",\"inLanguage\":\"es\",\"@id\":\"https:\/\/woo-themes-plugins.com\/es\/producto\/retro-tema-vintage-woocommerce-tema-de-paquete-simple-receptivo-y-premium\/#primaryimage\",\"url\":\"https:\/\/woo-themes-plugins.com\/wp-content\/uploads\/sites\/7\/2018\/03\/woo-themes-plugins-retro-theme-woocommerce-vvintage-theme-simple-responsive-bundle-premium.jpeg\",\"contentUrl\":\"https:\/\/woo-themes-plugins.com\/wp-content\/uploads\/sites\/7\/2018\/03\/woo-themes-plugins-retro-theme-woocommerce-vvintage-theme-simple-responsive-bundle-premium.jpeg\",\"width\":590,\"height\":300},{\"@type\":\"BreadcrumbList\",\"@id\":\"https:\/\/woo-themes-plugins.com\/es\/producto\/retro-tema-vintage-woocommerce-tema-de-paquete-simple-receptivo-y-premium\/#breadcrumb\",\"itemListElement\":[{\"@type\":\"ListItem\",\"position\":1,\"name\":\"Accueil\",\"item\":\"https:\/\/woo-themes-plugins.com\/fr\/\"},{\"@type\":\"ListItem\",\"position\":2,\"name\":\"Shop\",\"item\":\"https:\/\/woo-themes-plugins.com\/shop\/\"},{\"@type\":\"ListItem\",\"position\":3,\"name\":\"Retro &#8211; Tema Vintage WooCommerce &#8211; Tema de paquete simple, receptivo y premium\"}]},{\"@type\":\"WebSite\",\"@id\":\"https:\/\/woo-themes-plugins.com\/it\/#website\",\"url\":\"https:\/\/woo-themes-plugins.com\/it\/\",\"name\":\"Woo-themes-plugins.com\",\"description\":\"Tous les th\u00e8mes et plugins WooCommerce Premium\",\"potentialAction\":[{\"@type\":\"SearchAction\",\"target\":{\"@type\":\"EntryPoint\",\"urlTemplate\":\"https:\/\/woo-themes-plugins.com\/it\/?s={search_term_string}\"},\"query-input\":\"required name=search_term_string\"}],\"inLanguage\":\"es\"}]}<\/script>\n<!-- \/ Yoast SEO plugin. -->","yoast_head_json":{"title":"Retro - Tema Vintage WooCommerce - Tema de paquete simple, receptivo y premium - Woo-themes-plugins.com","robots":{"index":"index","follow":"follow","max-snippet":"max-snippet:-1","max-image-preview":"max-image-preview:large","max-video-preview":"max-video-preview:-1"},"canonical":"https:\/\/woo-themes-plugins.com\/es\/producto\/retro-tema-vintage-woocommerce-tema-de-paquete-simple-receptivo-y-premium\/","og_locale":"es_ES","og_type":"article","og_title":"Retro - Tema Vintage WooCommerce - Tema de paquete simple, receptivo y premium - Woo-themes-plugins.com","og_description":"Por mi parte, cuando me gusta un tema de WooCommerce, tambi\u00e9n debo admitir que me encanta que est\u00e9 acompa\u00f1ado de complementos premium, siempre es un ahorro interesante. Por supuesto, su tema debe actualizarse a menudo. Con Retro, estamos lidiando con un tema de WooCommerce que pone todo en el lado vintage con una poderosa interfaz de administraci\u00f3n y personalizaci\u00f3n. La representaci\u00f3n es realmente interesante y sus posibilidades de personalizaci\u00f3n ofrecen una amplia gama de posibilidades. Lo mejor de todo, \u00a14 complementos premium de eCommerce incluidos!","og_url":"https:\/\/woo-themes-plugins.com\/es\/producto\/retro-tema-vintage-woocommerce-tema-de-paquete-simple-receptivo-y-premium\/","og_site_name":"Woo-themes-plugins.com","og_image":[{"width":590,"height":300,"url":"https:\/\/woo-themes-plugins.com\/wp-content\/uploads\/sites\/7\/2018\/03\/woo-themes-plugins-retro-theme-woocommerce-vvintage-theme-simple-responsive-bundle-premium.jpeg","type":"image\/jpeg"}],"schema":{"@context":"https:\/\/schema.org","@graph":[{"@type":"WebPage","@id":"https:\/\/woo-themes-plugins.com\/es\/producto\/retro-tema-vintage-woocommerce-tema-de-paquete-simple-receptivo-y-premium\/","url":"https:\/\/woo-themes-plugins.com\/es\/producto\/retro-tema-vintage-woocommerce-tema-de-paquete-simple-receptivo-y-premium\/","name":"Retro - Tema Vintage WooCommerce - Tema de paquete simple, receptivo y premium - Woo-themes-plugins.com","isPartOf":{"@id":"https:\/\/woo-themes-plugins.com\/it\/#website"},"primaryImageOfPage":{"@id":"https:\/\/woo-themes-plugins.com\/es\/producto\/retro-tema-vintage-woocommerce-tema-de-paquete-simple-receptivo-y-premium\/#primaryimage"},"image":{"@id":"https:\/\/woo-themes-plugins.com\/es\/producto\/retro-tema-vintage-woocommerce-tema-de-paquete-simple-receptivo-y-premium\/#primaryimage"},"thumbnailUrl":"https:\/\/woo-themes-plugins.com\/wp-content\/uploads\/sites\/7\/2018\/03\/woo-themes-plugins-retro-theme-woocommerce-vvintage-theme-simple-responsive-bundle-premium.jpeg","datePublished":"2018-03-27T07:45:07+00:00","dateModified":"2018-03-27T07:45:07+00:00","breadcrumb":{"@id":"https:\/\/woo-themes-plugins.com\/es\/producto\/retro-tema-vintage-woocommerce-tema-de-paquete-simple-receptivo-y-premium\/#breadcrumb"},"inLanguage":"es","potentialAction":[{"@type":"ReadAction","target":["https:\/\/woo-themes-plugins.com\/es\/producto\/retro-tema-vintage-woocommerce-tema-de-paquete-simple-receptivo-y-premium\/"]}]},{"@type":"ImageObject","inLanguage":"es","@id":"https:\/\/woo-themes-plugins.com\/es\/producto\/retro-tema-vintage-woocommerce-tema-de-paquete-simple-receptivo-y-premium\/#primaryimage","url":"https:\/\/woo-themes-plugins.com\/wp-content\/uploads\/sites\/7\/2018\/03\/woo-themes-plugins-retro-theme-woocommerce-vvintage-theme-simple-responsive-bundle-premium.jpeg","contentUrl":"https:\/\/woo-themes-plugins.com\/wp-content\/uploads\/sites\/7\/2018\/03\/woo-themes-plugins-retro-theme-woocommerce-vvintage-theme-simple-responsive-bundle-premium.jpeg","width":590,"height":300},{"@type":"BreadcrumbList","@id":"https:\/\/woo-themes-plugins.com\/es\/producto\/retro-tema-vintage-woocommerce-tema-de-paquete-simple-receptivo-y-premium\/#breadcrumb","itemListElement":[{"@type":"ListItem","position":1,"name":"Accueil","item":"https:\/\/woo-themes-plugins.com\/fr\/"},{"@type":"ListItem","position":2,"name":"Shop","item":"https:\/\/woo-themes-plugins.com\/shop\/"},{"@type":"ListItem","position":3,"name":"Retro &#8211; Tema Vintage WooCommerce &#8211; Tema de paquete simple, receptivo y premium"}]},{"@type":"WebSite","@id":"https:\/\/woo-themes-plugins.com\/it\/#website","url":"https:\/\/woo-themes-plugins.com\/it\/","name":"Woo-themes-plugins.com","description":"Tous les th\u00e8mes et plugins WooCommerce Premium","potentialAction":[{"@type":"SearchAction","target":{"@type":"EntryPoint","urlTemplate":"https:\/\/woo-themes-plugins.com\/it\/?s={search_term_string}"},"query-input":"required name=search_term_string"}],"inLanguage":"es"}]}},"_links":{"self":[{"href":"https:\/\/woo-themes-plugins.com\/es\/wp-json\/wp\/v2\/product\/5052","targetHints":{"allow":["GET"]}}],"collection":[{"href":"https:\/\/woo-themes-plugins.com\/es\/wp-json\/wp\/v2\/product"}],"about":[{"href":"https:\/\/woo-themes-plugins.com\/es\/wp-json\/wp\/v2\/types\/product"}],"wp:featuredmedia":[{"embeddable":true,"href":"https:\/\/woo-themes-plugins.com\/es\/wp-json\/wp\/v2\/media\/446"}],"wp:attachment":[{"href":"https:\/\/woo-themes-plugins.com\/es\/wp-json\/wp\/v2\/media?parent=5052"}],"wp:term":[{"taxonomy":"product_cat","embeddable":true,"href":"https:\/\/woo-themes-plugins.com\/es\/wp-json\/wp\/v2\/product_cat?post=5052"},{"taxonomy":"product_tag","embeddable":true,"href":"https:\/\/woo-themes-plugins.com\/es\/wp-json\/wp\/v2\/product_tag?post=5052"}],"curies":[{"name":"wp","href":"https:\/\/api.w.org\/{rel}","templated":true}]}}