{"id":5054,"date":"2018-03-27T08:33:25","date_gmt":"2018-03-27T07:33:25","guid":{"rendered":"https:\/\/woo-themes-plugins.com\/product\/electro-woocommerce-theme-hi-tech-marketplace-tema-moderno-y-flexible\/"},"modified":"2018-03-27T08:33:25","modified_gmt":"2018-03-27T07:33:25","slug":"electro-woocommerce-theme-hi-tech-marketplace-tema-moderno-y-flexible","status":"publish","type":"product","link":"https:\/\/woo-themes-plugins.com\/es\/product\/electro-woocommerce-theme-hi-tech-marketplace-tema-moderno-y-flexible\/","title":{"rendered":"Electro &#8211; WooCommerce Theme Hi-Tech \/ Marketplace &#8211; Tema moderno y flexible"},"content":{"rendered":"","protected":false},"excerpt":{"rendered":"<p><span id=\"result_box\" class=\"\" lang=\"es\">Electro es el tema perfecto de WooCommerce para aquellos que desean lanzar una tienda en l\u00ednea moderna orientada a las \u00faltimas tecnolog\u00edas. Este tema de WooCommerce ofrece un entorno interesante para las tiendas que trabajan con m\u00faltiples marcas. Mejor, si piensas montar un sitio orientado al mercado en Hi-Tech, entonces Electro es un tema de WooCommerce que tienes que estudiar seriamente.<\/span><\/p>\n","protected":false},"featured_media":2267,"template":"","meta":{"_monsterinsights_skip_tracking":false,"_monsterinsights_sitenote_active":false,"_monsterinsights_sitenote_note":"","_monsterinsights_sitenote_category":0},"product_cat":[221],"product_tag":[300,299,269,224,229,306,270,263,301,303,304,287,292,296],"class_list":["post-5054","product","type-product","status-publish","has-post-thumbnail","hentry","product_cat-tema-de-woocommerce","product_tag-control-deslizante-woocommerce-y-revolution","product_tag-instalacion-de-woocommerce-un-clic","product_tag-minimalista-de-woocommerce-del-tema","product_tag-paquete-de-complementos-premium","product_tag-principiante-woocommerce","product_tag-responsive-woocommerce","product_tag-tema-moderno-del-woocommerce","product_tag-temas-personalizables-de-woocommerce","product_tag-woocommerce-visual-composer-es","product_tag-woocommerce-multilingual","product_tag-woocommerce-optimizado","product_tag-woocommerce-y-joyeria","product_tag-woocommerce-y-lujo-alto-de-la-gama","product_tag-woocommerce-y-marketplace","pa_dev-woo-plugin-theme-madrasthemes-es","pa_marketplace-woocommerce-themeforest-net-es"],"yoast_head":"<!-- This site is optimized with the Yoast SEO plugin v23.1 - https:\/\/yoast.com\/wordpress\/plugins\/seo\/ -->\n<title>Electro - WooCommerce Theme Hi-Tech \/ Marketplace - Tema moderno y flexible - Woo-themes-plugins.com<\/title>\n<meta name=\"robots\" content=\"index, follow, max-snippet:-1, max-image-preview:large, max-video-preview:-1\" \/>\n<link rel=\"canonical\" href=\"https:\/\/woo-themes-plugins.com\/es\/producto\/electro-woocommerce-theme-hi-tech-marketplace-tema-moderno-y-flexible\/\" \/>\n<meta property=\"og:locale\" content=\"es_ES\" \/>\n<meta property=\"og:type\" content=\"article\" \/>\n<meta property=\"og:title\" content=\"Electro - WooCommerce Theme Hi-Tech \/ Marketplace - Tema moderno y flexible - Woo-themes-plugins.com\" \/>\n<meta property=\"og:description\" content=\"Electro es el tema perfecto de WooCommerce para aquellos que desean lanzar una tienda en l\u00ednea moderna orientada a las \u00faltimas tecnolog\u00edas. Este tema de WooCommerce ofrece un entorno interesante para las tiendas que trabajan con m\u00faltiples marcas. Mejor, si piensas montar un sitio orientado al mercado en Hi-Tech, entonces Electro es un tema de WooCommerce que tienes que estudiar seriamente.\" \/>\n<meta property=\"og:url\" content=\"https:\/\/woo-themes-plugins.com\/es\/producto\/electro-woocommerce-theme-hi-tech-marketplace-tema-moderno-y-flexible\/\" \/>\n<meta property=\"og:site_name\" content=\"Woo-themes-plugins.com\" \/>\n<meta property=\"og:image\" content=\"https:\/\/woo-themes-plugins.com\/wp-content\/uploads\/sites\/7\/2018\/03\/woo-themes-plugins_electro-theme-woocommerce-marketplace-electronics-modern-flexible-7.jpg\" \/>\n\t<meta property=\"og:image:width\" content=\"649\" \/>\n\t<meta property=\"og:image:height\" content=\"900\" \/>\n\t<meta property=\"og:image:type\" content=\"image\/jpeg\" \/>\n<script type=\"application\/ld+json\" class=\"yoast-schema-graph\">{\"@context\":\"https:\/\/schema.org\",\"@graph\":[{\"@type\":\"WebPage\",\"@id\":\"https:\/\/woo-themes-plugins.com\/es\/producto\/electro-woocommerce-theme-hi-tech-marketplace-tema-moderno-y-flexible\/\",\"url\":\"https:\/\/woo-themes-plugins.com\/es\/producto\/electro-woocommerce-theme-hi-tech-marketplace-tema-moderno-y-flexible\/\",\"name\":\"Electro - WooCommerce Theme Hi-Tech \/ Marketplace - Tema moderno y flexible - Woo-themes-plugins.com\",\"isPartOf\":{\"@id\":\"https:\/\/woo-themes-plugins.com\/it\/#website\"},\"primaryImageOfPage\":{\"@id\":\"https:\/\/woo-themes-plugins.com\/es\/producto\/electro-woocommerce-theme-hi-tech-marketplace-tema-moderno-y-flexible\/#primaryimage\"},\"image\":{\"@id\":\"https:\/\/woo-themes-plugins.com\/es\/producto\/electro-woocommerce-theme-hi-tech-marketplace-tema-moderno-y-flexible\/#primaryimage\"},\"thumbnailUrl\":\"https:\/\/woo-themes-plugins.com\/wp-content\/uploads\/sites\/7\/2018\/03\/woo-themes-plugins_electro-theme-woocommerce-marketplace-electronics-modern-flexible-7.jpg\",\"datePublished\":\"2018-03-27T07:33:25+00:00\",\"dateModified\":\"2018-03-27T07:33:25+00:00\",\"breadcrumb\":{\"@id\":\"https:\/\/woo-themes-plugins.com\/es\/producto\/electro-woocommerce-theme-hi-tech-marketplace-tema-moderno-y-flexible\/#breadcrumb\"},\"inLanguage\":\"es\",\"potentialAction\":[{\"@type\":\"ReadAction\",\"target\":[\"https:\/\/woo-themes-plugins.com\/es\/producto\/electro-woocommerce-theme-hi-tech-marketplace-tema-moderno-y-flexible\/\"]}]},{\"@type\":\"ImageObject\",\"inLanguage\":\"es\",\"@id\":\"https:\/\/woo-themes-plugins.com\/es\/producto\/electro-woocommerce-theme-hi-tech-marketplace-tema-moderno-y-flexible\/#primaryimage\",\"url\":\"https:\/\/woo-themes-plugins.com\/wp-content\/uploads\/sites\/7\/2018\/03\/woo-themes-plugins_electro-theme-woocommerce-marketplace-electronics-modern-flexible-7.jpg\",\"contentUrl\":\"https:\/\/woo-themes-plugins.com\/wp-content\/uploads\/sites\/7\/2018\/03\/woo-themes-plugins_electro-theme-woocommerce-marketplace-electronics-modern-flexible-7.jpg\",\"width\":649,\"height\":900},{\"@type\":\"BreadcrumbList\",\"@id\":\"https:\/\/woo-themes-plugins.com\/es\/producto\/electro-woocommerce-theme-hi-tech-marketplace-tema-moderno-y-flexible\/#breadcrumb\",\"itemListElement\":[{\"@type\":\"ListItem\",\"position\":1,\"name\":\"Accueil\",\"item\":\"https:\/\/woo-themes-plugins.com\/fr\/\"},{\"@type\":\"ListItem\",\"position\":2,\"name\":\"Shop\",\"item\":\"https:\/\/woo-themes-plugins.com\/shop\/\"},{\"@type\":\"ListItem\",\"position\":3,\"name\":\"Electro &#8211; WooCommerce Theme Hi-Tech \/ Marketplace &#8211; Tema moderno y flexible\"}]},{\"@type\":\"WebSite\",\"@id\":\"https:\/\/woo-themes-plugins.com\/it\/#website\",\"url\":\"https:\/\/woo-themes-plugins.com\/it\/\",\"name\":\"Woo-themes-plugins.com\",\"description\":\"Tous les th\u00e8mes et plugins WooCommerce Premium\",\"potentialAction\":[{\"@type\":\"SearchAction\",\"target\":{\"@type\":\"EntryPoint\",\"urlTemplate\":\"https:\/\/woo-themes-plugins.com\/it\/?s={search_term_string}\"},\"query-input\":\"required name=search_term_string\"}],\"inLanguage\":\"es\"}]}<\/script>\n<!-- \/ Yoast SEO plugin. -->","yoast_head_json":{"title":"Electro - WooCommerce Theme Hi-Tech \/ Marketplace - Tema moderno y flexible - Woo-themes-plugins.com","robots":{"index":"index","follow":"follow","max-snippet":"max-snippet:-1","max-image-preview":"max-image-preview:large","max-video-preview":"max-video-preview:-1"},"canonical":"https:\/\/woo-themes-plugins.com\/es\/producto\/electro-woocommerce-theme-hi-tech-marketplace-tema-moderno-y-flexible\/","og_locale":"es_ES","og_type":"article","og_title":"Electro - WooCommerce Theme Hi-Tech \/ Marketplace - Tema moderno y flexible - Woo-themes-plugins.com","og_description":"Electro es el tema perfecto de WooCommerce para aquellos que desean lanzar una tienda en l\u00ednea moderna orientada a las \u00faltimas tecnolog\u00edas. Este tema de WooCommerce ofrece un entorno interesante para las tiendas que trabajan con m\u00faltiples marcas. Mejor, si piensas montar un sitio orientado al mercado en Hi-Tech, entonces Electro es un tema de WooCommerce que tienes que estudiar seriamente.","og_url":"https:\/\/woo-themes-plugins.com\/es\/producto\/electro-woocommerce-theme-hi-tech-marketplace-tema-moderno-y-flexible\/","og_site_name":"Woo-themes-plugins.com","og_image":[{"width":649,"height":900,"url":"https:\/\/woo-themes-plugins.com\/wp-content\/uploads\/sites\/7\/2018\/03\/woo-themes-plugins_electro-theme-woocommerce-marketplace-electronics-modern-flexible-7.jpg","type":"image\/jpeg"}],"schema":{"@context":"https:\/\/schema.org","@graph":[{"@type":"WebPage","@id":"https:\/\/woo-themes-plugins.com\/es\/producto\/electro-woocommerce-theme-hi-tech-marketplace-tema-moderno-y-flexible\/","url":"https:\/\/woo-themes-plugins.com\/es\/producto\/electro-woocommerce-theme-hi-tech-marketplace-tema-moderno-y-flexible\/","name":"Electro - WooCommerce Theme Hi-Tech \/ Marketplace - Tema moderno y flexible - Woo-themes-plugins.com","isPartOf":{"@id":"https:\/\/woo-themes-plugins.com\/it\/#website"},"primaryImageOfPage":{"@id":"https:\/\/woo-themes-plugins.com\/es\/producto\/electro-woocommerce-theme-hi-tech-marketplace-tema-moderno-y-flexible\/#primaryimage"},"image":{"@id":"https:\/\/woo-themes-plugins.com\/es\/producto\/electro-woocommerce-theme-hi-tech-marketplace-tema-moderno-y-flexible\/#primaryimage"},"thumbnailUrl":"https:\/\/woo-themes-plugins.com\/wp-content\/uploads\/sites\/7\/2018\/03\/woo-themes-plugins_electro-theme-woocommerce-marketplace-electronics-modern-flexible-7.jpg","datePublished":"2018-03-27T07:33:25+00:00","dateModified":"2018-03-27T07:33:25+00:00","breadcrumb":{"@id":"https:\/\/woo-themes-plugins.com\/es\/producto\/electro-woocommerce-theme-hi-tech-marketplace-tema-moderno-y-flexible\/#breadcrumb"},"inLanguage":"es","potentialAction":[{"@type":"ReadAction","target":["https:\/\/woo-themes-plugins.com\/es\/producto\/electro-woocommerce-theme-hi-tech-marketplace-tema-moderno-y-flexible\/"]}]},{"@type":"ImageObject","inLanguage":"es","@id":"https:\/\/woo-themes-plugins.com\/es\/producto\/electro-woocommerce-theme-hi-tech-marketplace-tema-moderno-y-flexible\/#primaryimage","url":"https:\/\/woo-themes-plugins.com\/wp-content\/uploads\/sites\/7\/2018\/03\/woo-themes-plugins_electro-theme-woocommerce-marketplace-electronics-modern-flexible-7.jpg","contentUrl":"https:\/\/woo-themes-plugins.com\/wp-content\/uploads\/sites\/7\/2018\/03\/woo-themes-plugins_electro-theme-woocommerce-marketplace-electronics-modern-flexible-7.jpg","width":649,"height":900},{"@type":"BreadcrumbList","@id":"https:\/\/woo-themes-plugins.com\/es\/producto\/electro-woocommerce-theme-hi-tech-marketplace-tema-moderno-y-flexible\/#breadcrumb","itemListElement":[{"@type":"ListItem","position":1,"name":"Accueil","item":"https:\/\/woo-themes-plugins.com\/fr\/"},{"@type":"ListItem","position":2,"name":"Shop","item":"https:\/\/woo-themes-plugins.com\/shop\/"},{"@type":"ListItem","position":3,"name":"Electro &#8211; WooCommerce Theme Hi-Tech \/ Marketplace &#8211; Tema moderno y flexible"}]},{"@type":"WebSite","@id":"https:\/\/woo-themes-plugins.com\/it\/#website","url":"https:\/\/woo-themes-plugins.com\/it\/","name":"Woo-themes-plugins.com","description":"Tous les th\u00e8mes et plugins WooCommerce Premium","potentialAction":[{"@type":"SearchAction","target":{"@type":"EntryPoint","urlTemplate":"https:\/\/woo-themes-plugins.com\/it\/?s={search_term_string}"},"query-input":"required name=search_term_string"}],"inLanguage":"es"}]}},"_links":{"self":[{"href":"https:\/\/woo-themes-plugins.com\/es\/wp-json\/wp\/v2\/product\/5054","targetHints":{"allow":["GET"]}}],"collection":[{"href":"https:\/\/woo-themes-plugins.com\/es\/wp-json\/wp\/v2\/product"}],"about":[{"href":"https:\/\/woo-themes-plugins.com\/es\/wp-json\/wp\/v2\/types\/product"}],"wp:featuredmedia":[{"embeddable":true,"href":"https:\/\/woo-themes-plugins.com\/es\/wp-json\/wp\/v2\/media\/2267"}],"wp:attachment":[{"href":"https:\/\/woo-themes-plugins.com\/es\/wp-json\/wp\/v2\/media?parent=5054"}],"wp:term":[{"taxonomy":"product_cat","embeddable":true,"href":"https:\/\/woo-themes-plugins.com\/es\/wp-json\/wp\/v2\/product_cat?post=5054"},{"taxonomy":"product_tag","embeddable":true,"href":"https:\/\/woo-themes-plugins.com\/es\/wp-json\/wp\/v2\/product_tag?post=5054"}],"curies":[{"name":"wp","href":"https:\/\/api.w.org\/{rel}","templated":true}]}}