{"id":5055,"date":"2018-03-27T08:24:22","date_gmt":"2018-03-27T07:24:22","guid":{"rendered":"https:\/\/woo-themes-plugins.com\/product\/blanco-responsive-tema-minimalista-y-mega-menu-tema-woocommerce-fashion\/"},"modified":"2018-03-27T08:24:22","modified_gmt":"2018-03-27T07:24:22","slug":"blanco-responsive-tema-minimalista-y-mega-menu-tema-woocommerce-fashion","status":"publish","type":"product","link":"https:\/\/woo-themes-plugins.com\/es\/product\/blanco-responsive-tema-minimalista-y-mega-menu-tema-woocommerce-fashion\/","title":{"rendered":"Blanco &#8211; Responsive Tema, Minimalista y Mega Menu &#8211; Tema WooCommerce Fashion"},"content":{"rendered":"","protected":false},"excerpt":{"rendered":"<p><span id=\"result_box\" class=\"\" lang=\"es\">Desarrollado regularmente durante m\u00e1s de 6 a\u00f1os, Blanco es un tema de WooCommerce que ha llevado el minimalismo al m\u00e1ximo, al tiempo que ofrece una riqueza funcional real para el cliente final, as\u00ed como para el lanzamiento de su sitio web WooCommerce. Blanco es, sin duda, uno de los temas minimalistas de WooCommerce m\u00e1s vers\u00e1tiles del mercado.<\/span><\/p>\n","protected":false},"featured_media":2259,"template":"","meta":{"_monsterinsights_skip_tracking":false,"_monsterinsights_sitenote_active":false,"_monsterinsights_sitenote_note":"","_monsterinsights_sitenote_category":0},"product_cat":[221],"product_tag":[299,269,229,306,270,263,303,304,287,293,292,295],"class_list":["post-5055","product","type-product","status-publish","has-post-thumbnail","hentry","product_cat-tema-de-woocommerce","product_tag-instalacion-de-woocommerce-un-clic","product_tag-minimalista-de-woocommerce-del-tema","product_tag-principiante-woocommerce","product_tag-responsive-woocommerce","product_tag-tema-moderno-del-woocommerce","product_tag-temas-personalizables-de-woocommerce","product_tag-woocommerce-multilingual","product_tag-woocommerce-optimizado","product_tag-woocommerce-y-joyeria","product_tag-woocommerce-y-la-tienda-de-moda","product_tag-woocommerce-y-lujo-alto-de-la-gama","product_tag-woocommerce-y-tienda-de-ropa","pa_dev-woo-plugin-theme-8theme-es","pa_marketplace-woocommerce-themeforest-net-es"],"yoast_head":"<!-- This site is optimized with the Yoast SEO plugin v23.1 - https:\/\/yoast.com\/wordpress\/plugins\/seo\/ -->\n<title>Blanco - Responsive Tema, Minimalista y Mega Menu - Tema WooCommerce Fashion - Woo-themes-plugins.com<\/title>\n<meta name=\"robots\" content=\"index, follow, max-snippet:-1, max-image-preview:large, max-video-preview:-1\" \/>\n<link rel=\"canonical\" href=\"https:\/\/woo-themes-plugins.com\/es\/producto\/blanco-responsive-tema-minimalista-y-mega-menu-tema-woocommerce-fashion\/\" \/>\n<meta property=\"og:locale\" content=\"es_ES\" \/>\n<meta property=\"og:type\" content=\"article\" \/>\n<meta property=\"og:title\" content=\"Blanco - Responsive Tema, Minimalista y Mega Menu - Tema WooCommerce Fashion - Woo-themes-plugins.com\" \/>\n<meta property=\"og:description\" content=\"Desarrollado regularmente durante m\u00e1s de 6 a\u00f1os, Blanco es un tema de WooCommerce que ha llevado el minimalismo al m\u00e1ximo, al tiempo que ofrece una riqueza funcional real para el cliente final, as\u00ed como para el lanzamiento de su sitio web WooCommerce. Blanco es, sin duda, uno de los temas minimalistas de WooCommerce m\u00e1s vers\u00e1tiles del mercado.\" \/>\n<meta property=\"og:url\" content=\"https:\/\/woo-themes-plugins.com\/es\/producto\/blanco-responsive-tema-minimalista-y-mega-menu-tema-woocommerce-fashion\/\" \/>\n<meta property=\"og:site_name\" content=\"Woo-themes-plugins.com\" \/>\n<meta property=\"og:image\" content=\"https:\/\/woo-themes-plugins.com\/wp-content\/uploads\/sites\/7\/2018\/03\/woo-themes-plugins_blanco-theme-responsive-minimalistic-megamenu-theme-woocommerce-fashion.jpg\" \/>\n\t<meta property=\"og:image:width\" content=\"644\" \/>\n\t<meta property=\"og:image:height\" content=\"900\" \/>\n\t<meta property=\"og:image:type\" content=\"image\/jpeg\" \/>\n<script type=\"application\/ld+json\" class=\"yoast-schema-graph\">{\"@context\":\"https:\/\/schema.org\",\"@graph\":[{\"@type\":\"WebPage\",\"@id\":\"https:\/\/woo-themes-plugins.com\/es\/producto\/blanco-responsive-tema-minimalista-y-mega-menu-tema-woocommerce-fashion\/\",\"url\":\"https:\/\/woo-themes-plugins.com\/es\/producto\/blanco-responsive-tema-minimalista-y-mega-menu-tema-woocommerce-fashion\/\",\"name\":\"Blanco - Responsive Tema, Minimalista y Mega Menu - Tema WooCommerce Fashion - Woo-themes-plugins.com\",\"isPartOf\":{\"@id\":\"https:\/\/woo-themes-plugins.com\/it\/#website\"},\"primaryImageOfPage\":{\"@id\":\"https:\/\/woo-themes-plugins.com\/es\/producto\/blanco-responsive-tema-minimalista-y-mega-menu-tema-woocommerce-fashion\/#primaryimage\"},\"image\":{\"@id\":\"https:\/\/woo-themes-plugins.com\/es\/producto\/blanco-responsive-tema-minimalista-y-mega-menu-tema-woocommerce-fashion\/#primaryimage\"},\"thumbnailUrl\":\"https:\/\/woo-themes-plugins.com\/wp-content\/uploads\/sites\/7\/2018\/03\/woo-themes-plugins_blanco-theme-responsive-minimalistic-megamenu-theme-woocommerce-fashion.jpg\",\"datePublished\":\"2018-03-27T07:24:22+00:00\",\"dateModified\":\"2018-03-27T07:24:22+00:00\",\"breadcrumb\":{\"@id\":\"https:\/\/woo-themes-plugins.com\/es\/producto\/blanco-responsive-tema-minimalista-y-mega-menu-tema-woocommerce-fashion\/#breadcrumb\"},\"inLanguage\":\"es\",\"potentialAction\":[{\"@type\":\"ReadAction\",\"target\":[\"https:\/\/woo-themes-plugins.com\/es\/producto\/blanco-responsive-tema-minimalista-y-mega-menu-tema-woocommerce-fashion\/\"]}]},{\"@type\":\"ImageObject\",\"inLanguage\":\"es\",\"@id\":\"https:\/\/woo-themes-plugins.com\/es\/producto\/blanco-responsive-tema-minimalista-y-mega-menu-tema-woocommerce-fashion\/#primaryimage\",\"url\":\"https:\/\/woo-themes-plugins.com\/wp-content\/uploads\/sites\/7\/2018\/03\/woo-themes-plugins_blanco-theme-responsive-minimalistic-megamenu-theme-woocommerce-fashion.jpg\",\"contentUrl\":\"https:\/\/woo-themes-plugins.com\/wp-content\/uploads\/sites\/7\/2018\/03\/woo-themes-plugins_blanco-theme-responsive-minimalistic-megamenu-theme-woocommerce-fashion.jpg\",\"width\":644,\"height\":900},{\"@type\":\"BreadcrumbList\",\"@id\":\"https:\/\/woo-themes-plugins.com\/es\/producto\/blanco-responsive-tema-minimalista-y-mega-menu-tema-woocommerce-fashion\/#breadcrumb\",\"itemListElement\":[{\"@type\":\"ListItem\",\"position\":1,\"name\":\"Accueil\",\"item\":\"https:\/\/woo-themes-plugins.com\/fr\/\"},{\"@type\":\"ListItem\",\"position\":2,\"name\":\"Shop\",\"item\":\"https:\/\/woo-themes-plugins.com\/shop\/\"},{\"@type\":\"ListItem\",\"position\":3,\"name\":\"Blanco &#8211; Responsive Tema, Minimalista y Mega Menu &#8211; Tema WooCommerce Fashion\"}]},{\"@type\":\"WebSite\",\"@id\":\"https:\/\/woo-themes-plugins.com\/it\/#website\",\"url\":\"https:\/\/woo-themes-plugins.com\/it\/\",\"name\":\"Woo-themes-plugins.com\",\"description\":\"Tous les th\u00e8mes et plugins WooCommerce Premium\",\"potentialAction\":[{\"@type\":\"SearchAction\",\"target\":{\"@type\":\"EntryPoint\",\"urlTemplate\":\"https:\/\/woo-themes-plugins.com\/it\/?s={search_term_string}\"},\"query-input\":\"required name=search_term_string\"}],\"inLanguage\":\"es\"}]}<\/script>\n<!-- \/ Yoast SEO plugin. -->","yoast_head_json":{"title":"Blanco - Responsive Tema, Minimalista y Mega Menu - Tema WooCommerce Fashion - Woo-themes-plugins.com","robots":{"index":"index","follow":"follow","max-snippet":"max-snippet:-1","max-image-preview":"max-image-preview:large","max-video-preview":"max-video-preview:-1"},"canonical":"https:\/\/woo-themes-plugins.com\/es\/producto\/blanco-responsive-tema-minimalista-y-mega-menu-tema-woocommerce-fashion\/","og_locale":"es_ES","og_type":"article","og_title":"Blanco - Responsive Tema, Minimalista y Mega Menu - Tema WooCommerce Fashion - Woo-themes-plugins.com","og_description":"Desarrollado regularmente durante m\u00e1s de 6 a\u00f1os, Blanco es un tema de WooCommerce que ha llevado el minimalismo al m\u00e1ximo, al tiempo que ofrece una riqueza funcional real para el cliente final, as\u00ed como para el lanzamiento de su sitio web WooCommerce. Blanco es, sin duda, uno de los temas minimalistas de WooCommerce m\u00e1s vers\u00e1tiles del mercado.","og_url":"https:\/\/woo-themes-plugins.com\/es\/producto\/blanco-responsive-tema-minimalista-y-mega-menu-tema-woocommerce-fashion\/","og_site_name":"Woo-themes-plugins.com","og_image":[{"width":644,"height":900,"url":"https:\/\/woo-themes-plugins.com\/wp-content\/uploads\/sites\/7\/2018\/03\/woo-themes-plugins_blanco-theme-responsive-minimalistic-megamenu-theme-woocommerce-fashion.jpg","type":"image\/jpeg"}],"schema":{"@context":"https:\/\/schema.org","@graph":[{"@type":"WebPage","@id":"https:\/\/woo-themes-plugins.com\/es\/producto\/blanco-responsive-tema-minimalista-y-mega-menu-tema-woocommerce-fashion\/","url":"https:\/\/woo-themes-plugins.com\/es\/producto\/blanco-responsive-tema-minimalista-y-mega-menu-tema-woocommerce-fashion\/","name":"Blanco - Responsive Tema, Minimalista y Mega Menu - Tema WooCommerce Fashion - Woo-themes-plugins.com","isPartOf":{"@id":"https:\/\/woo-themes-plugins.com\/it\/#website"},"primaryImageOfPage":{"@id":"https:\/\/woo-themes-plugins.com\/es\/producto\/blanco-responsive-tema-minimalista-y-mega-menu-tema-woocommerce-fashion\/#primaryimage"},"image":{"@id":"https:\/\/woo-themes-plugins.com\/es\/producto\/blanco-responsive-tema-minimalista-y-mega-menu-tema-woocommerce-fashion\/#primaryimage"},"thumbnailUrl":"https:\/\/woo-themes-plugins.com\/wp-content\/uploads\/sites\/7\/2018\/03\/woo-themes-plugins_blanco-theme-responsive-minimalistic-megamenu-theme-woocommerce-fashion.jpg","datePublished":"2018-03-27T07:24:22+00:00","dateModified":"2018-03-27T07:24:22+00:00","breadcrumb":{"@id":"https:\/\/woo-themes-plugins.com\/es\/producto\/blanco-responsive-tema-minimalista-y-mega-menu-tema-woocommerce-fashion\/#breadcrumb"},"inLanguage":"es","potentialAction":[{"@type":"ReadAction","target":["https:\/\/woo-themes-plugins.com\/es\/producto\/blanco-responsive-tema-minimalista-y-mega-menu-tema-woocommerce-fashion\/"]}]},{"@type":"ImageObject","inLanguage":"es","@id":"https:\/\/woo-themes-plugins.com\/es\/producto\/blanco-responsive-tema-minimalista-y-mega-menu-tema-woocommerce-fashion\/#primaryimage","url":"https:\/\/woo-themes-plugins.com\/wp-content\/uploads\/sites\/7\/2018\/03\/woo-themes-plugins_blanco-theme-responsive-minimalistic-megamenu-theme-woocommerce-fashion.jpg","contentUrl":"https:\/\/woo-themes-plugins.com\/wp-content\/uploads\/sites\/7\/2018\/03\/woo-themes-plugins_blanco-theme-responsive-minimalistic-megamenu-theme-woocommerce-fashion.jpg","width":644,"height":900},{"@type":"BreadcrumbList","@id":"https:\/\/woo-themes-plugins.com\/es\/producto\/blanco-responsive-tema-minimalista-y-mega-menu-tema-woocommerce-fashion\/#breadcrumb","itemListElement":[{"@type":"ListItem","position":1,"name":"Accueil","item":"https:\/\/woo-themes-plugins.com\/fr\/"},{"@type":"ListItem","position":2,"name":"Shop","item":"https:\/\/woo-themes-plugins.com\/shop\/"},{"@type":"ListItem","position":3,"name":"Blanco &#8211; Responsive Tema, Minimalista y Mega Menu &#8211; Tema WooCommerce Fashion"}]},{"@type":"WebSite","@id":"https:\/\/woo-themes-plugins.com\/it\/#website","url":"https:\/\/woo-themes-plugins.com\/it\/","name":"Woo-themes-plugins.com","description":"Tous les th\u00e8mes et plugins WooCommerce Premium","potentialAction":[{"@type":"SearchAction","target":{"@type":"EntryPoint","urlTemplate":"https:\/\/woo-themes-plugins.com\/it\/?s={search_term_string}"},"query-input":"required name=search_term_string"}],"inLanguage":"es"}]}},"_links":{"self":[{"href":"https:\/\/woo-themes-plugins.com\/es\/wp-json\/wp\/v2\/product\/5055","targetHints":{"allow":["GET"]}}],"collection":[{"href":"https:\/\/woo-themes-plugins.com\/es\/wp-json\/wp\/v2\/product"}],"about":[{"href":"https:\/\/woo-themes-plugins.com\/es\/wp-json\/wp\/v2\/types\/product"}],"wp:featuredmedia":[{"embeddable":true,"href":"https:\/\/woo-themes-plugins.com\/es\/wp-json\/wp\/v2\/media\/2259"}],"wp:attachment":[{"href":"https:\/\/woo-themes-plugins.com\/es\/wp-json\/wp\/v2\/media?parent=5055"}],"wp:term":[{"taxonomy":"product_cat","embeddable":true,"href":"https:\/\/woo-themes-plugins.com\/es\/wp-json\/wp\/v2\/product_cat?post=5055"},{"taxonomy":"product_tag","embeddable":true,"href":"https:\/\/woo-themes-plugins.com\/es\/wp-json\/wp\/v2\/product_tag?post=5055"}],"curies":[{"name":"wp","href":"https:\/\/api.w.org\/{rel}","templated":true}]}}