{"id":5056,"date":"2018-03-27T08:17:54","date_gmt":"2018-03-27T07:17:54","guid":{"rendered":"https:\/\/woo-themes-plugins.com\/product\/linterna-pantalla-completa-tema-de-lujo-tema-woocommerce\/"},"modified":"2018-03-27T08:17:54","modified_gmt":"2018-03-27T07:17:54","slug":"linterna-pantalla-completa-tema-de-lujo-tema-woocommerce","status":"publish","type":"product","link":"https:\/\/woo-themes-plugins.com\/es\/product\/linterna-pantalla-completa-tema-de-lujo-tema-woocommerce\/","title":{"rendered":"Linterna &#8211; Pantalla completa \/ Tema de lujo &#8211; Tema WooCommerce"},"content":{"rendered":"","protected":false},"excerpt":{"rendered":"<p><span id=\"result_box\" class=\"\" lang=\"es\">\u00bfTienes bellas im\u00e1genes para mostrar en tu sitio de comercio electr\u00f3nico? Si usted es fot\u00f3grafo o vende productos de lujo, por ejemplo, sus im\u00e1genes son el punto de su sitio de WooCommerce. FlashLight es uno de los primeros temas de WooCommerce en haber propuesto dicho dise\u00f1o. Adem\u00e1s de ser bella, Flashlight es un tema de WordPress que ha pensado en todo porque incluso est\u00e1 optimizado para SEO.<\/span><\/p>\n","protected":false},"featured_media":2227,"template":"","meta":{"_monsterinsights_skip_tracking":false,"_monsterinsights_sitenote_active":false,"_monsterinsights_sitenote_note":"","_monsterinsights_sitenote_category":0},"product_cat":[221],"product_tag":[299,269,229,306,270,263,303,304,307,290,287,292,295],"class_list":["post-5056","product","type-product","status-publish","has-post-thumbnail","hentry","product_cat-tema-de-woocommerce","product_tag-instalacion-de-woocommerce-un-clic","product_tag-minimalista-de-woocommerce-del-tema","product_tag-principiante-woocommerce","product_tag-responsive-woocommerce","product_tag-tema-moderno-del-woocommerce","product_tag-temas-personalizables-de-woocommerce","product_tag-woocommerce-multilingual","product_tag-woocommerce-optimizado","product_tag-woocommerce-retina-ready-es","product_tag-woocommerce-y-fotografia","product_tag-woocommerce-y-joyeria","product_tag-woocommerce-y-lujo-alto-de-la-gama","product_tag-woocommerce-y-tienda-de-ropa","pa_dev-woo-plugin-theme-kriesi-es","pa_marketplace-woocommerce-themeforest-net-es"],"yoast_head":"<!-- This site is optimized with the Yoast SEO plugin v23.1 - https:\/\/yoast.com\/wordpress\/plugins\/seo\/ -->\n<title>Linterna - Pantalla completa \/ Tema de lujo - Tema WooCommerce - Woo-themes-plugins.com<\/title>\n<meta name=\"robots\" content=\"index, follow, max-snippet:-1, max-image-preview:large, max-video-preview:-1\" \/>\n<link rel=\"canonical\" href=\"https:\/\/woo-themes-plugins.com\/es\/producto\/linterna-pantalla-completa-tema-de-lujo-tema-woocommerce\/\" \/>\n<meta property=\"og:locale\" content=\"es_ES\" \/>\n<meta property=\"og:type\" content=\"article\" \/>\n<meta property=\"og:title\" content=\"Linterna - Pantalla completa \/ Tema de lujo - Tema WooCommerce - Woo-themes-plugins.com\" \/>\n<meta property=\"og:description\" content=\"\u00bfTienes bellas im\u00e1genes para mostrar en tu sitio de comercio electr\u00f3nico? Si usted es fot\u00f3grafo o vende productos de lujo, por ejemplo, sus im\u00e1genes son el punto de su sitio de WooCommerce. FlashLight es uno de los primeros temas de WooCommerce en haber propuesto dicho dise\u00f1o. Adem\u00e1s de ser bella, Flashlight es un tema de WordPress que ha pensado en todo porque incluso est\u00e1 optimizado para SEO.\" \/>\n<meta property=\"og:url\" content=\"https:\/\/woo-themes-plugins.com\/es\/producto\/linterna-pantalla-completa-tema-de-lujo-tema-woocommerce\/\" \/>\n<meta property=\"og:site_name\" content=\"Woo-themes-plugins.com\" \/>\n<meta property=\"og:image\" content=\"https:\/\/woo-themes-plugins.com\/wp-content\/uploads\/sites\/7\/2018\/03\/woo-themes-plugins_flashlight-theme-fullscreen-luxury-theme-woocommerce-2.jpg\" \/>\n\t<meta property=\"og:image:width\" content=\"1744\" \/>\n\t<meta property=\"og:image:height\" content=\"900\" \/>\n\t<meta property=\"og:image:type\" content=\"image\/jpeg\" \/>\n<script type=\"application\/ld+json\" class=\"yoast-schema-graph\">{\"@context\":\"https:\/\/schema.org\",\"@graph\":[{\"@type\":\"WebPage\",\"@id\":\"https:\/\/woo-themes-plugins.com\/es\/producto\/linterna-pantalla-completa-tema-de-lujo-tema-woocommerce\/\",\"url\":\"https:\/\/woo-themes-plugins.com\/es\/producto\/linterna-pantalla-completa-tema-de-lujo-tema-woocommerce\/\",\"name\":\"Linterna - Pantalla completa \/ Tema de lujo - Tema WooCommerce - Woo-themes-plugins.com\",\"isPartOf\":{\"@id\":\"https:\/\/woo-themes-plugins.com\/it\/#website\"},\"primaryImageOfPage\":{\"@id\":\"https:\/\/woo-themes-plugins.com\/es\/producto\/linterna-pantalla-completa-tema-de-lujo-tema-woocommerce\/#primaryimage\"},\"image\":{\"@id\":\"https:\/\/woo-themes-plugins.com\/es\/producto\/linterna-pantalla-completa-tema-de-lujo-tema-woocommerce\/#primaryimage\"},\"thumbnailUrl\":\"https:\/\/woo-themes-plugins.com\/wp-content\/uploads\/sites\/7\/2018\/03\/woo-themes-plugins_flashlight-theme-fullscreen-luxury-theme-woocommerce-2.jpg\",\"datePublished\":\"2018-03-27T07:17:54+00:00\",\"dateModified\":\"2018-03-27T07:17:54+00:00\",\"breadcrumb\":{\"@id\":\"https:\/\/woo-themes-plugins.com\/es\/producto\/linterna-pantalla-completa-tema-de-lujo-tema-woocommerce\/#breadcrumb\"},\"inLanguage\":\"es\",\"potentialAction\":[{\"@type\":\"ReadAction\",\"target\":[\"https:\/\/woo-themes-plugins.com\/es\/producto\/linterna-pantalla-completa-tema-de-lujo-tema-woocommerce\/\"]}]},{\"@type\":\"ImageObject\",\"inLanguage\":\"es\",\"@id\":\"https:\/\/woo-themes-plugins.com\/es\/producto\/linterna-pantalla-completa-tema-de-lujo-tema-woocommerce\/#primaryimage\",\"url\":\"https:\/\/woo-themes-plugins.com\/wp-content\/uploads\/sites\/7\/2018\/03\/woo-themes-plugins_flashlight-theme-fullscreen-luxury-theme-woocommerce-2.jpg\",\"contentUrl\":\"https:\/\/woo-themes-plugins.com\/wp-content\/uploads\/sites\/7\/2018\/03\/woo-themes-plugins_flashlight-theme-fullscreen-luxury-theme-woocommerce-2.jpg\",\"width\":1744,\"height\":900},{\"@type\":\"BreadcrumbList\",\"@id\":\"https:\/\/woo-themes-plugins.com\/es\/producto\/linterna-pantalla-completa-tema-de-lujo-tema-woocommerce\/#breadcrumb\",\"itemListElement\":[{\"@type\":\"ListItem\",\"position\":1,\"name\":\"Accueil\",\"item\":\"https:\/\/woo-themes-plugins.com\/fr\/\"},{\"@type\":\"ListItem\",\"position\":2,\"name\":\"Shop\",\"item\":\"https:\/\/woo-themes-plugins.com\/shop\/\"},{\"@type\":\"ListItem\",\"position\":3,\"name\":\"Linterna &#8211; Pantalla completa \/ Tema de lujo &#8211; Tema WooCommerce\"}]},{\"@type\":\"WebSite\",\"@id\":\"https:\/\/woo-themes-plugins.com\/it\/#website\",\"url\":\"https:\/\/woo-themes-plugins.com\/it\/\",\"name\":\"Woo-themes-plugins.com\",\"description\":\"Tous les th\u00e8mes et plugins WooCommerce Premium\",\"potentialAction\":[{\"@type\":\"SearchAction\",\"target\":{\"@type\":\"EntryPoint\",\"urlTemplate\":\"https:\/\/woo-themes-plugins.com\/it\/?s={search_term_string}\"},\"query-input\":\"required name=search_term_string\"}],\"inLanguage\":\"es\"}]}<\/script>\n<!-- \/ Yoast SEO plugin. -->","yoast_head_json":{"title":"Linterna - Pantalla completa \/ Tema de lujo - Tema WooCommerce - Woo-themes-plugins.com","robots":{"index":"index","follow":"follow","max-snippet":"max-snippet:-1","max-image-preview":"max-image-preview:large","max-video-preview":"max-video-preview:-1"},"canonical":"https:\/\/woo-themes-plugins.com\/es\/producto\/linterna-pantalla-completa-tema-de-lujo-tema-woocommerce\/","og_locale":"es_ES","og_type":"article","og_title":"Linterna - Pantalla completa \/ Tema de lujo - Tema WooCommerce - Woo-themes-plugins.com","og_description":"\u00bfTienes bellas im\u00e1genes para mostrar en tu sitio de comercio electr\u00f3nico? Si usted es fot\u00f3grafo o vende productos de lujo, por ejemplo, sus im\u00e1genes son el punto de su sitio de WooCommerce. FlashLight es uno de los primeros temas de WooCommerce en haber propuesto dicho dise\u00f1o. Adem\u00e1s de ser bella, Flashlight es un tema de WordPress que ha pensado en todo porque incluso est\u00e1 optimizado para SEO.","og_url":"https:\/\/woo-themes-plugins.com\/es\/producto\/linterna-pantalla-completa-tema-de-lujo-tema-woocommerce\/","og_site_name":"Woo-themes-plugins.com","og_image":[{"width":1744,"height":900,"url":"https:\/\/woo-themes-plugins.com\/wp-content\/uploads\/sites\/7\/2018\/03\/woo-themes-plugins_flashlight-theme-fullscreen-luxury-theme-woocommerce-2.jpg","type":"image\/jpeg"}],"schema":{"@context":"https:\/\/schema.org","@graph":[{"@type":"WebPage","@id":"https:\/\/woo-themes-plugins.com\/es\/producto\/linterna-pantalla-completa-tema-de-lujo-tema-woocommerce\/","url":"https:\/\/woo-themes-plugins.com\/es\/producto\/linterna-pantalla-completa-tema-de-lujo-tema-woocommerce\/","name":"Linterna - Pantalla completa \/ Tema de lujo - Tema WooCommerce - Woo-themes-plugins.com","isPartOf":{"@id":"https:\/\/woo-themes-plugins.com\/it\/#website"},"primaryImageOfPage":{"@id":"https:\/\/woo-themes-plugins.com\/es\/producto\/linterna-pantalla-completa-tema-de-lujo-tema-woocommerce\/#primaryimage"},"image":{"@id":"https:\/\/woo-themes-plugins.com\/es\/producto\/linterna-pantalla-completa-tema-de-lujo-tema-woocommerce\/#primaryimage"},"thumbnailUrl":"https:\/\/woo-themes-plugins.com\/wp-content\/uploads\/sites\/7\/2018\/03\/woo-themes-plugins_flashlight-theme-fullscreen-luxury-theme-woocommerce-2.jpg","datePublished":"2018-03-27T07:17:54+00:00","dateModified":"2018-03-27T07:17:54+00:00","breadcrumb":{"@id":"https:\/\/woo-themes-plugins.com\/es\/producto\/linterna-pantalla-completa-tema-de-lujo-tema-woocommerce\/#breadcrumb"},"inLanguage":"es","potentialAction":[{"@type":"ReadAction","target":["https:\/\/woo-themes-plugins.com\/es\/producto\/linterna-pantalla-completa-tema-de-lujo-tema-woocommerce\/"]}]},{"@type":"ImageObject","inLanguage":"es","@id":"https:\/\/woo-themes-plugins.com\/es\/producto\/linterna-pantalla-completa-tema-de-lujo-tema-woocommerce\/#primaryimage","url":"https:\/\/woo-themes-plugins.com\/wp-content\/uploads\/sites\/7\/2018\/03\/woo-themes-plugins_flashlight-theme-fullscreen-luxury-theme-woocommerce-2.jpg","contentUrl":"https:\/\/woo-themes-plugins.com\/wp-content\/uploads\/sites\/7\/2018\/03\/woo-themes-plugins_flashlight-theme-fullscreen-luxury-theme-woocommerce-2.jpg","width":1744,"height":900},{"@type":"BreadcrumbList","@id":"https:\/\/woo-themes-plugins.com\/es\/producto\/linterna-pantalla-completa-tema-de-lujo-tema-woocommerce\/#breadcrumb","itemListElement":[{"@type":"ListItem","position":1,"name":"Accueil","item":"https:\/\/woo-themes-plugins.com\/fr\/"},{"@type":"ListItem","position":2,"name":"Shop","item":"https:\/\/woo-themes-plugins.com\/shop\/"},{"@type":"ListItem","position":3,"name":"Linterna &#8211; Pantalla completa \/ Tema de lujo &#8211; Tema WooCommerce"}]},{"@type":"WebSite","@id":"https:\/\/woo-themes-plugins.com\/it\/#website","url":"https:\/\/woo-themes-plugins.com\/it\/","name":"Woo-themes-plugins.com","description":"Tous les th\u00e8mes et plugins WooCommerce Premium","potentialAction":[{"@type":"SearchAction","target":{"@type":"EntryPoint","urlTemplate":"https:\/\/woo-themes-plugins.com\/it\/?s={search_term_string}"},"query-input":"required name=search_term_string"}],"inLanguage":"es"}]}},"_links":{"self":[{"href":"https:\/\/woo-themes-plugins.com\/es\/wp-json\/wp\/v2\/product\/5056","targetHints":{"allow":["GET"]}}],"collection":[{"href":"https:\/\/woo-themes-plugins.com\/es\/wp-json\/wp\/v2\/product"}],"about":[{"href":"https:\/\/woo-themes-plugins.com\/es\/wp-json\/wp\/v2\/types\/product"}],"wp:featuredmedia":[{"embeddable":true,"href":"https:\/\/woo-themes-plugins.com\/es\/wp-json\/wp\/v2\/media\/2227"}],"wp:attachment":[{"href":"https:\/\/woo-themes-plugins.com\/es\/wp-json\/wp\/v2\/media?parent=5056"}],"wp:term":[{"taxonomy":"product_cat","embeddable":true,"href":"https:\/\/woo-themes-plugins.com\/es\/wp-json\/wp\/v2\/product_cat?post=5056"},{"taxonomy":"product_tag","embeddable":true,"href":"https:\/\/woo-themes-plugins.com\/es\/wp-json\/wp\/v2\/product_tag?post=5056"}],"curies":[{"name":"wp","href":"https:\/\/api.w.org\/{rel}","templated":true}]}}