{"id":5057,"date":"2018-03-27T05:14:33","date_gmt":"2018-03-27T04:14:33","guid":{"rendered":"https:\/\/woo-themes-plugins.com\/product\/aurum-tema-minimalista-versatil-y-hermoso-tema-woocommerce\/"},"modified":"2018-03-27T05:14:33","modified_gmt":"2018-03-27T04:14:33","slug":"aurum-tema-minimalista-versatil-y-hermoso-tema-woocommerce","status":"publish","type":"product","link":"https:\/\/woo-themes-plugins.com\/es\/product\/aurum-tema-minimalista-versatil-y-hermoso-tema-woocommerce\/","title":{"rendered":"Aurum &#8211; Tema minimalista, vers\u00e1til y hermoso &#8211; Tema WooCommerce"},"content":{"rendered":"","protected":false},"excerpt":{"rendered":"<p><span id=\"result_box\" class=\"\" lang=\"es\">Los temas minimalistas de WooCommerce traen mucho m\u00e1s de lo que uno podr\u00eda pensar al principio. Una de las fortalezas de los temas minimalistas de WooCommerce como Aurum es la flexibilidad. Con un tema como WooCommerce, se convierte en una brisa para lanzar una boutique de moda, una tienda de art\u00edculos de alta tecnolog\u00eda o una tienda de joyas en l\u00ednea, vea por qu\u00e9 no, todo lo que le pasar\u00e1 por la cabeza.<\/span><\/p>\n","protected":false},"featured_media":2219,"template":"","meta":{"_monsterinsights_skip_tracking":false,"_monsterinsights_sitenote_active":false,"_monsterinsights_sitenote_note":"","_monsterinsights_sitenote_category":0},"product_cat":[221],"product_tag":[299,250,269,224,229,306,248,266,270,267,263,301,303,304,307,288,287,293,291,295],"class_list":["post-5057","product","type-product","status-publish","has-post-thumbnail","hentry","product_cat-tema-de-woocommerce","product_tag-instalacion-de-woocommerce-un-clic","product_tag-megamenu-woocommerce-es","product_tag-minimalista-de-woocommerce-del-tema","product_tag-paquete-de-complementos-premium","product_tag-principiante-woocommerce","product_tag-responsive-woocommerce","product_tag-rtl-y-woocommerce","product_tag-tema-de-woocommerce-con-constructor","product_tag-tema-moderno-del-woocommerce","product_tag-tema-woocommerce-hi-tech","product_tag-temas-personalizables-de-woocommerce","product_tag-woocommerce-visual-composer-es","product_tag-woocommerce-multilingual","product_tag-woocommerce-optimizado","product_tag-woocommerce-retina-ready-es","product_tag-woocommerce-y-bootstrap","product_tag-woocommerce-y-joyeria","product_tag-woocommerce-y-la-tienda-de-moda","product_tag-woocommerce-y-librairie","product_tag-woocommerce-y-tienda-de-ropa","pa_dev-woo-plugin-theme-laborator-es","pa_marketplace-woocommerce-themeforest-net-es"],"yoast_head":"<!-- This site is optimized with the Yoast SEO plugin v23.1 - https:\/\/yoast.com\/wordpress\/plugins\/seo\/ -->\n<title>Aurum - Tema minimalista, vers\u00e1til y hermoso - Tema WooCommerce<\/title>\n<meta name=\"description\" content=\"Un tema minimalista WooCommerce es la herramienta perfecta para que reunamos muchos tipos de sitios de WordPress de comercio electr\u00f3nico. Aurum es una plantilla de WooCommerce que, detr\u00e1s de un dise\u00f1o elegante, ofrece una funcionalidad muy rica. \u00a1Tu futuro tema de WooCommerce!\" \/>\n<meta name=\"robots\" content=\"index, follow, max-snippet:-1, max-image-preview:large, max-video-preview:-1\" \/>\n<link rel=\"canonical\" href=\"https:\/\/woo-themes-plugins.com\/es\/producto\/aurum-tema-minimalista-versatil-y-hermoso-tema-woocommerce\/\" \/>\n<meta property=\"og:locale\" content=\"es_ES\" \/>\n<meta property=\"og:type\" content=\"article\" \/>\n<meta property=\"og:title\" content=\"Aurum - Tema minimalista, vers\u00e1til y hermoso - Tema WooCommerce\" \/>\n<meta property=\"og:description\" content=\"Un tema minimalista WooCommerce es la herramienta perfecta para que reunamos muchos tipos de sitios de WordPress de comercio electr\u00f3nico. Aurum es una plantilla de WooCommerce que, detr\u00e1s de un dise\u00f1o elegante, ofrece una funcionalidad muy rica. \u00a1Tu futuro tema de WooCommerce!\" \/>\n<meta property=\"og:url\" content=\"https:\/\/woo-themes-plugins.com\/es\/producto\/aurum-tema-minimalista-versatil-y-hermoso-tema-woocommerce\/\" \/>\n<meta property=\"og:site_name\" content=\"Woo-themes-plugins.com\" \/>\n<meta property=\"og:image\" content=\"https:\/\/woo-themes-plugins.com\/wp-content\/uploads\/sites\/7\/2018\/03\/woo-themes-plugins_aurum-theme-minimalistic-versatile-beautifull-theme-woocommerce-fashion.jpg\" \/>\n\t<meta property=\"og:image:width\" content=\"644\" \/>\n\t<meta property=\"og:image:height\" content=\"900\" \/>\n\t<meta property=\"og:image:type\" content=\"image\/jpeg\" \/>\n<script type=\"application\/ld+json\" class=\"yoast-schema-graph\">{\"@context\":\"https:\/\/schema.org\",\"@graph\":[{\"@type\":\"WebPage\",\"@id\":\"https:\/\/woo-themes-plugins.com\/es\/producto\/aurum-tema-minimalista-versatil-y-hermoso-tema-woocommerce\/\",\"url\":\"https:\/\/woo-themes-plugins.com\/es\/producto\/aurum-tema-minimalista-versatil-y-hermoso-tema-woocommerce\/\",\"name\":\"Aurum - Tema minimalista, vers\u00e1til y hermoso - Tema WooCommerce\",\"isPartOf\":{\"@id\":\"https:\/\/woo-themes-plugins.com\/it\/#website\"},\"primaryImageOfPage\":{\"@id\":\"https:\/\/woo-themes-plugins.com\/es\/producto\/aurum-tema-minimalista-versatil-y-hermoso-tema-woocommerce\/#primaryimage\"},\"image\":{\"@id\":\"https:\/\/woo-themes-plugins.com\/es\/producto\/aurum-tema-minimalista-versatil-y-hermoso-tema-woocommerce\/#primaryimage\"},\"thumbnailUrl\":\"https:\/\/woo-themes-plugins.com\/wp-content\/uploads\/sites\/7\/2018\/03\/woo-themes-plugins_aurum-theme-minimalistic-versatile-beautifull-theme-woocommerce-fashion.jpg\",\"datePublished\":\"2018-03-27T04:14:33+00:00\",\"dateModified\":\"2018-03-27T04:14:33+00:00\",\"description\":\"Un tema minimalista WooCommerce es la herramienta perfecta para que reunamos muchos tipos de sitios de WordPress de comercio electr\u00f3nico. Aurum es una plantilla de WooCommerce que, detr\u00e1s de un dise\u00f1o elegante, ofrece una funcionalidad muy rica. \u00a1Tu futuro tema de WooCommerce!\",\"breadcrumb\":{\"@id\":\"https:\/\/woo-themes-plugins.com\/es\/producto\/aurum-tema-minimalista-versatil-y-hermoso-tema-woocommerce\/#breadcrumb\"},\"inLanguage\":\"es\",\"potentialAction\":[{\"@type\":\"ReadAction\",\"target\":[\"https:\/\/woo-themes-plugins.com\/es\/producto\/aurum-tema-minimalista-versatil-y-hermoso-tema-woocommerce\/\"]}]},{\"@type\":\"ImageObject\",\"inLanguage\":\"es\",\"@id\":\"https:\/\/woo-themes-plugins.com\/es\/producto\/aurum-tema-minimalista-versatil-y-hermoso-tema-woocommerce\/#primaryimage\",\"url\":\"https:\/\/woo-themes-plugins.com\/wp-content\/uploads\/sites\/7\/2018\/03\/woo-themes-plugins_aurum-theme-minimalistic-versatile-beautifull-theme-woocommerce-fashion.jpg\",\"contentUrl\":\"https:\/\/woo-themes-plugins.com\/wp-content\/uploads\/sites\/7\/2018\/03\/woo-themes-plugins_aurum-theme-minimalistic-versatile-beautifull-theme-woocommerce-fashion.jpg\",\"width\":644,\"height\":900},{\"@type\":\"BreadcrumbList\",\"@id\":\"https:\/\/woo-themes-plugins.com\/es\/producto\/aurum-tema-minimalista-versatil-y-hermoso-tema-woocommerce\/#breadcrumb\",\"itemListElement\":[{\"@type\":\"ListItem\",\"position\":1,\"name\":\"Accueil\",\"item\":\"https:\/\/woo-themes-plugins.com\/fr\/\"},{\"@type\":\"ListItem\",\"position\":2,\"name\":\"Shop\",\"item\":\"https:\/\/woo-themes-plugins.com\/shop\/\"},{\"@type\":\"ListItem\",\"position\":3,\"name\":\"Aurum &#8211; Tema minimalista, vers\u00e1til y hermoso &#8211; Tema WooCommerce\"}]},{\"@type\":\"WebSite\",\"@id\":\"https:\/\/woo-themes-plugins.com\/it\/#website\",\"url\":\"https:\/\/woo-themes-plugins.com\/it\/\",\"name\":\"Woo-themes-plugins.com\",\"description\":\"Tous les th\u00e8mes et plugins WooCommerce Premium\",\"potentialAction\":[{\"@type\":\"SearchAction\",\"target\":{\"@type\":\"EntryPoint\",\"urlTemplate\":\"https:\/\/woo-themes-plugins.com\/it\/?s={search_term_string}\"},\"query-input\":\"required name=search_term_string\"}],\"inLanguage\":\"es\"}]}<\/script>\n<!-- \/ Yoast SEO plugin. -->","yoast_head_json":{"title":"Aurum - Tema minimalista, vers\u00e1til y hermoso - Tema WooCommerce","description":"Un tema minimalista WooCommerce es la herramienta perfecta para que reunamos muchos tipos de sitios de WordPress de comercio electr\u00f3nico. Aurum es una plantilla de WooCommerce que, detr\u00e1s de un dise\u00f1o elegante, ofrece una funcionalidad muy rica. \u00a1Tu futuro tema de WooCommerce!","robots":{"index":"index","follow":"follow","max-snippet":"max-snippet:-1","max-image-preview":"max-image-preview:large","max-video-preview":"max-video-preview:-1"},"canonical":"https:\/\/woo-themes-plugins.com\/es\/producto\/aurum-tema-minimalista-versatil-y-hermoso-tema-woocommerce\/","og_locale":"es_ES","og_type":"article","og_title":"Aurum - Tema minimalista, vers\u00e1til y hermoso - Tema WooCommerce","og_description":"Un tema minimalista WooCommerce es la herramienta perfecta para que reunamos muchos tipos de sitios de WordPress de comercio electr\u00f3nico. Aurum es una plantilla de WooCommerce que, detr\u00e1s de un dise\u00f1o elegante, ofrece una funcionalidad muy rica. \u00a1Tu futuro tema de WooCommerce!","og_url":"https:\/\/woo-themes-plugins.com\/es\/producto\/aurum-tema-minimalista-versatil-y-hermoso-tema-woocommerce\/","og_site_name":"Woo-themes-plugins.com","og_image":[{"width":644,"height":900,"url":"https:\/\/woo-themes-plugins.com\/wp-content\/uploads\/sites\/7\/2018\/03\/woo-themes-plugins_aurum-theme-minimalistic-versatile-beautifull-theme-woocommerce-fashion.jpg","type":"image\/jpeg"}],"schema":{"@context":"https:\/\/schema.org","@graph":[{"@type":"WebPage","@id":"https:\/\/woo-themes-plugins.com\/es\/producto\/aurum-tema-minimalista-versatil-y-hermoso-tema-woocommerce\/","url":"https:\/\/woo-themes-plugins.com\/es\/producto\/aurum-tema-minimalista-versatil-y-hermoso-tema-woocommerce\/","name":"Aurum - Tema minimalista, vers\u00e1til y hermoso - Tema WooCommerce","isPartOf":{"@id":"https:\/\/woo-themes-plugins.com\/it\/#website"},"primaryImageOfPage":{"@id":"https:\/\/woo-themes-plugins.com\/es\/producto\/aurum-tema-minimalista-versatil-y-hermoso-tema-woocommerce\/#primaryimage"},"image":{"@id":"https:\/\/woo-themes-plugins.com\/es\/producto\/aurum-tema-minimalista-versatil-y-hermoso-tema-woocommerce\/#primaryimage"},"thumbnailUrl":"https:\/\/woo-themes-plugins.com\/wp-content\/uploads\/sites\/7\/2018\/03\/woo-themes-plugins_aurum-theme-minimalistic-versatile-beautifull-theme-woocommerce-fashion.jpg","datePublished":"2018-03-27T04:14:33+00:00","dateModified":"2018-03-27T04:14:33+00:00","description":"Un tema minimalista WooCommerce es la herramienta perfecta para que reunamos muchos tipos de sitios de WordPress de comercio electr\u00f3nico. Aurum es una plantilla de WooCommerce que, detr\u00e1s de un dise\u00f1o elegante, ofrece una funcionalidad muy rica. \u00a1Tu futuro tema de WooCommerce!","breadcrumb":{"@id":"https:\/\/woo-themes-plugins.com\/es\/producto\/aurum-tema-minimalista-versatil-y-hermoso-tema-woocommerce\/#breadcrumb"},"inLanguage":"es","potentialAction":[{"@type":"ReadAction","target":["https:\/\/woo-themes-plugins.com\/es\/producto\/aurum-tema-minimalista-versatil-y-hermoso-tema-woocommerce\/"]}]},{"@type":"ImageObject","inLanguage":"es","@id":"https:\/\/woo-themes-plugins.com\/es\/producto\/aurum-tema-minimalista-versatil-y-hermoso-tema-woocommerce\/#primaryimage","url":"https:\/\/woo-themes-plugins.com\/wp-content\/uploads\/sites\/7\/2018\/03\/woo-themes-plugins_aurum-theme-minimalistic-versatile-beautifull-theme-woocommerce-fashion.jpg","contentUrl":"https:\/\/woo-themes-plugins.com\/wp-content\/uploads\/sites\/7\/2018\/03\/woo-themes-plugins_aurum-theme-minimalistic-versatile-beautifull-theme-woocommerce-fashion.jpg","width":644,"height":900},{"@type":"BreadcrumbList","@id":"https:\/\/woo-themes-plugins.com\/es\/producto\/aurum-tema-minimalista-versatil-y-hermoso-tema-woocommerce\/#breadcrumb","itemListElement":[{"@type":"ListItem","position":1,"name":"Accueil","item":"https:\/\/woo-themes-plugins.com\/fr\/"},{"@type":"ListItem","position":2,"name":"Shop","item":"https:\/\/woo-themes-plugins.com\/shop\/"},{"@type":"ListItem","position":3,"name":"Aurum &#8211; Tema minimalista, vers\u00e1til y hermoso &#8211; Tema WooCommerce"}]},{"@type":"WebSite","@id":"https:\/\/woo-themes-plugins.com\/it\/#website","url":"https:\/\/woo-themes-plugins.com\/it\/","name":"Woo-themes-plugins.com","description":"Tous les th\u00e8mes et plugins WooCommerce Premium","potentialAction":[{"@type":"SearchAction","target":{"@type":"EntryPoint","urlTemplate":"https:\/\/woo-themes-plugins.com\/it\/?s={search_term_string}"},"query-input":"required name=search_term_string"}],"inLanguage":"es"}]}},"_links":{"self":[{"href":"https:\/\/woo-themes-plugins.com\/es\/wp-json\/wp\/v2\/product\/5057","targetHints":{"allow":["GET"]}}],"collection":[{"href":"https:\/\/woo-themes-plugins.com\/es\/wp-json\/wp\/v2\/product"}],"about":[{"href":"https:\/\/woo-themes-plugins.com\/es\/wp-json\/wp\/v2\/types\/product"}],"wp:featuredmedia":[{"embeddable":true,"href":"https:\/\/woo-themes-plugins.com\/es\/wp-json\/wp\/v2\/media\/2219"}],"wp:attachment":[{"href":"https:\/\/woo-themes-plugins.com\/es\/wp-json\/wp\/v2\/media?parent=5057"}],"wp:term":[{"taxonomy":"product_cat","embeddable":true,"href":"https:\/\/woo-themes-plugins.com\/es\/wp-json\/wp\/v2\/product_cat?post=5057"},{"taxonomy":"product_tag","embeddable":true,"href":"https:\/\/woo-themes-plugins.com\/es\/wp-json\/wp\/v2\/product_tag?post=5057"}],"curies":[{"name":"wp","href":"https:\/\/api.w.org\/{rel}","templated":true}]}}