{"id":5058,"date":"2018-03-27T05:06:13","date_gmt":"2018-03-27T04:06:13","guid":{"rendered":"https:\/\/woo-themes-plugins.com\/product\/savoy-tema-minimalista-y-ajax-tema-de-woocommerce\/"},"modified":"2018-03-27T05:06:13","modified_gmt":"2018-03-27T04:06:13","slug":"savoy-tema-minimalista-y-ajax-tema-de-woocommerce","status":"publish","type":"product","link":"https:\/\/woo-themes-plugins.com\/es\/product\/savoy-tema-minimalista-y-ajax-tema-de-woocommerce\/","title":{"rendered":"Savoy &#8211; Tema minimalista y Ajax &#8211; Tema de WooCommerce"},"content":{"rendered":"","protected":false},"excerpt":{"rendered":"<p><span id=\"result_box\" class=\"\" lang=\"es\">Savoy es un tema de WooCommerce que se enorgullece de hacer todo lo posible para ser minimalista y excepcional en t\u00e9rminos de eCommerce. El uso de un gr\u00e1fico minimalista tendr\u00e1 el efecto de resaltar lo \u00fanico que importa cuando tiene un sitio de comercio electr\u00f3nico: sus productos. Adem\u00e1s de ofrecer la calidad gr\u00e1fica m\u00e1s valiosa, este tema de WooCommerce embellece muchas caracter\u00edsticas desarrolladas en Ajax, con el fin de ofrecer la experiencia del cliente posible.<\/span><\/p>\n","protected":false},"featured_media":2163,"template":"","meta":{"_monsterinsights_skip_tracking":false,"_monsterinsights_sitenote_active":false,"_monsterinsights_sitenote_note":"","_monsterinsights_sitenote_category":0},"product_cat":[221],"product_tag":[300,299,250,269,224,229,306,266,270,264,263,301,303,304,293,295],"class_list":["post-5058","product","type-product","status-publish","has-post-thumbnail","hentry","product_cat-tema-de-woocommerce","product_tag-control-deslizante-woocommerce-y-revolution","product_tag-instalacion-de-woocommerce-un-clic","product_tag-megamenu-woocommerce-es","product_tag-minimalista-de-woocommerce-del-tema","product_tag-paquete-de-complementos-premium","product_tag-principiante-woocommerce","product_tag-responsive-woocommerce","product_tag-tema-de-woocommerce-con-constructor","product_tag-tema-moderno-del-woocommerce","product_tag-tema-woocommerce-y-ajax","product_tag-temas-personalizables-de-woocommerce","product_tag-woocommerce-visual-composer-es","product_tag-woocommerce-multilingual","product_tag-woocommerce-optimizado","product_tag-woocommerce-y-la-tienda-de-moda","product_tag-woocommerce-y-tienda-de-ropa","pa_dev-woo-plugin-theme-nordicmade-es","pa_marketplace-woocommerce-themeforest-net-es"],"yoast_head":"<!-- This site is optimized with the Yoast SEO plugin v23.1 - https:\/\/yoast.com\/wordpress\/plugins\/seo\/ -->\n<title>Savoy - Tema minimalista y Ajax - Tema de WooCommerce - Woo-themes-plugins.com<\/title>\n<meta name=\"robots\" content=\"index, follow, max-snippet:-1, max-image-preview:large, max-video-preview:-1\" \/>\n<link rel=\"canonical\" href=\"https:\/\/woo-themes-plugins.com\/es\/producto\/savoy-tema-minimalista-y-ajax-tema-de-woocommerce\/\" \/>\n<meta property=\"og:locale\" content=\"es_ES\" \/>\n<meta property=\"og:type\" content=\"article\" \/>\n<meta property=\"og:title\" content=\"Savoy - Tema minimalista y Ajax - Tema de WooCommerce - Woo-themes-plugins.com\" \/>\n<meta property=\"og:description\" content=\"Savoy es un tema de WooCommerce que se enorgullece de hacer todo lo posible para ser minimalista y excepcional en t\u00e9rminos de eCommerce. El uso de un gr\u00e1fico minimalista tendr\u00e1 el efecto de resaltar lo \u00fanico que importa cuando tiene un sitio de comercio electr\u00f3nico: sus productos. Adem\u00e1s de ofrecer la calidad gr\u00e1fica m\u00e1s valiosa, este tema de WooCommerce embellece muchas caracter\u00edsticas desarrolladas en Ajax, con el fin de ofrecer la experiencia del cliente posible.\" \/>\n<meta property=\"og:url\" content=\"https:\/\/woo-themes-plugins.com\/es\/producto\/savoy-tema-minimalista-y-ajax-tema-de-woocommerce\/\" \/>\n<meta property=\"og:site_name\" content=\"Woo-themes-plugins.com\" \/>\n<meta property=\"og:image\" content=\"https:\/\/woo-themes-plugins.com\/wp-content\/uploads\/sites\/7\/2018\/03\/woo-themes-plugins_savoy-theme-minimalistic-ajax-theme-woocommerce-interior-1.jpg\" \/>\n\t<meta property=\"og:image:width\" content=\"644\" \/>\n\t<meta property=\"og:image:height\" content=\"900\" \/>\n\t<meta property=\"og:image:type\" content=\"image\/jpeg\" \/>\n<script type=\"application\/ld+json\" class=\"yoast-schema-graph\">{\"@context\":\"https:\/\/schema.org\",\"@graph\":[{\"@type\":\"WebPage\",\"@id\":\"https:\/\/woo-themes-plugins.com\/es\/producto\/savoy-tema-minimalista-y-ajax-tema-de-woocommerce\/\",\"url\":\"https:\/\/woo-themes-plugins.com\/es\/producto\/savoy-tema-minimalista-y-ajax-tema-de-woocommerce\/\",\"name\":\"Savoy - Tema minimalista y Ajax - Tema de WooCommerce - Woo-themes-plugins.com\",\"isPartOf\":{\"@id\":\"https:\/\/woo-themes-plugins.com\/it\/#website\"},\"primaryImageOfPage\":{\"@id\":\"https:\/\/woo-themes-plugins.com\/es\/producto\/savoy-tema-minimalista-y-ajax-tema-de-woocommerce\/#primaryimage\"},\"image\":{\"@id\":\"https:\/\/woo-themes-plugins.com\/es\/producto\/savoy-tema-minimalista-y-ajax-tema-de-woocommerce\/#primaryimage\"},\"thumbnailUrl\":\"https:\/\/woo-themes-plugins.com\/wp-content\/uploads\/sites\/7\/2018\/03\/woo-themes-plugins_savoy-theme-minimalistic-ajax-theme-woocommerce-interior-1.jpg\",\"datePublished\":\"2018-03-27T04:06:13+00:00\",\"dateModified\":\"2018-03-27T04:06:13+00:00\",\"breadcrumb\":{\"@id\":\"https:\/\/woo-themes-plugins.com\/es\/producto\/savoy-tema-minimalista-y-ajax-tema-de-woocommerce\/#breadcrumb\"},\"inLanguage\":\"es\",\"potentialAction\":[{\"@type\":\"ReadAction\",\"target\":[\"https:\/\/woo-themes-plugins.com\/es\/producto\/savoy-tema-minimalista-y-ajax-tema-de-woocommerce\/\"]}]},{\"@type\":\"ImageObject\",\"inLanguage\":\"es\",\"@id\":\"https:\/\/woo-themes-plugins.com\/es\/producto\/savoy-tema-minimalista-y-ajax-tema-de-woocommerce\/#primaryimage\",\"url\":\"https:\/\/woo-themes-plugins.com\/wp-content\/uploads\/sites\/7\/2018\/03\/woo-themes-plugins_savoy-theme-minimalistic-ajax-theme-woocommerce-interior-1.jpg\",\"contentUrl\":\"https:\/\/woo-themes-plugins.com\/wp-content\/uploads\/sites\/7\/2018\/03\/woo-themes-plugins_savoy-theme-minimalistic-ajax-theme-woocommerce-interior-1.jpg\",\"width\":644,\"height\":900},{\"@type\":\"BreadcrumbList\",\"@id\":\"https:\/\/woo-themes-plugins.com\/es\/producto\/savoy-tema-minimalista-y-ajax-tema-de-woocommerce\/#breadcrumb\",\"itemListElement\":[{\"@type\":\"ListItem\",\"position\":1,\"name\":\"Accueil\",\"item\":\"https:\/\/woo-themes-plugins.com\/fr\/\"},{\"@type\":\"ListItem\",\"position\":2,\"name\":\"Shop\",\"item\":\"https:\/\/woo-themes-plugins.com\/shop\/\"},{\"@type\":\"ListItem\",\"position\":3,\"name\":\"Savoy &#8211; Tema minimalista y Ajax &#8211; Tema de WooCommerce\"}]},{\"@type\":\"WebSite\",\"@id\":\"https:\/\/woo-themes-plugins.com\/it\/#website\",\"url\":\"https:\/\/woo-themes-plugins.com\/it\/\",\"name\":\"Woo-themes-plugins.com\",\"description\":\"Tous les th\u00e8mes et plugins WooCommerce Premium\",\"potentialAction\":[{\"@type\":\"SearchAction\",\"target\":{\"@type\":\"EntryPoint\",\"urlTemplate\":\"https:\/\/woo-themes-plugins.com\/it\/?s={search_term_string}\"},\"query-input\":\"required name=search_term_string\"}],\"inLanguage\":\"es\"}]}<\/script>\n<!-- \/ Yoast SEO plugin. -->","yoast_head_json":{"title":"Savoy - Tema minimalista y Ajax - Tema de WooCommerce - Woo-themes-plugins.com","robots":{"index":"index","follow":"follow","max-snippet":"max-snippet:-1","max-image-preview":"max-image-preview:large","max-video-preview":"max-video-preview:-1"},"canonical":"https:\/\/woo-themes-plugins.com\/es\/producto\/savoy-tema-minimalista-y-ajax-tema-de-woocommerce\/","og_locale":"es_ES","og_type":"article","og_title":"Savoy - Tema minimalista y Ajax - Tema de WooCommerce - Woo-themes-plugins.com","og_description":"Savoy es un tema de WooCommerce que se enorgullece de hacer todo lo posible para ser minimalista y excepcional en t\u00e9rminos de eCommerce. El uso de un gr\u00e1fico minimalista tendr\u00e1 el efecto de resaltar lo \u00fanico que importa cuando tiene un sitio de comercio electr\u00f3nico: sus productos. Adem\u00e1s de ofrecer la calidad gr\u00e1fica m\u00e1s valiosa, este tema de WooCommerce embellece muchas caracter\u00edsticas desarrolladas en Ajax, con el fin de ofrecer la experiencia del cliente posible.","og_url":"https:\/\/woo-themes-plugins.com\/es\/producto\/savoy-tema-minimalista-y-ajax-tema-de-woocommerce\/","og_site_name":"Woo-themes-plugins.com","og_image":[{"width":644,"height":900,"url":"https:\/\/woo-themes-plugins.com\/wp-content\/uploads\/sites\/7\/2018\/03\/woo-themes-plugins_savoy-theme-minimalistic-ajax-theme-woocommerce-interior-1.jpg","type":"image\/jpeg"}],"schema":{"@context":"https:\/\/schema.org","@graph":[{"@type":"WebPage","@id":"https:\/\/woo-themes-plugins.com\/es\/producto\/savoy-tema-minimalista-y-ajax-tema-de-woocommerce\/","url":"https:\/\/woo-themes-plugins.com\/es\/producto\/savoy-tema-minimalista-y-ajax-tema-de-woocommerce\/","name":"Savoy - Tema minimalista y Ajax - Tema de WooCommerce - Woo-themes-plugins.com","isPartOf":{"@id":"https:\/\/woo-themes-plugins.com\/it\/#website"},"primaryImageOfPage":{"@id":"https:\/\/woo-themes-plugins.com\/es\/producto\/savoy-tema-minimalista-y-ajax-tema-de-woocommerce\/#primaryimage"},"image":{"@id":"https:\/\/woo-themes-plugins.com\/es\/producto\/savoy-tema-minimalista-y-ajax-tema-de-woocommerce\/#primaryimage"},"thumbnailUrl":"https:\/\/woo-themes-plugins.com\/wp-content\/uploads\/sites\/7\/2018\/03\/woo-themes-plugins_savoy-theme-minimalistic-ajax-theme-woocommerce-interior-1.jpg","datePublished":"2018-03-27T04:06:13+00:00","dateModified":"2018-03-27T04:06:13+00:00","breadcrumb":{"@id":"https:\/\/woo-themes-plugins.com\/es\/producto\/savoy-tema-minimalista-y-ajax-tema-de-woocommerce\/#breadcrumb"},"inLanguage":"es","potentialAction":[{"@type":"ReadAction","target":["https:\/\/woo-themes-plugins.com\/es\/producto\/savoy-tema-minimalista-y-ajax-tema-de-woocommerce\/"]}]},{"@type":"ImageObject","inLanguage":"es","@id":"https:\/\/woo-themes-plugins.com\/es\/producto\/savoy-tema-minimalista-y-ajax-tema-de-woocommerce\/#primaryimage","url":"https:\/\/woo-themes-plugins.com\/wp-content\/uploads\/sites\/7\/2018\/03\/woo-themes-plugins_savoy-theme-minimalistic-ajax-theme-woocommerce-interior-1.jpg","contentUrl":"https:\/\/woo-themes-plugins.com\/wp-content\/uploads\/sites\/7\/2018\/03\/woo-themes-plugins_savoy-theme-minimalistic-ajax-theme-woocommerce-interior-1.jpg","width":644,"height":900},{"@type":"BreadcrumbList","@id":"https:\/\/woo-themes-plugins.com\/es\/producto\/savoy-tema-minimalista-y-ajax-tema-de-woocommerce\/#breadcrumb","itemListElement":[{"@type":"ListItem","position":1,"name":"Accueil","item":"https:\/\/woo-themes-plugins.com\/fr\/"},{"@type":"ListItem","position":2,"name":"Shop","item":"https:\/\/woo-themes-plugins.com\/shop\/"},{"@type":"ListItem","position":3,"name":"Savoy &#8211; Tema minimalista y Ajax &#8211; Tema de WooCommerce"}]},{"@type":"WebSite","@id":"https:\/\/woo-themes-plugins.com\/it\/#website","url":"https:\/\/woo-themes-plugins.com\/it\/","name":"Woo-themes-plugins.com","description":"Tous les th\u00e8mes et plugins WooCommerce Premium","potentialAction":[{"@type":"SearchAction","target":{"@type":"EntryPoint","urlTemplate":"https:\/\/woo-themes-plugins.com\/it\/?s={search_term_string}"},"query-input":"required name=search_term_string"}],"inLanguage":"es"}]}},"_links":{"self":[{"href":"https:\/\/woo-themes-plugins.com\/es\/wp-json\/wp\/v2\/product\/5058","targetHints":{"allow":["GET"]}}],"collection":[{"href":"https:\/\/woo-themes-plugins.com\/es\/wp-json\/wp\/v2\/product"}],"about":[{"href":"https:\/\/woo-themes-plugins.com\/es\/wp-json\/wp\/v2\/types\/product"}],"wp:featuredmedia":[{"embeddable":true,"href":"https:\/\/woo-themes-plugins.com\/es\/wp-json\/wp\/v2\/media\/2163"}],"wp:attachment":[{"href":"https:\/\/woo-themes-plugins.com\/es\/wp-json\/wp\/v2\/media?parent=5058"}],"wp:term":[{"taxonomy":"product_cat","embeddable":true,"href":"https:\/\/woo-themes-plugins.com\/es\/wp-json\/wp\/v2\/product_cat?post=5058"},{"taxonomy":"product_tag","embeddable":true,"href":"https:\/\/woo-themes-plugins.com\/es\/wp-json\/wp\/v2\/product_tag?post=5058"}],"curies":[{"name":"wp","href":"https:\/\/api.w.org\/{rel}","templated":true}]}}