{"id":5059,"date":"2018-03-26T16:11:39","date_gmt":"2018-03-26T15:11:39","guid":{"rendered":"https:\/\/woo-themes-plugins.com\/product\/royal-theme-tema-elegante-versatil-y-facil-de-usar-tema-woocommerce\/"},"modified":"2018-03-26T16:11:39","modified_gmt":"2018-03-26T15:11:39","slug":"royal-theme-tema-elegante-versatil-y-facil-de-usar-tema-woocommerce","status":"publish","type":"product","link":"https:\/\/woo-themes-plugins.com\/es\/product\/royal-theme-tema-elegante-versatil-y-facil-de-usar-tema-woocommerce\/","title":{"rendered":"Royal Theme &#8211; Tema elegante, vers\u00e1til y f\u00e1cil de usar &#8211; Tema WooCommerce"},"content":{"rendered":"","protected":false},"excerpt":{"rendered":"<p><span id=\"result_box\" class=\"\" lang=\"es\">En la categor\u00eda Tema variable de WooCommerce, pregunto Royal Theme. Este tema logra distinguirse de la competencia de inmediato gracias a una gran variedad de dise\u00f1os predefinidos para poder dise\u00f1ar m\u00e1s de 70 tipos diferentes de sitios de comercio electr\u00f3nico, siempre utilizando WooCommerce.<\/span><\/p>\n","protected":false},"featured_media":2003,"template":"","meta":{"_monsterinsights_skip_tracking":false,"_monsterinsights_sitenote_active":false,"_monsterinsights_sitenote_note":"","_monsterinsights_sitenote_category":0},"product_cat":[221],"product_tag":[299,269,229,306,266,270,263,301,303,293,295],"class_list":["post-5059","product","type-product","status-publish","has-post-thumbnail","hentry","product_cat-tema-de-woocommerce","product_tag-instalacion-de-woocommerce-un-clic","product_tag-minimalista-de-woocommerce-del-tema","product_tag-principiante-woocommerce","product_tag-responsive-woocommerce","product_tag-tema-de-woocommerce-con-constructor","product_tag-tema-moderno-del-woocommerce","product_tag-temas-personalizables-de-woocommerce","product_tag-woocommerce-visual-composer-es","product_tag-woocommerce-multilingual","product_tag-woocommerce-y-la-tienda-de-moda","product_tag-woocommerce-y-tienda-de-ropa","pa_dev-woo-plugin-theme-8theme-es","pa_marketplace-woocommerce-themeforest-net-es"],"yoast_head":"<!-- This site is optimized with the Yoast SEO plugin v23.1 - https:\/\/yoast.com\/wordpress\/plugins\/seo\/ -->\n<title>Royal Theme - Tema elegante, vers\u00e1til y f\u00e1cil de usar - Tema WooCommerce - Woo-themes-plugins.com<\/title>\n<meta name=\"robots\" content=\"index, follow, max-snippet:-1, max-image-preview:large, max-video-preview:-1\" \/>\n<link rel=\"canonical\" href=\"https:\/\/woo-themes-plugins.com\/es\/producto\/royal-theme-tema-elegante-versatil-y-facil-de-usar-tema-woocommerce\/\" \/>\n<meta property=\"og:locale\" content=\"es_ES\" \/>\n<meta property=\"og:type\" content=\"article\" \/>\n<meta property=\"og:title\" content=\"Royal Theme - Tema elegante, vers\u00e1til y f\u00e1cil de usar - Tema WooCommerce - Woo-themes-plugins.com\" \/>\n<meta property=\"og:description\" content=\"En la categor\u00eda Tema variable de WooCommerce, pregunto Royal Theme. Este tema logra distinguirse de la competencia de inmediato gracias a una gran variedad de dise\u00f1os predefinidos para poder dise\u00f1ar m\u00e1s de 70 tipos diferentes de sitios de comercio electr\u00f3nico, siempre utilizando WooCommerce.\" \/>\n<meta property=\"og:url\" content=\"https:\/\/woo-themes-plugins.com\/es\/producto\/royal-theme-tema-elegante-versatil-y-facil-de-usar-tema-woocommerce\/\" \/>\n<meta property=\"og:site_name\" content=\"Woo-themes-plugins.com\" \/>\n<meta property=\"og:image\" content=\"https:\/\/woo-themes-plugins.com\/wp-content\/uploads\/sites\/7\/2018\/03\/woo-themes-plugins_royal-theme-theme-elegant-versatile-simple-theme-woocommerce-pet-store.jpg\" \/>\n\t<meta property=\"og:image:width\" content=\"644\" \/>\n\t<meta property=\"og:image:height\" content=\"900\" \/>\n\t<meta property=\"og:image:type\" content=\"image\/jpeg\" \/>\n<script type=\"application\/ld+json\" class=\"yoast-schema-graph\">{\"@context\":\"https:\/\/schema.org\",\"@graph\":[{\"@type\":\"WebPage\",\"@id\":\"https:\/\/woo-themes-plugins.com\/es\/producto\/royal-theme-tema-elegante-versatil-y-facil-de-usar-tema-woocommerce\/\",\"url\":\"https:\/\/woo-themes-plugins.com\/es\/producto\/royal-theme-tema-elegante-versatil-y-facil-de-usar-tema-woocommerce\/\",\"name\":\"Royal Theme - Tema elegante, vers\u00e1til y f\u00e1cil de usar - Tema WooCommerce - Woo-themes-plugins.com\",\"isPartOf\":{\"@id\":\"https:\/\/woo-themes-plugins.com\/it\/#website\"},\"primaryImageOfPage\":{\"@id\":\"https:\/\/woo-themes-plugins.com\/es\/producto\/royal-theme-tema-elegante-versatil-y-facil-de-usar-tema-woocommerce\/#primaryimage\"},\"image\":{\"@id\":\"https:\/\/woo-themes-plugins.com\/es\/producto\/royal-theme-tema-elegante-versatil-y-facil-de-usar-tema-woocommerce\/#primaryimage\"},\"thumbnailUrl\":\"https:\/\/woo-themes-plugins.com\/wp-content\/uploads\/sites\/7\/2018\/03\/woo-themes-plugins_royal-theme-theme-elegant-versatile-simple-theme-woocommerce-pet-store.jpg\",\"datePublished\":\"2018-03-26T15:11:39+00:00\",\"dateModified\":\"2018-03-26T15:11:39+00:00\",\"breadcrumb\":{\"@id\":\"https:\/\/woo-themes-plugins.com\/es\/producto\/royal-theme-tema-elegante-versatil-y-facil-de-usar-tema-woocommerce\/#breadcrumb\"},\"inLanguage\":\"es\",\"potentialAction\":[{\"@type\":\"ReadAction\",\"target\":[\"https:\/\/woo-themes-plugins.com\/es\/producto\/royal-theme-tema-elegante-versatil-y-facil-de-usar-tema-woocommerce\/\"]}]},{\"@type\":\"ImageObject\",\"inLanguage\":\"es\",\"@id\":\"https:\/\/woo-themes-plugins.com\/es\/producto\/royal-theme-tema-elegante-versatil-y-facil-de-usar-tema-woocommerce\/#primaryimage\",\"url\":\"https:\/\/woo-themes-plugins.com\/wp-content\/uploads\/sites\/7\/2018\/03\/woo-themes-plugins_royal-theme-theme-elegant-versatile-simple-theme-woocommerce-pet-store.jpg\",\"contentUrl\":\"https:\/\/woo-themes-plugins.com\/wp-content\/uploads\/sites\/7\/2018\/03\/woo-themes-plugins_royal-theme-theme-elegant-versatile-simple-theme-woocommerce-pet-store.jpg\",\"width\":644,\"height\":900},{\"@type\":\"BreadcrumbList\",\"@id\":\"https:\/\/woo-themes-plugins.com\/es\/producto\/royal-theme-tema-elegante-versatil-y-facil-de-usar-tema-woocommerce\/#breadcrumb\",\"itemListElement\":[{\"@type\":\"ListItem\",\"position\":1,\"name\":\"Accueil\",\"item\":\"https:\/\/woo-themes-plugins.com\/fr\/\"},{\"@type\":\"ListItem\",\"position\":2,\"name\":\"Shop\",\"item\":\"https:\/\/woo-themes-plugins.com\/shop\/\"},{\"@type\":\"ListItem\",\"position\":3,\"name\":\"Royal Theme &#8211; Tema elegante, vers\u00e1til y f\u00e1cil de usar &#8211; Tema WooCommerce\"}]},{\"@type\":\"WebSite\",\"@id\":\"https:\/\/woo-themes-plugins.com\/it\/#website\",\"url\":\"https:\/\/woo-themes-plugins.com\/it\/\",\"name\":\"Woo-themes-plugins.com\",\"description\":\"Tous les th\u00e8mes et plugins WooCommerce Premium\",\"potentialAction\":[{\"@type\":\"SearchAction\",\"target\":{\"@type\":\"EntryPoint\",\"urlTemplate\":\"https:\/\/woo-themes-plugins.com\/it\/?s={search_term_string}\"},\"query-input\":\"required name=search_term_string\"}],\"inLanguage\":\"es\"}]}<\/script>\n<!-- \/ Yoast SEO plugin. -->","yoast_head_json":{"title":"Royal Theme - Tema elegante, vers\u00e1til y f\u00e1cil de usar - Tema WooCommerce - Woo-themes-plugins.com","robots":{"index":"index","follow":"follow","max-snippet":"max-snippet:-1","max-image-preview":"max-image-preview:large","max-video-preview":"max-video-preview:-1"},"canonical":"https:\/\/woo-themes-plugins.com\/es\/producto\/royal-theme-tema-elegante-versatil-y-facil-de-usar-tema-woocommerce\/","og_locale":"es_ES","og_type":"article","og_title":"Royal Theme - Tema elegante, vers\u00e1til y f\u00e1cil de usar - Tema WooCommerce - Woo-themes-plugins.com","og_description":"En la categor\u00eda Tema variable de WooCommerce, pregunto Royal Theme. Este tema logra distinguirse de la competencia de inmediato gracias a una gran variedad de dise\u00f1os predefinidos para poder dise\u00f1ar m\u00e1s de 70 tipos diferentes de sitios de comercio electr\u00f3nico, siempre utilizando WooCommerce.","og_url":"https:\/\/woo-themes-plugins.com\/es\/producto\/royal-theme-tema-elegante-versatil-y-facil-de-usar-tema-woocommerce\/","og_site_name":"Woo-themes-plugins.com","og_image":[{"width":644,"height":900,"url":"https:\/\/woo-themes-plugins.com\/wp-content\/uploads\/sites\/7\/2018\/03\/woo-themes-plugins_royal-theme-theme-elegant-versatile-simple-theme-woocommerce-pet-store.jpg","type":"image\/jpeg"}],"schema":{"@context":"https:\/\/schema.org","@graph":[{"@type":"WebPage","@id":"https:\/\/woo-themes-plugins.com\/es\/producto\/royal-theme-tema-elegante-versatil-y-facil-de-usar-tema-woocommerce\/","url":"https:\/\/woo-themes-plugins.com\/es\/producto\/royal-theme-tema-elegante-versatil-y-facil-de-usar-tema-woocommerce\/","name":"Royal Theme - Tema elegante, vers\u00e1til y f\u00e1cil de usar - Tema WooCommerce - Woo-themes-plugins.com","isPartOf":{"@id":"https:\/\/woo-themes-plugins.com\/it\/#website"},"primaryImageOfPage":{"@id":"https:\/\/woo-themes-plugins.com\/es\/producto\/royal-theme-tema-elegante-versatil-y-facil-de-usar-tema-woocommerce\/#primaryimage"},"image":{"@id":"https:\/\/woo-themes-plugins.com\/es\/producto\/royal-theme-tema-elegante-versatil-y-facil-de-usar-tema-woocommerce\/#primaryimage"},"thumbnailUrl":"https:\/\/woo-themes-plugins.com\/wp-content\/uploads\/sites\/7\/2018\/03\/woo-themes-plugins_royal-theme-theme-elegant-versatile-simple-theme-woocommerce-pet-store.jpg","datePublished":"2018-03-26T15:11:39+00:00","dateModified":"2018-03-26T15:11:39+00:00","breadcrumb":{"@id":"https:\/\/woo-themes-plugins.com\/es\/producto\/royal-theme-tema-elegante-versatil-y-facil-de-usar-tema-woocommerce\/#breadcrumb"},"inLanguage":"es","potentialAction":[{"@type":"ReadAction","target":["https:\/\/woo-themes-plugins.com\/es\/producto\/royal-theme-tema-elegante-versatil-y-facil-de-usar-tema-woocommerce\/"]}]},{"@type":"ImageObject","inLanguage":"es","@id":"https:\/\/woo-themes-plugins.com\/es\/producto\/royal-theme-tema-elegante-versatil-y-facil-de-usar-tema-woocommerce\/#primaryimage","url":"https:\/\/woo-themes-plugins.com\/wp-content\/uploads\/sites\/7\/2018\/03\/woo-themes-plugins_royal-theme-theme-elegant-versatile-simple-theme-woocommerce-pet-store.jpg","contentUrl":"https:\/\/woo-themes-plugins.com\/wp-content\/uploads\/sites\/7\/2018\/03\/woo-themes-plugins_royal-theme-theme-elegant-versatile-simple-theme-woocommerce-pet-store.jpg","width":644,"height":900},{"@type":"BreadcrumbList","@id":"https:\/\/woo-themes-plugins.com\/es\/producto\/royal-theme-tema-elegante-versatil-y-facil-de-usar-tema-woocommerce\/#breadcrumb","itemListElement":[{"@type":"ListItem","position":1,"name":"Accueil","item":"https:\/\/woo-themes-plugins.com\/fr\/"},{"@type":"ListItem","position":2,"name":"Shop","item":"https:\/\/woo-themes-plugins.com\/shop\/"},{"@type":"ListItem","position":3,"name":"Royal Theme &#8211; Tema elegante, vers\u00e1til y f\u00e1cil de usar &#8211; Tema WooCommerce"}]},{"@type":"WebSite","@id":"https:\/\/woo-themes-plugins.com\/it\/#website","url":"https:\/\/woo-themes-plugins.com\/it\/","name":"Woo-themes-plugins.com","description":"Tous les th\u00e8mes et plugins WooCommerce Premium","potentialAction":[{"@type":"SearchAction","target":{"@type":"EntryPoint","urlTemplate":"https:\/\/woo-themes-plugins.com\/it\/?s={search_term_string}"},"query-input":"required name=search_term_string"}],"inLanguage":"es"}]}},"_links":{"self":[{"href":"https:\/\/woo-themes-plugins.com\/es\/wp-json\/wp\/v2\/product\/5059","targetHints":{"allow":["GET"]}}],"collection":[{"href":"https:\/\/woo-themes-plugins.com\/es\/wp-json\/wp\/v2\/product"}],"about":[{"href":"https:\/\/woo-themes-plugins.com\/es\/wp-json\/wp\/v2\/types\/product"}],"wp:featuredmedia":[{"embeddable":true,"href":"https:\/\/woo-themes-plugins.com\/es\/wp-json\/wp\/v2\/media\/2003"}],"wp:attachment":[{"href":"https:\/\/woo-themes-plugins.com\/es\/wp-json\/wp\/v2\/media?parent=5059"}],"wp:term":[{"taxonomy":"product_cat","embeddable":true,"href":"https:\/\/woo-themes-plugins.com\/es\/wp-json\/wp\/v2\/product_cat?post=5059"},{"taxonomy":"product_tag","embeddable":true,"href":"https:\/\/woo-themes-plugins.com\/es\/wp-json\/wp\/v2\/product_tag?post=5059"}],"curies":[{"name":"wp","href":"https:\/\/api.w.org\/{rel}","templated":true}]}}