{"id":5060,"date":"2018-03-26T16:00:48","date_gmt":"2018-03-26T15:00:48","guid":{"rendered":"https:\/\/woo-themes-plugins.com\/product\/mr-tailor-tema-de-ecommerce-de-small-shop-tema-de-woocommerce\/"},"modified":"2018-03-26T16:00:48","modified_gmt":"2018-03-26T15:00:48","slug":"mr-tailor-tema-de-ecommerce-de-small-shop-tema-de-woocommerce","status":"publish","type":"product","link":"https:\/\/woo-themes-plugins.com\/es\/product\/mr-tailor-tema-de-ecommerce-de-small-shop-tema-de-woocommerce\/","title":{"rendered":"Mr Tailor &#8211; Tema de eCommerce de Small Shop &#8211; Tema de WooCommerce"},"content":{"rendered":"","protected":false},"excerpt":{"rendered":"<p><span id=\"result_box\" class=\"\" lang=\"es\">Con este tema de WooCommerce, podr\u00e1 crear todo tipo de sitios de comercio electr\u00f3nico, desde simples ventas de productos hasta ventas de productos descargables. Si desea configurar un sitio multiling\u00fce, definitivamente apreciar\u00e1 que este tema sea compatible con WPML.<\/span><\/p>\n","protected":false},"featured_media":1947,"template":"","meta":{"_monsterinsights_skip_tracking":false,"_monsterinsights_sitenote_active":false,"_monsterinsights_sitenote_note":"","_monsterinsights_sitenote_category":0},"product_cat":[221],"product_tag":[299,269,229,306,266,270,263,301,303,293,295],"class_list":["post-5060","product","type-product","status-publish","has-post-thumbnail","hentry","product_cat-tema-de-woocommerce","product_tag-instalacion-de-woocommerce-un-clic","product_tag-minimalista-de-woocommerce-del-tema","product_tag-principiante-woocommerce","product_tag-responsive-woocommerce","product_tag-tema-de-woocommerce-con-constructor","product_tag-tema-moderno-del-woocommerce","product_tag-temas-personalizables-de-woocommerce","product_tag-woocommerce-visual-composer-es","product_tag-woocommerce-multilingual","product_tag-woocommerce-y-la-tienda-de-moda","product_tag-woocommerce-y-tienda-de-ropa","pa_dev-woo-plugin-theme-getbowtied-es","pa_marketplace-woocommerce-themeforest-net-es"],"yoast_head":"<!-- This site is optimized with the Yoast SEO plugin v23.1 - https:\/\/yoast.com\/wordpress\/plugins\/seo\/ -->\n<title>Mr Tailor - Tema de eCommerce de Small Shop - Tema de WooCommerce<\/title>\n<meta name=\"description\" content=\"Este tema de WooCommerce ha sido especialmente dise\u00f1ado para ofrecernos una herramienta de dise\u00f1o para las &quot;peque\u00f1as tiendas&quot; de eCommerce. Esta plantilla minimalista, moderna y elegante de WooCommerce tambi\u00e9n ser\u00e1 perfecta para el dise\u00f1o de boutique en el mundo de la moda y la &quot;tendencia&quot;.\" \/>\n<meta name=\"robots\" content=\"index, follow, max-snippet:-1, max-image-preview:large, max-video-preview:-1\" \/>\n<link rel=\"canonical\" href=\"https:\/\/woo-themes-plugins.com\/es\/producto\/mr-tailor-tema-de-ecommerce-de-small-shop-tema-de-woocommerce\/\" \/>\n<meta property=\"og:locale\" content=\"es_ES\" \/>\n<meta property=\"og:type\" content=\"article\" \/>\n<meta property=\"og:title\" content=\"Mr Tailor - Tema de eCommerce de Small Shop - Tema de WooCommerce\" \/>\n<meta property=\"og:description\" content=\"Este tema de WooCommerce ha sido especialmente dise\u00f1ado para ofrecernos una herramienta de dise\u00f1o para las &quot;peque\u00f1as tiendas&quot; de eCommerce. Esta plantilla minimalista, moderna y elegante de WooCommerce tambi\u00e9n ser\u00e1 perfecta para el dise\u00f1o de boutique en el mundo de la moda y la &quot;tendencia&quot;.\" \/>\n<meta property=\"og:url\" content=\"https:\/\/woo-themes-plugins.com\/es\/producto\/mr-tailor-tema-de-ecommerce-de-small-shop-tema-de-woocommerce\/\" \/>\n<meta property=\"og:site_name\" content=\"Woo-themes-plugins.com\" \/>\n<meta property=\"og:image\" content=\"https:\/\/woo-themes-plugins.com\/wp-content\/uploads\/sites\/7\/2018\/03\/woo-themes-plugins_mr-taylor-theme-petite-boutique-ecommerce-theme-woocommerce-fashion.jpg\" \/>\n\t<meta property=\"og:image:width\" content=\"644\" \/>\n\t<meta property=\"og:image:height\" content=\"900\" \/>\n\t<meta property=\"og:image:type\" content=\"image\/jpeg\" \/>\n<script type=\"application\/ld+json\" class=\"yoast-schema-graph\">{\"@context\":\"https:\/\/schema.org\",\"@graph\":[{\"@type\":\"WebPage\",\"@id\":\"https:\/\/woo-themes-plugins.com\/es\/producto\/mr-tailor-tema-de-ecommerce-de-small-shop-tema-de-woocommerce\/\",\"url\":\"https:\/\/woo-themes-plugins.com\/es\/producto\/mr-tailor-tema-de-ecommerce-de-small-shop-tema-de-woocommerce\/\",\"name\":\"Mr Tailor - Tema de eCommerce de Small Shop - Tema de WooCommerce\",\"isPartOf\":{\"@id\":\"https:\/\/woo-themes-plugins.com\/it\/#website\"},\"primaryImageOfPage\":{\"@id\":\"https:\/\/woo-themes-plugins.com\/es\/producto\/mr-tailor-tema-de-ecommerce-de-small-shop-tema-de-woocommerce\/#primaryimage\"},\"image\":{\"@id\":\"https:\/\/woo-themes-plugins.com\/es\/producto\/mr-tailor-tema-de-ecommerce-de-small-shop-tema-de-woocommerce\/#primaryimage\"},\"thumbnailUrl\":\"https:\/\/woo-themes-plugins.com\/wp-content\/uploads\/sites\/7\/2018\/03\/woo-themes-plugins_mr-taylor-theme-petite-boutique-ecommerce-theme-woocommerce-fashion.jpg\",\"datePublished\":\"2018-03-26T15:00:48+00:00\",\"dateModified\":\"2018-03-26T15:00:48+00:00\",\"description\":\"Este tema de WooCommerce ha sido especialmente dise\u00f1ado para ofrecernos una herramienta de dise\u00f1o para las \\\"peque\u00f1as tiendas\\\" de eCommerce. Esta plantilla minimalista, moderna y elegante de WooCommerce tambi\u00e9n ser\u00e1 perfecta para el dise\u00f1o de boutique en el mundo de la moda y la \\\"tendencia\\\".\",\"breadcrumb\":{\"@id\":\"https:\/\/woo-themes-plugins.com\/es\/producto\/mr-tailor-tema-de-ecommerce-de-small-shop-tema-de-woocommerce\/#breadcrumb\"},\"inLanguage\":\"es\",\"potentialAction\":[{\"@type\":\"ReadAction\",\"target\":[\"https:\/\/woo-themes-plugins.com\/es\/producto\/mr-tailor-tema-de-ecommerce-de-small-shop-tema-de-woocommerce\/\"]}]},{\"@type\":\"ImageObject\",\"inLanguage\":\"es\",\"@id\":\"https:\/\/woo-themes-plugins.com\/es\/producto\/mr-tailor-tema-de-ecommerce-de-small-shop-tema-de-woocommerce\/#primaryimage\",\"url\":\"https:\/\/woo-themes-plugins.com\/wp-content\/uploads\/sites\/7\/2018\/03\/woo-themes-plugins_mr-taylor-theme-petite-boutique-ecommerce-theme-woocommerce-fashion.jpg\",\"contentUrl\":\"https:\/\/woo-themes-plugins.com\/wp-content\/uploads\/sites\/7\/2018\/03\/woo-themes-plugins_mr-taylor-theme-petite-boutique-ecommerce-theme-woocommerce-fashion.jpg\",\"width\":644,\"height\":900},{\"@type\":\"BreadcrumbList\",\"@id\":\"https:\/\/woo-themes-plugins.com\/es\/producto\/mr-tailor-tema-de-ecommerce-de-small-shop-tema-de-woocommerce\/#breadcrumb\",\"itemListElement\":[{\"@type\":\"ListItem\",\"position\":1,\"name\":\"Accueil\",\"item\":\"https:\/\/woo-themes-plugins.com\/fr\/\"},{\"@type\":\"ListItem\",\"position\":2,\"name\":\"Shop\",\"item\":\"https:\/\/woo-themes-plugins.com\/shop\/\"},{\"@type\":\"ListItem\",\"position\":3,\"name\":\"Mr Tailor &#8211; Tema de eCommerce de Small Shop &#8211; Tema de WooCommerce\"}]},{\"@type\":\"WebSite\",\"@id\":\"https:\/\/woo-themes-plugins.com\/it\/#website\",\"url\":\"https:\/\/woo-themes-plugins.com\/it\/\",\"name\":\"Woo-themes-plugins.com\",\"description\":\"Tous les th\u00e8mes et plugins WooCommerce Premium\",\"potentialAction\":[{\"@type\":\"SearchAction\",\"target\":{\"@type\":\"EntryPoint\",\"urlTemplate\":\"https:\/\/woo-themes-plugins.com\/it\/?s={search_term_string}\"},\"query-input\":\"required name=search_term_string\"}],\"inLanguage\":\"es\"}]}<\/script>\n<!-- \/ Yoast SEO plugin. -->","yoast_head_json":{"title":"Mr Tailor - Tema de eCommerce de Small Shop - Tema de WooCommerce","description":"Este tema de WooCommerce ha sido especialmente dise\u00f1ado para ofrecernos una herramienta de dise\u00f1o para las \"peque\u00f1as tiendas\" de eCommerce. Esta plantilla minimalista, moderna y elegante de WooCommerce tambi\u00e9n ser\u00e1 perfecta para el dise\u00f1o de boutique en el mundo de la moda y la \"tendencia\".","robots":{"index":"index","follow":"follow","max-snippet":"max-snippet:-1","max-image-preview":"max-image-preview:large","max-video-preview":"max-video-preview:-1"},"canonical":"https:\/\/woo-themes-plugins.com\/es\/producto\/mr-tailor-tema-de-ecommerce-de-small-shop-tema-de-woocommerce\/","og_locale":"es_ES","og_type":"article","og_title":"Mr Tailor - Tema de eCommerce de Small Shop - Tema de WooCommerce","og_description":"Este tema de WooCommerce ha sido especialmente dise\u00f1ado para ofrecernos una herramienta de dise\u00f1o para las \"peque\u00f1as tiendas\" de eCommerce. Esta plantilla minimalista, moderna y elegante de WooCommerce tambi\u00e9n ser\u00e1 perfecta para el dise\u00f1o de boutique en el mundo de la moda y la \"tendencia\".","og_url":"https:\/\/woo-themes-plugins.com\/es\/producto\/mr-tailor-tema-de-ecommerce-de-small-shop-tema-de-woocommerce\/","og_site_name":"Woo-themes-plugins.com","og_image":[{"width":644,"height":900,"url":"https:\/\/woo-themes-plugins.com\/wp-content\/uploads\/sites\/7\/2018\/03\/woo-themes-plugins_mr-taylor-theme-petite-boutique-ecommerce-theme-woocommerce-fashion.jpg","type":"image\/jpeg"}],"schema":{"@context":"https:\/\/schema.org","@graph":[{"@type":"WebPage","@id":"https:\/\/woo-themes-plugins.com\/es\/producto\/mr-tailor-tema-de-ecommerce-de-small-shop-tema-de-woocommerce\/","url":"https:\/\/woo-themes-plugins.com\/es\/producto\/mr-tailor-tema-de-ecommerce-de-small-shop-tema-de-woocommerce\/","name":"Mr Tailor - Tema de eCommerce de Small Shop - Tema de WooCommerce","isPartOf":{"@id":"https:\/\/woo-themes-plugins.com\/it\/#website"},"primaryImageOfPage":{"@id":"https:\/\/woo-themes-plugins.com\/es\/producto\/mr-tailor-tema-de-ecommerce-de-small-shop-tema-de-woocommerce\/#primaryimage"},"image":{"@id":"https:\/\/woo-themes-plugins.com\/es\/producto\/mr-tailor-tema-de-ecommerce-de-small-shop-tema-de-woocommerce\/#primaryimage"},"thumbnailUrl":"https:\/\/woo-themes-plugins.com\/wp-content\/uploads\/sites\/7\/2018\/03\/woo-themes-plugins_mr-taylor-theme-petite-boutique-ecommerce-theme-woocommerce-fashion.jpg","datePublished":"2018-03-26T15:00:48+00:00","dateModified":"2018-03-26T15:00:48+00:00","description":"Este tema de WooCommerce ha sido especialmente dise\u00f1ado para ofrecernos una herramienta de dise\u00f1o para las \"peque\u00f1as tiendas\" de eCommerce. Esta plantilla minimalista, moderna y elegante de WooCommerce tambi\u00e9n ser\u00e1 perfecta para el dise\u00f1o de boutique en el mundo de la moda y la \"tendencia\".","breadcrumb":{"@id":"https:\/\/woo-themes-plugins.com\/es\/producto\/mr-tailor-tema-de-ecommerce-de-small-shop-tema-de-woocommerce\/#breadcrumb"},"inLanguage":"es","potentialAction":[{"@type":"ReadAction","target":["https:\/\/woo-themes-plugins.com\/es\/producto\/mr-tailor-tema-de-ecommerce-de-small-shop-tema-de-woocommerce\/"]}]},{"@type":"ImageObject","inLanguage":"es","@id":"https:\/\/woo-themes-plugins.com\/es\/producto\/mr-tailor-tema-de-ecommerce-de-small-shop-tema-de-woocommerce\/#primaryimage","url":"https:\/\/woo-themes-plugins.com\/wp-content\/uploads\/sites\/7\/2018\/03\/woo-themes-plugins_mr-taylor-theme-petite-boutique-ecommerce-theme-woocommerce-fashion.jpg","contentUrl":"https:\/\/woo-themes-plugins.com\/wp-content\/uploads\/sites\/7\/2018\/03\/woo-themes-plugins_mr-taylor-theme-petite-boutique-ecommerce-theme-woocommerce-fashion.jpg","width":644,"height":900},{"@type":"BreadcrumbList","@id":"https:\/\/woo-themes-plugins.com\/es\/producto\/mr-tailor-tema-de-ecommerce-de-small-shop-tema-de-woocommerce\/#breadcrumb","itemListElement":[{"@type":"ListItem","position":1,"name":"Accueil","item":"https:\/\/woo-themes-plugins.com\/fr\/"},{"@type":"ListItem","position":2,"name":"Shop","item":"https:\/\/woo-themes-plugins.com\/shop\/"},{"@type":"ListItem","position":3,"name":"Mr Tailor &#8211; Tema de eCommerce de Small Shop &#8211; Tema de WooCommerce"}]},{"@type":"WebSite","@id":"https:\/\/woo-themes-plugins.com\/it\/#website","url":"https:\/\/woo-themes-plugins.com\/it\/","name":"Woo-themes-plugins.com","description":"Tous les th\u00e8mes et plugins WooCommerce Premium","potentialAction":[{"@type":"SearchAction","target":{"@type":"EntryPoint","urlTemplate":"https:\/\/woo-themes-plugins.com\/it\/?s={search_term_string}"},"query-input":"required name=search_term_string"}],"inLanguage":"es"}]}},"_links":{"self":[{"href":"https:\/\/woo-themes-plugins.com\/es\/wp-json\/wp\/v2\/product\/5060","targetHints":{"allow":["GET"]}}],"collection":[{"href":"https:\/\/woo-themes-plugins.com\/es\/wp-json\/wp\/v2\/product"}],"about":[{"href":"https:\/\/woo-themes-plugins.com\/es\/wp-json\/wp\/v2\/types\/product"}],"wp:featuredmedia":[{"embeddable":true,"href":"https:\/\/woo-themes-plugins.com\/es\/wp-json\/wp\/v2\/media\/1947"}],"wp:attachment":[{"href":"https:\/\/woo-themes-plugins.com\/es\/wp-json\/wp\/v2\/media?parent=5060"}],"wp:term":[{"taxonomy":"product_cat","embeddable":true,"href":"https:\/\/woo-themes-plugins.com\/es\/wp-json\/wp\/v2\/product_cat?post=5060"},{"taxonomy":"product_tag","embeddable":true,"href":"https:\/\/woo-themes-plugins.com\/es\/wp-json\/wp\/v2\/product_tag?post=5060"}],"curies":[{"name":"wp","href":"https:\/\/api.w.org\/{rel}","templated":true}]}}