{"id":5061,"date":"2018-04-17T09:30:03","date_gmt":"2018-04-17T08:30:03","guid":{"rendered":"https:\/\/woo-themes-plugins.com\/product\/google-analytics-pro-seguimiento-de-analisis-de-complementos-de-woocommerce\/"},"modified":"2018-04-17T09:30:03","modified_gmt":"2018-04-17T08:30:03","slug":"google-analytics-pro-seguimiento-de-analisis-de-complementos-de-woocommerce","status":"publish","type":"product","link":"https:\/\/woo-themes-plugins.com\/es\/product\/google-analytics-pro-seguimiento-de-analisis-de-complementos-de-woocommerce\/","title":{"rendered":"Google Analytics Pro &#8211; Seguimiento de an\u00e1lisis de complementos de WooCommerce"},"content":{"rendered":"<p><span id=\"result_box\" class=\"\" lang=\"es\"><span title=\"Avec le plugin WooCommerce Google Analytics Pro, tu vas \u00eatre en mesure de conna\u00eetre toutes les donn\u00e9es vitales propres \u00e0 un site de eCommerce comme sur le tunnel de conversion par exemple.\">Con el complemento de Google Analytics Pro de WooCommerce, podr\u00e1 conocer todos los datos vitales espec\u00edficos de un sitio de comercio electr\u00f3nico, como el t\u00fanel de conversi\u00f3n, por ejemplo. <\/span><span title=\"En effet, ce plugin WooCommerce a pour but de venir ajouter tout ce qui manque afin que Google Analytics soit parfaitement int\u00e9gr\u00e9 dans votre boutique WooCommerce, et que votre site WooCommerce remonte les bonnes informations dans Google Analytics.\">De hecho, este complemento de WooCommerce tiene como objetivo agregar todo lo que falta para que Google Analytics est\u00e9 perfectamente integrado en su tienda WooCommerce, y su sitio WooCommerce coloca la informaci\u00f3n correcta en Google Analytics. <\/span><span title=\"Avec ce plugin, tu vas \u00eatre en mesure d'acc\u00e9der \u00e0 des donn\u00e9es chiffr\u00e9es qui te permettrons de conna\u00eetre les axes d'am\u00e9liorations propres \u00e0 ton site WooCommerce.\n\n\">Con este complemento, podr\u00e1 acceder a datos cifrados que le permitir\u00e1n conocer los ejes de las mejoras espec\u00edficas de su sitio WooCommerce.<\/p>\n<p><\/span><span title=\"Le plugin WooCommerce Google Analytics Pro vient aussi ajouter le support des \u00e9v\u00e8nements.\">El complemento Google Analytics Pro WooCommerce tambi\u00e9n agrega soporte para eventos. <\/span><span title=\"En int\u00e9grant les \u00e9v\u00e8nements, tu vas \u00eatre en mesure de savoir tr\u00e8s pr\u00e9cis\u00e9ment ce qui a conduit \u00e0 l'acte d'achat sur ton site.\n\n\">Al integrar los eventos, podr\u00e1 saber con mucha precisi\u00f3n qu\u00e9 fue lo que llev\u00f3 al acto de compra en su sitio.<\/p>\n<p><\/span><span title=\"Simple d'utilisation et d'installation, ce plugin WooCommerce se veut \u00eatre plug and play.\">F\u00e1cil de usar e instalar, este plugin de WooCommerce quiere ser plug and play. <\/span><span title=\"Une fois le plugin install\u00e9 sur ton site WooCommerce, tu pourras d\u00e9finir le nom des \u00e9v\u00e8nements de ton site, si ceux par d\u00e9faut ne te conviennent pas.\">Una vez que el complemento est\u00e9 instalado en su sitio WooCommerce, podr\u00e1 definir el nombre de los eventos de su sitio, si por defecto no le convienen. <\/span><span title=\"En suite, il te suffira de v\u00e9rifier dans ton compte Google Analytics que les donn\u00e9es eCommerce remontent bien.\">Entonces solo tendr\u00e1 que verificar en su cuenta de Google Analytics que los datos de comercio electr\u00f3nico tienen una buena respuesta. <\/span><span title=\"Et c'est tout, rien de plus \u00e0 faire pour b\u00e9n\u00e9ficier des avantages propos\u00e9s par WooCommerce Google Analytics Pro.\">Y eso es todo, nada m\u00e1s que hacer para disfrutar de los beneficios que ofrece WooCommerce Google Analytics Pro.<\/span><\/span><\/p>\n","protected":false},"excerpt":{"rendered":"<p><span id=\"result_box\" class=\"\" lang=\"es\">Google Analytics es una herramienta que puede ser muy poderosa cuando se trata de comercio electr\u00f3nico. Gracias a este complemento de WooCommerce, podr\u00e1 agregar a sus eventos de datos de Google Analytics activados por sus usuarios, pero tambi\u00e9n tendr\u00e1 acceso a los datos de comercio electr\u00f3nico de Google Analytics; datos solo accesibles a los sitios de WooCommerce que utilizan un complemento equivalente a WooCommerce Google Analytics Pro.<\/span><\/p>\n","protected":false},"featured_media":3020,"template":"","meta":{"_monsterinsights_skip_tracking":false,"_monsterinsights_sitenote_active":false,"_monsterinsights_sitenote_note":"","_monsterinsights_sitenote_category":0},"product_cat":[220],"product_tag":[239,255],"class_list":["post-5061","product","type-product","status-publish","has-post-thumbnail","hentry","product_cat-plugin-woocommerce-es","product_tag-complemento-de-google-analytics-woocommerce","product_tag-plugin-emarketing-woocommerce-es","pa_dev-woo-plugin-theme-skyverge-es","pa_marketplace-woocommerce-woocommerce-com-es"],"yoast_head":"<!-- This site is optimized with the Yoast SEO plugin v23.1 - https:\/\/yoast.com\/wordpress\/plugins\/seo\/ -->\n<title>Google Analytics Pro - Seguimiento de an\u00e1lisis de complementos de WooCommerce<\/title>\n<meta name=\"description\" content=\"Con este complemento de Google Analytics desarrollado para WooCommerce, podr\u00e1 seguir todos los eventos desencadenados en su sitio de comercio electr\u00f3nico, pero tambi\u00e9n tendr\u00e1 acceso a todos los datos de comercio electr\u00f3nico proporcionados por Google Analytics si su sitio de WooCommerce est\u00e1 bien configurado.\" \/>\n<meta name=\"robots\" content=\"index, follow, max-snippet:-1, max-image-preview:large, max-video-preview:-1\" \/>\n<link rel=\"canonical\" href=\"https:\/\/woo-themes-plugins.com\/es\/producto\/google-analytics-pro-seguimiento-de-analisis-de-complementos-de-woocommerce\/\" \/>\n<meta property=\"og:locale\" content=\"es_ES\" \/>\n<meta property=\"og:type\" content=\"article\" \/>\n<meta property=\"og:title\" content=\"Google Analytics Pro - Seguimiento de an\u00e1lisis de complementos de WooCommerce\" \/>\n<meta property=\"og:description\" content=\"Con este complemento de Google Analytics desarrollado para WooCommerce, podr\u00e1 seguir todos los eventos desencadenados en su sitio de comercio electr\u00f3nico, pero tambi\u00e9n tendr\u00e1 acceso a todos los datos de comercio electr\u00f3nico proporcionados por Google Analytics si su sitio de WooCommerce est\u00e1 bien configurado.\" \/>\n<meta property=\"og:url\" content=\"https:\/\/woo-themes-plugins.com\/es\/producto\/google-analytics-pro-seguimiento-de-analisis-de-complementos-de-woocommerce\/\" \/>\n<meta property=\"og:site_name\" content=\"Woo-themes-plugins.com\" \/>\n<meta property=\"og:image\" content=\"https:\/\/woo-themes-plugins.com\/wp-content\/uploads\/sites\/7\/2018\/04\/woo-themes-plugins_woocommerce-google-analytics-pro-plugin-woocommerce.jpg\" \/>\n\t<meta property=\"og:image:width\" content=\"900\" \/>\n\t<meta property=\"og:image:height\" content=\"900\" \/>\n\t<meta property=\"og:image:type\" content=\"image\/jpeg\" \/>\n<meta name=\"twitter:label1\" content=\"Tiempo de lectura\" \/>\n\t<meta name=\"twitter:data1\" content=\"1 minuto\" \/>\n<script type=\"application\/ld+json\" class=\"yoast-schema-graph\">{\"@context\":\"https:\/\/schema.org\",\"@graph\":[{\"@type\":\"WebPage\",\"@id\":\"https:\/\/woo-themes-plugins.com\/es\/producto\/google-analytics-pro-seguimiento-de-analisis-de-complementos-de-woocommerce\/\",\"url\":\"https:\/\/woo-themes-plugins.com\/es\/producto\/google-analytics-pro-seguimiento-de-analisis-de-complementos-de-woocommerce\/\",\"name\":\"Google Analytics Pro - Seguimiento de an\u00e1lisis de complementos de WooCommerce\",\"isPartOf\":{\"@id\":\"https:\/\/woo-themes-plugins.com\/it\/#website\"},\"primaryImageOfPage\":{\"@id\":\"https:\/\/woo-themes-plugins.com\/es\/producto\/google-analytics-pro-seguimiento-de-analisis-de-complementos-de-woocommerce\/#primaryimage\"},\"image\":{\"@id\":\"https:\/\/woo-themes-plugins.com\/es\/producto\/google-analytics-pro-seguimiento-de-analisis-de-complementos-de-woocommerce\/#primaryimage\"},\"thumbnailUrl\":\"https:\/\/woo-themes-plugins.com\/wp-content\/uploads\/sites\/7\/2018\/04\/woo-themes-plugins_woocommerce-google-analytics-pro-plugin-woocommerce.jpg\",\"datePublished\":\"2018-04-17T08:30:03+00:00\",\"dateModified\":\"2018-04-17T08:30:03+00:00\",\"description\":\"Con este complemento de Google Analytics desarrollado para WooCommerce, podr\u00e1 seguir todos los eventos desencadenados en su sitio de comercio electr\u00f3nico, pero tambi\u00e9n tendr\u00e1 acceso a todos los datos de comercio electr\u00f3nico proporcionados por Google Analytics si su sitio de WooCommerce est\u00e1 bien configurado.\",\"breadcrumb\":{\"@id\":\"https:\/\/woo-themes-plugins.com\/es\/producto\/google-analytics-pro-seguimiento-de-analisis-de-complementos-de-woocommerce\/#breadcrumb\"},\"inLanguage\":\"es\",\"potentialAction\":[{\"@type\":\"ReadAction\",\"target\":[\"https:\/\/woo-themes-plugins.com\/es\/producto\/google-analytics-pro-seguimiento-de-analisis-de-complementos-de-woocommerce\/\"]}]},{\"@type\":\"ImageObject\",\"inLanguage\":\"es\",\"@id\":\"https:\/\/woo-themes-plugins.com\/es\/producto\/google-analytics-pro-seguimiento-de-analisis-de-complementos-de-woocommerce\/#primaryimage\",\"url\":\"https:\/\/woo-themes-plugins.com\/wp-content\/uploads\/sites\/7\/2018\/04\/woo-themes-plugins_woocommerce-google-analytics-pro-plugin-woocommerce.jpg\",\"contentUrl\":\"https:\/\/woo-themes-plugins.com\/wp-content\/uploads\/sites\/7\/2018\/04\/woo-themes-plugins_woocommerce-google-analytics-pro-plugin-woocommerce.jpg\",\"width\":900,\"height\":900},{\"@type\":\"BreadcrumbList\",\"@id\":\"https:\/\/woo-themes-plugins.com\/es\/producto\/google-analytics-pro-seguimiento-de-analisis-de-complementos-de-woocommerce\/#breadcrumb\",\"itemListElement\":[{\"@type\":\"ListItem\",\"position\":1,\"name\":\"Accueil\",\"item\":\"https:\/\/woo-themes-plugins.com\/fr\/\"},{\"@type\":\"ListItem\",\"position\":2,\"name\":\"Shop\",\"item\":\"https:\/\/woo-themes-plugins.com\/shop\/\"},{\"@type\":\"ListItem\",\"position\":3,\"name\":\"Google Analytics Pro &#8211; Seguimiento de an\u00e1lisis de complementos de WooCommerce\"}]},{\"@type\":\"WebSite\",\"@id\":\"https:\/\/woo-themes-plugins.com\/it\/#website\",\"url\":\"https:\/\/woo-themes-plugins.com\/it\/\",\"name\":\"Woo-themes-plugins.com\",\"description\":\"Tous les th\u00e8mes et plugins WooCommerce Premium\",\"potentialAction\":[{\"@type\":\"SearchAction\",\"target\":{\"@type\":\"EntryPoint\",\"urlTemplate\":\"https:\/\/woo-themes-plugins.com\/it\/?s={search_term_string}\"},\"query-input\":\"required name=search_term_string\"}],\"inLanguage\":\"es\"}]}<\/script>\n<!-- \/ Yoast SEO plugin. -->","yoast_head_json":{"title":"Google Analytics Pro - Seguimiento de an\u00e1lisis de complementos de WooCommerce","description":"Con este complemento de Google Analytics desarrollado para WooCommerce, podr\u00e1 seguir todos los eventos desencadenados en su sitio de comercio electr\u00f3nico, pero tambi\u00e9n tendr\u00e1 acceso a todos los datos de comercio electr\u00f3nico proporcionados por Google Analytics si su sitio de WooCommerce est\u00e1 bien configurado.","robots":{"index":"index","follow":"follow","max-snippet":"max-snippet:-1","max-image-preview":"max-image-preview:large","max-video-preview":"max-video-preview:-1"},"canonical":"https:\/\/woo-themes-plugins.com\/es\/producto\/google-analytics-pro-seguimiento-de-analisis-de-complementos-de-woocommerce\/","og_locale":"es_ES","og_type":"article","og_title":"Google Analytics Pro - Seguimiento de an\u00e1lisis de complementos de WooCommerce","og_description":"Con este complemento de Google Analytics desarrollado para WooCommerce, podr\u00e1 seguir todos los eventos desencadenados en su sitio de comercio electr\u00f3nico, pero tambi\u00e9n tendr\u00e1 acceso a todos los datos de comercio electr\u00f3nico proporcionados por Google Analytics si su sitio de WooCommerce est\u00e1 bien configurado.","og_url":"https:\/\/woo-themes-plugins.com\/es\/producto\/google-analytics-pro-seguimiento-de-analisis-de-complementos-de-woocommerce\/","og_site_name":"Woo-themes-plugins.com","og_image":[{"width":900,"height":900,"url":"https:\/\/woo-themes-plugins.com\/wp-content\/uploads\/sites\/7\/2018\/04\/woo-themes-plugins_woocommerce-google-analytics-pro-plugin-woocommerce.jpg","type":"image\/jpeg"}],"twitter_misc":{"Tiempo de lectura":"1 minuto"},"schema":{"@context":"https:\/\/schema.org","@graph":[{"@type":"WebPage","@id":"https:\/\/woo-themes-plugins.com\/es\/producto\/google-analytics-pro-seguimiento-de-analisis-de-complementos-de-woocommerce\/","url":"https:\/\/woo-themes-plugins.com\/es\/producto\/google-analytics-pro-seguimiento-de-analisis-de-complementos-de-woocommerce\/","name":"Google Analytics Pro - Seguimiento de an\u00e1lisis de complementos de WooCommerce","isPartOf":{"@id":"https:\/\/woo-themes-plugins.com\/it\/#website"},"primaryImageOfPage":{"@id":"https:\/\/woo-themes-plugins.com\/es\/producto\/google-analytics-pro-seguimiento-de-analisis-de-complementos-de-woocommerce\/#primaryimage"},"image":{"@id":"https:\/\/woo-themes-plugins.com\/es\/producto\/google-analytics-pro-seguimiento-de-analisis-de-complementos-de-woocommerce\/#primaryimage"},"thumbnailUrl":"https:\/\/woo-themes-plugins.com\/wp-content\/uploads\/sites\/7\/2018\/04\/woo-themes-plugins_woocommerce-google-analytics-pro-plugin-woocommerce.jpg","datePublished":"2018-04-17T08:30:03+00:00","dateModified":"2018-04-17T08:30:03+00:00","description":"Con este complemento de Google Analytics desarrollado para WooCommerce, podr\u00e1 seguir todos los eventos desencadenados en su sitio de comercio electr\u00f3nico, pero tambi\u00e9n tendr\u00e1 acceso a todos los datos de comercio electr\u00f3nico proporcionados por Google Analytics si su sitio de WooCommerce est\u00e1 bien configurado.","breadcrumb":{"@id":"https:\/\/woo-themes-plugins.com\/es\/producto\/google-analytics-pro-seguimiento-de-analisis-de-complementos-de-woocommerce\/#breadcrumb"},"inLanguage":"es","potentialAction":[{"@type":"ReadAction","target":["https:\/\/woo-themes-plugins.com\/es\/producto\/google-analytics-pro-seguimiento-de-analisis-de-complementos-de-woocommerce\/"]}]},{"@type":"ImageObject","inLanguage":"es","@id":"https:\/\/woo-themes-plugins.com\/es\/producto\/google-analytics-pro-seguimiento-de-analisis-de-complementos-de-woocommerce\/#primaryimage","url":"https:\/\/woo-themes-plugins.com\/wp-content\/uploads\/sites\/7\/2018\/04\/woo-themes-plugins_woocommerce-google-analytics-pro-plugin-woocommerce.jpg","contentUrl":"https:\/\/woo-themes-plugins.com\/wp-content\/uploads\/sites\/7\/2018\/04\/woo-themes-plugins_woocommerce-google-analytics-pro-plugin-woocommerce.jpg","width":900,"height":900},{"@type":"BreadcrumbList","@id":"https:\/\/woo-themes-plugins.com\/es\/producto\/google-analytics-pro-seguimiento-de-analisis-de-complementos-de-woocommerce\/#breadcrumb","itemListElement":[{"@type":"ListItem","position":1,"name":"Accueil","item":"https:\/\/woo-themes-plugins.com\/fr\/"},{"@type":"ListItem","position":2,"name":"Shop","item":"https:\/\/woo-themes-plugins.com\/shop\/"},{"@type":"ListItem","position":3,"name":"Google Analytics Pro &#8211; Seguimiento de an\u00e1lisis de complementos de WooCommerce"}]},{"@type":"WebSite","@id":"https:\/\/woo-themes-plugins.com\/it\/#website","url":"https:\/\/woo-themes-plugins.com\/it\/","name":"Woo-themes-plugins.com","description":"Tous les th\u00e8mes et plugins WooCommerce Premium","potentialAction":[{"@type":"SearchAction","target":{"@type":"EntryPoint","urlTemplate":"https:\/\/woo-themes-plugins.com\/it\/?s={search_term_string}"},"query-input":"required name=search_term_string"}],"inLanguage":"es"}]}},"_links":{"self":[{"href":"https:\/\/woo-themes-plugins.com\/es\/wp-json\/wp\/v2\/product\/5061","targetHints":{"allow":["GET"]}}],"collection":[{"href":"https:\/\/woo-themes-plugins.com\/es\/wp-json\/wp\/v2\/product"}],"about":[{"href":"https:\/\/woo-themes-plugins.com\/es\/wp-json\/wp\/v2\/types\/product"}],"wp:featuredmedia":[{"embeddable":true,"href":"https:\/\/woo-themes-plugins.com\/es\/wp-json\/wp\/v2\/media\/3020"}],"wp:attachment":[{"href":"https:\/\/woo-themes-plugins.com\/es\/wp-json\/wp\/v2\/media?parent=5061"}],"wp:term":[{"taxonomy":"product_cat","embeddable":true,"href":"https:\/\/woo-themes-plugins.com\/es\/wp-json\/wp\/v2\/product_cat?post=5061"},{"taxonomy":"product_tag","embeddable":true,"href":"https:\/\/woo-themes-plugins.com\/es\/wp-json\/wp\/v2\/product_tag?post=5061"}],"curies":[{"name":"wp","href":"https:\/\/api.w.org\/{rel}","templated":true}]}}