{"id":5062,"date":"2018-04-17T09:11:30","date_gmt":"2018-04-17T08:11:30","guid":{"rendered":"https:\/\/woo-themes-plugins.com\/product\/por-envio-de-producto-complemento-de-administracion-de-envio-de-woocommerce\/"},"modified":"2018-04-17T09:11:30","modified_gmt":"2018-04-17T08:11:30","slug":"por-envio-de-producto-complemento-de-administracion-de-envio-de-woocommerce","status":"publish","type":"product","link":"https:\/\/woo-themes-plugins.com\/es\/product\/por-envio-de-producto-complemento-de-administracion-de-envio-de-woocommerce\/","title":{"rendered":"Por env\u00edo de producto &#8211; Complemento de administraci\u00f3n de env\u00edo de WooCommerce"},"content":{"rendered":"<p><span id=\"result_box\" class=\"\" lang=\"es\"><span title=\"Nous l'avons dit, ce plugin WooCommerce va te permettre de d\u00e9finir des frais de livraisons sur la base d'un article ou de ses variations.\">Como dijimos, este complemento de WooCommerce le permitir\u00e1 establecer cargos de env\u00edo basados \u200b\u200ben un art\u00edculo o sus variaciones. <\/span><span title=\"Ainsi, il te sera possible de d\u00e9finir diff\u00e9rents co\u00fbts de livraison pour un m\u00eame produit, en fonction de la localisation g\u00e9ographique de l'internaute souhaitant passer commende sur votre site de eCommerce.\n\n\">Por lo tanto, podr\u00e1 definir diferentes costos de entrega para el mismo producto, dependiendo de la ubicaci\u00f3n geogr\u00e1fica del usuario que desea transferir su sitio de comercio electr\u00f3nico.<\/p>\n<p><\/span><span title=\"Les co\u00fbts de livraison unitaire peuvent \u00eatre ajout\u00e9 aux autres m\u00e9thodes de livraison d\u00e9j\u00e0 programm\u00e9 dans votre interface d'administration WooCommerce, ou \u00eatre utilis\u00e9 seul, \u00e0 100%.\n\n\">Los costos de entrega de la unidad se pueden agregar a otros m\u00e9todos de entrega ya programados en la interfaz de administraci\u00f3n de WooCommerce, o se pueden usar solos, al 100%.<\/p>\n<p><\/span><span title=\"Voici diff\u00e9rentes fonctionnalit\u00e9s offert par le plugin WooCommerce Per Product Shipping :\n\n\u00a0\u00a0\u00a0\u00a0\">Estas son algunas de las funciones que ofrece el complemento de env\u00edo por producto de WooCommerce:<\/p>\n<p><\/span><span title=\"D\u00e9finir une politique de frais d'exp\u00e9dition bas\u00e9 sur la ligne ou par produit\n\u00a0\u00a0\u00a0\u00a0\">Establecer una pol\u00edtica de costos de env\u00edo basada en l\u00ednea o producto<br \/>\n<\/span><span title=\"D\u00e9finir une politique de co\u00fbt d'exp\u00e9dition bas\u00e9 sur les variations produit\n\u00a0\u00a0\u00a0\u00a0\">Definir una pol\u00edtica de costos de env\u00edo basada en las variaciones del producto<br \/>\n<\/span><span title=\"Modification du co\u00fbt de livraison en fonction de la destination\n\u00a0\u00a0\u00a0\u00a0\">Cambiar el costo de entrega seg\u00fan el destino<br \/>\n<\/span><span title=\"Importation et exportation des taux de livraison par fichier CSV\n\u00a0\u00a0\u00a0\u00a0\">Importar y exportar tasas de entrega por archivo CSV<br \/>\n<\/span><span title=\"Utilisation en mode s\u00e9par\u00e9 des autres m\u00e9thodes d'exp\u00e9dition\n\u00a0\u00a0\u00a0\u00a0\">Uso separado de otros m\u00e9todos de env\u00edo<br \/>\n<\/span><span title=\"Ajout des co\u00fbts calcul\u00e9s au total des autres m\u00e9thodes d'exp\u00e9dition\n\n\">Agregar costos calculados al total de otros m\u00e9todos de env\u00edo<\/p>\n<p><\/span><span title=\"Une extension WooCommerce particuli\u00e8rement utile lorsqu'on commercialise sur son site internet des produits dont le co\u00fbt de livraison peut fluctuer du prix de tous les autres produits sur votre site.\">Una extensi\u00f3n de WooCommerce que es particularmente \u00fatil cuando vende productos en su sitio web donde el costo de la entrega puede fluctuar con el precio de todos los dem\u00e1s productos en su sitio.<\/span><\/span><\/p>\n","protected":false},"excerpt":{"rendered":"<p><span id=\"result_box\" class=\"\" lang=\"es\">Gracias a este complemento de WooCommerce, podr\u00e1 definir un costo de entrega asociado directamente con su producto. Por lo tanto, cada producto puede tener sus propios costos de env\u00edo. Una vez que todos los art\u00edculos se incluyan en la cesta, este complemento de WooCommerce ser\u00e1 responsable de calcular todos los costos de entrega atribuibles al pedido que el cliente est\u00e1 pasando.<\/span><\/p>\n","protected":false},"featured_media":3003,"template":"","meta":{"_monsterinsights_skip_tracking":false,"_monsterinsights_sitenote_active":false,"_monsterinsights_sitenote_note":"","_monsterinsights_sitenote_category":0},"product_cat":[220],"product_tag":[834,245],"class_list":["post-5062","product","type-product","status-publish","has-post-thumbnail","hentry","product_cat-plugin-woocommerce-es","product_tag-entrega-de-woocommerce","product_tag-pedidos-y-woocommerce","pa_dev-woo-plugin-theme-woocommerce-es","pa_marketplace-woocommerce-woocommerce-com-es"],"yoast_head":"<!-- This site is optimized with the Yoast SEO plugin v23.1 - https:\/\/yoast.com\/wordpress\/plugins\/seo\/ -->\n<title>Por env\u00edo de producto - Complemento de administraci\u00f3n de env\u00edo de WooCommerce - Woo-themes-plugins.com<\/title>\n<meta name=\"robots\" content=\"index, follow, max-snippet:-1, max-image-preview:large, max-video-preview:-1\" \/>\n<link rel=\"canonical\" href=\"https:\/\/woo-themes-plugins.com\/es\/producto\/por-envio-de-producto-complemento-de-administracion-de-envio-de-woocommerce\/\" \/>\n<meta property=\"og:locale\" content=\"es_ES\" \/>\n<meta property=\"og:type\" content=\"article\" \/>\n<meta property=\"og:title\" content=\"Por env\u00edo de producto - Complemento de administraci\u00f3n de env\u00edo de WooCommerce - Woo-themes-plugins.com\" \/>\n<meta property=\"og:description\" content=\"Gracias a este complemento de WooCommerce, podr\u00e1 definir un costo de entrega asociado directamente con su producto. Por lo tanto, cada producto puede tener sus propios costos de env\u00edo. Una vez que todos los art\u00edculos se incluyan en la cesta, este complemento de WooCommerce ser\u00e1 responsable de calcular todos los costos de entrega atribuibles al pedido que el cliente est\u00e1 pasando.\" \/>\n<meta property=\"og:url\" content=\"https:\/\/woo-themes-plugins.com\/es\/producto\/por-envio-de-producto-complemento-de-administracion-de-envio-de-woocommerce\/\" \/>\n<meta property=\"og:site_name\" content=\"Woo-themes-plugins.com\" \/>\n<meta property=\"og:image\" content=\"https:\/\/woo-themes-plugins.com\/wp-content\/uploads\/sites\/7\/2018\/04\/woo-themes-plugins_woocommerce-per-product-shipping-plugin-woocommerce.jpg\" \/>\n\t<meta property=\"og:image:width\" content=\"900\" \/>\n\t<meta property=\"og:image:height\" content=\"900\" \/>\n\t<meta property=\"og:image:type\" content=\"image\/jpeg\" \/>\n<meta name=\"twitter:label1\" content=\"Tiempo de lectura\" \/>\n\t<meta name=\"twitter:data1\" content=\"1 minuto\" \/>\n<script type=\"application\/ld+json\" class=\"yoast-schema-graph\">{\"@context\":\"https:\/\/schema.org\",\"@graph\":[{\"@type\":\"WebPage\",\"@id\":\"https:\/\/woo-themes-plugins.com\/es\/producto\/por-envio-de-producto-complemento-de-administracion-de-envio-de-woocommerce\/\",\"url\":\"https:\/\/woo-themes-plugins.com\/es\/producto\/por-envio-de-producto-complemento-de-administracion-de-envio-de-woocommerce\/\",\"name\":\"Por env\u00edo de producto - Complemento de administraci\u00f3n de env\u00edo de WooCommerce - Woo-themes-plugins.com\",\"isPartOf\":{\"@id\":\"https:\/\/woo-themes-plugins.com\/it\/#website\"},\"primaryImageOfPage\":{\"@id\":\"https:\/\/woo-themes-plugins.com\/es\/producto\/por-envio-de-producto-complemento-de-administracion-de-envio-de-woocommerce\/#primaryimage\"},\"image\":{\"@id\":\"https:\/\/woo-themes-plugins.com\/es\/producto\/por-envio-de-producto-complemento-de-administracion-de-envio-de-woocommerce\/#primaryimage\"},\"thumbnailUrl\":\"https:\/\/woo-themes-plugins.com\/wp-content\/uploads\/sites\/7\/2018\/04\/woo-themes-plugins_woocommerce-per-product-shipping-plugin-woocommerce.jpg\",\"datePublished\":\"2018-04-17T08:11:30+00:00\",\"dateModified\":\"2018-04-17T08:11:30+00:00\",\"breadcrumb\":{\"@id\":\"https:\/\/woo-themes-plugins.com\/es\/producto\/por-envio-de-producto-complemento-de-administracion-de-envio-de-woocommerce\/#breadcrumb\"},\"inLanguage\":\"es\",\"potentialAction\":[{\"@type\":\"ReadAction\",\"target\":[\"https:\/\/woo-themes-plugins.com\/es\/producto\/por-envio-de-producto-complemento-de-administracion-de-envio-de-woocommerce\/\"]}]},{\"@type\":\"ImageObject\",\"inLanguage\":\"es\",\"@id\":\"https:\/\/woo-themes-plugins.com\/es\/producto\/por-envio-de-producto-complemento-de-administracion-de-envio-de-woocommerce\/#primaryimage\",\"url\":\"https:\/\/woo-themes-plugins.com\/wp-content\/uploads\/sites\/7\/2018\/04\/woo-themes-plugins_woocommerce-per-product-shipping-plugin-woocommerce.jpg\",\"contentUrl\":\"https:\/\/woo-themes-plugins.com\/wp-content\/uploads\/sites\/7\/2018\/04\/woo-themes-plugins_woocommerce-per-product-shipping-plugin-woocommerce.jpg\",\"width\":900,\"height\":900},{\"@type\":\"BreadcrumbList\",\"@id\":\"https:\/\/woo-themes-plugins.com\/es\/producto\/por-envio-de-producto-complemento-de-administracion-de-envio-de-woocommerce\/#breadcrumb\",\"itemListElement\":[{\"@type\":\"ListItem\",\"position\":1,\"name\":\"Accueil\",\"item\":\"https:\/\/woo-themes-plugins.com\/fr\/\"},{\"@type\":\"ListItem\",\"position\":2,\"name\":\"Shop\",\"item\":\"https:\/\/woo-themes-plugins.com\/shop\/\"},{\"@type\":\"ListItem\",\"position\":3,\"name\":\"Por env\u00edo de producto &#8211; Complemento de administraci\u00f3n de env\u00edo de WooCommerce\"}]},{\"@type\":\"WebSite\",\"@id\":\"https:\/\/woo-themes-plugins.com\/it\/#website\",\"url\":\"https:\/\/woo-themes-plugins.com\/it\/\",\"name\":\"Woo-themes-plugins.com\",\"description\":\"Tous les th\u00e8mes et plugins WooCommerce Premium\",\"potentialAction\":[{\"@type\":\"SearchAction\",\"target\":{\"@type\":\"EntryPoint\",\"urlTemplate\":\"https:\/\/woo-themes-plugins.com\/it\/?s={search_term_string}\"},\"query-input\":\"required name=search_term_string\"}],\"inLanguage\":\"es\"}]}<\/script>\n<!-- \/ Yoast SEO plugin. -->","yoast_head_json":{"title":"Por env\u00edo de producto - Complemento de administraci\u00f3n de env\u00edo de WooCommerce - Woo-themes-plugins.com","robots":{"index":"index","follow":"follow","max-snippet":"max-snippet:-1","max-image-preview":"max-image-preview:large","max-video-preview":"max-video-preview:-1"},"canonical":"https:\/\/woo-themes-plugins.com\/es\/producto\/por-envio-de-producto-complemento-de-administracion-de-envio-de-woocommerce\/","og_locale":"es_ES","og_type":"article","og_title":"Por env\u00edo de producto - Complemento de administraci\u00f3n de env\u00edo de WooCommerce - Woo-themes-plugins.com","og_description":"Gracias a este complemento de WooCommerce, podr\u00e1 definir un costo de entrega asociado directamente con su producto. Por lo tanto, cada producto puede tener sus propios costos de env\u00edo. Una vez que todos los art\u00edculos se incluyan en la cesta, este complemento de WooCommerce ser\u00e1 responsable de calcular todos los costos de entrega atribuibles al pedido que el cliente est\u00e1 pasando.","og_url":"https:\/\/woo-themes-plugins.com\/es\/producto\/por-envio-de-producto-complemento-de-administracion-de-envio-de-woocommerce\/","og_site_name":"Woo-themes-plugins.com","og_image":[{"width":900,"height":900,"url":"https:\/\/woo-themes-plugins.com\/wp-content\/uploads\/sites\/7\/2018\/04\/woo-themes-plugins_woocommerce-per-product-shipping-plugin-woocommerce.jpg","type":"image\/jpeg"}],"twitter_misc":{"Tiempo de lectura":"1 minuto"},"schema":{"@context":"https:\/\/schema.org","@graph":[{"@type":"WebPage","@id":"https:\/\/woo-themes-plugins.com\/es\/producto\/por-envio-de-producto-complemento-de-administracion-de-envio-de-woocommerce\/","url":"https:\/\/woo-themes-plugins.com\/es\/producto\/por-envio-de-producto-complemento-de-administracion-de-envio-de-woocommerce\/","name":"Por env\u00edo de producto - Complemento de administraci\u00f3n de env\u00edo de WooCommerce - Woo-themes-plugins.com","isPartOf":{"@id":"https:\/\/woo-themes-plugins.com\/it\/#website"},"primaryImageOfPage":{"@id":"https:\/\/woo-themes-plugins.com\/es\/producto\/por-envio-de-producto-complemento-de-administracion-de-envio-de-woocommerce\/#primaryimage"},"image":{"@id":"https:\/\/woo-themes-plugins.com\/es\/producto\/por-envio-de-producto-complemento-de-administracion-de-envio-de-woocommerce\/#primaryimage"},"thumbnailUrl":"https:\/\/woo-themes-plugins.com\/wp-content\/uploads\/sites\/7\/2018\/04\/woo-themes-plugins_woocommerce-per-product-shipping-plugin-woocommerce.jpg","datePublished":"2018-04-17T08:11:30+00:00","dateModified":"2018-04-17T08:11:30+00:00","breadcrumb":{"@id":"https:\/\/woo-themes-plugins.com\/es\/producto\/por-envio-de-producto-complemento-de-administracion-de-envio-de-woocommerce\/#breadcrumb"},"inLanguage":"es","potentialAction":[{"@type":"ReadAction","target":["https:\/\/woo-themes-plugins.com\/es\/producto\/por-envio-de-producto-complemento-de-administracion-de-envio-de-woocommerce\/"]}]},{"@type":"ImageObject","inLanguage":"es","@id":"https:\/\/woo-themes-plugins.com\/es\/producto\/por-envio-de-producto-complemento-de-administracion-de-envio-de-woocommerce\/#primaryimage","url":"https:\/\/woo-themes-plugins.com\/wp-content\/uploads\/sites\/7\/2018\/04\/woo-themes-plugins_woocommerce-per-product-shipping-plugin-woocommerce.jpg","contentUrl":"https:\/\/woo-themes-plugins.com\/wp-content\/uploads\/sites\/7\/2018\/04\/woo-themes-plugins_woocommerce-per-product-shipping-plugin-woocommerce.jpg","width":900,"height":900},{"@type":"BreadcrumbList","@id":"https:\/\/woo-themes-plugins.com\/es\/producto\/por-envio-de-producto-complemento-de-administracion-de-envio-de-woocommerce\/#breadcrumb","itemListElement":[{"@type":"ListItem","position":1,"name":"Accueil","item":"https:\/\/woo-themes-plugins.com\/fr\/"},{"@type":"ListItem","position":2,"name":"Shop","item":"https:\/\/woo-themes-plugins.com\/shop\/"},{"@type":"ListItem","position":3,"name":"Por env\u00edo de producto &#8211; Complemento de administraci\u00f3n de env\u00edo de WooCommerce"}]},{"@type":"WebSite","@id":"https:\/\/woo-themes-plugins.com\/it\/#website","url":"https:\/\/woo-themes-plugins.com\/it\/","name":"Woo-themes-plugins.com","description":"Tous les th\u00e8mes et plugins WooCommerce Premium","potentialAction":[{"@type":"SearchAction","target":{"@type":"EntryPoint","urlTemplate":"https:\/\/woo-themes-plugins.com\/it\/?s={search_term_string}"},"query-input":"required name=search_term_string"}],"inLanguage":"es"}]}},"_links":{"self":[{"href":"https:\/\/woo-themes-plugins.com\/es\/wp-json\/wp\/v2\/product\/5062","targetHints":{"allow":["GET"]}}],"collection":[{"href":"https:\/\/woo-themes-plugins.com\/es\/wp-json\/wp\/v2\/product"}],"about":[{"href":"https:\/\/woo-themes-plugins.com\/es\/wp-json\/wp\/v2\/types\/product"}],"wp:featuredmedia":[{"embeddable":true,"href":"https:\/\/woo-themes-plugins.com\/es\/wp-json\/wp\/v2\/media\/3003"}],"wp:attachment":[{"href":"https:\/\/woo-themes-plugins.com\/es\/wp-json\/wp\/v2\/media?parent=5062"}],"wp:term":[{"taxonomy":"product_cat","embeddable":true,"href":"https:\/\/woo-themes-plugins.com\/es\/wp-json\/wp\/v2\/product_cat?post=5062"},{"taxonomy":"product_tag","embeddable":true,"href":"https:\/\/woo-themes-plugins.com\/es\/wp-json\/wp\/v2\/product_tag?post=5062"}],"curies":[{"name":"wp","href":"https:\/\/api.w.org\/{rel}","templated":true}]}}