{"id":5063,"date":"2018-04-17T08:55:30","date_gmt":"2018-04-17T07:55:30","guid":{"rendered":"https:\/\/woo-themes-plugins.com\/product\/woocommerce-one-page-checkout-complemento-de-tunel-de-conversion-de-woocommerce\/"},"modified":"2018-04-17T08:55:30","modified_gmt":"2018-04-17T07:55:30","slug":"woocommerce-one-page-checkout-complemento-de-tunel-de-conversion-de-woocommerce","status":"publish","type":"product","link":"https:\/\/woo-themes-plugins.com\/es\/product\/woocommerce-one-page-checkout-complemento-de-tunel-de-conversion-de-woocommerce\/","title":{"rendered":"WooCommerce One Page Checkout &#8211; Complemento de t\u00fanel de conversi\u00f3n de WooCommerce"},"content":{"rendered":"<p><span id=\"result_box\" class=\"\" lang=\"es\">Un estudio realizado por WebCredible nos informa que m\u00e1s de un usuario de cada diez abandona su pedido debido a un t\u00fanel de compras demasiado tiempo. Este complemento de WooCommerce reducir\u00e1 la tasa de cestas abandonadas al ofrecer una interfaz de cliente que integra todo el proceso de pedido en una sola p\u00e1gina.<\/p>\n<p>El complemento de One Page Checkout de WooCommerce nos ofrece diferentes opciones como:<\/p>\n<p>Mostrar el resumen de la cesta del cliente y los formularios de pedido en una sola p\u00e1gina<br \/>\nPosibilidad de activar el pago en una sola p\u00e1gina en un solo producto, un grupo de productos o todo el cat\u00e1logo de productos<br \/>\nPosibilidad de crear p\u00e1ginas de destino especializadas. Bastar\u00e1 con depositar los c\u00f3digos cortos en una p\u00e1gina para ver c\u00f3mo se materializa<br \/>\n<span class=\"\">Incluido con este complemento de WooCommerce, plantillas prefabricadas, que le permitir\u00e1n elegir la que mejor se adapte a su sitio de WooCommerce.<\/span><\/span><\/p>\n","protected":false},"excerpt":{"rendered":"<p><span id=\"result_box\" class=\"\" lang=\"es\">Si hay algo que se debe hacer para aumentar las ventas mediante la reducci\u00f3n del n\u00famero de carritos de la compra abandonados, esta es la p\u00e1gina de pago. Con WooCommerce, este t\u00fanel de conversi\u00f3n es fijo &#8230; a menos que use un complemento como WooCommerce One Page Checkout. Este complemento de WooCommerce te permitir\u00e1 crear una p\u00e1gina especial donde tu cliente pueda elegir su producto y pagar directamente. La reducci\u00f3n de la cantidad de pasos necesarios para realizar una compra es lo que WooCommerce One Page Checkout ofrece.<\/span><\/p>\n","protected":false},"featured_media":2986,"template":"","meta":{"_monsterinsights_skip_tracking":false,"_monsterinsights_sitenote_active":false,"_monsterinsights_sitenote_note":"","_monsterinsights_sitenote_category":0},"product_cat":[220],"product_tag":[245,255,277,304],"class_list":["post-5063","product","type-product","status-publish","has-post-thumbnail","hentry","product_cat-plugin-woocommerce-es","product_tag-pedidos-y-woocommerce","product_tag-plugin-emarketing-woocommerce-es","product_tag-tunel-de-conversion-checkout-woocommerce","product_tag-woocommerce-optimizado","pa_dev-woo-plugin-theme-prospress-es","pa_marketplace-woocommerce-woocommerce-com-es"],"yoast_head":"<!-- This site is optimized with the Yoast SEO plugin v23.1 - https:\/\/yoast.com\/wordpress\/plugins\/seo\/ -->\n<title>WooCommerce One Page Checkout - Complemento de t\u00fanel de conversi\u00f3n<\/title>\n<meta name=\"description\" content=\"\u00bfC\u00f3mo optimizar las ventas limitando la tasa de abandono de la canasta? En uso, el m\u00e9todo del t\u00fanel de conversi\u00f3n se condens\u00f3 en una sola p\u00e1gina, es decir, al adoptar el pago de una p\u00e1gina en WooCommerce. Este complemento le permitir\u00e1 configurar f\u00e1cilmente el pago de una p\u00e1gina en su sitio de WooCommerce.\" \/>\n<meta name=\"robots\" content=\"index, follow, max-snippet:-1, max-image-preview:large, max-video-preview:-1\" \/>\n<link rel=\"canonical\" href=\"https:\/\/woo-themes-plugins.com\/es\/producto\/woocommerce-one-page-checkout-complemento-de-tunel-de-conversion-de-woocommerce\/\" \/>\n<meta property=\"og:locale\" content=\"es_ES\" \/>\n<meta property=\"og:type\" content=\"article\" \/>\n<meta property=\"og:title\" content=\"WooCommerce One Page Checkout - Complemento de t\u00fanel de conversi\u00f3n\" \/>\n<meta property=\"og:description\" content=\"\u00bfC\u00f3mo optimizar las ventas limitando la tasa de abandono de la canasta? En uso, el m\u00e9todo del t\u00fanel de conversi\u00f3n se condens\u00f3 en una sola p\u00e1gina, es decir, al adoptar el pago de una p\u00e1gina en WooCommerce. Este complemento le permitir\u00e1 configurar f\u00e1cilmente el pago de una p\u00e1gina en su sitio de WooCommerce.\" \/>\n<meta property=\"og:url\" content=\"https:\/\/woo-themes-plugins.com\/es\/producto\/woocommerce-one-page-checkout-complemento-de-tunel-de-conversion-de-woocommerce\/\" \/>\n<meta property=\"og:site_name\" content=\"Woo-themes-plugins.com\" \/>\n<meta property=\"og:image\" content=\"https:\/\/woo-themes-plugins.com\/wp-content\/uploads\/sites\/7\/2018\/04\/woo-themes-plugins_woocommerce-one-page-checkout-plugin-woocommerce.jpg\" \/>\n\t<meta property=\"og:image:width\" content=\"900\" \/>\n\t<meta property=\"og:image:height\" content=\"900\" \/>\n\t<meta property=\"og:image:type\" content=\"image\/jpeg\" \/>\n<meta name=\"twitter:label1\" content=\"Tiempo de lectura\" \/>\n\t<meta name=\"twitter:data1\" content=\"1 minuto\" \/>\n<script type=\"application\/ld+json\" class=\"yoast-schema-graph\">{\"@context\":\"https:\/\/schema.org\",\"@graph\":[{\"@type\":\"WebPage\",\"@id\":\"https:\/\/woo-themes-plugins.com\/es\/producto\/woocommerce-one-page-checkout-complemento-de-tunel-de-conversion-de-woocommerce\/\",\"url\":\"https:\/\/woo-themes-plugins.com\/es\/producto\/woocommerce-one-page-checkout-complemento-de-tunel-de-conversion-de-woocommerce\/\",\"name\":\"WooCommerce One Page Checkout - Complemento de t\u00fanel de conversi\u00f3n\",\"isPartOf\":{\"@id\":\"https:\/\/woo-themes-plugins.com\/it\/#website\"},\"primaryImageOfPage\":{\"@id\":\"https:\/\/woo-themes-plugins.com\/es\/producto\/woocommerce-one-page-checkout-complemento-de-tunel-de-conversion-de-woocommerce\/#primaryimage\"},\"image\":{\"@id\":\"https:\/\/woo-themes-plugins.com\/es\/producto\/woocommerce-one-page-checkout-complemento-de-tunel-de-conversion-de-woocommerce\/#primaryimage\"},\"thumbnailUrl\":\"https:\/\/woo-themes-plugins.com\/wp-content\/uploads\/sites\/7\/2018\/04\/woo-themes-plugins_woocommerce-one-page-checkout-plugin-woocommerce.jpg\",\"datePublished\":\"2018-04-17T07:55:30+00:00\",\"dateModified\":\"2018-04-17T07:55:30+00:00\",\"description\":\"\u00bfC\u00f3mo optimizar las ventas limitando la tasa de abandono de la canasta? En uso, el m\u00e9todo del t\u00fanel de conversi\u00f3n se condens\u00f3 en una sola p\u00e1gina, es decir, al adoptar el pago de una p\u00e1gina en WooCommerce. Este complemento le permitir\u00e1 configurar f\u00e1cilmente el pago de una p\u00e1gina en su sitio de WooCommerce.\",\"breadcrumb\":{\"@id\":\"https:\/\/woo-themes-plugins.com\/es\/producto\/woocommerce-one-page-checkout-complemento-de-tunel-de-conversion-de-woocommerce\/#breadcrumb\"},\"inLanguage\":\"es\",\"potentialAction\":[{\"@type\":\"ReadAction\",\"target\":[\"https:\/\/woo-themes-plugins.com\/es\/producto\/woocommerce-one-page-checkout-complemento-de-tunel-de-conversion-de-woocommerce\/\"]}]},{\"@type\":\"ImageObject\",\"inLanguage\":\"es\",\"@id\":\"https:\/\/woo-themes-plugins.com\/es\/producto\/woocommerce-one-page-checkout-complemento-de-tunel-de-conversion-de-woocommerce\/#primaryimage\",\"url\":\"https:\/\/woo-themes-plugins.com\/wp-content\/uploads\/sites\/7\/2018\/04\/woo-themes-plugins_woocommerce-one-page-checkout-plugin-woocommerce.jpg\",\"contentUrl\":\"https:\/\/woo-themes-plugins.com\/wp-content\/uploads\/sites\/7\/2018\/04\/woo-themes-plugins_woocommerce-one-page-checkout-plugin-woocommerce.jpg\",\"width\":900,\"height\":900},{\"@type\":\"BreadcrumbList\",\"@id\":\"https:\/\/woo-themes-plugins.com\/es\/producto\/woocommerce-one-page-checkout-complemento-de-tunel-de-conversion-de-woocommerce\/#breadcrumb\",\"itemListElement\":[{\"@type\":\"ListItem\",\"position\":1,\"name\":\"Accueil\",\"item\":\"https:\/\/woo-themes-plugins.com\/fr\/\"},{\"@type\":\"ListItem\",\"position\":2,\"name\":\"Shop\",\"item\":\"https:\/\/woo-themes-plugins.com\/shop\/\"},{\"@type\":\"ListItem\",\"position\":3,\"name\":\"WooCommerce One Page Checkout &#8211; Complemento de t\u00fanel de conversi\u00f3n de WooCommerce\"}]},{\"@type\":\"WebSite\",\"@id\":\"https:\/\/woo-themes-plugins.com\/it\/#website\",\"url\":\"https:\/\/woo-themes-plugins.com\/it\/\",\"name\":\"Woo-themes-plugins.com\",\"description\":\"Tous les th\u00e8mes et plugins WooCommerce Premium\",\"potentialAction\":[{\"@type\":\"SearchAction\",\"target\":{\"@type\":\"EntryPoint\",\"urlTemplate\":\"https:\/\/woo-themes-plugins.com\/it\/?s={search_term_string}\"},\"query-input\":\"required name=search_term_string\"}],\"inLanguage\":\"es\"}]}<\/script>\n<!-- \/ Yoast SEO plugin. -->","yoast_head_json":{"title":"WooCommerce One Page Checkout - Complemento de t\u00fanel de conversi\u00f3n","description":"\u00bfC\u00f3mo optimizar las ventas limitando la tasa de abandono de la canasta? En uso, el m\u00e9todo del t\u00fanel de conversi\u00f3n se condens\u00f3 en una sola p\u00e1gina, es decir, al adoptar el pago de una p\u00e1gina en WooCommerce. Este complemento le permitir\u00e1 configurar f\u00e1cilmente el pago de una p\u00e1gina en su sitio de WooCommerce.","robots":{"index":"index","follow":"follow","max-snippet":"max-snippet:-1","max-image-preview":"max-image-preview:large","max-video-preview":"max-video-preview:-1"},"canonical":"https:\/\/woo-themes-plugins.com\/es\/producto\/woocommerce-one-page-checkout-complemento-de-tunel-de-conversion-de-woocommerce\/","og_locale":"es_ES","og_type":"article","og_title":"WooCommerce One Page Checkout - Complemento de t\u00fanel de conversi\u00f3n","og_description":"\u00bfC\u00f3mo optimizar las ventas limitando la tasa de abandono de la canasta? En uso, el m\u00e9todo del t\u00fanel de conversi\u00f3n se condens\u00f3 en una sola p\u00e1gina, es decir, al adoptar el pago de una p\u00e1gina en WooCommerce. Este complemento le permitir\u00e1 configurar f\u00e1cilmente el pago de una p\u00e1gina en su sitio de WooCommerce.","og_url":"https:\/\/woo-themes-plugins.com\/es\/producto\/woocommerce-one-page-checkout-complemento-de-tunel-de-conversion-de-woocommerce\/","og_site_name":"Woo-themes-plugins.com","og_image":[{"width":900,"height":900,"url":"https:\/\/woo-themes-plugins.com\/wp-content\/uploads\/sites\/7\/2018\/04\/woo-themes-plugins_woocommerce-one-page-checkout-plugin-woocommerce.jpg","type":"image\/jpeg"}],"twitter_misc":{"Tiempo de lectura":"1 minuto"},"schema":{"@context":"https:\/\/schema.org","@graph":[{"@type":"WebPage","@id":"https:\/\/woo-themes-plugins.com\/es\/producto\/woocommerce-one-page-checkout-complemento-de-tunel-de-conversion-de-woocommerce\/","url":"https:\/\/woo-themes-plugins.com\/es\/producto\/woocommerce-one-page-checkout-complemento-de-tunel-de-conversion-de-woocommerce\/","name":"WooCommerce One Page Checkout - Complemento de t\u00fanel de conversi\u00f3n","isPartOf":{"@id":"https:\/\/woo-themes-plugins.com\/it\/#website"},"primaryImageOfPage":{"@id":"https:\/\/woo-themes-plugins.com\/es\/producto\/woocommerce-one-page-checkout-complemento-de-tunel-de-conversion-de-woocommerce\/#primaryimage"},"image":{"@id":"https:\/\/woo-themes-plugins.com\/es\/producto\/woocommerce-one-page-checkout-complemento-de-tunel-de-conversion-de-woocommerce\/#primaryimage"},"thumbnailUrl":"https:\/\/woo-themes-plugins.com\/wp-content\/uploads\/sites\/7\/2018\/04\/woo-themes-plugins_woocommerce-one-page-checkout-plugin-woocommerce.jpg","datePublished":"2018-04-17T07:55:30+00:00","dateModified":"2018-04-17T07:55:30+00:00","description":"\u00bfC\u00f3mo optimizar las ventas limitando la tasa de abandono de la canasta? En uso, el m\u00e9todo del t\u00fanel de conversi\u00f3n se condens\u00f3 en una sola p\u00e1gina, es decir, al adoptar el pago de una p\u00e1gina en WooCommerce. Este complemento le permitir\u00e1 configurar f\u00e1cilmente el pago de una p\u00e1gina en su sitio de WooCommerce.","breadcrumb":{"@id":"https:\/\/woo-themes-plugins.com\/es\/producto\/woocommerce-one-page-checkout-complemento-de-tunel-de-conversion-de-woocommerce\/#breadcrumb"},"inLanguage":"es","potentialAction":[{"@type":"ReadAction","target":["https:\/\/woo-themes-plugins.com\/es\/producto\/woocommerce-one-page-checkout-complemento-de-tunel-de-conversion-de-woocommerce\/"]}]},{"@type":"ImageObject","inLanguage":"es","@id":"https:\/\/woo-themes-plugins.com\/es\/producto\/woocommerce-one-page-checkout-complemento-de-tunel-de-conversion-de-woocommerce\/#primaryimage","url":"https:\/\/woo-themes-plugins.com\/wp-content\/uploads\/sites\/7\/2018\/04\/woo-themes-plugins_woocommerce-one-page-checkout-plugin-woocommerce.jpg","contentUrl":"https:\/\/woo-themes-plugins.com\/wp-content\/uploads\/sites\/7\/2018\/04\/woo-themes-plugins_woocommerce-one-page-checkout-plugin-woocommerce.jpg","width":900,"height":900},{"@type":"BreadcrumbList","@id":"https:\/\/woo-themes-plugins.com\/es\/producto\/woocommerce-one-page-checkout-complemento-de-tunel-de-conversion-de-woocommerce\/#breadcrumb","itemListElement":[{"@type":"ListItem","position":1,"name":"Accueil","item":"https:\/\/woo-themes-plugins.com\/fr\/"},{"@type":"ListItem","position":2,"name":"Shop","item":"https:\/\/woo-themes-plugins.com\/shop\/"},{"@type":"ListItem","position":3,"name":"WooCommerce One Page Checkout &#8211; Complemento de t\u00fanel de conversi\u00f3n de WooCommerce"}]},{"@type":"WebSite","@id":"https:\/\/woo-themes-plugins.com\/it\/#website","url":"https:\/\/woo-themes-plugins.com\/it\/","name":"Woo-themes-plugins.com","description":"Tous les th\u00e8mes et plugins WooCommerce Premium","potentialAction":[{"@type":"SearchAction","target":{"@type":"EntryPoint","urlTemplate":"https:\/\/woo-themes-plugins.com\/it\/?s={search_term_string}"},"query-input":"required name=search_term_string"}],"inLanguage":"es"}]}},"_links":{"self":[{"href":"https:\/\/woo-themes-plugins.com\/es\/wp-json\/wp\/v2\/product\/5063","targetHints":{"allow":["GET"]}}],"collection":[{"href":"https:\/\/woo-themes-plugins.com\/es\/wp-json\/wp\/v2\/product"}],"about":[{"href":"https:\/\/woo-themes-plugins.com\/es\/wp-json\/wp\/v2\/types\/product"}],"wp:featuredmedia":[{"embeddable":true,"href":"https:\/\/woo-themes-plugins.com\/es\/wp-json\/wp\/v2\/media\/2986"}],"wp:attachment":[{"href":"https:\/\/woo-themes-plugins.com\/es\/wp-json\/wp\/v2\/media?parent=5063"}],"wp:term":[{"taxonomy":"product_cat","embeddable":true,"href":"https:\/\/woo-themes-plugins.com\/es\/wp-json\/wp\/v2\/product_cat?post=5063"},{"taxonomy":"product_tag","embeddable":true,"href":"https:\/\/woo-themes-plugins.com\/es\/wp-json\/wp\/v2\/product_tag?post=5063"}],"curies":[{"name":"wp","href":"https:\/\/api.w.org\/{rel}","templated":true}]}}