{"id":5064,"date":"2018-04-17T08:31:46","date_gmt":"2018-04-17T07:31:46","guid":{"rendered":"https:\/\/woo-themes-plugins.com\/product\/conjunto-de-importacion-de-cupones-de-clientes-pedidos-csv-datos-de-importacion-de-complementos-de-woocommerce\/"},"modified":"2018-04-17T08:31:46","modified_gmt":"2018-04-17T07:31:46","slug":"conjunto-de-importacion-de-cupones-de-clientes-pedidos-csv-datos-de-importacion-de-complementos-de-woocommerce","status":"publish","type":"product","link":"https:\/\/woo-themes-plugins.com\/es\/product\/conjunto-de-importacion-de-cupones-de-clientes-pedidos-csv-datos-de-importacion-de-complementos-de-woocommerce\/","title":{"rendered":"Conjunto de importaci\u00f3n de cupones de clientes \/ pedidos \/ CSV: datos de importaci\u00f3n de complementos de WooCommerce"},"content":{"rendered":"<p><span id=\"result_box\" class=\"\" lang=\"es\"><span title=\"Gr\u00e2ce \u00e0 Product CSV Import Suite, il est enfin devenu simple comme un jeu d'enfant d'importer directement dans WooCommerce des donn\u00e9es types commandes clients, profils clients ou encore les r\u00e9ductions, le tout gr\u00e2ce \u00e0 un fichier CSV.\n\n\">Gracias a Product CSV Import Suite, finalmente se ha simplificado la tarea de importar directamente en pedidos de clientes de tipo de datos de WooCommerce, perfiles de clientes o descuentos, todo gracias a un archivo CSV.<\/p>\n<p><\/span><span title=\"L'importation de centaines, voir de milliers de ligne dans WooCommerce est souvent un soucis.\">Importar cientos, incluso miles de l\u00edneas en WooCommerce suele ser una preocupaci\u00f3n. <\/span><span title=\"Ce plugin WooCommerce se charge de cela, pour nous offrir enfin une interface vraiment professionnelle en ce qui concerne l'import de donn\u00e9es dans WooCommerce gr\u00e2ce \u00e0 un fichier CSV.\n\n\">Este plugin de WooCommerce se ocupa de esto, para finalmente ofrecernos una interfaz realmente profesional con respecto a la importaci\u00f3n de datos en WooCommerce gracias a un archivo CSV.<\/p>\n<p><\/span><span title=\"Ce plugin WooCommerce se r\u00e9v\u00e9lera d'une utilit\u00e9 indispensables dans de nombreux cas de figure, et tout particuli\u00e8rement lorsqu'il est question de migrer un site WooCommerce.\n\n\">Este complemento de WooCommerce ser\u00e1 \u00fatil en muchas situaciones, especialmente cuando se trata de migrar un sitio de WooCommerce.<\/p>\n<p><\/span><span title=\"L'importateur d\u00e9velopp\u00e9 pour WooCommerce est suffisamment souple pour nous permettre d'importer tout type de fichier, m\u00eame dans un format non pr\u00e9d\u00e9finis \u00e0 l'avance.\">El importador desarrollado para WooCommerce es lo suficientemente flexible como para permitirnos importar cualquier tipo de archivo, incluso en un formato no predefinido de antemano. <\/span><span title=\"Au moment de l'importation de vos donn\u00e9es dans WooCommerce, il te sera demand\u00e9 d'indiquer la corr\u00e9lation entre tes donn\u00e9es et celles de WooCommerce;\">Cuando importe sus datos en WooCommerce, se le pedir\u00e1 que indique la correlaci\u00f3n entre sus datos y los datos de WooCommerce; <\/span><span title=\"un jeu d'enfant.\">una brisa. <\/span><span title=\"Il suffit d'associer les colonnes avec les donn\u00e9es propos\u00e9es.\n\n\">Es suficiente asociar las columnas con los datos propuestos.<\/p>\n<p><\/span><span title=\"Rapidement, voici ce que peut faire cet importateur de donn\u00e9es pour WooCommerce :\n\n\u00a0\u00a0\u00a0\u00a0\">R\u00e1pidamente, esto es lo que este importador de datos puede hacer por WooCommerce:<\/p>\n<p><\/span><span title=\"Envoi de fichier ou import des donn\u00e9es par simple copier coller,\n\u00a0\u00a0\u00a0\u00a0\">Enviar archivos o importar datos simplemente pegando,<br \/>\n<\/span><span title=\"Importation des donn\u00e9es clients\n\u00a0\u00a0\u00a0\u00a0\">Importar datos de clientes<br \/>\n<\/span><span title=\"Fusion de donn\u00e9es\n\u00a0\u00a0\u00a0\u00a0\">Fusi\u00f3n de datos<br \/>\n<\/span><span title=\"Importation de coupons de r\u00e9duction\n\u00a0\u00a0\u00a0\u00a0\">Importaci\u00f3n de cupones<br \/>\n<\/span><span title=\"Importation de donn\u00e9es comprises dans des champs personnalis\u00e9s\n\u00a0\u00a0\u00a0\u00a0\">Importar datos incluidos en campos personalizados<br \/>\n<\/span><span title=\"Support des diff\u00e9rentes m\u00e9thodes d'exp\u00e9ditions\n\u00a0\u00a0\u00a0\u00a0\">Soporte de diferentes m\u00e9todos de env\u00edo<br \/>\n<\/span><span title=\"Importation faite en fond, dans le but de ne pas parasiter votre boutique\">Importaci\u00f3n realizada en segundo plano, para no parasitar su tienda<\/span><\/span><\/p>\n","protected":false},"excerpt":{"rendered":"<p><span id=\"result_box\" class=\"\" lang=\"es\">Importa f\u00e1cilmente pedidos, descuentos y clientes. Todo directamente en formato CSV en WooCommerce. Un complemento indispensable de WooCommerce para quien ejecuta su tienda en parte por Excel u otra hoja de c\u00e1lculo.<\/span><\/p>\n","protected":false},"featured_media":2961,"template":"","meta":{"_monsterinsights_skip_tracking":false,"_monsterinsights_sitenote_active":false,"_monsterinsights_sitenote_note":"","_monsterinsights_sitenote_category":0},"product_cat":[220],"product_tag":[231,244,243,1183],"class_list":["post-5064","product","type-product","status-publish","has-post-thumbnail","hentry","product_cat-plugin-woocommerce-es","product_tag-exportar-importar-comandos-de-woocommerce","product_tag-importar-exportar-clientes-de-woocommerce","product_tag-importar-exportar-productos-woocommerce","product_tag-plugin-import-woocommerce-es","pa_dev-woo-plugin-theme-skyverge-es","pa_marketplace-woocommerce-woocommerce-com-es"],"yoast_head":"<!-- This site is optimized with the Yoast SEO plugin v23.1 - https:\/\/yoast.com\/wordpress\/plugins\/seo\/ -->\n<title>Conjunto de importaci\u00f3n de cupones para clientes \/ pedidos \/ CSV: complemento de WooCommerce<\/title>\n<meta name=\"robots\" content=\"index, follow, max-snippet:-1, max-image-preview:large, max-video-preview:-1\" \/>\n<link rel=\"canonical\" href=\"https:\/\/woo-themes-plugins.com\/es\/producto\/conjunto-de-importacion-de-cupones-de-clientes-pedidos-csv-datos-de-importacion-de-complementos-de-woocommerce\/\" \/>\n<meta property=\"og:locale\" content=\"es_ES\" \/>\n<meta property=\"og:type\" content=\"article\" \/>\n<meta property=\"og:title\" content=\"Conjunto de importaci\u00f3n de cupones para clientes \/ pedidos \/ CSV: complemento de WooCommerce\" \/>\n<meta property=\"og:description\" content=\"Importa f\u00e1cilmente pedidos, descuentos y clientes. Todo directamente en formato CSV en WooCommerce. Un complemento indispensable de WooCommerce para quien ejecuta su tienda en parte por Excel u otra hoja de c\u00e1lculo.\" \/>\n<meta property=\"og:url\" content=\"https:\/\/woo-themes-plugins.com\/es\/producto\/conjunto-de-importacion-de-cupones-de-clientes-pedidos-csv-datos-de-importacion-de-complementos-de-woocommerce\/\" \/>\n<meta property=\"og:site_name\" content=\"Woo-themes-plugins.com\" \/>\n<meta property=\"og:image\" content=\"https:\/\/woo-themes-plugins.com\/wp-content\/uploads\/sites\/7\/2018\/04\/woo-themes-plugins_woocommerce-customer-order-coupon-csv-import-suite-plugin-woocommerce.jpg\" \/>\n\t<meta property=\"og:image:width\" content=\"900\" \/>\n\t<meta property=\"og:image:height\" content=\"900\" \/>\n\t<meta property=\"og:image:type\" content=\"image\/jpeg\" \/>\n<meta name=\"twitter:label1\" content=\"Tiempo de lectura\" \/>\n\t<meta name=\"twitter:data1\" content=\"1 minuto\" \/>\n<script type=\"application\/ld+json\" class=\"yoast-schema-graph\">{\"@context\":\"https:\/\/schema.org\",\"@graph\":[{\"@type\":\"WebPage\",\"@id\":\"https:\/\/woo-themes-plugins.com\/es\/producto\/conjunto-de-importacion-de-cupones-de-clientes-pedidos-csv-datos-de-importacion-de-complementos-de-woocommerce\/\",\"url\":\"https:\/\/woo-themes-plugins.com\/es\/producto\/conjunto-de-importacion-de-cupones-de-clientes-pedidos-csv-datos-de-importacion-de-complementos-de-woocommerce\/\",\"name\":\"Conjunto de importaci\u00f3n de cupones para clientes \/ pedidos \/ CSV: complemento de WooCommerce\",\"isPartOf\":{\"@id\":\"https:\/\/woo-themes-plugins.com\/it\/#website\"},\"primaryImageOfPage\":{\"@id\":\"https:\/\/woo-themes-plugins.com\/es\/producto\/conjunto-de-importacion-de-cupones-de-clientes-pedidos-csv-datos-de-importacion-de-complementos-de-woocommerce\/#primaryimage\"},\"image\":{\"@id\":\"https:\/\/woo-themes-plugins.com\/es\/producto\/conjunto-de-importacion-de-cupones-de-clientes-pedidos-csv-datos-de-importacion-de-complementos-de-woocommerce\/#primaryimage\"},\"thumbnailUrl\":\"https:\/\/woo-themes-plugins.com\/wp-content\/uploads\/sites\/7\/2018\/04\/woo-themes-plugins_woocommerce-customer-order-coupon-csv-import-suite-plugin-woocommerce.jpg\",\"datePublished\":\"2018-04-17T07:31:46+00:00\",\"dateModified\":\"2018-04-17T07:31:46+00:00\",\"breadcrumb\":{\"@id\":\"https:\/\/woo-themes-plugins.com\/es\/producto\/conjunto-de-importacion-de-cupones-de-clientes-pedidos-csv-datos-de-importacion-de-complementos-de-woocommerce\/#breadcrumb\"},\"inLanguage\":\"es\",\"potentialAction\":[{\"@type\":\"ReadAction\",\"target\":[\"https:\/\/woo-themes-plugins.com\/es\/producto\/conjunto-de-importacion-de-cupones-de-clientes-pedidos-csv-datos-de-importacion-de-complementos-de-woocommerce\/\"]}]},{\"@type\":\"ImageObject\",\"inLanguage\":\"es\",\"@id\":\"https:\/\/woo-themes-plugins.com\/es\/producto\/conjunto-de-importacion-de-cupones-de-clientes-pedidos-csv-datos-de-importacion-de-complementos-de-woocommerce\/#primaryimage\",\"url\":\"https:\/\/woo-themes-plugins.com\/wp-content\/uploads\/sites\/7\/2018\/04\/woo-themes-plugins_woocommerce-customer-order-coupon-csv-import-suite-plugin-woocommerce.jpg\",\"contentUrl\":\"https:\/\/woo-themes-plugins.com\/wp-content\/uploads\/sites\/7\/2018\/04\/woo-themes-plugins_woocommerce-customer-order-coupon-csv-import-suite-plugin-woocommerce.jpg\",\"width\":900,\"height\":900},{\"@type\":\"BreadcrumbList\",\"@id\":\"https:\/\/woo-themes-plugins.com\/es\/producto\/conjunto-de-importacion-de-cupones-de-clientes-pedidos-csv-datos-de-importacion-de-complementos-de-woocommerce\/#breadcrumb\",\"itemListElement\":[{\"@type\":\"ListItem\",\"position\":1,\"name\":\"Accueil\",\"item\":\"https:\/\/woo-themes-plugins.com\/fr\/\"},{\"@type\":\"ListItem\",\"position\":2,\"name\":\"Shop\",\"item\":\"https:\/\/woo-themes-plugins.com\/shop\/\"},{\"@type\":\"ListItem\",\"position\":3,\"name\":\"Conjunto de importaci\u00f3n de cupones de clientes \/ pedidos \/ CSV: datos de importaci\u00f3n de complementos de WooCommerce\"}]},{\"@type\":\"WebSite\",\"@id\":\"https:\/\/woo-themes-plugins.com\/it\/#website\",\"url\":\"https:\/\/woo-themes-plugins.com\/it\/\",\"name\":\"Woo-themes-plugins.com\",\"description\":\"Tous les th\u00e8mes et plugins WooCommerce Premium\",\"potentialAction\":[{\"@type\":\"SearchAction\",\"target\":{\"@type\":\"EntryPoint\",\"urlTemplate\":\"https:\/\/woo-themes-plugins.com\/it\/?s={search_term_string}\"},\"query-input\":\"required name=search_term_string\"}],\"inLanguage\":\"es\"}]}<\/script>\n<!-- \/ Yoast SEO plugin. -->","yoast_head_json":{"title":"Conjunto de importaci\u00f3n de cupones para clientes \/ pedidos \/ CSV: complemento de WooCommerce","robots":{"index":"index","follow":"follow","max-snippet":"max-snippet:-1","max-image-preview":"max-image-preview:large","max-video-preview":"max-video-preview:-1"},"canonical":"https:\/\/woo-themes-plugins.com\/es\/producto\/conjunto-de-importacion-de-cupones-de-clientes-pedidos-csv-datos-de-importacion-de-complementos-de-woocommerce\/","og_locale":"es_ES","og_type":"article","og_title":"Conjunto de importaci\u00f3n de cupones para clientes \/ pedidos \/ CSV: complemento de WooCommerce","og_description":"Importa f\u00e1cilmente pedidos, descuentos y clientes. Todo directamente en formato CSV en WooCommerce. Un complemento indispensable de WooCommerce para quien ejecuta su tienda en parte por Excel u otra hoja de c\u00e1lculo.","og_url":"https:\/\/woo-themes-plugins.com\/es\/producto\/conjunto-de-importacion-de-cupones-de-clientes-pedidos-csv-datos-de-importacion-de-complementos-de-woocommerce\/","og_site_name":"Woo-themes-plugins.com","og_image":[{"width":900,"height":900,"url":"https:\/\/woo-themes-plugins.com\/wp-content\/uploads\/sites\/7\/2018\/04\/woo-themes-plugins_woocommerce-customer-order-coupon-csv-import-suite-plugin-woocommerce.jpg","type":"image\/jpeg"}],"twitter_misc":{"Tiempo de lectura":"1 minuto"},"schema":{"@context":"https:\/\/schema.org","@graph":[{"@type":"WebPage","@id":"https:\/\/woo-themes-plugins.com\/es\/producto\/conjunto-de-importacion-de-cupones-de-clientes-pedidos-csv-datos-de-importacion-de-complementos-de-woocommerce\/","url":"https:\/\/woo-themes-plugins.com\/es\/producto\/conjunto-de-importacion-de-cupones-de-clientes-pedidos-csv-datos-de-importacion-de-complementos-de-woocommerce\/","name":"Conjunto de importaci\u00f3n de cupones para clientes \/ pedidos \/ CSV: complemento de WooCommerce","isPartOf":{"@id":"https:\/\/woo-themes-plugins.com\/it\/#website"},"primaryImageOfPage":{"@id":"https:\/\/woo-themes-plugins.com\/es\/producto\/conjunto-de-importacion-de-cupones-de-clientes-pedidos-csv-datos-de-importacion-de-complementos-de-woocommerce\/#primaryimage"},"image":{"@id":"https:\/\/woo-themes-plugins.com\/es\/producto\/conjunto-de-importacion-de-cupones-de-clientes-pedidos-csv-datos-de-importacion-de-complementos-de-woocommerce\/#primaryimage"},"thumbnailUrl":"https:\/\/woo-themes-plugins.com\/wp-content\/uploads\/sites\/7\/2018\/04\/woo-themes-plugins_woocommerce-customer-order-coupon-csv-import-suite-plugin-woocommerce.jpg","datePublished":"2018-04-17T07:31:46+00:00","dateModified":"2018-04-17T07:31:46+00:00","breadcrumb":{"@id":"https:\/\/woo-themes-plugins.com\/es\/producto\/conjunto-de-importacion-de-cupones-de-clientes-pedidos-csv-datos-de-importacion-de-complementos-de-woocommerce\/#breadcrumb"},"inLanguage":"es","potentialAction":[{"@type":"ReadAction","target":["https:\/\/woo-themes-plugins.com\/es\/producto\/conjunto-de-importacion-de-cupones-de-clientes-pedidos-csv-datos-de-importacion-de-complementos-de-woocommerce\/"]}]},{"@type":"ImageObject","inLanguage":"es","@id":"https:\/\/woo-themes-plugins.com\/es\/producto\/conjunto-de-importacion-de-cupones-de-clientes-pedidos-csv-datos-de-importacion-de-complementos-de-woocommerce\/#primaryimage","url":"https:\/\/woo-themes-plugins.com\/wp-content\/uploads\/sites\/7\/2018\/04\/woo-themes-plugins_woocommerce-customer-order-coupon-csv-import-suite-plugin-woocommerce.jpg","contentUrl":"https:\/\/woo-themes-plugins.com\/wp-content\/uploads\/sites\/7\/2018\/04\/woo-themes-plugins_woocommerce-customer-order-coupon-csv-import-suite-plugin-woocommerce.jpg","width":900,"height":900},{"@type":"BreadcrumbList","@id":"https:\/\/woo-themes-plugins.com\/es\/producto\/conjunto-de-importacion-de-cupones-de-clientes-pedidos-csv-datos-de-importacion-de-complementos-de-woocommerce\/#breadcrumb","itemListElement":[{"@type":"ListItem","position":1,"name":"Accueil","item":"https:\/\/woo-themes-plugins.com\/fr\/"},{"@type":"ListItem","position":2,"name":"Shop","item":"https:\/\/woo-themes-plugins.com\/shop\/"},{"@type":"ListItem","position":3,"name":"Conjunto de importaci\u00f3n de cupones de clientes \/ pedidos \/ CSV: datos de importaci\u00f3n de complementos de WooCommerce"}]},{"@type":"WebSite","@id":"https:\/\/woo-themes-plugins.com\/it\/#website","url":"https:\/\/woo-themes-plugins.com\/it\/","name":"Woo-themes-plugins.com","description":"Tous les th\u00e8mes et plugins WooCommerce Premium","potentialAction":[{"@type":"SearchAction","target":{"@type":"EntryPoint","urlTemplate":"https:\/\/woo-themes-plugins.com\/it\/?s={search_term_string}"},"query-input":"required name=search_term_string"}],"inLanguage":"es"}]}},"_links":{"self":[{"href":"https:\/\/woo-themes-plugins.com\/es\/wp-json\/wp\/v2\/product\/5064","targetHints":{"allow":["GET"]}}],"collection":[{"href":"https:\/\/woo-themes-plugins.com\/es\/wp-json\/wp\/v2\/product"}],"about":[{"href":"https:\/\/woo-themes-plugins.com\/es\/wp-json\/wp\/v2\/types\/product"}],"wp:featuredmedia":[{"embeddable":true,"href":"https:\/\/woo-themes-plugins.com\/es\/wp-json\/wp\/v2\/media\/2961"}],"wp:attachment":[{"href":"https:\/\/woo-themes-plugins.com\/es\/wp-json\/wp\/v2\/media?parent=5064"}],"wp:term":[{"taxonomy":"product_cat","embeddable":true,"href":"https:\/\/woo-themes-plugins.com\/es\/wp-json\/wp\/v2\/product_cat?post=5064"},{"taxonomy":"product_tag","embeddable":true,"href":"https:\/\/woo-themes-plugins.com\/es\/wp-json\/wp\/v2\/product_tag?post=5064"}],"curies":[{"name":"wp","href":"https:\/\/api.w.org\/{rel}","templated":true}]}}