{"id":5065,"date":"2018-04-17T08:04:34","date_gmt":"2018-04-17T07:04:34","guid":{"rendered":"https:\/\/woo-themes-plugins.com\/product\/sage-pay-pago-complemento-bancario-extension-de-woocommerce\/"},"modified":"2018-04-17T08:04:34","modified_gmt":"2018-04-17T07:04:34","slug":"sage-pay-pago-complemento-bancario-extension-de-woocommerce","status":"publish","type":"product","link":"https:\/\/woo-themes-plugins.com\/es\/product\/sage-pay-pago-complemento-bancario-extension-de-woocommerce\/","title":{"rendered":"Sage Pay: pago \/ complemento bancario &#8211; Extensi\u00f3n de WooCommerce"},"content":{"rendered":"<p><span id=\"result_box\" class=\"\" lang=\"es\"><span title=\"Gr\u00e2ce \u00e0 ce plugin WooCommerce, tu vas \u00eatre en mesure d'impl\u00e9menter deux types de passerelles de paiements diff\u00e9rentes.\">Con este complemento de WooCommerce, podr\u00e1 implementar dos tipos diferentes de pasarelas de pago. <\/span><span title=\"Ce plugin de paiement WooCommerce a \u00e9t\u00e9 d\u00e9velopp\u00e9 de mani\u00e8re \u00e0 offrir une int\u00e9gration \u00e0 WooCommerce simple et rapide.\">Este complemento de pago WooCommerce ha sido desarrollado para ofrecer una integraci\u00f3n simple y r\u00e1pida de WooCommerce. <\/span><span title=\"Tu auras le choix entre une des deux passerelles de paiement, voir utiliser les deux en m\u00eame temps.\n\n\">Podr\u00e1 elegir entre una de las dos pasarelas de pago, consulte el uso de ambas al mismo tiempo.<\/p>\n<p><\/span><span title=\"La premi\u00e8re solution d'int\u00e9gration de ce plugin de paiement passe par la mise en place d'un formulaire de paiement g\u00e9n\u00e9r\u00e9 par Sage Pay, directement sur ton site WooCommerce.\">La primera soluci\u00f3n de integraci\u00f3n para este complemento de pago es la implementaci\u00f3n de un formulario de pago generado por Sage Pay, directamente en su sitio de WooCommerce. <\/span><span title=\"Ce formulaire est encrypt\u00e9, l'ensemble est fournis par le plugin Sage Pay.\">Este formulario est\u00e1 encriptado, el conjunto es proporcionado por el complemento Sage Pay. <\/span><span title=\"Une fois les informations du formulaire remplies, l'internaute sera renvoy\u00e9 sur une page de paiement chez Sage.\n\n\">Una vez que se completa la informaci\u00f3n del formulario, el usuario ser\u00e1 devuelto a una p\u00e1gina de pago en Sage.<\/p>\n<p><\/span><span title=\"Pour gagner encore plus de temps, l'internaute pourra demander \u00e0 ce que son num\u00e9ro de carte bancaire soit m\u00e9moris\u00e9 par la partie bancaire de Sage Pay.\">Para ahorrar a\u00fan m\u00e1s tiempo, el usuario puede solicitar que su n\u00famero de tarjeta de cr\u00e9dito sea almacenado por la parte bancaria de Sage Pay. <\/span><span title=\"Encore mieux, en mode direct h\u00e9bergement WooCommerce, Sage Pay int\u00e9grera l'ensemble du processus de paiement sur ton site WooCommerce.\">A\u00fan mejor, en el modo de alojamiento Live WooCommerce, Sage Pay integrar\u00e1 todo el proceso de pago en su sitio de WooCommerce. <\/span><span title=\"Bien \u00e9videment, un certificat SSL sera indispensable.\">Obviamente, un certificado SSL ser\u00e1 esencial. <\/span><span title=\"Si tu as un bon , aucun probl\u00e8me pour toi.\">Si tiene un bien, no hay problema para usted.<\/span><\/span><\/p>\n","protected":false},"excerpt":{"rendered":"<p><span id=\"result_box\" class=\"\" lang=\"es\">\u00bfSu tienda WooCommerce acepta pagos de Gran Breta\u00f1a? Eso es bastante bueno, el pago inteligente es el complemento de WooCommerce que le permitir\u00e1 configurar esta soluci\u00f3n de pago reservada para el Reino Unido.<\/span><\/p>\n","protected":false},"featured_media":2944,"template":"","meta":{"_monsterinsights_skip_tracking":false,"_monsterinsights_sitenote_active":false,"_monsterinsights_sitenote_note":"","_monsterinsights_sitenote_category":0},"product_cat":[220],"product_tag":[262,277],"class_list":["post-5065","product","type-product","status-publish","has-post-thumbnail","hentry","product_cat-plugin-woocommerce-es","product_tag-solucion-pago-woocommerce","product_tag-tunel-de-conversion-checkout-woocommerce","pa_dev-woo-plugin-theme-andrew-benbow-es","pa_marketplace-woocommerce-woocommerce-com-es"],"yoast_head":"<!-- This site is optimized with the Yoast SEO plugin v23.1 - https:\/\/yoast.com\/wordpress\/plugins\/seo\/ -->\n<title>Sage Pay: pago \/ complemento bancario - Extensi\u00f3n de WooCommerce<\/title>\n<meta name=\"description\" content=\"\u00bfTu tienda est\u00e1 en el Reino Unido? Por lo tanto, este complemento de WooCommerce para aceptar pagos con tarjeta de cr\u00e9dito deber\u00eda interesarle mucho. Sage Pay es el complemento de WooCommerce desarrollado por Sage para permitirle usar sus servicios directamente en su tienda en l\u00ednea.\" \/>\n<meta name=\"robots\" content=\"index, follow, max-snippet:-1, max-image-preview:large, max-video-preview:-1\" \/>\n<link rel=\"canonical\" href=\"https:\/\/woo-themes-plugins.com\/es\/producto\/sage-pay-pago-complemento-bancario-extension-de-woocommerce\/\" \/>\n<meta property=\"og:locale\" content=\"es_ES\" \/>\n<meta property=\"og:type\" content=\"article\" \/>\n<meta property=\"og:title\" content=\"Sage Pay: pago \/ complemento bancario - Extensi\u00f3n de WooCommerce\" \/>\n<meta property=\"og:description\" content=\"\u00bfTu tienda est\u00e1 en el Reino Unido? Por lo tanto, este complemento de WooCommerce para aceptar pagos con tarjeta de cr\u00e9dito deber\u00eda interesarle mucho. Sage Pay es el complemento de WooCommerce desarrollado por Sage para permitirle usar sus servicios directamente en su tienda en l\u00ednea.\" \/>\n<meta property=\"og:url\" content=\"https:\/\/woo-themes-plugins.com\/es\/producto\/sage-pay-pago-complemento-bancario-extension-de-woocommerce\/\" \/>\n<meta property=\"og:site_name\" content=\"Woo-themes-plugins.com\" \/>\n<meta property=\"og:image\" content=\"https:\/\/woo-themes-plugins.com\/wp-content\/uploads\/sites\/7\/2018\/04\/woo-themes-plugins_woocommerce-sage-pay-plugin-paiement-banquaire-cb-plugin-woocommerce.jpg\" \/>\n\t<meta property=\"og:image:width\" content=\"900\" \/>\n\t<meta property=\"og:image:height\" content=\"900\" \/>\n\t<meta property=\"og:image:type\" content=\"image\/jpeg\" \/>\n<meta name=\"twitter:label1\" content=\"Tiempo de lectura\" \/>\n\t<meta name=\"twitter:data1\" content=\"1 minuto\" \/>\n<script type=\"application\/ld+json\" class=\"yoast-schema-graph\">{\"@context\":\"https:\/\/schema.org\",\"@graph\":[{\"@type\":\"WebPage\",\"@id\":\"https:\/\/woo-themes-plugins.com\/es\/producto\/sage-pay-pago-complemento-bancario-extension-de-woocommerce\/\",\"url\":\"https:\/\/woo-themes-plugins.com\/es\/producto\/sage-pay-pago-complemento-bancario-extension-de-woocommerce\/\",\"name\":\"Sage Pay: pago \/ complemento bancario - Extensi\u00f3n de WooCommerce\",\"isPartOf\":{\"@id\":\"https:\/\/woo-themes-plugins.com\/it\/#website\"},\"primaryImageOfPage\":{\"@id\":\"https:\/\/woo-themes-plugins.com\/es\/producto\/sage-pay-pago-complemento-bancario-extension-de-woocommerce\/#primaryimage\"},\"image\":{\"@id\":\"https:\/\/woo-themes-plugins.com\/es\/producto\/sage-pay-pago-complemento-bancario-extension-de-woocommerce\/#primaryimage\"},\"thumbnailUrl\":\"https:\/\/woo-themes-plugins.com\/wp-content\/uploads\/sites\/7\/2018\/04\/woo-themes-plugins_woocommerce-sage-pay-plugin-paiement-banquaire-cb-plugin-woocommerce.jpg\",\"datePublished\":\"2018-04-17T07:04:34+00:00\",\"dateModified\":\"2018-04-17T07:04:34+00:00\",\"description\":\"\u00bfTu tienda est\u00e1 en el Reino Unido? Por lo tanto, este complemento de WooCommerce para aceptar pagos con tarjeta de cr\u00e9dito deber\u00eda interesarle mucho. Sage Pay es el complemento de WooCommerce desarrollado por Sage para permitirle usar sus servicios directamente en su tienda en l\u00ednea.\",\"breadcrumb\":{\"@id\":\"https:\/\/woo-themes-plugins.com\/es\/producto\/sage-pay-pago-complemento-bancario-extension-de-woocommerce\/#breadcrumb\"},\"inLanguage\":\"es\",\"potentialAction\":[{\"@type\":\"ReadAction\",\"target\":[\"https:\/\/woo-themes-plugins.com\/es\/producto\/sage-pay-pago-complemento-bancario-extension-de-woocommerce\/\"]}]},{\"@type\":\"ImageObject\",\"inLanguage\":\"es\",\"@id\":\"https:\/\/woo-themes-plugins.com\/es\/producto\/sage-pay-pago-complemento-bancario-extension-de-woocommerce\/#primaryimage\",\"url\":\"https:\/\/woo-themes-plugins.com\/wp-content\/uploads\/sites\/7\/2018\/04\/woo-themes-plugins_woocommerce-sage-pay-plugin-paiement-banquaire-cb-plugin-woocommerce.jpg\",\"contentUrl\":\"https:\/\/woo-themes-plugins.com\/wp-content\/uploads\/sites\/7\/2018\/04\/woo-themes-plugins_woocommerce-sage-pay-plugin-paiement-banquaire-cb-plugin-woocommerce.jpg\",\"width\":900,\"height\":900},{\"@type\":\"BreadcrumbList\",\"@id\":\"https:\/\/woo-themes-plugins.com\/es\/producto\/sage-pay-pago-complemento-bancario-extension-de-woocommerce\/#breadcrumb\",\"itemListElement\":[{\"@type\":\"ListItem\",\"position\":1,\"name\":\"Accueil\",\"item\":\"https:\/\/woo-themes-plugins.com\/fr\/\"},{\"@type\":\"ListItem\",\"position\":2,\"name\":\"Shop\",\"item\":\"https:\/\/woo-themes-plugins.com\/shop\/\"},{\"@type\":\"ListItem\",\"position\":3,\"name\":\"Sage Pay: pago \/ complemento bancario &#8211; Extensi\u00f3n de WooCommerce\"}]},{\"@type\":\"WebSite\",\"@id\":\"https:\/\/woo-themes-plugins.com\/it\/#website\",\"url\":\"https:\/\/woo-themes-plugins.com\/it\/\",\"name\":\"Woo-themes-plugins.com\",\"description\":\"Tous les th\u00e8mes et plugins WooCommerce Premium\",\"potentialAction\":[{\"@type\":\"SearchAction\",\"target\":{\"@type\":\"EntryPoint\",\"urlTemplate\":\"https:\/\/woo-themes-plugins.com\/it\/?s={search_term_string}\"},\"query-input\":\"required name=search_term_string\"}],\"inLanguage\":\"es\"}]}<\/script>\n<!-- \/ Yoast SEO plugin. -->","yoast_head_json":{"title":"Sage Pay: pago \/ complemento bancario - Extensi\u00f3n de WooCommerce","description":"\u00bfTu tienda est\u00e1 en el Reino Unido? Por lo tanto, este complemento de WooCommerce para aceptar pagos con tarjeta de cr\u00e9dito deber\u00eda interesarle mucho. Sage Pay es el complemento de WooCommerce desarrollado por Sage para permitirle usar sus servicios directamente en su tienda en l\u00ednea.","robots":{"index":"index","follow":"follow","max-snippet":"max-snippet:-1","max-image-preview":"max-image-preview:large","max-video-preview":"max-video-preview:-1"},"canonical":"https:\/\/woo-themes-plugins.com\/es\/producto\/sage-pay-pago-complemento-bancario-extension-de-woocommerce\/","og_locale":"es_ES","og_type":"article","og_title":"Sage Pay: pago \/ complemento bancario - Extensi\u00f3n de WooCommerce","og_description":"\u00bfTu tienda est\u00e1 en el Reino Unido? Por lo tanto, este complemento de WooCommerce para aceptar pagos con tarjeta de cr\u00e9dito deber\u00eda interesarle mucho. Sage Pay es el complemento de WooCommerce desarrollado por Sage para permitirle usar sus servicios directamente en su tienda en l\u00ednea.","og_url":"https:\/\/woo-themes-plugins.com\/es\/producto\/sage-pay-pago-complemento-bancario-extension-de-woocommerce\/","og_site_name":"Woo-themes-plugins.com","og_image":[{"width":900,"height":900,"url":"https:\/\/woo-themes-plugins.com\/wp-content\/uploads\/sites\/7\/2018\/04\/woo-themes-plugins_woocommerce-sage-pay-plugin-paiement-banquaire-cb-plugin-woocommerce.jpg","type":"image\/jpeg"}],"twitter_misc":{"Tiempo de lectura":"1 minuto"},"schema":{"@context":"https:\/\/schema.org","@graph":[{"@type":"WebPage","@id":"https:\/\/woo-themes-plugins.com\/es\/producto\/sage-pay-pago-complemento-bancario-extension-de-woocommerce\/","url":"https:\/\/woo-themes-plugins.com\/es\/producto\/sage-pay-pago-complemento-bancario-extension-de-woocommerce\/","name":"Sage Pay: pago \/ complemento bancario - Extensi\u00f3n de WooCommerce","isPartOf":{"@id":"https:\/\/woo-themes-plugins.com\/it\/#website"},"primaryImageOfPage":{"@id":"https:\/\/woo-themes-plugins.com\/es\/producto\/sage-pay-pago-complemento-bancario-extension-de-woocommerce\/#primaryimage"},"image":{"@id":"https:\/\/woo-themes-plugins.com\/es\/producto\/sage-pay-pago-complemento-bancario-extension-de-woocommerce\/#primaryimage"},"thumbnailUrl":"https:\/\/woo-themes-plugins.com\/wp-content\/uploads\/sites\/7\/2018\/04\/woo-themes-plugins_woocommerce-sage-pay-plugin-paiement-banquaire-cb-plugin-woocommerce.jpg","datePublished":"2018-04-17T07:04:34+00:00","dateModified":"2018-04-17T07:04:34+00:00","description":"\u00bfTu tienda est\u00e1 en el Reino Unido? Por lo tanto, este complemento de WooCommerce para aceptar pagos con tarjeta de cr\u00e9dito deber\u00eda interesarle mucho. Sage Pay es el complemento de WooCommerce desarrollado por Sage para permitirle usar sus servicios directamente en su tienda en l\u00ednea.","breadcrumb":{"@id":"https:\/\/woo-themes-plugins.com\/es\/producto\/sage-pay-pago-complemento-bancario-extension-de-woocommerce\/#breadcrumb"},"inLanguage":"es","potentialAction":[{"@type":"ReadAction","target":["https:\/\/woo-themes-plugins.com\/es\/producto\/sage-pay-pago-complemento-bancario-extension-de-woocommerce\/"]}]},{"@type":"ImageObject","inLanguage":"es","@id":"https:\/\/woo-themes-plugins.com\/es\/producto\/sage-pay-pago-complemento-bancario-extension-de-woocommerce\/#primaryimage","url":"https:\/\/woo-themes-plugins.com\/wp-content\/uploads\/sites\/7\/2018\/04\/woo-themes-plugins_woocommerce-sage-pay-plugin-paiement-banquaire-cb-plugin-woocommerce.jpg","contentUrl":"https:\/\/woo-themes-plugins.com\/wp-content\/uploads\/sites\/7\/2018\/04\/woo-themes-plugins_woocommerce-sage-pay-plugin-paiement-banquaire-cb-plugin-woocommerce.jpg","width":900,"height":900},{"@type":"BreadcrumbList","@id":"https:\/\/woo-themes-plugins.com\/es\/producto\/sage-pay-pago-complemento-bancario-extension-de-woocommerce\/#breadcrumb","itemListElement":[{"@type":"ListItem","position":1,"name":"Accueil","item":"https:\/\/woo-themes-plugins.com\/fr\/"},{"@type":"ListItem","position":2,"name":"Shop","item":"https:\/\/woo-themes-plugins.com\/shop\/"},{"@type":"ListItem","position":3,"name":"Sage Pay: pago \/ complemento bancario &#8211; Extensi\u00f3n de WooCommerce"}]},{"@type":"WebSite","@id":"https:\/\/woo-themes-plugins.com\/it\/#website","url":"https:\/\/woo-themes-plugins.com\/it\/","name":"Woo-themes-plugins.com","description":"Tous les th\u00e8mes et plugins WooCommerce Premium","potentialAction":[{"@type":"SearchAction","target":{"@type":"EntryPoint","urlTemplate":"https:\/\/woo-themes-plugins.com\/it\/?s={search_term_string}"},"query-input":"required name=search_term_string"}],"inLanguage":"es"}]}},"_links":{"self":[{"href":"https:\/\/woo-themes-plugins.com\/es\/wp-json\/wp\/v2\/product\/5065","targetHints":{"allow":["GET"]}}],"collection":[{"href":"https:\/\/woo-themes-plugins.com\/es\/wp-json\/wp\/v2\/product"}],"about":[{"href":"https:\/\/woo-themes-plugins.com\/es\/wp-json\/wp\/v2\/types\/product"}],"wp:featuredmedia":[{"embeddable":true,"href":"https:\/\/woo-themes-plugins.com\/es\/wp-json\/wp\/v2\/media\/2944"}],"wp:attachment":[{"href":"https:\/\/woo-themes-plugins.com\/es\/wp-json\/wp\/v2\/media?parent=5065"}],"wp:term":[{"taxonomy":"product_cat","embeddable":true,"href":"https:\/\/woo-themes-plugins.com\/es\/wp-json\/wp\/v2\/product_cat?post=5065"},{"taxonomy":"product_tag","embeddable":true,"href":"https:\/\/woo-themes-plugins.com\/es\/wp-json\/wp\/v2\/product_tag?post=5065"}],"curies":[{"name":"wp","href":"https:\/\/api.w.org\/{rel}","templated":true}]}}