{"id":5066,"date":"2018-03-28T08:41:06","date_gmt":"2018-03-28T07:41:06","guid":{"rendered":"https:\/\/woo-themes-plugins.com\/product\/abundance-woocommerce-theme-versatil-y-con-estilo-megamenu-zoom-y-html5\/"},"modified":"2018-03-28T08:41:06","modified_gmt":"2018-03-28T07:41:06","slug":"abundance-woocommerce-theme-versatil-y-con-estilo-megamenu-zoom-y-html5","status":"publish","type":"product","link":"https:\/\/woo-themes-plugins.com\/es\/product\/abundance-woocommerce-theme-versatil-y-con-estilo-megamenu-zoom-y-html5\/","title":{"rendered":"Abundance &#8211; WooCommerce Theme Vers\u00e1til y con estilo &#8211; MegaMenu, Zoom y HTML5"},"content":{"rendered":"<p><span id=\"result_box\" class=\"\" lang=\"es\"><span title=\"Abundance est un th\u00e8me pour WooCommerce qui cherche \u00e0 \u00eatre esth\u00e9tiquement \u00e9l\u00e9gant et techniquement polyvalent, le tout sans le moindre besoin de connaissance en terme de d\u00e9veloppement web.\n\n\">Abundance es un tema para WooCommerce que busca ser est\u00e9ticamente elegante y t\u00e9cnicamente vers\u00e1til, todo sin la menor necesidad de conocimiento en t\u00e9rminos de desarrollo web.<\/p>\n<p><\/span><span title=\"Le nom de ce th\u00e8me WooCommerce se comprend rapidement lorsqu'on prend connaissance de toutes les options qu'il embarque.\">El nombre de este tema WooCommerce es comprensible r\u00e1pidamente cuando toma nota de todas las opciones que embarca. <\/span><span title=\"Prenons par exemple les lecteurs de diaporamas (slideshow).\">Tomemos, por ejemplo, los reproductores de diapositivas (diapositivas). <\/span><span title=\"Il en propose 5 diff\u00e9rents :\n\n\u00a0\u00a0\u00a0\u00a0\">\u00c9l propone 5 diferentes:<\/p>\n<p><\/span><span title=\"AviaCordion Slider : Un syst\u00e8me de diaporama totalement int\u00e9gr\u00e9 \u00e0 ton site, gr\u00e2ce \u00e0 du JavaScript.\">AviaCordion Slider: un sistema de presentaci\u00f3n de diapositivas totalmente integrado en su sitio gracias a JavaScript. <\/span><span title=\"Ce diaporama accepte aussi bien les images que les vid\u00e9os, et peut tout ouvrir dans une lightbox.\n\u00a0\u00a0\u00a0\u00a0\">Esta presentaci\u00f3n de diapositivas acepta im\u00e1genes y videos, y puede abrir todo en una caja de luz.<br \/>\n<\/span><span title=\"Piecemaker2 : Syst\u00e8me de slide 3D qui est enti\u00e8rement configurable au travers de l'interface d'administration de WordPress..\n\u00a0\u00a0\u00a0\u00a0\">Piecemaker2: sistema de diapositivas 3D que es completamente configurable a trav\u00e9s de la interfaz de administraci\u00f3n de WordPress.<br \/>\n<\/span><span title=\"Aviaslider : Tr\u00e8s proche du premier slider, celui-ci accepte en plus beaucoup d'effets de transitions.\n\u00a0\u00a0\u00a0\u00a0\">Aviaslider: muy cerca del primer control deslizante, este acepta adem\u00e1s muchos efectos de transiciones.<br \/>\n<\/span><span title=\"Fade Slider : Un syst\u00e8me de diaporama tr\u00e8s limit\u00e9, mais tr\u00e8s l\u00eager.\n\u00a0\u00a0\u00a0\u00a0\">Fade Slider: un sistema de presentaci\u00f3n de diapositivas muy limitado, pero muy ligero.<br \/>\n<\/span><span title=\"Caption Slider : Ce syst\u00e8me de diaporama peut venir am\u00e9liorer un peu le rendu de tes images, tout en proposant l'ajout de boutons.\n\n\">Control deslizante de pie de foto: este sistema de presentaci\u00f3n de diapositivas puede mejorar la reproducci\u00f3n de sus im\u00e1genes, al tiempo que propone la adici\u00f3n de botones.<\/p>\n<p><\/span><span title=\"Pour ce qui est des polices de caract\u00e8re et des couleurs, tu auras acc\u00e8s \u00e0 une interface de personnalisation.\">Para fuentes y colores, tendr\u00e1 acceso a una interfaz de personalizaci\u00f3n. <\/span><span title=\"Pour gagner du temps, tu peux choisir parmi une s\u00e9lection de 16 palettes de couleurs diff\u00e9rentes.\n\n\">Para ahorrar tiempo, puede elegir entre una selecci\u00f3n de 16 paletas de colores diferentes.<\/p>\n<p><\/span><span title=\"La mise en page de l'ensemble de ton site est assur\u00e9e par le fait que ce th\u00e8me vient avec beaucoup d'\u00e9l\u00e9ments de mise en page pr\u00e9configur\u00e9s, mais qui peuvent toujours \u00eatre modifi\u00e9es pour s'adapter \u00e0 tes besoins.\">El dise\u00f1o de todo su sitio est\u00e1 garantizado por el hecho de que este tema viene con muchos elementos de dise\u00f1o preconfigurados, pero a\u00fan se puede modificar para adaptarlo a sus necesidades. <\/span><span title=\"Abundance pense aussi que la partie blog d'un site de eCommerce est une part importante et doit \u00e0 ce titre \u00eatre bien trait\u00e9e.\">Abundance tambi\u00e9n piensa que la parte del blog de un sitio de comercio electr\u00f3nico es una parte importante y debe tratarse bien. <\/span><span title=\"C'est pourquoi tu vas pouvoir choisir parmi diff\u00e9rentes proposition aussi pour ton blog;\">Es por eso que podr\u00e1s elegir entre diferentes propuestas tambi\u00e9n para tu blog; <\/span><span title=\"ce qui se fait quand m\u00eame de plus en plus rare dans les th\u00e8mes trop concentr\u00e9s sur WooCommerce.\">que es cada vez m\u00e1s raro en los temas demasiado centrados en WooCommerce.<\/span><\/span><\/p>\n","protected":false},"excerpt":{"rendered":"<p><span id=\"result_box\" class=\"\" lang=\"es\">\u00bfEst\u00e1 buscando un tema de WooCommerce que se haya dise\u00f1ado sobre todo para ofrecer un rendimiento SEO de primera categor\u00eda? As\u00ed que Abundance es un tema de WooCommerce para estudiar de cerca ya que su dise\u00f1ador tiene que prestar especial atenci\u00f3n. Simplemente lea lo siguiente para estar convencido: durante todo el proceso de desarrollo, este tema fue desarrollado teniendo en cuenta todas las reglas relevantes para SEO. Es por eso que todo el c\u00f3digo HMTL usa etiquetas. la sem\u00e1ntica valida Todo el contenido importante, para referencias naturales, siempre se coloca lo m\u00e1s alto posible en el c\u00f3digo fuente para mostrar su importancia a los robots de los motores de b\u00fasqueda.<\/p>\n<p>Para crear r\u00e1pidamente un sitio de comercio electr\u00f3nico con WooCommerce, este tema tambi\u00e9n es ideal porque viene con 16 dise\u00f1os diferentes para la p\u00e1gina de inicio.<\/span><\/p>\n","protected":false},"featured_media":3130,"template":"","meta":{"_monsterinsights_skip_tracking":false,"_monsterinsights_sitenote_active":false,"_monsterinsights_sitenote_note":"","_monsterinsights_sitenote_category":0},"product_cat":[221],"product_tag":[299,229,306,265,266,263,303,293,292],"class_list":["post-5066","product","type-product","status-publish","has-post-thumbnail","hentry","product_cat-tema-de-woocommerce","product_tag-instalacion-de-woocommerce-un-clic","product_tag-principiante-woocommerce","product_tag-responsive-woocommerce","product_tag-tema-de-woocommerce-con-blog","product_tag-tema-de-woocommerce-con-constructor","product_tag-temas-personalizables-de-woocommerce","product_tag-woocommerce-multilingual","product_tag-woocommerce-y-la-tienda-de-moda","product_tag-woocommerce-y-lujo-alto-de-la-gama","pa_dev-woo-plugin-theme-kriesi-es","pa_marketplace-woocommerce-themeforest-net-es"],"yoast_head":"<!-- This site is optimized with the Yoast SEO plugin v23.1 - https:\/\/yoast.com\/wordpress\/plugins\/seo\/ -->\n<title>Abundance - Tema de WooCommerce vers\u00e1til y elegante<\/title>\n<meta name=\"robots\" content=\"index, follow, max-snippet:-1, max-image-preview:large, max-video-preview:-1\" \/>\n<link rel=\"canonical\" href=\"https:\/\/woo-themes-plugins.com\/es\/producto\/abundance-woocommerce-theme-versatil-y-con-estilo-megamenu-zoom-y-html5\/\" \/>\n<meta property=\"og:locale\" content=\"es_ES\" \/>\n<meta property=\"og:type\" content=\"article\" \/>\n<meta property=\"og:title\" content=\"Abundance - Tema de WooCommerce vers\u00e1til y elegante\" \/>\n<meta property=\"og:description\" content=\"\u00bfEst\u00e1 buscando un tema de WooCommerce que se haya dise\u00f1ado sobre todo para ofrecer un rendimiento SEO de primera categor\u00eda? As\u00ed que Abundance es un tema de WooCommerce para estudiar de cerca ya que su dise\u00f1ador tiene que prestar especial atenci\u00f3n. Simplemente lea lo siguiente para estar convencido: durante todo el proceso de desarrollo, este tema fue desarrollado teniendo en cuenta todas las reglas relevantes para SEO. Es por eso que todo el c\u00f3digo HMTL usa etiquetas. la sem\u00e1ntica valida Todo el contenido importante, para referencias naturales, siempre se coloca lo m\u00e1s alto posible en el c\u00f3digo fuente para mostrar su importancia a los robots de los motores de b\u00fasqueda.  Para crear r\u00e1pidamente un sitio de comercio electr\u00f3nico con WooCommerce, este tema tambi\u00e9n es ideal porque viene con 16 dise\u00f1os diferentes para la p\u00e1gina de inicio.\" \/>\n<meta property=\"og:url\" content=\"https:\/\/woo-themes-plugins.com\/es\/producto\/abundance-woocommerce-theme-versatil-y-con-estilo-megamenu-zoom-y-html5\/\" \/>\n<meta property=\"og:site_name\" content=\"Woo-themes-plugins.com\" \/>\n<meta property=\"og:image\" content=\"https:\/\/woo-themes-plugins.com\/wp-content\/uploads\/sites\/7\/2018\/03\/woo-themes-plugins-abundance-theme-woocommerce-polyvalent-elegant-megamenu-zoom-html5-4.jpg\" \/>\n\t<meta property=\"og:image:width\" content=\"644\" \/>\n\t<meta property=\"og:image:height\" content=\"900\" \/>\n\t<meta property=\"og:image:type\" content=\"image\/jpeg\" \/>\n<meta name=\"twitter:label1\" content=\"Tiempo de lectura\" \/>\n\t<meta name=\"twitter:data1\" content=\"1 minuto\" \/>\n<script type=\"application\/ld+json\" class=\"yoast-schema-graph\">{\"@context\":\"https:\/\/schema.org\",\"@graph\":[{\"@type\":\"WebPage\",\"@id\":\"https:\/\/woo-themes-plugins.com\/es\/producto\/abundance-woocommerce-theme-versatil-y-con-estilo-megamenu-zoom-y-html5\/\",\"url\":\"https:\/\/woo-themes-plugins.com\/es\/producto\/abundance-woocommerce-theme-versatil-y-con-estilo-megamenu-zoom-y-html5\/\",\"name\":\"Abundance - Tema de WooCommerce vers\u00e1til y elegante\",\"isPartOf\":{\"@id\":\"https:\/\/woo-themes-plugins.com\/it\/#website\"},\"primaryImageOfPage\":{\"@id\":\"https:\/\/woo-themes-plugins.com\/es\/producto\/abundance-woocommerce-theme-versatil-y-con-estilo-megamenu-zoom-y-html5\/#primaryimage\"},\"image\":{\"@id\":\"https:\/\/woo-themes-plugins.com\/es\/producto\/abundance-woocommerce-theme-versatil-y-con-estilo-megamenu-zoom-y-html5\/#primaryimage\"},\"thumbnailUrl\":\"https:\/\/woo-themes-plugins.com\/wp-content\/uploads\/sites\/7\/2018\/03\/woo-themes-plugins-abundance-theme-woocommerce-polyvalent-elegant-megamenu-zoom-html5-4.jpg\",\"datePublished\":\"2018-03-28T07:41:06+00:00\",\"dateModified\":\"2018-03-28T07:41:06+00:00\",\"breadcrumb\":{\"@id\":\"https:\/\/woo-themes-plugins.com\/es\/producto\/abundance-woocommerce-theme-versatil-y-con-estilo-megamenu-zoom-y-html5\/#breadcrumb\"},\"inLanguage\":\"es\",\"potentialAction\":[{\"@type\":\"ReadAction\",\"target\":[\"https:\/\/woo-themes-plugins.com\/es\/producto\/abundance-woocommerce-theme-versatil-y-con-estilo-megamenu-zoom-y-html5\/\"]}]},{\"@type\":\"ImageObject\",\"inLanguage\":\"es\",\"@id\":\"https:\/\/woo-themes-plugins.com\/es\/producto\/abundance-woocommerce-theme-versatil-y-con-estilo-megamenu-zoom-y-html5\/#primaryimage\",\"url\":\"https:\/\/woo-themes-plugins.com\/wp-content\/uploads\/sites\/7\/2018\/03\/woo-themes-plugins-abundance-theme-woocommerce-polyvalent-elegant-megamenu-zoom-html5-4.jpg\",\"contentUrl\":\"https:\/\/woo-themes-plugins.com\/wp-content\/uploads\/sites\/7\/2018\/03\/woo-themes-plugins-abundance-theme-woocommerce-polyvalent-elegant-megamenu-zoom-html5-4.jpg\",\"width\":644,\"height\":900},{\"@type\":\"BreadcrumbList\",\"@id\":\"https:\/\/woo-themes-plugins.com\/es\/producto\/abundance-woocommerce-theme-versatil-y-con-estilo-megamenu-zoom-y-html5\/#breadcrumb\",\"itemListElement\":[{\"@type\":\"ListItem\",\"position\":1,\"name\":\"Accueil\",\"item\":\"https:\/\/woo-themes-plugins.com\/fr\/\"},{\"@type\":\"ListItem\",\"position\":2,\"name\":\"Shop\",\"item\":\"https:\/\/woo-themes-plugins.com\/shop\/\"},{\"@type\":\"ListItem\",\"position\":3,\"name\":\"Abundance &#8211; WooCommerce Theme Vers\u00e1til y con estilo &#8211; MegaMenu, Zoom y HTML5\"}]},{\"@type\":\"WebSite\",\"@id\":\"https:\/\/woo-themes-plugins.com\/it\/#website\",\"url\":\"https:\/\/woo-themes-plugins.com\/it\/\",\"name\":\"Woo-themes-plugins.com\",\"description\":\"Tous les th\u00e8mes et plugins WooCommerce Premium\",\"potentialAction\":[{\"@type\":\"SearchAction\",\"target\":{\"@type\":\"EntryPoint\",\"urlTemplate\":\"https:\/\/woo-themes-plugins.com\/it\/?s={search_term_string}\"},\"query-input\":\"required name=search_term_string\"}],\"inLanguage\":\"es\"}]}<\/script>\n<!-- \/ Yoast SEO plugin. -->","yoast_head_json":{"title":"Abundance - Tema de WooCommerce vers\u00e1til y elegante","robots":{"index":"index","follow":"follow","max-snippet":"max-snippet:-1","max-image-preview":"max-image-preview:large","max-video-preview":"max-video-preview:-1"},"canonical":"https:\/\/woo-themes-plugins.com\/es\/producto\/abundance-woocommerce-theme-versatil-y-con-estilo-megamenu-zoom-y-html5\/","og_locale":"es_ES","og_type":"article","og_title":"Abundance - Tema de WooCommerce vers\u00e1til y elegante","og_description":"\u00bfEst\u00e1 buscando un tema de WooCommerce que se haya dise\u00f1ado sobre todo para ofrecer un rendimiento SEO de primera categor\u00eda? As\u00ed que Abundance es un tema de WooCommerce para estudiar de cerca ya que su dise\u00f1ador tiene que prestar especial atenci\u00f3n. Simplemente lea lo siguiente para estar convencido: durante todo el proceso de desarrollo, este tema fue desarrollado teniendo en cuenta todas las reglas relevantes para SEO. Es por eso que todo el c\u00f3digo HMTL usa etiquetas. la sem\u00e1ntica valida Todo el contenido importante, para referencias naturales, siempre se coloca lo m\u00e1s alto posible en el c\u00f3digo fuente para mostrar su importancia a los robots de los motores de b\u00fasqueda.  Para crear r\u00e1pidamente un sitio de comercio electr\u00f3nico con WooCommerce, este tema tambi\u00e9n es ideal porque viene con 16 dise\u00f1os diferentes para la p\u00e1gina de inicio.","og_url":"https:\/\/woo-themes-plugins.com\/es\/producto\/abundance-woocommerce-theme-versatil-y-con-estilo-megamenu-zoom-y-html5\/","og_site_name":"Woo-themes-plugins.com","og_image":[{"width":644,"height":900,"url":"https:\/\/woo-themes-plugins.com\/wp-content\/uploads\/sites\/7\/2018\/03\/woo-themes-plugins-abundance-theme-woocommerce-polyvalent-elegant-megamenu-zoom-html5-4.jpg","type":"image\/jpeg"}],"twitter_misc":{"Tiempo de lectura":"1 minuto"},"schema":{"@context":"https:\/\/schema.org","@graph":[{"@type":"WebPage","@id":"https:\/\/woo-themes-plugins.com\/es\/producto\/abundance-woocommerce-theme-versatil-y-con-estilo-megamenu-zoom-y-html5\/","url":"https:\/\/woo-themes-plugins.com\/es\/producto\/abundance-woocommerce-theme-versatil-y-con-estilo-megamenu-zoom-y-html5\/","name":"Abundance - Tema de WooCommerce vers\u00e1til y elegante","isPartOf":{"@id":"https:\/\/woo-themes-plugins.com\/it\/#website"},"primaryImageOfPage":{"@id":"https:\/\/woo-themes-plugins.com\/es\/producto\/abundance-woocommerce-theme-versatil-y-con-estilo-megamenu-zoom-y-html5\/#primaryimage"},"image":{"@id":"https:\/\/woo-themes-plugins.com\/es\/producto\/abundance-woocommerce-theme-versatil-y-con-estilo-megamenu-zoom-y-html5\/#primaryimage"},"thumbnailUrl":"https:\/\/woo-themes-plugins.com\/wp-content\/uploads\/sites\/7\/2018\/03\/woo-themes-plugins-abundance-theme-woocommerce-polyvalent-elegant-megamenu-zoom-html5-4.jpg","datePublished":"2018-03-28T07:41:06+00:00","dateModified":"2018-03-28T07:41:06+00:00","breadcrumb":{"@id":"https:\/\/woo-themes-plugins.com\/es\/producto\/abundance-woocommerce-theme-versatil-y-con-estilo-megamenu-zoom-y-html5\/#breadcrumb"},"inLanguage":"es","potentialAction":[{"@type":"ReadAction","target":["https:\/\/woo-themes-plugins.com\/es\/producto\/abundance-woocommerce-theme-versatil-y-con-estilo-megamenu-zoom-y-html5\/"]}]},{"@type":"ImageObject","inLanguage":"es","@id":"https:\/\/woo-themes-plugins.com\/es\/producto\/abundance-woocommerce-theme-versatil-y-con-estilo-megamenu-zoom-y-html5\/#primaryimage","url":"https:\/\/woo-themes-plugins.com\/wp-content\/uploads\/sites\/7\/2018\/03\/woo-themes-plugins-abundance-theme-woocommerce-polyvalent-elegant-megamenu-zoom-html5-4.jpg","contentUrl":"https:\/\/woo-themes-plugins.com\/wp-content\/uploads\/sites\/7\/2018\/03\/woo-themes-plugins-abundance-theme-woocommerce-polyvalent-elegant-megamenu-zoom-html5-4.jpg","width":644,"height":900},{"@type":"BreadcrumbList","@id":"https:\/\/woo-themes-plugins.com\/es\/producto\/abundance-woocommerce-theme-versatil-y-con-estilo-megamenu-zoom-y-html5\/#breadcrumb","itemListElement":[{"@type":"ListItem","position":1,"name":"Accueil","item":"https:\/\/woo-themes-plugins.com\/fr\/"},{"@type":"ListItem","position":2,"name":"Shop","item":"https:\/\/woo-themes-plugins.com\/shop\/"},{"@type":"ListItem","position":3,"name":"Abundance &#8211; WooCommerce Theme Vers\u00e1til y con estilo &#8211; MegaMenu, Zoom y HTML5"}]},{"@type":"WebSite","@id":"https:\/\/woo-themes-plugins.com\/it\/#website","url":"https:\/\/woo-themes-plugins.com\/it\/","name":"Woo-themes-plugins.com","description":"Tous les th\u00e8mes et plugins WooCommerce Premium","potentialAction":[{"@type":"SearchAction","target":{"@type":"EntryPoint","urlTemplate":"https:\/\/woo-themes-plugins.com\/it\/?s={search_term_string}"},"query-input":"required name=search_term_string"}],"inLanguage":"es"}]}},"_links":{"self":[{"href":"https:\/\/woo-themes-plugins.com\/es\/wp-json\/wp\/v2\/product\/5066","targetHints":{"allow":["GET"]}}],"collection":[{"href":"https:\/\/woo-themes-plugins.com\/es\/wp-json\/wp\/v2\/product"}],"about":[{"href":"https:\/\/woo-themes-plugins.com\/es\/wp-json\/wp\/v2\/types\/product"}],"wp:featuredmedia":[{"embeddable":true,"href":"https:\/\/woo-themes-plugins.com\/es\/wp-json\/wp\/v2\/media\/3130"}],"wp:attachment":[{"href":"https:\/\/woo-themes-plugins.com\/es\/wp-json\/wp\/v2\/media?parent=5066"}],"wp:term":[{"taxonomy":"product_cat","embeddable":true,"href":"https:\/\/woo-themes-plugins.com\/es\/wp-json\/wp\/v2\/product_cat?post=5066"},{"taxonomy":"product_tag","embeddable":true,"href":"https:\/\/woo-themes-plugins.com\/es\/wp-json\/wp\/v2\/product_tag?post=5066"}],"curies":[{"name":"wp","href":"https:\/\/api.w.org\/{rel}","templated":true}]}}