{"id":5067,"date":"2018-03-28T08:31:19","date_gmt":"2018-03-28T07:31:19","guid":{"rendered":"https:\/\/woo-themes-plugins.com\/product\/mega-shop-woocommerce-theme-marketplace-wholesale-theme-products-references\/"},"modified":"2018-03-28T08:31:19","modified_gmt":"2018-03-28T07:31:19","slug":"mega-shop-woocommerce-theme-marketplace-wholesale-theme-products-references","status":"publish","type":"product","link":"https:\/\/woo-themes-plugins.com\/es\/product\/mega-shop-woocommerce-theme-marketplace-wholesale-theme-products-references\/","title":{"rendered":"Mega Shop &#8211; WooCommerce Theme Marketplace &#8211; Wholesale Theme Products \/ References"},"content":{"rendered":"","protected":false},"excerpt":{"rendered":"<p><span id=\"result_box\" class=\"\" lang=\"es\">Todas las tiendas de comercio electr\u00f3nico no son equivalentes. Cuando trabajas en un gran volumen de productos, con muchas categor\u00edas, subcategor\u00edas, etiquetas, proveedores &#8230; un tema cl\u00e1sico WooCommerce es completamente inapropiado. Debe elegir un tema de WooCommerce que haya sido dise\u00f1ado para mostrar todo esto correctamente. \u00a1Es exactamente en este nicho que surge Mega Shop, el tema de referencia en t\u00e9rminos de mercado o sitio con muchas referencias para WooCommerce desde 2014!<\/span><\/p>\n","protected":false},"featured_media":1127,"template":"","meta":{"_monsterinsights_skip_tracking":false,"_monsterinsights_sitenote_active":false,"_monsterinsights_sitenote_note":"","_monsterinsights_sitenote_category":0},"product_cat":[221],"product_tag":[300,299,281,224,229,306,265,266,263,303,293,292,295],"class_list":["post-5067","product","type-product","status-publish","has-post-thumbnail","hentry","product_cat-tema-de-woocommerce","product_tag-control-deslizante-woocommerce-y-revolution","product_tag-instalacion-de-woocommerce-un-clic","product_tag-lista-de-deseos-woocommerce","product_tag-paquete-de-complementos-premium","product_tag-principiante-woocommerce","product_tag-responsive-woocommerce","product_tag-tema-de-woocommerce-con-blog","product_tag-tema-de-woocommerce-con-constructor","product_tag-temas-personalizables-de-woocommerce","product_tag-woocommerce-multilingual","product_tag-woocommerce-y-la-tienda-de-moda","product_tag-woocommerce-y-lujo-alto-de-la-gama","product_tag-woocommerce-y-tienda-de-ropa","pa_dev-woo-plugin-theme-sara_p-es","pa_marketplace-woocommerce-themeforest-net-es"],"yoast_head":"<!-- This site is optimized with the Yoast SEO plugin v23.1 - https:\/\/yoast.com\/wordpress\/plugins\/seo\/ -->\n<title>Mega Shop - Tema WooCommerce con muchos productos \/ Ref.<\/title>\n<meta name=\"robots\" content=\"index, follow, max-snippet:-1, max-image-preview:large, max-video-preview:-1\" \/>\n<link rel=\"canonical\" href=\"https:\/\/woo-themes-plugins.com\/es\/producto\/mega-shop-woocommerce-theme-marketplace-wholesale-theme-products-references\/\" \/>\n<meta property=\"og:locale\" content=\"es_ES\" \/>\n<meta property=\"og:type\" content=\"article\" \/>\n<meta property=\"og:title\" content=\"Mega Shop - Tema WooCommerce con muchos productos \/ Ref.\" \/>\n<meta property=\"og:description\" content=\"Todas las tiendas de comercio electr\u00f3nico no son equivalentes. Cuando trabajas en un gran volumen de productos, con muchas categor\u00edas, subcategor\u00edas, etiquetas, proveedores ... un tema cl\u00e1sico WooCommerce es completamente inapropiado. Debe elegir un tema de WooCommerce que haya sido dise\u00f1ado para mostrar todo esto correctamente. \u00a1Es exactamente en este nicho que surge Mega Shop, el tema de referencia en t\u00e9rminos de mercado o sitio con muchas referencias para WooCommerce desde 2014!\" \/>\n<meta property=\"og:url\" content=\"https:\/\/woo-themes-plugins.com\/es\/producto\/mega-shop-woocommerce-theme-marketplace-wholesale-theme-products-references\/\" \/>\n<meta property=\"og:site_name\" content=\"Woo-themes-plugins.com\" \/>\n<meta property=\"og:image\" content=\"https:\/\/woo-themes-plugins.com\/wp-content\/uploads\/sites\/7\/2018\/03\/woo-themes-plugins-mega-shop-theme-woocommerce-place-de-marche-theme-beaucoup-references-produits-default.jpg\" \/>\n\t<meta property=\"og:image:width\" content=\"644\" \/>\n\t<meta property=\"og:image:height\" content=\"900\" \/>\n\t<meta property=\"og:image:type\" content=\"image\/jpeg\" \/>\n<script type=\"application\/ld+json\" class=\"yoast-schema-graph\">{\"@context\":\"https:\/\/schema.org\",\"@graph\":[{\"@type\":\"WebPage\",\"@id\":\"https:\/\/woo-themes-plugins.com\/es\/producto\/mega-shop-woocommerce-theme-marketplace-wholesale-theme-products-references\/\",\"url\":\"https:\/\/woo-themes-plugins.com\/es\/producto\/mega-shop-woocommerce-theme-marketplace-wholesale-theme-products-references\/\",\"name\":\"Mega Shop - Tema WooCommerce con muchos productos \/ Ref.\",\"isPartOf\":{\"@id\":\"https:\/\/woo-themes-plugins.com\/it\/#website\"},\"primaryImageOfPage\":{\"@id\":\"https:\/\/woo-themes-plugins.com\/es\/producto\/mega-shop-woocommerce-theme-marketplace-wholesale-theme-products-references\/#primaryimage\"},\"image\":{\"@id\":\"https:\/\/woo-themes-plugins.com\/es\/producto\/mega-shop-woocommerce-theme-marketplace-wholesale-theme-products-references\/#primaryimage\"},\"thumbnailUrl\":\"https:\/\/woo-themes-plugins.com\/wp-content\/uploads\/sites\/7\/2018\/03\/woo-themes-plugins-mega-shop-theme-woocommerce-place-de-marche-theme-beaucoup-references-produits-default.jpg\",\"datePublished\":\"2018-03-28T07:31:19+00:00\",\"dateModified\":\"2018-03-28T07:31:19+00:00\",\"breadcrumb\":{\"@id\":\"https:\/\/woo-themes-plugins.com\/es\/producto\/mega-shop-woocommerce-theme-marketplace-wholesale-theme-products-references\/#breadcrumb\"},\"inLanguage\":\"es\",\"potentialAction\":[{\"@type\":\"ReadAction\",\"target\":[\"https:\/\/woo-themes-plugins.com\/es\/producto\/mega-shop-woocommerce-theme-marketplace-wholesale-theme-products-references\/\"]}]},{\"@type\":\"ImageObject\",\"inLanguage\":\"es\",\"@id\":\"https:\/\/woo-themes-plugins.com\/es\/producto\/mega-shop-woocommerce-theme-marketplace-wholesale-theme-products-references\/#primaryimage\",\"url\":\"https:\/\/woo-themes-plugins.com\/wp-content\/uploads\/sites\/7\/2018\/03\/woo-themes-plugins-mega-shop-theme-woocommerce-place-de-marche-theme-beaucoup-references-produits-default.jpg\",\"contentUrl\":\"https:\/\/woo-themes-plugins.com\/wp-content\/uploads\/sites\/7\/2018\/03\/woo-themes-plugins-mega-shop-theme-woocommerce-place-de-marche-theme-beaucoup-references-produits-default.jpg\",\"width\":644,\"height\":900},{\"@type\":\"BreadcrumbList\",\"@id\":\"https:\/\/woo-themes-plugins.com\/es\/producto\/mega-shop-woocommerce-theme-marketplace-wholesale-theme-products-references\/#breadcrumb\",\"itemListElement\":[{\"@type\":\"ListItem\",\"position\":1,\"name\":\"Accueil\",\"item\":\"https:\/\/woo-themes-plugins.com\/fr\/\"},{\"@type\":\"ListItem\",\"position\":2,\"name\":\"Shop\",\"item\":\"https:\/\/woo-themes-plugins.com\/shop\/\"},{\"@type\":\"ListItem\",\"position\":3,\"name\":\"Mega Shop &#8211; WooCommerce Theme Marketplace &#8211; Wholesale Theme Products \/ References\"}]},{\"@type\":\"WebSite\",\"@id\":\"https:\/\/woo-themes-plugins.com\/it\/#website\",\"url\":\"https:\/\/woo-themes-plugins.com\/it\/\",\"name\":\"Woo-themes-plugins.com\",\"description\":\"Tous les th\u00e8mes et plugins WooCommerce Premium\",\"potentialAction\":[{\"@type\":\"SearchAction\",\"target\":{\"@type\":\"EntryPoint\",\"urlTemplate\":\"https:\/\/woo-themes-plugins.com\/it\/?s={search_term_string}\"},\"query-input\":\"required name=search_term_string\"}],\"inLanguage\":\"es\"}]}<\/script>\n<!-- \/ Yoast SEO plugin. -->","yoast_head_json":{"title":"Mega Shop - Tema WooCommerce con muchos productos \/ Ref.","robots":{"index":"index","follow":"follow","max-snippet":"max-snippet:-1","max-image-preview":"max-image-preview:large","max-video-preview":"max-video-preview:-1"},"canonical":"https:\/\/woo-themes-plugins.com\/es\/producto\/mega-shop-woocommerce-theme-marketplace-wholesale-theme-products-references\/","og_locale":"es_ES","og_type":"article","og_title":"Mega Shop - Tema WooCommerce con muchos productos \/ Ref.","og_description":"Todas las tiendas de comercio electr\u00f3nico no son equivalentes. Cuando trabajas en un gran volumen de productos, con muchas categor\u00edas, subcategor\u00edas, etiquetas, proveedores ... un tema cl\u00e1sico WooCommerce es completamente inapropiado. Debe elegir un tema de WooCommerce que haya sido dise\u00f1ado para mostrar todo esto correctamente. \u00a1Es exactamente en este nicho que surge Mega Shop, el tema de referencia en t\u00e9rminos de mercado o sitio con muchas referencias para WooCommerce desde 2014!","og_url":"https:\/\/woo-themes-plugins.com\/es\/producto\/mega-shop-woocommerce-theme-marketplace-wholesale-theme-products-references\/","og_site_name":"Woo-themes-plugins.com","og_image":[{"width":644,"height":900,"url":"https:\/\/woo-themes-plugins.com\/wp-content\/uploads\/sites\/7\/2018\/03\/woo-themes-plugins-mega-shop-theme-woocommerce-place-de-marche-theme-beaucoup-references-produits-default.jpg","type":"image\/jpeg"}],"schema":{"@context":"https:\/\/schema.org","@graph":[{"@type":"WebPage","@id":"https:\/\/woo-themes-plugins.com\/es\/producto\/mega-shop-woocommerce-theme-marketplace-wholesale-theme-products-references\/","url":"https:\/\/woo-themes-plugins.com\/es\/producto\/mega-shop-woocommerce-theme-marketplace-wholesale-theme-products-references\/","name":"Mega Shop - Tema WooCommerce con muchos productos \/ Ref.","isPartOf":{"@id":"https:\/\/woo-themes-plugins.com\/it\/#website"},"primaryImageOfPage":{"@id":"https:\/\/woo-themes-plugins.com\/es\/producto\/mega-shop-woocommerce-theme-marketplace-wholesale-theme-products-references\/#primaryimage"},"image":{"@id":"https:\/\/woo-themes-plugins.com\/es\/producto\/mega-shop-woocommerce-theme-marketplace-wholesale-theme-products-references\/#primaryimage"},"thumbnailUrl":"https:\/\/woo-themes-plugins.com\/wp-content\/uploads\/sites\/7\/2018\/03\/woo-themes-plugins-mega-shop-theme-woocommerce-place-de-marche-theme-beaucoup-references-produits-default.jpg","datePublished":"2018-03-28T07:31:19+00:00","dateModified":"2018-03-28T07:31:19+00:00","breadcrumb":{"@id":"https:\/\/woo-themes-plugins.com\/es\/producto\/mega-shop-woocommerce-theme-marketplace-wholesale-theme-products-references\/#breadcrumb"},"inLanguage":"es","potentialAction":[{"@type":"ReadAction","target":["https:\/\/woo-themes-plugins.com\/es\/producto\/mega-shop-woocommerce-theme-marketplace-wholesale-theme-products-references\/"]}]},{"@type":"ImageObject","inLanguage":"es","@id":"https:\/\/woo-themes-plugins.com\/es\/producto\/mega-shop-woocommerce-theme-marketplace-wholesale-theme-products-references\/#primaryimage","url":"https:\/\/woo-themes-plugins.com\/wp-content\/uploads\/sites\/7\/2018\/03\/woo-themes-plugins-mega-shop-theme-woocommerce-place-de-marche-theme-beaucoup-references-produits-default.jpg","contentUrl":"https:\/\/woo-themes-plugins.com\/wp-content\/uploads\/sites\/7\/2018\/03\/woo-themes-plugins-mega-shop-theme-woocommerce-place-de-marche-theme-beaucoup-references-produits-default.jpg","width":644,"height":900},{"@type":"BreadcrumbList","@id":"https:\/\/woo-themes-plugins.com\/es\/producto\/mega-shop-woocommerce-theme-marketplace-wholesale-theme-products-references\/#breadcrumb","itemListElement":[{"@type":"ListItem","position":1,"name":"Accueil","item":"https:\/\/woo-themes-plugins.com\/fr\/"},{"@type":"ListItem","position":2,"name":"Shop","item":"https:\/\/woo-themes-plugins.com\/shop\/"},{"@type":"ListItem","position":3,"name":"Mega Shop &#8211; WooCommerce Theme Marketplace &#8211; Wholesale Theme Products \/ References"}]},{"@type":"WebSite","@id":"https:\/\/woo-themes-plugins.com\/it\/#website","url":"https:\/\/woo-themes-plugins.com\/it\/","name":"Woo-themes-plugins.com","description":"Tous les th\u00e8mes et plugins WooCommerce Premium","potentialAction":[{"@type":"SearchAction","target":{"@type":"EntryPoint","urlTemplate":"https:\/\/woo-themes-plugins.com\/it\/?s={search_term_string}"},"query-input":"required name=search_term_string"}],"inLanguage":"es"}]}},"_links":{"self":[{"href":"https:\/\/woo-themes-plugins.com\/es\/wp-json\/wp\/v2\/product\/5067","targetHints":{"allow":["GET"]}}],"collection":[{"href":"https:\/\/woo-themes-plugins.com\/es\/wp-json\/wp\/v2\/product"}],"about":[{"href":"https:\/\/woo-themes-plugins.com\/es\/wp-json\/wp\/v2\/types\/product"}],"wp:featuredmedia":[{"embeddable":true,"href":"https:\/\/woo-themes-plugins.com\/es\/wp-json\/wp\/v2\/media\/1127"}],"wp:attachment":[{"href":"https:\/\/woo-themes-plugins.com\/es\/wp-json\/wp\/v2\/media?parent=5067"}],"wp:term":[{"taxonomy":"product_cat","embeddable":true,"href":"https:\/\/woo-themes-plugins.com\/es\/wp-json\/wp\/v2\/product_cat?post=5067"},{"taxonomy":"product_tag","embeddable":true,"href":"https:\/\/woo-themes-plugins.com\/es\/wp-json\/wp\/v2\/product_tag?post=5067"}],"curies":[{"name":"wp","href":"https:\/\/api.w.org\/{rel}","templated":true}]}}