{"id":5069,"date":"2018-03-28T07:32:28","date_gmt":"2018-03-28T06:32:28","guid":{"rendered":"https:\/\/woo-themes-plugins.com\/product\/handy-tema-de-woocommerce-marketplace-amazon-etsy-tema-simple-y-multilingue\/"},"modified":"2018-03-28T07:32:28","modified_gmt":"2018-03-28T06:32:28","slug":"handy-tema-de-woocommerce-marketplace-amazon-etsy-tema-simple-y-multilingue","status":"publish","type":"product","link":"https:\/\/woo-themes-plugins.com\/es\/product\/handy-tema-de-woocommerce-marketplace-amazon-etsy-tema-simple-y-multilingue\/","title":{"rendered":"Handy &#8211; Tema de WooCommerce Marketplace (Amazon \/ Etsy) &#8211; Tema simple y multiling\u00fce"},"content":{"rendered":"","protected":false},"excerpt":{"rendered":"<p><span id=\"result_box\" class=\"\" lang=\"es\">\u00bfDesea crear el nuevo competidor de Amazon o Etsy con su sitio WooCommerce? Despu\u00e9s de todo, \u00bfpor qu\u00e9 no? Tienes que empezar en alguna parte. Y si comenzaste con este tema WooCommerce que fue pensado por su creador para servir como base para un mercado bajo WooCommerce. Me parece que ser\u00eda un punto de partida interesante.<\/p>\n<p>Handmade toma su nombre del hecho de que podr\u00e1 personalizar cada parte de este tema de WooCommerce a mano. Este tema est\u00e1 repleto de excelentes funciones para su tienda WooCommerce.<\/span><\/p>\n","protected":false},"featured_media":1041,"template":"","meta":{"_monsterinsights_skip_tracking":false,"_monsterinsights_sitenote_active":false,"_monsterinsights_sitenote_note":"","_monsterinsights_sitenote_category":0},"product_cat":[221],"product_tag":[300,299,281,224,229,306,265,266,263,303,293,292,295],"class_list":["post-5069","product","type-product","status-publish","has-post-thumbnail","hentry","product_cat-tema-de-woocommerce","product_tag-control-deslizante-woocommerce-y-revolution","product_tag-instalacion-de-woocommerce-un-clic","product_tag-lista-de-deseos-woocommerce","product_tag-paquete-de-complementos-premium","product_tag-principiante-woocommerce","product_tag-responsive-woocommerce","product_tag-tema-de-woocommerce-con-blog","product_tag-tema-de-woocommerce-con-constructor","product_tag-temas-personalizables-de-woocommerce","product_tag-woocommerce-multilingual","product_tag-woocommerce-y-la-tienda-de-moda","product_tag-woocommerce-y-lujo-alto-de-la-gama","product_tag-woocommerce-y-tienda-de-ropa","pa_dev-woo-plugin-theme-sara_p-es","pa_marketplace-woocommerce-themeforest-net-es"],"yoast_head":"<!-- This site is optimized with the Yoast SEO plugin v23.1 - https:\/\/yoast.com\/wordpress\/plugins\/seo\/ -->\n<title>Handy - Tema de WooCommerce Marketplace (Amazon \/ Etsy) - Tema simple y multiling\u00fce - Woo-themes-plugins.com<\/title>\n<meta name=\"robots\" content=\"index, follow, max-snippet:-1, max-image-preview:large, max-video-preview:-1\" \/>\n<link rel=\"canonical\" href=\"https:\/\/woo-themes-plugins.com\/es\/producto\/handy-tema-de-woocommerce-marketplace-amazon-etsy-tema-simple-y-multilingue\/\" \/>\n<meta property=\"og:locale\" content=\"es_ES\" \/>\n<meta property=\"og:type\" content=\"article\" \/>\n<meta property=\"og:title\" content=\"Handy - Tema de WooCommerce Marketplace (Amazon \/ Etsy) - Tema simple y multiling\u00fce - Woo-themes-plugins.com\" \/>\n<meta property=\"og:description\" content=\"\u00bfDesea crear el nuevo competidor de Amazon o Etsy con su sitio WooCommerce? Despu\u00e9s de todo, \u00bfpor qu\u00e9 no? Tienes que empezar en alguna parte. Y si comenzaste con este tema WooCommerce que fue pensado por su creador para servir como base para un mercado bajo WooCommerce. Me parece que ser\u00eda un punto de partida interesante.  Handmade toma su nombre del hecho de que podr\u00e1 personalizar cada parte de este tema de WooCommerce a mano. Este tema est\u00e1 repleto de excelentes funciones para su tienda WooCommerce.\" \/>\n<meta property=\"og:url\" content=\"https:\/\/woo-themes-plugins.com\/es\/producto\/handy-tema-de-woocommerce-marketplace-amazon-etsy-tema-simple-y-multilingue\/\" \/>\n<meta property=\"og:site_name\" content=\"Woo-themes-plugins.com\" \/>\n<meta property=\"og:image\" content=\"https:\/\/woo-themes-plugins.com\/wp-content\/uploads\/sites\/7\/2018\/03\/woo-themes-plugins-handy-theme-woocommerce-marketplace-amazon-etsy-theme-simple-multilingue-home.jpg\" \/>\n\t<meta property=\"og:image:width\" content=\"906\" \/>\n\t<meta property=\"og:image:height\" content=\"900\" \/>\n\t<meta property=\"og:image:type\" content=\"image\/jpeg\" \/>\n<script type=\"application\/ld+json\" class=\"yoast-schema-graph\">{\"@context\":\"https:\/\/schema.org\",\"@graph\":[{\"@type\":\"WebPage\",\"@id\":\"https:\/\/woo-themes-plugins.com\/es\/producto\/handy-tema-de-woocommerce-marketplace-amazon-etsy-tema-simple-y-multilingue\/\",\"url\":\"https:\/\/woo-themes-plugins.com\/es\/producto\/handy-tema-de-woocommerce-marketplace-amazon-etsy-tema-simple-y-multilingue\/\",\"name\":\"Handy - Tema de WooCommerce Marketplace (Amazon \/ Etsy) - Tema simple y multiling\u00fce - Woo-themes-plugins.com\",\"isPartOf\":{\"@id\":\"https:\/\/woo-themes-plugins.com\/it\/#website\"},\"primaryImageOfPage\":{\"@id\":\"https:\/\/woo-themes-plugins.com\/es\/producto\/handy-tema-de-woocommerce-marketplace-amazon-etsy-tema-simple-y-multilingue\/#primaryimage\"},\"image\":{\"@id\":\"https:\/\/woo-themes-plugins.com\/es\/producto\/handy-tema-de-woocommerce-marketplace-amazon-etsy-tema-simple-y-multilingue\/#primaryimage\"},\"thumbnailUrl\":\"https:\/\/woo-themes-plugins.com\/wp-content\/uploads\/sites\/7\/2018\/03\/woo-themes-plugins-handy-theme-woocommerce-marketplace-amazon-etsy-theme-simple-multilingue-home.jpg\",\"datePublished\":\"2018-03-28T06:32:28+00:00\",\"dateModified\":\"2018-03-28T06:32:28+00:00\",\"breadcrumb\":{\"@id\":\"https:\/\/woo-themes-plugins.com\/es\/producto\/handy-tema-de-woocommerce-marketplace-amazon-etsy-tema-simple-y-multilingue\/#breadcrumb\"},\"inLanguage\":\"es\",\"potentialAction\":[{\"@type\":\"ReadAction\",\"target\":[\"https:\/\/woo-themes-plugins.com\/es\/producto\/handy-tema-de-woocommerce-marketplace-amazon-etsy-tema-simple-y-multilingue\/\"]}]},{\"@type\":\"ImageObject\",\"inLanguage\":\"es\",\"@id\":\"https:\/\/woo-themes-plugins.com\/es\/producto\/handy-tema-de-woocommerce-marketplace-amazon-etsy-tema-simple-y-multilingue\/#primaryimage\",\"url\":\"https:\/\/woo-themes-plugins.com\/wp-content\/uploads\/sites\/7\/2018\/03\/woo-themes-plugins-handy-theme-woocommerce-marketplace-amazon-etsy-theme-simple-multilingue-home.jpg\",\"contentUrl\":\"https:\/\/woo-themes-plugins.com\/wp-content\/uploads\/sites\/7\/2018\/03\/woo-themes-plugins-handy-theme-woocommerce-marketplace-amazon-etsy-theme-simple-multilingue-home.jpg\",\"width\":906,\"height\":900},{\"@type\":\"BreadcrumbList\",\"@id\":\"https:\/\/woo-themes-plugins.com\/es\/producto\/handy-tema-de-woocommerce-marketplace-amazon-etsy-tema-simple-y-multilingue\/#breadcrumb\",\"itemListElement\":[{\"@type\":\"ListItem\",\"position\":1,\"name\":\"Accueil\",\"item\":\"https:\/\/woo-themes-plugins.com\/fr\/\"},{\"@type\":\"ListItem\",\"position\":2,\"name\":\"Shop\",\"item\":\"https:\/\/woo-themes-plugins.com\/shop\/\"},{\"@type\":\"ListItem\",\"position\":3,\"name\":\"Handy &#8211; Tema de WooCommerce Marketplace (Amazon \/ Etsy) &#8211; Tema simple y multiling\u00fce\"}]},{\"@type\":\"WebSite\",\"@id\":\"https:\/\/woo-themes-plugins.com\/it\/#website\",\"url\":\"https:\/\/woo-themes-plugins.com\/it\/\",\"name\":\"Woo-themes-plugins.com\",\"description\":\"Tous les th\u00e8mes et plugins WooCommerce Premium\",\"potentialAction\":[{\"@type\":\"SearchAction\",\"target\":{\"@type\":\"EntryPoint\",\"urlTemplate\":\"https:\/\/woo-themes-plugins.com\/it\/?s={search_term_string}\"},\"query-input\":\"required name=search_term_string\"}],\"inLanguage\":\"es\"}]}<\/script>\n<!-- \/ Yoast SEO plugin. -->","yoast_head_json":{"title":"Handy - Tema de WooCommerce Marketplace (Amazon \/ Etsy) - Tema simple y multiling\u00fce - Woo-themes-plugins.com","robots":{"index":"index","follow":"follow","max-snippet":"max-snippet:-1","max-image-preview":"max-image-preview:large","max-video-preview":"max-video-preview:-1"},"canonical":"https:\/\/woo-themes-plugins.com\/es\/producto\/handy-tema-de-woocommerce-marketplace-amazon-etsy-tema-simple-y-multilingue\/","og_locale":"es_ES","og_type":"article","og_title":"Handy - Tema de WooCommerce Marketplace (Amazon \/ Etsy) - Tema simple y multiling\u00fce - Woo-themes-plugins.com","og_description":"\u00bfDesea crear el nuevo competidor de Amazon o Etsy con su sitio WooCommerce? Despu\u00e9s de todo, \u00bfpor qu\u00e9 no? Tienes que empezar en alguna parte. Y si comenzaste con este tema WooCommerce que fue pensado por su creador para servir como base para un mercado bajo WooCommerce. Me parece que ser\u00eda un punto de partida interesante.  Handmade toma su nombre del hecho de que podr\u00e1 personalizar cada parte de este tema de WooCommerce a mano. Este tema est\u00e1 repleto de excelentes funciones para su tienda WooCommerce.","og_url":"https:\/\/woo-themes-plugins.com\/es\/producto\/handy-tema-de-woocommerce-marketplace-amazon-etsy-tema-simple-y-multilingue\/","og_site_name":"Woo-themes-plugins.com","og_image":[{"width":906,"height":900,"url":"https:\/\/woo-themes-plugins.com\/wp-content\/uploads\/sites\/7\/2018\/03\/woo-themes-plugins-handy-theme-woocommerce-marketplace-amazon-etsy-theme-simple-multilingue-home.jpg","type":"image\/jpeg"}],"schema":{"@context":"https:\/\/schema.org","@graph":[{"@type":"WebPage","@id":"https:\/\/woo-themes-plugins.com\/es\/producto\/handy-tema-de-woocommerce-marketplace-amazon-etsy-tema-simple-y-multilingue\/","url":"https:\/\/woo-themes-plugins.com\/es\/producto\/handy-tema-de-woocommerce-marketplace-amazon-etsy-tema-simple-y-multilingue\/","name":"Handy - Tema de WooCommerce Marketplace (Amazon \/ Etsy) - Tema simple y multiling\u00fce - Woo-themes-plugins.com","isPartOf":{"@id":"https:\/\/woo-themes-plugins.com\/it\/#website"},"primaryImageOfPage":{"@id":"https:\/\/woo-themes-plugins.com\/es\/producto\/handy-tema-de-woocommerce-marketplace-amazon-etsy-tema-simple-y-multilingue\/#primaryimage"},"image":{"@id":"https:\/\/woo-themes-plugins.com\/es\/producto\/handy-tema-de-woocommerce-marketplace-amazon-etsy-tema-simple-y-multilingue\/#primaryimage"},"thumbnailUrl":"https:\/\/woo-themes-plugins.com\/wp-content\/uploads\/sites\/7\/2018\/03\/woo-themes-plugins-handy-theme-woocommerce-marketplace-amazon-etsy-theme-simple-multilingue-home.jpg","datePublished":"2018-03-28T06:32:28+00:00","dateModified":"2018-03-28T06:32:28+00:00","breadcrumb":{"@id":"https:\/\/woo-themes-plugins.com\/es\/producto\/handy-tema-de-woocommerce-marketplace-amazon-etsy-tema-simple-y-multilingue\/#breadcrumb"},"inLanguage":"es","potentialAction":[{"@type":"ReadAction","target":["https:\/\/woo-themes-plugins.com\/es\/producto\/handy-tema-de-woocommerce-marketplace-amazon-etsy-tema-simple-y-multilingue\/"]}]},{"@type":"ImageObject","inLanguage":"es","@id":"https:\/\/woo-themes-plugins.com\/es\/producto\/handy-tema-de-woocommerce-marketplace-amazon-etsy-tema-simple-y-multilingue\/#primaryimage","url":"https:\/\/woo-themes-plugins.com\/wp-content\/uploads\/sites\/7\/2018\/03\/woo-themes-plugins-handy-theme-woocommerce-marketplace-amazon-etsy-theme-simple-multilingue-home.jpg","contentUrl":"https:\/\/woo-themes-plugins.com\/wp-content\/uploads\/sites\/7\/2018\/03\/woo-themes-plugins-handy-theme-woocommerce-marketplace-amazon-etsy-theme-simple-multilingue-home.jpg","width":906,"height":900},{"@type":"BreadcrumbList","@id":"https:\/\/woo-themes-plugins.com\/es\/producto\/handy-tema-de-woocommerce-marketplace-amazon-etsy-tema-simple-y-multilingue\/#breadcrumb","itemListElement":[{"@type":"ListItem","position":1,"name":"Accueil","item":"https:\/\/woo-themes-plugins.com\/fr\/"},{"@type":"ListItem","position":2,"name":"Shop","item":"https:\/\/woo-themes-plugins.com\/shop\/"},{"@type":"ListItem","position":3,"name":"Handy &#8211; Tema de WooCommerce Marketplace (Amazon \/ Etsy) &#8211; Tema simple y multiling\u00fce"}]},{"@type":"WebSite","@id":"https:\/\/woo-themes-plugins.com\/it\/#website","url":"https:\/\/woo-themes-plugins.com\/it\/","name":"Woo-themes-plugins.com","description":"Tous les th\u00e8mes et plugins WooCommerce Premium","potentialAction":[{"@type":"SearchAction","target":{"@type":"EntryPoint","urlTemplate":"https:\/\/woo-themes-plugins.com\/it\/?s={search_term_string}"},"query-input":"required name=search_term_string"}],"inLanguage":"es"}]}},"_links":{"self":[{"href":"https:\/\/woo-themes-plugins.com\/es\/wp-json\/wp\/v2\/product\/5069","targetHints":{"allow":["GET"]}}],"collection":[{"href":"https:\/\/woo-themes-plugins.com\/es\/wp-json\/wp\/v2\/product"}],"about":[{"href":"https:\/\/woo-themes-plugins.com\/es\/wp-json\/wp\/v2\/types\/product"}],"wp:featuredmedia":[{"embeddable":true,"href":"https:\/\/woo-themes-plugins.com\/es\/wp-json\/wp\/v2\/media\/1041"}],"wp:attachment":[{"href":"https:\/\/woo-themes-plugins.com\/es\/wp-json\/wp\/v2\/media?parent=5069"}],"wp:term":[{"taxonomy":"product_cat","embeddable":true,"href":"https:\/\/woo-themes-plugins.com\/es\/wp-json\/wp\/v2\/product_cat?post=5069"},{"taxonomy":"product_tag","embeddable":true,"href":"https:\/\/woo-themes-plugins.com\/es\/wp-json\/wp\/v2\/product_tag?post=5069"}],"curies":[{"name":"wp","href":"https:\/\/api.w.org\/{rel}","templated":true}]}}