{"id":5070,"date":"2018-03-28T07:16:00","date_gmt":"2018-03-28T06:16:00","guid":{"rendered":"https:\/\/woo-themes-plugins.com\/product\/labomba-woocommerce-theme-fashion-versatile-tema-minimalista-lista-de-whish-y-multilingue\/"},"modified":"2018-03-28T07:16:00","modified_gmt":"2018-03-28T06:16:00","slug":"labomba-woocommerce-theme-fashion-versatile-tema-minimalista-lista-de-whish-y-multilingue","status":"publish","type":"product","link":"https:\/\/woo-themes-plugins.com\/es\/product\/labomba-woocommerce-theme-fashion-versatile-tema-minimalista-lista-de-whish-y-multilingue\/","title":{"rendered":"Labomba &#8211; WooCommerce Theme Fashion &amp; Versatile &#8211; Tema minimalista, lista de Whish y multiling\u00fce"},"content":{"rendered":"","protected":false},"excerpt":{"rendered":"<p><span id=\"result_box\" class=\"\" lang=\"es\">Labomba es un tema de WooCommerce que se ha desarrollado para atraer al dise\u00f1ador web orientado a la moda y el lujo. Gracias a este tema de WooCommerce, no solo podr\u00e1 decorar gr\u00e1ficamente su futuro sitio de comercio electr\u00f3nico con las \u00faltimas tendencias en moda y gr\u00e1ficos, sino que tambi\u00e9n agregar\u00e1 caracter\u00edsticas espec\u00edficas del mundo del comercio electr\u00f3nico. <span class=\"\">Por ejemplo, podemos apreciar la implementaci\u00f3n de un whislist en su sitio de comercio electr\u00f3nico.<\/span> <span class=\"\">Despu\u00e9s de todo, aqu\u00ed hay una caracter\u00edstica que falta en WooCommerce por defecto.<\/span> <span class=\"\">Este tema de WooCommerce tambi\u00e9n ser\u00e1 un gran compa\u00f1ero para cualquiera que desee editar una secci\u00f3n de blog en su sitio de comercio electr\u00f3nico.<\/span><\/span><\/p>\n","protected":false},"featured_media":998,"template":"","meta":{"_monsterinsights_skip_tracking":false,"_monsterinsights_sitenote_active":false,"_monsterinsights_sitenote_note":"","_monsterinsights_sitenote_category":0},"product_cat":[221],"product_tag":[300,299,281,224,229,306,265,266,263,303,293,292,295],"class_list":["post-5070","product","type-product","status-publish","has-post-thumbnail","hentry","product_cat-tema-de-woocommerce","product_tag-control-deslizante-woocommerce-y-revolution","product_tag-instalacion-de-woocommerce-un-clic","product_tag-lista-de-deseos-woocommerce","product_tag-paquete-de-complementos-premium","product_tag-principiante-woocommerce","product_tag-responsive-woocommerce","product_tag-tema-de-woocommerce-con-blog","product_tag-tema-de-woocommerce-con-constructor","product_tag-temas-personalizables-de-woocommerce","product_tag-woocommerce-multilingual","product_tag-woocommerce-y-la-tienda-de-moda","product_tag-woocommerce-y-lujo-alto-de-la-gama","product_tag-woocommerce-y-tienda-de-ropa","pa_dev-woo-plugin-theme-sara_p-es","pa_marketplace-woocommerce-themeforest-net-es"],"yoast_head":"<!-- This site is optimized with the Yoast SEO plugin v23.1 - https:\/\/yoast.com\/wordpress\/plugins\/seo\/ -->\n<title>Labomba - WooCommerce Fashion &amp; Versatile Theme - Multiling\u00fce<\/title>\n<meta name=\"robots\" content=\"index, follow, max-snippet:-1, max-image-preview:large, max-video-preview:-1\" \/>\n<link rel=\"canonical\" href=\"https:\/\/woo-themes-plugins.com\/es\/producto\/labomba-woocommerce-theme-fashion-versatile-tema-minimalista-lista-de-whish-y-multilingue\/\" \/>\n<meta property=\"og:locale\" content=\"es_ES\" \/>\n<meta property=\"og:type\" content=\"article\" \/>\n<meta property=\"og:title\" content=\"Labomba - WooCommerce Fashion &amp; Versatile Theme - Multiling\u00fce\" \/>\n<meta property=\"og:description\" content=\"Labomba es un tema de WooCommerce que se ha desarrollado para atraer al dise\u00f1ador web orientado a la moda y el lujo. Gracias a este tema de WooCommerce, no solo podr\u00e1 decorar gr\u00e1ficamente su futuro sitio de comercio electr\u00f3nico con las \u00faltimas tendencias en moda y gr\u00e1ficos, sino que tambi\u00e9n agregar\u00e1 caracter\u00edsticas espec\u00edficas del mundo del comercio electr\u00f3nico. Por ejemplo, podemos apreciar la implementaci\u00f3n de un whislist en su sitio de comercio electr\u00f3nico. Despu\u00e9s de todo, aqu\u00ed hay una caracter\u00edstica que falta en WooCommerce por defecto. Este tema de WooCommerce tambi\u00e9n ser\u00e1 un gran compa\u00f1ero para cualquiera que desee editar una secci\u00f3n de blog en su sitio de comercio electr\u00f3nico.\" \/>\n<meta property=\"og:url\" content=\"https:\/\/woo-themes-plugins.com\/es\/producto\/labomba-woocommerce-theme-fashion-versatile-tema-minimalista-lista-de-whish-y-multilingue\/\" \/>\n<meta property=\"og:site_name\" content=\"Woo-themes-plugins.com\" \/>\n<meta property=\"og:image\" content=\"https:\/\/woo-themes-plugins.com\/wp-content\/uploads\/sites\/7\/2018\/03\/woo-themes-plugins-labomba-theme-woocommerce-mode-polyvalent-theme-minimaliste-whishlist-multilingue-home.jpg\" \/>\n\t<meta property=\"og:image:width\" content=\"906\" \/>\n\t<meta property=\"og:image:height\" content=\"900\" \/>\n\t<meta property=\"og:image:type\" content=\"image\/jpeg\" \/>\n<script type=\"application\/ld+json\" class=\"yoast-schema-graph\">{\"@context\":\"https:\/\/schema.org\",\"@graph\":[{\"@type\":\"WebPage\",\"@id\":\"https:\/\/woo-themes-plugins.com\/es\/producto\/labomba-woocommerce-theme-fashion-versatile-tema-minimalista-lista-de-whish-y-multilingue\/\",\"url\":\"https:\/\/woo-themes-plugins.com\/es\/producto\/labomba-woocommerce-theme-fashion-versatile-tema-minimalista-lista-de-whish-y-multilingue\/\",\"name\":\"Labomba - WooCommerce Fashion & Versatile Theme - Multiling\u00fce\",\"isPartOf\":{\"@id\":\"https:\/\/woo-themes-plugins.com\/it\/#website\"},\"primaryImageOfPage\":{\"@id\":\"https:\/\/woo-themes-plugins.com\/es\/producto\/labomba-woocommerce-theme-fashion-versatile-tema-minimalista-lista-de-whish-y-multilingue\/#primaryimage\"},\"image\":{\"@id\":\"https:\/\/woo-themes-plugins.com\/es\/producto\/labomba-woocommerce-theme-fashion-versatile-tema-minimalista-lista-de-whish-y-multilingue\/#primaryimage\"},\"thumbnailUrl\":\"https:\/\/woo-themes-plugins.com\/wp-content\/uploads\/sites\/7\/2018\/03\/woo-themes-plugins-labomba-theme-woocommerce-mode-polyvalent-theme-minimaliste-whishlist-multilingue-home.jpg\",\"datePublished\":\"2018-03-28T06:16:00+00:00\",\"dateModified\":\"2018-03-28T06:16:00+00:00\",\"breadcrumb\":{\"@id\":\"https:\/\/woo-themes-plugins.com\/es\/producto\/labomba-woocommerce-theme-fashion-versatile-tema-minimalista-lista-de-whish-y-multilingue\/#breadcrumb\"},\"inLanguage\":\"es\",\"potentialAction\":[{\"@type\":\"ReadAction\",\"target\":[\"https:\/\/woo-themes-plugins.com\/es\/producto\/labomba-woocommerce-theme-fashion-versatile-tema-minimalista-lista-de-whish-y-multilingue\/\"]}]},{\"@type\":\"ImageObject\",\"inLanguage\":\"es\",\"@id\":\"https:\/\/woo-themes-plugins.com\/es\/producto\/labomba-woocommerce-theme-fashion-versatile-tema-minimalista-lista-de-whish-y-multilingue\/#primaryimage\",\"url\":\"https:\/\/woo-themes-plugins.com\/wp-content\/uploads\/sites\/7\/2018\/03\/woo-themes-plugins-labomba-theme-woocommerce-mode-polyvalent-theme-minimaliste-whishlist-multilingue-home.jpg\",\"contentUrl\":\"https:\/\/woo-themes-plugins.com\/wp-content\/uploads\/sites\/7\/2018\/03\/woo-themes-plugins-labomba-theme-woocommerce-mode-polyvalent-theme-minimaliste-whishlist-multilingue-home.jpg\",\"width\":906,\"height\":900},{\"@type\":\"BreadcrumbList\",\"@id\":\"https:\/\/woo-themes-plugins.com\/es\/producto\/labomba-woocommerce-theme-fashion-versatile-tema-minimalista-lista-de-whish-y-multilingue\/#breadcrumb\",\"itemListElement\":[{\"@type\":\"ListItem\",\"position\":1,\"name\":\"Accueil\",\"item\":\"https:\/\/woo-themes-plugins.com\/fr\/\"},{\"@type\":\"ListItem\",\"position\":2,\"name\":\"Shop\",\"item\":\"https:\/\/woo-themes-plugins.com\/shop\/\"},{\"@type\":\"ListItem\",\"position\":3,\"name\":\"Labomba &#8211; WooCommerce Theme Fashion &amp; Versatile &#8211; Tema minimalista, lista de Whish y multiling\u00fce\"}]},{\"@type\":\"WebSite\",\"@id\":\"https:\/\/woo-themes-plugins.com\/it\/#website\",\"url\":\"https:\/\/woo-themes-plugins.com\/it\/\",\"name\":\"Woo-themes-plugins.com\",\"description\":\"Tous les th\u00e8mes et plugins WooCommerce Premium\",\"potentialAction\":[{\"@type\":\"SearchAction\",\"target\":{\"@type\":\"EntryPoint\",\"urlTemplate\":\"https:\/\/woo-themes-plugins.com\/it\/?s={search_term_string}\"},\"query-input\":\"required name=search_term_string\"}],\"inLanguage\":\"es\"}]}<\/script>\n<!-- \/ Yoast SEO plugin. -->","yoast_head_json":{"title":"Labomba - WooCommerce Fashion & Versatile Theme - Multiling\u00fce","robots":{"index":"index","follow":"follow","max-snippet":"max-snippet:-1","max-image-preview":"max-image-preview:large","max-video-preview":"max-video-preview:-1"},"canonical":"https:\/\/woo-themes-plugins.com\/es\/producto\/labomba-woocommerce-theme-fashion-versatile-tema-minimalista-lista-de-whish-y-multilingue\/","og_locale":"es_ES","og_type":"article","og_title":"Labomba - WooCommerce Fashion & Versatile Theme - Multiling\u00fce","og_description":"Labomba es un tema de WooCommerce que se ha desarrollado para atraer al dise\u00f1ador web orientado a la moda y el lujo. Gracias a este tema de WooCommerce, no solo podr\u00e1 decorar gr\u00e1ficamente su futuro sitio de comercio electr\u00f3nico con las \u00faltimas tendencias en moda y gr\u00e1ficos, sino que tambi\u00e9n agregar\u00e1 caracter\u00edsticas espec\u00edficas del mundo del comercio electr\u00f3nico. Por ejemplo, podemos apreciar la implementaci\u00f3n de un whislist en su sitio de comercio electr\u00f3nico. Despu\u00e9s de todo, aqu\u00ed hay una caracter\u00edstica que falta en WooCommerce por defecto. Este tema de WooCommerce tambi\u00e9n ser\u00e1 un gran compa\u00f1ero para cualquiera que desee editar una secci\u00f3n de blog en su sitio de comercio electr\u00f3nico.","og_url":"https:\/\/woo-themes-plugins.com\/es\/producto\/labomba-woocommerce-theme-fashion-versatile-tema-minimalista-lista-de-whish-y-multilingue\/","og_site_name":"Woo-themes-plugins.com","og_image":[{"width":906,"height":900,"url":"https:\/\/woo-themes-plugins.com\/wp-content\/uploads\/sites\/7\/2018\/03\/woo-themes-plugins-labomba-theme-woocommerce-mode-polyvalent-theme-minimaliste-whishlist-multilingue-home.jpg","type":"image\/jpeg"}],"schema":{"@context":"https:\/\/schema.org","@graph":[{"@type":"WebPage","@id":"https:\/\/woo-themes-plugins.com\/es\/producto\/labomba-woocommerce-theme-fashion-versatile-tema-minimalista-lista-de-whish-y-multilingue\/","url":"https:\/\/woo-themes-plugins.com\/es\/producto\/labomba-woocommerce-theme-fashion-versatile-tema-minimalista-lista-de-whish-y-multilingue\/","name":"Labomba - WooCommerce Fashion & Versatile Theme - Multiling\u00fce","isPartOf":{"@id":"https:\/\/woo-themes-plugins.com\/it\/#website"},"primaryImageOfPage":{"@id":"https:\/\/woo-themes-plugins.com\/es\/producto\/labomba-woocommerce-theme-fashion-versatile-tema-minimalista-lista-de-whish-y-multilingue\/#primaryimage"},"image":{"@id":"https:\/\/woo-themes-plugins.com\/es\/producto\/labomba-woocommerce-theme-fashion-versatile-tema-minimalista-lista-de-whish-y-multilingue\/#primaryimage"},"thumbnailUrl":"https:\/\/woo-themes-plugins.com\/wp-content\/uploads\/sites\/7\/2018\/03\/woo-themes-plugins-labomba-theme-woocommerce-mode-polyvalent-theme-minimaliste-whishlist-multilingue-home.jpg","datePublished":"2018-03-28T06:16:00+00:00","dateModified":"2018-03-28T06:16:00+00:00","breadcrumb":{"@id":"https:\/\/woo-themes-plugins.com\/es\/producto\/labomba-woocommerce-theme-fashion-versatile-tema-minimalista-lista-de-whish-y-multilingue\/#breadcrumb"},"inLanguage":"es","potentialAction":[{"@type":"ReadAction","target":["https:\/\/woo-themes-plugins.com\/es\/producto\/labomba-woocommerce-theme-fashion-versatile-tema-minimalista-lista-de-whish-y-multilingue\/"]}]},{"@type":"ImageObject","inLanguage":"es","@id":"https:\/\/woo-themes-plugins.com\/es\/producto\/labomba-woocommerce-theme-fashion-versatile-tema-minimalista-lista-de-whish-y-multilingue\/#primaryimage","url":"https:\/\/woo-themes-plugins.com\/wp-content\/uploads\/sites\/7\/2018\/03\/woo-themes-plugins-labomba-theme-woocommerce-mode-polyvalent-theme-minimaliste-whishlist-multilingue-home.jpg","contentUrl":"https:\/\/woo-themes-plugins.com\/wp-content\/uploads\/sites\/7\/2018\/03\/woo-themes-plugins-labomba-theme-woocommerce-mode-polyvalent-theme-minimaliste-whishlist-multilingue-home.jpg","width":906,"height":900},{"@type":"BreadcrumbList","@id":"https:\/\/woo-themes-plugins.com\/es\/producto\/labomba-woocommerce-theme-fashion-versatile-tema-minimalista-lista-de-whish-y-multilingue\/#breadcrumb","itemListElement":[{"@type":"ListItem","position":1,"name":"Accueil","item":"https:\/\/woo-themes-plugins.com\/fr\/"},{"@type":"ListItem","position":2,"name":"Shop","item":"https:\/\/woo-themes-plugins.com\/shop\/"},{"@type":"ListItem","position":3,"name":"Labomba &#8211; WooCommerce Theme Fashion &amp; Versatile &#8211; Tema minimalista, lista de Whish y multiling\u00fce"}]},{"@type":"WebSite","@id":"https:\/\/woo-themes-plugins.com\/it\/#website","url":"https:\/\/woo-themes-plugins.com\/it\/","name":"Woo-themes-plugins.com","description":"Tous les th\u00e8mes et plugins WooCommerce Premium","potentialAction":[{"@type":"SearchAction","target":{"@type":"EntryPoint","urlTemplate":"https:\/\/woo-themes-plugins.com\/it\/?s={search_term_string}"},"query-input":"required name=search_term_string"}],"inLanguage":"es"}]}},"_links":{"self":[{"href":"https:\/\/woo-themes-plugins.com\/es\/wp-json\/wp\/v2\/product\/5070","targetHints":{"allow":["GET"]}}],"collection":[{"href":"https:\/\/woo-themes-plugins.com\/es\/wp-json\/wp\/v2\/product"}],"about":[{"href":"https:\/\/woo-themes-plugins.com\/es\/wp-json\/wp\/v2\/types\/product"}],"wp:featuredmedia":[{"embeddable":true,"href":"https:\/\/woo-themes-plugins.com\/es\/wp-json\/wp\/v2\/media\/998"}],"wp:attachment":[{"href":"https:\/\/woo-themes-plugins.com\/es\/wp-json\/wp\/v2\/media?parent=5070"}],"wp:term":[{"taxonomy":"product_cat","embeddable":true,"href":"https:\/\/woo-themes-plugins.com\/es\/wp-json\/wp\/v2\/product_cat?post=5070"},{"taxonomy":"product_tag","embeddable":true,"href":"https:\/\/woo-themes-plugins.com\/es\/wp-json\/wp\/v2\/product_tag?post=5070"}],"curies":[{"name":"wp","href":"https:\/\/api.w.org\/{rel}","templated":true}]}}