{"id":5075,"date":"2018-03-27T10:09:52","date_gmt":"2018-03-27T09:09:52","guid":{"rendered":"https:\/\/woo-themes-plugins.com\/product\/multilingual-woocommerce-plugin-de-traduccion-de-woocommerce\/"},"modified":"2018-03-27T10:09:52","modified_gmt":"2018-03-27T09:09:52","slug":"multilingual-woocommerce-plugin-de-traduccion-de-woocommerce","status":"publish","type":"product","link":"https:\/\/woo-themes-plugins.com\/es\/product\/multilingual-woocommerce-plugin-de-traduccion-de-woocommerce\/","title":{"rendered":"Multilingual WooCommerce &#8211; Plugin de traducci\u00f3n de WooCommerce"},"content":{"rendered":"<p><span id=\"result_box\" class=\"\" lang=\"es\"><span title=\"Soyons plut\u00f4t limpide dans notre d\u00e9marche.\">Seamos claros en nuestro enfoque. <\/span><span title=\"Je consid\u00e8re qu'un site WordPress utilisant WooCommerce comme principale source de mise en ligne de contenu sur son site est avant tout un site WooCommerce, reposant sur un composant technologique qu'est WordPress.\">Considero que un sitio de WordPress que utiliza WooCommerce como la fuente principal para poner contenido en l\u00ednea en su sitio es principalmente un sitio de WooCommerce, basado en un componente tecnol\u00f3gico que es WordPress. <\/span><span title=\"WooCommerce ajoute une couche de fonctionnalit\u00e9 type eCommerce totalement manquante \u00e0 WordPress par d\u00e9faut.\">WooCommerce agrega una capa de caracter\u00edsticas de comercio electr\u00f3nico completamente faltante a WordPress por defecto. <\/span><span title=\"Cette couche est suffisamment importante pour la consid\u00e9rer \u00e0 part enti\u00e8re.\">Esta capa es lo suficientemente importante como para considerarla por derecho propio. <\/span><span title=\"J'esp\u00e8re \u00e0 la fois que tu m'as suivie jusqu'ici, et que tu partages ce point de vu.\n\n\">Espero al mismo tiempo que me hayas seguido hasta ahora y que compartas este punto de vista.<\/p>\n<p><\/span><span title=\"Le multilingue, c'est exactement la m\u00eame chose, particuli\u00e8rement lorsqu'on utilise WPML.\">Multiling\u00fce es exactamente lo mismo, especialmente cuando se usa WPML. <\/span><span title=\"Un site WordPress avec WPML devient d\u00e8s lors un site multilingue, utilisant WordPress comme socle technologique.\">Un sitio de WordPress con WPML se convierte en un sitio multiling\u00fce, utilizando WordPress como base tecnol\u00f3gica. <\/span><span title=\"Le multilingue apporte un tel lot de nouveaut\u00e9s fonctionnels, qu'il est en devient un composant \u00e0 part enti\u00e8re.\n\n\">El multiling\u00fce trae tantas novedades funcionales, que se convierte en un componente en s\u00ed mismo.<\/p>\n<p><\/span><span title=\"Maintenant, je te laisse imaginer ce qu'est un site WooCommerce Multilingue.\">Ahora, d\u00e9jame imaginar qu\u00e9 es un sitio multiling\u00fce de WooCommerce. <\/span><span title=\"La complexit\u00e9 que cela induit en terme de gestion d'un point de vue d\u00e9veloppement de plugin.\">La complejidad que esto trae en t\u00e9rminos de gesti\u00f3n desde el punto de vista del desarrollo de un complemento. <\/span><span title=\"Il faut que l'ensemble cohabite parfaitement avec WordPress, mais en plus que ton site WooCommerce communique bien avec ta version multilingue.\n\n\">Es necesario que el conjunto cohabite perfectamente con WordPress, pero adem\u00e1s su sitio WooCommerce se comunica bien con su versi\u00f3n multiling\u00fce.<\/p>\n<p><\/span><span title=\"Ceci pour te dire que le choix d'un plugin pour avoir un site WooCommerce Multilingue ne se fait pas \u00e0 la l\u00e9g\u00e8re.\">Esto quiere decir que la elecci\u00f3n de un complemento para tener un sitio multiling\u00fce de WooCommerce no se realiza a la ligera. <\/span><span title=\"Depuis le d\u00e9but, j'utilise toujours WooCommerce Multilingue, le plugin d\u00e9velopp\u00e9 entre WPML et WooCommerce.\n\n\">Desde el principio, siempre uso WooCommerce Multilingual, el complemento desarrollado entre WPML y WooCommerce.<\/p>\n<p><\/span><span title=\"Simple d'utilisation, WooCommerce Multilingue est un composant du plus vaste plugin qu'est WPML.\">Simple de usar, WooCommerce Multilingual es un componente del plugin WPML m\u00e1s grande. <\/span><span title=\"Apr\u00e8s installation, tu auras acc\u00e8s \u00e0 un assistant d'installation int\u00e9gr\u00e9 qui va faire tout le boulot pour toi en ce qui concerne l'installation de tous les composants requis.\">Despu\u00e9s de la instalaci\u00f3n, tendr\u00e1 acceso a un asistente de instalaci\u00f3n integrado que har\u00e1 todo el trabajo por usted con respecto a la instalaci\u00f3n de todos los componentes requeridos. <\/span><span title=\"Une fois tout les t\u00e9l\u00e9chargements termin\u00e9, tu vas arriver sur un \u00e9cran de configuration qui va beaucoup te rappeler celui de WooCommerce;\">Una vez que se hayan completado todas las descargas, llegar\u00e1 a una pantalla de configuraci\u00f3n que le recordar\u00e1 mucho a WooCommerce; <\/span><span title=\"j'adore.\">Me encanta. <\/span><span title=\"Simple et efficace, il de r\u00e9pondre aux diff\u00e9rentes questions que le configurateur te posera, et la configuration sera faite.\n\n\">Simple y eficaz, responder\u00e1 a las diferentes preguntas que le har\u00e1 el configurador, y la configuraci\u00f3n se realizar\u00e1.<\/p>\n<p><\/span><span title=\"En plus de te permettre de traduire tes produits dans autant de langues qu'il te plaira, tu pourras traduire l'ensemble de ta boutique, de tes pages, de tes cat\u00e9gories, ou encore tes \u00e9tiquettes.\">Adem\u00e1s de permitirle traducir sus productos en tantos idiomas como desee, puede traducir toda su tienda, sus p\u00e1ginas, sus categor\u00edas o sus etiquetas. <\/span><span title=\"Et \u00e7a ne s'arr\u00eate pas l\u00e0 !\">\u00a1Y no se detiene all\u00ed! <\/span><span title=\"Traduction de l'espace client, du tunnel de conversion, traduction des courriels envoy\u00e9s... c'est \u00e7a d'\u00eatre un vrai plugin multilingue pour WooCommerce !\">Traducci\u00f3n del \u00e1rea de clientes, t\u00fanel de conversi\u00f3n, traducci\u00f3n de correos electr\u00f3nicos enviados &#8230; \u00a1es un plugin multiling\u00fce para WooCommerce!<\/span><\/span><\/p>\n","protected":false},"excerpt":{"rendered":"<p><span id=\"result_box\" class=\"\" lang=\"es\">Traducir un sitio WooCommerce no se limita a traducir p\u00e1ginas de productos; todo su sitio WooCommerce necesita ser traducido, desde la toma de pedidos hasta las facturas. WPML ha estado ofreciendo durante muchos a\u00f1os el sistema de traducci\u00f3n m\u00e1s avanzado en el mundo de WordPress y un m\u00f3dulo de traducci\u00f3n para WooCommerce. WPML y WooCommerce formaron muy pronto un d\u00fao inseparable en t\u00e9rminos de sitio web multiling\u00fce de comercio electr\u00f3nico con WordPress.<\/span><\/p>\n","protected":false},"featured_media":2795,"template":"","meta":{"_monsterinsights_skip_tracking":false,"_monsterinsights_sitenote_active":false,"_monsterinsights_sitenote_note":"","_monsterinsights_sitenote_category":0},"product_cat":[220],"product_tag":[242,303],"class_list":["post-5075","product","type-product","status-publish","has-post-thumbnail","hentry","product_cat-plugin-woocommerce-es","product_tag-woocommerce-indispensable","product_tag-woocommerce-multilingual","pa_dev-woo-plugin-theme-wpml-es","pa_marketplace-woocommerce-wpml-org-es"],"yoast_head":"<!-- This site is optimized with the Yoast SEO plugin v23.1 - https:\/\/yoast.com\/wordpress\/plugins\/seo\/ -->\n<title>Multilingual WooCommerce - Plugin de traducci\u00f3n de WooCommerce<\/title>\n<meta name=\"description\" content=\"\u00bfC\u00f3mo traducir un sitio de WooCommerce? \u00bfQu\u00e9 plugin multiling\u00fce para WooCommerce? \u00bfC\u00f3mo administrar traducciones con WooCommerce? \u00a1Todas estas preguntas se responden gracias a este complemento multiling\u00fce oficial de WooCommerce! Este complemento multiling\u00fce de WooCommerce incluso responde preguntas que no te puedes imaginar;)\" \/>\n<meta name=\"robots\" content=\"index, follow, max-snippet:-1, max-image-preview:large, max-video-preview:-1\" \/>\n<link rel=\"canonical\" href=\"https:\/\/woo-themes-plugins.com\/es\/producto\/multilingual-woocommerce-plugin-de-traduccion-de-woocommerce\/\" \/>\n<meta property=\"og:locale\" content=\"es_ES\" \/>\n<meta property=\"og:type\" content=\"article\" \/>\n<meta property=\"og:title\" content=\"Multilingual WooCommerce - Plugin de traducci\u00f3n de WooCommerce\" \/>\n<meta property=\"og:description\" content=\"\u00bfC\u00f3mo traducir un sitio de WooCommerce? \u00bfQu\u00e9 plugin multiling\u00fce para WooCommerce? \u00bfC\u00f3mo administrar traducciones con WooCommerce? \u00a1Todas estas preguntas se responden gracias a este complemento multiling\u00fce oficial de WooCommerce! Este complemento multiling\u00fce de WooCommerce incluso responde preguntas que no te puedes imaginar;)\" \/>\n<meta property=\"og:url\" content=\"https:\/\/woo-themes-plugins.com\/es\/producto\/multilingual-woocommerce-plugin-de-traduccion-de-woocommerce\/\" \/>\n<meta property=\"og:site_name\" content=\"Woo-themes-plugins.com\" \/>\n<meta property=\"og:image\" content=\"https:\/\/woo-themes-plugins.com\/wp-content\/uploads\/sites\/7\/2018\/03\/woo-themes-plugins_woocommerce-woocommerce-multilingue-plugin-woocommerce.jpg\" \/>\n\t<meta property=\"og:image:width\" content=\"900\" \/>\n\t<meta property=\"og:image:height\" content=\"900\" \/>\n\t<meta property=\"og:image:type\" content=\"image\/jpeg\" \/>\n<meta name=\"twitter:label1\" content=\"Tiempo de lectura\" \/>\n\t<meta name=\"twitter:data1\" content=\"2 minutos\" \/>\n<script type=\"application\/ld+json\" class=\"yoast-schema-graph\">{\"@context\":\"https:\/\/schema.org\",\"@graph\":[{\"@type\":\"WebPage\",\"@id\":\"https:\/\/woo-themes-plugins.com\/es\/producto\/multilingual-woocommerce-plugin-de-traduccion-de-woocommerce\/\",\"url\":\"https:\/\/woo-themes-plugins.com\/es\/producto\/multilingual-woocommerce-plugin-de-traduccion-de-woocommerce\/\",\"name\":\"Multilingual WooCommerce - Plugin de traducci\u00f3n de WooCommerce\",\"isPartOf\":{\"@id\":\"https:\/\/woo-themes-plugins.com\/it\/#website\"},\"primaryImageOfPage\":{\"@id\":\"https:\/\/woo-themes-plugins.com\/es\/producto\/multilingual-woocommerce-plugin-de-traduccion-de-woocommerce\/#primaryimage\"},\"image\":{\"@id\":\"https:\/\/woo-themes-plugins.com\/es\/producto\/multilingual-woocommerce-plugin-de-traduccion-de-woocommerce\/#primaryimage\"},\"thumbnailUrl\":\"https:\/\/woo-themes-plugins.com\/wp-content\/uploads\/sites\/7\/2018\/03\/woo-themes-plugins_woocommerce-woocommerce-multilingue-plugin-woocommerce.jpg\",\"datePublished\":\"2018-03-27T09:09:52+00:00\",\"dateModified\":\"2018-03-27T09:09:52+00:00\",\"description\":\"\u00bfC\u00f3mo traducir un sitio de WooCommerce? \u00bfQu\u00e9 plugin multiling\u00fce para WooCommerce? \u00bfC\u00f3mo administrar traducciones con WooCommerce? \u00a1Todas estas preguntas se responden gracias a este complemento multiling\u00fce oficial de WooCommerce! Este complemento multiling\u00fce de WooCommerce incluso responde preguntas que no te puedes imaginar;)\",\"breadcrumb\":{\"@id\":\"https:\/\/woo-themes-plugins.com\/es\/producto\/multilingual-woocommerce-plugin-de-traduccion-de-woocommerce\/#breadcrumb\"},\"inLanguage\":\"es\",\"potentialAction\":[{\"@type\":\"ReadAction\",\"target\":[\"https:\/\/woo-themes-plugins.com\/es\/producto\/multilingual-woocommerce-plugin-de-traduccion-de-woocommerce\/\"]}]},{\"@type\":\"ImageObject\",\"inLanguage\":\"es\",\"@id\":\"https:\/\/woo-themes-plugins.com\/es\/producto\/multilingual-woocommerce-plugin-de-traduccion-de-woocommerce\/#primaryimage\",\"url\":\"https:\/\/woo-themes-plugins.com\/wp-content\/uploads\/sites\/7\/2018\/03\/woo-themes-plugins_woocommerce-woocommerce-multilingue-plugin-woocommerce.jpg\",\"contentUrl\":\"https:\/\/woo-themes-plugins.com\/wp-content\/uploads\/sites\/7\/2018\/03\/woo-themes-plugins_woocommerce-woocommerce-multilingue-plugin-woocommerce.jpg\",\"width\":900,\"height\":900},{\"@type\":\"BreadcrumbList\",\"@id\":\"https:\/\/woo-themes-plugins.com\/es\/producto\/multilingual-woocommerce-plugin-de-traduccion-de-woocommerce\/#breadcrumb\",\"itemListElement\":[{\"@type\":\"ListItem\",\"position\":1,\"name\":\"Accueil\",\"item\":\"https:\/\/woo-themes-plugins.com\/fr\/\"},{\"@type\":\"ListItem\",\"position\":2,\"name\":\"Shop\",\"item\":\"https:\/\/woo-themes-plugins.com\/shop\/\"},{\"@type\":\"ListItem\",\"position\":3,\"name\":\"Multilingual WooCommerce &#8211; Plugin de traducci\u00f3n de WooCommerce\"}]},{\"@type\":\"WebSite\",\"@id\":\"https:\/\/woo-themes-plugins.com\/it\/#website\",\"url\":\"https:\/\/woo-themes-plugins.com\/it\/\",\"name\":\"Woo-themes-plugins.com\",\"description\":\"Tous les th\u00e8mes et plugins WooCommerce Premium\",\"potentialAction\":[{\"@type\":\"SearchAction\",\"target\":{\"@type\":\"EntryPoint\",\"urlTemplate\":\"https:\/\/woo-themes-plugins.com\/it\/?s={search_term_string}\"},\"query-input\":\"required name=search_term_string\"}],\"inLanguage\":\"es\"}]}<\/script>\n<!-- \/ Yoast SEO plugin. -->","yoast_head_json":{"title":"Multilingual WooCommerce - Plugin de traducci\u00f3n de WooCommerce","description":"\u00bfC\u00f3mo traducir un sitio de WooCommerce? \u00bfQu\u00e9 plugin multiling\u00fce para WooCommerce? \u00bfC\u00f3mo administrar traducciones con WooCommerce? \u00a1Todas estas preguntas se responden gracias a este complemento multiling\u00fce oficial de WooCommerce! Este complemento multiling\u00fce de WooCommerce incluso responde preguntas que no te puedes imaginar;)","robots":{"index":"index","follow":"follow","max-snippet":"max-snippet:-1","max-image-preview":"max-image-preview:large","max-video-preview":"max-video-preview:-1"},"canonical":"https:\/\/woo-themes-plugins.com\/es\/producto\/multilingual-woocommerce-plugin-de-traduccion-de-woocommerce\/","og_locale":"es_ES","og_type":"article","og_title":"Multilingual WooCommerce - Plugin de traducci\u00f3n de WooCommerce","og_description":"\u00bfC\u00f3mo traducir un sitio de WooCommerce? \u00bfQu\u00e9 plugin multiling\u00fce para WooCommerce? \u00bfC\u00f3mo administrar traducciones con WooCommerce? \u00a1Todas estas preguntas se responden gracias a este complemento multiling\u00fce oficial de WooCommerce! Este complemento multiling\u00fce de WooCommerce incluso responde preguntas que no te puedes imaginar;)","og_url":"https:\/\/woo-themes-plugins.com\/es\/producto\/multilingual-woocommerce-plugin-de-traduccion-de-woocommerce\/","og_site_name":"Woo-themes-plugins.com","og_image":[{"width":900,"height":900,"url":"https:\/\/woo-themes-plugins.com\/wp-content\/uploads\/sites\/7\/2018\/03\/woo-themes-plugins_woocommerce-woocommerce-multilingue-plugin-woocommerce.jpg","type":"image\/jpeg"}],"twitter_misc":{"Tiempo de lectura":"2 minutos"},"schema":{"@context":"https:\/\/schema.org","@graph":[{"@type":"WebPage","@id":"https:\/\/woo-themes-plugins.com\/es\/producto\/multilingual-woocommerce-plugin-de-traduccion-de-woocommerce\/","url":"https:\/\/woo-themes-plugins.com\/es\/producto\/multilingual-woocommerce-plugin-de-traduccion-de-woocommerce\/","name":"Multilingual WooCommerce - Plugin de traducci\u00f3n de WooCommerce","isPartOf":{"@id":"https:\/\/woo-themes-plugins.com\/it\/#website"},"primaryImageOfPage":{"@id":"https:\/\/woo-themes-plugins.com\/es\/producto\/multilingual-woocommerce-plugin-de-traduccion-de-woocommerce\/#primaryimage"},"image":{"@id":"https:\/\/woo-themes-plugins.com\/es\/producto\/multilingual-woocommerce-plugin-de-traduccion-de-woocommerce\/#primaryimage"},"thumbnailUrl":"https:\/\/woo-themes-plugins.com\/wp-content\/uploads\/sites\/7\/2018\/03\/woo-themes-plugins_woocommerce-woocommerce-multilingue-plugin-woocommerce.jpg","datePublished":"2018-03-27T09:09:52+00:00","dateModified":"2018-03-27T09:09:52+00:00","description":"\u00bfC\u00f3mo traducir un sitio de WooCommerce? \u00bfQu\u00e9 plugin multiling\u00fce para WooCommerce? \u00bfC\u00f3mo administrar traducciones con WooCommerce? \u00a1Todas estas preguntas se responden gracias a este complemento multiling\u00fce oficial de WooCommerce! Este complemento multiling\u00fce de WooCommerce incluso responde preguntas que no te puedes imaginar;)","breadcrumb":{"@id":"https:\/\/woo-themes-plugins.com\/es\/producto\/multilingual-woocommerce-plugin-de-traduccion-de-woocommerce\/#breadcrumb"},"inLanguage":"es","potentialAction":[{"@type":"ReadAction","target":["https:\/\/woo-themes-plugins.com\/es\/producto\/multilingual-woocommerce-plugin-de-traduccion-de-woocommerce\/"]}]},{"@type":"ImageObject","inLanguage":"es","@id":"https:\/\/woo-themes-plugins.com\/es\/producto\/multilingual-woocommerce-plugin-de-traduccion-de-woocommerce\/#primaryimage","url":"https:\/\/woo-themes-plugins.com\/wp-content\/uploads\/sites\/7\/2018\/03\/woo-themes-plugins_woocommerce-woocommerce-multilingue-plugin-woocommerce.jpg","contentUrl":"https:\/\/woo-themes-plugins.com\/wp-content\/uploads\/sites\/7\/2018\/03\/woo-themes-plugins_woocommerce-woocommerce-multilingue-plugin-woocommerce.jpg","width":900,"height":900},{"@type":"BreadcrumbList","@id":"https:\/\/woo-themes-plugins.com\/es\/producto\/multilingual-woocommerce-plugin-de-traduccion-de-woocommerce\/#breadcrumb","itemListElement":[{"@type":"ListItem","position":1,"name":"Accueil","item":"https:\/\/woo-themes-plugins.com\/fr\/"},{"@type":"ListItem","position":2,"name":"Shop","item":"https:\/\/woo-themes-plugins.com\/shop\/"},{"@type":"ListItem","position":3,"name":"Multilingual WooCommerce &#8211; Plugin de traducci\u00f3n de WooCommerce"}]},{"@type":"WebSite","@id":"https:\/\/woo-themes-plugins.com\/it\/#website","url":"https:\/\/woo-themes-plugins.com\/it\/","name":"Woo-themes-plugins.com","description":"Tous les th\u00e8mes et plugins WooCommerce Premium","potentialAction":[{"@type":"SearchAction","target":{"@type":"EntryPoint","urlTemplate":"https:\/\/woo-themes-plugins.com\/it\/?s={search_term_string}"},"query-input":"required name=search_term_string"}],"inLanguage":"es"}]}},"_links":{"self":[{"href":"https:\/\/woo-themes-plugins.com\/es\/wp-json\/wp\/v2\/product\/5075","targetHints":{"allow":["GET"]}}],"collection":[{"href":"https:\/\/woo-themes-plugins.com\/es\/wp-json\/wp\/v2\/product"}],"about":[{"href":"https:\/\/woo-themes-plugins.com\/es\/wp-json\/wp\/v2\/types\/product"}],"wp:featuredmedia":[{"embeddable":true,"href":"https:\/\/woo-themes-plugins.com\/es\/wp-json\/wp\/v2\/media\/2795"}],"wp:attachment":[{"href":"https:\/\/woo-themes-plugins.com\/es\/wp-json\/wp\/v2\/media?parent=5075"}],"wp:term":[{"taxonomy":"product_cat","embeddable":true,"href":"https:\/\/woo-themes-plugins.com\/es\/wp-json\/wp\/v2\/product_cat?post=5075"},{"taxonomy":"product_tag","embeddable":true,"href":"https:\/\/woo-themes-plugins.com\/es\/wp-json\/wp\/v2\/product_tag?post=5075"}],"curies":[{"name":"wp","href":"https:\/\/api.w.org\/{rel}","templated":true}]}}