{"id":5076,"date":"2018-03-27T09:48:16","date_gmt":"2018-03-27T08:48:16","guid":{"rendered":"https:\/\/woo-themes-plugins.com\/product\/nitro-tema-universal-woocommerce-tema-fisico-y-descargar\/"},"modified":"2018-03-27T09:48:16","modified_gmt":"2018-03-27T08:48:16","slug":"nitro-tema-universal-woocommerce-tema-fisico-y-descargar","status":"publish","type":"product","link":"https:\/\/woo-themes-plugins.com\/es\/product\/nitro-tema-universal-woocommerce-tema-fisico-y-descargar\/","title":{"rendered":"Nitro &#8211; Tema Universal WooCommerce &#8211; Tema f\u00edsico y Descargar"},"content":{"rendered":"<p><span id=\"result_box\" class=\"\" lang=\"es\"><span title=\"Nitro est un th\u00e8me WooCommerce compatible avec la derni\u00e8re version du plugin de eCommerce WordPress.\n\n\">Nitro es un tema de WooCommerce compatible con la \u00faltima versi\u00f3n del complemento de WordPress eCommerce.<\/p>\n<p><\/span><span title=\"Ce th\u00e8me WooCommerce est aussi compatible avec bbPress et BuddyPress.\n\n\">Este tema de WooCommerce tambi\u00e9n es compatible con bbPress y BuddyPress.<\/p>\n<p><\/span><span title=\"Nitro a \u00e9t\u00e9 con\u00e7u pour nous permettre de le personnaliser simplement gr\u00e2ce \u00e0 l'interface de personnalisation par d\u00e9faut de WordPress.\">Nitro ha sido dise\u00f1ado para permitirnos personalizarlo simplemente a trav\u00e9s de la interfaz de personalizaci\u00f3n predeterminada de WordPress. <\/span><span title=\"Ainsi, tous les param\u00e8tres de votre site WooCommerce se retrouveront au m\u00eame endroit.\">Por lo tanto, todos los par\u00e1metros de su sitio WooCommerce estar\u00e1n en el mismo lugar. <\/span><span title=\"Afin de pousser la personnalisation plus loin, ce th\u00e8me WooCommerce nous offre la possibilit\u00e9 de choisir entre 4 mises en pages diff\u00e9rentes rien que pour les cat\u00e9gories de produit.\">Para impulsar a\u00fan m\u00e1s la personalizaci\u00f3n, este tema WooCommerce nos ofrece la oportunidad de elegir entre 4 dise\u00f1os diferentes solo para categor\u00edas de productos. <\/span><span title=\"Lorsqu'on s'int\u00e9resse \u00e0 la mise en page des pages produits, ce n'est pas moins 10 mises en pages diff\u00e9rentes qui s'offrent \u00e0 nous.\n\n\">Cuando estamos interesados \u200b\u200ben el dise\u00f1o de las p\u00e1ginas producidas, no hay menos de 10 dise\u00f1os diferentes disponibles para nosotros.<\/p>\n<p><\/span><span title=\"D'un point de vue eCommerce, ce th\u00e8me int\u00e8gre des fonctions suppl\u00e9mentaires comme une fonctionnalit\u00e9 de quick view, un zoom puissant et agr\u00e9able sur les images produits, une gestion graphique des soldes, ainsi qu'un bouton Acheter maintenant.\n\n\">Desde una perspectiva de eCommerce, este tema incorpora funciones adicionales, como una funci\u00f3n de vista r\u00e1pida, un zoom potente y agradable en las im\u00e1genes de los productos, una administraci\u00f3n gr\u00e1fica de ventas y un bot\u00f3n Comprar ahora.<\/p>\n<p><\/span><span title=\"Pour ce qui est des shortcodes, ce th\u00e8mes WooCommerce n'est pas en reste avec plus de 36 familles diff\u00e9rentes de shortcodes, allant des shortcodes WooCommerce aux shortcodes de pr\u00e9sentations propres \u00e0 ce th\u00e8me.\n\n\">En t\u00e9rminos de c\u00f3digos breves, este tema de WooCommerce no se queda con m\u00e1s de 36 familias diferentes de c\u00f3digos cortos, que van desde breves c\u00f3digos de las presentaciones de c\u00f3digos cortos de WooCommerce espec\u00edficas para este tema.<\/p>\n<p><\/span><span title=\"On appr\u00e9ciera aussi la pr\u00e9sence de plugin premium inclus (dont la valeur d\u00e9passe les 260$) comme Visual Composer, WOOF Products Filter, Ninja Popup, Revolution Slider... La liste n'est pas termin\u00e9e !\n\n\">Tambi\u00e9n apreciamos la presencia de un plugin premium incluido (cuyo valor supera los $ 260) como Visual Composer, WOOF Filter Products, Ninja Popup, Revolution Slider &#8230; \u00a1La lista no est\u00e1 completa!<\/p>\n<p><\/span><span title=\"Ce th\u00e8me est aussi anim\u00e9 par des plugins d\u00e9velopp\u00e9 par le concepteur de ce th\u00e8me comme la possibilit\u00e9 d'obtenir une r\u00e9duction apr\u00e8s avoir partag\u00e9 son lien sur les r\u00e9seaux sociaux.\n\n\">Este tema tambi\u00e9n est\u00e1 animado por complementos desarrollados por el dise\u00f1ador de este tema como la posibilidad de obtener un descuento despu\u00e9s de compartir su enlace en las redes sociales.<\/p>\n<p><\/span><span title=\"V\u00e9ritable couteau suisse du th\u00e8me WooCommerce, ce n'est pas moins de 25 mises en pages diff\u00e9rentes qui te permettrons de cr\u00e9er autant de style de sites WooCommerce que tu le souhaites.\">La verdadera navaja suiza del tema WooCommerce, tiene no menos de 25 dise\u00f1os diferentes que te permitir\u00e1n crear tantos estilos de sitios de WooCommerce como quieras. <\/span><span title=\"Regardes plut\u00f4t cette liste impressionnante : Site de lingerie, site de luxe, site de mode, site avec un produit unique, site de sport...\">Mire m\u00e1s bien esta lista impresionante: sitio de lencer\u00eda, sitio de lujo, sitio de moda, sitio con un producto \u00fanico, sitio de deportes &#8230;<\/span><\/span><\/p>\n","protected":false},"excerpt":{"rendered":"<p><span id=\"result_box\" class=\"\" lang=\"es\">Nitro es un tema de WooCommerce que se ha desarrollado para poder vestir todos los sitios de comercio electr\u00f3nico hechos con WooCommerce. Ya sea que desee vender productos f\u00edsicos o productos desmaterializados para su descarga, este tema de WooCommerce le permitir\u00e1 hacer esto mucho m\u00e1s simplemente. Con Nitro, tenemos el placer de tener un tema de WooCommerce con dise\u00f1o orientado a UX, rendimiento robusto y caracter\u00edsticas exclusivas del mundo del comercio electr\u00f3nico.<\/span><\/p>\n","protected":false},"featured_media":577,"template":"","meta":{"_monsterinsights_skip_tracking":false,"_monsterinsights_sitenote_active":false,"_monsterinsights_sitenote_note":"","_monsterinsights_sitenote_category":0},"product_cat":[221],"product_tag":[299,302,229,306,265,266,263,295],"class_list":["post-5076","product","type-product","status-publish","has-post-thumbnail","hentry","product_cat-tema-de-woocommerce","product_tag-instalacion-de-woocommerce-un-clic","product_tag-multisite-compatible-woocommerce","product_tag-principiante-woocommerce","product_tag-responsive-woocommerce","product_tag-tema-de-woocommerce-con-blog","product_tag-tema-de-woocommerce-con-constructor","product_tag-temas-personalizables-de-woocommerce","product_tag-woocommerce-y-tienda-de-ropa","pa_dev-woo-plugin-theme-woorockets-es","pa_marketplace-woocommerce-themeforest-net-es"],"yoast_head":"<!-- This site is optimized with the Yoast SEO plugin v23.1 - https:\/\/yoast.com\/wordpress\/plugins\/seo\/ -->\n<title>Nitro - Tema universal de WooCommerce<\/title>\n<meta name=\"robots\" content=\"index, follow, max-snippet:-1, max-image-preview:large, max-video-preview:-1\" \/>\n<link rel=\"canonical\" href=\"https:\/\/woo-themes-plugins.com\/es\/producto\/nitro-tema-universal-woocommerce-tema-fisico-y-descargar\/\" \/>\n<meta property=\"og:locale\" content=\"es_ES\" \/>\n<meta property=\"og:type\" content=\"article\" \/>\n<meta property=\"og:title\" content=\"Nitro - Tema universal de WooCommerce\" \/>\n<meta property=\"og:description\" content=\"Nitro es un tema de WooCommerce que se ha desarrollado para poder vestir todos los sitios de comercio electr\u00f3nico hechos con WooCommerce. Ya sea que desee vender productos f\u00edsicos o productos desmaterializados para su descarga, este tema de WooCommerce le permitir\u00e1 hacer esto mucho m\u00e1s simplemente. Con Nitro, tenemos el placer de tener un tema de WooCommerce con dise\u00f1o orientado a UX, rendimiento robusto y caracter\u00edsticas exclusivas del mundo del comercio electr\u00f3nico.\" \/>\n<meta property=\"og:url\" content=\"https:\/\/woo-themes-plugins.com\/es\/producto\/nitro-tema-universal-woocommerce-tema-fisico-y-descargar\/\" \/>\n<meta property=\"og:site_name\" content=\"Woo-themes-plugins.com\" \/>\n<meta property=\"og:image\" content=\"https:\/\/woo-themes-plugins.com\/wp-content\/uploads\/sites\/7\/2018\/03\/woo-themes-plugins-nitro-theme-woocommerce-universel-theme-bien-physique-telechargement-lingerie-7-1.jpg\" \/>\n\t<meta property=\"og:image:width\" content=\"783\" \/>\n\t<meta property=\"og:image:height\" content=\"900\" \/>\n\t<meta property=\"og:image:type\" content=\"image\/jpeg\" \/>\n<meta name=\"twitter:label1\" content=\"Tiempo de lectura\" \/>\n\t<meta name=\"twitter:data1\" content=\"2 minutos\" \/>\n<script type=\"application\/ld+json\" class=\"yoast-schema-graph\">{\"@context\":\"https:\/\/schema.org\",\"@graph\":[{\"@type\":\"WebPage\",\"@id\":\"https:\/\/woo-themes-plugins.com\/es\/producto\/nitro-tema-universal-woocommerce-tema-fisico-y-descargar\/\",\"url\":\"https:\/\/woo-themes-plugins.com\/es\/producto\/nitro-tema-universal-woocommerce-tema-fisico-y-descargar\/\",\"name\":\"Nitro - Tema universal de WooCommerce\",\"isPartOf\":{\"@id\":\"https:\/\/woo-themes-plugins.com\/it\/#website\"},\"primaryImageOfPage\":{\"@id\":\"https:\/\/woo-themes-plugins.com\/es\/producto\/nitro-tema-universal-woocommerce-tema-fisico-y-descargar\/#primaryimage\"},\"image\":{\"@id\":\"https:\/\/woo-themes-plugins.com\/es\/producto\/nitro-tema-universal-woocommerce-tema-fisico-y-descargar\/#primaryimage\"},\"thumbnailUrl\":\"https:\/\/woo-themes-plugins.com\/wp-content\/uploads\/sites\/7\/2018\/03\/woo-themes-plugins-nitro-theme-woocommerce-universel-theme-bien-physique-telechargement-lingerie-7-1.jpg\",\"datePublished\":\"2018-03-27T08:48:16+00:00\",\"dateModified\":\"2018-03-27T08:48:16+00:00\",\"breadcrumb\":{\"@id\":\"https:\/\/woo-themes-plugins.com\/es\/producto\/nitro-tema-universal-woocommerce-tema-fisico-y-descargar\/#breadcrumb\"},\"inLanguage\":\"es\",\"potentialAction\":[{\"@type\":\"ReadAction\",\"target\":[\"https:\/\/woo-themes-plugins.com\/es\/producto\/nitro-tema-universal-woocommerce-tema-fisico-y-descargar\/\"]}]},{\"@type\":\"ImageObject\",\"inLanguage\":\"es\",\"@id\":\"https:\/\/woo-themes-plugins.com\/es\/producto\/nitro-tema-universal-woocommerce-tema-fisico-y-descargar\/#primaryimage\",\"url\":\"https:\/\/woo-themes-plugins.com\/wp-content\/uploads\/sites\/7\/2018\/03\/woo-themes-plugins-nitro-theme-woocommerce-universel-theme-bien-physique-telechargement-lingerie-7-1.jpg\",\"contentUrl\":\"https:\/\/woo-themes-plugins.com\/wp-content\/uploads\/sites\/7\/2018\/03\/woo-themes-plugins-nitro-theme-woocommerce-universel-theme-bien-physique-telechargement-lingerie-7-1.jpg\",\"width\":783,\"height\":900},{\"@type\":\"BreadcrumbList\",\"@id\":\"https:\/\/woo-themes-plugins.com\/es\/producto\/nitro-tema-universal-woocommerce-tema-fisico-y-descargar\/#breadcrumb\",\"itemListElement\":[{\"@type\":\"ListItem\",\"position\":1,\"name\":\"Accueil\",\"item\":\"https:\/\/woo-themes-plugins.com\/fr\/\"},{\"@type\":\"ListItem\",\"position\":2,\"name\":\"Shop\",\"item\":\"https:\/\/woo-themes-plugins.com\/shop\/\"},{\"@type\":\"ListItem\",\"position\":3,\"name\":\"Nitro &#8211; Tema Universal WooCommerce &#8211; Tema f\u00edsico y Descargar\"}]},{\"@type\":\"WebSite\",\"@id\":\"https:\/\/woo-themes-plugins.com\/it\/#website\",\"url\":\"https:\/\/woo-themes-plugins.com\/it\/\",\"name\":\"Woo-themes-plugins.com\",\"description\":\"Tous les th\u00e8mes et plugins WooCommerce Premium\",\"potentialAction\":[{\"@type\":\"SearchAction\",\"target\":{\"@type\":\"EntryPoint\",\"urlTemplate\":\"https:\/\/woo-themes-plugins.com\/it\/?s={search_term_string}\"},\"query-input\":\"required name=search_term_string\"}],\"inLanguage\":\"es\"}]}<\/script>\n<!-- \/ Yoast SEO plugin. -->","yoast_head_json":{"title":"Nitro - Tema universal de WooCommerce","robots":{"index":"index","follow":"follow","max-snippet":"max-snippet:-1","max-image-preview":"max-image-preview:large","max-video-preview":"max-video-preview:-1"},"canonical":"https:\/\/woo-themes-plugins.com\/es\/producto\/nitro-tema-universal-woocommerce-tema-fisico-y-descargar\/","og_locale":"es_ES","og_type":"article","og_title":"Nitro - Tema universal de WooCommerce","og_description":"Nitro es un tema de WooCommerce que se ha desarrollado para poder vestir todos los sitios de comercio electr\u00f3nico hechos con WooCommerce. Ya sea que desee vender productos f\u00edsicos o productos desmaterializados para su descarga, este tema de WooCommerce le permitir\u00e1 hacer esto mucho m\u00e1s simplemente. Con Nitro, tenemos el placer de tener un tema de WooCommerce con dise\u00f1o orientado a UX, rendimiento robusto y caracter\u00edsticas exclusivas del mundo del comercio electr\u00f3nico.","og_url":"https:\/\/woo-themes-plugins.com\/es\/producto\/nitro-tema-universal-woocommerce-tema-fisico-y-descargar\/","og_site_name":"Woo-themes-plugins.com","og_image":[{"width":783,"height":900,"url":"https:\/\/woo-themes-plugins.com\/wp-content\/uploads\/sites\/7\/2018\/03\/woo-themes-plugins-nitro-theme-woocommerce-universel-theme-bien-physique-telechargement-lingerie-7-1.jpg","type":"image\/jpeg"}],"twitter_misc":{"Tiempo de lectura":"2 minutos"},"schema":{"@context":"https:\/\/schema.org","@graph":[{"@type":"WebPage","@id":"https:\/\/woo-themes-plugins.com\/es\/producto\/nitro-tema-universal-woocommerce-tema-fisico-y-descargar\/","url":"https:\/\/woo-themes-plugins.com\/es\/producto\/nitro-tema-universal-woocommerce-tema-fisico-y-descargar\/","name":"Nitro - Tema universal de WooCommerce","isPartOf":{"@id":"https:\/\/woo-themes-plugins.com\/it\/#website"},"primaryImageOfPage":{"@id":"https:\/\/woo-themes-plugins.com\/es\/producto\/nitro-tema-universal-woocommerce-tema-fisico-y-descargar\/#primaryimage"},"image":{"@id":"https:\/\/woo-themes-plugins.com\/es\/producto\/nitro-tema-universal-woocommerce-tema-fisico-y-descargar\/#primaryimage"},"thumbnailUrl":"https:\/\/woo-themes-plugins.com\/wp-content\/uploads\/sites\/7\/2018\/03\/woo-themes-plugins-nitro-theme-woocommerce-universel-theme-bien-physique-telechargement-lingerie-7-1.jpg","datePublished":"2018-03-27T08:48:16+00:00","dateModified":"2018-03-27T08:48:16+00:00","breadcrumb":{"@id":"https:\/\/woo-themes-plugins.com\/es\/producto\/nitro-tema-universal-woocommerce-tema-fisico-y-descargar\/#breadcrumb"},"inLanguage":"es","potentialAction":[{"@type":"ReadAction","target":["https:\/\/woo-themes-plugins.com\/es\/producto\/nitro-tema-universal-woocommerce-tema-fisico-y-descargar\/"]}]},{"@type":"ImageObject","inLanguage":"es","@id":"https:\/\/woo-themes-plugins.com\/es\/producto\/nitro-tema-universal-woocommerce-tema-fisico-y-descargar\/#primaryimage","url":"https:\/\/woo-themes-plugins.com\/wp-content\/uploads\/sites\/7\/2018\/03\/woo-themes-plugins-nitro-theme-woocommerce-universel-theme-bien-physique-telechargement-lingerie-7-1.jpg","contentUrl":"https:\/\/woo-themes-plugins.com\/wp-content\/uploads\/sites\/7\/2018\/03\/woo-themes-plugins-nitro-theme-woocommerce-universel-theme-bien-physique-telechargement-lingerie-7-1.jpg","width":783,"height":900},{"@type":"BreadcrumbList","@id":"https:\/\/woo-themes-plugins.com\/es\/producto\/nitro-tema-universal-woocommerce-tema-fisico-y-descargar\/#breadcrumb","itemListElement":[{"@type":"ListItem","position":1,"name":"Accueil","item":"https:\/\/woo-themes-plugins.com\/fr\/"},{"@type":"ListItem","position":2,"name":"Shop","item":"https:\/\/woo-themes-plugins.com\/shop\/"},{"@type":"ListItem","position":3,"name":"Nitro &#8211; Tema Universal WooCommerce &#8211; Tema f\u00edsico y Descargar"}]},{"@type":"WebSite","@id":"https:\/\/woo-themes-plugins.com\/it\/#website","url":"https:\/\/woo-themes-plugins.com\/it\/","name":"Woo-themes-plugins.com","description":"Tous les th\u00e8mes et plugins WooCommerce Premium","potentialAction":[{"@type":"SearchAction","target":{"@type":"EntryPoint","urlTemplate":"https:\/\/woo-themes-plugins.com\/it\/?s={search_term_string}"},"query-input":"required name=search_term_string"}],"inLanguage":"es"}]}},"_links":{"self":[{"href":"https:\/\/woo-themes-plugins.com\/es\/wp-json\/wp\/v2\/product\/5076","targetHints":{"allow":["GET"]}}],"collection":[{"href":"https:\/\/woo-themes-plugins.com\/es\/wp-json\/wp\/v2\/product"}],"about":[{"href":"https:\/\/woo-themes-plugins.com\/es\/wp-json\/wp\/v2\/types\/product"}],"wp:featuredmedia":[{"embeddable":true,"href":"https:\/\/woo-themes-plugins.com\/es\/wp-json\/wp\/v2\/media\/577"}],"wp:attachment":[{"href":"https:\/\/woo-themes-plugins.com\/es\/wp-json\/wp\/v2\/media?parent=5076"}],"wp:term":[{"taxonomy":"product_cat","embeddable":true,"href":"https:\/\/woo-themes-plugins.com\/es\/wp-json\/wp\/v2\/product_cat?post=5076"},{"taxonomy":"product_tag","embeddable":true,"href":"https:\/\/woo-themes-plugins.com\/es\/wp-json\/wp\/v2\/product_tag?post=5076"}],"curies":[{"name":"wp","href":"https:\/\/api.w.org\/{rel}","templated":true}]}}