{"id":5077,"date":"2018-03-27T09:42:15","date_gmt":"2018-03-27T08:42:15","guid":{"rendered":"https:\/\/woo-themes-plugins.com\/product\/propulsion-woocommerce-business-theme-responsive-theme-portfolio-y-ecommerce\/"},"modified":"2018-03-27T09:42:15","modified_gmt":"2018-03-27T08:42:15","slug":"propulsion-woocommerce-business-theme-responsive-theme-portfolio-y-ecommerce","status":"publish","type":"product","link":"https:\/\/woo-themes-plugins.com\/es\/product\/propulsion-woocommerce-business-theme-responsive-theme-portfolio-y-ecommerce\/","title":{"rendered":"Propulsion &#8211; WooCommerce Business Theme &#8211; Responsive Theme, Portfolio y eCommerce"},"content":{"rendered":"<p><span id=\"result_box\" class=\"\" lang=\"es\"><span title=\"Propulsion est un th\u00e8me WooCommerce responsive, qui a \u00e9t\u00e9 d\u00e9velopp\u00e9 pour convenir \u00e0 la fois aux personnes recherchant un site de type business et eCommerce, mais aussi pour les sites WordPress type portfolio.\">Propulsion es un tema responsivo de WooCommerce, que se ha desarrollado para adaptarse tanto a las personas que buscan un sitio de comercio electr\u00f3nico y de negocios, como a los sitios de tipo cartera de WordPress. <\/span><span title=\"Ce th\u00e8me a \u00e9t\u00e9 con\u00e7u comme surcouche \u00e0 WooCommerce, mais aussi pour le plugin de forum WordPress bbPress.\">Este tema ha sido dise\u00f1ado como superposici\u00f3n para WooCommerce, pero tambi\u00e9n para el plugin de foros de WordPress bbPress. <\/span><span title=\"Ce qui vous permettra \u00e9galement d'animer facilement un forum gr\u00e2ce \u00e0 ce th\u00e8me.\n\n\">Esto tambi\u00e9n le permitir\u00e1 animar f\u00e1cilmente un foro a trav\u00e9s de este tema.<\/p>\n<p><\/span><span title=\"Ce th\u00e8me vient avec pl\u00e9thores d'options de personnalisation.\">Este tema viene con una pl\u00e9tora de opciones de personalizaci\u00f3n. <\/span><span title=\"Il te sera possible d'agir sur la couleur, mais aussi le style, les polices de caract\u00e8res, et la mise en page g\u00e9n\u00e9rale de ton site WooCommerce.\">Podr\u00e1 cambiar el color, el estilo, las fuentes y el dise\u00f1o de su sitio WooCommerce. <\/span><span title=\"Gr\u00e2ce au constructeur de page visuel qui est fournit avec ce th\u00e8me tu pourras facilement choisir entre les 3 types de slideshows diff\u00e9rents, les 21 styles pr\u00e9d\u00e9finis, ou encore les tonnes de polices d'\u00e9criture et de couleurs qui s'offriront \u00e0 toi.\">Con la p\u00e1gina constructor visual que viene con este tema puede elegir f\u00e1cilmente entre 3 diferentes tipos de cosas, los 21 estilos predefinidos, o las toneladas de fuentes y colores que estar\u00e1n disponibles para usted. <\/span><span title=\"Si tu es press\u00e9, ce th\u00e8me te permettra d'aller tr\u00e8s vite.\">Si tienes prisa, este tema te permitir\u00e1 ir muy r\u00e1pido. <\/span><span title=\"Tout comme si tu souhaites reprendre la mise en page de chacune des pages, cela sera aussi possible.\n\n\">Igual que si desea reanudar el dise\u00f1o de cada p\u00e1gina, tambi\u00e9n ser\u00e1 posible.<\/p>\n<p><\/span><span title=\"Ce th\u00e8me WooCommerce est orient\u00e9 SEO d\u00e9s sa conception.\">Este tema de WooCommerce est\u00e1 orientado a SEO a partir de su dise\u00f1o. <\/span><span title=\"Ainsi, ce th\u00e8me utilise des balises s\u00e9mantiques valides, tout comme le CSS et le HTML ont \u00e9t\u00e9 pens\u00e9 pour \u00eatre facilement parcourus par les moteurs de recherche.\">Por lo tanto, este tema usa etiquetas sem\u00e1nticas v\u00e1lidas, as\u00ed como los motores de b\u00fasqueda han pensado que CSS y HTML son examinados f\u00e1cilmente. <\/span><span title=\"Chose importante, le contenu est toujours inclus avant le code jug\u00e9 d'une moindre importance.\">Es importante destacar que el contenido siempre se incluye antes de que el c\u00f3digo considere de menor importancia. <\/span><span title=\"Le meilleur exemple pour illustrer cela serait que le contenu de ton article de blog est affich\u00e9 dans le code avant le code de ta sidebar.\">El mejor ejemplo para ilustrar esto ser\u00eda que el contenido de su publicaci\u00f3n de blog se muestra en el c\u00f3digo antes del c\u00f3digo de su barra lateral. <\/span><span title=\"Tu comprend mieux ?\">\u00bfLo entiendes mejor? <\/span><span title=\"Le but est de signaler aux moteurs de recherche que c'est cette partie qui est vraiment importante sur ton site.\n\n\">El objetivo es se\u00f1alar a los motores de b\u00fasqueda que esta parte es realmente importante en su sitio.<\/p>\n<p><\/span><span title=\"On retrouve dans ce th\u00e8me WooCommerce diff\u00e9rentes options qui sont p\u00eale-m\u00eale :\n\n\u00a0\u00a0\u00a0\u00a0\">Encontramos en este tema WooCommerce diferentes opciones que son revoltosas:<\/p>\n<p><\/span><span title=\"Un th\u00e8me WooCommerce Responsive\n\u00a0\u00a0\u00a0\u00a0\">Un tema responsivo de WooCommerce<br \/>\n<\/span><span title=\"Le support de diff\u00e9rents types de billets\n\u00a0\u00a0\u00a0\u00a0\">Soporte para diferentes tipos de billetes<br \/>\n<\/span><span title=\"L'insertion de multiples slideshows\n\u00a0\u00a0\u00a0\u00a0\">Insertar m\u00faltiples presentaciones de diapositivas<br \/>\n<\/span><span title=\"Support des vid\u00e9os en HTML5\n\u00a0\u00a0\u00a0\u00a0\">Soporte de videos en HTML5<br \/>\n<\/span><span title=\"Compatible WooCommerce Multilingue\n\u00a0\u00a0\u00a0\u00a0\">Soporte Multiling\u00fce WooCommerce<br \/>\n<\/span><span title=\"Utilisation de sidebar unique par type de page\n\u00a0\u00a0\u00a0\u00a0\">Usar barra lateral \u00fanica por tipo de p\u00e1gina<br \/>\n<\/span><span title=\"\u00c9diteur de shortcode visuel\n\u00a0\u00a0\u00a0\u00a0\">Editor de shortcode visual<br \/>\n<\/span><span title=\"Widgets personnalis\u00e9s (Twitter, facebook, news, Rss...)\n\n\">Widgets personalizados (Twitter, Facebook, noticias, Rss &#8230;)<\/p>\n<p><\/span><span title=\"On appr\u00e9ciera dans cette liste que ce th\u00e8me WooCommerce soit multilingue est compatible avec le plus c\u00e9l\u00e8bre plugin de traduction WooCommerce.\">Apreciaremos en esta lista que este tema WooCommerce es multiling\u00fce es compatible con el plugin de traducci\u00f3n WooCommerce m\u00e1s famoso. <\/span><span title=\"Par d\u00e9faut, ce th\u00e8me vient traduit en 4 langues diff\u00e9rentes.\n\n\">Por defecto, este tema viene traducido a 4 idiomas diferentes.<\/p>\n<p><\/span><span title=\"Enfin, bien que cela ne concerne pas directement la qualit\u00e9 de ce th\u00e8me, un support de qualit\u00e9 est offert par le concepteur de ce th\u00e8me WooCommerce.\">Finalmente, aunque esto no concierne directamente a la calidad de este tema, el dise\u00f1ador de este tema WooCommerce ofrece soporte de calidad.<\/span><\/span><\/p>\n","protected":false},"excerpt":{"rendered":"<p><span id=\"result_box\" class=\"\" lang=\"es\">La propulsi\u00f3n es un tema que despeg\u00f3 en 2011. Desde entonces, ha corrido mucha agua debajo de los puentes. La propulsi\u00f3n se ha convertido en lo que podr\u00eda llamar el tema h\u00edbrido. H\u00edbrido entre un sitio de exhibici\u00f3n y un sitio de comercio electr\u00f3nico. Si al principio la idea de tener el culo entre dos sillas puede parecer contraproducente, resulta que la propulsi\u00f3n responde a una necesidad muy espec\u00edfica en el mundo del comercio electr\u00f3nico: las empresas que desean comercializar unos pocos productos peque\u00f1os en el sitio de la e compa\u00f1\u00eda. Un caso mucho m\u00e1s com\u00fan de lo que uno pensar\u00eda.<\/span><\/p>\n","protected":false},"featured_media":632,"template":"","meta":{"_monsterinsights_skip_tracking":false,"_monsterinsights_sitenote_active":false,"_monsterinsights_sitenote_note":"","_monsterinsights_sitenote_category":0},"product_cat":[221],"product_tag":[299,302,229,306,265,266,263,295],"class_list":["post-5077","product","type-product","status-publish","has-post-thumbnail","hentry","product_cat-tema-de-woocommerce","product_tag-instalacion-de-woocommerce-un-clic","product_tag-multisite-compatible-woocommerce","product_tag-principiante-woocommerce","product_tag-responsive-woocommerce","product_tag-tema-de-woocommerce-con-blog","product_tag-tema-de-woocommerce-con-constructor","product_tag-temas-personalizables-de-woocommerce","product_tag-woocommerce-y-tienda-de-ropa","pa_dev-woo-plugin-theme-kriesi-es","pa_marketplace-woocommerce-themeforest-net-es"],"yoast_head":"<!-- This site is optimized with the Yoast SEO plugin v23.1 - https:\/\/yoast.com\/wordpress\/plugins\/seo\/ -->\n<title>Propulsi\u00f3n - WooCommerce Business Theme - Responsive &amp; Portfolio<\/title>\n<meta name=\"robots\" content=\"index, follow, max-snippet:-1, max-image-preview:large, max-video-preview:-1\" \/>\n<link rel=\"canonical\" href=\"https:\/\/woo-themes-plugins.com\/es\/producto\/propulsion-woocommerce-business-theme-responsive-theme-portfolio-y-ecommerce\/\" \/>\n<meta property=\"og:locale\" content=\"es_ES\" \/>\n<meta property=\"og:type\" content=\"article\" \/>\n<meta property=\"og:title\" content=\"Propulsi\u00f3n - WooCommerce Business Theme - Responsive &amp; Portfolio\" \/>\n<meta property=\"og:description\" content=\"La propulsi\u00f3n es un tema que despeg\u00f3 en 2011. Desde entonces, ha corrido mucha agua debajo de los puentes. La propulsi\u00f3n se ha convertido en lo que podr\u00eda llamar el tema h\u00edbrido. H\u00edbrido entre un sitio de exhibici\u00f3n y un sitio de comercio electr\u00f3nico. Si al principio la idea de tener el culo entre dos sillas puede parecer contraproducente, resulta que la propulsi\u00f3n responde a una necesidad muy espec\u00edfica en el mundo del comercio electr\u00f3nico: las empresas que desean comercializar unos pocos productos peque\u00f1os en el sitio de la e compa\u00f1\u00eda. Un caso mucho m\u00e1s com\u00fan de lo que uno pensar\u00eda.\" \/>\n<meta property=\"og:url\" content=\"https:\/\/woo-themes-plugins.com\/es\/producto\/propulsion-woocommerce-business-theme-responsive-theme-portfolio-y-ecommerce\/\" \/>\n<meta property=\"og:site_name\" content=\"Woo-themes-plugins.com\" \/>\n<meta property=\"og:image\" content=\"https:\/\/woo-themes-plugins.com\/wp-content\/uploads\/sites\/7\/2018\/03\/woo-themes-plugins-propulsion-theme-woocommerce-busines-theme-responsive-portfolio-ecommerce-blanc.jpg.jpg\" \/>\n\t<meta property=\"og:image:width\" content=\"776\" \/>\n\t<meta property=\"og:image:height\" content=\"900\" \/>\n\t<meta property=\"og:image:type\" content=\"image\/jpeg\" \/>\n<meta name=\"twitter:label1\" content=\"Tiempo de lectura\" \/>\n\t<meta name=\"twitter:data1\" content=\"2 minutos\" \/>\n<script type=\"application\/ld+json\" class=\"yoast-schema-graph\">{\"@context\":\"https:\/\/schema.org\",\"@graph\":[{\"@type\":\"WebPage\",\"@id\":\"https:\/\/woo-themes-plugins.com\/es\/producto\/propulsion-woocommerce-business-theme-responsive-theme-portfolio-y-ecommerce\/\",\"url\":\"https:\/\/woo-themes-plugins.com\/es\/producto\/propulsion-woocommerce-business-theme-responsive-theme-portfolio-y-ecommerce\/\",\"name\":\"Propulsi\u00f3n - WooCommerce Business Theme - Responsive & Portfolio\",\"isPartOf\":{\"@id\":\"https:\/\/woo-themes-plugins.com\/it\/#website\"},\"primaryImageOfPage\":{\"@id\":\"https:\/\/woo-themes-plugins.com\/es\/producto\/propulsion-woocommerce-business-theme-responsive-theme-portfolio-y-ecommerce\/#primaryimage\"},\"image\":{\"@id\":\"https:\/\/woo-themes-plugins.com\/es\/producto\/propulsion-woocommerce-business-theme-responsive-theme-portfolio-y-ecommerce\/#primaryimage\"},\"thumbnailUrl\":\"https:\/\/woo-themes-plugins.com\/wp-content\/uploads\/sites\/7\/2018\/03\/woo-themes-plugins-propulsion-theme-woocommerce-busines-theme-responsive-portfolio-ecommerce-blanc.jpg.jpg\",\"datePublished\":\"2018-03-27T08:42:15+00:00\",\"dateModified\":\"2018-03-27T08:42:15+00:00\",\"breadcrumb\":{\"@id\":\"https:\/\/woo-themes-plugins.com\/es\/producto\/propulsion-woocommerce-business-theme-responsive-theme-portfolio-y-ecommerce\/#breadcrumb\"},\"inLanguage\":\"es\",\"potentialAction\":[{\"@type\":\"ReadAction\",\"target\":[\"https:\/\/woo-themes-plugins.com\/es\/producto\/propulsion-woocommerce-business-theme-responsive-theme-portfolio-y-ecommerce\/\"]}]},{\"@type\":\"ImageObject\",\"inLanguage\":\"es\",\"@id\":\"https:\/\/woo-themes-plugins.com\/es\/producto\/propulsion-woocommerce-business-theme-responsive-theme-portfolio-y-ecommerce\/#primaryimage\",\"url\":\"https:\/\/woo-themes-plugins.com\/wp-content\/uploads\/sites\/7\/2018\/03\/woo-themes-plugins-propulsion-theme-woocommerce-busines-theme-responsive-portfolio-ecommerce-blanc.jpg.jpg\",\"contentUrl\":\"https:\/\/woo-themes-plugins.com\/wp-content\/uploads\/sites\/7\/2018\/03\/woo-themes-plugins-propulsion-theme-woocommerce-busines-theme-responsive-portfolio-ecommerce-blanc.jpg.jpg\",\"width\":776,\"height\":900},{\"@type\":\"BreadcrumbList\",\"@id\":\"https:\/\/woo-themes-plugins.com\/es\/producto\/propulsion-woocommerce-business-theme-responsive-theme-portfolio-y-ecommerce\/#breadcrumb\",\"itemListElement\":[{\"@type\":\"ListItem\",\"position\":1,\"name\":\"Accueil\",\"item\":\"https:\/\/woo-themes-plugins.com\/fr\/\"},{\"@type\":\"ListItem\",\"position\":2,\"name\":\"Shop\",\"item\":\"https:\/\/woo-themes-plugins.com\/shop\/\"},{\"@type\":\"ListItem\",\"position\":3,\"name\":\"Propulsion &#8211; WooCommerce Business Theme &#8211; Responsive Theme, Portfolio y eCommerce\"}]},{\"@type\":\"WebSite\",\"@id\":\"https:\/\/woo-themes-plugins.com\/it\/#website\",\"url\":\"https:\/\/woo-themes-plugins.com\/it\/\",\"name\":\"Woo-themes-plugins.com\",\"description\":\"Tous les th\u00e8mes et plugins WooCommerce Premium\",\"potentialAction\":[{\"@type\":\"SearchAction\",\"target\":{\"@type\":\"EntryPoint\",\"urlTemplate\":\"https:\/\/woo-themes-plugins.com\/it\/?s={search_term_string}\"},\"query-input\":\"required name=search_term_string\"}],\"inLanguage\":\"es\"}]}<\/script>\n<!-- \/ Yoast SEO plugin. -->","yoast_head_json":{"title":"Propulsi\u00f3n - WooCommerce Business Theme - Responsive & Portfolio","robots":{"index":"index","follow":"follow","max-snippet":"max-snippet:-1","max-image-preview":"max-image-preview:large","max-video-preview":"max-video-preview:-1"},"canonical":"https:\/\/woo-themes-plugins.com\/es\/producto\/propulsion-woocommerce-business-theme-responsive-theme-portfolio-y-ecommerce\/","og_locale":"es_ES","og_type":"article","og_title":"Propulsi\u00f3n - WooCommerce Business Theme - Responsive & Portfolio","og_description":"La propulsi\u00f3n es un tema que despeg\u00f3 en 2011. Desde entonces, ha corrido mucha agua debajo de los puentes. La propulsi\u00f3n se ha convertido en lo que podr\u00eda llamar el tema h\u00edbrido. H\u00edbrido entre un sitio de exhibici\u00f3n y un sitio de comercio electr\u00f3nico. Si al principio la idea de tener el culo entre dos sillas puede parecer contraproducente, resulta que la propulsi\u00f3n responde a una necesidad muy espec\u00edfica en el mundo del comercio electr\u00f3nico: las empresas que desean comercializar unos pocos productos peque\u00f1os en el sitio de la e compa\u00f1\u00eda. Un caso mucho m\u00e1s com\u00fan de lo que uno pensar\u00eda.","og_url":"https:\/\/woo-themes-plugins.com\/es\/producto\/propulsion-woocommerce-business-theme-responsive-theme-portfolio-y-ecommerce\/","og_site_name":"Woo-themes-plugins.com","og_image":[{"width":776,"height":900,"url":"https:\/\/woo-themes-plugins.com\/wp-content\/uploads\/sites\/7\/2018\/03\/woo-themes-plugins-propulsion-theme-woocommerce-busines-theme-responsive-portfolio-ecommerce-blanc.jpg.jpg","type":"image\/jpeg"}],"twitter_misc":{"Tiempo de lectura":"2 minutos"},"schema":{"@context":"https:\/\/schema.org","@graph":[{"@type":"WebPage","@id":"https:\/\/woo-themes-plugins.com\/es\/producto\/propulsion-woocommerce-business-theme-responsive-theme-portfolio-y-ecommerce\/","url":"https:\/\/woo-themes-plugins.com\/es\/producto\/propulsion-woocommerce-business-theme-responsive-theme-portfolio-y-ecommerce\/","name":"Propulsi\u00f3n - WooCommerce Business Theme - Responsive & Portfolio","isPartOf":{"@id":"https:\/\/woo-themes-plugins.com\/it\/#website"},"primaryImageOfPage":{"@id":"https:\/\/woo-themes-plugins.com\/es\/producto\/propulsion-woocommerce-business-theme-responsive-theme-portfolio-y-ecommerce\/#primaryimage"},"image":{"@id":"https:\/\/woo-themes-plugins.com\/es\/producto\/propulsion-woocommerce-business-theme-responsive-theme-portfolio-y-ecommerce\/#primaryimage"},"thumbnailUrl":"https:\/\/woo-themes-plugins.com\/wp-content\/uploads\/sites\/7\/2018\/03\/woo-themes-plugins-propulsion-theme-woocommerce-busines-theme-responsive-portfolio-ecommerce-blanc.jpg.jpg","datePublished":"2018-03-27T08:42:15+00:00","dateModified":"2018-03-27T08:42:15+00:00","breadcrumb":{"@id":"https:\/\/woo-themes-plugins.com\/es\/producto\/propulsion-woocommerce-business-theme-responsive-theme-portfolio-y-ecommerce\/#breadcrumb"},"inLanguage":"es","potentialAction":[{"@type":"ReadAction","target":["https:\/\/woo-themes-plugins.com\/es\/producto\/propulsion-woocommerce-business-theme-responsive-theme-portfolio-y-ecommerce\/"]}]},{"@type":"ImageObject","inLanguage":"es","@id":"https:\/\/woo-themes-plugins.com\/es\/producto\/propulsion-woocommerce-business-theme-responsive-theme-portfolio-y-ecommerce\/#primaryimage","url":"https:\/\/woo-themes-plugins.com\/wp-content\/uploads\/sites\/7\/2018\/03\/woo-themes-plugins-propulsion-theme-woocommerce-busines-theme-responsive-portfolio-ecommerce-blanc.jpg.jpg","contentUrl":"https:\/\/woo-themes-plugins.com\/wp-content\/uploads\/sites\/7\/2018\/03\/woo-themes-plugins-propulsion-theme-woocommerce-busines-theme-responsive-portfolio-ecommerce-blanc.jpg.jpg","width":776,"height":900},{"@type":"BreadcrumbList","@id":"https:\/\/woo-themes-plugins.com\/es\/producto\/propulsion-woocommerce-business-theme-responsive-theme-portfolio-y-ecommerce\/#breadcrumb","itemListElement":[{"@type":"ListItem","position":1,"name":"Accueil","item":"https:\/\/woo-themes-plugins.com\/fr\/"},{"@type":"ListItem","position":2,"name":"Shop","item":"https:\/\/woo-themes-plugins.com\/shop\/"},{"@type":"ListItem","position":3,"name":"Propulsion &#8211; WooCommerce Business Theme &#8211; Responsive Theme, Portfolio y eCommerce"}]},{"@type":"WebSite","@id":"https:\/\/woo-themes-plugins.com\/it\/#website","url":"https:\/\/woo-themes-plugins.com\/it\/","name":"Woo-themes-plugins.com","description":"Tous les th\u00e8mes et plugins WooCommerce Premium","potentialAction":[{"@type":"SearchAction","target":{"@type":"EntryPoint","urlTemplate":"https:\/\/woo-themes-plugins.com\/it\/?s={search_term_string}"},"query-input":"required name=search_term_string"}],"inLanguage":"es"}]}},"_links":{"self":[{"href":"https:\/\/woo-themes-plugins.com\/es\/wp-json\/wp\/v2\/product\/5077","targetHints":{"allow":["GET"]}}],"collection":[{"href":"https:\/\/woo-themes-plugins.com\/es\/wp-json\/wp\/v2\/product"}],"about":[{"href":"https:\/\/woo-themes-plugins.com\/es\/wp-json\/wp\/v2\/types\/product"}],"wp:featuredmedia":[{"embeddable":true,"href":"https:\/\/woo-themes-plugins.com\/es\/wp-json\/wp\/v2\/media\/632"}],"wp:attachment":[{"href":"https:\/\/woo-themes-plugins.com\/es\/wp-json\/wp\/v2\/media?parent=5077"}],"wp:term":[{"taxonomy":"product_cat","embeddable":true,"href":"https:\/\/woo-themes-plugins.com\/es\/wp-json\/wp\/v2\/product_cat?post=5077"},{"taxonomy":"product_tag","embeddable":true,"href":"https:\/\/woo-themes-plugins.com\/es\/wp-json\/wp\/v2\/product_tag?post=5077"}],"curies":[{"name":"wp","href":"https:\/\/api.w.org\/{rel}","templated":true}]}}