{"id":5078,"date":"2018-03-27T09:37:03","date_gmt":"2018-03-27T08:37:03","guid":{"rendered":"https:\/\/woo-themes-plugins.com\/product\/kingdom-amazon-affiliate-woocommerce-theme-tema-compatible-con-woozone\/"},"modified":"2018-03-27T09:37:03","modified_gmt":"2018-03-27T08:37:03","slug":"kingdom-amazon-affiliate-woocommerce-theme-tema-compatible-con-woozone","status":"publish","type":"product","link":"https:\/\/woo-themes-plugins.com\/es\/product\/kingdom-amazon-affiliate-woocommerce-theme-tema-compatible-con-woozone\/","title":{"rendered":"Kingdom &#8211; Amazon Affiliate WooCommerce Theme &#8211; Tema compatible con WooZone"},"content":{"rendered":"<p><span id=\"result_box\" class=\"\" lang=\"es\"><span title=\"Kingdom est donc un th\u00e8me WooCommerce diff\u00e9rent car il va te permettre de mettre en place un boutique WooCommerce fonctionnant sur le principe de l'affiliation avec Amazon.\">Por lo tanto, Kingdom es un tema diferente de WooCommerce porque le permitir\u00e1 configurar una tienda WooCommerce que trabaje seg\u00fan el principio de afiliarse a Amazon. <\/span><span title=\"Mais que cela signifie-t-il au juste d'\u00eatre un th\u00e8me WooCommerce pens\u00e9 pour l'affiliation WooCommerce ?\">Pero, \u00bfqu\u00e9 significa realmente ser un tema de WooCommerce pensado para el Afiliado de WooCommerce? <\/span><span title=\"C'est la possibilit\u00e9 d'ajouter des fonctionnalit\u00e9s incroyables sur son site comme le fait de surfer gr\u00e2ce aux diff\u00e9rentes marques mises en avant sur ton site, ou encore de faire remonter l'historique de surf du client sur Amazon.\">Es la capacidad de agregar funciones incre\u00edbles en su sitio, como navegar a trav\u00e9s de diferentes marcas que aparecen en su sitio, o rastrear el historial de navegaci\u00f3n del cliente en Amazon. <\/span><span title=\"Et c'est loin d'\u00eatre tout car en plus vos internautes auront acc\u00e8s \u00e0 un filtre cr\u00e9\u00e9 automatiquement ou encore aux produits compl\u00e9mentaires directement ins\u00e9r\u00e9 dans votre site.\">Y est\u00e1 lejos de todo, porque adem\u00e1s sus usuarios tendr\u00e1n acceso a un filtro creado autom\u00e1ticamente o productos adicionales insertados directamente en su sitio. <\/span><span title=\"La remont\u00e9e des r\u00e9ductions et des prix est automatique.\n\n\">El aumento de descuentos y precios es autom\u00e1tico.<\/p>\n<p><\/span><span title=\"Afin de pousser l'exp\u00e9rience encore plus loin, ce th\u00e8me WooCommerce int\u00e8gre deux plugins premium que sont Premium SEO Pack et Convert Plus;\">Con el fin de impulsar la experiencia a\u00fan m\u00e1s, este tema de WooCommerce incorpora dos complementos premium que son Premium SEO Pack y Convert Plus; <\/span><span title=\"deux plugins pens\u00e9s pour accro\u00eetre les ventes sur ton site de eCommerce.\">dos complementos pensados \u200b\u200bpara aumentar las ventas en su sitio de comercio electr\u00f3nico. <\/span><span title=\"D'autres plugins premium sont de la partie comme Visual Composer bien entendu !\n\n\">\u00a1Otros complementos premium est\u00e1n en el juego como Visual Composer, por supuesto!<\/p>\n<p><\/span><span title=\"Pleinement compatible avec les derni\u00e8res technologies web, ce th\u00e8me WooCommerce se sentira pouss\u00e9e des ailes si ton h\u00e9bergement WooCommerce utilise du PHP 7 !\n\n\">Totalmente compatible con las \u00faltimas tecnolog\u00edas web, este tema de WooCommerce se sentir\u00e1 reforzado si tu hosting WooCommerce usa PHP 7.<\/p>\n<p><\/span><span title=\"En constante \u00e9volution, ce th\u00e8me WooCommerce offre encore beaucoup de fonctionnalit\u00e9s qu'il te restera \u00e0 d\u00e9couvrir comme une mise en page avanc\u00e9e pour le blog, l'int\u00e9gration des shortcodes de visual composer, l'affichage d'une liste de shopping alternative, la\">En constante evoluci\u00f3n, este tema de WooCommerce todav\u00eda ofrece muchas caracter\u00edsticas que deber\u00e1 descubrir como un dise\u00f1o avanzado para el blog, la integraci\u00f3n del compositor visual de c\u00f3digos cortos, la visualizaci\u00f3n de una lista de compras alternativa, el <\/span><span title=\"compatibilit\u00e9 avec WooCommerce Multilingue et le tout dans un \u00e9crin responsive, cela va de soit.\">Compatibilidad con WooCommerce Multilingual y todo en una caja receptiva, es evidente.<\/span><\/span><\/p>\n","protected":false},"excerpt":{"rendered":"<p><span id=\"result_box\" class=\"\" lang=\"es\">Si est\u00e1 afiliado a Amazon y est\u00e1 buscando un tema que sea realmente un tema para afiliado de WooCommerce con Amazon, entonces finalmente puede relajarse, acaba de encontrar el tema de sus sue\u00f1os. Kingdom es m\u00e1s que solo un tema, es el sue\u00f1o de todos los afiliados de Amazon. Este tema de WooCommerce sobrecarga el comportamiento predeterminado al ser compatible con el famoso plugin WooZone. Tenga cuidado, con este tema, tiene una bomba real en sus manos;)<\/span><\/p>\n","protected":false},"featured_media":711,"template":"","meta":{"_monsterinsights_skip_tracking":false,"_monsterinsights_sitenote_active":false,"_monsterinsights_sitenote_note":"","_monsterinsights_sitenote_category":0},"product_cat":[221],"product_tag":[300,299,224,229,306,265,266,263,284,298,307,283,288,287,293,292,295],"class_list":["post-5078","product","type-product","status-publish","has-post-thumbnail","hentry","product_cat-tema-de-woocommerce","product_tag-control-deslizante-woocommerce-y-revolution","product_tag-instalacion-de-woocommerce-un-clic","product_tag-paquete-de-complementos-premium","product_tag-principiante-woocommerce","product_tag-responsive-woocommerce","product_tag-tema-de-woocommerce-con-blog","product_tag-tema-de-woocommerce-con-constructor","product_tag-temas-personalizables-de-woocommerce","product_tag-woocommerce-amazon-es","product_tag-woocommerce-belleza","product_tag-woocommerce-retina-ready-es","product_tag-woocommerce-y-afiliacion","product_tag-woocommerce-y-bootstrap","product_tag-woocommerce-y-joyeria","product_tag-woocommerce-y-la-tienda-de-moda","product_tag-woocommerce-y-lujo-alto-de-la-gama","product_tag-woocommerce-y-tienda-de-ropa","pa_dev-woo-plugin-theme-aa-team-es","pa_marketplace-woocommerce-themeforest-net-es"],"yoast_head":"<!-- This site is optimized with the Yoast SEO plugin v23.1 - https:\/\/yoast.com\/wordpress\/plugins\/seo\/ -->\n<title>Kingdom - Amazon Affiliate WooCommerce Theme - WooZone<\/title>\n<meta name=\"description\" content=\"\u00bfQu\u00e9 tema de WooCommerce usar al hacer una afiliaci\u00f3n con Amazon? Reino por supuesto! \u00bfPor qu\u00e9 elegir este tema de WooCommerce para hacer Amazon Affiliate? Porque detr\u00e1s de esta plantilla de Amazon WooCommerce se encuentran los dise\u00f1adores del plugin WooZone, n\u00famero 1 de Amazon en WooCommerce.\" \/>\n<meta name=\"robots\" content=\"index, follow, max-snippet:-1, max-image-preview:large, max-video-preview:-1\" \/>\n<link rel=\"canonical\" href=\"https:\/\/woo-themes-plugins.com\/es\/producto\/kingdom-amazon-affiliate-woocommerce-theme-tema-compatible-con-woozone\/\" \/>\n<meta property=\"og:locale\" content=\"es_ES\" \/>\n<meta property=\"og:type\" content=\"article\" \/>\n<meta property=\"og:title\" content=\"Kingdom - Amazon Affiliate WooCommerce Theme - WooZone\" \/>\n<meta property=\"og:description\" content=\"\u00bfQu\u00e9 tema de WooCommerce usar al hacer una afiliaci\u00f3n con Amazon? Reino por supuesto! \u00bfPor qu\u00e9 elegir este tema de WooCommerce para hacer Amazon Affiliate? Porque detr\u00e1s de esta plantilla de Amazon WooCommerce se encuentran los dise\u00f1adores del plugin WooZone, n\u00famero 1 de Amazon en WooCommerce.\" \/>\n<meta property=\"og:url\" content=\"https:\/\/woo-themes-plugins.com\/es\/producto\/kingdom-amazon-affiliate-woocommerce-theme-tema-compatible-con-woozone\/\" \/>\n<meta property=\"og:site_name\" content=\"Woo-themes-plugins.com\" \/>\n<meta property=\"og:image\" content=\"https:\/\/woo-themes-plugins.com\/wp-content\/uploads\/sites\/7\/2018\/03\/woo-themes-plugins-kingdom-theme-woocommerce-affiliation-amazon-theme-compatible-woozone-default.jpg\" \/>\n\t<meta property=\"og:image:width\" content=\"757\" \/>\n\t<meta property=\"og:image:height\" content=\"900\" \/>\n\t<meta property=\"og:image:type\" content=\"image\/jpeg\" \/>\n<meta name=\"twitter:label1\" content=\"Tiempo de lectura\" \/>\n\t<meta name=\"twitter:data1\" content=\"1 minuto\" \/>\n<script type=\"application\/ld+json\" class=\"yoast-schema-graph\">{\"@context\":\"https:\/\/schema.org\",\"@graph\":[{\"@type\":\"WebPage\",\"@id\":\"https:\/\/woo-themes-plugins.com\/es\/producto\/kingdom-amazon-affiliate-woocommerce-theme-tema-compatible-con-woozone\/\",\"url\":\"https:\/\/woo-themes-plugins.com\/es\/producto\/kingdom-amazon-affiliate-woocommerce-theme-tema-compatible-con-woozone\/\",\"name\":\"Kingdom - Amazon Affiliate WooCommerce Theme - WooZone\",\"isPartOf\":{\"@id\":\"https:\/\/woo-themes-plugins.com\/it\/#website\"},\"primaryImageOfPage\":{\"@id\":\"https:\/\/woo-themes-plugins.com\/es\/producto\/kingdom-amazon-affiliate-woocommerce-theme-tema-compatible-con-woozone\/#primaryimage\"},\"image\":{\"@id\":\"https:\/\/woo-themes-plugins.com\/es\/producto\/kingdom-amazon-affiliate-woocommerce-theme-tema-compatible-con-woozone\/#primaryimage\"},\"thumbnailUrl\":\"https:\/\/woo-themes-plugins.com\/wp-content\/uploads\/sites\/7\/2018\/03\/woo-themes-plugins-kingdom-theme-woocommerce-affiliation-amazon-theme-compatible-woozone-default.jpg\",\"datePublished\":\"2018-03-27T08:37:03+00:00\",\"dateModified\":\"2018-03-27T08:37:03+00:00\",\"description\":\"\u00bfQu\u00e9 tema de WooCommerce usar al hacer una afiliaci\u00f3n con Amazon? Reino por supuesto! \u00bfPor qu\u00e9 elegir este tema de WooCommerce para hacer Amazon Affiliate? Porque detr\u00e1s de esta plantilla de Amazon WooCommerce se encuentran los dise\u00f1adores del plugin WooZone, n\u00famero 1 de Amazon en WooCommerce.\",\"breadcrumb\":{\"@id\":\"https:\/\/woo-themes-plugins.com\/es\/producto\/kingdom-amazon-affiliate-woocommerce-theme-tema-compatible-con-woozone\/#breadcrumb\"},\"inLanguage\":\"es\",\"potentialAction\":[{\"@type\":\"ReadAction\",\"target\":[\"https:\/\/woo-themes-plugins.com\/es\/producto\/kingdom-amazon-affiliate-woocommerce-theme-tema-compatible-con-woozone\/\"]}]},{\"@type\":\"ImageObject\",\"inLanguage\":\"es\",\"@id\":\"https:\/\/woo-themes-plugins.com\/es\/producto\/kingdom-amazon-affiliate-woocommerce-theme-tema-compatible-con-woozone\/#primaryimage\",\"url\":\"https:\/\/woo-themes-plugins.com\/wp-content\/uploads\/sites\/7\/2018\/03\/woo-themes-plugins-kingdom-theme-woocommerce-affiliation-amazon-theme-compatible-woozone-default.jpg\",\"contentUrl\":\"https:\/\/woo-themes-plugins.com\/wp-content\/uploads\/sites\/7\/2018\/03\/woo-themes-plugins-kingdom-theme-woocommerce-affiliation-amazon-theme-compatible-woozone-default.jpg\",\"width\":757,\"height\":900},{\"@type\":\"BreadcrumbList\",\"@id\":\"https:\/\/woo-themes-plugins.com\/es\/producto\/kingdom-amazon-affiliate-woocommerce-theme-tema-compatible-con-woozone\/#breadcrumb\",\"itemListElement\":[{\"@type\":\"ListItem\",\"position\":1,\"name\":\"Accueil\",\"item\":\"https:\/\/woo-themes-plugins.com\/fr\/\"},{\"@type\":\"ListItem\",\"position\":2,\"name\":\"Shop\",\"item\":\"https:\/\/woo-themes-plugins.com\/shop\/\"},{\"@type\":\"ListItem\",\"position\":3,\"name\":\"Kingdom &#8211; Amazon Affiliate WooCommerce Theme &#8211; Tema compatible con WooZone\"}]},{\"@type\":\"WebSite\",\"@id\":\"https:\/\/woo-themes-plugins.com\/it\/#website\",\"url\":\"https:\/\/woo-themes-plugins.com\/it\/\",\"name\":\"Woo-themes-plugins.com\",\"description\":\"Tous les th\u00e8mes et plugins WooCommerce Premium\",\"potentialAction\":[{\"@type\":\"SearchAction\",\"target\":{\"@type\":\"EntryPoint\",\"urlTemplate\":\"https:\/\/woo-themes-plugins.com\/it\/?s={search_term_string}\"},\"query-input\":\"required name=search_term_string\"}],\"inLanguage\":\"es\"}]}<\/script>\n<!-- \/ Yoast SEO plugin. -->","yoast_head_json":{"title":"Kingdom - Amazon Affiliate WooCommerce Theme - WooZone","description":"\u00bfQu\u00e9 tema de WooCommerce usar al hacer una afiliaci\u00f3n con Amazon? Reino por supuesto! \u00bfPor qu\u00e9 elegir este tema de WooCommerce para hacer Amazon Affiliate? Porque detr\u00e1s de esta plantilla de Amazon WooCommerce se encuentran los dise\u00f1adores del plugin WooZone, n\u00famero 1 de Amazon en WooCommerce.","robots":{"index":"index","follow":"follow","max-snippet":"max-snippet:-1","max-image-preview":"max-image-preview:large","max-video-preview":"max-video-preview:-1"},"canonical":"https:\/\/woo-themes-plugins.com\/es\/producto\/kingdom-amazon-affiliate-woocommerce-theme-tema-compatible-con-woozone\/","og_locale":"es_ES","og_type":"article","og_title":"Kingdom - Amazon Affiliate WooCommerce Theme - WooZone","og_description":"\u00bfQu\u00e9 tema de WooCommerce usar al hacer una afiliaci\u00f3n con Amazon? Reino por supuesto! \u00bfPor qu\u00e9 elegir este tema de WooCommerce para hacer Amazon Affiliate? Porque detr\u00e1s de esta plantilla de Amazon WooCommerce se encuentran los dise\u00f1adores del plugin WooZone, n\u00famero 1 de Amazon en WooCommerce.","og_url":"https:\/\/woo-themes-plugins.com\/es\/producto\/kingdom-amazon-affiliate-woocommerce-theme-tema-compatible-con-woozone\/","og_site_name":"Woo-themes-plugins.com","og_image":[{"width":757,"height":900,"url":"https:\/\/woo-themes-plugins.com\/wp-content\/uploads\/sites\/7\/2018\/03\/woo-themes-plugins-kingdom-theme-woocommerce-affiliation-amazon-theme-compatible-woozone-default.jpg","type":"image\/jpeg"}],"twitter_misc":{"Tiempo de lectura":"1 minuto"},"schema":{"@context":"https:\/\/schema.org","@graph":[{"@type":"WebPage","@id":"https:\/\/woo-themes-plugins.com\/es\/producto\/kingdom-amazon-affiliate-woocommerce-theme-tema-compatible-con-woozone\/","url":"https:\/\/woo-themes-plugins.com\/es\/producto\/kingdom-amazon-affiliate-woocommerce-theme-tema-compatible-con-woozone\/","name":"Kingdom - Amazon Affiliate WooCommerce Theme - WooZone","isPartOf":{"@id":"https:\/\/woo-themes-plugins.com\/it\/#website"},"primaryImageOfPage":{"@id":"https:\/\/woo-themes-plugins.com\/es\/producto\/kingdom-amazon-affiliate-woocommerce-theme-tema-compatible-con-woozone\/#primaryimage"},"image":{"@id":"https:\/\/woo-themes-plugins.com\/es\/producto\/kingdom-amazon-affiliate-woocommerce-theme-tema-compatible-con-woozone\/#primaryimage"},"thumbnailUrl":"https:\/\/woo-themes-plugins.com\/wp-content\/uploads\/sites\/7\/2018\/03\/woo-themes-plugins-kingdom-theme-woocommerce-affiliation-amazon-theme-compatible-woozone-default.jpg","datePublished":"2018-03-27T08:37:03+00:00","dateModified":"2018-03-27T08:37:03+00:00","description":"\u00bfQu\u00e9 tema de WooCommerce usar al hacer una afiliaci\u00f3n con Amazon? Reino por supuesto! \u00bfPor qu\u00e9 elegir este tema de WooCommerce para hacer Amazon Affiliate? Porque detr\u00e1s de esta plantilla de Amazon WooCommerce se encuentran los dise\u00f1adores del plugin WooZone, n\u00famero 1 de Amazon en WooCommerce.","breadcrumb":{"@id":"https:\/\/woo-themes-plugins.com\/es\/producto\/kingdom-amazon-affiliate-woocommerce-theme-tema-compatible-con-woozone\/#breadcrumb"},"inLanguage":"es","potentialAction":[{"@type":"ReadAction","target":["https:\/\/woo-themes-plugins.com\/es\/producto\/kingdom-amazon-affiliate-woocommerce-theme-tema-compatible-con-woozone\/"]}]},{"@type":"ImageObject","inLanguage":"es","@id":"https:\/\/woo-themes-plugins.com\/es\/producto\/kingdom-amazon-affiliate-woocommerce-theme-tema-compatible-con-woozone\/#primaryimage","url":"https:\/\/woo-themes-plugins.com\/wp-content\/uploads\/sites\/7\/2018\/03\/woo-themes-plugins-kingdom-theme-woocommerce-affiliation-amazon-theme-compatible-woozone-default.jpg","contentUrl":"https:\/\/woo-themes-plugins.com\/wp-content\/uploads\/sites\/7\/2018\/03\/woo-themes-plugins-kingdom-theme-woocommerce-affiliation-amazon-theme-compatible-woozone-default.jpg","width":757,"height":900},{"@type":"BreadcrumbList","@id":"https:\/\/woo-themes-plugins.com\/es\/producto\/kingdom-amazon-affiliate-woocommerce-theme-tema-compatible-con-woozone\/#breadcrumb","itemListElement":[{"@type":"ListItem","position":1,"name":"Accueil","item":"https:\/\/woo-themes-plugins.com\/fr\/"},{"@type":"ListItem","position":2,"name":"Shop","item":"https:\/\/woo-themes-plugins.com\/shop\/"},{"@type":"ListItem","position":3,"name":"Kingdom &#8211; Amazon Affiliate WooCommerce Theme &#8211; Tema compatible con WooZone"}]},{"@type":"WebSite","@id":"https:\/\/woo-themes-plugins.com\/it\/#website","url":"https:\/\/woo-themes-plugins.com\/it\/","name":"Woo-themes-plugins.com","description":"Tous les th\u00e8mes et plugins WooCommerce Premium","potentialAction":[{"@type":"SearchAction","target":{"@type":"EntryPoint","urlTemplate":"https:\/\/woo-themes-plugins.com\/it\/?s={search_term_string}"},"query-input":"required name=search_term_string"}],"inLanguage":"es"}]}},"_links":{"self":[{"href":"https:\/\/woo-themes-plugins.com\/es\/wp-json\/wp\/v2\/product\/5078","targetHints":{"allow":["GET"]}}],"collection":[{"href":"https:\/\/woo-themes-plugins.com\/es\/wp-json\/wp\/v2\/product"}],"about":[{"href":"https:\/\/woo-themes-plugins.com\/es\/wp-json\/wp\/v2\/types\/product"}],"wp:featuredmedia":[{"embeddable":true,"href":"https:\/\/woo-themes-plugins.com\/es\/wp-json\/wp\/v2\/media\/711"}],"wp:attachment":[{"href":"https:\/\/woo-themes-plugins.com\/es\/wp-json\/wp\/v2\/media?parent=5078"}],"wp:term":[{"taxonomy":"product_cat","embeddable":true,"href":"https:\/\/woo-themes-plugins.com\/es\/wp-json\/wp\/v2\/product_cat?post=5078"},{"taxonomy":"product_tag","embeddable":true,"href":"https:\/\/woo-themes-plugins.com\/es\/wp-json\/wp\/v2\/product_tag?post=5078"}],"curies":[{"name":"wp","href":"https:\/\/api.w.org\/{rel}","templated":true}]}}