{"id":5079,"date":"2018-03-27T09:31:25","date_gmt":"2018-03-27T08:31:25","guid":{"rendered":"https:\/\/woo-themes-plugins.com\/product\/oxygen-pure-player-woocommerce-theme-tema-minimalista-y-lujoso\/"},"modified":"2018-03-27T09:31:25","modified_gmt":"2018-03-27T08:31:25","slug":"oxygen-pure-player-woocommerce-theme-tema-minimalista-y-lujoso","status":"publish","type":"product","link":"https:\/\/woo-themes-plugins.com\/es\/product\/oxygen-pure-player-woocommerce-theme-tema-minimalista-y-lujoso\/","title":{"rendered":"Oxygen &#8211; Pure Player WooCommerce Theme &#8211; Tema minimalista y lujoso"},"content":{"rendered":"<p><span id=\"result_box\" class=\"\" lang=\"es\"><span title=\"Oxygen est un th\u00e8me WooCommerce avant tout d\u00e9velopp\u00e9 pour r\u00e9pondre aux besoins des boutiques en ligne.\">Oxygen es un tema de WooCommerce desarrollado principalmente para satisfacer las necesidades de las tiendas en l\u00ednea. <\/span><span title=\"Ce th\u00e8me offre une grande vari\u00e9t\u00e9 d'options de personnalisation que ce soit dans sa mise en page que dans son apparence.\">Este tema ofrece una amplia variedad de opciones de personalizaci\u00f3n, tanto en dise\u00f1o como en apariencia. <\/span><span title=\"L'ensemble est param\u00e9trable \u00e0 partir d'une interface d'administration pens\u00e9e pour permettre aux d\u00e9butants de prendre en main simplement ce th\u00e8me.\n\n\">El conjunto se puede configurar desde una interfaz de administraci\u00f3n dise\u00f1ada para permitir a los principiantes tomar en sus manos solo este tema.<\/p>\n<p><\/span><span title=\"Il est possible de choisir parmi 4 types d'ent\u00eates diff\u00e9rentes, de changer la typographie sur l'ensemble du site, s\u00e9parer clairement la partie eCommerce de la partie blog de ton site WooCommerce, mais aussi de cr\u00e9er des mises en pages uniques gr\u00e2ce \u00e0 l\">Puede elegir entre 4 tipos diferentes de encabezados, cambiar la tipograf\u00eda en todo el sitio, separar claramente la parte de comercio electr\u00f3nico de la secci\u00f3n de blog de su sitio WooCommerce, pero tambi\u00e9n crear dise\u00f1os \u00fanicos gracias a la <\/span><span title=\"'utilisation de Visual Composer qui est donc propos\u00e9 gratuitement avec ce th\u00e8me WooCommerce.\">uso de Visual Composer que, por lo tanto, se ofrece de forma gratuita con este tema de WooCommerce. <\/span><span title=\"Un bon point lorsqu'on sait que Visual Composer s'est impos\u00e9 comme solution de personnalisation de mise en page de WordPress en cliqu\u00e9 d\u00e9pos\u00e9.\">Un buen punto cuando sabe que Visual Composer se ha impuesto como una soluci\u00f3n de personalizaci\u00f3n de dise\u00f1o de WordPress con un clic. <\/span><span title=\"Le deuxi\u00e8me plugin premium qui accompagne gratuitement ce th\u00e8me est bien entendu Slider Revolution.\n\n\">El segundo complemento premium que acompa\u00f1a este tema de forma gratuita es, por supuesto, Slider Revolution.<\/p>\n<p><\/span><span title=\"Oxygen offre en plus une palette de fonctionnalit\u00e9s \u00e0 prendre en compte pour bien choisir son th\u00e8me WooCommerce :\n\n\u00a0\u00a0\u00a0\u00a0\">Oxygen tambi\u00e9n ofrece una gama de caracter\u00edsticas a tener en cuenta para elegir el tema de WooCommerce:<\/p>\n<p><\/span><span title=\"100% compatible avec WooCommerce Multilingue\n\u00a0\u00a0\u00a0\u00a0\">100% compatible con WooCommerce Anuncios Clasificados en l\u00ednea<br \/>\n<\/span><span title=\"Responsive et Retina Ready\n\u00a0\u00a0\u00a0\u00a0\">Sensible y Retina lista<br \/>\n<\/span><span title=\"Menu \u00e0 la verticale ou \u00e0 l'horizontale\n\u00a0\u00a0\u00a0\u00a0\">Men\u00fa vertical u horizontalmente<br \/>\n<\/span><span title=\"Quick View\n\u00a0\u00a0\u00a0\u00a0\">Vista r\u00e1pida<br \/>\n<\/span><span title=\"Wishlist\n\u00a0\u00a0\u00a0\u00a0\">Lista<br \/>\n<\/span><span title=\"Module LookBook\n\u00a0\u00a0\u00a0\u00a0\">M\u00f3dulo LookBook<br \/>\n<\/span><span title=\"Optimis\u00e9 pour les interfaces mobiles\n\u00a0\u00a0\u00a0\u00a0\">Optimizado para interfaces m\u00f3viles<br \/>\n<\/span><span title=\"Page de contact sympa\n\u00a0\u00a0\u00a0\u00a0\">P\u00e1gina de contacto amigable<br \/>\n<\/span><span title=\"Utilisation de bootstrap et de LESS\n\n\">Usando bootstrap y LESS<\/p>\n<p><\/span><span title=\"On pourra appr\u00e9cier tout particuli\u00e8rement les deux fonctions types du eCommerce qui manque tout de m\u00eame un peu par d\u00e9faut \u00e0 WooCommerce : le quick view et la whishlist !\">Podemos apreciar particularmente las dos funciones t\u00edpicas de eCommerce, que todav\u00eda tiene una peque\u00f1a falta por defecto en WooCommerce: \u00a1vista r\u00e1pida y lista de deseos! <\/span><span title=\"Gr\u00e2ce \u00e0 ce th\u00e8me WooCommerce, aucun besoin de rechercher ces fonctionnalit\u00e9s ailleurs.\n\n\">Con este tema de WooCommerce, no hay necesidad de buscar estas caracter\u00edsticas en otro lugar.<\/p>\n<p><\/span><span title=\"En parlant d'optimisation, il est int\u00e9ressant de noter que ce th\u00e8me est optimis\u00e9 pour le r\u00e9f\u00e9rencement naturel, que sa page d'erreur 404 a \u00e9t\u00e9 sp\u00e9cialement con\u00e7ue, un jeu d'ic\u00f4nes d\u00e9di\u00e9s et encore plus de petites choses \u00e0 d\u00e9couvrir d'urgence\">Hablando de optimizaci\u00f3n, vale la pena se\u00f1alar que este tema est\u00e1 optimizado para SEO, que su p\u00e1gina de error 404 ha sido especialmente dise\u00f1ada, un conjunto de iconos dedicado e incluso m\u00e1s cosas peque\u00f1as que descubrir con urgencia <\/span><span title=\".\n\n\">.<\/p>\n<p><\/span><span title=\"D'un point de vu technique, un h\u00e9bergement WooCommerce respectant les derni\u00e8res normes suffira amplement.\">Desde un punto de vista t\u00e9cnico, un alojamiento de WooCommerce que cumpla con los \u00faltimos est\u00e1ndares ser\u00e1 suficiente.<\/span><\/span><\/p>\n","protected":false},"excerpt":{"rendered":"<p><span id=\"result_box\" class=\"\" lang=\"es\">Cada sitio de comercio electr\u00f3nico tiene sus propias particularidades. El dise\u00f1ador de este tema WooCommerce lo ha entendido porque Oxygen es exclusivamente para tiendas en l\u00ednea tipo jugador puro (sin ninguna tienda f\u00edsica). Esto significa que se pens\u00f3 que todo el sitio se convert\u00eda directamente en el sitio. Lo menos que podemos decir es que este tema WooCommerce ofrece m\u00e1s un estilo muy orientado hacia el mundo del lujo y el minimalismo.<\/span><\/p>\n","protected":false},"featured_media":669,"template":"","meta":{"_monsterinsights_skip_tracking":false,"_monsterinsights_sitenote_active":false,"_monsterinsights_sitenote_note":"","_monsterinsights_sitenote_category":0},"product_cat":[221],"product_tag":[300,299,224,229,306,265,266,263,298,307,288,287,293,292,295],"class_list":["post-5079","product","type-product","status-publish","has-post-thumbnail","hentry","product_cat-tema-de-woocommerce","product_tag-control-deslizante-woocommerce-y-revolution","product_tag-instalacion-de-woocommerce-un-clic","product_tag-paquete-de-complementos-premium","product_tag-principiante-woocommerce","product_tag-responsive-woocommerce","product_tag-tema-de-woocommerce-con-blog","product_tag-tema-de-woocommerce-con-constructor","product_tag-temas-personalizables-de-woocommerce","product_tag-woocommerce-belleza","product_tag-woocommerce-retina-ready-es","product_tag-woocommerce-y-bootstrap","product_tag-woocommerce-y-joyeria","product_tag-woocommerce-y-la-tienda-de-moda","product_tag-woocommerce-y-lujo-alto-de-la-gama","product_tag-woocommerce-y-tienda-de-ropa","pa_dev-woo-plugin-theme-laborator-es","pa_marketplace-woocommerce-themeforest-net-es"],"yoast_head":"<!-- This site is optimized with the Yoast SEO plugin v23.1 - https:\/\/yoast.com\/wordpress\/plugins\/seo\/ -->\n<title>Oxygen - Tema de lujo de WooCommerce - Minimalist &amp; Pure Player Theme<\/title>\n<meta name=\"robots\" content=\"index, follow, max-snippet:-1, max-image-preview:large, max-video-preview:-1\" \/>\n<link rel=\"canonical\" href=\"https:\/\/woo-themes-plugins.com\/es\/producto\/oxygen-pure-player-woocommerce-theme-tema-minimalista-y-lujoso\/\" \/>\n<meta property=\"og:locale\" content=\"es_ES\" \/>\n<meta property=\"og:type\" content=\"article\" \/>\n<meta property=\"og:title\" content=\"Oxygen - Tema de lujo de WooCommerce - Minimalist &amp; Pure Player Theme\" \/>\n<meta property=\"og:description\" content=\"Cada sitio de comercio electr\u00f3nico tiene sus propias particularidades. El dise\u00f1ador de este tema WooCommerce lo ha entendido porque Oxygen es exclusivamente para tiendas en l\u00ednea tipo jugador puro (sin ninguna tienda f\u00edsica). Esto significa que se pens\u00f3 que todo el sitio se convert\u00eda directamente en el sitio. Lo menos que podemos decir es que este tema WooCommerce ofrece m\u00e1s un estilo muy orientado hacia el mundo del lujo y el minimalismo.\" \/>\n<meta property=\"og:url\" content=\"https:\/\/woo-themes-plugins.com\/es\/producto\/oxygen-pure-player-woocommerce-theme-tema-minimalista-y-lujoso\/\" \/>\n<meta property=\"og:site_name\" content=\"Woo-themes-plugins.com\" \/>\n<meta property=\"og:image\" content=\"https:\/\/woo-themes-plugins.com\/wp-content\/uploads\/sites\/7\/2018\/03\/woo-themes-plugins-oxygen-theme-woocommerce-pure-player-theme-minimaliste-luxueux-mode.jpg.jpg\" \/>\n\t<meta property=\"og:image:width\" content=\"776\" \/>\n\t<meta property=\"og:image:height\" content=\"900\" \/>\n\t<meta property=\"og:image:type\" content=\"image\/jpeg\" \/>\n<meta name=\"twitter:label1\" content=\"Tiempo de lectura\" \/>\n\t<meta name=\"twitter:data1\" content=\"2 minutos\" \/>\n<script type=\"application\/ld+json\" class=\"yoast-schema-graph\">{\"@context\":\"https:\/\/schema.org\",\"@graph\":[{\"@type\":\"WebPage\",\"@id\":\"https:\/\/woo-themes-plugins.com\/es\/producto\/oxygen-pure-player-woocommerce-theme-tema-minimalista-y-lujoso\/\",\"url\":\"https:\/\/woo-themes-plugins.com\/es\/producto\/oxygen-pure-player-woocommerce-theme-tema-minimalista-y-lujoso\/\",\"name\":\"Oxygen - Tema de lujo de WooCommerce - Minimalist & Pure Player Theme\",\"isPartOf\":{\"@id\":\"https:\/\/woo-themes-plugins.com\/it\/#website\"},\"primaryImageOfPage\":{\"@id\":\"https:\/\/woo-themes-plugins.com\/es\/producto\/oxygen-pure-player-woocommerce-theme-tema-minimalista-y-lujoso\/#primaryimage\"},\"image\":{\"@id\":\"https:\/\/woo-themes-plugins.com\/es\/producto\/oxygen-pure-player-woocommerce-theme-tema-minimalista-y-lujoso\/#primaryimage\"},\"thumbnailUrl\":\"https:\/\/woo-themes-plugins.com\/wp-content\/uploads\/sites\/7\/2018\/03\/woo-themes-plugins-oxygen-theme-woocommerce-pure-player-theme-minimaliste-luxueux-mode.jpg.jpg\",\"datePublished\":\"2018-03-27T08:31:25+00:00\",\"dateModified\":\"2018-03-27T08:31:25+00:00\",\"breadcrumb\":{\"@id\":\"https:\/\/woo-themes-plugins.com\/es\/producto\/oxygen-pure-player-woocommerce-theme-tema-minimalista-y-lujoso\/#breadcrumb\"},\"inLanguage\":\"es\",\"potentialAction\":[{\"@type\":\"ReadAction\",\"target\":[\"https:\/\/woo-themes-plugins.com\/es\/producto\/oxygen-pure-player-woocommerce-theme-tema-minimalista-y-lujoso\/\"]}]},{\"@type\":\"ImageObject\",\"inLanguage\":\"es\",\"@id\":\"https:\/\/woo-themes-plugins.com\/es\/producto\/oxygen-pure-player-woocommerce-theme-tema-minimalista-y-lujoso\/#primaryimage\",\"url\":\"https:\/\/woo-themes-plugins.com\/wp-content\/uploads\/sites\/7\/2018\/03\/woo-themes-plugins-oxygen-theme-woocommerce-pure-player-theme-minimaliste-luxueux-mode.jpg.jpg\",\"contentUrl\":\"https:\/\/woo-themes-plugins.com\/wp-content\/uploads\/sites\/7\/2018\/03\/woo-themes-plugins-oxygen-theme-woocommerce-pure-player-theme-minimaliste-luxueux-mode.jpg.jpg\",\"width\":776,\"height\":900},{\"@type\":\"BreadcrumbList\",\"@id\":\"https:\/\/woo-themes-plugins.com\/es\/producto\/oxygen-pure-player-woocommerce-theme-tema-minimalista-y-lujoso\/#breadcrumb\",\"itemListElement\":[{\"@type\":\"ListItem\",\"position\":1,\"name\":\"Accueil\",\"item\":\"https:\/\/woo-themes-plugins.com\/fr\/\"},{\"@type\":\"ListItem\",\"position\":2,\"name\":\"Shop\",\"item\":\"https:\/\/woo-themes-plugins.com\/shop\/\"},{\"@type\":\"ListItem\",\"position\":3,\"name\":\"Oxygen &#8211; Pure Player WooCommerce Theme &#8211; Tema minimalista y lujoso\"}]},{\"@type\":\"WebSite\",\"@id\":\"https:\/\/woo-themes-plugins.com\/it\/#website\",\"url\":\"https:\/\/woo-themes-plugins.com\/it\/\",\"name\":\"Woo-themes-plugins.com\",\"description\":\"Tous les th\u00e8mes et plugins WooCommerce Premium\",\"potentialAction\":[{\"@type\":\"SearchAction\",\"target\":{\"@type\":\"EntryPoint\",\"urlTemplate\":\"https:\/\/woo-themes-plugins.com\/it\/?s={search_term_string}\"},\"query-input\":\"required name=search_term_string\"}],\"inLanguage\":\"es\"}]}<\/script>\n<!-- \/ Yoast SEO plugin. -->","yoast_head_json":{"title":"Oxygen - Tema de lujo de WooCommerce - Minimalist & Pure Player Theme","robots":{"index":"index","follow":"follow","max-snippet":"max-snippet:-1","max-image-preview":"max-image-preview:large","max-video-preview":"max-video-preview:-1"},"canonical":"https:\/\/woo-themes-plugins.com\/es\/producto\/oxygen-pure-player-woocommerce-theme-tema-minimalista-y-lujoso\/","og_locale":"es_ES","og_type":"article","og_title":"Oxygen - Tema de lujo de WooCommerce - Minimalist & Pure Player Theme","og_description":"Cada sitio de comercio electr\u00f3nico tiene sus propias particularidades. El dise\u00f1ador de este tema WooCommerce lo ha entendido porque Oxygen es exclusivamente para tiendas en l\u00ednea tipo jugador puro (sin ninguna tienda f\u00edsica). Esto significa que se pens\u00f3 que todo el sitio se convert\u00eda directamente en el sitio. Lo menos que podemos decir es que este tema WooCommerce ofrece m\u00e1s un estilo muy orientado hacia el mundo del lujo y el minimalismo.","og_url":"https:\/\/woo-themes-plugins.com\/es\/producto\/oxygen-pure-player-woocommerce-theme-tema-minimalista-y-lujoso\/","og_site_name":"Woo-themes-plugins.com","og_image":[{"width":776,"height":900,"url":"https:\/\/woo-themes-plugins.com\/wp-content\/uploads\/sites\/7\/2018\/03\/woo-themes-plugins-oxygen-theme-woocommerce-pure-player-theme-minimaliste-luxueux-mode.jpg.jpg","type":"image\/jpeg"}],"twitter_misc":{"Tiempo de lectura":"2 minutos"},"schema":{"@context":"https:\/\/schema.org","@graph":[{"@type":"WebPage","@id":"https:\/\/woo-themes-plugins.com\/es\/producto\/oxygen-pure-player-woocommerce-theme-tema-minimalista-y-lujoso\/","url":"https:\/\/woo-themes-plugins.com\/es\/producto\/oxygen-pure-player-woocommerce-theme-tema-minimalista-y-lujoso\/","name":"Oxygen - Tema de lujo de WooCommerce - Minimalist & Pure Player Theme","isPartOf":{"@id":"https:\/\/woo-themes-plugins.com\/it\/#website"},"primaryImageOfPage":{"@id":"https:\/\/woo-themes-plugins.com\/es\/producto\/oxygen-pure-player-woocommerce-theme-tema-minimalista-y-lujoso\/#primaryimage"},"image":{"@id":"https:\/\/woo-themes-plugins.com\/es\/producto\/oxygen-pure-player-woocommerce-theme-tema-minimalista-y-lujoso\/#primaryimage"},"thumbnailUrl":"https:\/\/woo-themes-plugins.com\/wp-content\/uploads\/sites\/7\/2018\/03\/woo-themes-plugins-oxygen-theme-woocommerce-pure-player-theme-minimaliste-luxueux-mode.jpg.jpg","datePublished":"2018-03-27T08:31:25+00:00","dateModified":"2018-03-27T08:31:25+00:00","breadcrumb":{"@id":"https:\/\/woo-themes-plugins.com\/es\/producto\/oxygen-pure-player-woocommerce-theme-tema-minimalista-y-lujoso\/#breadcrumb"},"inLanguage":"es","potentialAction":[{"@type":"ReadAction","target":["https:\/\/woo-themes-plugins.com\/es\/producto\/oxygen-pure-player-woocommerce-theme-tema-minimalista-y-lujoso\/"]}]},{"@type":"ImageObject","inLanguage":"es","@id":"https:\/\/woo-themes-plugins.com\/es\/producto\/oxygen-pure-player-woocommerce-theme-tema-minimalista-y-lujoso\/#primaryimage","url":"https:\/\/woo-themes-plugins.com\/wp-content\/uploads\/sites\/7\/2018\/03\/woo-themes-plugins-oxygen-theme-woocommerce-pure-player-theme-minimaliste-luxueux-mode.jpg.jpg","contentUrl":"https:\/\/woo-themes-plugins.com\/wp-content\/uploads\/sites\/7\/2018\/03\/woo-themes-plugins-oxygen-theme-woocommerce-pure-player-theme-minimaliste-luxueux-mode.jpg.jpg","width":776,"height":900},{"@type":"BreadcrumbList","@id":"https:\/\/woo-themes-plugins.com\/es\/producto\/oxygen-pure-player-woocommerce-theme-tema-minimalista-y-lujoso\/#breadcrumb","itemListElement":[{"@type":"ListItem","position":1,"name":"Accueil","item":"https:\/\/woo-themes-plugins.com\/fr\/"},{"@type":"ListItem","position":2,"name":"Shop","item":"https:\/\/woo-themes-plugins.com\/shop\/"},{"@type":"ListItem","position":3,"name":"Oxygen &#8211; Pure Player WooCommerce Theme &#8211; Tema minimalista y lujoso"}]},{"@type":"WebSite","@id":"https:\/\/woo-themes-plugins.com\/it\/#website","url":"https:\/\/woo-themes-plugins.com\/it\/","name":"Woo-themes-plugins.com","description":"Tous les th\u00e8mes et plugins WooCommerce Premium","potentialAction":[{"@type":"SearchAction","target":{"@type":"EntryPoint","urlTemplate":"https:\/\/woo-themes-plugins.com\/it\/?s={search_term_string}"},"query-input":"required name=search_term_string"}],"inLanguage":"es"}]}},"_links":{"self":[{"href":"https:\/\/woo-themes-plugins.com\/es\/wp-json\/wp\/v2\/product\/5079","targetHints":{"allow":["GET"]}}],"collection":[{"href":"https:\/\/woo-themes-plugins.com\/es\/wp-json\/wp\/v2\/product"}],"about":[{"href":"https:\/\/woo-themes-plugins.com\/es\/wp-json\/wp\/v2\/types\/product"}],"wp:featuredmedia":[{"embeddable":true,"href":"https:\/\/woo-themes-plugins.com\/es\/wp-json\/wp\/v2\/media\/669"}],"wp:attachment":[{"href":"https:\/\/woo-themes-plugins.com\/es\/wp-json\/wp\/v2\/media?parent=5079"}],"wp:term":[{"taxonomy":"product_cat","embeddable":true,"href":"https:\/\/woo-themes-plugins.com\/es\/wp-json\/wp\/v2\/product_cat?post=5079"},{"taxonomy":"product_tag","embeddable":true,"href":"https:\/\/woo-themes-plugins.com\/es\/wp-json\/wp\/v2\/product_tag?post=5079"}],"curies":[{"name":"wp","href":"https:\/\/api.w.org\/{rel}","templated":true}]}}