{"id":5080,"date":"2018-03-27T09:25:16","date_gmt":"2018-03-27T08:25:16","guid":{"rendered":"https:\/\/woo-themes-plugins.com\/product\/room-09-shop-tema-woocommerce-moda-y-lujo-tema-minimalista-mega-menu-y-premium\/"},"modified":"2018-03-27T09:25:16","modified_gmt":"2018-03-27T08:25:16","slug":"room-09-shop-tema-woocommerce-moda-y-lujo-tema-minimalista-mega-menu-y-premium","status":"publish","type":"product","link":"https:\/\/woo-themes-plugins.com\/es\/product\/room-09-shop-tema-woocommerce-moda-y-lujo-tema-minimalista-mega-menu-y-premium\/","title":{"rendered":"Room 09 Shop &#8211; Tema WooCommerce Moda y Lujo &#8211; Tema Minimalista, Mega Men\u00fa y Premium"},"content":{"rendered":"","protected":false},"excerpt":{"rendered":"<p><span id=\"result_box\" class=\"\" lang=\"es\">Room 09 Shop es un tema de WooCommerce que es hermoso, minimalista y f\u00e1cil de manejar. Pero eso no se detiene ah\u00ed. Este tema de WooCommerce se asegura de que traigamos la mejor experiencia posible mediante la integraci\u00f3n de muchas caracter\u00edsticas premium. Comprenda que este tema incluye una gran cantidad de complementos que deber\u00eda haber pagado. <span class=\"\">Encontraremos un megamen\u00fa, un sistema de listas de deseos, pero tambi\u00e9n un sistema pop-up integrado, un s\u00faper zoom para las im\u00e1genes producidas &#8230; En resumen, un tema que es m\u00e1s que un tema.<\/span><\/span><\/p>\n","protected":false},"featured_media":488,"template":"","meta":{"_monsterinsights_skip_tracking":false,"_monsterinsights_sitenote_active":false,"_monsterinsights_sitenote_note":"","_monsterinsights_sitenote_category":0},"product_cat":[221],"product_tag":[300,299,224,229,306,265,266,263,298,287,293,292,295],"class_list":["post-5080","product","type-product","status-publish","has-post-thumbnail","hentry","product_cat-tema-de-woocommerce","product_tag-control-deslizante-woocommerce-y-revolution","product_tag-instalacion-de-woocommerce-un-clic","product_tag-paquete-de-complementos-premium","product_tag-principiante-woocommerce","product_tag-responsive-woocommerce","product_tag-tema-de-woocommerce-con-blog","product_tag-tema-de-woocommerce-con-constructor","product_tag-temas-personalizables-de-woocommerce","product_tag-woocommerce-belleza","product_tag-woocommerce-y-joyeria","product_tag-woocommerce-y-la-tienda-de-moda","product_tag-woocommerce-y-lujo-alto-de-la-gama","product_tag-woocommerce-y-tienda-de-ropa","pa_dev-woo-plugin-theme-sara_p-es","pa_marketplace-woocommerce-themeforest-net-es"],"yoast_head":"<!-- This site is optimized with the Yoast SEO plugin v23.1 - https:\/\/yoast.com\/wordpress\/plugins\/seo\/ -->\n<title>Room 09 Shop - Tema WooCommerce Moda y Lujo - Tema Minimalista, Mega Men\u00fa y Premium - Woo-themes-plugins.com<\/title>\n<meta name=\"robots\" content=\"index, follow, max-snippet:-1, max-image-preview:large, max-video-preview:-1\" \/>\n<link rel=\"canonical\" href=\"https:\/\/woo-themes-plugins.com\/es\/producto\/room-09-shop-tema-woocommerce-moda-y-lujo-tema-minimalista-mega-menu-y-premium\/\" \/>\n<meta property=\"og:locale\" content=\"es_ES\" \/>\n<meta property=\"og:type\" content=\"article\" \/>\n<meta property=\"og:title\" content=\"Room 09 Shop - Tema WooCommerce Moda y Lujo - Tema Minimalista, Mega Men\u00fa y Premium - Woo-themes-plugins.com\" \/>\n<meta property=\"og:description\" content=\"Room 09 Shop es un tema de WooCommerce que es hermoso, minimalista y f\u00e1cil de manejar. Pero eso no se detiene ah\u00ed. Este tema de WooCommerce se asegura de que traigamos la mejor experiencia posible mediante la integraci\u00f3n de muchas caracter\u00edsticas premium. Comprenda que este tema incluye una gran cantidad de complementos que deber\u00eda haber pagado. Encontraremos un megamen\u00fa, un sistema de listas de deseos, pero tambi\u00e9n un sistema pop-up integrado, un s\u00faper zoom para las im\u00e1genes producidas ... En resumen, un tema que es m\u00e1s que un tema.\" \/>\n<meta property=\"og:url\" content=\"https:\/\/woo-themes-plugins.com\/es\/producto\/room-09-shop-tema-woocommerce-moda-y-lujo-tema-minimalista-mega-menu-y-premium\/\" \/>\n<meta property=\"og:site_name\" content=\"Woo-themes-plugins.com\" \/>\n<meta property=\"og:image\" content=\"https:\/\/woo-themes-plugins.com\/wp-content\/uploads\/sites\/7\/2018\/03\/woo-themes-plugins-room-09-shop-theme-woocommercemode-luxe-theme-minimaliste-megamenu-premium.jpg\" \/>\n\t<meta property=\"og:image:width\" content=\"590\" \/>\n\t<meta property=\"og:image:height\" content=\"300\" \/>\n\t<meta property=\"og:image:type\" content=\"image\/jpeg\" \/>\n<script type=\"application\/ld+json\" class=\"yoast-schema-graph\">{\"@context\":\"https:\/\/schema.org\",\"@graph\":[{\"@type\":\"WebPage\",\"@id\":\"https:\/\/woo-themes-plugins.com\/es\/producto\/room-09-shop-tema-woocommerce-moda-y-lujo-tema-minimalista-mega-menu-y-premium\/\",\"url\":\"https:\/\/woo-themes-plugins.com\/es\/producto\/room-09-shop-tema-woocommerce-moda-y-lujo-tema-minimalista-mega-menu-y-premium\/\",\"name\":\"Room 09 Shop - Tema WooCommerce Moda y Lujo - Tema Minimalista, Mega Men\u00fa y Premium - Woo-themes-plugins.com\",\"isPartOf\":{\"@id\":\"https:\/\/woo-themes-plugins.com\/it\/#website\"},\"primaryImageOfPage\":{\"@id\":\"https:\/\/woo-themes-plugins.com\/es\/producto\/room-09-shop-tema-woocommerce-moda-y-lujo-tema-minimalista-mega-menu-y-premium\/#primaryimage\"},\"image\":{\"@id\":\"https:\/\/woo-themes-plugins.com\/es\/producto\/room-09-shop-tema-woocommerce-moda-y-lujo-tema-minimalista-mega-menu-y-premium\/#primaryimage\"},\"thumbnailUrl\":\"https:\/\/woo-themes-plugins.com\/wp-content\/uploads\/sites\/7\/2018\/03\/woo-themes-plugins-room-09-shop-theme-woocommercemode-luxe-theme-minimaliste-megamenu-premium.jpg\",\"datePublished\":\"2018-03-27T08:25:16+00:00\",\"dateModified\":\"2018-03-27T08:25:16+00:00\",\"breadcrumb\":{\"@id\":\"https:\/\/woo-themes-plugins.com\/es\/producto\/room-09-shop-tema-woocommerce-moda-y-lujo-tema-minimalista-mega-menu-y-premium\/#breadcrumb\"},\"inLanguage\":\"es\",\"potentialAction\":[{\"@type\":\"ReadAction\",\"target\":[\"https:\/\/woo-themes-plugins.com\/es\/producto\/room-09-shop-tema-woocommerce-moda-y-lujo-tema-minimalista-mega-menu-y-premium\/\"]}]},{\"@type\":\"ImageObject\",\"inLanguage\":\"es\",\"@id\":\"https:\/\/woo-themes-plugins.com\/es\/producto\/room-09-shop-tema-woocommerce-moda-y-lujo-tema-minimalista-mega-menu-y-premium\/#primaryimage\",\"url\":\"https:\/\/woo-themes-plugins.com\/wp-content\/uploads\/sites\/7\/2018\/03\/woo-themes-plugins-room-09-shop-theme-woocommercemode-luxe-theme-minimaliste-megamenu-premium.jpg\",\"contentUrl\":\"https:\/\/woo-themes-plugins.com\/wp-content\/uploads\/sites\/7\/2018\/03\/woo-themes-plugins-room-09-shop-theme-woocommercemode-luxe-theme-minimaliste-megamenu-premium.jpg\",\"width\":590,\"height\":300},{\"@type\":\"BreadcrumbList\",\"@id\":\"https:\/\/woo-themes-plugins.com\/es\/producto\/room-09-shop-tema-woocommerce-moda-y-lujo-tema-minimalista-mega-menu-y-premium\/#breadcrumb\",\"itemListElement\":[{\"@type\":\"ListItem\",\"position\":1,\"name\":\"Accueil\",\"item\":\"https:\/\/woo-themes-plugins.com\/fr\/\"},{\"@type\":\"ListItem\",\"position\":2,\"name\":\"Shop\",\"item\":\"https:\/\/woo-themes-plugins.com\/shop\/\"},{\"@type\":\"ListItem\",\"position\":3,\"name\":\"Room 09 Shop &#8211; Tema WooCommerce Moda y Lujo &#8211; Tema Minimalista, Mega Men\u00fa y Premium\"}]},{\"@type\":\"WebSite\",\"@id\":\"https:\/\/woo-themes-plugins.com\/it\/#website\",\"url\":\"https:\/\/woo-themes-plugins.com\/it\/\",\"name\":\"Woo-themes-plugins.com\",\"description\":\"Tous les th\u00e8mes et plugins WooCommerce Premium\",\"potentialAction\":[{\"@type\":\"SearchAction\",\"target\":{\"@type\":\"EntryPoint\",\"urlTemplate\":\"https:\/\/woo-themes-plugins.com\/it\/?s={search_term_string}\"},\"query-input\":\"required name=search_term_string\"}],\"inLanguage\":\"es\"}]}<\/script>\n<!-- \/ Yoast SEO plugin. -->","yoast_head_json":{"title":"Room 09 Shop - Tema WooCommerce Moda y Lujo - Tema Minimalista, Mega Men\u00fa y Premium - Woo-themes-plugins.com","robots":{"index":"index","follow":"follow","max-snippet":"max-snippet:-1","max-image-preview":"max-image-preview:large","max-video-preview":"max-video-preview:-1"},"canonical":"https:\/\/woo-themes-plugins.com\/es\/producto\/room-09-shop-tema-woocommerce-moda-y-lujo-tema-minimalista-mega-menu-y-premium\/","og_locale":"es_ES","og_type":"article","og_title":"Room 09 Shop - Tema WooCommerce Moda y Lujo - Tema Minimalista, Mega Men\u00fa y Premium - Woo-themes-plugins.com","og_description":"Room 09 Shop es un tema de WooCommerce que es hermoso, minimalista y f\u00e1cil de manejar. Pero eso no se detiene ah\u00ed. Este tema de WooCommerce se asegura de que traigamos la mejor experiencia posible mediante la integraci\u00f3n de muchas caracter\u00edsticas premium. Comprenda que este tema incluye una gran cantidad de complementos que deber\u00eda haber pagado. Encontraremos un megamen\u00fa, un sistema de listas de deseos, pero tambi\u00e9n un sistema pop-up integrado, un s\u00faper zoom para las im\u00e1genes producidas ... En resumen, un tema que es m\u00e1s que un tema.","og_url":"https:\/\/woo-themes-plugins.com\/es\/producto\/room-09-shop-tema-woocommerce-moda-y-lujo-tema-minimalista-mega-menu-y-premium\/","og_site_name":"Woo-themes-plugins.com","og_image":[{"width":590,"height":300,"url":"https:\/\/woo-themes-plugins.com\/wp-content\/uploads\/sites\/7\/2018\/03\/woo-themes-plugins-room-09-shop-theme-woocommercemode-luxe-theme-minimaliste-megamenu-premium.jpg","type":"image\/jpeg"}],"schema":{"@context":"https:\/\/schema.org","@graph":[{"@type":"WebPage","@id":"https:\/\/woo-themes-plugins.com\/es\/producto\/room-09-shop-tema-woocommerce-moda-y-lujo-tema-minimalista-mega-menu-y-premium\/","url":"https:\/\/woo-themes-plugins.com\/es\/producto\/room-09-shop-tema-woocommerce-moda-y-lujo-tema-minimalista-mega-menu-y-premium\/","name":"Room 09 Shop - Tema WooCommerce Moda y Lujo - Tema Minimalista, Mega Men\u00fa y Premium - Woo-themes-plugins.com","isPartOf":{"@id":"https:\/\/woo-themes-plugins.com\/it\/#website"},"primaryImageOfPage":{"@id":"https:\/\/woo-themes-plugins.com\/es\/producto\/room-09-shop-tema-woocommerce-moda-y-lujo-tema-minimalista-mega-menu-y-premium\/#primaryimage"},"image":{"@id":"https:\/\/woo-themes-plugins.com\/es\/producto\/room-09-shop-tema-woocommerce-moda-y-lujo-tema-minimalista-mega-menu-y-premium\/#primaryimage"},"thumbnailUrl":"https:\/\/woo-themes-plugins.com\/wp-content\/uploads\/sites\/7\/2018\/03\/woo-themes-plugins-room-09-shop-theme-woocommercemode-luxe-theme-minimaliste-megamenu-premium.jpg","datePublished":"2018-03-27T08:25:16+00:00","dateModified":"2018-03-27T08:25:16+00:00","breadcrumb":{"@id":"https:\/\/woo-themes-plugins.com\/es\/producto\/room-09-shop-tema-woocommerce-moda-y-lujo-tema-minimalista-mega-menu-y-premium\/#breadcrumb"},"inLanguage":"es","potentialAction":[{"@type":"ReadAction","target":["https:\/\/woo-themes-plugins.com\/es\/producto\/room-09-shop-tema-woocommerce-moda-y-lujo-tema-minimalista-mega-menu-y-premium\/"]}]},{"@type":"ImageObject","inLanguage":"es","@id":"https:\/\/woo-themes-plugins.com\/es\/producto\/room-09-shop-tema-woocommerce-moda-y-lujo-tema-minimalista-mega-menu-y-premium\/#primaryimage","url":"https:\/\/woo-themes-plugins.com\/wp-content\/uploads\/sites\/7\/2018\/03\/woo-themes-plugins-room-09-shop-theme-woocommercemode-luxe-theme-minimaliste-megamenu-premium.jpg","contentUrl":"https:\/\/woo-themes-plugins.com\/wp-content\/uploads\/sites\/7\/2018\/03\/woo-themes-plugins-room-09-shop-theme-woocommercemode-luxe-theme-minimaliste-megamenu-premium.jpg","width":590,"height":300},{"@type":"BreadcrumbList","@id":"https:\/\/woo-themes-plugins.com\/es\/producto\/room-09-shop-tema-woocommerce-moda-y-lujo-tema-minimalista-mega-menu-y-premium\/#breadcrumb","itemListElement":[{"@type":"ListItem","position":1,"name":"Accueil","item":"https:\/\/woo-themes-plugins.com\/fr\/"},{"@type":"ListItem","position":2,"name":"Shop","item":"https:\/\/woo-themes-plugins.com\/shop\/"},{"@type":"ListItem","position":3,"name":"Room 09 Shop &#8211; Tema WooCommerce Moda y Lujo &#8211; Tema Minimalista, Mega Men\u00fa y Premium"}]},{"@type":"WebSite","@id":"https:\/\/woo-themes-plugins.com\/it\/#website","url":"https:\/\/woo-themes-plugins.com\/it\/","name":"Woo-themes-plugins.com","description":"Tous les th\u00e8mes et plugins WooCommerce Premium","potentialAction":[{"@type":"SearchAction","target":{"@type":"EntryPoint","urlTemplate":"https:\/\/woo-themes-plugins.com\/it\/?s={search_term_string}"},"query-input":"required name=search_term_string"}],"inLanguage":"es"}]}},"_links":{"self":[{"href":"https:\/\/woo-themes-plugins.com\/es\/wp-json\/wp\/v2\/product\/5080","targetHints":{"allow":["GET"]}}],"collection":[{"href":"https:\/\/woo-themes-plugins.com\/es\/wp-json\/wp\/v2\/product"}],"about":[{"href":"https:\/\/woo-themes-plugins.com\/es\/wp-json\/wp\/v2\/types\/product"}],"wp:featuredmedia":[{"embeddable":true,"href":"https:\/\/woo-themes-plugins.com\/es\/wp-json\/wp\/v2\/media\/488"}],"wp:attachment":[{"href":"https:\/\/woo-themes-plugins.com\/es\/wp-json\/wp\/v2\/media?parent=5080"}],"wp:term":[{"taxonomy":"product_cat","embeddable":true,"href":"https:\/\/woo-themes-plugins.com\/es\/wp-json\/wp\/v2\/product_cat?post=5080"},{"taxonomy":"product_tag","embeddable":true,"href":"https:\/\/woo-themes-plugins.com\/es\/wp-json\/wp\/v2\/product_tag?post=5080"}],"curies":[{"name":"wp","href":"https:\/\/api.w.org\/{rel}","templated":true}]}}