{"id":5081,"date":"2018-03-27T09:20:02","date_gmt":"2018-03-27T08:20:02","guid":{"rendered":"https:\/\/woo-themes-plugins.com\/product\/venedor-tema-de-woocommerce-wordpress-tema-de-ecommerce-y-amp-blogs\/"},"modified":"2018-03-27T09:20:02","modified_gmt":"2018-03-27T08:20:02","slug":"venedor-tema-de-woocommerce-wordpress-tema-de-ecommerce-y-amp-blogs","status":"publish","type":"product","link":"https:\/\/woo-themes-plugins.com\/es\/product\/venedor-tema-de-woocommerce-wordpress-tema-de-ecommerce-y-amp-blogs\/","title":{"rendered":"Venedor &#8211; Tema de WooCommerce \/ WordPress &#8211; Tema de eCommerce y amp; blogs"},"content":{"rendered":"<p><span id=\"result_box\" class=\"\" lang=\"es\"><span title=\"Les d\u00e9veloppeurs derri\u00e8res ce th\u00e8me WooCommerce n'y vont pas avec le dos de la cuill\u00e8re car ils souhaitent ni plus, ni moins que devenir le th\u00e8me de r\u00e9f\u00e9rence lorsqu'on souhaite mixer un site WordPress et WooCommerce.\">Los desarrolladores detr\u00e1s de este tema WooCommerce no van con la palma de la mano porque no desean ni m\u00e1s ni menos que convertirse en el tema de referencia cuando desee mezclar un sitio de WordPress y WooCommerce. <\/span><span title=\"Entends par l\u00e0 que l'ensemble de ton contenu est important \u00e0 tes yeux, pas juste tes fiches produits.\">Comprenda que todo su contenido es importante para usted, no solo sus listas de productos. <\/span><span title=\"Pour y parvenir, nous avons bien entendu droit \u00e0 un th\u00e8me pouvant convenir \u00e0 un tr\u00e8s grand nombre de type de boutique eCommerce.\n\n\">Para lograr esto, por supuesto tenemos derecho a un tema que puede acomodar una gran cantidad de tipos de tiendas de comercio electr\u00f3nico.<\/p>\n<p><\/span><span title=\"Pour en faire un th\u00e8me premium de qualit\u00e9, Venedor est bien oblig\u00e9 de mettre la barre haute en nous proposant une large palette d'optimisation en tout genre comme :\n\n\u00a0\u00a0\u00a0\u00a0\">Para que sea un tema premium de calidad, Venedor est\u00e1 obligado a establecer un est\u00e1ndar alto ofreciendo una amplia gama de optimizaci\u00f3n de todo tipo, como por ejemplo:<\/p>\n<p><\/span><span title=\"Un site 100% responsive\n\u00a0\u00a0\u00a0\u00a0\">Un sitio 100% sensible<br \/>\n<\/span><span title=\"Un bel affichage sur les \u00e9crans retina\n\u00a0\u00a0\u00a0\u00a0\">Una bonita pantalla en pantallas de retina<br \/>\n<\/span><span title=\"Accessible aux d\u00e9butants\n\u00a0\u00a0\u00a0\u00a0\">Accesible para principiantes<br \/>\n<\/span><span title=\"Jeu de test fournis\n\u00a0\u00a0\u00a0\u00a0\">Conjunto de prueba proporcionado<br \/>\n<\/span><span title=\"Une interface d'administration riche\n\u00a0\u00a0\u00a0\u00a0\">Una interfaz de administraci\u00f3n rica<br \/>\n<\/span><span title=\"Des couleurs \u00e0 l'infini (ou presque quand m\u00eame)\n\u00a0\u00a0\u00a0\u00a0\">Colores hasta el infinito (o casi de todos modos)<br \/>\n<\/span><span title=\"Plus de 500 polices de caract\u00e8res diff\u00e9rentes\n\u00a0\u00a0\u00a0\u00a0\">M\u00e1s de 500 tipos de letra diferentes<br \/>\n<\/span><span title=\"Optimisation pour les interfaces tactiles\n\u00a0\u00a0\u00a0\u00a0\">Optimizaci\u00f3n para interfaces t\u00e1ctiles<br \/>\n<\/span><span title=\"Un th\u00e8me r\u00e9guli\u00e8rement mis \u00e0 jour\n\u00a0\u00a0\u00a0\u00a0\">Un tema regularmente actualizado<br \/>\n<\/span><span title=\"Un bundle de plugins premium\n\u00a0\u00a0\u00a0\u00a0\">Un paquete de complementos premium<br \/>\n<\/span><span title=\"Un support avanc\u00e9 de WooCommerce Multilingue\n\n\">Soporte multiling\u00fce avanzado de WooCommerce<\/p>\n<p><\/span><span title=\"On aimera retrouver en plus dans ce th\u00e8me un syst\u00e8me de pop up et de zoom sur les images produits, sans oublier la fonctionnalit\u00e9 de quick view qui manque tant \u00e0 WooCommerce.\n\n\">Nos encantar\u00e1 encontrar m\u00e1s en este tema un sistema de pop-up y zoom en las im\u00e1genes producidas, sin mencionar la caracter\u00edstica de vista r\u00e1pida que tanto falta en WooCommerce.<\/p>\n<p><\/span><span title=\"Fan des Mega Menus ?\">Fan de Mega Menus? <\/span><span title=\"Alors tu vas pouvoir te faire plaisir avec ce th\u00e8me WooCommerce !\">\u00a1As\u00ed que podr\u00e1s complacerte con este tema de WooCommerce! <\/span><span title=\"Mega Menu va te permettre de cr\u00e9er des menus avec des sous-menus uniques.\">Mega Menu le permitir\u00e1 crear men\u00fas con submen\u00fas \u00fanicos. <\/span><span title=\"Il te sera possible de param\u00e9trer tout un tas de sous-menus au look compl\u00e8tement diff\u00e9rents ou encore mettre en avant certains produits.\">Podr\u00e1s configurar un conjunto completo de submen\u00fas completamente diferentes o resaltar algunos productos. <\/span><span title=\"De quoi booster tes ventes.\n\n\">Qu\u00e9 aumentar tus ventas.<\/p>\n<p><\/span><span title=\"Les techniciens seront content de savoir que ce th\u00e8me WooCommerce est bas\u00e9 sur BootStrap.\n\n\">Los t\u00e9cnicos estar\u00e1n felices de saber que este tema de WooCommerce se basa en BootStrap.<\/p>\n<p><\/span><span title=\"M\u00eame si ce th\u00e8me est bien con\u00e7u, un h\u00e9bergement WooCommerce de qualit\u00e9 fera toujours la diff\u00e9rence, penses-y !\">Incluso si este tema est\u00e1 bien dise\u00f1ado, el alojamiento de calidad WooCommerce siempre marcar\u00e1 la diferencia, \u00a1pi\u00e9nselo!<\/span><\/span><\/p>\n","protected":false},"excerpt":{"rendered":"<p><span id=\"result_box\" class=\"\" lang=\"es\">\u00bfCu\u00e1l es la mayor fortaleza de WordPress en comparaci\u00f3n con otros CMS seg\u00fan usted? Despu\u00e9s de todo, hay muchos CMS que solo hacen eCommerce como Magento o Prestashop. Entonces, \u00bfpor qu\u00e9 usar WordPress? Ok, WooCommerce, es genial. Pero &#8230; Magento y Prestashop tambi\u00e9n son los mejores, \u00bfverdad? En mi opini\u00f3n, la mayor fortaleza de WordPress es precisamente no estar especializado en eCommerce; para eso, est\u00e1 WooCommerce, que agrega m\u00e1s funciones. Venedor tambi\u00e9n debe partir de este principio, ya que este tema pone tanto la parte de eCommerce como la parte pura de WordPress de su sitio. Interesante.<\/span><\/p>\n","protected":false},"featured_media":778,"template":"","meta":{"_monsterinsights_skip_tracking":false,"_monsterinsights_sitenote_active":false,"_monsterinsights_sitenote_note":"","_monsterinsights_sitenote_category":0},"product_cat":[221],"product_tag":[300,299,224,229,306,308,265,266,263,294,289,298,303,287,293,292,296,295],"class_list":["post-5081","product","type-product","status-publish","has-post-thumbnail","hentry","product_cat-tema-de-woocommerce","product_tag-control-deslizante-woocommerce-y-revolution","product_tag-instalacion-de-woocommerce-un-clic","product_tag-paquete-de-complementos-premium","product_tag-principiante-woocommerce","product_tag-responsive-woocommerce","product_tag-seo-woocommerce","product_tag-tema-de-woocommerce-con-blog","product_tag-tema-de-woocommerce-con-constructor","product_tag-temas-personalizables-de-woocommerce","product_tag-tienda-woocommerce-sports","product_tag-woocommerce-florist","product_tag-woocommerce-belleza","product_tag-woocommerce-multilingual","product_tag-woocommerce-y-joyeria","product_tag-woocommerce-y-la-tienda-de-moda","product_tag-woocommerce-y-lujo-alto-de-la-gama","product_tag-woocommerce-y-marketplace","product_tag-woocommerce-y-tienda-de-ropa","pa_dev-woo-plugin-theme-p-themes-es","pa_marketplace-woocommerce-themeforest-net-es"],"yoast_head":"<!-- This site is optimized with the Yoast SEO plugin v23.1 - https:\/\/yoast.com\/wordpress\/plugins\/seo\/ -->\n<title>Venedor - Tema de WooCommerce \/ WordPress - Tema de eCommerce y amp; blogs - Woo-themes-plugins.com<\/title>\n<meta name=\"robots\" content=\"index, follow, max-snippet:-1, max-image-preview:large, max-video-preview:-1\" \/>\n<link rel=\"canonical\" href=\"https:\/\/woo-themes-plugins.com\/es\/producto\/venedor-tema-de-woocommerce-wordpress-tema-de-ecommerce-y-amp-blogs\/\" \/>\n<meta property=\"og:locale\" content=\"es_ES\" \/>\n<meta property=\"og:type\" content=\"article\" \/>\n<meta property=\"og:title\" content=\"Venedor - Tema de WooCommerce \/ WordPress - Tema de eCommerce y amp; blogs - Woo-themes-plugins.com\" \/>\n<meta property=\"og:description\" content=\"\u00bfCu\u00e1l es la mayor fortaleza de WordPress en comparaci\u00f3n con otros CMS seg\u00fan usted? Despu\u00e9s de todo, hay muchos CMS que solo hacen eCommerce como Magento o Prestashop. Entonces, \u00bfpor qu\u00e9 usar WordPress? Ok, WooCommerce, es genial. Pero ... Magento y Prestashop tambi\u00e9n son los mejores, \u00bfverdad? En mi opini\u00f3n, la mayor fortaleza de WordPress es precisamente no estar especializado en eCommerce; para eso, est\u00e1 WooCommerce, que agrega m\u00e1s funciones. Venedor tambi\u00e9n debe partir de este principio, ya que este tema pone tanto la parte de eCommerce como la parte pura de WordPress de su sitio. Interesante.\" \/>\n<meta property=\"og:url\" content=\"https:\/\/woo-themes-plugins.com\/es\/producto\/venedor-tema-de-woocommerce-wordpress-tema-de-ecommerce-y-amp-blogs\/\" \/>\n<meta property=\"og:site_name\" content=\"Woo-themes-plugins.com\" \/>\n<meta property=\"og:image\" content=\"https:\/\/woo-themes-plugins.com\/wp-content\/uploads\/sites\/7\/2018\/03\/woo-themes-plugins-venedor-theme-woocommerce-wordpress-theme-ecommerce-blogging-default.jpg\" \/>\n\t<meta property=\"og:image:width\" content=\"757\" \/>\n\t<meta property=\"og:image:height\" content=\"900\" \/>\n\t<meta property=\"og:image:type\" content=\"image\/jpeg\" \/>\n<meta name=\"twitter:label1\" content=\"Tiempo de lectura\" \/>\n\t<meta name=\"twitter:data1\" content=\"1 minuto\" \/>\n<script type=\"application\/ld+json\" class=\"yoast-schema-graph\">{\"@context\":\"https:\/\/schema.org\",\"@graph\":[{\"@type\":\"WebPage\",\"@id\":\"https:\/\/woo-themes-plugins.com\/es\/producto\/venedor-tema-de-woocommerce-wordpress-tema-de-ecommerce-y-amp-blogs\/\",\"url\":\"https:\/\/woo-themes-plugins.com\/es\/producto\/venedor-tema-de-woocommerce-wordpress-tema-de-ecommerce-y-amp-blogs\/\",\"name\":\"Venedor - Tema de WooCommerce \/ WordPress - Tema de eCommerce y amp; blogs - Woo-themes-plugins.com\",\"isPartOf\":{\"@id\":\"https:\/\/woo-themes-plugins.com\/it\/#website\"},\"primaryImageOfPage\":{\"@id\":\"https:\/\/woo-themes-plugins.com\/es\/producto\/venedor-tema-de-woocommerce-wordpress-tema-de-ecommerce-y-amp-blogs\/#primaryimage\"},\"image\":{\"@id\":\"https:\/\/woo-themes-plugins.com\/es\/producto\/venedor-tema-de-woocommerce-wordpress-tema-de-ecommerce-y-amp-blogs\/#primaryimage\"},\"thumbnailUrl\":\"https:\/\/woo-themes-plugins.com\/wp-content\/uploads\/sites\/7\/2018\/03\/woo-themes-plugins-venedor-theme-woocommerce-wordpress-theme-ecommerce-blogging-default.jpg\",\"datePublished\":\"2018-03-27T08:20:02+00:00\",\"dateModified\":\"2018-03-27T08:20:02+00:00\",\"breadcrumb\":{\"@id\":\"https:\/\/woo-themes-plugins.com\/es\/producto\/venedor-tema-de-woocommerce-wordpress-tema-de-ecommerce-y-amp-blogs\/#breadcrumb\"},\"inLanguage\":\"es\",\"potentialAction\":[{\"@type\":\"ReadAction\",\"target\":[\"https:\/\/woo-themes-plugins.com\/es\/producto\/venedor-tema-de-woocommerce-wordpress-tema-de-ecommerce-y-amp-blogs\/\"]}]},{\"@type\":\"ImageObject\",\"inLanguage\":\"es\",\"@id\":\"https:\/\/woo-themes-plugins.com\/es\/producto\/venedor-tema-de-woocommerce-wordpress-tema-de-ecommerce-y-amp-blogs\/#primaryimage\",\"url\":\"https:\/\/woo-themes-plugins.com\/wp-content\/uploads\/sites\/7\/2018\/03\/woo-themes-plugins-venedor-theme-woocommerce-wordpress-theme-ecommerce-blogging-default.jpg\",\"contentUrl\":\"https:\/\/woo-themes-plugins.com\/wp-content\/uploads\/sites\/7\/2018\/03\/woo-themes-plugins-venedor-theme-woocommerce-wordpress-theme-ecommerce-blogging-default.jpg\",\"width\":757,\"height\":900},{\"@type\":\"BreadcrumbList\",\"@id\":\"https:\/\/woo-themes-plugins.com\/es\/producto\/venedor-tema-de-woocommerce-wordpress-tema-de-ecommerce-y-amp-blogs\/#breadcrumb\",\"itemListElement\":[{\"@type\":\"ListItem\",\"position\":1,\"name\":\"Accueil\",\"item\":\"https:\/\/woo-themes-plugins.com\/fr\/\"},{\"@type\":\"ListItem\",\"position\":2,\"name\":\"Shop\",\"item\":\"https:\/\/woo-themes-plugins.com\/shop\/\"},{\"@type\":\"ListItem\",\"position\":3,\"name\":\"Venedor &#8211; Tema de WooCommerce \/ WordPress &#8211; Tema de eCommerce y amp; blogs\"}]},{\"@type\":\"WebSite\",\"@id\":\"https:\/\/woo-themes-plugins.com\/it\/#website\",\"url\":\"https:\/\/woo-themes-plugins.com\/it\/\",\"name\":\"Woo-themes-plugins.com\",\"description\":\"Tous les th\u00e8mes et plugins WooCommerce Premium\",\"potentialAction\":[{\"@type\":\"SearchAction\",\"target\":{\"@type\":\"EntryPoint\",\"urlTemplate\":\"https:\/\/woo-themes-plugins.com\/it\/?s={search_term_string}\"},\"query-input\":\"required name=search_term_string\"}],\"inLanguage\":\"es\"}]}<\/script>\n<!-- \/ Yoast SEO plugin. -->","yoast_head_json":{"title":"Venedor - Tema de WooCommerce \/ WordPress - Tema de eCommerce y amp; blogs - Woo-themes-plugins.com","robots":{"index":"index","follow":"follow","max-snippet":"max-snippet:-1","max-image-preview":"max-image-preview:large","max-video-preview":"max-video-preview:-1"},"canonical":"https:\/\/woo-themes-plugins.com\/es\/producto\/venedor-tema-de-woocommerce-wordpress-tema-de-ecommerce-y-amp-blogs\/","og_locale":"es_ES","og_type":"article","og_title":"Venedor - Tema de WooCommerce \/ WordPress - Tema de eCommerce y amp; blogs - Woo-themes-plugins.com","og_description":"\u00bfCu\u00e1l es la mayor fortaleza de WordPress en comparaci\u00f3n con otros CMS seg\u00fan usted? Despu\u00e9s de todo, hay muchos CMS que solo hacen eCommerce como Magento o Prestashop. Entonces, \u00bfpor qu\u00e9 usar WordPress? Ok, WooCommerce, es genial. Pero ... Magento y Prestashop tambi\u00e9n son los mejores, \u00bfverdad? En mi opini\u00f3n, la mayor fortaleza de WordPress es precisamente no estar especializado en eCommerce; para eso, est\u00e1 WooCommerce, que agrega m\u00e1s funciones. Venedor tambi\u00e9n debe partir de este principio, ya que este tema pone tanto la parte de eCommerce como la parte pura de WordPress de su sitio. Interesante.","og_url":"https:\/\/woo-themes-plugins.com\/es\/producto\/venedor-tema-de-woocommerce-wordpress-tema-de-ecommerce-y-amp-blogs\/","og_site_name":"Woo-themes-plugins.com","og_image":[{"width":757,"height":900,"url":"https:\/\/woo-themes-plugins.com\/wp-content\/uploads\/sites\/7\/2018\/03\/woo-themes-plugins-venedor-theme-woocommerce-wordpress-theme-ecommerce-blogging-default.jpg","type":"image\/jpeg"}],"twitter_misc":{"Tiempo de lectura":"1 minuto"},"schema":{"@context":"https:\/\/schema.org","@graph":[{"@type":"WebPage","@id":"https:\/\/woo-themes-plugins.com\/es\/producto\/venedor-tema-de-woocommerce-wordpress-tema-de-ecommerce-y-amp-blogs\/","url":"https:\/\/woo-themes-plugins.com\/es\/producto\/venedor-tema-de-woocommerce-wordpress-tema-de-ecommerce-y-amp-blogs\/","name":"Venedor - Tema de WooCommerce \/ WordPress - Tema de eCommerce y amp; blogs - Woo-themes-plugins.com","isPartOf":{"@id":"https:\/\/woo-themes-plugins.com\/it\/#website"},"primaryImageOfPage":{"@id":"https:\/\/woo-themes-plugins.com\/es\/producto\/venedor-tema-de-woocommerce-wordpress-tema-de-ecommerce-y-amp-blogs\/#primaryimage"},"image":{"@id":"https:\/\/woo-themes-plugins.com\/es\/producto\/venedor-tema-de-woocommerce-wordpress-tema-de-ecommerce-y-amp-blogs\/#primaryimage"},"thumbnailUrl":"https:\/\/woo-themes-plugins.com\/wp-content\/uploads\/sites\/7\/2018\/03\/woo-themes-plugins-venedor-theme-woocommerce-wordpress-theme-ecommerce-blogging-default.jpg","datePublished":"2018-03-27T08:20:02+00:00","dateModified":"2018-03-27T08:20:02+00:00","breadcrumb":{"@id":"https:\/\/woo-themes-plugins.com\/es\/producto\/venedor-tema-de-woocommerce-wordpress-tema-de-ecommerce-y-amp-blogs\/#breadcrumb"},"inLanguage":"es","potentialAction":[{"@type":"ReadAction","target":["https:\/\/woo-themes-plugins.com\/es\/producto\/venedor-tema-de-woocommerce-wordpress-tema-de-ecommerce-y-amp-blogs\/"]}]},{"@type":"ImageObject","inLanguage":"es","@id":"https:\/\/woo-themes-plugins.com\/es\/producto\/venedor-tema-de-woocommerce-wordpress-tema-de-ecommerce-y-amp-blogs\/#primaryimage","url":"https:\/\/woo-themes-plugins.com\/wp-content\/uploads\/sites\/7\/2018\/03\/woo-themes-plugins-venedor-theme-woocommerce-wordpress-theme-ecommerce-blogging-default.jpg","contentUrl":"https:\/\/woo-themes-plugins.com\/wp-content\/uploads\/sites\/7\/2018\/03\/woo-themes-plugins-venedor-theme-woocommerce-wordpress-theme-ecommerce-blogging-default.jpg","width":757,"height":900},{"@type":"BreadcrumbList","@id":"https:\/\/woo-themes-plugins.com\/es\/producto\/venedor-tema-de-woocommerce-wordpress-tema-de-ecommerce-y-amp-blogs\/#breadcrumb","itemListElement":[{"@type":"ListItem","position":1,"name":"Accueil","item":"https:\/\/woo-themes-plugins.com\/fr\/"},{"@type":"ListItem","position":2,"name":"Shop","item":"https:\/\/woo-themes-plugins.com\/shop\/"},{"@type":"ListItem","position":3,"name":"Venedor &#8211; Tema de WooCommerce \/ WordPress &#8211; Tema de eCommerce y amp; blogs"}]},{"@type":"WebSite","@id":"https:\/\/woo-themes-plugins.com\/it\/#website","url":"https:\/\/woo-themes-plugins.com\/it\/","name":"Woo-themes-plugins.com","description":"Tous les th\u00e8mes et plugins WooCommerce Premium","potentialAction":[{"@type":"SearchAction","target":{"@type":"EntryPoint","urlTemplate":"https:\/\/woo-themes-plugins.com\/it\/?s={search_term_string}"},"query-input":"required name=search_term_string"}],"inLanguage":"es"}]}},"_links":{"self":[{"href":"https:\/\/woo-themes-plugins.com\/es\/wp-json\/wp\/v2\/product\/5081","targetHints":{"allow":["GET"]}}],"collection":[{"href":"https:\/\/woo-themes-plugins.com\/es\/wp-json\/wp\/v2\/product"}],"about":[{"href":"https:\/\/woo-themes-plugins.com\/es\/wp-json\/wp\/v2\/types\/product"}],"wp:featuredmedia":[{"embeddable":true,"href":"https:\/\/woo-themes-plugins.com\/es\/wp-json\/wp\/v2\/media\/778"}],"wp:attachment":[{"href":"https:\/\/woo-themes-plugins.com\/es\/wp-json\/wp\/v2\/media?parent=5081"}],"wp:term":[{"taxonomy":"product_cat","embeddable":true,"href":"https:\/\/woo-themes-plugins.com\/es\/wp-json\/wp\/v2\/product_cat?post=5081"},{"taxonomy":"product_tag","embeddable":true,"href":"https:\/\/woo-themes-plugins.com\/es\/wp-json\/wp\/v2\/product_tag?post=5081"}],"curies":[{"name":"wp","href":"https:\/\/api.w.org\/{rel}","templated":true}]}}