{"id":5082,"date":"2018-03-27T09:13:29","date_gmt":"2018-03-27T08:13:29","guid":{"rendered":"https:\/\/woo-themes-plugins.com\/product\/goodstore-tema-de-woocommerce-marketplace-tema-versatil-y-moderno\/"},"modified":"2018-03-27T09:13:29","modified_gmt":"2018-03-27T08:13:29","slug":"goodstore-tema-de-woocommerce-marketplace-tema-versatil-y-moderno","status":"publish","type":"product","link":"https:\/\/woo-themes-plugins.com\/es\/product\/goodstore-tema-de-woocommerce-marketplace-tema-versatil-y-moderno\/","title":{"rendered":"GoodStore &#8211; Tema de WooCommerce Marketplace &#8211; Tema vers\u00e1til y moderno"},"content":{"rendered":"<p><span id=\"result_box\" class=\"\" lang=\"es\"><span title=\"R\u00e9sum\u00e9 ce th\u00e8me WooCommerce, c'est tout \u00e0 fait possible.\">Resumen este tema WooCommerce, es bastante posible. <\/span><span title=\"Voila ce que cela donnerait :\n\n\u00a0\u00a0\u00a0\u00a0\">Eso es lo que dar\u00eda:<\/p>\n<p><\/span><span title=\"Plus de 20 mises en page de folies\n\u00a0\u00a0\u00a0\u00a0\">M\u00e1s de 20 dise\u00f1os de derroche<br \/>\n<\/span><span title=\"14 traductions d\u00e9j\u00e0 pr\u00eates\n\u00a0\u00a0\u00a0\u00a0\">14 traducciones ya listas<br \/>\n<\/span><span title=\"Un th\u00e8me optimis\u00e9 pour le SEO\n\u00a0\u00a0\u00a0\u00a0\">Un tema optimizado para SEO<br \/>\n<\/span><span title=\"Installation et configuration en trois minutes (avec la d\u00e9mo)\n\u00a0\u00a0\u00a0\u00a0\">Instalaci\u00f3n y configuraci\u00f3n en tres minutos (con la demostraci\u00f3n)<br \/>\n<\/span><span title=\"Mise en page flexible\n\u00a0\u00a0\u00a0\u00a0\">Dise\u00f1o flexible<br \/>\n<\/span><span title=\"100% compatible WooCommerce Multilingue\n\u00a0\u00a0\u00a0\u00a0\">100% compatible con WooCommerce Multilingual<br \/>\n<\/span><span title=\"Mise \u00e0 jour automatis\u00e9e\n\u00a0\u00a0\u00a0\u00a0\">Actualizaci\u00f3n automatizada<br \/>\n<\/span><span title=\"Responsive et Retina ready\n\n\">Responsive y Retina listo<\/p>\n<p><\/span><span title=\"Je ne sais pas ce que tu en penses, mais je trouve que ce simple r\u00e9sum\u00e9 donne l'eau \u00e0 la bouche.\n\n\">No s\u00e9 lo que piensas, pero me parece que este simple resumen le da agua a la boca.<\/p>\n<p><\/span><span title=\"J'adore les th\u00e8mes WooCommerce d\u00e9j\u00e0 pens\u00e9 pour le multilingue car apr\u00e8s tout, il est tr\u00e8s fr\u00e9quent qu'un site de eCommerce se retrouve traduit dans au moins une langue.\">Me encantan los temas que WooCommerce ya pens\u00f3 para el multiling\u00fce porque, despu\u00e9s de todo, es muy com\u00fan que un sitio de comercio electr\u00f3nico se encuentre traducido al menos a un idioma. <\/span><span title=\"Ici, ce th\u00e8me est disponible dans 14 langue diff\u00e9rentes dont l'anglais et le fran\u00e7ais.\n\n\">Aqu\u00ed, este tema est\u00e1 disponible en 14 idiomas diferentes, incluidos ingl\u00e9s y franc\u00e9s.<\/p>\n<p><\/span><span title=\"Le concepteur de GoodStore souhaite t'aider \u00e0 concevoir une boutique personnalis\u00e9e \u00e0 partir de son th\u00e8me.\">El dise\u00f1ador de GoodStore quiere ayudarlo a dise\u00f1ar una tienda personalizada en funci\u00f3n de su tema. <\/span><span title=\"Pour t'aider \u00e0 y parvenir, il te permettra d'acc\u00e9der au plugin de composition visual REVOComposer, l'un des plugins les plus simples et les plus simples \u00e0 utiliser sous WordPress.\">Para ayudarlo a lograr esto, le permitir\u00e1 acceder al plugin de composici\u00f3n visual REVOComposer, uno de los complementos m\u00e1s sencillos y f\u00e1ciles de usar en WordPress. <\/span><span title=\"En parlant de plugins premium, Slider Revolution, Essential Grid et JaW Premium Slider son de la partie avec ce th\u00e8me WooCommerce.\n\n\">Hablando de complementos premium, Slider Revolution, Essential Grid y JaW Premium Slider suenan de la fiesta con este tema de WooCommerce.<\/p>\n<p><\/span><span title=\"D'un point de vue technique, si tu as la chance d'avoir un bon h\u00e9bergement WooCommerce, peut-\u00eatre as-tu configur\u00e9 ton site WordPress en mode multisites.\">Desde un punto de vista t\u00e9cnico, si tienes la suerte de tener un buen alojamiento de WooCommerce, tal vez hayas configurado tu sitio de WordPress en modo multisitio. <\/span><span title=\"Si tel est le cas, ce th\u00e8me a \u00e9t\u00e9 test\u00e9 et valid\u00e9 sous pareil environnement !\">Si es as\u00ed, \u00a1este tema ha sido probado y validado en este entorno!<\/span><\/span><\/p>\n","protected":false},"excerpt":{"rendered":"<p><span id=\"result_box\" class=\"\" lang=\"es\">Perfecto para principiantes, GoodStore sin embargo interesar\u00e1 a m\u00e1s profesionales que trabajen con WooCommerce. De hecho, este tema WooCommerce ofrece una amplia gama de personalizaci\u00f3n, lo que permite a las personas que crean tiendas WooCommerce contar con un tema que en gran medida es reutilizable. GoodStore tambi\u00e9n participa en la creaci\u00f3n de un sitio con una amplia gama de productos o solo en sitios de comercio electr\u00f3nico como el mercado.<\/span><\/p>\n","protected":false},"featured_media":857,"template":"","meta":{"_monsterinsights_skip_tracking":false,"_monsterinsights_sitenote_active":false,"_monsterinsights_sitenote_note":"","_monsterinsights_sitenote_category":0},"product_cat":[221],"product_tag":[300,299,302,224,229,306,308,265,266,263,294,289,298,303,287,293,292,296,295],"class_list":["post-5082","product","type-product","status-publish","has-post-thumbnail","hentry","product_cat-tema-de-woocommerce","product_tag-control-deslizante-woocommerce-y-revolution","product_tag-instalacion-de-woocommerce-un-clic","product_tag-multisite-compatible-woocommerce","product_tag-paquete-de-complementos-premium","product_tag-principiante-woocommerce","product_tag-responsive-woocommerce","product_tag-seo-woocommerce","product_tag-tema-de-woocommerce-con-blog","product_tag-tema-de-woocommerce-con-constructor","product_tag-temas-personalizables-de-woocommerce","product_tag-tienda-woocommerce-sports","product_tag-woocommerce-florist","product_tag-woocommerce-belleza","product_tag-woocommerce-multilingual","product_tag-woocommerce-y-joyeria","product_tag-woocommerce-y-la-tienda-de-moda","product_tag-woocommerce-y-lujo-alto-de-la-gama","product_tag-woocommerce-y-marketplace","product_tag-woocommerce-y-tienda-de-ropa","pa_dev-woo-plugin-theme-jawtemplates-es","pa_marketplace-woocommerce-themeforest-net-es"],"yoast_head":"<!-- This site is optimized with the Yoast SEO plugin v23.1 - https:\/\/yoast.com\/wordpress\/plugins\/seo\/ -->\n<title>GoodStore - Tema de WooCommerce Marketplace - Tema vers\u00e1til y moderno - Woo-themes-plugins.com<\/title>\n<meta name=\"robots\" content=\"index, follow, max-snippet:-1, max-image-preview:large, max-video-preview:-1\" \/>\n<link rel=\"canonical\" href=\"https:\/\/woo-themes-plugins.com\/es\/producto\/goodstore-tema-de-woocommerce-marketplace-tema-versatil-y-moderno\/\" \/>\n<meta property=\"og:locale\" content=\"es_ES\" \/>\n<meta property=\"og:type\" content=\"article\" \/>\n<meta property=\"og:title\" content=\"GoodStore - Tema de WooCommerce Marketplace - Tema vers\u00e1til y moderno - Woo-themes-plugins.com\" \/>\n<meta property=\"og:description\" content=\"Perfecto para principiantes, GoodStore sin embargo interesar\u00e1 a m\u00e1s profesionales que trabajen con WooCommerce. De hecho, este tema WooCommerce ofrece una amplia gama de personalizaci\u00f3n, lo que permite a las personas que crean tiendas WooCommerce contar con un tema que en gran medida es reutilizable. GoodStore tambi\u00e9n participa en la creaci\u00f3n de un sitio con una amplia gama de productos o solo en sitios de comercio electr\u00f3nico como el mercado.\" \/>\n<meta property=\"og:url\" content=\"https:\/\/woo-themes-plugins.com\/es\/producto\/goodstore-tema-de-woocommerce-marketplace-tema-versatil-y-moderno\/\" \/>\n<meta property=\"og:site_name\" content=\"Woo-themes-plugins.com\" \/>\n<meta property=\"og:image\" content=\"https:\/\/woo-themes-plugins.com\/wp-content\/uploads\/sites\/7\/2018\/03\/woo-themes-plugins-goodstore-theme-woocommerce-grosse-boutique-marketplace-theme-versatile-moderne-default.jpg\" \/>\n\t<meta property=\"og:image:width\" content=\"757\" \/>\n\t<meta property=\"og:image:height\" content=\"900\" \/>\n\t<meta property=\"og:image:type\" content=\"image\/jpeg\" \/>\n<meta name=\"twitter:label1\" content=\"Tiempo de lectura\" \/>\n\t<meta name=\"twitter:data1\" content=\"1 minuto\" \/>\n<script type=\"application\/ld+json\" class=\"yoast-schema-graph\">{\"@context\":\"https:\/\/schema.org\",\"@graph\":[{\"@type\":\"WebPage\",\"@id\":\"https:\/\/woo-themes-plugins.com\/es\/producto\/goodstore-tema-de-woocommerce-marketplace-tema-versatil-y-moderno\/\",\"url\":\"https:\/\/woo-themes-plugins.com\/es\/producto\/goodstore-tema-de-woocommerce-marketplace-tema-versatil-y-moderno\/\",\"name\":\"GoodStore - Tema de WooCommerce Marketplace - Tema vers\u00e1til y moderno - Woo-themes-plugins.com\",\"isPartOf\":{\"@id\":\"https:\/\/woo-themes-plugins.com\/it\/#website\"},\"primaryImageOfPage\":{\"@id\":\"https:\/\/woo-themes-plugins.com\/es\/producto\/goodstore-tema-de-woocommerce-marketplace-tema-versatil-y-moderno\/#primaryimage\"},\"image\":{\"@id\":\"https:\/\/woo-themes-plugins.com\/es\/producto\/goodstore-tema-de-woocommerce-marketplace-tema-versatil-y-moderno\/#primaryimage\"},\"thumbnailUrl\":\"https:\/\/woo-themes-plugins.com\/wp-content\/uploads\/sites\/7\/2018\/03\/woo-themes-plugins-goodstore-theme-woocommerce-grosse-boutique-marketplace-theme-versatile-moderne-default.jpg\",\"datePublished\":\"2018-03-27T08:13:29+00:00\",\"dateModified\":\"2018-03-27T08:13:29+00:00\",\"breadcrumb\":{\"@id\":\"https:\/\/woo-themes-plugins.com\/es\/producto\/goodstore-tema-de-woocommerce-marketplace-tema-versatil-y-moderno\/#breadcrumb\"},\"inLanguage\":\"es\",\"potentialAction\":[{\"@type\":\"ReadAction\",\"target\":[\"https:\/\/woo-themes-plugins.com\/es\/producto\/goodstore-tema-de-woocommerce-marketplace-tema-versatil-y-moderno\/\"]}]},{\"@type\":\"ImageObject\",\"inLanguage\":\"es\",\"@id\":\"https:\/\/woo-themes-plugins.com\/es\/producto\/goodstore-tema-de-woocommerce-marketplace-tema-versatil-y-moderno\/#primaryimage\",\"url\":\"https:\/\/woo-themes-plugins.com\/wp-content\/uploads\/sites\/7\/2018\/03\/woo-themes-plugins-goodstore-theme-woocommerce-grosse-boutique-marketplace-theme-versatile-moderne-default.jpg\",\"contentUrl\":\"https:\/\/woo-themes-plugins.com\/wp-content\/uploads\/sites\/7\/2018\/03\/woo-themes-plugins-goodstore-theme-woocommerce-grosse-boutique-marketplace-theme-versatile-moderne-default.jpg\",\"width\":757,\"height\":900},{\"@type\":\"BreadcrumbList\",\"@id\":\"https:\/\/woo-themes-plugins.com\/es\/producto\/goodstore-tema-de-woocommerce-marketplace-tema-versatil-y-moderno\/#breadcrumb\",\"itemListElement\":[{\"@type\":\"ListItem\",\"position\":1,\"name\":\"Accueil\",\"item\":\"https:\/\/woo-themes-plugins.com\/fr\/\"},{\"@type\":\"ListItem\",\"position\":2,\"name\":\"Shop\",\"item\":\"https:\/\/woo-themes-plugins.com\/shop\/\"},{\"@type\":\"ListItem\",\"position\":3,\"name\":\"GoodStore &#8211; Tema de WooCommerce Marketplace &#8211; Tema vers\u00e1til y moderno\"}]},{\"@type\":\"WebSite\",\"@id\":\"https:\/\/woo-themes-plugins.com\/it\/#website\",\"url\":\"https:\/\/woo-themes-plugins.com\/it\/\",\"name\":\"Woo-themes-plugins.com\",\"description\":\"Tous les th\u00e8mes et plugins WooCommerce Premium\",\"potentialAction\":[{\"@type\":\"SearchAction\",\"target\":{\"@type\":\"EntryPoint\",\"urlTemplate\":\"https:\/\/woo-themes-plugins.com\/it\/?s={search_term_string}\"},\"query-input\":\"required name=search_term_string\"}],\"inLanguage\":\"es\"}]}<\/script>\n<!-- \/ Yoast SEO plugin. -->","yoast_head_json":{"title":"GoodStore - Tema de WooCommerce Marketplace - Tema vers\u00e1til y moderno - Woo-themes-plugins.com","robots":{"index":"index","follow":"follow","max-snippet":"max-snippet:-1","max-image-preview":"max-image-preview:large","max-video-preview":"max-video-preview:-1"},"canonical":"https:\/\/woo-themes-plugins.com\/es\/producto\/goodstore-tema-de-woocommerce-marketplace-tema-versatil-y-moderno\/","og_locale":"es_ES","og_type":"article","og_title":"GoodStore - Tema de WooCommerce Marketplace - Tema vers\u00e1til y moderno - Woo-themes-plugins.com","og_description":"Perfecto para principiantes, GoodStore sin embargo interesar\u00e1 a m\u00e1s profesionales que trabajen con WooCommerce. De hecho, este tema WooCommerce ofrece una amplia gama de personalizaci\u00f3n, lo que permite a las personas que crean tiendas WooCommerce contar con un tema que en gran medida es reutilizable. GoodStore tambi\u00e9n participa en la creaci\u00f3n de un sitio con una amplia gama de productos o solo en sitios de comercio electr\u00f3nico como el mercado.","og_url":"https:\/\/woo-themes-plugins.com\/es\/producto\/goodstore-tema-de-woocommerce-marketplace-tema-versatil-y-moderno\/","og_site_name":"Woo-themes-plugins.com","og_image":[{"width":757,"height":900,"url":"https:\/\/woo-themes-plugins.com\/wp-content\/uploads\/sites\/7\/2018\/03\/woo-themes-plugins-goodstore-theme-woocommerce-grosse-boutique-marketplace-theme-versatile-moderne-default.jpg","type":"image\/jpeg"}],"twitter_misc":{"Tiempo de lectura":"1 minuto"},"schema":{"@context":"https:\/\/schema.org","@graph":[{"@type":"WebPage","@id":"https:\/\/woo-themes-plugins.com\/es\/producto\/goodstore-tema-de-woocommerce-marketplace-tema-versatil-y-moderno\/","url":"https:\/\/woo-themes-plugins.com\/es\/producto\/goodstore-tema-de-woocommerce-marketplace-tema-versatil-y-moderno\/","name":"GoodStore - Tema de WooCommerce Marketplace - Tema vers\u00e1til y moderno - Woo-themes-plugins.com","isPartOf":{"@id":"https:\/\/woo-themes-plugins.com\/it\/#website"},"primaryImageOfPage":{"@id":"https:\/\/woo-themes-plugins.com\/es\/producto\/goodstore-tema-de-woocommerce-marketplace-tema-versatil-y-moderno\/#primaryimage"},"image":{"@id":"https:\/\/woo-themes-plugins.com\/es\/producto\/goodstore-tema-de-woocommerce-marketplace-tema-versatil-y-moderno\/#primaryimage"},"thumbnailUrl":"https:\/\/woo-themes-plugins.com\/wp-content\/uploads\/sites\/7\/2018\/03\/woo-themes-plugins-goodstore-theme-woocommerce-grosse-boutique-marketplace-theme-versatile-moderne-default.jpg","datePublished":"2018-03-27T08:13:29+00:00","dateModified":"2018-03-27T08:13:29+00:00","breadcrumb":{"@id":"https:\/\/woo-themes-plugins.com\/es\/producto\/goodstore-tema-de-woocommerce-marketplace-tema-versatil-y-moderno\/#breadcrumb"},"inLanguage":"es","potentialAction":[{"@type":"ReadAction","target":["https:\/\/woo-themes-plugins.com\/es\/producto\/goodstore-tema-de-woocommerce-marketplace-tema-versatil-y-moderno\/"]}]},{"@type":"ImageObject","inLanguage":"es","@id":"https:\/\/woo-themes-plugins.com\/es\/producto\/goodstore-tema-de-woocommerce-marketplace-tema-versatil-y-moderno\/#primaryimage","url":"https:\/\/woo-themes-plugins.com\/wp-content\/uploads\/sites\/7\/2018\/03\/woo-themes-plugins-goodstore-theme-woocommerce-grosse-boutique-marketplace-theme-versatile-moderne-default.jpg","contentUrl":"https:\/\/woo-themes-plugins.com\/wp-content\/uploads\/sites\/7\/2018\/03\/woo-themes-plugins-goodstore-theme-woocommerce-grosse-boutique-marketplace-theme-versatile-moderne-default.jpg","width":757,"height":900},{"@type":"BreadcrumbList","@id":"https:\/\/woo-themes-plugins.com\/es\/producto\/goodstore-tema-de-woocommerce-marketplace-tema-versatil-y-moderno\/#breadcrumb","itemListElement":[{"@type":"ListItem","position":1,"name":"Accueil","item":"https:\/\/woo-themes-plugins.com\/fr\/"},{"@type":"ListItem","position":2,"name":"Shop","item":"https:\/\/woo-themes-plugins.com\/shop\/"},{"@type":"ListItem","position":3,"name":"GoodStore &#8211; Tema de WooCommerce Marketplace &#8211; Tema vers\u00e1til y moderno"}]},{"@type":"WebSite","@id":"https:\/\/woo-themes-plugins.com\/it\/#website","url":"https:\/\/woo-themes-plugins.com\/it\/","name":"Woo-themes-plugins.com","description":"Tous les th\u00e8mes et plugins WooCommerce Premium","potentialAction":[{"@type":"SearchAction","target":{"@type":"EntryPoint","urlTemplate":"https:\/\/woo-themes-plugins.com\/it\/?s={search_term_string}"},"query-input":"required name=search_term_string"}],"inLanguage":"es"}]}},"_links":{"self":[{"href":"https:\/\/woo-themes-plugins.com\/es\/wp-json\/wp\/v2\/product\/5082","targetHints":{"allow":["GET"]}}],"collection":[{"href":"https:\/\/woo-themes-plugins.com\/es\/wp-json\/wp\/v2\/product"}],"about":[{"href":"https:\/\/woo-themes-plugins.com\/es\/wp-json\/wp\/v2\/types\/product"}],"wp:featuredmedia":[{"embeddable":true,"href":"https:\/\/woo-themes-plugins.com\/es\/wp-json\/wp\/v2\/media\/857"}],"wp:attachment":[{"href":"https:\/\/woo-themes-plugins.com\/es\/wp-json\/wp\/v2\/media?parent=5082"}],"wp:term":[{"taxonomy":"product_cat","embeddable":true,"href":"https:\/\/woo-themes-plugins.com\/es\/wp-json\/wp\/v2\/product_cat?post=5082"},{"taxonomy":"product_tag","embeddable":true,"href":"https:\/\/woo-themes-plugins.com\/es\/wp-json\/wp\/v2\/product_tag?post=5082"}],"curies":[{"name":"wp","href":"https:\/\/api.w.org\/{rel}","templated":true}]}}