{"id":5083,"date":"2018-03-27T09:06:57","date_gmt":"2018-03-27T08:06:57","guid":{"rendered":"https:\/\/woo-themes-plugins.com\/product\/north-woocommerce-luxury-theme-minimalist-modern-y-seo-ready-theme\/"},"modified":"2018-03-27T09:06:57","modified_gmt":"2018-03-27T08:06:57","slug":"north-woocommerce-luxury-theme-minimalist-modern-y-seo-ready-theme","status":"publish","type":"product","link":"https:\/\/woo-themes-plugins.com\/es\/product\/north-woocommerce-luxury-theme-minimalist-modern-y-seo-ready-theme\/","title":{"rendered":"North &#8211; WooCommerce Luxury Theme &#8211; Minimalist, Modern y SEO Ready Theme"},"content":{"rendered":"","protected":false},"excerpt":{"rendered":"<p><span id=\"result_box\" class=\"\" lang=\"es\">Hay temas de WooCommerce que son m\u00e1s que solo temas, son casi casos para nuestros productos. Si est\u00e1s buscando un tema de WooCommerce que haya sido dise\u00f1ado para llevar una boutique de lujo, creo que acabas de encontrar tu felicidad. North es un tema de WooCommerce para tiendas de lujo, no hay dudas al respecto. Su estilo minimalista lo convierte en un candidato ideal para el lujo porque, despu\u00e9s de todo, \u00bfqui\u00e9n sino el lujo puede darse el lujo de comprar un vac\u00edo en un sitio de comercio electr\u00f3nico? La parte del blog es tambi\u00e9n una verdadera ventaja de este tema de WooCommerce.<\/span><\/p>\n","protected":false},"featured_media":918,"template":"","meta":{"_monsterinsights_skip_tracking":false,"_monsterinsights_sitenote_active":false,"_monsterinsights_sitenote_note":"","_monsterinsights_sitenote_category":0},"product_cat":[221],"product_tag":[299,229,306,308,265,263,298,303,292],"class_list":["post-5083","product","type-product","status-publish","has-post-thumbnail","hentry","product_cat-tema-de-woocommerce","product_tag-instalacion-de-woocommerce-un-clic","product_tag-principiante-woocommerce","product_tag-responsive-woocommerce","product_tag-seo-woocommerce","product_tag-tema-de-woocommerce-con-blog","product_tag-temas-personalizables-de-woocommerce","product_tag-woocommerce-belleza","product_tag-woocommerce-multilingual","product_tag-woocommerce-y-lujo-alto-de-la-gama","pa_dev-woo-plugin-theme-fuelthemes-es","pa_marketplace-woocommerce-themeforest-net-es"],"yoast_head":"<!-- This site is optimized with the Yoast SEO plugin v23.1 - https:\/\/yoast.com\/wordpress\/plugins\/seo\/ -->\n<title>North - WooCommerce Luxury Theme - Minimalist, Modern y SEO Ready Theme - Woo-themes-plugins.com<\/title>\n<meta name=\"robots\" content=\"index, follow, max-snippet:-1, max-image-preview:large, max-video-preview:-1\" \/>\n<link rel=\"canonical\" href=\"https:\/\/woo-themes-plugins.com\/es\/producto\/north-woocommerce-luxury-theme-minimalist-modern-y-seo-ready-theme\/\" \/>\n<meta property=\"og:locale\" content=\"es_ES\" \/>\n<meta property=\"og:type\" content=\"article\" \/>\n<meta property=\"og:title\" content=\"North - WooCommerce Luxury Theme - Minimalist, Modern y SEO Ready Theme - Woo-themes-plugins.com\" \/>\n<meta property=\"og:description\" content=\"Hay temas de WooCommerce que son m\u00e1s que solo temas, son casi casos para nuestros productos. Si est\u00e1s buscando un tema de WooCommerce que haya sido dise\u00f1ado para llevar una boutique de lujo, creo que acabas de encontrar tu felicidad. North es un tema de WooCommerce para tiendas de lujo, no hay dudas al respecto. Su estilo minimalista lo convierte en un candidato ideal para el lujo porque, despu\u00e9s de todo, \u00bfqui\u00e9n sino el lujo puede darse el lujo de comprar un vac\u00edo en un sitio de comercio electr\u00f3nico? La parte del blog es tambi\u00e9n una verdadera ventaja de este tema de WooCommerce.\" \/>\n<meta property=\"og:url\" content=\"https:\/\/woo-themes-plugins.com\/es\/producto\/north-woocommerce-luxury-theme-minimalist-modern-y-seo-ready-theme\/\" \/>\n<meta property=\"og:site_name\" content=\"Woo-themes-plugins.com\" \/>\n<meta property=\"og:image\" content=\"https:\/\/woo-themes-plugins.com\/wp-content\/uploads\/sites\/7\/2018\/03\/woo-themes-plugins-north-theme-woocommerce-luxe-theme-minimaliste-moderne-seo-default.jpg\" \/>\n\t<meta property=\"og:image:width\" content=\"906\" \/>\n\t<meta property=\"og:image:height\" content=\"900\" \/>\n\t<meta property=\"og:image:type\" content=\"image\/jpeg\" \/>\n<script type=\"application\/ld+json\" class=\"yoast-schema-graph\">{\"@context\":\"https:\/\/schema.org\",\"@graph\":[{\"@type\":\"WebPage\",\"@id\":\"https:\/\/woo-themes-plugins.com\/es\/producto\/north-woocommerce-luxury-theme-minimalist-modern-y-seo-ready-theme\/\",\"url\":\"https:\/\/woo-themes-plugins.com\/es\/producto\/north-woocommerce-luxury-theme-minimalist-modern-y-seo-ready-theme\/\",\"name\":\"North - WooCommerce Luxury Theme - Minimalist, Modern y SEO Ready Theme - Woo-themes-plugins.com\",\"isPartOf\":{\"@id\":\"https:\/\/woo-themes-plugins.com\/it\/#website\"},\"primaryImageOfPage\":{\"@id\":\"https:\/\/woo-themes-plugins.com\/es\/producto\/north-woocommerce-luxury-theme-minimalist-modern-y-seo-ready-theme\/#primaryimage\"},\"image\":{\"@id\":\"https:\/\/woo-themes-plugins.com\/es\/producto\/north-woocommerce-luxury-theme-minimalist-modern-y-seo-ready-theme\/#primaryimage\"},\"thumbnailUrl\":\"https:\/\/woo-themes-plugins.com\/wp-content\/uploads\/sites\/7\/2018\/03\/woo-themes-plugins-north-theme-woocommerce-luxe-theme-minimaliste-moderne-seo-default.jpg\",\"datePublished\":\"2018-03-27T08:06:57+00:00\",\"dateModified\":\"2018-03-27T08:06:57+00:00\",\"breadcrumb\":{\"@id\":\"https:\/\/woo-themes-plugins.com\/es\/producto\/north-woocommerce-luxury-theme-minimalist-modern-y-seo-ready-theme\/#breadcrumb\"},\"inLanguage\":\"es\",\"potentialAction\":[{\"@type\":\"ReadAction\",\"target\":[\"https:\/\/woo-themes-plugins.com\/es\/producto\/north-woocommerce-luxury-theme-minimalist-modern-y-seo-ready-theme\/\"]}]},{\"@type\":\"ImageObject\",\"inLanguage\":\"es\",\"@id\":\"https:\/\/woo-themes-plugins.com\/es\/producto\/north-woocommerce-luxury-theme-minimalist-modern-y-seo-ready-theme\/#primaryimage\",\"url\":\"https:\/\/woo-themes-plugins.com\/wp-content\/uploads\/sites\/7\/2018\/03\/woo-themes-plugins-north-theme-woocommerce-luxe-theme-minimaliste-moderne-seo-default.jpg\",\"contentUrl\":\"https:\/\/woo-themes-plugins.com\/wp-content\/uploads\/sites\/7\/2018\/03\/woo-themes-plugins-north-theme-woocommerce-luxe-theme-minimaliste-moderne-seo-default.jpg\",\"width\":906,\"height\":900},{\"@type\":\"BreadcrumbList\",\"@id\":\"https:\/\/woo-themes-plugins.com\/es\/producto\/north-woocommerce-luxury-theme-minimalist-modern-y-seo-ready-theme\/#breadcrumb\",\"itemListElement\":[{\"@type\":\"ListItem\",\"position\":1,\"name\":\"Accueil\",\"item\":\"https:\/\/woo-themes-plugins.com\/fr\/\"},{\"@type\":\"ListItem\",\"position\":2,\"name\":\"Shop\",\"item\":\"https:\/\/woo-themes-plugins.com\/shop\/\"},{\"@type\":\"ListItem\",\"position\":3,\"name\":\"North &#8211; WooCommerce Luxury Theme &#8211; Minimalist, Modern y SEO Ready Theme\"}]},{\"@type\":\"WebSite\",\"@id\":\"https:\/\/woo-themes-plugins.com\/it\/#website\",\"url\":\"https:\/\/woo-themes-plugins.com\/it\/\",\"name\":\"Woo-themes-plugins.com\",\"description\":\"Tous les th\u00e8mes et plugins WooCommerce Premium\",\"potentialAction\":[{\"@type\":\"SearchAction\",\"target\":{\"@type\":\"EntryPoint\",\"urlTemplate\":\"https:\/\/woo-themes-plugins.com\/it\/?s={search_term_string}\"},\"query-input\":\"required name=search_term_string\"}],\"inLanguage\":\"es\"}]}<\/script>\n<!-- \/ Yoast SEO plugin. -->","yoast_head_json":{"title":"North - WooCommerce Luxury Theme - Minimalist, Modern y SEO Ready Theme - Woo-themes-plugins.com","robots":{"index":"index","follow":"follow","max-snippet":"max-snippet:-1","max-image-preview":"max-image-preview:large","max-video-preview":"max-video-preview:-1"},"canonical":"https:\/\/woo-themes-plugins.com\/es\/producto\/north-woocommerce-luxury-theme-minimalist-modern-y-seo-ready-theme\/","og_locale":"es_ES","og_type":"article","og_title":"North - WooCommerce Luxury Theme - Minimalist, Modern y SEO Ready Theme - Woo-themes-plugins.com","og_description":"Hay temas de WooCommerce que son m\u00e1s que solo temas, son casi casos para nuestros productos. Si est\u00e1s buscando un tema de WooCommerce que haya sido dise\u00f1ado para llevar una boutique de lujo, creo que acabas de encontrar tu felicidad. North es un tema de WooCommerce para tiendas de lujo, no hay dudas al respecto. Su estilo minimalista lo convierte en un candidato ideal para el lujo porque, despu\u00e9s de todo, \u00bfqui\u00e9n sino el lujo puede darse el lujo de comprar un vac\u00edo en un sitio de comercio electr\u00f3nico? La parte del blog es tambi\u00e9n una verdadera ventaja de este tema de WooCommerce.","og_url":"https:\/\/woo-themes-plugins.com\/es\/producto\/north-woocommerce-luxury-theme-minimalist-modern-y-seo-ready-theme\/","og_site_name":"Woo-themes-plugins.com","og_image":[{"width":906,"height":900,"url":"https:\/\/woo-themes-plugins.com\/wp-content\/uploads\/sites\/7\/2018\/03\/woo-themes-plugins-north-theme-woocommerce-luxe-theme-minimaliste-moderne-seo-default.jpg","type":"image\/jpeg"}],"schema":{"@context":"https:\/\/schema.org","@graph":[{"@type":"WebPage","@id":"https:\/\/woo-themes-plugins.com\/es\/producto\/north-woocommerce-luxury-theme-minimalist-modern-y-seo-ready-theme\/","url":"https:\/\/woo-themes-plugins.com\/es\/producto\/north-woocommerce-luxury-theme-minimalist-modern-y-seo-ready-theme\/","name":"North - WooCommerce Luxury Theme - Minimalist, Modern y SEO Ready Theme - Woo-themes-plugins.com","isPartOf":{"@id":"https:\/\/woo-themes-plugins.com\/it\/#website"},"primaryImageOfPage":{"@id":"https:\/\/woo-themes-plugins.com\/es\/producto\/north-woocommerce-luxury-theme-minimalist-modern-y-seo-ready-theme\/#primaryimage"},"image":{"@id":"https:\/\/woo-themes-plugins.com\/es\/producto\/north-woocommerce-luxury-theme-minimalist-modern-y-seo-ready-theme\/#primaryimage"},"thumbnailUrl":"https:\/\/woo-themes-plugins.com\/wp-content\/uploads\/sites\/7\/2018\/03\/woo-themes-plugins-north-theme-woocommerce-luxe-theme-minimaliste-moderne-seo-default.jpg","datePublished":"2018-03-27T08:06:57+00:00","dateModified":"2018-03-27T08:06:57+00:00","breadcrumb":{"@id":"https:\/\/woo-themes-plugins.com\/es\/producto\/north-woocommerce-luxury-theme-minimalist-modern-y-seo-ready-theme\/#breadcrumb"},"inLanguage":"es","potentialAction":[{"@type":"ReadAction","target":["https:\/\/woo-themes-plugins.com\/es\/producto\/north-woocommerce-luxury-theme-minimalist-modern-y-seo-ready-theme\/"]}]},{"@type":"ImageObject","inLanguage":"es","@id":"https:\/\/woo-themes-plugins.com\/es\/producto\/north-woocommerce-luxury-theme-minimalist-modern-y-seo-ready-theme\/#primaryimage","url":"https:\/\/woo-themes-plugins.com\/wp-content\/uploads\/sites\/7\/2018\/03\/woo-themes-plugins-north-theme-woocommerce-luxe-theme-minimaliste-moderne-seo-default.jpg","contentUrl":"https:\/\/woo-themes-plugins.com\/wp-content\/uploads\/sites\/7\/2018\/03\/woo-themes-plugins-north-theme-woocommerce-luxe-theme-minimaliste-moderne-seo-default.jpg","width":906,"height":900},{"@type":"BreadcrumbList","@id":"https:\/\/woo-themes-plugins.com\/es\/producto\/north-woocommerce-luxury-theme-minimalist-modern-y-seo-ready-theme\/#breadcrumb","itemListElement":[{"@type":"ListItem","position":1,"name":"Accueil","item":"https:\/\/woo-themes-plugins.com\/fr\/"},{"@type":"ListItem","position":2,"name":"Shop","item":"https:\/\/woo-themes-plugins.com\/shop\/"},{"@type":"ListItem","position":3,"name":"North &#8211; WooCommerce Luxury Theme &#8211; Minimalist, Modern y SEO Ready Theme"}]},{"@type":"WebSite","@id":"https:\/\/woo-themes-plugins.com\/it\/#website","url":"https:\/\/woo-themes-plugins.com\/it\/","name":"Woo-themes-plugins.com","description":"Tous les th\u00e8mes et plugins WooCommerce Premium","potentialAction":[{"@type":"SearchAction","target":{"@type":"EntryPoint","urlTemplate":"https:\/\/woo-themes-plugins.com\/it\/?s={search_term_string}"},"query-input":"required name=search_term_string"}],"inLanguage":"es"}]}},"_links":{"self":[{"href":"https:\/\/woo-themes-plugins.com\/es\/wp-json\/wp\/v2\/product\/5083","targetHints":{"allow":["GET"]}}],"collection":[{"href":"https:\/\/woo-themes-plugins.com\/es\/wp-json\/wp\/v2\/product"}],"about":[{"href":"https:\/\/woo-themes-plugins.com\/es\/wp-json\/wp\/v2\/types\/product"}],"wp:featuredmedia":[{"embeddable":true,"href":"https:\/\/woo-themes-plugins.com\/es\/wp-json\/wp\/v2\/media\/918"}],"wp:attachment":[{"href":"https:\/\/woo-themes-plugins.com\/es\/wp-json\/wp\/v2\/media?parent=5083"}],"wp:term":[{"taxonomy":"product_cat","embeddable":true,"href":"https:\/\/woo-themes-plugins.com\/es\/wp-json\/wp\/v2\/product_cat?post=5083"},{"taxonomy":"product_tag","embeddable":true,"href":"https:\/\/woo-themes-plugins.com\/es\/wp-json\/wp\/v2\/product_tag?post=5083"}],"curies":[{"name":"wp","href":"https:\/\/api.w.org\/{rel}","templated":true}]}}