{"id":5084,"date":"2018-03-27T08:59:14","date_gmt":"2018-03-27T07:59:14","guid":{"rendered":"https:\/\/woo-themes-plugins.com\/product\/tienda-de-sommerce-tema-de-woocommerce-sin-limite-tema-versatil-y-receptivo\/"},"modified":"2018-03-27T08:59:14","modified_gmt":"2018-03-27T07:59:14","slug":"tienda-de-sommerce-tema-de-woocommerce-sin-limite-tema-versatil-y-receptivo","status":"publish","type":"product","link":"https:\/\/woo-themes-plugins.com\/es\/product\/tienda-de-sommerce-tema-de-woocommerce-sin-limite-tema-versatil-y-receptivo\/","title":{"rendered":"Tienda de Sommerce &#8211; Tema de WooCommerce sin l\u00edmite &#8211; Tema vers\u00e1til y receptivo"},"content":{"rendered":"","protected":false},"excerpt":{"rendered":"<p><span id=\"result_box\" class=\"\" lang=\"es\">Sommerce Shop es un tema de WooCommerce que aportar\u00e1 un toque de frescura a su sitio de comercio electr\u00f3nico, al tiempo que le ofrece posibilidades de dise\u00f1o casi ilimitadas. Si tambi\u00e9n quieres jugar con los colores, claramente te diviertes. Dise\u00f1o de la p\u00e1gina de inicio utilizando widgets y c\u00f3digos abreviados para la mayor flexibilidad posible, elecci\u00f3n entre una versi\u00f3n con o sin historia de fondo, elecci\u00f3n de m\u00e1s de 60 fondos diferentes &#8230; Un verdadero tema WooCommerce navaja suiza .<\/span><\/p>\n","protected":false},"featured_media":460,"template":"","meta":{"_monsterinsights_skip_tracking":false,"_monsterinsights_sitenote_active":false,"_monsterinsights_sitenote_note":"","_monsterinsights_sitenote_category":0},"product_cat":[221],"product_tag":[300,275,299,224,229,306,271,264,263,272,289,301,298,303,286,287,285,297,282],"class_list":["post-5084","product","type-product","status-publish","has-post-thumbnail","hentry","product_cat-tema-de-woocommerce","product_tag-control-deslizante-woocommerce-y-revolution","product_tag-el-tema-de-la-vendimia-de-woocommerce","product_tag-instalacion-de-woocommerce-un-clic","product_tag-paquete-de-complementos-premium","product_tag-principiante-woocommerce","product_tag-responsive-woocommerce","product_tag-tema-woocommerce-onepage","product_tag-tema-woocommerce-y-ajax","product_tag-temas-personalizables-de-woocommerce","product_tag-the-woocommerce-parallax-tema","product_tag-woocommerce-florist","product_tag-woocommerce-visual-composer-es","product_tag-woocommerce-belleza","product_tag-woocommerce-multilingual","product_tag-woocommerce-y-animalerie","product_tag-woocommerce-y-joyeria","product_tag-woocommerce-y-muebles","product_tag-woocommerce-y-quincaillerie","product_tag-woocommerce-y-toy-store","pa_dev-woo-plugin-theme-sara_p-es","pa_marketplace-woocommerce-themeforest-net-es"],"yoast_head":"<!-- This site is optimized with the Yoast SEO plugin v23.1 - https:\/\/yoast.com\/wordpress\/plugins\/seo\/ -->\n<title>Tienda de Sommerce - Tema de WooCommerce sin l\u00edmite - Tema vers\u00e1til y receptivo - Woo-themes-plugins.com<\/title>\n<meta name=\"robots\" content=\"index, follow, max-snippet:-1, max-image-preview:large, max-video-preview:-1\" \/>\n<link rel=\"canonical\" href=\"https:\/\/woo-themes-plugins.com\/es\/producto\/tienda-de-sommerce-tema-de-woocommerce-sin-limite-tema-versatil-y-receptivo\/\" \/>\n<meta property=\"og:locale\" content=\"es_ES\" \/>\n<meta property=\"og:type\" content=\"article\" \/>\n<meta property=\"og:title\" content=\"Tienda de Sommerce - Tema de WooCommerce sin l\u00edmite - Tema vers\u00e1til y receptivo - Woo-themes-plugins.com\" \/>\n<meta property=\"og:description\" content=\"Sommerce Shop es un tema de WooCommerce que aportar\u00e1 un toque de frescura a su sitio de comercio electr\u00f3nico, al tiempo que le ofrece posibilidades de dise\u00f1o casi ilimitadas. Si tambi\u00e9n quieres jugar con los colores, claramente te diviertes. Dise\u00f1o de la p\u00e1gina de inicio utilizando widgets y c\u00f3digos abreviados para la mayor flexibilidad posible, elecci\u00f3n entre una versi\u00f3n con o sin historia de fondo, elecci\u00f3n de m\u00e1s de 60 fondos diferentes ... Un verdadero tema WooCommerce navaja suiza .\" \/>\n<meta property=\"og:url\" content=\"https:\/\/woo-themes-plugins.com\/es\/producto\/tienda-de-sommerce-tema-de-woocommerce-sin-limite-tema-versatil-y-receptivo\/\" \/>\n<meta property=\"og:site_name\" content=\"Woo-themes-plugins.com\" \/>\n<meta property=\"og:image\" content=\"https:\/\/woo-themes-plugins.com\/wp-content\/uploads\/sites\/7\/2018\/03\/woo-themes-plugins-sommerce-shop-theme-woocommerce-sans-limite-theme-versatile-responsive.jpeg\" \/>\n\t<meta property=\"og:image:width\" content=\"590\" \/>\n\t<meta property=\"og:image:height\" content=\"300\" \/>\n\t<meta property=\"og:image:type\" content=\"image\/jpeg\" \/>\n<script type=\"application\/ld+json\" class=\"yoast-schema-graph\">{\"@context\":\"https:\/\/schema.org\",\"@graph\":[{\"@type\":\"WebPage\",\"@id\":\"https:\/\/woo-themes-plugins.com\/es\/producto\/tienda-de-sommerce-tema-de-woocommerce-sin-limite-tema-versatil-y-receptivo\/\",\"url\":\"https:\/\/woo-themes-plugins.com\/es\/producto\/tienda-de-sommerce-tema-de-woocommerce-sin-limite-tema-versatil-y-receptivo\/\",\"name\":\"Tienda de Sommerce - Tema de WooCommerce sin l\u00edmite - Tema vers\u00e1til y receptivo - Woo-themes-plugins.com\",\"isPartOf\":{\"@id\":\"https:\/\/woo-themes-plugins.com\/it\/#website\"},\"primaryImageOfPage\":{\"@id\":\"https:\/\/woo-themes-plugins.com\/es\/producto\/tienda-de-sommerce-tema-de-woocommerce-sin-limite-tema-versatil-y-receptivo\/#primaryimage\"},\"image\":{\"@id\":\"https:\/\/woo-themes-plugins.com\/es\/producto\/tienda-de-sommerce-tema-de-woocommerce-sin-limite-tema-versatil-y-receptivo\/#primaryimage\"},\"thumbnailUrl\":\"https:\/\/woo-themes-plugins.com\/wp-content\/uploads\/sites\/7\/2018\/03\/woo-themes-plugins-sommerce-shop-theme-woocommerce-sans-limite-theme-versatile-responsive.jpeg\",\"datePublished\":\"2018-03-27T07:59:14+00:00\",\"dateModified\":\"2018-03-27T07:59:14+00:00\",\"breadcrumb\":{\"@id\":\"https:\/\/woo-themes-plugins.com\/es\/producto\/tienda-de-sommerce-tema-de-woocommerce-sin-limite-tema-versatil-y-receptivo\/#breadcrumb\"},\"inLanguage\":\"es\",\"potentialAction\":[{\"@type\":\"ReadAction\",\"target\":[\"https:\/\/woo-themes-plugins.com\/es\/producto\/tienda-de-sommerce-tema-de-woocommerce-sin-limite-tema-versatil-y-receptivo\/\"]}]},{\"@type\":\"ImageObject\",\"inLanguage\":\"es\",\"@id\":\"https:\/\/woo-themes-plugins.com\/es\/producto\/tienda-de-sommerce-tema-de-woocommerce-sin-limite-tema-versatil-y-receptivo\/#primaryimage\",\"url\":\"https:\/\/woo-themes-plugins.com\/wp-content\/uploads\/sites\/7\/2018\/03\/woo-themes-plugins-sommerce-shop-theme-woocommerce-sans-limite-theme-versatile-responsive.jpeg\",\"contentUrl\":\"https:\/\/woo-themes-plugins.com\/wp-content\/uploads\/sites\/7\/2018\/03\/woo-themes-plugins-sommerce-shop-theme-woocommerce-sans-limite-theme-versatile-responsive.jpeg\",\"width\":590,\"height\":300},{\"@type\":\"BreadcrumbList\",\"@id\":\"https:\/\/woo-themes-plugins.com\/es\/producto\/tienda-de-sommerce-tema-de-woocommerce-sin-limite-tema-versatil-y-receptivo\/#breadcrumb\",\"itemListElement\":[{\"@type\":\"ListItem\",\"position\":1,\"name\":\"Accueil\",\"item\":\"https:\/\/woo-themes-plugins.com\/fr\/\"},{\"@type\":\"ListItem\",\"position\":2,\"name\":\"Shop\",\"item\":\"https:\/\/woo-themes-plugins.com\/shop\/\"},{\"@type\":\"ListItem\",\"position\":3,\"name\":\"Tienda de Sommerce &#8211; Tema de WooCommerce sin l\u00edmite &#8211; Tema vers\u00e1til y receptivo\"}]},{\"@type\":\"WebSite\",\"@id\":\"https:\/\/woo-themes-plugins.com\/it\/#website\",\"url\":\"https:\/\/woo-themes-plugins.com\/it\/\",\"name\":\"Woo-themes-plugins.com\",\"description\":\"Tous les th\u00e8mes et plugins WooCommerce Premium\",\"potentialAction\":[{\"@type\":\"SearchAction\",\"target\":{\"@type\":\"EntryPoint\",\"urlTemplate\":\"https:\/\/woo-themes-plugins.com\/it\/?s={search_term_string}\"},\"query-input\":\"required name=search_term_string\"}],\"inLanguage\":\"es\"}]}<\/script>\n<!-- \/ Yoast SEO plugin. -->","yoast_head_json":{"title":"Tienda de Sommerce - Tema de WooCommerce sin l\u00edmite - Tema vers\u00e1til y receptivo - Woo-themes-plugins.com","robots":{"index":"index","follow":"follow","max-snippet":"max-snippet:-1","max-image-preview":"max-image-preview:large","max-video-preview":"max-video-preview:-1"},"canonical":"https:\/\/woo-themes-plugins.com\/es\/producto\/tienda-de-sommerce-tema-de-woocommerce-sin-limite-tema-versatil-y-receptivo\/","og_locale":"es_ES","og_type":"article","og_title":"Tienda de Sommerce - Tema de WooCommerce sin l\u00edmite - Tema vers\u00e1til y receptivo - Woo-themes-plugins.com","og_description":"Sommerce Shop es un tema de WooCommerce que aportar\u00e1 un toque de frescura a su sitio de comercio electr\u00f3nico, al tiempo que le ofrece posibilidades de dise\u00f1o casi ilimitadas. Si tambi\u00e9n quieres jugar con los colores, claramente te diviertes. Dise\u00f1o de la p\u00e1gina de inicio utilizando widgets y c\u00f3digos abreviados para la mayor flexibilidad posible, elecci\u00f3n entre una versi\u00f3n con o sin historia de fondo, elecci\u00f3n de m\u00e1s de 60 fondos diferentes ... Un verdadero tema WooCommerce navaja suiza .","og_url":"https:\/\/woo-themes-plugins.com\/es\/producto\/tienda-de-sommerce-tema-de-woocommerce-sin-limite-tema-versatil-y-receptivo\/","og_site_name":"Woo-themes-plugins.com","og_image":[{"width":590,"height":300,"url":"https:\/\/woo-themes-plugins.com\/wp-content\/uploads\/sites\/7\/2018\/03\/woo-themes-plugins-sommerce-shop-theme-woocommerce-sans-limite-theme-versatile-responsive.jpeg","type":"image\/jpeg"}],"schema":{"@context":"https:\/\/schema.org","@graph":[{"@type":"WebPage","@id":"https:\/\/woo-themes-plugins.com\/es\/producto\/tienda-de-sommerce-tema-de-woocommerce-sin-limite-tema-versatil-y-receptivo\/","url":"https:\/\/woo-themes-plugins.com\/es\/producto\/tienda-de-sommerce-tema-de-woocommerce-sin-limite-tema-versatil-y-receptivo\/","name":"Tienda de Sommerce - Tema de WooCommerce sin l\u00edmite - Tema vers\u00e1til y receptivo - Woo-themes-plugins.com","isPartOf":{"@id":"https:\/\/woo-themes-plugins.com\/it\/#website"},"primaryImageOfPage":{"@id":"https:\/\/woo-themes-plugins.com\/es\/producto\/tienda-de-sommerce-tema-de-woocommerce-sin-limite-tema-versatil-y-receptivo\/#primaryimage"},"image":{"@id":"https:\/\/woo-themes-plugins.com\/es\/producto\/tienda-de-sommerce-tema-de-woocommerce-sin-limite-tema-versatil-y-receptivo\/#primaryimage"},"thumbnailUrl":"https:\/\/woo-themes-plugins.com\/wp-content\/uploads\/sites\/7\/2018\/03\/woo-themes-plugins-sommerce-shop-theme-woocommerce-sans-limite-theme-versatile-responsive.jpeg","datePublished":"2018-03-27T07:59:14+00:00","dateModified":"2018-03-27T07:59:14+00:00","breadcrumb":{"@id":"https:\/\/woo-themes-plugins.com\/es\/producto\/tienda-de-sommerce-tema-de-woocommerce-sin-limite-tema-versatil-y-receptivo\/#breadcrumb"},"inLanguage":"es","potentialAction":[{"@type":"ReadAction","target":["https:\/\/woo-themes-plugins.com\/es\/producto\/tienda-de-sommerce-tema-de-woocommerce-sin-limite-tema-versatil-y-receptivo\/"]}]},{"@type":"ImageObject","inLanguage":"es","@id":"https:\/\/woo-themes-plugins.com\/es\/producto\/tienda-de-sommerce-tema-de-woocommerce-sin-limite-tema-versatil-y-receptivo\/#primaryimage","url":"https:\/\/woo-themes-plugins.com\/wp-content\/uploads\/sites\/7\/2018\/03\/woo-themes-plugins-sommerce-shop-theme-woocommerce-sans-limite-theme-versatile-responsive.jpeg","contentUrl":"https:\/\/woo-themes-plugins.com\/wp-content\/uploads\/sites\/7\/2018\/03\/woo-themes-plugins-sommerce-shop-theme-woocommerce-sans-limite-theme-versatile-responsive.jpeg","width":590,"height":300},{"@type":"BreadcrumbList","@id":"https:\/\/woo-themes-plugins.com\/es\/producto\/tienda-de-sommerce-tema-de-woocommerce-sin-limite-tema-versatil-y-receptivo\/#breadcrumb","itemListElement":[{"@type":"ListItem","position":1,"name":"Accueil","item":"https:\/\/woo-themes-plugins.com\/fr\/"},{"@type":"ListItem","position":2,"name":"Shop","item":"https:\/\/woo-themes-plugins.com\/shop\/"},{"@type":"ListItem","position":3,"name":"Tienda de Sommerce &#8211; Tema de WooCommerce sin l\u00edmite &#8211; Tema vers\u00e1til y receptivo"}]},{"@type":"WebSite","@id":"https:\/\/woo-themes-plugins.com\/it\/#website","url":"https:\/\/woo-themes-plugins.com\/it\/","name":"Woo-themes-plugins.com","description":"Tous les th\u00e8mes et plugins WooCommerce Premium","potentialAction":[{"@type":"SearchAction","target":{"@type":"EntryPoint","urlTemplate":"https:\/\/woo-themes-plugins.com\/it\/?s={search_term_string}"},"query-input":"required name=search_term_string"}],"inLanguage":"es"}]}},"_links":{"self":[{"href":"https:\/\/woo-themes-plugins.com\/es\/wp-json\/wp\/v2\/product\/5084","targetHints":{"allow":["GET"]}}],"collection":[{"href":"https:\/\/woo-themes-plugins.com\/es\/wp-json\/wp\/v2\/product"}],"about":[{"href":"https:\/\/woo-themes-plugins.com\/es\/wp-json\/wp\/v2\/types\/product"}],"wp:featuredmedia":[{"embeddable":true,"href":"https:\/\/woo-themes-plugins.com\/es\/wp-json\/wp\/v2\/media\/460"}],"wp:attachment":[{"href":"https:\/\/woo-themes-plugins.com\/es\/wp-json\/wp\/v2\/media?parent=5084"}],"wp:term":[{"taxonomy":"product_cat","embeddable":true,"href":"https:\/\/woo-themes-plugins.com\/es\/wp-json\/wp\/v2\/product_cat?post=5084"},{"taxonomy":"product_tag","embeddable":true,"href":"https:\/\/woo-themes-plugins.com\/es\/wp-json\/wp\/v2\/product_tag?post=5084"}],"curies":[{"name":"wp","href":"https:\/\/api.w.org\/{rel}","templated":true}]}}